{"id":4813,"date":"2024-05-29T17:31:52","date_gmt":"2024-05-29T10:31:52","guid":{"rendered":"https:\/\/biosciences.vn\/?post_type=product&#038;p=4813"},"modified":"2025-08-28T14:55:09","modified_gmt":"2025-08-28T07:55:09","slug":"bo-xet-nghiem-elisa-salbutamol-cho-nuoc-tieu-lon-mo-dong-vat-huyet-thanh-lon-va-thuc-an-chan-nuoi","status":"publish","type":"product","link":"https:\/\/biosciences.vn\/index.php\/product\/bo-xet-nghiem-elisa-salbutamol-cho-nuoc-tieu-lon-mo-dong-vat-huyet-thanh-lon-va-thuc-an-chan-nuoi\/","title":{"rendered":"B\u1ed9 x\u00e9t nghi\u1ec7m ELISA Salbutamol cho n\u01b0\u1edbc ti\u1ec3u l\u1ee3n, m\u00f4 \u0111\u1ed9ng v\u1eadt, huy\u1ebft thanh l\u1ee3n v\u00e0 th\u1ee9c \u0103n ch\u0103n nu\u00f4i (ME31AER)"},"content":{"rendered":"<p><strong>Ph\u1ea1m vi \u1ee9ng d\u1ee5ng<\/strong><\/p>\n<p>Ph\u00e2n t\u00edch \u0111\u1ecbnh t\u00ednh ho\u1eb7c \u0111\u1ecbnh l\u01b0\u1ee3ng Salbutamol trong n\u01b0\u1edbc ti\u1ec3u l\u1ee3n, m\u00f4 \u0111\u1ed9ng v\u1eadt, huy\u1ebft thanh l\u1ee3n, th\u1ee9c \u0103n v\u00e0 c\u00e1c m\u1eabu kh\u00e1c.<\/p>\n<p><strong>Th\u00f4ng tin chung<\/strong><\/p>\n<p>Salbutamol hay c\u00f2n g\u1ecdi l\u00e0 albuterol l\u00e0 thu\u1ed1c ch\u1ee7 v\u1eadn \u03b2, thu\u1ed9c nh\u00f3m h\u1ee3p ch\u1ea5t t\u1ed5ng h\u1ee3p t\u00e1c \u0111\u1ed9ng l\u00ean th\u1ee5 th\u1ec3 ch\u1ee7 v\u1eadn \u03b2-adrenergic n\u1eb1m trong t\u1ea5t c\u1ea3 c\u00e1c m\u00f4 c\u1ee7a c\u01a1 th\u1ec3, bao g\u1ed3m c\u1ea3 c\u01a1 x\u01b0\u01a1ng. Nh\u1eefng t\u00e1c \u0111\u1ed9ng t\u00edch c\u1ef1c c\u1ee7a ch\u1ea5t ch\u1ee7 v\u1eadn \u03b2 nh\u01b0 m\u1ed9t ch\u1ea5t ph\u1ee5 gia th\u1ee9c \u0103n \u1edf v\u1eadt nu\u00f4i trong trang tr\u1ea1i, bao g\u1ed3m c\u1ea3 th\u1ee9c \u0103n c\u1ea3i ti\u1ebfn hi\u1ec7u qu\u1ea3, t\u0103ng t\u1ed1c \u0111\u1ed9 t\u0103ng tr\u01b0\u1edfng, thay \u0111\u1ed5i s\u1ef1 t\u00edch t\u1ee5 m\u1ee1, t\u0103ng kh\u1ed1i l\u01b0\u1ee3ng c\u01a1 b\u1eafp \u1edf \u0111\u1ed9ng v\u1eadt l\u1ea5y th\u1ecbt. V\u00e0o \u0111\u1ea7u nh\u1eefng n\u0103m ch\u00edn m\u01b0\u01a1i, sau b\u00f9ng ph\u00e1t ng\u1ed9 \u0111\u1ed9c do ti\u00eau th\u1ee5 gan c\u1ee7a gia s\u00fac \u0111\u01b0\u1ee3c \u0111i\u1ec1u tr\u1ecb b\u1eb1ng ch\u1ea5t ch\u1ee7 v\u1eadn \u03b2, salbutamol b\u1ecb c\u1ea5m s\u1eed d\u1ee5ng l\u00e0m th\u1ef1c ph\u1ea9m cho \u0111\u1ed9ng v\u1eadt b\u1edfi Li\u00ean minh ch\u00e2u \u00c2u.<\/p>\n<p><strong>Nguy\u00ean t\u1eafc s\u1eed d\u1ee5ng<\/strong><\/p>\n<p>Salbutamol ELISA Kit l\u00e0 m\u1ed9t x\u00e9t nghi\u1ec7m mi\u1ec5n d\u1ecbch c\u00f3 nh\u00e3n enzyme c\u1ea1nh tranh gi\u00e1n ti\u1ebfp. Kh\u00e1ng nguy\u00ean Salbutamol \u0111\u01b0\u1ee3c ph\u1ee7 tr\u01b0\u1edbc tr\u00ean gi\u1ebfng. L\u1edbp ph\u1ee7 tr\u01b0\u1edbc kh\u00e1ng nguy\u00ean c\u1ea1nh tranh kh\u00e1ng th\u1ec3 Salbutamol (Dung d\u1ecbch kh\u00e1ng th\u1ec3) v\u1edbi Salbutamol trong m\u1eabu, kh\u00e1ng th\u1ec3 Salbutamol li\u00ean k\u1ebft v\u1edbi Enzyme Salbutamol Li\u00ean h\u1ee3p. Sau khi ch\u1ea5t n\u1ec1n TMB ph\u00e1t tri\u1ec3n m\u00e0u, gi\u00e1 tr\u1ecb \u0111\u1ed9 h\u1ea5p th\u1ee5 c\u1ee7a m\u1eabu c\u00f3 t\u01b0\u01a1ng quan ngh\u1ecbch v\u1edbi Salbutamol c\u00f3 trong trong \u0111\u00f3. So v\u1edbi \u0111\u01b0\u1eddng chu\u1ea9n v\u00e0 nh\u00e2n v\u1edbi h\u1ec7 s\u1ed1 pha lo\u00e3ng t\u01b0\u01a1ng \u1ee9ng, h\u00e0m l\u01b0\u1ee3ng Salbutamol trong m\u1eabu c\u00f3 th\u1ec3 l\u00e0 t\u00ednh to\u00e1n.<\/p>\n","protected":false},"excerpt":{"rendered":"<p>Ph\u1ea1m vi \u1ee9ng d\u1ee5ng Ph\u00e2n t\u00edch \u0111\u1ecbnh t\u00ednh ho\u1eb7c \u0111\u1ecbnh l\u01b0\u1ee3ng Salbutamol trong n\u01b0\u1edbc ti\u1ec3u l\u1ee3n, m\u00f4 \u0111\u1ed9ng v\u1eadt, huy\u1ebft thanh l\u1ee3n, th\u1ee9c \u0103n v\u00e0 c\u00e1c m\u1eabu kh\u00e1c. Th\u00f4ng tin chung Salbutamol hay c\u00f2n g\u1ecdi l\u00e0 albuterol l\u00e0 thu\u1ed1c ch\u1ee7 v\u1eadn \u03b2, thu\u1ed9c nh\u00f3m h\u1ee3p ch\u1ea5t t\u1ed5ng h\u1ee3p t\u00e1c \u0111\u1ed9ng l\u00ean th\u1ee5 th\u1ec3 ch\u1ee7 v\u1eadn [&hellip;]<\/p>\n","protected":false},"featured_media":4814,"comment_status":"open","ping_status":"closed","template":"","meta":[],"pwb-brand":[606],"product_cat":[568,588,582,554,537],"product_tag":[],"class_list":{"0":"post-4813","1":"product","2":"type-product","3":"status-publish","4":"has-post-thumbnail","6":"pwb-brand-meizheng-bio-tech-vi","7":"product_cat-an-toan-thuc-pham","8":"product_cat-kiem-tra-thit-vi","9":"product_cat-thuc-an-chan-nuoi-vi","10":"product_cat-chat-dinh-duong","11":"product_cat-kit-phat-hien","13":"first","14":"instock","15":"shipping-taxable","16":"purchasable","17":"product-type-simple"},"yoast_head":"<!-- This site is optimized with the Yoast SEO plugin v23.6 - https:\/\/yoast.com\/wordpress\/plugins\/seo\/ -->\n<title>B\u1ed9 x\u00e9t nghi\u1ec7m ELISA Salbutamol cho n\u01b0\u1edbc ti\u1ec3u l\u1ee3n, m\u00f4 \u0111\u1ed9ng v\u1eadt, huy\u1ebft thanh l\u1ee3n v\u00e0 th\u1ee9c \u0103n ch\u0103n nu\u00f4i (ME31AER) - Biosciences<\/title>\n<meta name=\"robots\" content=\"index, follow, max-snippet:-1, max-image-preview:large, max-video-preview:-1\" \/>\n<link rel=\"canonical\" href=\"https:\/\/biosciences.vn\/index.php\/product\/bo-xet-nghiem-elisa-salbutamol-cho-nuoc-tieu-lon-mo-dong-vat-huyet-thanh-lon-va-thuc-an-chan-nuoi\/\" \/>\n<meta property=\"og:locale\" content=\"en_US\" \/>\n<meta property=\"og:type\" content=\"article\" \/>\n<meta property=\"og:title\" content=\"B\u1ed9 x\u00e9t nghi\u1ec7m ELISA Salbutamol cho n\u01b0\u1edbc ti\u1ec3u l\u1ee3n, m\u00f4 \u0111\u1ed9ng v\u1eadt, huy\u1ebft thanh l\u1ee3n v\u00e0 th\u1ee9c \u0103n ch\u0103n nu\u00f4i (ME31AER) - Biosciences\" \/>\n<meta property=\"og:description\" content=\"Ph\u1ea1m vi \u1ee9ng d\u1ee5ng Ph\u00e2n t\u00edch \u0111\u1ecbnh t\u00ednh ho\u1eb7c \u0111\u1ecbnh l\u01b0\u1ee3ng Salbutamol trong n\u01b0\u1edbc ti\u1ec3u l\u1ee3n, m\u00f4 \u0111\u1ed9ng v\u1eadt, huy\u1ebft thanh l\u1ee3n, th\u1ee9c \u0103n v\u00e0 c\u00e1c m\u1eabu kh\u00e1c. Th\u00f4ng tin chung Salbutamol hay c\u00f2n g\u1ecdi l\u00e0 albuterol l\u00e0 thu\u1ed1c ch\u1ee7 v\u1eadn \u03b2, thu\u1ed9c nh\u00f3m h\u1ee3p ch\u1ea5t t\u1ed5ng h\u1ee3p t\u00e1c \u0111\u1ed9ng l\u00ean th\u1ee5 th\u1ec3 ch\u1ee7 v\u1eadn [&hellip;]\" \/>\n<meta property=\"og:url\" content=\"https:\/\/biosciences.vn\/index.php\/product\/bo-xet-nghiem-elisa-salbutamol-cho-nuoc-tieu-lon-mo-dong-vat-huyet-thanh-lon-va-thuc-an-chan-nuoi\/\" \/>\n<meta property=\"og:site_name\" content=\"Biosciences\" \/>\n<meta property=\"article:modified_time\" content=\"2025-08-28T07:55:09+00:00\" \/>\n<meta property=\"og:image\" content=\"https:\/\/biosciences.vn\/wp-content\/uploads\/2024\/05\/ELISA-Test-Kits-1.png\" \/>\n\t<meta property=\"og:image:width\" content=\"1200\" \/>\n\t<meta property=\"og:image:height\" content=\"1200\" \/>\n\t<meta property=\"og:image:type\" content=\"image\/png\" \/>\n<meta name=\"twitter:card\" content=\"summary_large_image\" \/>\n<meta name=\"twitter:label1\" content=\"Est. reading time\" \/>\n\t<meta name=\"twitter:data1\" content=\"2 minutes\" \/>\n<script type=\"application\/ld+json\" class=\"yoast-schema-graph\">{\"@context\":\"https:\/\/schema.org\",\"@graph\":[{\"@type\":\"WebPage\",\"@id\":\"https:\/\/biosciences.vn\/index.php\/product\/bo-xet-nghiem-elisa-salbutamol-cho-nuoc-tieu-lon-mo-dong-vat-huyet-thanh-lon-va-thuc-an-chan-nuoi\/\",\"url\":\"https:\/\/biosciences.vn\/index.php\/product\/bo-xet-nghiem-elisa-salbutamol-cho-nuoc-tieu-lon-mo-dong-vat-huyet-thanh-lon-va-thuc-an-chan-nuoi\/\",\"name\":\"B\u1ed9 x\u00e9t nghi\u1ec7m ELISA Salbutamol cho n\u01b0\u1edbc ti\u1ec3u l\u1ee3n, m\u00f4 \u0111\u1ed9ng v\u1eadt, huy\u1ebft thanh l\u1ee3n v\u00e0 th\u1ee9c \u0103n ch\u0103n nu\u00f4i (ME31AER) - Biosciences\",\"isPartOf\":{\"@id\":\"https:\/\/biosciences.vn\/#website\"},\"primaryImageOfPage\":{\"@id\":\"https:\/\/biosciences.vn\/index.php\/product\/bo-xet-nghiem-elisa-salbutamol-cho-nuoc-tieu-lon-mo-dong-vat-huyet-thanh-lon-va-thuc-an-chan-nuoi\/#primaryimage\"},\"image\":{\"@id\":\"https:\/\/biosciences.vn\/index.php\/product\/bo-xet-nghiem-elisa-salbutamol-cho-nuoc-tieu-lon-mo-dong-vat-huyet-thanh-lon-va-thuc-an-chan-nuoi\/#primaryimage\"},\"thumbnailUrl\":\"https:\/\/biosciences.vn\/wp-content\/uploads\/2024\/05\/ELISA-Test-Kits-1.png\",\"datePublished\":\"2024-05-29T10:31:52+00:00\",\"dateModified\":\"2025-08-28T07:55:09+00:00\",\"breadcrumb\":{\"@id\":\"https:\/\/biosciences.vn\/index.php\/product\/bo-xet-nghiem-elisa-salbutamol-cho-nuoc-tieu-lon-mo-dong-vat-huyet-thanh-lon-va-thuc-an-chan-nuoi\/#breadcrumb\"},\"inLanguage\":\"en-US\",\"potentialAction\":[{\"@type\":\"ReadAction\",\"target\":[\"https:\/\/biosciences.vn\/index.php\/product\/bo-xet-nghiem-elisa-salbutamol-cho-nuoc-tieu-lon-mo-dong-vat-huyet-thanh-lon-va-thuc-an-chan-nuoi\/\"]}]},{\"@type\":\"ImageObject\",\"inLanguage\":\"en-US\",\"@id\":\"https:\/\/biosciences.vn\/index.php\/product\/bo-xet-nghiem-elisa-salbutamol-cho-nuoc-tieu-lon-mo-dong-vat-huyet-thanh-lon-va-thuc-an-chan-nuoi\/#primaryimage\",\"url\":\"https:\/\/biosciences.vn\/wp-content\/uploads\/2024\/05\/ELISA-Test-Kits-1.png\",\"contentUrl\":\"https:\/\/biosciences.vn\/wp-content\/uploads\/2024\/05\/ELISA-Test-Kits-1.png\",\"width\":1200,\"height\":1200},{\"@type\":\"BreadcrumbList\",\"@id\":\"https:\/\/biosciences.vn\/index.php\/product\/bo-xet-nghiem-elisa-salbutamol-cho-nuoc-tieu-lon-mo-dong-vat-huyet-thanh-lon-va-thuc-an-chan-nuoi\/#breadcrumb\",\"itemListElement\":[{\"@type\":\"ListItem\",\"position\":1,\"name\":\"Trang ch\u1ee7\",\"item\":\"https:\/\/biosciences.vn\/index.php\/en\/home\/\"},{\"@type\":\"ListItem\",\"position\":2,\"name\":\"Shop\",\"item\":\"https:\/\/biosciences.vn\/index.php\/shop\/\"},{\"@type\":\"ListItem\",\"position\":3,\"name\":\"B\u1ed9 x\u00e9t nghi\u1ec7m ELISA Salbutamol cho n\u01b0\u1edbc ti\u1ec3u l\u1ee3n, m\u00f4 \u0111\u1ed9ng v\u1eadt, huy\u1ebft thanh l\u1ee3n v\u00e0 th\u1ee9c \u0103n ch\u0103n nu\u00f4i (ME31AER)\"}]},{\"@type\":\"WebSite\",\"@id\":\"https:\/\/biosciences.vn\/#website\",\"url\":\"https:\/\/biosciences.vn\/\",\"name\":\"Biosciences\",\"description\":\"\",\"publisher\":{\"@id\":\"https:\/\/biosciences.vn\/#organization\"},\"potentialAction\":[{\"@type\":\"SearchAction\",\"target\":{\"@type\":\"EntryPoint\",\"urlTemplate\":\"https:\/\/biosciences.vn\/?s={search_term_string}\"},\"query-input\":{\"@type\":\"PropertyValueSpecification\",\"valueRequired\":true,\"valueName\":\"search_term_string\"}}],\"inLanguage\":\"en-US\"},{\"@type\":\"Organization\",\"@id\":\"https:\/\/biosciences.vn\/#organization\",\"name\":\"Biosciences\",\"url\":\"https:\/\/biosciences.vn\/\",\"logo\":{\"@type\":\"ImageObject\",\"inLanguage\":\"en-US\",\"@id\":\"https:\/\/biosciences.vn\/#\/schema\/logo\/image\/\",\"url\":\"https:\/\/biosciences.vn\/wp-content\/uploads\/2024\/04\/LOGO-BIOSCIENCES-PNG.png\",\"contentUrl\":\"https:\/\/biosciences.vn\/wp-content\/uploads\/2024\/04\/LOGO-BIOSCIENCES-PNG.png\",\"width\":2536,\"height\":638,\"caption\":\"Biosciences\"},\"image\":{\"@id\":\"https:\/\/biosciences.vn\/#\/schema\/logo\/image\/\"}}]}<\/script>\n<!-- \/ Yoast SEO plugin. -->","yoast_head_json":{"title":"B\u1ed9 x\u00e9t nghi\u1ec7m ELISA Salbutamol cho n\u01b0\u1edbc ti\u1ec3u l\u1ee3n, m\u00f4 \u0111\u1ed9ng v\u1eadt, huy\u1ebft thanh l\u1ee3n v\u00e0 th\u1ee9c \u0103n ch\u0103n nu\u00f4i (ME31AER) - Biosciences","robots":{"index":"index","follow":"follow","max-snippet":"max-snippet:-1","max-image-preview":"max-image-preview:large","max-video-preview":"max-video-preview:-1"},"canonical":"https:\/\/biosciences.vn\/index.php\/product\/bo-xet-nghiem-elisa-salbutamol-cho-nuoc-tieu-lon-mo-dong-vat-huyet-thanh-lon-va-thuc-an-chan-nuoi\/","og_locale":"en_US","og_type":"article","og_title":"B\u1ed9 x\u00e9t nghi\u1ec7m ELISA Salbutamol cho n\u01b0\u1edbc ti\u1ec3u l\u1ee3n, m\u00f4 \u0111\u1ed9ng v\u1eadt, huy\u1ebft thanh l\u1ee3n v\u00e0 th\u1ee9c \u0103n ch\u0103n nu\u00f4i (ME31AER) - Biosciences","og_description":"Ph\u1ea1m vi \u1ee9ng d\u1ee5ng Ph\u00e2n t\u00edch \u0111\u1ecbnh t\u00ednh ho\u1eb7c \u0111\u1ecbnh l\u01b0\u1ee3ng Salbutamol trong n\u01b0\u1edbc ti\u1ec3u l\u1ee3n, m\u00f4 \u0111\u1ed9ng v\u1eadt, huy\u1ebft thanh l\u1ee3n, th\u1ee9c \u0103n v\u00e0 c\u00e1c m\u1eabu kh\u00e1c. Th\u00f4ng tin chung Salbutamol hay c\u00f2n g\u1ecdi l\u00e0 albuterol l\u00e0 thu\u1ed1c ch\u1ee7 v\u1eadn \u03b2, thu\u1ed9c nh\u00f3m h\u1ee3p ch\u1ea5t t\u1ed5ng h\u1ee3p t\u00e1c \u0111\u1ed9ng l\u00ean th\u1ee5 th\u1ec3 ch\u1ee7 v\u1eadn [&hellip;]","og_url":"https:\/\/biosciences.vn\/index.php\/product\/bo-xet-nghiem-elisa-salbutamol-cho-nuoc-tieu-lon-mo-dong-vat-huyet-thanh-lon-va-thuc-an-chan-nuoi\/","og_site_name":"Biosciences","article_modified_time":"2025-08-28T07:55:09+00:00","og_image":[{"width":1200,"height":1200,"url":"https:\/\/biosciences.vn\/wp-content\/uploads\/2024\/05\/ELISA-Test-Kits-1.png","type":"image\/png"}],"twitter_card":"summary_large_image","twitter_misc":{"Est. reading time":"2 minutes"},"schema":{"@context":"https:\/\/schema.org","@graph":[{"@type":"WebPage","@id":"https:\/\/biosciences.vn\/index.php\/product\/bo-xet-nghiem-elisa-salbutamol-cho-nuoc-tieu-lon-mo-dong-vat-huyet-thanh-lon-va-thuc-an-chan-nuoi\/","url":"https:\/\/biosciences.vn\/index.php\/product\/bo-xet-nghiem-elisa-salbutamol-cho-nuoc-tieu-lon-mo-dong-vat-huyet-thanh-lon-va-thuc-an-chan-nuoi\/","name":"B\u1ed9 x\u00e9t nghi\u1ec7m ELISA Salbutamol cho n\u01b0\u1edbc ti\u1ec3u l\u1ee3n, m\u00f4 \u0111\u1ed9ng v\u1eadt, huy\u1ebft thanh l\u1ee3n v\u00e0 th\u1ee9c \u0103n ch\u0103n nu\u00f4i (ME31AER) - Biosciences","isPartOf":{"@id":"https:\/\/biosciences.vn\/#website"},"primaryImageOfPage":{"@id":"https:\/\/biosciences.vn\/index.php\/product\/bo-xet-nghiem-elisa-salbutamol-cho-nuoc-tieu-lon-mo-dong-vat-huyet-thanh-lon-va-thuc-an-chan-nuoi\/#primaryimage"},"image":{"@id":"https:\/\/biosciences.vn\/index.php\/product\/bo-xet-nghiem-elisa-salbutamol-cho-nuoc-tieu-lon-mo-dong-vat-huyet-thanh-lon-va-thuc-an-chan-nuoi\/#primaryimage"},"thumbnailUrl":"https:\/\/biosciences.vn\/wp-content\/uploads\/2024\/05\/ELISA-Test-Kits-1.png","datePublished":"2024-05-29T10:31:52+00:00","dateModified":"2025-08-28T07:55:09+00:00","breadcrumb":{"@id":"https:\/\/biosciences.vn\/index.php\/product\/bo-xet-nghiem-elisa-salbutamol-cho-nuoc-tieu-lon-mo-dong-vat-huyet-thanh-lon-va-thuc-an-chan-nuoi\/#breadcrumb"},"inLanguage":"en-US","potentialAction":[{"@type":"ReadAction","target":["https:\/\/biosciences.vn\/index.php\/product\/bo-xet-nghiem-elisa-salbutamol-cho-nuoc-tieu-lon-mo-dong-vat-huyet-thanh-lon-va-thuc-an-chan-nuoi\/"]}]},{"@type":"ImageObject","inLanguage":"en-US","@id":"https:\/\/biosciences.vn\/index.php\/product\/bo-xet-nghiem-elisa-salbutamol-cho-nuoc-tieu-lon-mo-dong-vat-huyet-thanh-lon-va-thuc-an-chan-nuoi\/#primaryimage","url":"https:\/\/biosciences.vn\/wp-content\/uploads\/2024\/05\/ELISA-Test-Kits-1.png","contentUrl":"https:\/\/biosciences.vn\/wp-content\/uploads\/2024\/05\/ELISA-Test-Kits-1.png","width":1200,"height":1200},{"@type":"BreadcrumbList","@id":"https:\/\/biosciences.vn\/index.php\/product\/bo-xet-nghiem-elisa-salbutamol-cho-nuoc-tieu-lon-mo-dong-vat-huyet-thanh-lon-va-thuc-an-chan-nuoi\/#breadcrumb","itemListElement":[{"@type":"ListItem","position":1,"name":"Trang ch\u1ee7","item":"https:\/\/biosciences.vn\/index.php\/en\/home\/"},{"@type":"ListItem","position":2,"name":"Shop","item":"https:\/\/biosciences.vn\/index.php\/shop\/"},{"@type":"ListItem","position":3,"name":"B\u1ed9 x\u00e9t nghi\u1ec7m ELISA Salbutamol cho n\u01b0\u1edbc ti\u1ec3u l\u1ee3n, m\u00f4 \u0111\u1ed9ng v\u1eadt, huy\u1ebft thanh l\u1ee3n v\u00e0 th\u1ee9c \u0103n ch\u0103n nu\u00f4i (ME31AER)"}]},{"@type":"WebSite","@id":"https:\/\/biosciences.vn\/#website","url":"https:\/\/biosciences.vn\/","name":"Biosciences","description":"","publisher":{"@id":"https:\/\/biosciences.vn\/#organization"},"potentialAction":[{"@type":"SearchAction","target":{"@type":"EntryPoint","urlTemplate":"https:\/\/biosciences.vn\/?s={search_term_string}"},"query-input":{"@type":"PropertyValueSpecification","valueRequired":true,"valueName":"search_term_string"}}],"inLanguage":"en-US"},{"@type":"Organization","@id":"https:\/\/biosciences.vn\/#organization","name":"Biosciences","url":"https:\/\/biosciences.vn\/","logo":{"@type":"ImageObject","inLanguage":"en-US","@id":"https:\/\/biosciences.vn\/#\/schema\/logo\/image\/","url":"https:\/\/biosciences.vn\/wp-content\/uploads\/2024\/04\/LOGO-BIOSCIENCES-PNG.png","contentUrl":"https:\/\/biosciences.vn\/wp-content\/uploads\/2024\/04\/LOGO-BIOSCIENCES-PNG.png","width":2536,"height":638,"caption":"Biosciences"},"image":{"@id":"https:\/\/biosciences.vn\/#\/schema\/logo\/image\/"}}]}},"brands":[{"id":606,"name":"Meizheng Bio-Tech","slug":"meizheng-bio-tech-vi"}],"_links":{"self":[{"href":"https:\/\/biosciences.vn\/index.php\/wp-json\/wp\/v2\/product\/4813"}],"collection":[{"href":"https:\/\/biosciences.vn\/index.php\/wp-json\/wp\/v2\/product"}],"about":[{"href":"https:\/\/biosciences.vn\/index.php\/wp-json\/wp\/v2\/types\/product"}],"replies":[{"embeddable":true,"href":"https:\/\/biosciences.vn\/index.php\/wp-json\/wp\/v2\/comments?post=4813"}],"wp:featuredmedia":[{"embeddable":true,"href":"https:\/\/biosciences.vn\/index.php\/wp-json\/wp\/v2\/media\/4814"}],"wp:attachment":[{"href":"https:\/\/biosciences.vn\/index.php\/wp-json\/wp\/v2\/media?parent=4813"}],"wp:term":[{"taxonomy":"pwb-brand","embeddable":true,"href":"https:\/\/biosciences.vn\/index.php\/wp-json\/wp\/v2\/pwb-brand?post=4813"},{"taxonomy":"product_cat","embeddable":true,"href":"https:\/\/biosciences.vn\/index.php\/wp-json\/wp\/v2\/product_cat?post=4813"},{"taxonomy":"product_tag","embeddable":true,"href":"https:\/\/biosciences.vn\/index.php\/wp-json\/wp\/v2\/product_tag?post=4813"}],"curies":[{"name":"wp","href":"https:\/\/api.w.org\/{rel}","templated":true}]}}