{"id":5376,"date":"2024-06-15T18:15:42","date_gmt":"2024-06-15T11:15:42","guid":{"rendered":"https:\/\/biosciences.vn\/?post_type=product&#038;p=5376"},"modified":"2025-08-28T14:55:09","modified_gmt":"2025-08-28T07:55:09","slug":"chung-virus-dau-mua-khi-tai-to-hop-1-x-1ml","status":"publish","type":"product","link":"https:\/\/biosciences.vn\/index.php\/product\/chung-virus-dau-mua-khi-tai-to-hop-1-x-1ml\/","title":{"rendered":"Ch\u1ee7ng Virus \u0110\u1eadu M\u00f9a Kh\u1ec9 T\u00e1i T\u1ed5 H\u1ee3p (1 x 1mL) (831137)"},"content":{"rendered":"<p>S\u1ea3n ph\u1ea9m n\u00e0y nh\u1eb1m h\u1ed7 tr\u1ee3 c\u00e1c ph\u00f2ng th\u00ed nghi\u1ec7m trong vi\u1ec7c \u0111\u00e1nh gi\u00e1 c\u00e1c x\u00e9t nghi\u1ec7m axit nucleic \u0111\u01b0\u1ee3c thi\u1ebft k\u1ebf \u0111\u1ec3 ph\u00e1t hi\u1ec7n c\u00e1c ph\u1ea7n nh\u1ea5t \u0111\u1ecbnh c\u1ee7a b\u1ed9 gen virus \u0111\u1eadu m\u00f9a kh\u1ec9. Ch\u1ee7ng virus \u0111\u1eadu m\u00f9a kh\u1ec9 cung c\u1ea5p cho c\u00e1c ph\u00f2ng th\u00ed nghi\u1ec7m m\u1ed9t ki\u1ec3m so\u00e1t \u0111\u00e1ng tin c\u1eady cho th\u1eed nghi\u1ec7m PCR. \u0110\u00e2y l\u00e0 ki\u1ec3m so\u00e1t ph\u00e2n t\u1eed s\u1eb5n s\u00e0ng s\u1eed d\u1ee5ng v\u00e0 to\u00e0n di\u1ec7n cho virus \u0111\u1eadu m\u00f9a kh\u1ec9.<\/p>\n<p>Ch\u1ee7ng virus \u0111\u1eadu m\u00f9a kh\u1ec9 t\u00e1i t\u1ed5 h\u1ee3p \u0111\u01b0\u1ee3c t\u1ea1o th\u00e0nh t\u1eeb c\u00e1c t\u1ebf b\u00e0o vi khu\u1ea9n nguy\u00ean v\u1eb9n \u0111\u00e3 \u0111\u01b0\u1ee3c tinh ch\u1ebf, ch\u1ee9a tr\u00ecnh t\u1ef1 virus \u0111\u1eadu m\u00f9a kh\u1ec9 nh\u00e2n t\u1ea1o v\u1edbi n\u1ed3ng \u0111\u1ed9 m\u1ee5c ti\u00eau 1,000,000 cp\/mL. Tr\u00ecnh t\u1ef1 n\u00e0y bao g\u1ed3m c\u00e1c ph\u1ea7n c\u1ee7a c\u00e1c v\u00f9ng gen E9L, G2R, B2R v\u00e0 C3L, v\u00e0 c\u00e1c t\u1ebf b\u00e0o \u0111\u00e3 \u0111\u01b0\u1ee3c bi\u1ebfn \u0111\u1ed5i h\u00f3a h\u1ecdc \u0111\u1ec3 kh\u00f4ng l\u00e2y nhi\u1ec5m v\u00e0 \u1ed5n \u0111\u1ecbnh trong t\u1ee7 l\u1ea1nh.<\/p>\n<ul>\n<li>C\u00e1c sinh v\u1eadt \u0111\u01b0\u1ee3c bi\u1ebfn \u0111\u1ed5i h\u00f3a h\u1ecdc \u0111\u1ec3 tr\u1edf n\u00ean kh\u00f4ng l\u00e2y nhi\u1ec5m<\/li>\n<li>\u1ed4n \u0111\u1ecbnh trong t\u1ee7 l\u1ea1nh &#8211; b\u1ea3o qu\u1ea3n \u1edf nhi\u1ec7t \u0111\u1ed9 t\u1eeb 2 \u0111\u1ebfn 8\u00b0C<\/li>\n<li>L\u1ecd 1.0 mL<\/li>\n<\/ul>\n<p>N\u1ebfu c\u00f3 b\u1ea5t k\u1ef3 c\u00e2u h\u1ecfi n\u00e0o v\u1ec1 s\u1ea3n ph\u1ea9m Ch\u1ee7ng Virus \u0110\u1eadu M\u00f9a Kh\u1ec9 T\u00e1i T\u1ed5 H\u1ee3p (1 x 1mL), vui l\u00f2ng li\u00ean h\u1ec7 v\u1edbi \u0111\u1ed9i ng\u0169 c\u1ee7a ch\u00fang t\u00f4i.<\/p>\n<p><a href=\"https:\/\/www.zeptometrix.com\/media\/documents\/PI0831137.pdf\">Download Document<\/a><\/p>\n","protected":false},"excerpt":{"rendered":"<p>S\u1ea3n ph\u1ea9m n\u00e0y nh\u1eb1m h\u1ed7 tr\u1ee3 c\u00e1c ph\u00f2ng th\u00ed nghi\u1ec7m trong vi\u1ec7c \u0111\u00e1nh gi\u00e1 c\u00e1c x\u00e9t nghi\u1ec7m axit nucleic \u0111\u01b0\u1ee3c thi\u1ebft k\u1ebf \u0111\u1ec3 ph\u00e1t hi\u1ec7n c\u00e1c ph\u1ea7n nh\u1ea5t \u0111\u1ecbnh c\u1ee7a b\u1ed9 gen virus \u0111\u1eadu m\u00f9a kh\u1ec9. Ch\u1ee7ng virus \u0111\u1eadu m\u00f9a kh\u1ec9 cung c\u1ea5p cho c\u00e1c ph\u00f2ng th\u00ed nghi\u1ec7m m\u1ed9t ki\u1ec3m so\u00e1t \u0111\u00e1ng tin c\u1eady cho [&hellip;]<\/p>\n","protected":false},"featured_media":5377,"comment_status":"open","ping_status":"closed","template":"","meta":[],"pwb-brand":[650],"product_cat":[437,507],"product_tag":[673],"class_list":{"0":"post-5376","1":"product","2":"type-product","3":"status-publish","4":"has-post-thumbnail","6":"pwb-brand-zeptometrix-vi","7":"product_cat-chan-doan-lam-sang","8":"product_cat-benh-dau-mua-khi","9":"product_tag-monkeypox-virus","11":"first","12":"instock","13":"shipping-taxable","14":"purchasable","15":"product-type-simple"},"yoast_head":"<!-- This site is optimized with the Yoast SEO plugin v23.6 - https:\/\/yoast.com\/wordpress\/plugins\/seo\/ -->\n<title>Ch\u1ee7ng Virus \u0110\u1eadu M\u00f9a Kh\u1ec9 T\u00e1i T\u1ed5 H\u1ee3p (1 x 1mL) (831137) - Biosciences<\/title>\n<meta name=\"robots\" content=\"index, follow, max-snippet:-1, max-image-preview:large, max-video-preview:-1\" \/>\n<link rel=\"canonical\" href=\"https:\/\/biosciences.vn\/index.php\/product\/chung-virus-dau-mua-khi-tai-to-hop-1-x-1ml\/\" \/>\n<meta property=\"og:locale\" content=\"en_US\" \/>\n<meta property=\"og:type\" content=\"article\" \/>\n<meta property=\"og:title\" content=\"Ch\u1ee7ng Virus \u0110\u1eadu M\u00f9a Kh\u1ec9 T\u00e1i T\u1ed5 H\u1ee3p (1 x 1mL) (831137) - Biosciences\" \/>\n<meta property=\"og:description\" content=\"S\u1ea3n ph\u1ea9m n\u00e0y nh\u1eb1m h\u1ed7 tr\u1ee3 c\u00e1c ph\u00f2ng th\u00ed nghi\u1ec7m trong vi\u1ec7c \u0111\u00e1nh gi\u00e1 c\u00e1c x\u00e9t nghi\u1ec7m axit nucleic \u0111\u01b0\u1ee3c thi\u1ebft k\u1ebf \u0111\u1ec3 ph\u00e1t hi\u1ec7n c\u00e1c ph\u1ea7n nh\u1ea5t \u0111\u1ecbnh c\u1ee7a b\u1ed9 gen virus \u0111\u1eadu m\u00f9a kh\u1ec9. Ch\u1ee7ng virus \u0111\u1eadu m\u00f9a kh\u1ec9 cung c\u1ea5p cho c\u00e1c ph\u00f2ng th\u00ed nghi\u1ec7m m\u1ed9t ki\u1ec3m so\u00e1t \u0111\u00e1ng tin c\u1eady cho [&hellip;]\" \/>\n<meta property=\"og:url\" content=\"https:\/\/biosciences.vn\/index.php\/product\/chung-virus-dau-mua-khi-tai-to-hop-1-x-1ml\/\" \/>\n<meta property=\"og:site_name\" content=\"Biosciences\" \/>\n<meta property=\"article:modified_time\" content=\"2025-08-28T07:55:09+00:00\" \/>\n<meta property=\"og:image\" content=\"https:\/\/biosciences.vn\/wp-content\/uploads\/2024\/06\/Monkeypox-Virus.jpeg\" \/>\n\t<meta property=\"og:image:width\" content=\"580\" \/>\n\t<meta property=\"og:image:height\" content=\"580\" \/>\n\t<meta property=\"og:image:type\" content=\"image\/jpeg\" \/>\n<meta name=\"twitter:card\" content=\"summary_large_image\" \/>\n<meta name=\"twitter:label1\" content=\"Est. reading time\" \/>\n\t<meta name=\"twitter:data1\" content=\"2 minutes\" \/>\n<script type=\"application\/ld+json\" class=\"yoast-schema-graph\">{\"@context\":\"https:\/\/schema.org\",\"@graph\":[{\"@type\":\"WebPage\",\"@id\":\"https:\/\/biosciences.vn\/index.php\/product\/chung-virus-dau-mua-khi-tai-to-hop-1-x-1ml\/\",\"url\":\"https:\/\/biosciences.vn\/index.php\/product\/chung-virus-dau-mua-khi-tai-to-hop-1-x-1ml\/\",\"name\":\"Ch\u1ee7ng Virus \u0110\u1eadu M\u00f9a Kh\u1ec9 T\u00e1i T\u1ed5 H\u1ee3p (1 x 1mL) (831137) - Biosciences\",\"isPartOf\":{\"@id\":\"https:\/\/biosciences.vn\/#website\"},\"primaryImageOfPage\":{\"@id\":\"https:\/\/biosciences.vn\/index.php\/product\/chung-virus-dau-mua-khi-tai-to-hop-1-x-1ml\/#primaryimage\"},\"image\":{\"@id\":\"https:\/\/biosciences.vn\/index.php\/product\/chung-virus-dau-mua-khi-tai-to-hop-1-x-1ml\/#primaryimage\"},\"thumbnailUrl\":\"https:\/\/biosciences.vn\/wp-content\/uploads\/2024\/06\/Monkeypox-Virus.jpeg\",\"datePublished\":\"2024-06-15T11:15:42+00:00\",\"dateModified\":\"2025-08-28T07:55:09+00:00\",\"breadcrumb\":{\"@id\":\"https:\/\/biosciences.vn\/index.php\/product\/chung-virus-dau-mua-khi-tai-to-hop-1-x-1ml\/#breadcrumb\"},\"inLanguage\":\"en-US\",\"potentialAction\":[{\"@type\":\"ReadAction\",\"target\":[\"https:\/\/biosciences.vn\/index.php\/product\/chung-virus-dau-mua-khi-tai-to-hop-1-x-1ml\/\"]}]},{\"@type\":\"ImageObject\",\"inLanguage\":\"en-US\",\"@id\":\"https:\/\/biosciences.vn\/index.php\/product\/chung-virus-dau-mua-khi-tai-to-hop-1-x-1ml\/#primaryimage\",\"url\":\"https:\/\/biosciences.vn\/wp-content\/uploads\/2024\/06\/Monkeypox-Virus.jpeg\",\"contentUrl\":\"https:\/\/biosciences.vn\/wp-content\/uploads\/2024\/06\/Monkeypox-Virus.jpeg\",\"width\":580,\"height\":580},{\"@type\":\"BreadcrumbList\",\"@id\":\"https:\/\/biosciences.vn\/index.php\/product\/chung-virus-dau-mua-khi-tai-to-hop-1-x-1ml\/#breadcrumb\",\"itemListElement\":[{\"@type\":\"ListItem\",\"position\":1,\"name\":\"Trang ch\u1ee7\",\"item\":\"https:\/\/biosciences.vn\/index.php\/en\/home\/\"},{\"@type\":\"ListItem\",\"position\":2,\"name\":\"Shop\",\"item\":\"https:\/\/biosciences.vn\/index.php\/shop\/\"},{\"@type\":\"ListItem\",\"position\":3,\"name\":\"Ch\u1ee7ng Virus \u0110\u1eadu M\u00f9a Kh\u1ec9 T\u00e1i T\u1ed5 H\u1ee3p (1 x 1mL) (831137)\"}]},{\"@type\":\"WebSite\",\"@id\":\"https:\/\/biosciences.vn\/#website\",\"url\":\"https:\/\/biosciences.vn\/\",\"name\":\"Biosciences\",\"description\":\"\",\"publisher\":{\"@id\":\"https:\/\/biosciences.vn\/#organization\"},\"potentialAction\":[{\"@type\":\"SearchAction\",\"target\":{\"@type\":\"EntryPoint\",\"urlTemplate\":\"https:\/\/biosciences.vn\/?s={search_term_string}\"},\"query-input\":{\"@type\":\"PropertyValueSpecification\",\"valueRequired\":true,\"valueName\":\"search_term_string\"}}],\"inLanguage\":\"en-US\"},{\"@type\":\"Organization\",\"@id\":\"https:\/\/biosciences.vn\/#organization\",\"name\":\"Biosciences\",\"url\":\"https:\/\/biosciences.vn\/\",\"logo\":{\"@type\":\"ImageObject\",\"inLanguage\":\"en-US\",\"@id\":\"https:\/\/biosciences.vn\/#\/schema\/logo\/image\/\",\"url\":\"https:\/\/biosciences.vn\/wp-content\/uploads\/2024\/04\/LOGO-BIOSCIENCES-PNG.png\",\"contentUrl\":\"https:\/\/biosciences.vn\/wp-content\/uploads\/2024\/04\/LOGO-BIOSCIENCES-PNG.png\",\"width\":2536,\"height\":638,\"caption\":\"Biosciences\"},\"image\":{\"@id\":\"https:\/\/biosciences.vn\/#\/schema\/logo\/image\/\"}}]}<\/script>\n<!-- \/ Yoast SEO plugin. -->","yoast_head_json":{"title":"Ch\u1ee7ng Virus \u0110\u1eadu M\u00f9a Kh\u1ec9 T\u00e1i T\u1ed5 H\u1ee3p (1 x 1mL) (831137) - Biosciences","robots":{"index":"index","follow":"follow","max-snippet":"max-snippet:-1","max-image-preview":"max-image-preview:large","max-video-preview":"max-video-preview:-1"},"canonical":"https:\/\/biosciences.vn\/index.php\/product\/chung-virus-dau-mua-khi-tai-to-hop-1-x-1ml\/","og_locale":"en_US","og_type":"article","og_title":"Ch\u1ee7ng Virus \u0110\u1eadu M\u00f9a Kh\u1ec9 T\u00e1i T\u1ed5 H\u1ee3p (1 x 1mL) (831137) - Biosciences","og_description":"S\u1ea3n ph\u1ea9m n\u00e0y nh\u1eb1m h\u1ed7 tr\u1ee3 c\u00e1c ph\u00f2ng th\u00ed nghi\u1ec7m trong vi\u1ec7c \u0111\u00e1nh gi\u00e1 c\u00e1c x\u00e9t nghi\u1ec7m axit nucleic \u0111\u01b0\u1ee3c thi\u1ebft k\u1ebf \u0111\u1ec3 ph\u00e1t hi\u1ec7n c\u00e1c ph\u1ea7n nh\u1ea5t \u0111\u1ecbnh c\u1ee7a b\u1ed9 gen virus \u0111\u1eadu m\u00f9a kh\u1ec9. Ch\u1ee7ng virus \u0111\u1eadu m\u00f9a kh\u1ec9 cung c\u1ea5p cho c\u00e1c ph\u00f2ng th\u00ed nghi\u1ec7m m\u1ed9t ki\u1ec3m so\u00e1t \u0111\u00e1ng tin c\u1eady cho [&hellip;]","og_url":"https:\/\/biosciences.vn\/index.php\/product\/chung-virus-dau-mua-khi-tai-to-hop-1-x-1ml\/","og_site_name":"Biosciences","article_modified_time":"2025-08-28T07:55:09+00:00","og_image":[{"width":580,"height":580,"url":"https:\/\/biosciences.vn\/wp-content\/uploads\/2024\/06\/Monkeypox-Virus.jpeg","type":"image\/jpeg"}],"twitter_card":"summary_large_image","twitter_misc":{"Est. reading time":"2 minutes"},"schema":{"@context":"https:\/\/schema.org","@graph":[{"@type":"WebPage","@id":"https:\/\/biosciences.vn\/index.php\/product\/chung-virus-dau-mua-khi-tai-to-hop-1-x-1ml\/","url":"https:\/\/biosciences.vn\/index.php\/product\/chung-virus-dau-mua-khi-tai-to-hop-1-x-1ml\/","name":"Ch\u1ee7ng Virus \u0110\u1eadu M\u00f9a Kh\u1ec9 T\u00e1i T\u1ed5 H\u1ee3p (1 x 1mL) (831137) - Biosciences","isPartOf":{"@id":"https:\/\/biosciences.vn\/#website"},"primaryImageOfPage":{"@id":"https:\/\/biosciences.vn\/index.php\/product\/chung-virus-dau-mua-khi-tai-to-hop-1-x-1ml\/#primaryimage"},"image":{"@id":"https:\/\/biosciences.vn\/index.php\/product\/chung-virus-dau-mua-khi-tai-to-hop-1-x-1ml\/#primaryimage"},"thumbnailUrl":"https:\/\/biosciences.vn\/wp-content\/uploads\/2024\/06\/Monkeypox-Virus.jpeg","datePublished":"2024-06-15T11:15:42+00:00","dateModified":"2025-08-28T07:55:09+00:00","breadcrumb":{"@id":"https:\/\/biosciences.vn\/index.php\/product\/chung-virus-dau-mua-khi-tai-to-hop-1-x-1ml\/#breadcrumb"},"inLanguage":"en-US","potentialAction":[{"@type":"ReadAction","target":["https:\/\/biosciences.vn\/index.php\/product\/chung-virus-dau-mua-khi-tai-to-hop-1-x-1ml\/"]}]},{"@type":"ImageObject","inLanguage":"en-US","@id":"https:\/\/biosciences.vn\/index.php\/product\/chung-virus-dau-mua-khi-tai-to-hop-1-x-1ml\/#primaryimage","url":"https:\/\/biosciences.vn\/wp-content\/uploads\/2024\/06\/Monkeypox-Virus.jpeg","contentUrl":"https:\/\/biosciences.vn\/wp-content\/uploads\/2024\/06\/Monkeypox-Virus.jpeg","width":580,"height":580},{"@type":"BreadcrumbList","@id":"https:\/\/biosciences.vn\/index.php\/product\/chung-virus-dau-mua-khi-tai-to-hop-1-x-1ml\/#breadcrumb","itemListElement":[{"@type":"ListItem","position":1,"name":"Trang ch\u1ee7","item":"https:\/\/biosciences.vn\/index.php\/en\/home\/"},{"@type":"ListItem","position":2,"name":"Shop","item":"https:\/\/biosciences.vn\/index.php\/shop\/"},{"@type":"ListItem","position":3,"name":"Ch\u1ee7ng Virus \u0110\u1eadu M\u00f9a Kh\u1ec9 T\u00e1i T\u1ed5 H\u1ee3p (1 x 1mL) (831137)"}]},{"@type":"WebSite","@id":"https:\/\/biosciences.vn\/#website","url":"https:\/\/biosciences.vn\/","name":"Biosciences","description":"","publisher":{"@id":"https:\/\/biosciences.vn\/#organization"},"potentialAction":[{"@type":"SearchAction","target":{"@type":"EntryPoint","urlTemplate":"https:\/\/biosciences.vn\/?s={search_term_string}"},"query-input":{"@type":"PropertyValueSpecification","valueRequired":true,"valueName":"search_term_string"}}],"inLanguage":"en-US"},{"@type":"Organization","@id":"https:\/\/biosciences.vn\/#organization","name":"Biosciences","url":"https:\/\/biosciences.vn\/","logo":{"@type":"ImageObject","inLanguage":"en-US","@id":"https:\/\/biosciences.vn\/#\/schema\/logo\/image\/","url":"https:\/\/biosciences.vn\/wp-content\/uploads\/2024\/04\/LOGO-BIOSCIENCES-PNG.png","contentUrl":"https:\/\/biosciences.vn\/wp-content\/uploads\/2024\/04\/LOGO-BIOSCIENCES-PNG.png","width":2536,"height":638,"caption":"Biosciences"},"image":{"@id":"https:\/\/biosciences.vn\/#\/schema\/logo\/image\/"}}]}},"brands":[{"id":650,"name":"ZeptoMetrix","slug":"zeptometrix-vi"}],"_links":{"self":[{"href":"https:\/\/biosciences.vn\/index.php\/wp-json\/wp\/v2\/product\/5376"}],"collection":[{"href":"https:\/\/biosciences.vn\/index.php\/wp-json\/wp\/v2\/product"}],"about":[{"href":"https:\/\/biosciences.vn\/index.php\/wp-json\/wp\/v2\/types\/product"}],"replies":[{"embeddable":true,"href":"https:\/\/biosciences.vn\/index.php\/wp-json\/wp\/v2\/comments?post=5376"}],"wp:featuredmedia":[{"embeddable":true,"href":"https:\/\/biosciences.vn\/index.php\/wp-json\/wp\/v2\/media\/5377"}],"wp:attachment":[{"href":"https:\/\/biosciences.vn\/index.php\/wp-json\/wp\/v2\/media?parent=5376"}],"wp:term":[{"taxonomy":"pwb-brand","embeddable":true,"href":"https:\/\/biosciences.vn\/index.php\/wp-json\/wp\/v2\/pwb-brand?post=5376"},{"taxonomy":"product_cat","embeddable":true,"href":"https:\/\/biosciences.vn\/index.php\/wp-json\/wp\/v2\/product_cat?post=5376"},{"taxonomy":"product_tag","embeddable":true,"href":"https:\/\/biosciences.vn\/index.php\/wp-json\/wp\/v2\/product_tag?post=5376"}],"curies":[{"name":"wp","href":"https:\/\/api.w.org\/{rel}","templated":true}]}}