{"id":5379,"date":"2024-06-15T18:22:02","date_gmt":"2024-06-15T11:22:02","guid":{"rendered":"https:\/\/biosciences.vn\/?post_type=product&#038;p=5379"},"modified":"2025-08-28T14:55:09","modified_gmt":"2025-08-28T07:55:09","slug":"dich-nuoi-cay-virus-dau-mua-khi-da-vo-hieu-hoa-bang-nhiet-mau-usa-ma001-2022-1-ml","status":"publish","type":"product","link":"https:\/\/biosciences.vn\/index.php\/product\/dich-nuoi-cay-virus-dau-mua-khi-da-vo-hieu-hoa-bang-nhiet-mau-usa-ma001-2022-1-ml\/","title":{"rendered":"D\u1ecbch Nu\u00f4i C\u1ea5y Virus \u0110\u1eadu M\u00f9a Kh\u1ec9 \u0110\u00e3 V\u00f4 Hi\u1ec7u H\u00f3a B\u1eb1ng Nhi\u1ec7t (M\u1eabu: USA\/MA001\/2022) (1 mL) (0810657CFHI)"},"content":{"rendered":"<p>\u0110\u1ec3 mua c\u00e1c s\u1ea3n ph\u1ea9m thu\u1ed9c c\u1ea5p \u0111\u1ed9 an to\u00e0n sinh h\u1ecdc BSL2 ho\u1eb7c BSL3 c\u1ee7a ch\u00fang t\u00f4i, m\u1ee9c \u0111\u1ed9 an to\u00e0n sinh h\u1ecdc c\u1ee7a ph\u00f2ng th\u00ed nghi\u1ec7m ph\u1ea3i ph\u00f9 h\u1ee3p v\u1edbi y\u00eau c\u1ea7u c\u1ee7a s\u1ea3n ph\u1ea9m. Vui l\u00f2ng ho\u00e0n th\u00e0nh Bi\u1ec3u M\u1eabu X\u00e1c Nh\u1eadn M\u1ee9c \u0110\u1ed9 An To\u00e0n Sinh H\u1ecdc c\u1ee7a Ph\u00f2ng Th\u00ed Nghi\u1ec7m v\u00e0 g\u1eedi \u0111\u1ebfn \u0111\u1ecba ch\u1ec9 email <a rel=\"noreferrer\">zepto.customerservice@antylia.com<\/a> v\u1edbi tham chi\u1ebfu \u0111\u1ebfn \u0111\u01a1n \u0111\u1eb7t h\u00e0ng c\u1ee7a b\u1ea1n.<\/p>\n<p>D\u1ecbch nu\u00f4i c\u1ea5y virus \u0111\u1eadu m\u00f9a kh\u1ec9 \u0111\u00e3 v\u00f4 hi\u1ec7u h\u00f3a b\u1eb1ng nhi\u1ec7t (M\u1eabu: USA\/MA001\/2022) l\u00e0 m\u1ed9t lo\u1ea1i virus DNA s\u1ee3i k\u00e9p c\u00f3 v\u1ecf b\u1ecdc v\u1edbi k\u00edch th\u01b0\u1edbc b\u1ed9 gen kho\u1ea3ng 190 kb. N\u00f3 thu\u1ed9c chi Orthopoxvirus c\u1ee7a h\u1ecd Poxviridae. Virus \u0111\u1eadu m\u00f9a kh\u1ec9, hMPXV\/USA\/MA001\/2022 \u0111\u01b0\u1ee3c ph\u00e2n l\u1eadp t\u1eeb m\u1ed9t ng\u01b0\u1eddi \u1edf Massachusetts, M\u1ef9 v\u00e0o th\u00e1ng 5 n\u0103m 2022, trong m\u1ed9t \u0111\u1ee3t b\u00f9ng ph\u00e1t b\u1ec7nh \u0111\u1eadu m\u00f9a kh\u1ec9. Virus \u0111\u1eadu m\u00f9a kh\u1ec9, hMPXV\/USA\/MA001\/2022 thu\u1ed9c ph\u00e2n nh\u00f3m IIb (tr\u01b0\u1edbc \u0111\u00e2y l\u00e0 ph\u00e2n nh\u00f3m T\u00e2y Phi) v\u00e0 d\u00f2ng B.1. To\u00e0n b\u1ed9 b\u1ed9 gen c\u1ee7a virus \u0111\u1eadu m\u00f9a kh\u1ec9, hMPXV\/USA\/MA001\/2022 \u0111\u00e3 \u0111\u01b0\u1ee3c gi\u1ea3i tr\u00ecnh t\u1ef1 (GenBank: ON563414.3 v\u00e0 GISAID: EPI_ISL_13052289).<\/p>\n<p>M\u1ed7i m\u1eabu \u0111\u00f4ng l\u1ea1nh ch\u1ee9a 1 mL d\u1ecbch nu\u00f4i c\u1ea5y virus \u0111\u00e3 v\u00f4 hi\u1ec7u h\u00f3a b\u1eb1ng nhi\u1ec7t. N\u1ed3ng \u0111\u1ed9 tr\u01b0\u1edbc khi v\u00f4 hi\u1ec7u h\u00f3a \u0111\u01b0\u1ee3c x\u00e1c \u0111\u1ecbnh t\u1eeb m\u1ed9t m\u1eabu l\u00e2y nhi\u1ec5m.<\/p>\n<p>Vi\u1ec7c v\u00f4 hi\u1ec7u h\u00f3a virus \u0111\u01b0\u1ee3c x\u00e1c minh sau khi v\u00f4 hi\u1ec7u h\u00f3a b\u1eb1ng nhi\u1ec7t b\u1eb1ng s\u1ef1 v\u1eafng m\u1eb7t c\u1ee7a s\u1ef1 ph\u00e1t tri\u1ec3n virus trong c\u00e1c x\u00e9t nghi\u1ec7m l\u00e2y nhi\u1ec5m d\u1ef1a tr\u00ean nu\u00f4i c\u1ea5y m\u00f4.<\/p>\n<p><a href=\"https:\/\/www.zeptometrix.com\/media\/documents\/PI0810657CFHI.pdf\">Download document<\/a><\/p>\n<p>N\u1ebfu c\u00f3 b\u1ea5t k\u1ef3 c\u00e2u h\u1ecfi n\u00e0o v\u1ec1 s\u1ea3n ph\u1ea9m D\u1ecbch Nu\u00f4i C\u1ea5y Virus \u0110\u1eadu M\u00f9a Kh\u1ec9 \u0110\u00e3 V\u00f4 Hi\u1ec7u H\u00f3a B\u1eb1ng Nhi\u1ec7t (M\u1eabu: USA\/MA001\/2022), vui l\u00f2ng li\u00ean h\u1ec7 v\u1edbi \u0111\u1ed9i ng\u0169 c\u1ee7a ch\u00fang t\u00f4i.<\/p>\n","protected":false},"excerpt":{"rendered":"<p>\u0110\u1ec3 mua c\u00e1c s\u1ea3n ph\u1ea9m thu\u1ed9c c\u1ea5p \u0111\u1ed9 an to\u00e0n sinh h\u1ecdc BSL2 ho\u1eb7c BSL3 c\u1ee7a ch\u00fang t\u00f4i, m\u1ee9c \u0111\u1ed9 an to\u00e0n sinh h\u1ecdc c\u1ee7a ph\u00f2ng th\u00ed nghi\u1ec7m ph\u1ea3i ph\u00f9 h\u1ee3p v\u1edbi y\u00eau c\u1ea7u c\u1ee7a s\u1ea3n ph\u1ea9m. Vui l\u00f2ng ho\u00e0n th\u00e0nh Bi\u1ec3u M\u1eabu X\u00e1c Nh\u1eadn M\u1ee9c \u0110\u1ed9 An To\u00e0n Sinh H\u1ecdc c\u1ee7a Ph\u00f2ng Th\u00ed Nghi\u1ec7m [&hellip;]<\/p>\n","protected":false},"featured_media":5377,"comment_status":"open","ping_status":"closed","template":"","meta":[],"pwb-brand":[650],"product_cat":[437,507],"product_tag":[673],"class_list":{"0":"post-5379","1":"product","2":"type-product","3":"status-publish","4":"has-post-thumbnail","6":"pwb-brand-zeptometrix-vi","7":"product_cat-chan-doan-lam-sang","8":"product_cat-benh-dau-mua-khi","9":"product_tag-monkeypox-virus","11":"first","12":"instock","13":"shipping-taxable","14":"purchasable","15":"product-type-simple"},"yoast_head":"<!-- This site is optimized with the Yoast SEO plugin v23.6 - https:\/\/yoast.com\/wordpress\/plugins\/seo\/ -->\n<title>D\u1ecbch Nu\u00f4i C\u1ea5y Virus \u0110\u1eadu M\u00f9a Kh\u1ec9 \u0110\u00e3 V\u00f4 Hi\u1ec7u H\u00f3a B\u1eb1ng Nhi\u1ec7t (M\u1eabu: USA\/MA001\/2022) (1 mL) (0810657CFHI) - Biosciences<\/title>\n<meta name=\"robots\" content=\"index, follow, max-snippet:-1, max-image-preview:large, max-video-preview:-1\" \/>\n<link rel=\"canonical\" href=\"https:\/\/biosciences.vn\/index.php\/product\/dich-nuoi-cay-virus-dau-mua-khi-da-vo-hieu-hoa-bang-nhiet-mau-usa-ma001-2022-1-ml\/\" \/>\n<meta property=\"og:locale\" content=\"en_US\" \/>\n<meta property=\"og:type\" content=\"article\" \/>\n<meta property=\"og:title\" content=\"D\u1ecbch Nu\u00f4i C\u1ea5y Virus \u0110\u1eadu M\u00f9a Kh\u1ec9 \u0110\u00e3 V\u00f4 Hi\u1ec7u H\u00f3a B\u1eb1ng Nhi\u1ec7t (M\u1eabu: USA\/MA001\/2022) (1 mL) (0810657CFHI) - Biosciences\" \/>\n<meta property=\"og:description\" content=\"\u0110\u1ec3 mua c\u00e1c s\u1ea3n ph\u1ea9m thu\u1ed9c c\u1ea5p \u0111\u1ed9 an to\u00e0n sinh h\u1ecdc BSL2 ho\u1eb7c BSL3 c\u1ee7a ch\u00fang t\u00f4i, m\u1ee9c \u0111\u1ed9 an to\u00e0n sinh h\u1ecdc c\u1ee7a ph\u00f2ng th\u00ed nghi\u1ec7m ph\u1ea3i ph\u00f9 h\u1ee3p v\u1edbi y\u00eau c\u1ea7u c\u1ee7a s\u1ea3n ph\u1ea9m. Vui l\u00f2ng ho\u00e0n th\u00e0nh Bi\u1ec3u M\u1eabu X\u00e1c Nh\u1eadn M\u1ee9c \u0110\u1ed9 An To\u00e0n Sinh H\u1ecdc c\u1ee7a Ph\u00f2ng Th\u00ed Nghi\u1ec7m [&hellip;]\" \/>\n<meta property=\"og:url\" content=\"https:\/\/biosciences.vn\/index.php\/product\/dich-nuoi-cay-virus-dau-mua-khi-da-vo-hieu-hoa-bang-nhiet-mau-usa-ma001-2022-1-ml\/\" \/>\n<meta property=\"og:site_name\" content=\"Biosciences\" \/>\n<meta property=\"article:modified_time\" content=\"2025-08-28T07:55:09+00:00\" \/>\n<meta property=\"og:image\" content=\"https:\/\/biosciences.vn\/wp-content\/uploads\/2024\/06\/Monkeypox-Virus.jpeg\" \/>\n\t<meta property=\"og:image:width\" content=\"580\" \/>\n\t<meta property=\"og:image:height\" content=\"580\" \/>\n\t<meta property=\"og:image:type\" content=\"image\/jpeg\" \/>\n<meta name=\"twitter:card\" content=\"summary_large_image\" \/>\n<meta name=\"twitter:label1\" content=\"Est. reading time\" \/>\n\t<meta name=\"twitter:data1\" content=\"2 minutes\" \/>\n<script type=\"application\/ld+json\" class=\"yoast-schema-graph\">{\"@context\":\"https:\/\/schema.org\",\"@graph\":[{\"@type\":\"WebPage\",\"@id\":\"https:\/\/biosciences.vn\/index.php\/product\/dich-nuoi-cay-virus-dau-mua-khi-da-vo-hieu-hoa-bang-nhiet-mau-usa-ma001-2022-1-ml\/\",\"url\":\"https:\/\/biosciences.vn\/index.php\/product\/dich-nuoi-cay-virus-dau-mua-khi-da-vo-hieu-hoa-bang-nhiet-mau-usa-ma001-2022-1-ml\/\",\"name\":\"D\u1ecbch Nu\u00f4i C\u1ea5y Virus \u0110\u1eadu M\u00f9a Kh\u1ec9 \u0110\u00e3 V\u00f4 Hi\u1ec7u H\u00f3a B\u1eb1ng Nhi\u1ec7t (M\u1eabu: USA\/MA001\/2022) (1 mL) (0810657CFHI) - Biosciences\",\"isPartOf\":{\"@id\":\"https:\/\/biosciences.vn\/#website\"},\"primaryImageOfPage\":{\"@id\":\"https:\/\/biosciences.vn\/index.php\/product\/dich-nuoi-cay-virus-dau-mua-khi-da-vo-hieu-hoa-bang-nhiet-mau-usa-ma001-2022-1-ml\/#primaryimage\"},\"image\":{\"@id\":\"https:\/\/biosciences.vn\/index.php\/product\/dich-nuoi-cay-virus-dau-mua-khi-da-vo-hieu-hoa-bang-nhiet-mau-usa-ma001-2022-1-ml\/#primaryimage\"},\"thumbnailUrl\":\"https:\/\/biosciences.vn\/wp-content\/uploads\/2024\/06\/Monkeypox-Virus.jpeg\",\"datePublished\":\"2024-06-15T11:22:02+00:00\",\"dateModified\":\"2025-08-28T07:55:09+00:00\",\"breadcrumb\":{\"@id\":\"https:\/\/biosciences.vn\/index.php\/product\/dich-nuoi-cay-virus-dau-mua-khi-da-vo-hieu-hoa-bang-nhiet-mau-usa-ma001-2022-1-ml\/#breadcrumb\"},\"inLanguage\":\"en-US\",\"potentialAction\":[{\"@type\":\"ReadAction\",\"target\":[\"https:\/\/biosciences.vn\/index.php\/product\/dich-nuoi-cay-virus-dau-mua-khi-da-vo-hieu-hoa-bang-nhiet-mau-usa-ma001-2022-1-ml\/\"]}]},{\"@type\":\"ImageObject\",\"inLanguage\":\"en-US\",\"@id\":\"https:\/\/biosciences.vn\/index.php\/product\/dich-nuoi-cay-virus-dau-mua-khi-da-vo-hieu-hoa-bang-nhiet-mau-usa-ma001-2022-1-ml\/#primaryimage\",\"url\":\"https:\/\/biosciences.vn\/wp-content\/uploads\/2024\/06\/Monkeypox-Virus.jpeg\",\"contentUrl\":\"https:\/\/biosciences.vn\/wp-content\/uploads\/2024\/06\/Monkeypox-Virus.jpeg\",\"width\":580,\"height\":580},{\"@type\":\"BreadcrumbList\",\"@id\":\"https:\/\/biosciences.vn\/index.php\/product\/dich-nuoi-cay-virus-dau-mua-khi-da-vo-hieu-hoa-bang-nhiet-mau-usa-ma001-2022-1-ml\/#breadcrumb\",\"itemListElement\":[{\"@type\":\"ListItem\",\"position\":1,\"name\":\"Trang ch\u1ee7\",\"item\":\"https:\/\/biosciences.vn\/index.php\/en\/home\/\"},{\"@type\":\"ListItem\",\"position\":2,\"name\":\"Shop\",\"item\":\"https:\/\/biosciences.vn\/index.php\/shop\/\"},{\"@type\":\"ListItem\",\"position\":3,\"name\":\"D\u1ecbch Nu\u00f4i C\u1ea5y Virus \u0110\u1eadu M\u00f9a Kh\u1ec9 \u0110\u00e3 V\u00f4 Hi\u1ec7u H\u00f3a B\u1eb1ng Nhi\u1ec7t (M\u1eabu: USA\/MA001\/2022) (1 mL) (0810657CFHI)\"}]},{\"@type\":\"WebSite\",\"@id\":\"https:\/\/biosciences.vn\/#website\",\"url\":\"https:\/\/biosciences.vn\/\",\"name\":\"Biosciences\",\"description\":\"\",\"publisher\":{\"@id\":\"https:\/\/biosciences.vn\/#organization\"},\"potentialAction\":[{\"@type\":\"SearchAction\",\"target\":{\"@type\":\"EntryPoint\",\"urlTemplate\":\"https:\/\/biosciences.vn\/?s={search_term_string}\"},\"query-input\":{\"@type\":\"PropertyValueSpecification\",\"valueRequired\":true,\"valueName\":\"search_term_string\"}}],\"inLanguage\":\"en-US\"},{\"@type\":\"Organization\",\"@id\":\"https:\/\/biosciences.vn\/#organization\",\"name\":\"Biosciences\",\"url\":\"https:\/\/biosciences.vn\/\",\"logo\":{\"@type\":\"ImageObject\",\"inLanguage\":\"en-US\",\"@id\":\"https:\/\/biosciences.vn\/#\/schema\/logo\/image\/\",\"url\":\"https:\/\/biosciences.vn\/wp-content\/uploads\/2024\/04\/LOGO-BIOSCIENCES-PNG.png\",\"contentUrl\":\"https:\/\/biosciences.vn\/wp-content\/uploads\/2024\/04\/LOGO-BIOSCIENCES-PNG.png\",\"width\":2536,\"height\":638,\"caption\":\"Biosciences\"},\"image\":{\"@id\":\"https:\/\/biosciences.vn\/#\/schema\/logo\/image\/\"}}]}<\/script>\n<!-- \/ Yoast SEO plugin. -->","yoast_head_json":{"title":"D\u1ecbch Nu\u00f4i C\u1ea5y Virus \u0110\u1eadu M\u00f9a Kh\u1ec9 \u0110\u00e3 V\u00f4 Hi\u1ec7u H\u00f3a B\u1eb1ng Nhi\u1ec7t (M\u1eabu: USA\/MA001\/2022) (1 mL) (0810657CFHI) - Biosciences","robots":{"index":"index","follow":"follow","max-snippet":"max-snippet:-1","max-image-preview":"max-image-preview:large","max-video-preview":"max-video-preview:-1"},"canonical":"https:\/\/biosciences.vn\/index.php\/product\/dich-nuoi-cay-virus-dau-mua-khi-da-vo-hieu-hoa-bang-nhiet-mau-usa-ma001-2022-1-ml\/","og_locale":"en_US","og_type":"article","og_title":"D\u1ecbch Nu\u00f4i C\u1ea5y Virus \u0110\u1eadu M\u00f9a Kh\u1ec9 \u0110\u00e3 V\u00f4 Hi\u1ec7u H\u00f3a B\u1eb1ng Nhi\u1ec7t (M\u1eabu: USA\/MA001\/2022) (1 mL) (0810657CFHI) - Biosciences","og_description":"\u0110\u1ec3 mua c\u00e1c s\u1ea3n ph\u1ea9m thu\u1ed9c c\u1ea5p \u0111\u1ed9 an to\u00e0n sinh h\u1ecdc BSL2 ho\u1eb7c BSL3 c\u1ee7a ch\u00fang t\u00f4i, m\u1ee9c \u0111\u1ed9 an to\u00e0n sinh h\u1ecdc c\u1ee7a ph\u00f2ng th\u00ed nghi\u1ec7m ph\u1ea3i ph\u00f9 h\u1ee3p v\u1edbi y\u00eau c\u1ea7u c\u1ee7a s\u1ea3n ph\u1ea9m. Vui l\u00f2ng ho\u00e0n th\u00e0nh Bi\u1ec3u M\u1eabu X\u00e1c Nh\u1eadn M\u1ee9c \u0110\u1ed9 An To\u00e0n Sinh H\u1ecdc c\u1ee7a Ph\u00f2ng Th\u00ed Nghi\u1ec7m [&hellip;]","og_url":"https:\/\/biosciences.vn\/index.php\/product\/dich-nuoi-cay-virus-dau-mua-khi-da-vo-hieu-hoa-bang-nhiet-mau-usa-ma001-2022-1-ml\/","og_site_name":"Biosciences","article_modified_time":"2025-08-28T07:55:09+00:00","og_image":[{"width":580,"height":580,"url":"https:\/\/biosciences.vn\/wp-content\/uploads\/2024\/06\/Monkeypox-Virus.jpeg","type":"image\/jpeg"}],"twitter_card":"summary_large_image","twitter_misc":{"Est. reading time":"2 minutes"},"schema":{"@context":"https:\/\/schema.org","@graph":[{"@type":"WebPage","@id":"https:\/\/biosciences.vn\/index.php\/product\/dich-nuoi-cay-virus-dau-mua-khi-da-vo-hieu-hoa-bang-nhiet-mau-usa-ma001-2022-1-ml\/","url":"https:\/\/biosciences.vn\/index.php\/product\/dich-nuoi-cay-virus-dau-mua-khi-da-vo-hieu-hoa-bang-nhiet-mau-usa-ma001-2022-1-ml\/","name":"D\u1ecbch Nu\u00f4i C\u1ea5y Virus \u0110\u1eadu M\u00f9a Kh\u1ec9 \u0110\u00e3 V\u00f4 Hi\u1ec7u H\u00f3a B\u1eb1ng Nhi\u1ec7t (M\u1eabu: USA\/MA001\/2022) (1 mL) (0810657CFHI) - Biosciences","isPartOf":{"@id":"https:\/\/biosciences.vn\/#website"},"primaryImageOfPage":{"@id":"https:\/\/biosciences.vn\/index.php\/product\/dich-nuoi-cay-virus-dau-mua-khi-da-vo-hieu-hoa-bang-nhiet-mau-usa-ma001-2022-1-ml\/#primaryimage"},"image":{"@id":"https:\/\/biosciences.vn\/index.php\/product\/dich-nuoi-cay-virus-dau-mua-khi-da-vo-hieu-hoa-bang-nhiet-mau-usa-ma001-2022-1-ml\/#primaryimage"},"thumbnailUrl":"https:\/\/biosciences.vn\/wp-content\/uploads\/2024\/06\/Monkeypox-Virus.jpeg","datePublished":"2024-06-15T11:22:02+00:00","dateModified":"2025-08-28T07:55:09+00:00","breadcrumb":{"@id":"https:\/\/biosciences.vn\/index.php\/product\/dich-nuoi-cay-virus-dau-mua-khi-da-vo-hieu-hoa-bang-nhiet-mau-usa-ma001-2022-1-ml\/#breadcrumb"},"inLanguage":"en-US","potentialAction":[{"@type":"ReadAction","target":["https:\/\/biosciences.vn\/index.php\/product\/dich-nuoi-cay-virus-dau-mua-khi-da-vo-hieu-hoa-bang-nhiet-mau-usa-ma001-2022-1-ml\/"]}]},{"@type":"ImageObject","inLanguage":"en-US","@id":"https:\/\/biosciences.vn\/index.php\/product\/dich-nuoi-cay-virus-dau-mua-khi-da-vo-hieu-hoa-bang-nhiet-mau-usa-ma001-2022-1-ml\/#primaryimage","url":"https:\/\/biosciences.vn\/wp-content\/uploads\/2024\/06\/Monkeypox-Virus.jpeg","contentUrl":"https:\/\/biosciences.vn\/wp-content\/uploads\/2024\/06\/Monkeypox-Virus.jpeg","width":580,"height":580},{"@type":"BreadcrumbList","@id":"https:\/\/biosciences.vn\/index.php\/product\/dich-nuoi-cay-virus-dau-mua-khi-da-vo-hieu-hoa-bang-nhiet-mau-usa-ma001-2022-1-ml\/#breadcrumb","itemListElement":[{"@type":"ListItem","position":1,"name":"Trang ch\u1ee7","item":"https:\/\/biosciences.vn\/index.php\/en\/home\/"},{"@type":"ListItem","position":2,"name":"Shop","item":"https:\/\/biosciences.vn\/index.php\/shop\/"},{"@type":"ListItem","position":3,"name":"D\u1ecbch Nu\u00f4i C\u1ea5y Virus \u0110\u1eadu M\u00f9a Kh\u1ec9 \u0110\u00e3 V\u00f4 Hi\u1ec7u H\u00f3a B\u1eb1ng Nhi\u1ec7t (M\u1eabu: USA\/MA001\/2022) (1 mL) (0810657CFHI)"}]},{"@type":"WebSite","@id":"https:\/\/biosciences.vn\/#website","url":"https:\/\/biosciences.vn\/","name":"Biosciences","description":"","publisher":{"@id":"https:\/\/biosciences.vn\/#organization"},"potentialAction":[{"@type":"SearchAction","target":{"@type":"EntryPoint","urlTemplate":"https:\/\/biosciences.vn\/?s={search_term_string}"},"query-input":{"@type":"PropertyValueSpecification","valueRequired":true,"valueName":"search_term_string"}}],"inLanguage":"en-US"},{"@type":"Organization","@id":"https:\/\/biosciences.vn\/#organization","name":"Biosciences","url":"https:\/\/biosciences.vn\/","logo":{"@type":"ImageObject","inLanguage":"en-US","@id":"https:\/\/biosciences.vn\/#\/schema\/logo\/image\/","url":"https:\/\/biosciences.vn\/wp-content\/uploads\/2024\/04\/LOGO-BIOSCIENCES-PNG.png","contentUrl":"https:\/\/biosciences.vn\/wp-content\/uploads\/2024\/04\/LOGO-BIOSCIENCES-PNG.png","width":2536,"height":638,"caption":"Biosciences"},"image":{"@id":"https:\/\/biosciences.vn\/#\/schema\/logo\/image\/"}}]}},"brands":[{"id":650,"name":"ZeptoMetrix","slug":"zeptometrix-vi"}],"_links":{"self":[{"href":"https:\/\/biosciences.vn\/index.php\/wp-json\/wp\/v2\/product\/5379"}],"collection":[{"href":"https:\/\/biosciences.vn\/index.php\/wp-json\/wp\/v2\/product"}],"about":[{"href":"https:\/\/biosciences.vn\/index.php\/wp-json\/wp\/v2\/types\/product"}],"replies":[{"embeddable":true,"href":"https:\/\/biosciences.vn\/index.php\/wp-json\/wp\/v2\/comments?post=5379"}],"wp:featuredmedia":[{"embeddable":true,"href":"https:\/\/biosciences.vn\/index.php\/wp-json\/wp\/v2\/media\/5377"}],"wp:attachment":[{"href":"https:\/\/biosciences.vn\/index.php\/wp-json\/wp\/v2\/media?parent=5379"}],"wp:term":[{"taxonomy":"pwb-brand","embeddable":true,"href":"https:\/\/biosciences.vn\/index.php\/wp-json\/wp\/v2\/pwb-brand?post=5379"},{"taxonomy":"product_cat","embeddable":true,"href":"https:\/\/biosciences.vn\/index.php\/wp-json\/wp\/v2\/product_cat?post=5379"},{"taxonomy":"product_tag","embeddable":true,"href":"https:\/\/biosciences.vn\/index.php\/wp-json\/wp\/v2\/product_tag?post=5379"}],"curies":[{"name":"wp","href":"https:\/\/api.w.org\/{rel}","templated":true}]}}