{"id":5387,"date":"2024-06-15T18:50:32","date_gmt":"2024-06-15T11:50:32","guid":{"rendered":"https:\/\/biosciences.vn\/?post_type=product&#038;p=5387"},"modified":"2025-08-28T14:55:09","modified_gmt":"2025-08-28T07:55:09","slug":"respiratory-verification-panel-2-1-24-x-0-6ml-ea","status":"publish","type":"product","link":"https:\/\/biosciences.vn\/index.php\/product\/respiratory-verification-panel-2-1-24-x-0-6ml-ea\/","title":{"rendered":"B\u1ed9 \u0111\u1ed1i ch\u1ee9ng x\u00e9t nghi\u1ec7m Panel Respiratory Verification Panel 2.1 (24 x 0.6mL) (EA) (NATRVP2.1-BIO)"},"content":{"rendered":"<p>B\u1ed9 \u0111\u1ed1i ch\u1ee9ng x\u00e9t nghi\u1ec7m Panel Respiratory Verification Panel 2.1 (24 x 0.6mL) (EA) \u0111\u01b0\u1ee3c t\u1ea1o th\u00e0nh t\u1eeb c\u00e1c t\u1ebf b\u00e0o vi khu\u1ea9n nguy\u00ean v\u1eb9n v\u00e0 c\u00e1c h\u1ea1t virus \u0111\u00e3 \u0111\u01b0\u1ee3c tinh ch\u1ebf. C\u00e1c vi sinh v\u1eadt \u0111\u00e3 \u0111\u01b0\u1ee3c bi\u1ebfn \u0111\u1ed5i h\u00f3a h\u1ecdc \u0111\u1ec3 tr\u1edf n\u00ean kh\u00f4ng l\u00e2y nhi\u1ec5m v\u00e0 \u1ed5n \u0111\u1ecbnh trong t\u1ee7 l\u1ea1nh. NATRVP2.1-BIO ch\u1ee9a 23 l\u1ecd x 0.6 mL vi khu\u1ea9n v\u00e0 virus NATtrol v\u00e0 1 l\u1ecd x 0.6 mL \u00e2m t\u00ednh (ch\u1ec9 ch\u1ee9a ma tr\u1eadn) nh\u01b0 li\u1ec7t k\u00ea trong B\u1ea3ng 1. C\u00e1c m\u1eabu \u0111\u1ed1i ch\u1ee9ng \u0111\u01b0\u1ee3c cung c\u1ea5p trong m\u1ed9t ma tr\u1eadn \u0111\u1ed9c quy\u1ec1n.<\/p>\n<p>N\u1ebfu c\u00f3 b\u1ea5t k\u1ef3 c\u00e2u h\u1ecfi n\u00e0o v\u1ec1 s\u1ea3n ph\u1ea9m B\u1ed9 \u0111\u1ed1i ch\u1ee9ng x\u00e9t nghi\u1ec7m Panel Respiratory Verification Panel 2.1 (24 x 0.6mL) (EA), vui l\u00f2ng li\u00ean h\u1ec7 v\u1edbi \u0111\u1ed9i ng\u0169 c\u1ee7a ch\u00fang t\u00f4i.<\/p>\n<p><a href=\"https:\/\/www.zeptometrix.com\/media\/documents\/PINATRVP2.1-BIO.REV.pdf\">Download document<\/a><\/p>\n","protected":false},"excerpt":{"rendered":"<p>B\u1ed9 \u0111\u1ed1i ch\u1ee9ng x\u00e9t nghi\u1ec7m Panel Respiratory Verification Panel 2.1 (24 x 0.6mL) (EA) \u0111\u01b0\u1ee3c t\u1ea1o th\u00e0nh t\u1eeb c\u00e1c t\u1ebf b\u00e0o vi khu\u1ea9n nguy\u00ean v\u1eb9n v\u00e0 c\u00e1c h\u1ea1t virus \u0111\u00e3 \u0111\u01b0\u1ee3c tinh ch\u1ebf. C\u00e1c vi sinh v\u1eadt \u0111\u00e3 \u0111\u01b0\u1ee3c bi\u1ebfn \u0111\u1ed5i h\u00f3a h\u1ecdc \u0111\u1ec3 tr\u1edf n\u00ean kh\u00f4ng l\u00e2y nhi\u1ec5m v\u00e0 \u1ed5n \u0111\u1ecbnh trong t\u1ee7 l\u1ea1nh. [&hellip;]<\/p>\n","protected":false},"featured_media":5377,"comment_status":"open","ping_status":"closed","template":"","meta":[],"pwb-brand":[650],"product_cat":[437,505],"product_tag":[677,675],"class_list":{"0":"post-5387","1":"product","2":"type-product","3":"status-publish","4":"has-post-thumbnail","6":"pwb-brand-zeptometrix-vi","7":"product_cat-chan-doan-lam-sang","8":"product_cat-virus-corona","9":"product_tag-coronavirus-testing","10":"product_tag-sars-cov-2","12":"first","13":"instock","14":"shipping-taxable","15":"purchasable","16":"product-type-simple"},"yoast_head":"<!-- This site is optimized with the Yoast SEO plugin v23.6 - https:\/\/yoast.com\/wordpress\/plugins\/seo\/ -->\n<title>B\u1ed9 \u0111\u1ed1i ch\u1ee9ng x\u00e9t nghi\u1ec7m Panel Respiratory Verification Panel 2.1 (24 x 0.6mL) (EA) (NATRVP2.1-BIO) - Biosciences<\/title>\n<meta name=\"robots\" content=\"index, follow, max-snippet:-1, max-image-preview:large, max-video-preview:-1\" \/>\n<link rel=\"canonical\" href=\"https:\/\/biosciences.vn\/index.php\/product\/respiratory-verification-panel-2-1-24-x-0-6ml-ea\/\" \/>\n<meta property=\"og:locale\" content=\"en_US\" \/>\n<meta property=\"og:type\" content=\"article\" \/>\n<meta property=\"og:title\" content=\"B\u1ed9 \u0111\u1ed1i ch\u1ee9ng x\u00e9t nghi\u1ec7m Panel Respiratory Verification Panel 2.1 (24 x 0.6mL) (EA) (NATRVP2.1-BIO) - Biosciences\" \/>\n<meta property=\"og:description\" content=\"B\u1ed9 \u0111\u1ed1i ch\u1ee9ng x\u00e9t nghi\u1ec7m Panel Respiratory Verification Panel 2.1 (24 x 0.6mL) (EA) \u0111\u01b0\u1ee3c t\u1ea1o th\u00e0nh t\u1eeb c\u00e1c t\u1ebf b\u00e0o vi khu\u1ea9n nguy\u00ean v\u1eb9n v\u00e0 c\u00e1c h\u1ea1t virus \u0111\u00e3 \u0111\u01b0\u1ee3c tinh ch\u1ebf. C\u00e1c vi sinh v\u1eadt \u0111\u00e3 \u0111\u01b0\u1ee3c bi\u1ebfn \u0111\u1ed5i h\u00f3a h\u1ecdc \u0111\u1ec3 tr\u1edf n\u00ean kh\u00f4ng l\u00e2y nhi\u1ec5m v\u00e0 \u1ed5n \u0111\u1ecbnh trong t\u1ee7 l\u1ea1nh. [&hellip;]\" \/>\n<meta property=\"og:url\" content=\"https:\/\/biosciences.vn\/index.php\/product\/respiratory-verification-panel-2-1-24-x-0-6ml-ea\/\" \/>\n<meta property=\"og:site_name\" content=\"Biosciences\" \/>\n<meta property=\"article:modified_time\" content=\"2025-08-28T07:55:09+00:00\" \/>\n<meta property=\"og:image\" content=\"https:\/\/biosciences.vn\/wp-content\/uploads\/2024\/06\/Monkeypox-Virus.jpeg\" \/>\n\t<meta property=\"og:image:width\" content=\"580\" \/>\n\t<meta property=\"og:image:height\" content=\"580\" \/>\n\t<meta property=\"og:image:type\" content=\"image\/jpeg\" \/>\n<meta name=\"twitter:card\" content=\"summary_large_image\" \/>\n<meta name=\"twitter:label1\" content=\"Est. reading time\" \/>\n\t<meta name=\"twitter:data1\" content=\"1 minute\" \/>\n<script type=\"application\/ld+json\" class=\"yoast-schema-graph\">{\"@context\":\"https:\/\/schema.org\",\"@graph\":[{\"@type\":\"WebPage\",\"@id\":\"https:\/\/biosciences.vn\/index.php\/product\/respiratory-verification-panel-2-1-24-x-0-6ml-ea\/\",\"url\":\"https:\/\/biosciences.vn\/index.php\/product\/respiratory-verification-panel-2-1-24-x-0-6ml-ea\/\",\"name\":\"B\u1ed9 \u0111\u1ed1i ch\u1ee9ng x\u00e9t nghi\u1ec7m Panel Respiratory Verification Panel 2.1 (24 x 0.6mL) (EA) (NATRVP2.1-BIO) - Biosciences\",\"isPartOf\":{\"@id\":\"https:\/\/biosciences.vn\/#website\"},\"primaryImageOfPage\":{\"@id\":\"https:\/\/biosciences.vn\/index.php\/product\/respiratory-verification-panel-2-1-24-x-0-6ml-ea\/#primaryimage\"},\"image\":{\"@id\":\"https:\/\/biosciences.vn\/index.php\/product\/respiratory-verification-panel-2-1-24-x-0-6ml-ea\/#primaryimage\"},\"thumbnailUrl\":\"https:\/\/biosciences.vn\/wp-content\/uploads\/2024\/06\/Monkeypox-Virus.jpeg\",\"datePublished\":\"2024-06-15T11:50:32+00:00\",\"dateModified\":\"2025-08-28T07:55:09+00:00\",\"breadcrumb\":{\"@id\":\"https:\/\/biosciences.vn\/index.php\/product\/respiratory-verification-panel-2-1-24-x-0-6ml-ea\/#breadcrumb\"},\"inLanguage\":\"en-US\",\"potentialAction\":[{\"@type\":\"ReadAction\",\"target\":[\"https:\/\/biosciences.vn\/index.php\/product\/respiratory-verification-panel-2-1-24-x-0-6ml-ea\/\"]}]},{\"@type\":\"ImageObject\",\"inLanguage\":\"en-US\",\"@id\":\"https:\/\/biosciences.vn\/index.php\/product\/respiratory-verification-panel-2-1-24-x-0-6ml-ea\/#primaryimage\",\"url\":\"https:\/\/biosciences.vn\/wp-content\/uploads\/2024\/06\/Monkeypox-Virus.jpeg\",\"contentUrl\":\"https:\/\/biosciences.vn\/wp-content\/uploads\/2024\/06\/Monkeypox-Virus.jpeg\",\"width\":580,\"height\":580},{\"@type\":\"BreadcrumbList\",\"@id\":\"https:\/\/biosciences.vn\/index.php\/product\/respiratory-verification-panel-2-1-24-x-0-6ml-ea\/#breadcrumb\",\"itemListElement\":[{\"@type\":\"ListItem\",\"position\":1,\"name\":\"Trang ch\u1ee7\",\"item\":\"https:\/\/biosciences.vn\/index.php\/en\/home\/\"},{\"@type\":\"ListItem\",\"position\":2,\"name\":\"Shop\",\"item\":\"https:\/\/biosciences.vn\/index.php\/shop\/\"},{\"@type\":\"ListItem\",\"position\":3,\"name\":\"B\u1ed9 \u0111\u1ed1i ch\u1ee9ng x\u00e9t nghi\u1ec7m Panel Respiratory Verification Panel 2.1 (24 x 0.6mL) (EA) (NATRVP2.1-BIO)\"}]},{\"@type\":\"WebSite\",\"@id\":\"https:\/\/biosciences.vn\/#website\",\"url\":\"https:\/\/biosciences.vn\/\",\"name\":\"Biosciences\",\"description\":\"\",\"publisher\":{\"@id\":\"https:\/\/biosciences.vn\/#organization\"},\"potentialAction\":[{\"@type\":\"SearchAction\",\"target\":{\"@type\":\"EntryPoint\",\"urlTemplate\":\"https:\/\/biosciences.vn\/?s={search_term_string}\"},\"query-input\":{\"@type\":\"PropertyValueSpecification\",\"valueRequired\":true,\"valueName\":\"search_term_string\"}}],\"inLanguage\":\"en-US\"},{\"@type\":\"Organization\",\"@id\":\"https:\/\/biosciences.vn\/#organization\",\"name\":\"Biosciences\",\"url\":\"https:\/\/biosciences.vn\/\",\"logo\":{\"@type\":\"ImageObject\",\"inLanguage\":\"en-US\",\"@id\":\"https:\/\/biosciences.vn\/#\/schema\/logo\/image\/\",\"url\":\"https:\/\/biosciences.vn\/wp-content\/uploads\/2024\/04\/LOGO-BIOSCIENCES-PNG.png\",\"contentUrl\":\"https:\/\/biosciences.vn\/wp-content\/uploads\/2024\/04\/LOGO-BIOSCIENCES-PNG.png\",\"width\":2536,\"height\":638,\"caption\":\"Biosciences\"},\"image\":{\"@id\":\"https:\/\/biosciences.vn\/#\/schema\/logo\/image\/\"}}]}<\/script>\n<!-- \/ Yoast SEO plugin. -->","yoast_head_json":{"title":"B\u1ed9 \u0111\u1ed1i ch\u1ee9ng x\u00e9t nghi\u1ec7m Panel Respiratory Verification Panel 2.1 (24 x 0.6mL) (EA) (NATRVP2.1-BIO) - Biosciences","robots":{"index":"index","follow":"follow","max-snippet":"max-snippet:-1","max-image-preview":"max-image-preview:large","max-video-preview":"max-video-preview:-1"},"canonical":"https:\/\/biosciences.vn\/index.php\/product\/respiratory-verification-panel-2-1-24-x-0-6ml-ea\/","og_locale":"en_US","og_type":"article","og_title":"B\u1ed9 \u0111\u1ed1i ch\u1ee9ng x\u00e9t nghi\u1ec7m Panel Respiratory Verification Panel 2.1 (24 x 0.6mL) (EA) (NATRVP2.1-BIO) - Biosciences","og_description":"B\u1ed9 \u0111\u1ed1i ch\u1ee9ng x\u00e9t nghi\u1ec7m Panel Respiratory Verification Panel 2.1 (24 x 0.6mL) (EA) \u0111\u01b0\u1ee3c t\u1ea1o th\u00e0nh t\u1eeb c\u00e1c t\u1ebf b\u00e0o vi khu\u1ea9n nguy\u00ean v\u1eb9n v\u00e0 c\u00e1c h\u1ea1t virus \u0111\u00e3 \u0111\u01b0\u1ee3c tinh ch\u1ebf. C\u00e1c vi sinh v\u1eadt \u0111\u00e3 \u0111\u01b0\u1ee3c bi\u1ebfn \u0111\u1ed5i h\u00f3a h\u1ecdc \u0111\u1ec3 tr\u1edf n\u00ean kh\u00f4ng l\u00e2y nhi\u1ec5m v\u00e0 \u1ed5n \u0111\u1ecbnh trong t\u1ee7 l\u1ea1nh. [&hellip;]","og_url":"https:\/\/biosciences.vn\/index.php\/product\/respiratory-verification-panel-2-1-24-x-0-6ml-ea\/","og_site_name":"Biosciences","article_modified_time":"2025-08-28T07:55:09+00:00","og_image":[{"width":580,"height":580,"url":"https:\/\/biosciences.vn\/wp-content\/uploads\/2024\/06\/Monkeypox-Virus.jpeg","type":"image\/jpeg"}],"twitter_card":"summary_large_image","twitter_misc":{"Est. reading time":"1 minute"},"schema":{"@context":"https:\/\/schema.org","@graph":[{"@type":"WebPage","@id":"https:\/\/biosciences.vn\/index.php\/product\/respiratory-verification-panel-2-1-24-x-0-6ml-ea\/","url":"https:\/\/biosciences.vn\/index.php\/product\/respiratory-verification-panel-2-1-24-x-0-6ml-ea\/","name":"B\u1ed9 \u0111\u1ed1i ch\u1ee9ng x\u00e9t nghi\u1ec7m Panel Respiratory Verification Panel 2.1 (24 x 0.6mL) (EA) (NATRVP2.1-BIO) - Biosciences","isPartOf":{"@id":"https:\/\/biosciences.vn\/#website"},"primaryImageOfPage":{"@id":"https:\/\/biosciences.vn\/index.php\/product\/respiratory-verification-panel-2-1-24-x-0-6ml-ea\/#primaryimage"},"image":{"@id":"https:\/\/biosciences.vn\/index.php\/product\/respiratory-verification-panel-2-1-24-x-0-6ml-ea\/#primaryimage"},"thumbnailUrl":"https:\/\/biosciences.vn\/wp-content\/uploads\/2024\/06\/Monkeypox-Virus.jpeg","datePublished":"2024-06-15T11:50:32+00:00","dateModified":"2025-08-28T07:55:09+00:00","breadcrumb":{"@id":"https:\/\/biosciences.vn\/index.php\/product\/respiratory-verification-panel-2-1-24-x-0-6ml-ea\/#breadcrumb"},"inLanguage":"en-US","potentialAction":[{"@type":"ReadAction","target":["https:\/\/biosciences.vn\/index.php\/product\/respiratory-verification-panel-2-1-24-x-0-6ml-ea\/"]}]},{"@type":"ImageObject","inLanguage":"en-US","@id":"https:\/\/biosciences.vn\/index.php\/product\/respiratory-verification-panel-2-1-24-x-0-6ml-ea\/#primaryimage","url":"https:\/\/biosciences.vn\/wp-content\/uploads\/2024\/06\/Monkeypox-Virus.jpeg","contentUrl":"https:\/\/biosciences.vn\/wp-content\/uploads\/2024\/06\/Monkeypox-Virus.jpeg","width":580,"height":580},{"@type":"BreadcrumbList","@id":"https:\/\/biosciences.vn\/index.php\/product\/respiratory-verification-panel-2-1-24-x-0-6ml-ea\/#breadcrumb","itemListElement":[{"@type":"ListItem","position":1,"name":"Trang ch\u1ee7","item":"https:\/\/biosciences.vn\/index.php\/en\/home\/"},{"@type":"ListItem","position":2,"name":"Shop","item":"https:\/\/biosciences.vn\/index.php\/shop\/"},{"@type":"ListItem","position":3,"name":"B\u1ed9 \u0111\u1ed1i ch\u1ee9ng x\u00e9t nghi\u1ec7m Panel Respiratory Verification Panel 2.1 (24 x 0.6mL) (EA) (NATRVP2.1-BIO)"}]},{"@type":"WebSite","@id":"https:\/\/biosciences.vn\/#website","url":"https:\/\/biosciences.vn\/","name":"Biosciences","description":"","publisher":{"@id":"https:\/\/biosciences.vn\/#organization"},"potentialAction":[{"@type":"SearchAction","target":{"@type":"EntryPoint","urlTemplate":"https:\/\/biosciences.vn\/?s={search_term_string}"},"query-input":{"@type":"PropertyValueSpecification","valueRequired":true,"valueName":"search_term_string"}}],"inLanguage":"en-US"},{"@type":"Organization","@id":"https:\/\/biosciences.vn\/#organization","name":"Biosciences","url":"https:\/\/biosciences.vn\/","logo":{"@type":"ImageObject","inLanguage":"en-US","@id":"https:\/\/biosciences.vn\/#\/schema\/logo\/image\/","url":"https:\/\/biosciences.vn\/wp-content\/uploads\/2024\/04\/LOGO-BIOSCIENCES-PNG.png","contentUrl":"https:\/\/biosciences.vn\/wp-content\/uploads\/2024\/04\/LOGO-BIOSCIENCES-PNG.png","width":2536,"height":638,"caption":"Biosciences"},"image":{"@id":"https:\/\/biosciences.vn\/#\/schema\/logo\/image\/"}}]}},"brands":[{"id":650,"name":"ZeptoMetrix","slug":"zeptometrix-vi"}],"_links":{"self":[{"href":"https:\/\/biosciences.vn\/index.php\/wp-json\/wp\/v2\/product\/5387"}],"collection":[{"href":"https:\/\/biosciences.vn\/index.php\/wp-json\/wp\/v2\/product"}],"about":[{"href":"https:\/\/biosciences.vn\/index.php\/wp-json\/wp\/v2\/types\/product"}],"replies":[{"embeddable":true,"href":"https:\/\/biosciences.vn\/index.php\/wp-json\/wp\/v2\/comments?post=5387"}],"wp:featuredmedia":[{"embeddable":true,"href":"https:\/\/biosciences.vn\/index.php\/wp-json\/wp\/v2\/media\/5377"}],"wp:attachment":[{"href":"https:\/\/biosciences.vn\/index.php\/wp-json\/wp\/v2\/media?parent=5387"}],"wp:term":[{"taxonomy":"pwb-brand","embeddable":true,"href":"https:\/\/biosciences.vn\/index.php\/wp-json\/wp\/v2\/pwb-brand?post=5387"},{"taxonomy":"product_cat","embeddable":true,"href":"https:\/\/biosciences.vn\/index.php\/wp-json\/wp\/v2\/product_cat?post=5387"},{"taxonomy":"product_tag","embeddable":true,"href":"https:\/\/biosciences.vn\/index.php\/wp-json\/wp\/v2\/product_tag?post=5387"}],"curies":[{"name":"wp","href":"https:\/\/api.w.org\/{rel}","templated":true}]}}