{"id":5388,"date":"2024-06-16T10:34:59","date_gmt":"2024-06-16T03:34:59","guid":{"rendered":"https:\/\/biosciences.vn\/?post_type=product&#038;p=5388"},"modified":"2025-08-28T14:55:09","modified_gmt":"2025-08-28T07:55:09","slug":"bo-doi-chung-respiratory-panel-2-1-rp2-1-controls-12-x-0-3ml","status":"publish","type":"product","link":"https:\/\/biosciences.vn\/index.php\/product\/bo-doi-chung-respiratory-panel-2-1-rp2-1-controls-12-x-0-3ml\/","title":{"rendered":"B\u1ed9 \u0111\u1ed1i ch\u1ee9ng x\u00e9t nghi\u1ec7m Respiratory Panel 2.1 (RP2.1) Controls (12 x 0.3mL) (NATRPC2.1-BIO)"},"content":{"rendered":"<p>B\u1ed9 \u0111\u1ed1i ch\u1ee9ng x\u00e9t nghi\u1ec7m Panel Respiratory Panel 2.1 (RP2.1) Controls (12 x 0.3mL) (\u0111\u1ecbnh t\u00ednh) \u0111\u01b0\u1ee3c b\u00e0o ch\u1ebf v\u1edbi c\u00e1c t\u1ebf b\u00e0o vi khu\u1ea9n v\u00e0 h\u1ea1t virus nguy\u00ean v\u1eb9n, tinh khi\u1ebft. C\u00e1c vi sinh v\u1eadt \u0111\u00e3 \u0111\u01b0\u1ee3c bi\u1ebfn \u0111\u1ed5i v\u1ec1 m\u1eb7t h\u00f3a h\u1ecdc \u0111\u1ec3 l\u00e0m cho ch\u00fang kh\u00f4ng l\u00e2y nhi\u1ec5m v\u00e0 \u1ed5n \u0111\u1ecbnh trong t\u1ee7 l\u1ea1nh. NATRPC2.1-BIO ch\u1ee9a 6 x 0,3 mL l\u1ecd RP2.1 Control 1 v\u00e0 6 x 0,3 mL RP2.1 Control 2<\/p>\n<p><a href=\"https:\/\/www.zeptometrix.com\/media\/documents\/PINATRPC2.1-BIO.pdf\">Download document<\/a><\/p>\n","protected":false},"excerpt":{"rendered":"<p>B\u1ed9 \u0111\u1ed1i ch\u1ee9ng x\u00e9t nghi\u1ec7m Panel Respiratory Panel 2.1 (RP2.1) Controls (12 x 0.3mL) (\u0111\u1ecbnh t\u00ednh) \u0111\u01b0\u1ee3c b\u00e0o ch\u1ebf v\u1edbi c\u00e1c t\u1ebf b\u00e0o vi khu\u1ea9n v\u00e0 h\u1ea1t virus nguy\u00ean v\u1eb9n, tinh khi\u1ebft. C\u00e1c vi sinh v\u1eadt \u0111\u00e3 \u0111\u01b0\u1ee3c bi\u1ebfn \u0111\u1ed5i v\u1ec1 m\u1eb7t h\u00f3a h\u1ecdc \u0111\u1ec3 l\u00e0m cho ch\u00fang kh\u00f4ng l\u00e2y nhi\u1ec5m v\u00e0 \u1ed5n \u0111\u1ecbnh trong [&hellip;]<\/p>\n","protected":false},"featured_media":5377,"comment_status":"open","ping_status":"closed","template":"","meta":[],"pwb-brand":[650],"product_cat":[437,505],"product_tag":[677,675],"class_list":{"0":"post-5388","1":"product","2":"type-product","3":"status-publish","4":"has-post-thumbnail","6":"pwb-brand-zeptometrix-vi","7":"product_cat-chan-doan-lam-sang","8":"product_cat-virus-corona","9":"product_tag-coronavirus-testing","10":"product_tag-sars-cov-2","12":"first","13":"instock","14":"shipping-taxable","15":"purchasable","16":"product-type-simple"},"yoast_head":"<!-- This site is optimized with the Yoast SEO plugin v23.6 - https:\/\/yoast.com\/wordpress\/plugins\/seo\/ -->\n<title>B\u1ed9 \u0111\u1ed1i ch\u1ee9ng x\u00e9t nghi\u1ec7m Respiratory Panel 2.1 (RP2.1) Controls (12 x 0.3mL) (NATRPC2.1-BIO) - Biosciences<\/title>\n<meta name=\"robots\" content=\"index, follow, max-snippet:-1, max-image-preview:large, max-video-preview:-1\" \/>\n<link rel=\"canonical\" href=\"https:\/\/biosciences.vn\/index.php\/product\/bo-doi-chung-respiratory-panel-2-1-rp2-1-controls-12-x-0-3ml\/\" \/>\n<meta property=\"og:locale\" content=\"en_US\" \/>\n<meta property=\"og:type\" content=\"article\" \/>\n<meta property=\"og:title\" content=\"B\u1ed9 \u0111\u1ed1i ch\u1ee9ng x\u00e9t nghi\u1ec7m Respiratory Panel 2.1 (RP2.1) Controls (12 x 0.3mL) (NATRPC2.1-BIO) - Biosciences\" \/>\n<meta property=\"og:description\" content=\"B\u1ed9 \u0111\u1ed1i ch\u1ee9ng x\u00e9t nghi\u1ec7m Panel Respiratory Panel 2.1 (RP2.1) Controls (12 x 0.3mL) (\u0111\u1ecbnh t\u00ednh) \u0111\u01b0\u1ee3c b\u00e0o ch\u1ebf v\u1edbi c\u00e1c t\u1ebf b\u00e0o vi khu\u1ea9n v\u00e0 h\u1ea1t virus nguy\u00ean v\u1eb9n, tinh khi\u1ebft. C\u00e1c vi sinh v\u1eadt \u0111\u00e3 \u0111\u01b0\u1ee3c bi\u1ebfn \u0111\u1ed5i v\u1ec1 m\u1eb7t h\u00f3a h\u1ecdc \u0111\u1ec3 l\u00e0m cho ch\u00fang kh\u00f4ng l\u00e2y nhi\u1ec5m v\u00e0 \u1ed5n \u0111\u1ecbnh trong [&hellip;]\" \/>\n<meta property=\"og:url\" content=\"https:\/\/biosciences.vn\/index.php\/product\/bo-doi-chung-respiratory-panel-2-1-rp2-1-controls-12-x-0-3ml\/\" \/>\n<meta property=\"og:site_name\" content=\"Biosciences\" \/>\n<meta property=\"article:modified_time\" content=\"2025-08-28T07:55:09+00:00\" \/>\n<meta property=\"og:image\" content=\"https:\/\/biosciences.vn\/wp-content\/uploads\/2024\/06\/Monkeypox-Virus.jpeg\" \/>\n\t<meta property=\"og:image:width\" content=\"580\" \/>\n\t<meta property=\"og:image:height\" content=\"580\" \/>\n\t<meta property=\"og:image:type\" content=\"image\/jpeg\" \/>\n<meta name=\"twitter:card\" content=\"summary_large_image\" \/>\n<meta name=\"twitter:label1\" content=\"Est. reading time\" \/>\n\t<meta name=\"twitter:data1\" content=\"1 minute\" \/>\n<script type=\"application\/ld+json\" class=\"yoast-schema-graph\">{\"@context\":\"https:\/\/schema.org\",\"@graph\":[{\"@type\":\"WebPage\",\"@id\":\"https:\/\/biosciences.vn\/index.php\/product\/bo-doi-chung-respiratory-panel-2-1-rp2-1-controls-12-x-0-3ml\/\",\"url\":\"https:\/\/biosciences.vn\/index.php\/product\/bo-doi-chung-respiratory-panel-2-1-rp2-1-controls-12-x-0-3ml\/\",\"name\":\"B\u1ed9 \u0111\u1ed1i ch\u1ee9ng x\u00e9t nghi\u1ec7m Respiratory Panel 2.1 (RP2.1) Controls (12 x 0.3mL) (NATRPC2.1-BIO) - Biosciences\",\"isPartOf\":{\"@id\":\"https:\/\/biosciences.vn\/#website\"},\"primaryImageOfPage\":{\"@id\":\"https:\/\/biosciences.vn\/index.php\/product\/bo-doi-chung-respiratory-panel-2-1-rp2-1-controls-12-x-0-3ml\/#primaryimage\"},\"image\":{\"@id\":\"https:\/\/biosciences.vn\/index.php\/product\/bo-doi-chung-respiratory-panel-2-1-rp2-1-controls-12-x-0-3ml\/#primaryimage\"},\"thumbnailUrl\":\"https:\/\/biosciences.vn\/wp-content\/uploads\/2024\/06\/Monkeypox-Virus.jpeg\",\"datePublished\":\"2024-06-16T03:34:59+00:00\",\"dateModified\":\"2025-08-28T07:55:09+00:00\",\"breadcrumb\":{\"@id\":\"https:\/\/biosciences.vn\/index.php\/product\/bo-doi-chung-respiratory-panel-2-1-rp2-1-controls-12-x-0-3ml\/#breadcrumb\"},\"inLanguage\":\"en-US\",\"potentialAction\":[{\"@type\":\"ReadAction\",\"target\":[\"https:\/\/biosciences.vn\/index.php\/product\/bo-doi-chung-respiratory-panel-2-1-rp2-1-controls-12-x-0-3ml\/\"]}]},{\"@type\":\"ImageObject\",\"inLanguage\":\"en-US\",\"@id\":\"https:\/\/biosciences.vn\/index.php\/product\/bo-doi-chung-respiratory-panel-2-1-rp2-1-controls-12-x-0-3ml\/#primaryimage\",\"url\":\"https:\/\/biosciences.vn\/wp-content\/uploads\/2024\/06\/Monkeypox-Virus.jpeg\",\"contentUrl\":\"https:\/\/biosciences.vn\/wp-content\/uploads\/2024\/06\/Monkeypox-Virus.jpeg\",\"width\":580,\"height\":580},{\"@type\":\"BreadcrumbList\",\"@id\":\"https:\/\/biosciences.vn\/index.php\/product\/bo-doi-chung-respiratory-panel-2-1-rp2-1-controls-12-x-0-3ml\/#breadcrumb\",\"itemListElement\":[{\"@type\":\"ListItem\",\"position\":1,\"name\":\"Trang ch\u1ee7\",\"item\":\"https:\/\/biosciences.vn\/index.php\/en\/home\/\"},{\"@type\":\"ListItem\",\"position\":2,\"name\":\"Shop\",\"item\":\"https:\/\/biosciences.vn\/index.php\/shop\/\"},{\"@type\":\"ListItem\",\"position\":3,\"name\":\"B\u1ed9 \u0111\u1ed1i ch\u1ee9ng x\u00e9t nghi\u1ec7m Respiratory Panel 2.1 (RP2.1) Controls (12 x 0.3mL) (NATRPC2.1-BIO)\"}]},{\"@type\":\"WebSite\",\"@id\":\"https:\/\/biosciences.vn\/#website\",\"url\":\"https:\/\/biosciences.vn\/\",\"name\":\"Biosciences\",\"description\":\"\",\"publisher\":{\"@id\":\"https:\/\/biosciences.vn\/#organization\"},\"potentialAction\":[{\"@type\":\"SearchAction\",\"target\":{\"@type\":\"EntryPoint\",\"urlTemplate\":\"https:\/\/biosciences.vn\/?s={search_term_string}\"},\"query-input\":{\"@type\":\"PropertyValueSpecification\",\"valueRequired\":true,\"valueName\":\"search_term_string\"}}],\"inLanguage\":\"en-US\"},{\"@type\":\"Organization\",\"@id\":\"https:\/\/biosciences.vn\/#organization\",\"name\":\"Biosciences\",\"url\":\"https:\/\/biosciences.vn\/\",\"logo\":{\"@type\":\"ImageObject\",\"inLanguage\":\"en-US\",\"@id\":\"https:\/\/biosciences.vn\/#\/schema\/logo\/image\/\",\"url\":\"https:\/\/biosciences.vn\/wp-content\/uploads\/2024\/04\/LOGO-BIOSCIENCES-PNG.png\",\"contentUrl\":\"https:\/\/biosciences.vn\/wp-content\/uploads\/2024\/04\/LOGO-BIOSCIENCES-PNG.png\",\"width\":2536,\"height\":638,\"caption\":\"Biosciences\"},\"image\":{\"@id\":\"https:\/\/biosciences.vn\/#\/schema\/logo\/image\/\"}}]}<\/script>\n<!-- \/ Yoast SEO plugin. -->","yoast_head_json":{"title":"B\u1ed9 \u0111\u1ed1i ch\u1ee9ng x\u00e9t nghi\u1ec7m Respiratory Panel 2.1 (RP2.1) Controls (12 x 0.3mL) (NATRPC2.1-BIO) - Biosciences","robots":{"index":"index","follow":"follow","max-snippet":"max-snippet:-1","max-image-preview":"max-image-preview:large","max-video-preview":"max-video-preview:-1"},"canonical":"https:\/\/biosciences.vn\/index.php\/product\/bo-doi-chung-respiratory-panel-2-1-rp2-1-controls-12-x-0-3ml\/","og_locale":"en_US","og_type":"article","og_title":"B\u1ed9 \u0111\u1ed1i ch\u1ee9ng x\u00e9t nghi\u1ec7m Respiratory Panel 2.1 (RP2.1) Controls (12 x 0.3mL) (NATRPC2.1-BIO) - Biosciences","og_description":"B\u1ed9 \u0111\u1ed1i ch\u1ee9ng x\u00e9t nghi\u1ec7m Panel Respiratory Panel 2.1 (RP2.1) Controls (12 x 0.3mL) (\u0111\u1ecbnh t\u00ednh) \u0111\u01b0\u1ee3c b\u00e0o ch\u1ebf v\u1edbi c\u00e1c t\u1ebf b\u00e0o vi khu\u1ea9n v\u00e0 h\u1ea1t virus nguy\u00ean v\u1eb9n, tinh khi\u1ebft. C\u00e1c vi sinh v\u1eadt \u0111\u00e3 \u0111\u01b0\u1ee3c bi\u1ebfn \u0111\u1ed5i v\u1ec1 m\u1eb7t h\u00f3a h\u1ecdc \u0111\u1ec3 l\u00e0m cho ch\u00fang kh\u00f4ng l\u00e2y nhi\u1ec5m v\u00e0 \u1ed5n \u0111\u1ecbnh trong [&hellip;]","og_url":"https:\/\/biosciences.vn\/index.php\/product\/bo-doi-chung-respiratory-panel-2-1-rp2-1-controls-12-x-0-3ml\/","og_site_name":"Biosciences","article_modified_time":"2025-08-28T07:55:09+00:00","og_image":[{"width":580,"height":580,"url":"https:\/\/biosciences.vn\/wp-content\/uploads\/2024\/06\/Monkeypox-Virus.jpeg","type":"image\/jpeg"}],"twitter_card":"summary_large_image","twitter_misc":{"Est. reading time":"1 minute"},"schema":{"@context":"https:\/\/schema.org","@graph":[{"@type":"WebPage","@id":"https:\/\/biosciences.vn\/index.php\/product\/bo-doi-chung-respiratory-panel-2-1-rp2-1-controls-12-x-0-3ml\/","url":"https:\/\/biosciences.vn\/index.php\/product\/bo-doi-chung-respiratory-panel-2-1-rp2-1-controls-12-x-0-3ml\/","name":"B\u1ed9 \u0111\u1ed1i ch\u1ee9ng x\u00e9t nghi\u1ec7m Respiratory Panel 2.1 (RP2.1) Controls (12 x 0.3mL) (NATRPC2.1-BIO) - Biosciences","isPartOf":{"@id":"https:\/\/biosciences.vn\/#website"},"primaryImageOfPage":{"@id":"https:\/\/biosciences.vn\/index.php\/product\/bo-doi-chung-respiratory-panel-2-1-rp2-1-controls-12-x-0-3ml\/#primaryimage"},"image":{"@id":"https:\/\/biosciences.vn\/index.php\/product\/bo-doi-chung-respiratory-panel-2-1-rp2-1-controls-12-x-0-3ml\/#primaryimage"},"thumbnailUrl":"https:\/\/biosciences.vn\/wp-content\/uploads\/2024\/06\/Monkeypox-Virus.jpeg","datePublished":"2024-06-16T03:34:59+00:00","dateModified":"2025-08-28T07:55:09+00:00","breadcrumb":{"@id":"https:\/\/biosciences.vn\/index.php\/product\/bo-doi-chung-respiratory-panel-2-1-rp2-1-controls-12-x-0-3ml\/#breadcrumb"},"inLanguage":"en-US","potentialAction":[{"@type":"ReadAction","target":["https:\/\/biosciences.vn\/index.php\/product\/bo-doi-chung-respiratory-panel-2-1-rp2-1-controls-12-x-0-3ml\/"]}]},{"@type":"ImageObject","inLanguage":"en-US","@id":"https:\/\/biosciences.vn\/index.php\/product\/bo-doi-chung-respiratory-panel-2-1-rp2-1-controls-12-x-0-3ml\/#primaryimage","url":"https:\/\/biosciences.vn\/wp-content\/uploads\/2024\/06\/Monkeypox-Virus.jpeg","contentUrl":"https:\/\/biosciences.vn\/wp-content\/uploads\/2024\/06\/Monkeypox-Virus.jpeg","width":580,"height":580},{"@type":"BreadcrumbList","@id":"https:\/\/biosciences.vn\/index.php\/product\/bo-doi-chung-respiratory-panel-2-1-rp2-1-controls-12-x-0-3ml\/#breadcrumb","itemListElement":[{"@type":"ListItem","position":1,"name":"Trang ch\u1ee7","item":"https:\/\/biosciences.vn\/index.php\/en\/home\/"},{"@type":"ListItem","position":2,"name":"Shop","item":"https:\/\/biosciences.vn\/index.php\/shop\/"},{"@type":"ListItem","position":3,"name":"B\u1ed9 \u0111\u1ed1i ch\u1ee9ng x\u00e9t nghi\u1ec7m Respiratory Panel 2.1 (RP2.1) Controls (12 x 0.3mL) (NATRPC2.1-BIO)"}]},{"@type":"WebSite","@id":"https:\/\/biosciences.vn\/#website","url":"https:\/\/biosciences.vn\/","name":"Biosciences","description":"","publisher":{"@id":"https:\/\/biosciences.vn\/#organization"},"potentialAction":[{"@type":"SearchAction","target":{"@type":"EntryPoint","urlTemplate":"https:\/\/biosciences.vn\/?s={search_term_string}"},"query-input":{"@type":"PropertyValueSpecification","valueRequired":true,"valueName":"search_term_string"}}],"inLanguage":"en-US"},{"@type":"Organization","@id":"https:\/\/biosciences.vn\/#organization","name":"Biosciences","url":"https:\/\/biosciences.vn\/","logo":{"@type":"ImageObject","inLanguage":"en-US","@id":"https:\/\/biosciences.vn\/#\/schema\/logo\/image\/","url":"https:\/\/biosciences.vn\/wp-content\/uploads\/2024\/04\/LOGO-BIOSCIENCES-PNG.png","contentUrl":"https:\/\/biosciences.vn\/wp-content\/uploads\/2024\/04\/LOGO-BIOSCIENCES-PNG.png","width":2536,"height":638,"caption":"Biosciences"},"image":{"@id":"https:\/\/biosciences.vn\/#\/schema\/logo\/image\/"}}]}},"brands":[{"id":650,"name":"ZeptoMetrix","slug":"zeptometrix-vi"}],"_links":{"self":[{"href":"https:\/\/biosciences.vn\/index.php\/wp-json\/wp\/v2\/product\/5388"}],"collection":[{"href":"https:\/\/biosciences.vn\/index.php\/wp-json\/wp\/v2\/product"}],"about":[{"href":"https:\/\/biosciences.vn\/index.php\/wp-json\/wp\/v2\/types\/product"}],"replies":[{"embeddable":true,"href":"https:\/\/biosciences.vn\/index.php\/wp-json\/wp\/v2\/comments?post=5388"}],"wp:featuredmedia":[{"embeddable":true,"href":"https:\/\/biosciences.vn\/index.php\/wp-json\/wp\/v2\/media\/5377"}],"wp:attachment":[{"href":"https:\/\/biosciences.vn\/index.php\/wp-json\/wp\/v2\/media?parent=5388"}],"wp:term":[{"taxonomy":"pwb-brand","embeddable":true,"href":"https:\/\/biosciences.vn\/index.php\/wp-json\/wp\/v2\/pwb-brand?post=5388"},{"taxonomy":"product_cat","embeddable":true,"href":"https:\/\/biosciences.vn\/index.php\/wp-json\/wp\/v2\/product_cat?post=5388"},{"taxonomy":"product_tag","embeddable":true,"href":"https:\/\/biosciences.vn\/index.php\/wp-json\/wp\/v2\/product_tag?post=5388"}],"curies":[{"name":"wp","href":"https:\/\/api.w.org\/{rel}","templated":true}]}}