{"id":5465,"date":"2024-06-17T10:20:50","date_gmt":"2024-06-17T03:20:50","guid":{"rendered":"https:\/\/biosciences.vn\/?post_type=product&#038;p=5465"},"modified":"2025-08-28T14:55:09","modified_gmt":"2025-08-28T07:55:09","slug":"bo-xet-nghiem-enzyme-d-glucose-assay-kit","status":"publish","type":"product","link":"https:\/\/biosciences.vn\/index.php\/product\/bo-xet-nghiem-enzyme-d-glucose-assay-kit\/","title":{"rendered":"B\u1ed9 x\u00e9t nghi\u1ec7m enzyme D-Glucose Assay kit (HWRP010)"},"content":{"rendered":"<p class=\"cate_title\"><strong>\u1ee8ng d\u1ee5ng<\/strong><\/p>\n<p class=\"cate_title\">B\u1ed9 x\u00e9t nghi\u1ec7m enzyme D-Glucose Assay kit c\u00f3 th\u1ec3 ph\u00e2n t\u00edch ch\u00ednh x\u00e1c v\u00e0 \u0111\u1ecbnh l\u01b0\u1ee3ng c\u00e1c th\u00e0nh ph\u1ea7n c\u1ee5 th\u1ec3 trong th\u1ef1c ph\u1ea9m v\u00e0 ph\u00f9 h\u1ee3p cho nhi\u1ec1u m\u1ee5c \u0111\u00edch kh\u00e1c nhau nh\u01b0<br \/>\nph\u00e2n t\u00edch nghi\u00ean c\u1ee9u v\u00e0 ki\u1ec3m so\u00e1t ch\u1ea5t l\u01b0\u1ee3ng. S\u1ea3n ph\u1ea9m c\u1ee7a ch\u00fang t\u00f4i \u0111\u01b0\u1ee3c s\u1eed d\u1ee5ng r\u1ed9ng r\u00e3i \u0111\u1ec3 ki\u1ec3m tra th\u00e0nh ph\u1ea7n th\u1ef1c ph\u1ea9m trong nhi\u1ec1u lo\u1ea1i nguy\u00ean li\u1ec7u, v\u00ed d\u1ee5 nh\u01b0 rau, th\u1ef1c ph\u1ea9m, n\u01b0\u1edbc \u00e9p tr\u00e1i c\u00e2y,<br \/>\ns\u1eefa, r\u01b0\u1ee3u, \u0111\u01b0\u1eddng, th\u1ee9c \u0103n ch\u0103n nu\u00f4i, s\u1ea3n ph\u1ea9m y t\u1ebf, s\u1ea3n ph\u1ea9m l\u00ean men, d\u01b0\u1ee3c ph\u1ea9m, gia v\u1ecb, v.v.<\/p>\n<p class=\"cate_title\"><strong>\u01afu \u0111i\u1ec3m s\u1ea3n ph\u1ea9m<\/strong><\/p>\n<p>\u221a Ph\u1ea1m vi \u0111\u1ecbnh l\u01b0\u1ee3ng: 50-800mg\/L<br \/>\n\u221a Ph\u00e2n t\u00edch \u0111\u1ecbnh l\u01b0\u1ee3ng v\u00e0 ph\u00e1t hi\u1ec7n;<br \/>\n\u221a K\u1ebft qu\u1ea3 ch\u00ednh x\u00e1c, \u0111\u1ed9 ch\u00ednh x\u00e1c cao, \u0111\u1ed9 \u0111\u1eb7c hi\u1ec7u m\u1ea1nh v\u00e0 \u0111\u1ed9 nh\u1ea1y cao;<br \/>\n\u221a Chu\u1ea9n b\u1ecb m\u1eabu \u0111\u01a1n gi\u1ea3n;<br \/>\n\u221a Th\u1eddi gian x\u00e9t nghi\u1ec7m ng\u1eafn: 5-50 ph\u00fat;<br \/>\n\u221a M\u00e1y quang ph\u1ed5 ho\u1eb7c m\u00e1y ph\u00e2n t\u00edch enzym;<br \/>\n\u221a Ph\u01b0\u01a1ng ph\u00e1p ph\u00e1t hi\u1ec7n \u0111\u01b0\u1ee3c ch\u1ee9ng nh\u1eadn qu\u1ed1c t\u1ebf.<\/p>\n","protected":false},"excerpt":{"rendered":"<p>\u1ee8ng d\u1ee5ng B\u1ed9 x\u00e9t nghi\u1ec7m enzyme D-Glucose Assay kit c\u00f3 th\u1ec3 ph\u00e2n t\u00edch ch\u00ednh x\u00e1c v\u00e0 \u0111\u1ecbnh l\u01b0\u1ee3ng c\u00e1c th\u00e0nh ph\u1ea7n c\u1ee5 th\u1ec3 trong th\u1ef1c ph\u1ea9m v\u00e0 ph\u00f9 h\u1ee3p cho nhi\u1ec1u m\u1ee5c \u0111\u00edch kh\u00e1c nhau nh\u01b0 ph\u00e2n t\u00edch nghi\u00ean c\u1ee9u v\u00e0 ki\u1ec3m so\u00e1t ch\u1ea5t l\u01b0\u1ee3ng. S\u1ea3n ph\u1ea9m c\u1ee7a ch\u00fang t\u00f4i \u0111\u01b0\u1ee3c s\u1eed d\u1ee5ng r\u1ed9ng r\u00e3i [&hellip;]<\/p>\n","protected":false},"featured_media":5435,"comment_status":"open","ping_status":"closed","template":"","meta":[],"pwb-brand":[642],"product_cat":[489,683,485,537,691],"product_tag":[693],"class_list":{"0":"post-5465","1":"product","2":"type-product","3":"status-publish","4":"has-post-thumbnail","6":"pwb-brand-pribolab-vi","7":"product_cat-enzymes-vi-vi","8":"product_cat-bo-xet-nghiem-enzyme","9":"product_cat-hoa-chat-vat-tu","10":"product_cat-kit-phat-hien","11":"product_cat-enzymatic-assay-kits","12":"product_tag-enzymatic-assay-kits","14":"first","15":"instock","16":"shipping-taxable","17":"purchasable","18":"product-type-variable"},"yoast_head":"<!-- This site is optimized with the Yoast SEO plugin v23.6 - https:\/\/yoast.com\/wordpress\/plugins\/seo\/ -->\n<title>B\u1ed9 x\u00e9t nghi\u1ec7m enzyme D-Glucose Assay kit (HWRP010) - Biosciences<\/title>\n<meta name=\"robots\" content=\"index, follow, max-snippet:-1, max-image-preview:large, max-video-preview:-1\" \/>\n<link rel=\"canonical\" href=\"https:\/\/biosciences.vn\/index.php\/product\/bo-xet-nghiem-enzyme-d-glucose-assay-kit\/\" \/>\n<meta property=\"og:locale\" content=\"en_US\" \/>\n<meta property=\"og:type\" content=\"article\" \/>\n<meta property=\"og:title\" content=\"B\u1ed9 x\u00e9t nghi\u1ec7m enzyme D-Glucose Assay kit (HWRP010) - Biosciences\" \/>\n<meta property=\"og:description\" content=\"\u1ee8ng d\u1ee5ng B\u1ed9 x\u00e9t nghi\u1ec7m enzyme D-Glucose Assay kit c\u00f3 th\u1ec3 ph\u00e2n t\u00edch ch\u00ednh x\u00e1c v\u00e0 \u0111\u1ecbnh l\u01b0\u1ee3ng c\u00e1c th\u00e0nh ph\u1ea7n c\u1ee5 th\u1ec3 trong th\u1ef1c ph\u1ea9m v\u00e0 ph\u00f9 h\u1ee3p cho nhi\u1ec1u m\u1ee5c \u0111\u00edch kh\u00e1c nhau nh\u01b0 ph\u00e2n t\u00edch nghi\u00ean c\u1ee9u v\u00e0 ki\u1ec3m so\u00e1t ch\u1ea5t l\u01b0\u1ee3ng. S\u1ea3n ph\u1ea9m c\u1ee7a ch\u00fang t\u00f4i \u0111\u01b0\u1ee3c s\u1eed d\u1ee5ng r\u1ed9ng r\u00e3i [&hellip;]\" \/>\n<meta property=\"og:url\" content=\"https:\/\/biosciences.vn\/index.php\/product\/bo-xet-nghiem-enzyme-d-glucose-assay-kit\/\" \/>\n<meta property=\"og:site_name\" content=\"Biosciences\" \/>\n<meta property=\"article:modified_time\" content=\"2025-08-28T07:55:09+00:00\" \/>\n<meta property=\"og:image\" content=\"https:\/\/biosciences.vn\/wp-content\/uploads\/2024\/06\/Pribolab-Elisa-Kit.jpg\" \/>\n\t<meta property=\"og:image:width\" content=\"800\" \/>\n\t<meta property=\"og:image:height\" content=\"800\" \/>\n\t<meta property=\"og:image:type\" content=\"image\/jpeg\" \/>\n<meta name=\"twitter:card\" content=\"summary_large_image\" \/>\n<meta name=\"twitter:label1\" content=\"Est. reading time\" \/>\n\t<meta name=\"twitter:data1\" content=\"1 minute\" \/>\n<script type=\"application\/ld+json\" class=\"yoast-schema-graph\">{\"@context\":\"https:\/\/schema.org\",\"@graph\":[{\"@type\":\"WebPage\",\"@id\":\"https:\/\/biosciences.vn\/index.php\/product\/bo-xet-nghiem-enzyme-d-glucose-assay-kit\/\",\"url\":\"https:\/\/biosciences.vn\/index.php\/product\/bo-xet-nghiem-enzyme-d-glucose-assay-kit\/\",\"name\":\"B\u1ed9 x\u00e9t nghi\u1ec7m enzyme D-Glucose Assay kit (HWRP010) - Biosciences\",\"isPartOf\":{\"@id\":\"https:\/\/biosciences.vn\/#website\"},\"primaryImageOfPage\":{\"@id\":\"https:\/\/biosciences.vn\/index.php\/product\/bo-xet-nghiem-enzyme-d-glucose-assay-kit\/#primaryimage\"},\"image\":{\"@id\":\"https:\/\/biosciences.vn\/index.php\/product\/bo-xet-nghiem-enzyme-d-glucose-assay-kit\/#primaryimage\"},\"thumbnailUrl\":\"https:\/\/biosciences.vn\/wp-content\/uploads\/2024\/06\/Pribolab-Elisa-Kit.jpg\",\"datePublished\":\"2024-06-17T03:20:50+00:00\",\"dateModified\":\"2025-08-28T07:55:09+00:00\",\"breadcrumb\":{\"@id\":\"https:\/\/biosciences.vn\/index.php\/product\/bo-xet-nghiem-enzyme-d-glucose-assay-kit\/#breadcrumb\"},\"inLanguage\":\"en-US\",\"potentialAction\":[{\"@type\":\"ReadAction\",\"target\":[\"https:\/\/biosciences.vn\/index.php\/product\/bo-xet-nghiem-enzyme-d-glucose-assay-kit\/\"]}]},{\"@type\":\"ImageObject\",\"inLanguage\":\"en-US\",\"@id\":\"https:\/\/biosciences.vn\/index.php\/product\/bo-xet-nghiem-enzyme-d-glucose-assay-kit\/#primaryimage\",\"url\":\"https:\/\/biosciences.vn\/wp-content\/uploads\/2024\/06\/Pribolab-Elisa-Kit.jpg\",\"contentUrl\":\"https:\/\/biosciences.vn\/wp-content\/uploads\/2024\/06\/Pribolab-Elisa-Kit.jpg\",\"width\":800,\"height\":800},{\"@type\":\"BreadcrumbList\",\"@id\":\"https:\/\/biosciences.vn\/index.php\/product\/bo-xet-nghiem-enzyme-d-glucose-assay-kit\/#breadcrumb\",\"itemListElement\":[{\"@type\":\"ListItem\",\"position\":1,\"name\":\"Trang ch\u1ee7\",\"item\":\"https:\/\/biosciences.vn\/index.php\/en\/home\/\"},{\"@type\":\"ListItem\",\"position\":2,\"name\":\"Shop\",\"item\":\"https:\/\/biosciences.vn\/index.php\/shop\/\"},{\"@type\":\"ListItem\",\"position\":3,\"name\":\"B\u1ed9 x\u00e9t nghi\u1ec7m enzyme D-Glucose Assay kit (HWRP010)\"}]},{\"@type\":\"WebSite\",\"@id\":\"https:\/\/biosciences.vn\/#website\",\"url\":\"https:\/\/biosciences.vn\/\",\"name\":\"Biosciences\",\"description\":\"\",\"publisher\":{\"@id\":\"https:\/\/biosciences.vn\/#organization\"},\"potentialAction\":[{\"@type\":\"SearchAction\",\"target\":{\"@type\":\"EntryPoint\",\"urlTemplate\":\"https:\/\/biosciences.vn\/?s={search_term_string}\"},\"query-input\":{\"@type\":\"PropertyValueSpecification\",\"valueRequired\":true,\"valueName\":\"search_term_string\"}}],\"inLanguage\":\"en-US\"},{\"@type\":\"Organization\",\"@id\":\"https:\/\/biosciences.vn\/#organization\",\"name\":\"Biosciences\",\"url\":\"https:\/\/biosciences.vn\/\",\"logo\":{\"@type\":\"ImageObject\",\"inLanguage\":\"en-US\",\"@id\":\"https:\/\/biosciences.vn\/#\/schema\/logo\/image\/\",\"url\":\"https:\/\/biosciences.vn\/wp-content\/uploads\/2024\/04\/LOGO-BIOSCIENCES-PNG.png\",\"contentUrl\":\"https:\/\/biosciences.vn\/wp-content\/uploads\/2024\/04\/LOGO-BIOSCIENCES-PNG.png\",\"width\":2536,\"height\":638,\"caption\":\"Biosciences\"},\"image\":{\"@id\":\"https:\/\/biosciences.vn\/#\/schema\/logo\/image\/\"}}]}<\/script>\n<!-- \/ Yoast SEO plugin. -->","yoast_head_json":{"title":"B\u1ed9 x\u00e9t nghi\u1ec7m enzyme D-Glucose Assay kit (HWRP010) - Biosciences","robots":{"index":"index","follow":"follow","max-snippet":"max-snippet:-1","max-image-preview":"max-image-preview:large","max-video-preview":"max-video-preview:-1"},"canonical":"https:\/\/biosciences.vn\/index.php\/product\/bo-xet-nghiem-enzyme-d-glucose-assay-kit\/","og_locale":"en_US","og_type":"article","og_title":"B\u1ed9 x\u00e9t nghi\u1ec7m enzyme D-Glucose Assay kit (HWRP010) - Biosciences","og_description":"\u1ee8ng d\u1ee5ng B\u1ed9 x\u00e9t nghi\u1ec7m enzyme D-Glucose Assay kit c\u00f3 th\u1ec3 ph\u00e2n t\u00edch ch\u00ednh x\u00e1c v\u00e0 \u0111\u1ecbnh l\u01b0\u1ee3ng c\u00e1c th\u00e0nh ph\u1ea7n c\u1ee5 th\u1ec3 trong th\u1ef1c ph\u1ea9m v\u00e0 ph\u00f9 h\u1ee3p cho nhi\u1ec1u m\u1ee5c \u0111\u00edch kh\u00e1c nhau nh\u01b0 ph\u00e2n t\u00edch nghi\u00ean c\u1ee9u v\u00e0 ki\u1ec3m so\u00e1t ch\u1ea5t l\u01b0\u1ee3ng. S\u1ea3n ph\u1ea9m c\u1ee7a ch\u00fang t\u00f4i \u0111\u01b0\u1ee3c s\u1eed d\u1ee5ng r\u1ed9ng r\u00e3i [&hellip;]","og_url":"https:\/\/biosciences.vn\/index.php\/product\/bo-xet-nghiem-enzyme-d-glucose-assay-kit\/","og_site_name":"Biosciences","article_modified_time":"2025-08-28T07:55:09+00:00","og_image":[{"width":800,"height":800,"url":"https:\/\/biosciences.vn\/wp-content\/uploads\/2024\/06\/Pribolab-Elisa-Kit.jpg","type":"image\/jpeg"}],"twitter_card":"summary_large_image","twitter_misc":{"Est. reading time":"1 minute"},"schema":{"@context":"https:\/\/schema.org","@graph":[{"@type":"WebPage","@id":"https:\/\/biosciences.vn\/index.php\/product\/bo-xet-nghiem-enzyme-d-glucose-assay-kit\/","url":"https:\/\/biosciences.vn\/index.php\/product\/bo-xet-nghiem-enzyme-d-glucose-assay-kit\/","name":"B\u1ed9 x\u00e9t nghi\u1ec7m enzyme D-Glucose Assay kit (HWRP010) - Biosciences","isPartOf":{"@id":"https:\/\/biosciences.vn\/#website"},"primaryImageOfPage":{"@id":"https:\/\/biosciences.vn\/index.php\/product\/bo-xet-nghiem-enzyme-d-glucose-assay-kit\/#primaryimage"},"image":{"@id":"https:\/\/biosciences.vn\/index.php\/product\/bo-xet-nghiem-enzyme-d-glucose-assay-kit\/#primaryimage"},"thumbnailUrl":"https:\/\/biosciences.vn\/wp-content\/uploads\/2024\/06\/Pribolab-Elisa-Kit.jpg","datePublished":"2024-06-17T03:20:50+00:00","dateModified":"2025-08-28T07:55:09+00:00","breadcrumb":{"@id":"https:\/\/biosciences.vn\/index.php\/product\/bo-xet-nghiem-enzyme-d-glucose-assay-kit\/#breadcrumb"},"inLanguage":"en-US","potentialAction":[{"@type":"ReadAction","target":["https:\/\/biosciences.vn\/index.php\/product\/bo-xet-nghiem-enzyme-d-glucose-assay-kit\/"]}]},{"@type":"ImageObject","inLanguage":"en-US","@id":"https:\/\/biosciences.vn\/index.php\/product\/bo-xet-nghiem-enzyme-d-glucose-assay-kit\/#primaryimage","url":"https:\/\/biosciences.vn\/wp-content\/uploads\/2024\/06\/Pribolab-Elisa-Kit.jpg","contentUrl":"https:\/\/biosciences.vn\/wp-content\/uploads\/2024\/06\/Pribolab-Elisa-Kit.jpg","width":800,"height":800},{"@type":"BreadcrumbList","@id":"https:\/\/biosciences.vn\/index.php\/product\/bo-xet-nghiem-enzyme-d-glucose-assay-kit\/#breadcrumb","itemListElement":[{"@type":"ListItem","position":1,"name":"Trang ch\u1ee7","item":"https:\/\/biosciences.vn\/index.php\/en\/home\/"},{"@type":"ListItem","position":2,"name":"Shop","item":"https:\/\/biosciences.vn\/index.php\/shop\/"},{"@type":"ListItem","position":3,"name":"B\u1ed9 x\u00e9t nghi\u1ec7m enzyme D-Glucose Assay kit (HWRP010)"}]},{"@type":"WebSite","@id":"https:\/\/biosciences.vn\/#website","url":"https:\/\/biosciences.vn\/","name":"Biosciences","description":"","publisher":{"@id":"https:\/\/biosciences.vn\/#organization"},"potentialAction":[{"@type":"SearchAction","target":{"@type":"EntryPoint","urlTemplate":"https:\/\/biosciences.vn\/?s={search_term_string}"},"query-input":{"@type":"PropertyValueSpecification","valueRequired":true,"valueName":"search_term_string"}}],"inLanguage":"en-US"},{"@type":"Organization","@id":"https:\/\/biosciences.vn\/#organization","name":"Biosciences","url":"https:\/\/biosciences.vn\/","logo":{"@type":"ImageObject","inLanguage":"en-US","@id":"https:\/\/biosciences.vn\/#\/schema\/logo\/image\/","url":"https:\/\/biosciences.vn\/wp-content\/uploads\/2024\/04\/LOGO-BIOSCIENCES-PNG.png","contentUrl":"https:\/\/biosciences.vn\/wp-content\/uploads\/2024\/04\/LOGO-BIOSCIENCES-PNG.png","width":2536,"height":638,"caption":"Biosciences"},"image":{"@id":"https:\/\/biosciences.vn\/#\/schema\/logo\/image\/"}}]}},"brands":[{"id":642,"name":"Pribolab","slug":"pribolab-vi"}],"_links":{"self":[{"href":"https:\/\/biosciences.vn\/index.php\/wp-json\/wp\/v2\/product\/5465"}],"collection":[{"href":"https:\/\/biosciences.vn\/index.php\/wp-json\/wp\/v2\/product"}],"about":[{"href":"https:\/\/biosciences.vn\/index.php\/wp-json\/wp\/v2\/types\/product"}],"replies":[{"embeddable":true,"href":"https:\/\/biosciences.vn\/index.php\/wp-json\/wp\/v2\/comments?post=5465"}],"wp:featuredmedia":[{"embeddable":true,"href":"https:\/\/biosciences.vn\/index.php\/wp-json\/wp\/v2\/media\/5435"}],"wp:attachment":[{"href":"https:\/\/biosciences.vn\/index.php\/wp-json\/wp\/v2\/media?parent=5465"}],"wp:term":[{"taxonomy":"pwb-brand","embeddable":true,"href":"https:\/\/biosciences.vn\/index.php\/wp-json\/wp\/v2\/pwb-brand?post=5465"},{"taxonomy":"product_cat","embeddable":true,"href":"https:\/\/biosciences.vn\/index.php\/wp-json\/wp\/v2\/product_cat?post=5465"},{"taxonomy":"product_tag","embeddable":true,"href":"https:\/\/biosciences.vn\/index.php\/wp-json\/wp\/v2\/product_tag?post=5465"}],"curies":[{"name":"wp","href":"https:\/\/api.w.org\/{rel}","templated":true}]}}