{"id":5555,"date":"2024-06-17T11:48:36","date_gmt":"2024-06-17T04:48:36","guid":{"rendered":"https:\/\/biosciences.vn\/?post_type=product&#038;p=5555"},"modified":"2025-08-28T14:55:09","modified_gmt":"2025-08-28T07:55:09","slug":"bo-kit-elisa-dinh-luong-vitamin-b7-biotin","status":"publish","type":"product","link":"https:\/\/biosciences.vn\/index.php\/product\/bo-kit-elisa-dinh-luong-vitamin-b7-biotin\/","title":{"rendered":"B\u1ed9 k\u00edt ELISA \u0111\u1ecbnh l\u01b0\u1ee3ng Vitamin B7\/Biotin (HWEKT-V102)"},"content":{"rendered":"<p class=\"cate_title\"><strong>M\u00f4 t\u1ea3 chung<\/strong><\/p>\n<p class=\"cate_text\">X\u00e9t nghi\u1ec7m h\u1ea5p th\u1ee5 mi\u1ec5n d\u1ecbch li\u00ean k\u1ebft v\u1edbi enzyme (ELISA) l\u00e0 x\u00e9t nghi\u1ec7m mi\u1ec5n d\u1ecbch \u0111\u01b0\u1ee3c d\u00e1n nh\u00e3n, th\u01b0\u1eddng \u0111\u01b0\u1ee3c s\u1eed d\u1ee5ng \u0111\u1ec3 x\u00e9t nghi\u1ec7m sinh h\u00f3a ph\u00e2n t\u00edch. B\u1ed9 ELISA l\u00e0 m\u1ed9t s\u1ea3n ph\u1ea9m nhanh ch\u00f3ng, ti\u1ec7n l\u1ee3i v\u00e0 \u0111\u01a1n gi\u1ea3n \u0111\u1ec3 ph\u00e1t hi\u1ec7n \u0111\u1ecbnh l\u01b0\u1ee3ng v\u00e0 \u0111\u1ecbnh t\u00ednh m\u1ed9t lo\u1ea1i vitamin c\u1ee5 th\u1ec3 trong d\u1ecbch chi\u1ebft m\u1eabu. Hi\u1ec7n nay, ph\u01b0\u01a1ng ph\u00e1p ELISA \u0111\u00e3 \u0111\u01b0\u1ee3c nhi\u1ec1u n\u01b0\u1edbc \u0111\u01b0a v\u00e0o quy \u0111\u1ecbnh ti\u00eau chu\u1ea9n th\u1ef1c ph\u1ea9m \u0111\u1ec3 ph\u00e1t hi\u1ec7n vitamin trong th\u1ef1c ph\u1ea9m, ng\u0169 c\u1ed1c v\u00e0 c\u00e1c s\u1ea3n ph\u1ea9m y t\u1ebf.<\/p>\n<p class=\"cate_title\"><strong>Nguy\u00ean t\u1eafc ki\u1ec3m tra<\/strong><\/p>\n<p class=\"cate_text\">ELISA c\u1ea1nh tranh s\u1eed d\u1ee5ng hai kh\u00e1ng th\u1ec3 \u0111\u1eb7c hi\u1ec7u, kh\u00e1ng th\u1ec3 li\u00ean h\u1ee3p enzyme v\u00e0 kh\u00e1ng th\u1ec3 th\u1ee9 c\u1ea5p. Hai kh\u00e1ng th\u1ec3 c\u1ea1nh tranh v\u1edbi protein quan t\u00e2m. S\u1ef1 thay \u0111\u1ed5i m\u00e0u s\u1eafc c\u00f3 ngh\u0129a l\u00e0 x\u00e9t nghi\u1ec7m \u00e2m t\u00ednh v\u00ec kh\u00e1ng th\u1ec3 li\u00ean h\u1ee3p enzyme \u0111\u00e3 li\u00ean k\u1ebft v\u1edbi c\u00e1c kh\u00e1ng nguy\u00ean.<\/p>\n<p class=\"cate_title\">Quy tr\u00ecnh ch\u00ednh D\u1ef1a tr\u00ean ph\u01b0\u01a1ng ph\u00e1p ELISA c\u1ea1nh tranh, c\u1ea3 kh\u00e1ng th\u1ec3 li\u00ean h\u1ee3p enzyme v\u00e0 kh\u00e1ng th\u1ec3 th\u1ee9 c\u1ea5p \u0111\u1ec1u \u0111\u01b0\u1ee3c th\u00eam v\u00e0o v\u00e0 \u1ee7, sau \u0111\u00f3 l\u00e0 r\u1eeda \u0111\u1ec7m. Sau b\u01b0\u1edbc r\u1eeda, ch\u1ea5t n\u1ec1n \u0111\u01b0\u1ee3c th\u00eam v\u00e0o \u0111\u1ec3 t\u1ea1o ra s\u1ef1 thay \u0111\u1ed5i m\u00e0u s\u1eafc v\u00e0 ph\u00e1t hi\u1ec7n s\u1ef1 thay \u0111\u1ed5i m\u00e0u s\u1eafc b\u1eb1ng \u0111\u1ea7u \u0111\u1ecdc ELISA.<\/p>\n<p class=\"cate_title\"><strong>\u01afu \u0111i\u1ec3m s\u1ea3n ph\u1ea9m<\/strong><\/p>\n<p class=\"cate_text\">Ph\u01b0\u01a1ng ph\u00e1p ELISA c\u1ea1nh tranh<\/p>\n<p class=\"cate_text\">%RSD th\u1ea5p v\u1ec1 \u0111\u1ed9 ch\u00ednh x\u00e1c trong l\u00f4 v\u00e0 gi\u1eefa c\u00e1c l\u00f4<\/p>\n<p class=\"cate_text\">\u0110\u1ed9 nh\u1ea1y v\u00e0 t\u1ed1c \u0111\u1ed9 ph\u1ee5c h\u1ed3i cao<\/p>\n<p class=\"cate_text\">Ho\u1ea1t \u0111\u1ed9ng \u0111\u01a1n gi\u1ea3n v\u00e0 d\u1ec5 d\u00e0ng<\/p>\n<p class=\"cate_text\">\u0110\u00e1p \u1ee9ng c\u00e1c quy \u0111\u1ecbnh li\u00ean quan v\u00e0 gi\u1edbi h\u1ea1n y\u00eau c\u1ea7u \u0111\u1ecbnh l\u01b0\u1ee3ng<\/p>\n","protected":false},"excerpt":{"rendered":"<p>M\u00f4 t\u1ea3 chung X\u00e9t nghi\u1ec7m h\u1ea5p th\u1ee5 mi\u1ec5n d\u1ecbch li\u00ean k\u1ebft v\u1edbi enzyme (ELISA) l\u00e0 x\u00e9t nghi\u1ec7m mi\u1ec5n d\u1ecbch \u0111\u01b0\u1ee3c d\u00e1n nh\u00e3n, th\u01b0\u1eddng \u0111\u01b0\u1ee3c s\u1eed d\u1ee5ng \u0111\u1ec3 x\u00e9t nghi\u1ec7m sinh h\u00f3a ph\u00e2n t\u00edch. B\u1ed9 ELISA l\u00e0 m\u1ed9t s\u1ea3n ph\u1ea9m nhanh ch\u00f3ng, ti\u1ec7n l\u1ee3i v\u00e0 \u0111\u01a1n gi\u1ea3n \u0111\u1ec3 ph\u00e1t hi\u1ec7n \u0111\u1ecbnh l\u01b0\u1ee3ng v\u00e0 \u0111\u1ecbnh t\u00ednh m\u1ed9t [&hellip;]<\/p>\n","protected":false},"featured_media":5435,"comment_status":"open","ping_status":"closed","template":"","meta":[],"pwb-brand":[642],"product_cat":[687,554,695,485,537],"product_tag":[701,703],"class_list":{"0":"post-5555","1":"product","2":"type-product","3":"status-publish","4":"has-post-thumbnail","6":"pwb-brand-pribolab-vi","7":"product_cat-elisa-kit-vi","8":"product_cat-chat-dinh-duong","9":"product_cat-vitamins","10":"product_cat-hoa-chat-vat-tu","11":"product_cat-kit-phat-hien","12":"product_tag-elisa-kits","13":"product_tag-vitamin","15":"first","16":"instock","17":"shipping-taxable","18":"purchasable","19":"product-type-variable"},"yoast_head":"<!-- This site is optimized with the Yoast SEO plugin v23.6 - https:\/\/yoast.com\/wordpress\/plugins\/seo\/ -->\n<title>B\u1ed9 k\u00edt ELISA \u0111\u1ecbnh l\u01b0\u1ee3ng Vitamin B7\/Biotin (HWEKT-V102) - Biosciences<\/title>\n<meta name=\"robots\" content=\"index, follow, max-snippet:-1, max-image-preview:large, max-video-preview:-1\" \/>\n<link rel=\"canonical\" href=\"https:\/\/biosciences.vn\/index.php\/product\/bo-kit-elisa-dinh-luong-vitamin-b7-biotin\/\" \/>\n<meta property=\"og:locale\" content=\"en_US\" \/>\n<meta property=\"og:type\" content=\"article\" \/>\n<meta property=\"og:title\" content=\"B\u1ed9 k\u00edt ELISA \u0111\u1ecbnh l\u01b0\u1ee3ng Vitamin B7\/Biotin (HWEKT-V102) - Biosciences\" \/>\n<meta property=\"og:description\" content=\"M\u00f4 t\u1ea3 chung X\u00e9t nghi\u1ec7m h\u1ea5p th\u1ee5 mi\u1ec5n d\u1ecbch li\u00ean k\u1ebft v\u1edbi enzyme (ELISA) l\u00e0 x\u00e9t nghi\u1ec7m mi\u1ec5n d\u1ecbch \u0111\u01b0\u1ee3c d\u00e1n nh\u00e3n, th\u01b0\u1eddng \u0111\u01b0\u1ee3c s\u1eed d\u1ee5ng \u0111\u1ec3 x\u00e9t nghi\u1ec7m sinh h\u00f3a ph\u00e2n t\u00edch. B\u1ed9 ELISA l\u00e0 m\u1ed9t s\u1ea3n ph\u1ea9m nhanh ch\u00f3ng, ti\u1ec7n l\u1ee3i v\u00e0 \u0111\u01a1n gi\u1ea3n \u0111\u1ec3 ph\u00e1t hi\u1ec7n \u0111\u1ecbnh l\u01b0\u1ee3ng v\u00e0 \u0111\u1ecbnh t\u00ednh m\u1ed9t [&hellip;]\" \/>\n<meta property=\"og:url\" content=\"https:\/\/biosciences.vn\/index.php\/product\/bo-kit-elisa-dinh-luong-vitamin-b7-biotin\/\" \/>\n<meta property=\"og:site_name\" content=\"Biosciences\" \/>\n<meta property=\"article:modified_time\" content=\"2025-08-28T07:55:09+00:00\" \/>\n<meta property=\"og:image\" content=\"https:\/\/biosciences.vn\/wp-content\/uploads\/2024\/06\/Pribolab-Elisa-Kit.jpg\" \/>\n\t<meta property=\"og:image:width\" content=\"800\" \/>\n\t<meta property=\"og:image:height\" content=\"800\" \/>\n\t<meta property=\"og:image:type\" content=\"image\/jpeg\" \/>\n<meta name=\"twitter:card\" content=\"summary_large_image\" \/>\n<meta name=\"twitter:label1\" content=\"Est. reading time\" \/>\n\t<meta name=\"twitter:data1\" content=\"2 minutes\" \/>\n<script type=\"application\/ld+json\" class=\"yoast-schema-graph\">{\"@context\":\"https:\/\/schema.org\",\"@graph\":[{\"@type\":\"WebPage\",\"@id\":\"https:\/\/biosciences.vn\/index.php\/product\/bo-kit-elisa-dinh-luong-vitamin-b7-biotin\/\",\"url\":\"https:\/\/biosciences.vn\/index.php\/product\/bo-kit-elisa-dinh-luong-vitamin-b7-biotin\/\",\"name\":\"B\u1ed9 k\u00edt ELISA \u0111\u1ecbnh l\u01b0\u1ee3ng Vitamin B7\/Biotin (HWEKT-V102) - Biosciences\",\"isPartOf\":{\"@id\":\"https:\/\/biosciences.vn\/#website\"},\"primaryImageOfPage\":{\"@id\":\"https:\/\/biosciences.vn\/index.php\/product\/bo-kit-elisa-dinh-luong-vitamin-b7-biotin\/#primaryimage\"},\"image\":{\"@id\":\"https:\/\/biosciences.vn\/index.php\/product\/bo-kit-elisa-dinh-luong-vitamin-b7-biotin\/#primaryimage\"},\"thumbnailUrl\":\"https:\/\/biosciences.vn\/wp-content\/uploads\/2024\/06\/Pribolab-Elisa-Kit.jpg\",\"datePublished\":\"2024-06-17T04:48:36+00:00\",\"dateModified\":\"2025-08-28T07:55:09+00:00\",\"breadcrumb\":{\"@id\":\"https:\/\/biosciences.vn\/index.php\/product\/bo-kit-elisa-dinh-luong-vitamin-b7-biotin\/#breadcrumb\"},\"inLanguage\":\"en-US\",\"potentialAction\":[{\"@type\":\"ReadAction\",\"target\":[\"https:\/\/biosciences.vn\/index.php\/product\/bo-kit-elisa-dinh-luong-vitamin-b7-biotin\/\"]}]},{\"@type\":\"ImageObject\",\"inLanguage\":\"en-US\",\"@id\":\"https:\/\/biosciences.vn\/index.php\/product\/bo-kit-elisa-dinh-luong-vitamin-b7-biotin\/#primaryimage\",\"url\":\"https:\/\/biosciences.vn\/wp-content\/uploads\/2024\/06\/Pribolab-Elisa-Kit.jpg\",\"contentUrl\":\"https:\/\/biosciences.vn\/wp-content\/uploads\/2024\/06\/Pribolab-Elisa-Kit.jpg\",\"width\":800,\"height\":800},{\"@type\":\"BreadcrumbList\",\"@id\":\"https:\/\/biosciences.vn\/index.php\/product\/bo-kit-elisa-dinh-luong-vitamin-b7-biotin\/#breadcrumb\",\"itemListElement\":[{\"@type\":\"ListItem\",\"position\":1,\"name\":\"Trang ch\u1ee7\",\"item\":\"https:\/\/biosciences.vn\/index.php\/en\/home\/\"},{\"@type\":\"ListItem\",\"position\":2,\"name\":\"Shop\",\"item\":\"https:\/\/biosciences.vn\/index.php\/shop\/\"},{\"@type\":\"ListItem\",\"position\":3,\"name\":\"B\u1ed9 k\u00edt ELISA \u0111\u1ecbnh l\u01b0\u1ee3ng Vitamin B7\/Biotin (HWEKT-V102)\"}]},{\"@type\":\"WebSite\",\"@id\":\"https:\/\/biosciences.vn\/#website\",\"url\":\"https:\/\/biosciences.vn\/\",\"name\":\"Biosciences\",\"description\":\"\",\"publisher\":{\"@id\":\"https:\/\/biosciences.vn\/#organization\"},\"potentialAction\":[{\"@type\":\"SearchAction\",\"target\":{\"@type\":\"EntryPoint\",\"urlTemplate\":\"https:\/\/biosciences.vn\/?s={search_term_string}\"},\"query-input\":{\"@type\":\"PropertyValueSpecification\",\"valueRequired\":true,\"valueName\":\"search_term_string\"}}],\"inLanguage\":\"en-US\"},{\"@type\":\"Organization\",\"@id\":\"https:\/\/biosciences.vn\/#organization\",\"name\":\"Biosciences\",\"url\":\"https:\/\/biosciences.vn\/\",\"logo\":{\"@type\":\"ImageObject\",\"inLanguage\":\"en-US\",\"@id\":\"https:\/\/biosciences.vn\/#\/schema\/logo\/image\/\",\"url\":\"https:\/\/biosciences.vn\/wp-content\/uploads\/2024\/04\/LOGO-BIOSCIENCES-PNG.png\",\"contentUrl\":\"https:\/\/biosciences.vn\/wp-content\/uploads\/2024\/04\/LOGO-BIOSCIENCES-PNG.png\",\"width\":2536,\"height\":638,\"caption\":\"Biosciences\"},\"image\":{\"@id\":\"https:\/\/biosciences.vn\/#\/schema\/logo\/image\/\"}}]}<\/script>\n<!-- \/ Yoast SEO plugin. -->","yoast_head_json":{"title":"B\u1ed9 k\u00edt ELISA \u0111\u1ecbnh l\u01b0\u1ee3ng Vitamin B7\/Biotin (HWEKT-V102) - Biosciences","robots":{"index":"index","follow":"follow","max-snippet":"max-snippet:-1","max-image-preview":"max-image-preview:large","max-video-preview":"max-video-preview:-1"},"canonical":"https:\/\/biosciences.vn\/index.php\/product\/bo-kit-elisa-dinh-luong-vitamin-b7-biotin\/","og_locale":"en_US","og_type":"article","og_title":"B\u1ed9 k\u00edt ELISA \u0111\u1ecbnh l\u01b0\u1ee3ng Vitamin B7\/Biotin (HWEKT-V102) - Biosciences","og_description":"M\u00f4 t\u1ea3 chung X\u00e9t nghi\u1ec7m h\u1ea5p th\u1ee5 mi\u1ec5n d\u1ecbch li\u00ean k\u1ebft v\u1edbi enzyme (ELISA) l\u00e0 x\u00e9t nghi\u1ec7m mi\u1ec5n d\u1ecbch \u0111\u01b0\u1ee3c d\u00e1n nh\u00e3n, th\u01b0\u1eddng \u0111\u01b0\u1ee3c s\u1eed d\u1ee5ng \u0111\u1ec3 x\u00e9t nghi\u1ec7m sinh h\u00f3a ph\u00e2n t\u00edch. B\u1ed9 ELISA l\u00e0 m\u1ed9t s\u1ea3n ph\u1ea9m nhanh ch\u00f3ng, ti\u1ec7n l\u1ee3i v\u00e0 \u0111\u01a1n gi\u1ea3n \u0111\u1ec3 ph\u00e1t hi\u1ec7n \u0111\u1ecbnh l\u01b0\u1ee3ng v\u00e0 \u0111\u1ecbnh t\u00ednh m\u1ed9t [&hellip;]","og_url":"https:\/\/biosciences.vn\/index.php\/product\/bo-kit-elisa-dinh-luong-vitamin-b7-biotin\/","og_site_name":"Biosciences","article_modified_time":"2025-08-28T07:55:09+00:00","og_image":[{"width":800,"height":800,"url":"https:\/\/biosciences.vn\/wp-content\/uploads\/2024\/06\/Pribolab-Elisa-Kit.jpg","type":"image\/jpeg"}],"twitter_card":"summary_large_image","twitter_misc":{"Est. reading time":"2 minutes"},"schema":{"@context":"https:\/\/schema.org","@graph":[{"@type":"WebPage","@id":"https:\/\/biosciences.vn\/index.php\/product\/bo-kit-elisa-dinh-luong-vitamin-b7-biotin\/","url":"https:\/\/biosciences.vn\/index.php\/product\/bo-kit-elisa-dinh-luong-vitamin-b7-biotin\/","name":"B\u1ed9 k\u00edt ELISA \u0111\u1ecbnh l\u01b0\u1ee3ng Vitamin B7\/Biotin (HWEKT-V102) - Biosciences","isPartOf":{"@id":"https:\/\/biosciences.vn\/#website"},"primaryImageOfPage":{"@id":"https:\/\/biosciences.vn\/index.php\/product\/bo-kit-elisa-dinh-luong-vitamin-b7-biotin\/#primaryimage"},"image":{"@id":"https:\/\/biosciences.vn\/index.php\/product\/bo-kit-elisa-dinh-luong-vitamin-b7-biotin\/#primaryimage"},"thumbnailUrl":"https:\/\/biosciences.vn\/wp-content\/uploads\/2024\/06\/Pribolab-Elisa-Kit.jpg","datePublished":"2024-06-17T04:48:36+00:00","dateModified":"2025-08-28T07:55:09+00:00","breadcrumb":{"@id":"https:\/\/biosciences.vn\/index.php\/product\/bo-kit-elisa-dinh-luong-vitamin-b7-biotin\/#breadcrumb"},"inLanguage":"en-US","potentialAction":[{"@type":"ReadAction","target":["https:\/\/biosciences.vn\/index.php\/product\/bo-kit-elisa-dinh-luong-vitamin-b7-biotin\/"]}]},{"@type":"ImageObject","inLanguage":"en-US","@id":"https:\/\/biosciences.vn\/index.php\/product\/bo-kit-elisa-dinh-luong-vitamin-b7-biotin\/#primaryimage","url":"https:\/\/biosciences.vn\/wp-content\/uploads\/2024\/06\/Pribolab-Elisa-Kit.jpg","contentUrl":"https:\/\/biosciences.vn\/wp-content\/uploads\/2024\/06\/Pribolab-Elisa-Kit.jpg","width":800,"height":800},{"@type":"BreadcrumbList","@id":"https:\/\/biosciences.vn\/index.php\/product\/bo-kit-elisa-dinh-luong-vitamin-b7-biotin\/#breadcrumb","itemListElement":[{"@type":"ListItem","position":1,"name":"Trang ch\u1ee7","item":"https:\/\/biosciences.vn\/index.php\/en\/home\/"},{"@type":"ListItem","position":2,"name":"Shop","item":"https:\/\/biosciences.vn\/index.php\/shop\/"},{"@type":"ListItem","position":3,"name":"B\u1ed9 k\u00edt ELISA \u0111\u1ecbnh l\u01b0\u1ee3ng Vitamin B7\/Biotin (HWEKT-V102)"}]},{"@type":"WebSite","@id":"https:\/\/biosciences.vn\/#website","url":"https:\/\/biosciences.vn\/","name":"Biosciences","description":"","publisher":{"@id":"https:\/\/biosciences.vn\/#organization"},"potentialAction":[{"@type":"SearchAction","target":{"@type":"EntryPoint","urlTemplate":"https:\/\/biosciences.vn\/?s={search_term_string}"},"query-input":{"@type":"PropertyValueSpecification","valueRequired":true,"valueName":"search_term_string"}}],"inLanguage":"en-US"},{"@type":"Organization","@id":"https:\/\/biosciences.vn\/#organization","name":"Biosciences","url":"https:\/\/biosciences.vn\/","logo":{"@type":"ImageObject","inLanguage":"en-US","@id":"https:\/\/biosciences.vn\/#\/schema\/logo\/image\/","url":"https:\/\/biosciences.vn\/wp-content\/uploads\/2024\/04\/LOGO-BIOSCIENCES-PNG.png","contentUrl":"https:\/\/biosciences.vn\/wp-content\/uploads\/2024\/04\/LOGO-BIOSCIENCES-PNG.png","width":2536,"height":638,"caption":"Biosciences"},"image":{"@id":"https:\/\/biosciences.vn\/#\/schema\/logo\/image\/"}}]}},"brands":[{"id":642,"name":"Pribolab","slug":"pribolab-vi"}],"_links":{"self":[{"href":"https:\/\/biosciences.vn\/index.php\/wp-json\/wp\/v2\/product\/5555"}],"collection":[{"href":"https:\/\/biosciences.vn\/index.php\/wp-json\/wp\/v2\/product"}],"about":[{"href":"https:\/\/biosciences.vn\/index.php\/wp-json\/wp\/v2\/types\/product"}],"replies":[{"embeddable":true,"href":"https:\/\/biosciences.vn\/index.php\/wp-json\/wp\/v2\/comments?post=5555"}],"wp:featuredmedia":[{"embeddable":true,"href":"https:\/\/biosciences.vn\/index.php\/wp-json\/wp\/v2\/media\/5435"}],"wp:attachment":[{"href":"https:\/\/biosciences.vn\/index.php\/wp-json\/wp\/v2\/media?parent=5555"}],"wp:term":[{"taxonomy":"pwb-brand","embeddable":true,"href":"https:\/\/biosciences.vn\/index.php\/wp-json\/wp\/v2\/pwb-brand?post=5555"},{"taxonomy":"product_cat","embeddable":true,"href":"https:\/\/biosciences.vn\/index.php\/wp-json\/wp\/v2\/product_cat?post=5555"},{"taxonomy":"product_tag","embeddable":true,"href":"https:\/\/biosciences.vn\/index.php\/wp-json\/wp\/v2\/product_tag?post=5555"}],"curies":[{"name":"wp","href":"https:\/\/api.w.org\/{rel}","templated":true}]}}