{"id":5563,"date":"2024-06-17T13:51:04","date_gmt":"2024-06-17T06:51:04","guid":{"rendered":"https:\/\/biosciences.vn\/?post_type=product&#038;p=5563"},"modified":"2025-08-28T14:55:09","modified_gmt":"2025-08-28T07:55:09","slug":"bo-kit-elisa-dinh-luong-hat-brazil-brazil-nut-elisa-kit","status":"publish","type":"product","link":"https:\/\/biosciences.vn\/index.php\/product\/bo-kit-elisa-dinh-luong-hat-brazil-brazil-nut-elisa-kit\/","title":{"rendered":"B\u1ed9 Kit ELISA \u0110\u1ecbnh L\u01b0\u1ee3ng H\u1ea1t Qu\u1ea3 H\u1ea1ch Brazil (Brazil Nut ELISA Kit) (HWEKT-BN10)"},"content":{"rendered":"<h4>M\u00f4 t\u1ea3 chung<\/h4>\n<p>H\u1ea1t qu\u1ea3 h\u1ea1ch Brazil (Bertholletia excelsa), m\u1ed9t lo\u1ea1i c\u00e2y thu\u1ed9c h\u1ecd Lecythidaceae, n\u1ed5i b\u1eadt v\u1edbi h\u00e0m l\u01b0\u1ee3ng vi ch\u1ea5t dinh d\u01b0\u1ee1ng phong ph\u00fa, \u0111\u1eb7c bi\u1ec7t l\u00e0 h\u00e0m l\u01b0\u1ee3ng selen cao. H\u00e0m l\u01b0\u1ee3ng protein trong h\u1ea1t d\u1ebb Brazil kho\u1ea3ng 14%, v\u00e0 m\u1ed9t s\u1ed1 trong s\u1ed1 \u0111\u00f3 l\u00e0 c\u00e1c ch\u1ea5t g\u00e2y d\u1ecb \u1ee9ng n\u1ed5i ti\u1ebfng. D\u1ecb \u1ee9ng v\u1edbi h\u1ea1t d\u1ebb Brazil kh\u00e1 hi\u1ebfm, nh\u01b0ng c\u00f3 th\u1ec3 r\u1ea5t \u0111\u1eb7c bi\u1ec7t trong m\u1ed9t s\u1ed1 tr\u01b0\u1eddng h\u1ee3p. B\u1ed9 Kit ELISA \u0110\u1ecbnh L\u01b0\u1ee3ng H\u1ea1t qu\u1ea3 h\u1ea1ch Brazil l\u00e0 s\u1ea3n ph\u1ea9m ki\u1ec3m tra d\u1ecb \u1ee9ng c\u00f3 \u0111\u1ed9 nh\u1ea1y cao, c\u00f3 kh\u1ea3 n\u0103ng gi\u00e1m s\u00e1t m\u00f4i tr\u01b0\u1eddng v\u00e0 ph\u00e2n t\u00edch \u0111\u1ecbnh l\u01b0\u1ee3ng d\u01b0 l\u01b0\u1ee3ng h\u1ea1t d\u1ebb Brazil trong c\u00e1c s\u1ea3n ph\u1ea9m b\u00e1nh k\u1eb9o, th\u1ef1c ph\u1ea9m, th\u1ecbt, ng\u0169 c\u1ed1c v\u00e0 s\u00f4 c\u00f4 la, v.v.<\/p>\n<h4>Ph\u1ea3n \u1ee9ng ch\u00e9o<\/h4>\n<p>Kh\u00f4ng c\u00f3 ph\u1ea3n \u1ee9ng ch\u00e9o quan s\u00e1t \u0111\u01b0\u1ee3c trong s\u1eefa, ng\u0169 c\u1ed1c, th\u1ecbt, tr\u1ee9ng, \u0111\u1eadu, v.v. \u0110\u1ec3 bi\u1ebft th\u00eam chi ti\u1ebft, vui l\u00f2ng li\u00ean h\u1ec7 v\u1edbi ch\u00fang t\u00f4i \u0111\u1ec3 nh\u1eadn h\u01b0\u1edbng d\u1eabn s\u1eed d\u1ee5ng.<\/p>\n<h4>Th\u00f4ng s\u1ed1 k\u1ef9 thu\u1eadt<\/h4>\n<ul>\n<li>M\u00e3 s\u1ea3n ph\u1ea9m: EKT-BN10<\/li>\n<li>Ph\u1ea1m vi ph\u00e1t hi\u1ec7n (\u03bcg\/kg): 0-40 mg\/kg (\u03bcg\/100 cm\u00b2)<\/li>\n<li>S\u1ed1 l\u1ea7n ki\u1ec3m tra: 48\/96 T<\/li>\n<li>\u0110\u1ed9 nh\u1ea1y: 0.2 ppm<\/li>\n<li>\u0110\u01b0\u1eddng cong hi\u1ec7u chu\u1ea9n: 0, 1, 4, 10, 40 ppm<\/li>\n<li>Ph\u1ea1m vi \u0111\u1ecbnh l\u01b0\u1ee3ng: 1-40 ppm<\/li>\n<li>Th\u1eddi gian \u1ee7 t\u1ed5ng c\u1ed9ng: 60 ph\u00fat (20\/20\/20 ph\u00fat)<\/li>\n<li>Nguy\u00ean l\u00fd x\u00e9t nghi\u1ec7m: Sandwich ELISA<\/li>\n<li>Nhi\u1ec7t \u0111\u1ed9 b\u1ea3o qu\u1ea3n: 2-8\u2103<\/li>\n<\/ul>\n","protected":false},"excerpt":{"rendered":"<p>M\u00f4 t\u1ea3 chung H\u1ea1t qu\u1ea3 h\u1ea1ch Brazil (Bertholletia excelsa), m\u1ed9t lo\u1ea1i c\u00e2y thu\u1ed9c h\u1ecd Lecythidaceae, n\u1ed5i b\u1eadt v\u1edbi h\u00e0m l\u01b0\u1ee3ng vi ch\u1ea5t dinh d\u01b0\u1ee1ng phong ph\u00fa, \u0111\u1eb7c bi\u1ec7t l\u00e0 h\u00e0m l\u01b0\u1ee3ng selen cao. H\u00e0m l\u01b0\u1ee3ng protein trong h\u1ea1t d\u1ebb Brazil kho\u1ea3ng 14%, v\u00e0 m\u1ed9t s\u1ed1 trong s\u1ed1 \u0111\u00f3 l\u00e0 c\u00e1c ch\u1ea5t g\u00e2y d\u1ecb \u1ee9ng n\u1ed5i [&hellip;]<\/p>\n","protected":false},"featured_media":5561,"comment_status":"open","ping_status":"closed","template":"","meta":[],"pwb-brand":[642],"product_cat":[687,592,697,485,537],"product_tag":[701,705],"class_list":{"0":"post-5563","1":"product","2":"type-product","3":"status-publish","4":"has-post-thumbnail","6":"pwb-brand-pribolab-vi","7":"product_cat-elisa-kit-vi","8":"product_cat-cac-loai-hat-vi","9":"product_cat-chat-gay-di-ung","10":"product_cat-hoa-chat-vat-tu","11":"product_cat-kit-phat-hien","12":"product_tag-elisa-kits","13":"product_tag-sandwich-elisa","15":"first","16":"instock","17":"shipping-taxable","18":"purchasable","19":"product-type-variable"},"yoast_head":"<!-- This site is optimized with the Yoast SEO plugin v23.6 - https:\/\/yoast.com\/wordpress\/plugins\/seo\/ -->\n<title>B\u1ed9 Kit ELISA \u0110\u1ecbnh L\u01b0\u1ee3ng H\u1ea1t Qu\u1ea3 H\u1ea1ch Brazil (Brazil Nut ELISA Kit) (HWEKT-BN10) - Biosciences<\/title>\n<meta name=\"robots\" content=\"index, follow, max-snippet:-1, max-image-preview:large, max-video-preview:-1\" \/>\n<link rel=\"canonical\" href=\"https:\/\/biosciences.vn\/index.php\/product\/bo-kit-elisa-dinh-luong-hat-brazil-brazil-nut-elisa-kit\/\" \/>\n<meta property=\"og:locale\" content=\"en_US\" \/>\n<meta property=\"og:type\" content=\"article\" \/>\n<meta property=\"og:title\" content=\"B\u1ed9 Kit ELISA \u0110\u1ecbnh L\u01b0\u1ee3ng H\u1ea1t Qu\u1ea3 H\u1ea1ch Brazil (Brazil Nut ELISA Kit) (HWEKT-BN10) - Biosciences\" \/>\n<meta property=\"og:description\" content=\"M\u00f4 t\u1ea3 chung H\u1ea1t qu\u1ea3 h\u1ea1ch Brazil (Bertholletia excelsa), m\u1ed9t lo\u1ea1i c\u00e2y thu\u1ed9c h\u1ecd Lecythidaceae, n\u1ed5i b\u1eadt v\u1edbi h\u00e0m l\u01b0\u1ee3ng vi ch\u1ea5t dinh d\u01b0\u1ee1ng phong ph\u00fa, \u0111\u1eb7c bi\u1ec7t l\u00e0 h\u00e0m l\u01b0\u1ee3ng selen cao. H\u00e0m l\u01b0\u1ee3ng protein trong h\u1ea1t d\u1ebb Brazil kho\u1ea3ng 14%, v\u00e0 m\u1ed9t s\u1ed1 trong s\u1ed1 \u0111\u00f3 l\u00e0 c\u00e1c ch\u1ea5t g\u00e2y d\u1ecb \u1ee9ng n\u1ed5i [&hellip;]\" \/>\n<meta property=\"og:url\" content=\"https:\/\/biosciences.vn\/index.php\/product\/bo-kit-elisa-dinh-luong-hat-brazil-brazil-nut-elisa-kit\/\" \/>\n<meta property=\"og:site_name\" content=\"Biosciences\" \/>\n<meta property=\"article:modified_time\" content=\"2025-08-28T07:55:09+00:00\" \/>\n<meta property=\"og:image\" content=\"https:\/\/biosciences.vn\/wp-content\/uploads\/2024\/06\/Food-allergen.png\" \/>\n\t<meta property=\"og:image:width\" content=\"820\" \/>\n\t<meta property=\"og:image:height\" content=\"680\" \/>\n\t<meta property=\"og:image:type\" content=\"image\/png\" \/>\n<meta name=\"twitter:card\" content=\"summary_large_image\" \/>\n<meta name=\"twitter:label1\" content=\"Est. reading time\" \/>\n\t<meta name=\"twitter:data1\" content=\"2 minutes\" \/>\n<script type=\"application\/ld+json\" class=\"yoast-schema-graph\">{\"@context\":\"https:\/\/schema.org\",\"@graph\":[{\"@type\":\"WebPage\",\"@id\":\"https:\/\/biosciences.vn\/index.php\/product\/bo-kit-elisa-dinh-luong-hat-brazil-brazil-nut-elisa-kit\/\",\"url\":\"https:\/\/biosciences.vn\/index.php\/product\/bo-kit-elisa-dinh-luong-hat-brazil-brazil-nut-elisa-kit\/\",\"name\":\"B\u1ed9 Kit ELISA \u0110\u1ecbnh L\u01b0\u1ee3ng H\u1ea1t Qu\u1ea3 H\u1ea1ch Brazil (Brazil Nut ELISA Kit) (HWEKT-BN10) - Biosciences\",\"isPartOf\":{\"@id\":\"https:\/\/biosciences.vn\/#website\"},\"primaryImageOfPage\":{\"@id\":\"https:\/\/biosciences.vn\/index.php\/product\/bo-kit-elisa-dinh-luong-hat-brazil-brazil-nut-elisa-kit\/#primaryimage\"},\"image\":{\"@id\":\"https:\/\/biosciences.vn\/index.php\/product\/bo-kit-elisa-dinh-luong-hat-brazil-brazil-nut-elisa-kit\/#primaryimage\"},\"thumbnailUrl\":\"https:\/\/biosciences.vn\/wp-content\/uploads\/2024\/06\/Food-allergen.png\",\"datePublished\":\"2024-06-17T06:51:04+00:00\",\"dateModified\":\"2025-08-28T07:55:09+00:00\",\"breadcrumb\":{\"@id\":\"https:\/\/biosciences.vn\/index.php\/product\/bo-kit-elisa-dinh-luong-hat-brazil-brazil-nut-elisa-kit\/#breadcrumb\"},\"inLanguage\":\"en-US\",\"potentialAction\":[{\"@type\":\"ReadAction\",\"target\":[\"https:\/\/biosciences.vn\/index.php\/product\/bo-kit-elisa-dinh-luong-hat-brazil-brazil-nut-elisa-kit\/\"]}]},{\"@type\":\"ImageObject\",\"inLanguage\":\"en-US\",\"@id\":\"https:\/\/biosciences.vn\/index.php\/product\/bo-kit-elisa-dinh-luong-hat-brazil-brazil-nut-elisa-kit\/#primaryimage\",\"url\":\"https:\/\/biosciences.vn\/wp-content\/uploads\/2024\/06\/Food-allergen.png\",\"contentUrl\":\"https:\/\/biosciences.vn\/wp-content\/uploads\/2024\/06\/Food-allergen.png\",\"width\":820,\"height\":680},{\"@type\":\"BreadcrumbList\",\"@id\":\"https:\/\/biosciences.vn\/index.php\/product\/bo-kit-elisa-dinh-luong-hat-brazil-brazil-nut-elisa-kit\/#breadcrumb\",\"itemListElement\":[{\"@type\":\"ListItem\",\"position\":1,\"name\":\"Trang ch\u1ee7\",\"item\":\"https:\/\/biosciences.vn\/index.php\/en\/home\/\"},{\"@type\":\"ListItem\",\"position\":2,\"name\":\"Shop\",\"item\":\"https:\/\/biosciences.vn\/index.php\/shop\/\"},{\"@type\":\"ListItem\",\"position\":3,\"name\":\"B\u1ed9 Kit ELISA \u0110\u1ecbnh L\u01b0\u1ee3ng H\u1ea1t Qu\u1ea3 H\u1ea1ch Brazil (Brazil Nut ELISA Kit) (HWEKT-BN10)\"}]},{\"@type\":\"WebSite\",\"@id\":\"https:\/\/biosciences.vn\/#website\",\"url\":\"https:\/\/biosciences.vn\/\",\"name\":\"Biosciences\",\"description\":\"\",\"publisher\":{\"@id\":\"https:\/\/biosciences.vn\/#organization\"},\"potentialAction\":[{\"@type\":\"SearchAction\",\"target\":{\"@type\":\"EntryPoint\",\"urlTemplate\":\"https:\/\/biosciences.vn\/?s={search_term_string}\"},\"query-input\":{\"@type\":\"PropertyValueSpecification\",\"valueRequired\":true,\"valueName\":\"search_term_string\"}}],\"inLanguage\":\"en-US\"},{\"@type\":\"Organization\",\"@id\":\"https:\/\/biosciences.vn\/#organization\",\"name\":\"Biosciences\",\"url\":\"https:\/\/biosciences.vn\/\",\"logo\":{\"@type\":\"ImageObject\",\"inLanguage\":\"en-US\",\"@id\":\"https:\/\/biosciences.vn\/#\/schema\/logo\/image\/\",\"url\":\"https:\/\/biosciences.vn\/wp-content\/uploads\/2024\/04\/LOGO-BIOSCIENCES-PNG.png\",\"contentUrl\":\"https:\/\/biosciences.vn\/wp-content\/uploads\/2024\/04\/LOGO-BIOSCIENCES-PNG.png\",\"width\":2536,\"height\":638,\"caption\":\"Biosciences\"},\"image\":{\"@id\":\"https:\/\/biosciences.vn\/#\/schema\/logo\/image\/\"}}]}<\/script>\n<!-- \/ Yoast SEO plugin. -->","yoast_head_json":{"title":"B\u1ed9 Kit ELISA \u0110\u1ecbnh L\u01b0\u1ee3ng H\u1ea1t Qu\u1ea3 H\u1ea1ch Brazil (Brazil Nut ELISA Kit) (HWEKT-BN10) - Biosciences","robots":{"index":"index","follow":"follow","max-snippet":"max-snippet:-1","max-image-preview":"max-image-preview:large","max-video-preview":"max-video-preview:-1"},"canonical":"https:\/\/biosciences.vn\/index.php\/product\/bo-kit-elisa-dinh-luong-hat-brazil-brazil-nut-elisa-kit\/","og_locale":"en_US","og_type":"article","og_title":"B\u1ed9 Kit ELISA \u0110\u1ecbnh L\u01b0\u1ee3ng H\u1ea1t Qu\u1ea3 H\u1ea1ch Brazil (Brazil Nut ELISA Kit) (HWEKT-BN10) - Biosciences","og_description":"M\u00f4 t\u1ea3 chung H\u1ea1t qu\u1ea3 h\u1ea1ch Brazil (Bertholletia excelsa), m\u1ed9t lo\u1ea1i c\u00e2y thu\u1ed9c h\u1ecd Lecythidaceae, n\u1ed5i b\u1eadt v\u1edbi h\u00e0m l\u01b0\u1ee3ng vi ch\u1ea5t dinh d\u01b0\u1ee1ng phong ph\u00fa, \u0111\u1eb7c bi\u1ec7t l\u00e0 h\u00e0m l\u01b0\u1ee3ng selen cao. H\u00e0m l\u01b0\u1ee3ng protein trong h\u1ea1t d\u1ebb Brazil kho\u1ea3ng 14%, v\u00e0 m\u1ed9t s\u1ed1 trong s\u1ed1 \u0111\u00f3 l\u00e0 c\u00e1c ch\u1ea5t g\u00e2y d\u1ecb \u1ee9ng n\u1ed5i [&hellip;]","og_url":"https:\/\/biosciences.vn\/index.php\/product\/bo-kit-elisa-dinh-luong-hat-brazil-brazil-nut-elisa-kit\/","og_site_name":"Biosciences","article_modified_time":"2025-08-28T07:55:09+00:00","og_image":[{"width":820,"height":680,"url":"https:\/\/biosciences.vn\/wp-content\/uploads\/2024\/06\/Food-allergen.png","type":"image\/png"}],"twitter_card":"summary_large_image","twitter_misc":{"Est. reading time":"2 minutes"},"schema":{"@context":"https:\/\/schema.org","@graph":[{"@type":"WebPage","@id":"https:\/\/biosciences.vn\/index.php\/product\/bo-kit-elisa-dinh-luong-hat-brazil-brazil-nut-elisa-kit\/","url":"https:\/\/biosciences.vn\/index.php\/product\/bo-kit-elisa-dinh-luong-hat-brazil-brazil-nut-elisa-kit\/","name":"B\u1ed9 Kit ELISA \u0110\u1ecbnh L\u01b0\u1ee3ng H\u1ea1t Qu\u1ea3 H\u1ea1ch Brazil (Brazil Nut ELISA Kit) (HWEKT-BN10) - Biosciences","isPartOf":{"@id":"https:\/\/biosciences.vn\/#website"},"primaryImageOfPage":{"@id":"https:\/\/biosciences.vn\/index.php\/product\/bo-kit-elisa-dinh-luong-hat-brazil-brazil-nut-elisa-kit\/#primaryimage"},"image":{"@id":"https:\/\/biosciences.vn\/index.php\/product\/bo-kit-elisa-dinh-luong-hat-brazil-brazil-nut-elisa-kit\/#primaryimage"},"thumbnailUrl":"https:\/\/biosciences.vn\/wp-content\/uploads\/2024\/06\/Food-allergen.png","datePublished":"2024-06-17T06:51:04+00:00","dateModified":"2025-08-28T07:55:09+00:00","breadcrumb":{"@id":"https:\/\/biosciences.vn\/index.php\/product\/bo-kit-elisa-dinh-luong-hat-brazil-brazil-nut-elisa-kit\/#breadcrumb"},"inLanguage":"en-US","potentialAction":[{"@type":"ReadAction","target":["https:\/\/biosciences.vn\/index.php\/product\/bo-kit-elisa-dinh-luong-hat-brazil-brazil-nut-elisa-kit\/"]}]},{"@type":"ImageObject","inLanguage":"en-US","@id":"https:\/\/biosciences.vn\/index.php\/product\/bo-kit-elisa-dinh-luong-hat-brazil-brazil-nut-elisa-kit\/#primaryimage","url":"https:\/\/biosciences.vn\/wp-content\/uploads\/2024\/06\/Food-allergen.png","contentUrl":"https:\/\/biosciences.vn\/wp-content\/uploads\/2024\/06\/Food-allergen.png","width":820,"height":680},{"@type":"BreadcrumbList","@id":"https:\/\/biosciences.vn\/index.php\/product\/bo-kit-elisa-dinh-luong-hat-brazil-brazil-nut-elisa-kit\/#breadcrumb","itemListElement":[{"@type":"ListItem","position":1,"name":"Trang ch\u1ee7","item":"https:\/\/biosciences.vn\/index.php\/en\/home\/"},{"@type":"ListItem","position":2,"name":"Shop","item":"https:\/\/biosciences.vn\/index.php\/shop\/"},{"@type":"ListItem","position":3,"name":"B\u1ed9 Kit ELISA \u0110\u1ecbnh L\u01b0\u1ee3ng H\u1ea1t Qu\u1ea3 H\u1ea1ch Brazil (Brazil Nut ELISA Kit) (HWEKT-BN10)"}]},{"@type":"WebSite","@id":"https:\/\/biosciences.vn\/#website","url":"https:\/\/biosciences.vn\/","name":"Biosciences","description":"","publisher":{"@id":"https:\/\/biosciences.vn\/#organization"},"potentialAction":[{"@type":"SearchAction","target":{"@type":"EntryPoint","urlTemplate":"https:\/\/biosciences.vn\/?s={search_term_string}"},"query-input":{"@type":"PropertyValueSpecification","valueRequired":true,"valueName":"search_term_string"}}],"inLanguage":"en-US"},{"@type":"Organization","@id":"https:\/\/biosciences.vn\/#organization","name":"Biosciences","url":"https:\/\/biosciences.vn\/","logo":{"@type":"ImageObject","inLanguage":"en-US","@id":"https:\/\/biosciences.vn\/#\/schema\/logo\/image\/","url":"https:\/\/biosciences.vn\/wp-content\/uploads\/2024\/04\/LOGO-BIOSCIENCES-PNG.png","contentUrl":"https:\/\/biosciences.vn\/wp-content\/uploads\/2024\/04\/LOGO-BIOSCIENCES-PNG.png","width":2536,"height":638,"caption":"Biosciences"},"image":{"@id":"https:\/\/biosciences.vn\/#\/schema\/logo\/image\/"}}]}},"brands":[{"id":642,"name":"Pribolab","slug":"pribolab-vi"}],"_links":{"self":[{"href":"https:\/\/biosciences.vn\/index.php\/wp-json\/wp\/v2\/product\/5563"}],"collection":[{"href":"https:\/\/biosciences.vn\/index.php\/wp-json\/wp\/v2\/product"}],"about":[{"href":"https:\/\/biosciences.vn\/index.php\/wp-json\/wp\/v2\/types\/product"}],"replies":[{"embeddable":true,"href":"https:\/\/biosciences.vn\/index.php\/wp-json\/wp\/v2\/comments?post=5563"}],"wp:featuredmedia":[{"embeddable":true,"href":"https:\/\/biosciences.vn\/index.php\/wp-json\/wp\/v2\/media\/5561"}],"wp:attachment":[{"href":"https:\/\/biosciences.vn\/index.php\/wp-json\/wp\/v2\/media?parent=5563"}],"wp:term":[{"taxonomy":"pwb-brand","embeddable":true,"href":"https:\/\/biosciences.vn\/index.php\/wp-json\/wp\/v2\/pwb-brand?post=5563"},{"taxonomy":"product_cat","embeddable":true,"href":"https:\/\/biosciences.vn\/index.php\/wp-json\/wp\/v2\/product_cat?post=5563"},{"taxonomy":"product_tag","embeddable":true,"href":"https:\/\/biosciences.vn\/index.php\/wp-json\/wp\/v2\/product_tag?post=5563"}],"curies":[{"name":"wp","href":"https:\/\/api.w.org\/{rel}","templated":true}]}}