{"id":5641,"date":"2024-07-07T17:26:34","date_gmt":"2024-07-07T10:26:34","guid":{"rendered":"https:\/\/biosciences.vn\/?post_type=product&#038;p=5641"},"modified":"2025-08-28T14:55:09","modified_gmt":"2025-08-28T07:55:09","slug":"chi-thi-sinh-hoc-nhanh-steam-instatru-true-indicating","status":"publish","type":"product","link":"https:\/\/biosciences.vn\/index.php\/product\/chi-thi-sinh-hoc-nhanh-steam-instatru-true-indicating\/","title":{"rendered":"Ch\u1ec9 Th\u1ecb Sinh H\u1ecdc Nhanh STEAM InstaTRU\u2122 &#8211; True Indicating (ISCS-05-BI)"},"content":{"rendered":"<p><strong>Gi\u1edbi thi\u1ec7u s\u1ea3n ph\u1ea9m:<\/strong><\/p>\n<p>Ch\u1ec9 Th\u1ecb Sinh H\u1ecdc Nhanh STEAM InstaTRU\u2122 c\u1ee7a True Indicating l\u00e0 gi\u1ea3i ph\u00e1p ti\u00ean ti\u1ebfn nh\u1ea5t cho ki\u1ec3m tra hi\u1ec7u qu\u1ea3 ti\u1ec7t tr\u00f9ng b\u1eb1ng h\u01a1i n\u01b0\u1edbc. V\u1edbi kh\u1ea3 n\u0103ng cho k\u1ebft qu\u1ea3 ch\u1ec9 trong 20 gi\u00e2y, s\u1ea3n ph\u1ea9m n\u00e0y mang \u0111\u1ebfn s\u1ef1 ch\u00ednh x\u00e1c v\u00e0 ti\u1ec7n l\u1ee3i v\u01b0\u1ee3t tr\u1ed9i m\u00e0 kh\u00f4ng c\u1ea7n \u0111\u1ebfn c\u00e1c thi\u1ebft b\u1ecb \u0111\u1ecdc hay \u1ee7 \u0111\u1eb7c bi\u1ec7t.<\/p>\n<p><strong>\u0110\u1eb7c \u0111i\u1ec3m n\u1ed5i b\u1eadt:<\/strong><\/p>\n<ul>\n<li><strong>K\u1ebft qu\u1ea3 nhanh ch\u00f3ng:<\/strong> Ch\u1ec9 m\u1ea5t 20 gi\u00e2y \u0111\u1ec3 c\u00f3 k\u1ebft qu\u1ea3, gi\u00fap t\u1ed1i \u01b0u h\u00f3a th\u1eddi gian v\u00e0 t\u0103ng hi\u1ec7u qu\u1ea3 c\u00f4ng vi\u1ec7c.<\/li>\n<li><strong>Kh\u00f4ng c\u1ea7n thi\u1ebft b\u1ecb \u0111\u1eb7c bi\u1ec7t:<\/strong> S\u1ea3n ph\u1ea9m kh\u00f4ng y\u00eau c\u1ea7u s\u1eed d\u1ee5ng \u0111\u1ea7u \u0111\u1ecdc ho\u1eb7c l\u00f2 \u1ee7, gi\u00fap ti\u1ebft ki\u1ec7m chi ph\u00ed \u0111\u1ea7u t\u01b0 thi\u1ebft b\u1ecb.<\/li>\n<li><strong>\u0110\u1ea1t chu\u1ea9n qu\u1ed1c t\u1ebf:<\/strong> Tu\u00e2n th\u1ee7 c\u00e1c ti\u00eau chu\u1ea9n USP, ISO 11138-1 v\u00e0 ISO 11138-3, \u0111\u1ea3m b\u1ea3o ch\u1ea5t l\u01b0\u1ee3ng v\u00e0 \u0111\u1ed9 tin c\u1eady.<\/li>\n<li><strong>Ch\u1ee9ng nh\u1eadn FDA:<\/strong> \u0110\u01b0\u1ee3c ch\u1ee9ng nh\u1eadn FDA 510k d\u01b0\u1edbi m\u00e3 K210481, \u0111\u1ea3m b\u1ea3o an to\u00e0n v\u00e0 hi\u1ec7u qu\u1ea3.<\/li>\n<\/ul>\n<p><strong>H\u01b0\u1edbng d\u1eabn s\u1eed d\u1ee5ng:<\/strong><\/p>\n<ol>\n<li><strong>Chu\u1ea9n b\u1ecb:<\/strong> \u0110\u1eb7t ch\u1ec9 th\u1ecb sinh h\u1ecdc v\u00e0o trong qu\u00e1 tr\u00ecnh ti\u1ec7t tr\u00f9ng.<\/li>\n<li><strong>Ti\u1ec7t tr\u00f9ng:<\/strong> Th\u1ef1c hi\u1ec7n quy tr\u00ecnh ti\u1ec7t tr\u00f9ng nh\u01b0 b\u00ecnh th\u01b0\u1eddng.<\/li>\n<li><strong>\u0110\u1ecdc k\u1ebft qu\u1ea3:<\/strong> Sau khi ti\u1ec7t tr\u00f9ng, k\u1ebft qu\u1ea3 c\u00f3 th\u1ec3 \u0111\u1ecdc \u0111\u01b0\u1ee3c ngay trong 20 gi\u00e2y.<\/li>\n<li><strong>Qu\u1ea3n l\u00fd k\u1ebft qu\u1ea3:<\/strong> M\u1ed7i l\u00f4 s\u1ea3n ph\u1ea9m \u0111i k\u00e8m m\u00e3 QR. S\u1eed d\u1ee5ng camera \u0111i\u1ec7n tho\u1ea1i \u0111\u1ec3 qu\u00e9t m\u00e3 QR, l\u01b0u k\u1ebft qu\u1ea3 k\u1ef9 thu\u1eadt s\u1ed1. Nh\u1ea5p v\u00e0o li\u00ean k\u1ebft xu\u1ea5t hi\u1ec7n, \u0111i\u1ec1n th\u00f4ng tin v\u00e0 nh\u1ea5n g\u1eedi.<\/li>\n<\/ol>\n<p><strong>L\u1ee3i \u00edch khi s\u1eed d\u1ee5ng Ch\u1ec9 Th\u1ecb Sinh H\u1ecdc Nhanh STEAM InstaTRU\u2122:<\/strong><\/p>\n<ul>\n<li><strong>\u0110\u1ea3m b\u1ea3o an to\u00e0n:<\/strong> X\u00e1c \u0111\u1ecbnh ch\u00ednh x\u00e1c hi\u1ec7u qu\u1ea3 c\u1ee7a quy tr\u00ecnh ti\u1ec7t tr\u00f9ng, \u0111\u1ea3m b\u1ea3o m\u00f4i tr\u01b0\u1eddng v\u00f4 tr\u00f9ng v\u00e0 an to\u00e0n.<\/li>\n<li><strong>Ti\u1ebft ki\u1ec7m chi ph\u00ed:<\/strong> Kh\u00f4ng c\u1ea7n thi\u1ebft b\u1ecb \u0111\u1eb7c bi\u1ec7t, gi\u1ea3m thi\u1ec3u chi ph\u00ed \u0111\u1ea7u t\u01b0.<\/li>\n<li><strong>N\u00e2ng cao uy t\u00edn:<\/strong> S\u1eed d\u1ee5ng s\u1ea3n ph\u1ea9m ch\u1ea5t l\u01b0\u1ee3ng cao t\u1eeb True Indicating gi\u00fap n\u00e2ng cao uy t\u00edn v\u00e0 ch\u1ea5t l\u01b0\u1ee3ng d\u1ecbch v\u1ee5 c\u1ee7a b\u1ea1n.<\/li>\n<\/ul>\n<p><strong>Xem video h\u01b0\u1edbng d\u1eabn s\u1eed d\u1ee5ng:<\/strong> [<a href=\"https:\/\/www.trueindicating.com\/instant-biological-indicator\">Link video h\u01b0\u1edbng d\u1eabn<\/a>]<\/p>\n","protected":false},"excerpt":{"rendered":"<p>Gi\u1edbi thi\u1ec7u s\u1ea3n ph\u1ea9m: Ch\u1ec9 Th\u1ecb Sinh H\u1ecdc Nhanh STEAM InstaTRU\u2122 c\u1ee7a True Indicating l\u00e0 gi\u1ea3i ph\u00e1p ti\u00ean ti\u1ebfn nh\u1ea5t cho ki\u1ec3m tra hi\u1ec7u qu\u1ea3 ti\u1ec7t tr\u00f9ng b\u1eb1ng h\u01a1i n\u01b0\u1edbc. V\u1edbi kh\u1ea3 n\u0103ng cho k\u1ebft qu\u1ea3 ch\u1ec9 trong 20 gi\u00e2y, s\u1ea3n ph\u1ea9m n\u00e0y mang \u0111\u1ebfn s\u1ef1 ch\u00ednh x\u00e1c v\u00e0 ti\u1ec7n l\u1ee3i v\u01b0\u1ee3t tr\u1ed9i m\u00e0 kh\u00f4ng [&hellip;]<\/p>\n","protected":false},"featured_media":5642,"comment_status":"open","ping_status":"closed","template":"","meta":[],"pwb-brand":[648],"product_cat":[491,707,737,741,709,739],"product_tag":[919],"class_list":{"0":"post-5641","1":"product","2":"type-product","3":"status-publish","4":"has-post-thumbnail","6":"pwb-brand-true-indicating-vi","7":"product_cat-kiem-soat-nhiem-khuan","8":"product_cat-cham-soc-suc-khoe","9":"product_cat-cong-nghiep","10":"product_cat-duoc-pham-vi","11":"product_cat-nha-khoa","12":"product_cat-phong-thi-nghiem","13":"product_tag-chi-thi-sinh-hoc-scbi","15":"first","16":"onbackorder","17":"shipping-taxable","18":"purchasable","19":"product-type-simple"},"yoast_head":"<!-- This site is optimized with the Yoast SEO plugin v23.6 - https:\/\/yoast.com\/wordpress\/plugins\/seo\/ -->\n<title>Ch\u1ec9 Th\u1ecb Sinh H\u1ecdc Nhanh STEAM InstaTRU\u2122 - True Indicating (ISCS-05-BI) - Biosciences<\/title>\n<meta name=\"robots\" content=\"index, follow, max-snippet:-1, max-image-preview:large, max-video-preview:-1\" \/>\n<link rel=\"canonical\" href=\"https:\/\/biosciences.vn\/index.php\/product\/chi-thi-sinh-hoc-nhanh-steam-instatru-true-indicating\/\" \/>\n<meta property=\"og:locale\" content=\"en_US\" \/>\n<meta property=\"og:type\" content=\"article\" \/>\n<meta property=\"og:title\" content=\"Ch\u1ec9 Th\u1ecb Sinh H\u1ecdc Nhanh STEAM InstaTRU\u2122 - True Indicating (ISCS-05-BI) - Biosciences\" \/>\n<meta property=\"og:description\" content=\"Gi\u1edbi thi\u1ec7u s\u1ea3n ph\u1ea9m: Ch\u1ec9 Th\u1ecb Sinh H\u1ecdc Nhanh STEAM InstaTRU\u2122 c\u1ee7a True Indicating l\u00e0 gi\u1ea3i ph\u00e1p ti\u00ean ti\u1ebfn nh\u1ea5t cho ki\u1ec3m tra hi\u1ec7u qu\u1ea3 ti\u1ec7t tr\u00f9ng b\u1eb1ng h\u01a1i n\u01b0\u1edbc. V\u1edbi kh\u1ea3 n\u0103ng cho k\u1ebft qu\u1ea3 ch\u1ec9 trong 20 gi\u00e2y, s\u1ea3n ph\u1ea9m n\u00e0y mang \u0111\u1ebfn s\u1ef1 ch\u00ednh x\u00e1c v\u00e0 ti\u1ec7n l\u1ee3i v\u01b0\u1ee3t tr\u1ed9i m\u00e0 kh\u00f4ng [&hellip;]\" \/>\n<meta property=\"og:url\" content=\"https:\/\/biosciences.vn\/index.php\/product\/chi-thi-sinh-hoc-nhanh-steam-instatru-true-indicating\/\" \/>\n<meta property=\"og:site_name\" content=\"Biosciences\" \/>\n<meta property=\"article:modified_time\" content=\"2025-08-28T07:55:09+00:00\" \/>\n<meta property=\"og:image\" content=\"https:\/\/biosciences.vn\/wp-content\/uploads\/2024\/07\/ProductPhotos_800x.webp\" \/>\n\t<meta property=\"og:image:width\" content=\"500\" \/>\n\t<meta property=\"og:image:height\" content=\"500\" \/>\n\t<meta property=\"og:image:type\" content=\"image\/webp\" \/>\n<meta name=\"twitter:card\" content=\"summary_large_image\" \/>\n<meta name=\"twitter:label1\" content=\"Est. reading time\" \/>\n\t<meta name=\"twitter:data1\" content=\"2 minutes\" \/>\n<script type=\"application\/ld+json\" class=\"yoast-schema-graph\">{\"@context\":\"https:\/\/schema.org\",\"@graph\":[{\"@type\":\"WebPage\",\"@id\":\"https:\/\/biosciences.vn\/index.php\/product\/chi-thi-sinh-hoc-nhanh-steam-instatru-true-indicating\/\",\"url\":\"https:\/\/biosciences.vn\/index.php\/product\/chi-thi-sinh-hoc-nhanh-steam-instatru-true-indicating\/\",\"name\":\"Ch\u1ec9 Th\u1ecb Sinh H\u1ecdc Nhanh STEAM InstaTRU\u2122 - True Indicating (ISCS-05-BI) - Biosciences\",\"isPartOf\":{\"@id\":\"https:\/\/biosciences.vn\/#website\"},\"primaryImageOfPage\":{\"@id\":\"https:\/\/biosciences.vn\/index.php\/product\/chi-thi-sinh-hoc-nhanh-steam-instatru-true-indicating\/#primaryimage\"},\"image\":{\"@id\":\"https:\/\/biosciences.vn\/index.php\/product\/chi-thi-sinh-hoc-nhanh-steam-instatru-true-indicating\/#primaryimage\"},\"thumbnailUrl\":\"https:\/\/biosciences.vn\/wp-content\/uploads\/2024\/07\/ProductPhotos_800x.webp\",\"datePublished\":\"2024-07-07T10:26:34+00:00\",\"dateModified\":\"2025-08-28T07:55:09+00:00\",\"breadcrumb\":{\"@id\":\"https:\/\/biosciences.vn\/index.php\/product\/chi-thi-sinh-hoc-nhanh-steam-instatru-true-indicating\/#breadcrumb\"},\"inLanguage\":\"en-US\",\"potentialAction\":[{\"@type\":\"ReadAction\",\"target\":[\"https:\/\/biosciences.vn\/index.php\/product\/chi-thi-sinh-hoc-nhanh-steam-instatru-true-indicating\/\"]}]},{\"@type\":\"ImageObject\",\"inLanguage\":\"en-US\",\"@id\":\"https:\/\/biosciences.vn\/index.php\/product\/chi-thi-sinh-hoc-nhanh-steam-instatru-true-indicating\/#primaryimage\",\"url\":\"https:\/\/biosciences.vn\/wp-content\/uploads\/2024\/07\/ProductPhotos_800x.webp\",\"contentUrl\":\"https:\/\/biosciences.vn\/wp-content\/uploads\/2024\/07\/ProductPhotos_800x.webp\",\"width\":500,\"height\":500},{\"@type\":\"BreadcrumbList\",\"@id\":\"https:\/\/biosciences.vn\/index.php\/product\/chi-thi-sinh-hoc-nhanh-steam-instatru-true-indicating\/#breadcrumb\",\"itemListElement\":[{\"@type\":\"ListItem\",\"position\":1,\"name\":\"Trang ch\u1ee7\",\"item\":\"https:\/\/biosciences.vn\/index.php\/en\/home\/\"},{\"@type\":\"ListItem\",\"position\":2,\"name\":\"Shop\",\"item\":\"https:\/\/biosciences.vn\/index.php\/shop\/\"},{\"@type\":\"ListItem\",\"position\":3,\"name\":\"Ch\u1ec9 Th\u1ecb Sinh H\u1ecdc Nhanh STEAM InstaTRU\u2122 &#8211; True Indicating (ISCS-05-BI)\"}]},{\"@type\":\"WebSite\",\"@id\":\"https:\/\/biosciences.vn\/#website\",\"url\":\"https:\/\/biosciences.vn\/\",\"name\":\"Biosciences\",\"description\":\"\",\"publisher\":{\"@id\":\"https:\/\/biosciences.vn\/#organization\"},\"potentialAction\":[{\"@type\":\"SearchAction\",\"target\":{\"@type\":\"EntryPoint\",\"urlTemplate\":\"https:\/\/biosciences.vn\/?s={search_term_string}\"},\"query-input\":{\"@type\":\"PropertyValueSpecification\",\"valueRequired\":true,\"valueName\":\"search_term_string\"}}],\"inLanguage\":\"en-US\"},{\"@type\":\"Organization\",\"@id\":\"https:\/\/biosciences.vn\/#organization\",\"name\":\"Biosciences\",\"url\":\"https:\/\/biosciences.vn\/\",\"logo\":{\"@type\":\"ImageObject\",\"inLanguage\":\"en-US\",\"@id\":\"https:\/\/biosciences.vn\/#\/schema\/logo\/image\/\",\"url\":\"https:\/\/biosciences.vn\/wp-content\/uploads\/2024\/04\/LOGO-BIOSCIENCES-PNG.png\",\"contentUrl\":\"https:\/\/biosciences.vn\/wp-content\/uploads\/2024\/04\/LOGO-BIOSCIENCES-PNG.png\",\"width\":2536,\"height\":638,\"caption\":\"Biosciences\"},\"image\":{\"@id\":\"https:\/\/biosciences.vn\/#\/schema\/logo\/image\/\"}}]}<\/script>\n<!-- \/ Yoast SEO plugin. -->","yoast_head_json":{"title":"Ch\u1ec9 Th\u1ecb Sinh H\u1ecdc Nhanh STEAM InstaTRU\u2122 - True Indicating (ISCS-05-BI) - Biosciences","robots":{"index":"index","follow":"follow","max-snippet":"max-snippet:-1","max-image-preview":"max-image-preview:large","max-video-preview":"max-video-preview:-1"},"canonical":"https:\/\/biosciences.vn\/index.php\/product\/chi-thi-sinh-hoc-nhanh-steam-instatru-true-indicating\/","og_locale":"en_US","og_type":"article","og_title":"Ch\u1ec9 Th\u1ecb Sinh H\u1ecdc Nhanh STEAM InstaTRU\u2122 - True Indicating (ISCS-05-BI) - Biosciences","og_description":"Gi\u1edbi thi\u1ec7u s\u1ea3n ph\u1ea9m: Ch\u1ec9 Th\u1ecb Sinh H\u1ecdc Nhanh STEAM InstaTRU\u2122 c\u1ee7a True Indicating l\u00e0 gi\u1ea3i ph\u00e1p ti\u00ean ti\u1ebfn nh\u1ea5t cho ki\u1ec3m tra hi\u1ec7u qu\u1ea3 ti\u1ec7t tr\u00f9ng b\u1eb1ng h\u01a1i n\u01b0\u1edbc. V\u1edbi kh\u1ea3 n\u0103ng cho k\u1ebft qu\u1ea3 ch\u1ec9 trong 20 gi\u00e2y, s\u1ea3n ph\u1ea9m n\u00e0y mang \u0111\u1ebfn s\u1ef1 ch\u00ednh x\u00e1c v\u00e0 ti\u1ec7n l\u1ee3i v\u01b0\u1ee3t tr\u1ed9i m\u00e0 kh\u00f4ng [&hellip;]","og_url":"https:\/\/biosciences.vn\/index.php\/product\/chi-thi-sinh-hoc-nhanh-steam-instatru-true-indicating\/","og_site_name":"Biosciences","article_modified_time":"2025-08-28T07:55:09+00:00","og_image":[{"width":500,"height":500,"url":"https:\/\/biosciences.vn\/wp-content\/uploads\/2024\/07\/ProductPhotos_800x.webp","type":"image\/webp"}],"twitter_card":"summary_large_image","twitter_misc":{"Est. reading time":"2 minutes"},"schema":{"@context":"https:\/\/schema.org","@graph":[{"@type":"WebPage","@id":"https:\/\/biosciences.vn\/index.php\/product\/chi-thi-sinh-hoc-nhanh-steam-instatru-true-indicating\/","url":"https:\/\/biosciences.vn\/index.php\/product\/chi-thi-sinh-hoc-nhanh-steam-instatru-true-indicating\/","name":"Ch\u1ec9 Th\u1ecb Sinh H\u1ecdc Nhanh STEAM InstaTRU\u2122 - True Indicating (ISCS-05-BI) - Biosciences","isPartOf":{"@id":"https:\/\/biosciences.vn\/#website"},"primaryImageOfPage":{"@id":"https:\/\/biosciences.vn\/index.php\/product\/chi-thi-sinh-hoc-nhanh-steam-instatru-true-indicating\/#primaryimage"},"image":{"@id":"https:\/\/biosciences.vn\/index.php\/product\/chi-thi-sinh-hoc-nhanh-steam-instatru-true-indicating\/#primaryimage"},"thumbnailUrl":"https:\/\/biosciences.vn\/wp-content\/uploads\/2024\/07\/ProductPhotos_800x.webp","datePublished":"2024-07-07T10:26:34+00:00","dateModified":"2025-08-28T07:55:09+00:00","breadcrumb":{"@id":"https:\/\/biosciences.vn\/index.php\/product\/chi-thi-sinh-hoc-nhanh-steam-instatru-true-indicating\/#breadcrumb"},"inLanguage":"en-US","potentialAction":[{"@type":"ReadAction","target":["https:\/\/biosciences.vn\/index.php\/product\/chi-thi-sinh-hoc-nhanh-steam-instatru-true-indicating\/"]}]},{"@type":"ImageObject","inLanguage":"en-US","@id":"https:\/\/biosciences.vn\/index.php\/product\/chi-thi-sinh-hoc-nhanh-steam-instatru-true-indicating\/#primaryimage","url":"https:\/\/biosciences.vn\/wp-content\/uploads\/2024\/07\/ProductPhotos_800x.webp","contentUrl":"https:\/\/biosciences.vn\/wp-content\/uploads\/2024\/07\/ProductPhotos_800x.webp","width":500,"height":500},{"@type":"BreadcrumbList","@id":"https:\/\/biosciences.vn\/index.php\/product\/chi-thi-sinh-hoc-nhanh-steam-instatru-true-indicating\/#breadcrumb","itemListElement":[{"@type":"ListItem","position":1,"name":"Trang ch\u1ee7","item":"https:\/\/biosciences.vn\/index.php\/en\/home\/"},{"@type":"ListItem","position":2,"name":"Shop","item":"https:\/\/biosciences.vn\/index.php\/shop\/"},{"@type":"ListItem","position":3,"name":"Ch\u1ec9 Th\u1ecb Sinh H\u1ecdc Nhanh STEAM InstaTRU\u2122 &#8211; True Indicating (ISCS-05-BI)"}]},{"@type":"WebSite","@id":"https:\/\/biosciences.vn\/#website","url":"https:\/\/biosciences.vn\/","name":"Biosciences","description":"","publisher":{"@id":"https:\/\/biosciences.vn\/#organization"},"potentialAction":[{"@type":"SearchAction","target":{"@type":"EntryPoint","urlTemplate":"https:\/\/biosciences.vn\/?s={search_term_string}"},"query-input":{"@type":"PropertyValueSpecification","valueRequired":true,"valueName":"search_term_string"}}],"inLanguage":"en-US"},{"@type":"Organization","@id":"https:\/\/biosciences.vn\/#organization","name":"Biosciences","url":"https:\/\/biosciences.vn\/","logo":{"@type":"ImageObject","inLanguage":"en-US","@id":"https:\/\/biosciences.vn\/#\/schema\/logo\/image\/","url":"https:\/\/biosciences.vn\/wp-content\/uploads\/2024\/04\/LOGO-BIOSCIENCES-PNG.png","contentUrl":"https:\/\/biosciences.vn\/wp-content\/uploads\/2024\/04\/LOGO-BIOSCIENCES-PNG.png","width":2536,"height":638,"caption":"Biosciences"},"image":{"@id":"https:\/\/biosciences.vn\/#\/schema\/logo\/image\/"}}]}},"brands":[{"id":648,"name":"True Indicating","slug":"true-indicating-vi"}],"_links":{"self":[{"href":"https:\/\/biosciences.vn\/index.php\/wp-json\/wp\/v2\/product\/5641"}],"collection":[{"href":"https:\/\/biosciences.vn\/index.php\/wp-json\/wp\/v2\/product"}],"about":[{"href":"https:\/\/biosciences.vn\/index.php\/wp-json\/wp\/v2\/types\/product"}],"replies":[{"embeddable":true,"href":"https:\/\/biosciences.vn\/index.php\/wp-json\/wp\/v2\/comments?post=5641"}],"wp:featuredmedia":[{"embeddable":true,"href":"https:\/\/biosciences.vn\/index.php\/wp-json\/wp\/v2\/media\/5642"}],"wp:attachment":[{"href":"https:\/\/biosciences.vn\/index.php\/wp-json\/wp\/v2\/media?parent=5641"}],"wp:term":[{"taxonomy":"pwb-brand","embeddable":true,"href":"https:\/\/biosciences.vn\/index.php\/wp-json\/wp\/v2\/pwb-brand?post=5641"},{"taxonomy":"product_cat","embeddable":true,"href":"https:\/\/biosciences.vn\/index.php\/wp-json\/wp\/v2\/product_cat?post=5641"},{"taxonomy":"product_tag","embeddable":true,"href":"https:\/\/biosciences.vn\/index.php\/wp-json\/wp\/v2\/product_tag?post=5641"}],"curies":[{"name":"wp","href":"https:\/\/api.w.org\/{rel}","templated":true}]}}