{"id":5680,"date":"2024-07-12T14:49:47","date_gmt":"2024-07-12T07:49:47","guid":{"rendered":"https:\/\/biosciences.vn\/?post_type=product&#038;p=5680"},"modified":"2025-08-28T14:55:09","modified_gmt":"2025-08-28T07:55:09","slug":"kit-elisa-kiem-tra-doc-to-aflatoxin-m1","status":"publish","type":"product","link":"https:\/\/biosciences.vn\/index.php\/product\/kit-elisa-kiem-tra-doc-to-aflatoxin-m1\/","title":{"rendered":"Kit Elisa ki\u1ec3m tra \u0111\u1ed9c t\u1ed1 Aflatoxin M1 (EKT-012H)"},"content":{"rendered":"<p><strong>T\u1ed5ng quan<\/strong><\/p>\n<p>Aflatoxin l\u00e0 m\u1ed9t lo\u1ea1i ch\u1ea5t chuy\u1ec3n h\u00f3a \u0111\u1ed9c h\u1ea1i do n\u1ea5m aspergillus flavus v\u00e0 aspergillus parasiticus s\u1ea3n sinh ra. Trong \u0111\u00f3, aflatoxin B1 l\u00e0 lo\u1ea1i \u0111\u1ed9c t\u1ed1 nguy hi\u1ec3m nh\u1ea5t v\u00e0 th\u01b0\u1eddng t\u1ed3n t\u1ea1i c\u00f9ng v\u1edbi aflatoxin B2, G1, v\u00e0 G2. Aflatoxin M1 l\u00e0 m\u1ed9t ch\u1ea5t chuy\u1ec3n h\u00f3a c\u1ee7a aflatoxin B1 v\u00e0 th\u01b0\u1eddng \u0111\u01b0\u1ee3c t\u00ecm th\u1ea5y trong s\u1eefa b\u00f2 \u0111\u01b0\u1ee3c nu\u00f4i b\u1eb1ng th\u1ee9c \u0103n b\u1ecb nhi\u1ec5m aflatoxin B1. Do aflatoxin M1 kh\u00e1 \u1ed5n \u0111\u1ecbnh v\u00e0 kh\u00f4ng th\u1ec3 b\u1ecb ph\u00e2n h\u1ee7y b\u1edfi qu\u00e1 tr\u00ecnh ti\u1ec7t tr\u00f9ng, vi\u1ec7c ki\u1ec3m tra aflatoxin M1 n\u00ean \u0111\u01b0\u1ee3c th\u1ef1c hi\u1ec7n kh\u00f4ng ch\u1ec9 trong nguy\u00ean li\u1ec7u th\u1ee9c \u0103n m\u00e0 c\u00f2n trong s\u1ea3n ph\u1ea9m cu\u1ed1i c\u00f9ng.<\/p>\n<p><strong>\u1ee8ng d\u1ee5ng<\/strong><\/p>\n<p>B\u1ed9 Kit ELISA X\u00e1c \u0110\u1ecbnh Aflatoxin M1 l\u00e0 s\u1ea3n ph\u1ea9m th\u1eed nghi\u1ec7m c\u00f3 \u0111\u1ed9 nh\u1ea1y cao, c\u00f3 kh\u1ea3 n\u0103ng ph\u00e2n t\u00edch \u0111\u1ecbnh t\u00ednh v\u00e0 \u0111\u1ecbnh l\u01b0\u1ee3ng l\u01b0\u1ee3ng t\u1ed3n d\u01b0 c\u1ee7a \u0111\u1ed9c t\u1ed1 trong s\u1eefa, ph\u00f4 mai, s\u1eefa b\u1ed9t, \u0111\u1ed3 u\u1ed1ng t\u1eeb s\u1eefa, v\u00e0 s\u1eefa l\u00ean men.<\/p>\n<p><strong>Th\u00f4ng s\u1ed1 k\u1ef9 thu\u1eadt<\/strong><\/p>\n<ul>\n<li><strong>M\u00e3 s\u1ea3n ph\u1ea9m:<\/strong> EKT-012H<\/li>\n<li><strong>S\u1ed1 l\u1ea7n th\u1eed nghi\u1ec7m:<\/strong> 48\/96 T<\/li>\n<li><strong>Gi\u1edbi h\u1ea1n \u0111\u1ecbnh l\u01b0\u1ee3ng (LOQ):<\/strong> 15 ~ 135 ppt<\/li>\n<li><strong>Gi\u1edbi h\u1ea1n ph\u00e1t hi\u1ec7n (LOD):<\/strong> 4.5 &#8211; 40.5 ppt<\/li>\n<li><strong>T\u1ed5ng th\u1eddi gian \u1ee7:<\/strong> 60 ph\u00fat (30\/15\/15 ph\u00fat)<\/li>\n<li><strong>Nguy\u00ean t\u1eafc x\u00e9t nghi\u1ec7m:<\/strong> ELISA c\u1ea1nh tranh gi\u00e1n ti\u1ebfp<\/li>\n<li><strong>Nhi\u1ec7t \u0111\u1ed9 b\u1ea3o qu\u1ea3n:<\/strong> 2-8\u2103<\/li>\n<\/ul>\n","protected":false},"excerpt":{"rendered":"<p>T\u1ed5ng quan Aflatoxin l\u00e0 m\u1ed9t lo\u1ea1i ch\u1ea5t chuy\u1ec3n h\u00f3a \u0111\u1ed9c h\u1ea1i do n\u1ea5m aspergillus flavus v\u00e0 aspergillus parasiticus s\u1ea3n sinh ra. Trong \u0111\u00f3, aflatoxin B1 l\u00e0 lo\u1ea1i \u0111\u1ed9c t\u1ed1 nguy hi\u1ec3m nh\u1ea5t v\u00e0 th\u01b0\u1eddng t\u1ed3n t\u1ea1i c\u00f9ng v\u1edbi aflatoxin B2, G1, v\u00e0 G2. Aflatoxin M1 l\u00e0 m\u1ed9t ch\u1ea5t chuy\u1ec3n h\u00f3a c\u1ee7a aflatoxin B1 v\u00e0 th\u01b0\u1eddng [&hellip;]<\/p>\n","protected":false},"featured_media":5561,"comment_status":"open","ping_status":"closed","template":"","meta":[],"pwb-brand":[642],"product_cat":[568,687,590,576,552,485,537],"product_tag":[711,701],"class_list":{"0":"post-5680","1":"product","2":"type-product","3":"status-publish","4":"has-post-thumbnail","6":"pwb-brand-pribolab-vi","7":"product_cat-an-toan-thuc-pham","8":"product_cat-elisa-kit-vi","9":"product_cat-kiem-tra-sua-vi","10":"product_cat-san-pham-tu-sua-vi","11":"product_cat-mycotoxin-rapid-test-vi","12":"product_cat-hoa-chat-vat-tu","13":"product_cat-kit-phat-hien","14":"product_tag-competitive-elisa","15":"product_tag-elisa-kits","17":"first","18":"instock","19":"shipping-taxable","20":"purchasable","21":"product-type-variable"},"yoast_head":"<!-- This site is optimized with the Yoast SEO plugin v23.6 - https:\/\/yoast.com\/wordpress\/plugins\/seo\/ -->\n<title>Kit Elisa ki\u1ec3m tra \u0111\u1ed9c t\u1ed1 Aflatoxin M1 (EKT-012H) - Biosciences<\/title>\n<meta name=\"robots\" content=\"index, follow, max-snippet:-1, max-image-preview:large, max-video-preview:-1\" \/>\n<link rel=\"canonical\" href=\"https:\/\/biosciences.vn\/index.php\/product\/kit-elisa-kiem-tra-doc-to-aflatoxin-m1\/\" \/>\n<meta property=\"og:locale\" content=\"en_US\" \/>\n<meta property=\"og:type\" content=\"article\" \/>\n<meta property=\"og:title\" content=\"Kit Elisa ki\u1ec3m tra \u0111\u1ed9c t\u1ed1 Aflatoxin M1 (EKT-012H) - Biosciences\" \/>\n<meta property=\"og:description\" content=\"T\u1ed5ng quan Aflatoxin l\u00e0 m\u1ed9t lo\u1ea1i ch\u1ea5t chuy\u1ec3n h\u00f3a \u0111\u1ed9c h\u1ea1i do n\u1ea5m aspergillus flavus v\u00e0 aspergillus parasiticus s\u1ea3n sinh ra. Trong \u0111\u00f3, aflatoxin B1 l\u00e0 lo\u1ea1i \u0111\u1ed9c t\u1ed1 nguy hi\u1ec3m nh\u1ea5t v\u00e0 th\u01b0\u1eddng t\u1ed3n t\u1ea1i c\u00f9ng v\u1edbi aflatoxin B2, G1, v\u00e0 G2. Aflatoxin M1 l\u00e0 m\u1ed9t ch\u1ea5t chuy\u1ec3n h\u00f3a c\u1ee7a aflatoxin B1 v\u00e0 th\u01b0\u1eddng [&hellip;]\" \/>\n<meta property=\"og:url\" content=\"https:\/\/biosciences.vn\/index.php\/product\/kit-elisa-kiem-tra-doc-to-aflatoxin-m1\/\" \/>\n<meta property=\"og:site_name\" content=\"Biosciences\" \/>\n<meta property=\"article:modified_time\" content=\"2025-08-28T07:55:09+00:00\" \/>\n<meta property=\"og:image\" content=\"https:\/\/biosciences.vn\/wp-content\/uploads\/2024\/06\/Food-allergen.png\" \/>\n\t<meta property=\"og:image:width\" content=\"820\" \/>\n\t<meta property=\"og:image:height\" content=\"680\" \/>\n\t<meta property=\"og:image:type\" content=\"image\/png\" \/>\n<meta name=\"twitter:card\" content=\"summary_large_image\" \/>\n<meta name=\"twitter:label1\" content=\"Est. reading time\" \/>\n\t<meta name=\"twitter:data1\" content=\"2 minutes\" \/>\n<script type=\"application\/ld+json\" class=\"yoast-schema-graph\">{\"@context\":\"https:\/\/schema.org\",\"@graph\":[{\"@type\":\"WebPage\",\"@id\":\"https:\/\/biosciences.vn\/index.php\/product\/kit-elisa-kiem-tra-doc-to-aflatoxin-m1\/\",\"url\":\"https:\/\/biosciences.vn\/index.php\/product\/kit-elisa-kiem-tra-doc-to-aflatoxin-m1\/\",\"name\":\"Kit Elisa ki\u1ec3m tra \u0111\u1ed9c t\u1ed1 Aflatoxin M1 (EKT-012H) - Biosciences\",\"isPartOf\":{\"@id\":\"https:\/\/biosciences.vn\/#website\"},\"primaryImageOfPage\":{\"@id\":\"https:\/\/biosciences.vn\/index.php\/product\/kit-elisa-kiem-tra-doc-to-aflatoxin-m1\/#primaryimage\"},\"image\":{\"@id\":\"https:\/\/biosciences.vn\/index.php\/product\/kit-elisa-kiem-tra-doc-to-aflatoxin-m1\/#primaryimage\"},\"thumbnailUrl\":\"https:\/\/biosciences.vn\/wp-content\/uploads\/2024\/06\/Food-allergen.png\",\"datePublished\":\"2024-07-12T07:49:47+00:00\",\"dateModified\":\"2025-08-28T07:55:09+00:00\",\"breadcrumb\":{\"@id\":\"https:\/\/biosciences.vn\/index.php\/product\/kit-elisa-kiem-tra-doc-to-aflatoxin-m1\/#breadcrumb\"},\"inLanguage\":\"en-US\",\"potentialAction\":[{\"@type\":\"ReadAction\",\"target\":[\"https:\/\/biosciences.vn\/index.php\/product\/kit-elisa-kiem-tra-doc-to-aflatoxin-m1\/\"]}]},{\"@type\":\"ImageObject\",\"inLanguage\":\"en-US\",\"@id\":\"https:\/\/biosciences.vn\/index.php\/product\/kit-elisa-kiem-tra-doc-to-aflatoxin-m1\/#primaryimage\",\"url\":\"https:\/\/biosciences.vn\/wp-content\/uploads\/2024\/06\/Food-allergen.png\",\"contentUrl\":\"https:\/\/biosciences.vn\/wp-content\/uploads\/2024\/06\/Food-allergen.png\",\"width\":820,\"height\":680},{\"@type\":\"BreadcrumbList\",\"@id\":\"https:\/\/biosciences.vn\/index.php\/product\/kit-elisa-kiem-tra-doc-to-aflatoxin-m1\/#breadcrumb\",\"itemListElement\":[{\"@type\":\"ListItem\",\"position\":1,\"name\":\"Trang ch\u1ee7\",\"item\":\"https:\/\/biosciences.vn\/index.php\/en\/home\/\"},{\"@type\":\"ListItem\",\"position\":2,\"name\":\"Shop\",\"item\":\"https:\/\/biosciences.vn\/index.php\/shop\/\"},{\"@type\":\"ListItem\",\"position\":3,\"name\":\"Kit Elisa ki\u1ec3m tra \u0111\u1ed9c t\u1ed1 Aflatoxin M1 (EKT-012H)\"}]},{\"@type\":\"WebSite\",\"@id\":\"https:\/\/biosciences.vn\/#website\",\"url\":\"https:\/\/biosciences.vn\/\",\"name\":\"Biosciences\",\"description\":\"\",\"publisher\":{\"@id\":\"https:\/\/biosciences.vn\/#organization\"},\"potentialAction\":[{\"@type\":\"SearchAction\",\"target\":{\"@type\":\"EntryPoint\",\"urlTemplate\":\"https:\/\/biosciences.vn\/?s={search_term_string}\"},\"query-input\":{\"@type\":\"PropertyValueSpecification\",\"valueRequired\":true,\"valueName\":\"search_term_string\"}}],\"inLanguage\":\"en-US\"},{\"@type\":\"Organization\",\"@id\":\"https:\/\/biosciences.vn\/#organization\",\"name\":\"Biosciences\",\"url\":\"https:\/\/biosciences.vn\/\",\"logo\":{\"@type\":\"ImageObject\",\"inLanguage\":\"en-US\",\"@id\":\"https:\/\/biosciences.vn\/#\/schema\/logo\/image\/\",\"url\":\"https:\/\/biosciences.vn\/wp-content\/uploads\/2024\/04\/LOGO-BIOSCIENCES-PNG.png\",\"contentUrl\":\"https:\/\/biosciences.vn\/wp-content\/uploads\/2024\/04\/LOGO-BIOSCIENCES-PNG.png\",\"width\":2536,\"height\":638,\"caption\":\"Biosciences\"},\"image\":{\"@id\":\"https:\/\/biosciences.vn\/#\/schema\/logo\/image\/\"}}]}<\/script>\n<!-- \/ Yoast SEO plugin. -->","yoast_head_json":{"title":"Kit Elisa ki\u1ec3m tra \u0111\u1ed9c t\u1ed1 Aflatoxin M1 (EKT-012H) - Biosciences","robots":{"index":"index","follow":"follow","max-snippet":"max-snippet:-1","max-image-preview":"max-image-preview:large","max-video-preview":"max-video-preview:-1"},"canonical":"https:\/\/biosciences.vn\/index.php\/product\/kit-elisa-kiem-tra-doc-to-aflatoxin-m1\/","og_locale":"en_US","og_type":"article","og_title":"Kit Elisa ki\u1ec3m tra \u0111\u1ed9c t\u1ed1 Aflatoxin M1 (EKT-012H) - Biosciences","og_description":"T\u1ed5ng quan Aflatoxin l\u00e0 m\u1ed9t lo\u1ea1i ch\u1ea5t chuy\u1ec3n h\u00f3a \u0111\u1ed9c h\u1ea1i do n\u1ea5m aspergillus flavus v\u00e0 aspergillus parasiticus s\u1ea3n sinh ra. Trong \u0111\u00f3, aflatoxin B1 l\u00e0 lo\u1ea1i \u0111\u1ed9c t\u1ed1 nguy hi\u1ec3m nh\u1ea5t v\u00e0 th\u01b0\u1eddng t\u1ed3n t\u1ea1i c\u00f9ng v\u1edbi aflatoxin B2, G1, v\u00e0 G2. Aflatoxin M1 l\u00e0 m\u1ed9t ch\u1ea5t chuy\u1ec3n h\u00f3a c\u1ee7a aflatoxin B1 v\u00e0 th\u01b0\u1eddng [&hellip;]","og_url":"https:\/\/biosciences.vn\/index.php\/product\/kit-elisa-kiem-tra-doc-to-aflatoxin-m1\/","og_site_name":"Biosciences","article_modified_time":"2025-08-28T07:55:09+00:00","og_image":[{"width":820,"height":680,"url":"https:\/\/biosciences.vn\/wp-content\/uploads\/2024\/06\/Food-allergen.png","type":"image\/png"}],"twitter_card":"summary_large_image","twitter_misc":{"Est. reading time":"2 minutes"},"schema":{"@context":"https:\/\/schema.org","@graph":[{"@type":"WebPage","@id":"https:\/\/biosciences.vn\/index.php\/product\/kit-elisa-kiem-tra-doc-to-aflatoxin-m1\/","url":"https:\/\/biosciences.vn\/index.php\/product\/kit-elisa-kiem-tra-doc-to-aflatoxin-m1\/","name":"Kit Elisa ki\u1ec3m tra \u0111\u1ed9c t\u1ed1 Aflatoxin M1 (EKT-012H) - Biosciences","isPartOf":{"@id":"https:\/\/biosciences.vn\/#website"},"primaryImageOfPage":{"@id":"https:\/\/biosciences.vn\/index.php\/product\/kit-elisa-kiem-tra-doc-to-aflatoxin-m1\/#primaryimage"},"image":{"@id":"https:\/\/biosciences.vn\/index.php\/product\/kit-elisa-kiem-tra-doc-to-aflatoxin-m1\/#primaryimage"},"thumbnailUrl":"https:\/\/biosciences.vn\/wp-content\/uploads\/2024\/06\/Food-allergen.png","datePublished":"2024-07-12T07:49:47+00:00","dateModified":"2025-08-28T07:55:09+00:00","breadcrumb":{"@id":"https:\/\/biosciences.vn\/index.php\/product\/kit-elisa-kiem-tra-doc-to-aflatoxin-m1\/#breadcrumb"},"inLanguage":"en-US","potentialAction":[{"@type":"ReadAction","target":["https:\/\/biosciences.vn\/index.php\/product\/kit-elisa-kiem-tra-doc-to-aflatoxin-m1\/"]}]},{"@type":"ImageObject","inLanguage":"en-US","@id":"https:\/\/biosciences.vn\/index.php\/product\/kit-elisa-kiem-tra-doc-to-aflatoxin-m1\/#primaryimage","url":"https:\/\/biosciences.vn\/wp-content\/uploads\/2024\/06\/Food-allergen.png","contentUrl":"https:\/\/biosciences.vn\/wp-content\/uploads\/2024\/06\/Food-allergen.png","width":820,"height":680},{"@type":"BreadcrumbList","@id":"https:\/\/biosciences.vn\/index.php\/product\/kit-elisa-kiem-tra-doc-to-aflatoxin-m1\/#breadcrumb","itemListElement":[{"@type":"ListItem","position":1,"name":"Trang ch\u1ee7","item":"https:\/\/biosciences.vn\/index.php\/en\/home\/"},{"@type":"ListItem","position":2,"name":"Shop","item":"https:\/\/biosciences.vn\/index.php\/shop\/"},{"@type":"ListItem","position":3,"name":"Kit Elisa ki\u1ec3m tra \u0111\u1ed9c t\u1ed1 Aflatoxin M1 (EKT-012H)"}]},{"@type":"WebSite","@id":"https:\/\/biosciences.vn\/#website","url":"https:\/\/biosciences.vn\/","name":"Biosciences","description":"","publisher":{"@id":"https:\/\/biosciences.vn\/#organization"},"potentialAction":[{"@type":"SearchAction","target":{"@type":"EntryPoint","urlTemplate":"https:\/\/biosciences.vn\/?s={search_term_string}"},"query-input":{"@type":"PropertyValueSpecification","valueRequired":true,"valueName":"search_term_string"}}],"inLanguage":"en-US"},{"@type":"Organization","@id":"https:\/\/biosciences.vn\/#organization","name":"Biosciences","url":"https:\/\/biosciences.vn\/","logo":{"@type":"ImageObject","inLanguage":"en-US","@id":"https:\/\/biosciences.vn\/#\/schema\/logo\/image\/","url":"https:\/\/biosciences.vn\/wp-content\/uploads\/2024\/04\/LOGO-BIOSCIENCES-PNG.png","contentUrl":"https:\/\/biosciences.vn\/wp-content\/uploads\/2024\/04\/LOGO-BIOSCIENCES-PNG.png","width":2536,"height":638,"caption":"Biosciences"},"image":{"@id":"https:\/\/biosciences.vn\/#\/schema\/logo\/image\/"}}]}},"brands":[{"id":642,"name":"Pribolab","slug":"pribolab-vi"}],"_links":{"self":[{"href":"https:\/\/biosciences.vn\/index.php\/wp-json\/wp\/v2\/product\/5680"}],"collection":[{"href":"https:\/\/biosciences.vn\/index.php\/wp-json\/wp\/v2\/product"}],"about":[{"href":"https:\/\/biosciences.vn\/index.php\/wp-json\/wp\/v2\/types\/product"}],"replies":[{"embeddable":true,"href":"https:\/\/biosciences.vn\/index.php\/wp-json\/wp\/v2\/comments?post=5680"}],"wp:featuredmedia":[{"embeddable":true,"href":"https:\/\/biosciences.vn\/index.php\/wp-json\/wp\/v2\/media\/5561"}],"wp:attachment":[{"href":"https:\/\/biosciences.vn\/index.php\/wp-json\/wp\/v2\/media?parent=5680"}],"wp:term":[{"taxonomy":"pwb-brand","embeddable":true,"href":"https:\/\/biosciences.vn\/index.php\/wp-json\/wp\/v2\/pwb-brand?post=5680"},{"taxonomy":"product_cat","embeddable":true,"href":"https:\/\/biosciences.vn\/index.php\/wp-json\/wp\/v2\/product_cat?post=5680"},{"taxonomy":"product_tag","embeddable":true,"href":"https:\/\/biosciences.vn\/index.php\/wp-json\/wp\/v2\/product_tag?post=5680"}],"curies":[{"name":"wp","href":"https:\/\/api.w.org\/{rel}","templated":true}]}}