{"id":5690,"date":"2024-07-12T15:16:34","date_gmt":"2024-07-12T08:16:34","guid":{"rendered":"https:\/\/biosciences.vn\/?post_type=product&#038;p=5690"},"modified":"2025-08-28T14:55:09","modified_gmt":"2025-08-28T07:55:09","slug":"kit-elisa-kiem-tra-doc-to-deoxynivalenol-don","status":"publish","type":"product","link":"https:\/\/biosciences.vn\/index.php\/product\/kit-elisa-kiem-tra-doc-to-deoxynivalenol-don\/","title":{"rendered":"Kit Elisa ki\u1ec3m tra \u0111\u1ed9c t\u1ed1 Deoxynivalenol (DON) (EKT-070-1)"},"content":{"rendered":"<p><strong>T\u1ed5ng quan<\/strong><\/p>\n<p>Deoxynivalenol (DON), c\u00f2n \u0111\u01b0\u1ee3c g\u1ecdi l\u00e0 vomitoxin, l\u00e0 m\u1ed9t trong c\u00e1c lo\u1ea1i \u0111\u1ed9c t\u1ed1 fusarium c\u00f9ng v\u1edbi zearalenone, fumonisines v\u00e0 c\u00e1c trichothecenes kh\u00e1c. Deoxynivalenol l\u00e0 m\u1ed9t ch\u1ea5t g\u00e2y k\u00edch \u1ee9ng \u0111\u01b0\u1eddng ti\u00eau h\u00f3a v\u00e0 \u1ee9c ch\u1ebf qu\u00e1 tr\u00ecnh t\u1ed5ng h\u1ee3p protein. Li\u1ec1u l\u01b0\u1ee3ng \u0111\u1ed9c c\u1ea5p t\u00ednh c\u00f3 th\u1ec3 g\u00e2y bu\u1ed3n n\u00f4n v\u00e0 n\u00f4n m\u1eeda. Do \u0111\u00f3, h\u1ea7u h\u1ebft c\u00e1c qu\u1ed1c gia \u0111\u1ec1u c\u00f3 y\u00eau c\u1ea7u ph\u00e1p l\u00fd nghi\u00eam ng\u1eb7t ho\u1eb7c h\u1ec7 th\u1ed1ng gi\u00e1m s\u00e1t \u0111\u1ed1i v\u1edbi lo\u1ea1i \u0111\u1ed9c t\u1ed1 n\u00e0y.<\/p>\n<p><strong>\u1ee8ng d\u1ee5ng<\/strong><\/p>\n<p>B\u1ed9 Kit ELISA X\u00e1c \u0110\u1ecbnh \u0110\u1ed9c T\u1ed1 Deoxynivalenol l\u00e0 s\u1ea3n ph\u1ea9m th\u1eed nghi\u1ec7m c\u00f3 \u0111\u1ed9 nh\u1ea1y cao, c\u00f3 kh\u1ea3 n\u0103ng ph\u00e2n t\u00edch \u0111\u1ecbnh t\u00ednh v\u00e0 \u0111\u1ecbnh l\u01b0\u1ee3ng l\u01b0\u1ee3ng t\u1ed3n d\u01b0 c\u1ee7a \u0111\u1ed9c t\u1ed1 trong ng\u0169 c\u1ed1c, d\u1ea7u th\u1ef1c v\u1eadt v\u00e0 th\u1ee9c \u0103n ch\u0103n nu\u00f4i.<\/p>\n<p><strong>Th\u00f4ng s\u1ed1 k\u1ef9 thu\u1eadt<\/strong><\/p>\n<table>\n<thead>\n<tr>\n<th>Th\u00f4ng s\u1ed1<\/th>\n<th>Gi\u00e1 tr\u1ecb<\/th>\n<\/tr>\n<\/thead>\n<tbody>\n<tr>\n<td>M\u00e3 s\u1ea3n ph\u1ea9m<\/td>\n<td>EKT-030Q<\/td>\n<\/tr>\n<tr>\n<td>\u0110\u00f3ng g\u00f3i<\/td>\n<td>48\/96 T<\/td>\n<\/tr>\n<tr>\n<td>Gi\u1edbi h\u1ea1n \u0111\u1ecbnh l\u01b0\u1ee3ng (LOQ)<\/td>\n<td>250 \u03bcg\/kg<\/td>\n<\/tr>\n<tr>\n<td>Gi\u1edbi h\u1ea1n ph\u00e1t hi\u1ec7n (LOD)<\/td>\n<td>75 \u03bcg\/kg<\/td>\n<\/tr>\n<tr>\n<td>T\u1ed5ng th\u1eddi gian \u1ee7<\/td>\n<td>30 ph\u00fat (15\/15 ph\u00fat)<\/td>\n<\/tr>\n<tr>\n<td>Nguy\u00ean t\u1eafc x\u00e9t nghi\u1ec7m<\/td>\n<td>ELISA c\u1ea1nh tranh gi\u00e1n ti\u1ebfp<\/td>\n<\/tr>\n<tr>\n<td>Nhi\u1ec7t \u0111\u1ed9 b\u1ea3o qu\u1ea3n<\/td>\n<td>2-8\u2103<\/td>\n<\/tr>\n<\/tbody>\n<\/table>\n<p>&nbsp;<\/p>\n","protected":false},"excerpt":{"rendered":"<p>T\u1ed5ng quan Deoxynivalenol (DON), c\u00f2n \u0111\u01b0\u1ee3c g\u1ecdi l\u00e0 vomitoxin, l\u00e0 m\u1ed9t trong c\u00e1c lo\u1ea1i \u0111\u1ed9c t\u1ed1 fusarium c\u00f9ng v\u1edbi zearalenone, fumonisines v\u00e0 c\u00e1c trichothecenes kh\u00e1c. Deoxynivalenol l\u00e0 m\u1ed9t ch\u1ea5t g\u00e2y k\u00edch \u1ee9ng \u0111\u01b0\u1eddng ti\u00eau h\u00f3a v\u00e0 \u1ee9c ch\u1ebf qu\u00e1 tr\u00ecnh t\u1ed5ng h\u1ee3p protein. Li\u1ec1u l\u01b0\u1ee3ng \u0111\u1ed9c c\u1ea5p t\u00ednh c\u00f3 th\u1ec3 g\u00e2y bu\u1ed3n n\u00f4n v\u00e0 n\u00f4n [&hellip;]<\/p>\n","protected":false},"featured_media":5561,"comment_status":"open","ping_status":"closed","template":"","meta":[],"pwb-brand":[642],"product_cat":[568,687,592,584,578,574,582,552,485,537],"product_tag":[711,701],"class_list":{"0":"post-5690","1":"product","2":"type-product","3":"status-publish","4":"has-post-thumbnail","6":"pwb-brand-pribolab-vi","7":"product_cat-an-toan-thuc-pham","8":"product_cat-elisa-kit-vi","9":"product_cat-cac-loai-hat-vi","10":"product_cat-hat-ngu-coc-vi","11":"product_cat-kiem-tra-dau-an-vi","12":"product_cat-ngu-coc-vi","13":"product_cat-thuc-an-chan-nuoi-vi","14":"product_cat-mycotoxin-rapid-test-vi","15":"product_cat-hoa-chat-vat-tu","16":"product_cat-kit-phat-hien","17":"product_tag-competitive-elisa","18":"product_tag-elisa-kits","20":"first","21":"instock","22":"shipping-taxable","23":"purchasable","24":"product-type-variable"},"yoast_head":"<!-- This site is optimized with the Yoast SEO plugin v23.6 - https:\/\/yoast.com\/wordpress\/plugins\/seo\/ -->\n<title>Kit Elisa ki\u1ec3m tra \u0111\u1ed9c t\u1ed1 Deoxynivalenol (DON) (EKT-070-1) - Biosciences<\/title>\n<meta name=\"robots\" content=\"index, follow, max-snippet:-1, max-image-preview:large, max-video-preview:-1\" \/>\n<link rel=\"canonical\" href=\"https:\/\/biosciences.vn\/index.php\/product\/kit-elisa-kiem-tra-doc-to-deoxynivalenol-don\/\" \/>\n<meta property=\"og:locale\" content=\"en_US\" \/>\n<meta property=\"og:type\" content=\"article\" \/>\n<meta property=\"og:title\" content=\"Kit Elisa ki\u1ec3m tra \u0111\u1ed9c t\u1ed1 Deoxynivalenol (DON) (EKT-070-1) - Biosciences\" \/>\n<meta property=\"og:description\" content=\"T\u1ed5ng quan Deoxynivalenol (DON), c\u00f2n \u0111\u01b0\u1ee3c g\u1ecdi l\u00e0 vomitoxin, l\u00e0 m\u1ed9t trong c\u00e1c lo\u1ea1i \u0111\u1ed9c t\u1ed1 fusarium c\u00f9ng v\u1edbi zearalenone, fumonisines v\u00e0 c\u00e1c trichothecenes kh\u00e1c. Deoxynivalenol l\u00e0 m\u1ed9t ch\u1ea5t g\u00e2y k\u00edch \u1ee9ng \u0111\u01b0\u1eddng ti\u00eau h\u00f3a v\u00e0 \u1ee9c ch\u1ebf qu\u00e1 tr\u00ecnh t\u1ed5ng h\u1ee3p protein. Li\u1ec1u l\u01b0\u1ee3ng \u0111\u1ed9c c\u1ea5p t\u00ednh c\u00f3 th\u1ec3 g\u00e2y bu\u1ed3n n\u00f4n v\u00e0 n\u00f4n [&hellip;]\" \/>\n<meta property=\"og:url\" content=\"https:\/\/biosciences.vn\/index.php\/product\/kit-elisa-kiem-tra-doc-to-deoxynivalenol-don\/\" \/>\n<meta property=\"og:site_name\" content=\"Biosciences\" \/>\n<meta property=\"article:modified_time\" content=\"2025-08-28T07:55:09+00:00\" \/>\n<meta property=\"og:image\" content=\"https:\/\/biosciences.vn\/wp-content\/uploads\/2024\/06\/Food-allergen.png\" \/>\n\t<meta property=\"og:image:width\" content=\"820\" \/>\n\t<meta property=\"og:image:height\" content=\"680\" \/>\n\t<meta property=\"og:image:type\" content=\"image\/png\" \/>\n<meta name=\"twitter:card\" content=\"summary_large_image\" \/>\n<meta name=\"twitter:label1\" content=\"Est. reading time\" \/>\n\t<meta name=\"twitter:data1\" content=\"1 minute\" \/>\n<script type=\"application\/ld+json\" class=\"yoast-schema-graph\">{\"@context\":\"https:\/\/schema.org\",\"@graph\":[{\"@type\":\"WebPage\",\"@id\":\"https:\/\/biosciences.vn\/index.php\/product\/kit-elisa-kiem-tra-doc-to-deoxynivalenol-don\/\",\"url\":\"https:\/\/biosciences.vn\/index.php\/product\/kit-elisa-kiem-tra-doc-to-deoxynivalenol-don\/\",\"name\":\"Kit Elisa ki\u1ec3m tra \u0111\u1ed9c t\u1ed1 Deoxynivalenol (DON) (EKT-070-1) - Biosciences\",\"isPartOf\":{\"@id\":\"https:\/\/biosciences.vn\/#website\"},\"primaryImageOfPage\":{\"@id\":\"https:\/\/biosciences.vn\/index.php\/product\/kit-elisa-kiem-tra-doc-to-deoxynivalenol-don\/#primaryimage\"},\"image\":{\"@id\":\"https:\/\/biosciences.vn\/index.php\/product\/kit-elisa-kiem-tra-doc-to-deoxynivalenol-don\/#primaryimage\"},\"thumbnailUrl\":\"https:\/\/biosciences.vn\/wp-content\/uploads\/2024\/06\/Food-allergen.png\",\"datePublished\":\"2024-07-12T08:16:34+00:00\",\"dateModified\":\"2025-08-28T07:55:09+00:00\",\"breadcrumb\":{\"@id\":\"https:\/\/biosciences.vn\/index.php\/product\/kit-elisa-kiem-tra-doc-to-deoxynivalenol-don\/#breadcrumb\"},\"inLanguage\":\"en-US\",\"potentialAction\":[{\"@type\":\"ReadAction\",\"target\":[\"https:\/\/biosciences.vn\/index.php\/product\/kit-elisa-kiem-tra-doc-to-deoxynivalenol-don\/\"]}]},{\"@type\":\"ImageObject\",\"inLanguage\":\"en-US\",\"@id\":\"https:\/\/biosciences.vn\/index.php\/product\/kit-elisa-kiem-tra-doc-to-deoxynivalenol-don\/#primaryimage\",\"url\":\"https:\/\/biosciences.vn\/wp-content\/uploads\/2024\/06\/Food-allergen.png\",\"contentUrl\":\"https:\/\/biosciences.vn\/wp-content\/uploads\/2024\/06\/Food-allergen.png\",\"width\":820,\"height\":680},{\"@type\":\"BreadcrumbList\",\"@id\":\"https:\/\/biosciences.vn\/index.php\/product\/kit-elisa-kiem-tra-doc-to-deoxynivalenol-don\/#breadcrumb\",\"itemListElement\":[{\"@type\":\"ListItem\",\"position\":1,\"name\":\"Trang ch\u1ee7\",\"item\":\"https:\/\/biosciences.vn\/index.php\/en\/home\/\"},{\"@type\":\"ListItem\",\"position\":2,\"name\":\"Shop\",\"item\":\"https:\/\/biosciences.vn\/index.php\/shop\/\"},{\"@type\":\"ListItem\",\"position\":3,\"name\":\"Kit Elisa ki\u1ec3m tra \u0111\u1ed9c t\u1ed1 Deoxynivalenol (DON) (EKT-070-1)\"}]},{\"@type\":\"WebSite\",\"@id\":\"https:\/\/biosciences.vn\/#website\",\"url\":\"https:\/\/biosciences.vn\/\",\"name\":\"Biosciences\",\"description\":\"\",\"publisher\":{\"@id\":\"https:\/\/biosciences.vn\/#organization\"},\"potentialAction\":[{\"@type\":\"SearchAction\",\"target\":{\"@type\":\"EntryPoint\",\"urlTemplate\":\"https:\/\/biosciences.vn\/?s={search_term_string}\"},\"query-input\":{\"@type\":\"PropertyValueSpecification\",\"valueRequired\":true,\"valueName\":\"search_term_string\"}}],\"inLanguage\":\"en-US\"},{\"@type\":\"Organization\",\"@id\":\"https:\/\/biosciences.vn\/#organization\",\"name\":\"Biosciences\",\"url\":\"https:\/\/biosciences.vn\/\",\"logo\":{\"@type\":\"ImageObject\",\"inLanguage\":\"en-US\",\"@id\":\"https:\/\/biosciences.vn\/#\/schema\/logo\/image\/\",\"url\":\"https:\/\/biosciences.vn\/wp-content\/uploads\/2024\/04\/LOGO-BIOSCIENCES-PNG.png\",\"contentUrl\":\"https:\/\/biosciences.vn\/wp-content\/uploads\/2024\/04\/LOGO-BIOSCIENCES-PNG.png\",\"width\":2536,\"height\":638,\"caption\":\"Biosciences\"},\"image\":{\"@id\":\"https:\/\/biosciences.vn\/#\/schema\/logo\/image\/\"}}]}<\/script>\n<!-- \/ Yoast SEO plugin. -->","yoast_head_json":{"title":"Kit Elisa ki\u1ec3m tra \u0111\u1ed9c t\u1ed1 Deoxynivalenol (DON) (EKT-070-1) - Biosciences","robots":{"index":"index","follow":"follow","max-snippet":"max-snippet:-1","max-image-preview":"max-image-preview:large","max-video-preview":"max-video-preview:-1"},"canonical":"https:\/\/biosciences.vn\/index.php\/product\/kit-elisa-kiem-tra-doc-to-deoxynivalenol-don\/","og_locale":"en_US","og_type":"article","og_title":"Kit Elisa ki\u1ec3m tra \u0111\u1ed9c t\u1ed1 Deoxynivalenol (DON) (EKT-070-1) - Biosciences","og_description":"T\u1ed5ng quan Deoxynivalenol (DON), c\u00f2n \u0111\u01b0\u1ee3c g\u1ecdi l\u00e0 vomitoxin, l\u00e0 m\u1ed9t trong c\u00e1c lo\u1ea1i \u0111\u1ed9c t\u1ed1 fusarium c\u00f9ng v\u1edbi zearalenone, fumonisines v\u00e0 c\u00e1c trichothecenes kh\u00e1c. Deoxynivalenol l\u00e0 m\u1ed9t ch\u1ea5t g\u00e2y k\u00edch \u1ee9ng \u0111\u01b0\u1eddng ti\u00eau h\u00f3a v\u00e0 \u1ee9c ch\u1ebf qu\u00e1 tr\u00ecnh t\u1ed5ng h\u1ee3p protein. Li\u1ec1u l\u01b0\u1ee3ng \u0111\u1ed9c c\u1ea5p t\u00ednh c\u00f3 th\u1ec3 g\u00e2y bu\u1ed3n n\u00f4n v\u00e0 n\u00f4n [&hellip;]","og_url":"https:\/\/biosciences.vn\/index.php\/product\/kit-elisa-kiem-tra-doc-to-deoxynivalenol-don\/","og_site_name":"Biosciences","article_modified_time":"2025-08-28T07:55:09+00:00","og_image":[{"width":820,"height":680,"url":"https:\/\/biosciences.vn\/wp-content\/uploads\/2024\/06\/Food-allergen.png","type":"image\/png"}],"twitter_card":"summary_large_image","twitter_misc":{"Est. reading time":"1 minute"},"schema":{"@context":"https:\/\/schema.org","@graph":[{"@type":"WebPage","@id":"https:\/\/biosciences.vn\/index.php\/product\/kit-elisa-kiem-tra-doc-to-deoxynivalenol-don\/","url":"https:\/\/biosciences.vn\/index.php\/product\/kit-elisa-kiem-tra-doc-to-deoxynivalenol-don\/","name":"Kit Elisa ki\u1ec3m tra \u0111\u1ed9c t\u1ed1 Deoxynivalenol (DON) (EKT-070-1) - Biosciences","isPartOf":{"@id":"https:\/\/biosciences.vn\/#website"},"primaryImageOfPage":{"@id":"https:\/\/biosciences.vn\/index.php\/product\/kit-elisa-kiem-tra-doc-to-deoxynivalenol-don\/#primaryimage"},"image":{"@id":"https:\/\/biosciences.vn\/index.php\/product\/kit-elisa-kiem-tra-doc-to-deoxynivalenol-don\/#primaryimage"},"thumbnailUrl":"https:\/\/biosciences.vn\/wp-content\/uploads\/2024\/06\/Food-allergen.png","datePublished":"2024-07-12T08:16:34+00:00","dateModified":"2025-08-28T07:55:09+00:00","breadcrumb":{"@id":"https:\/\/biosciences.vn\/index.php\/product\/kit-elisa-kiem-tra-doc-to-deoxynivalenol-don\/#breadcrumb"},"inLanguage":"en-US","potentialAction":[{"@type":"ReadAction","target":["https:\/\/biosciences.vn\/index.php\/product\/kit-elisa-kiem-tra-doc-to-deoxynivalenol-don\/"]}]},{"@type":"ImageObject","inLanguage":"en-US","@id":"https:\/\/biosciences.vn\/index.php\/product\/kit-elisa-kiem-tra-doc-to-deoxynivalenol-don\/#primaryimage","url":"https:\/\/biosciences.vn\/wp-content\/uploads\/2024\/06\/Food-allergen.png","contentUrl":"https:\/\/biosciences.vn\/wp-content\/uploads\/2024\/06\/Food-allergen.png","width":820,"height":680},{"@type":"BreadcrumbList","@id":"https:\/\/biosciences.vn\/index.php\/product\/kit-elisa-kiem-tra-doc-to-deoxynivalenol-don\/#breadcrumb","itemListElement":[{"@type":"ListItem","position":1,"name":"Trang ch\u1ee7","item":"https:\/\/biosciences.vn\/index.php\/en\/home\/"},{"@type":"ListItem","position":2,"name":"Shop","item":"https:\/\/biosciences.vn\/index.php\/shop\/"},{"@type":"ListItem","position":3,"name":"Kit Elisa ki\u1ec3m tra \u0111\u1ed9c t\u1ed1 Deoxynivalenol (DON) (EKT-070-1)"}]},{"@type":"WebSite","@id":"https:\/\/biosciences.vn\/#website","url":"https:\/\/biosciences.vn\/","name":"Biosciences","description":"","publisher":{"@id":"https:\/\/biosciences.vn\/#organization"},"potentialAction":[{"@type":"SearchAction","target":{"@type":"EntryPoint","urlTemplate":"https:\/\/biosciences.vn\/?s={search_term_string}"},"query-input":{"@type":"PropertyValueSpecification","valueRequired":true,"valueName":"search_term_string"}}],"inLanguage":"en-US"},{"@type":"Organization","@id":"https:\/\/biosciences.vn\/#organization","name":"Biosciences","url":"https:\/\/biosciences.vn\/","logo":{"@type":"ImageObject","inLanguage":"en-US","@id":"https:\/\/biosciences.vn\/#\/schema\/logo\/image\/","url":"https:\/\/biosciences.vn\/wp-content\/uploads\/2024\/04\/LOGO-BIOSCIENCES-PNG.png","contentUrl":"https:\/\/biosciences.vn\/wp-content\/uploads\/2024\/04\/LOGO-BIOSCIENCES-PNG.png","width":2536,"height":638,"caption":"Biosciences"},"image":{"@id":"https:\/\/biosciences.vn\/#\/schema\/logo\/image\/"}}]}},"brands":[{"id":642,"name":"Pribolab","slug":"pribolab-vi"}],"_links":{"self":[{"href":"https:\/\/biosciences.vn\/index.php\/wp-json\/wp\/v2\/product\/5690"}],"collection":[{"href":"https:\/\/biosciences.vn\/index.php\/wp-json\/wp\/v2\/product"}],"about":[{"href":"https:\/\/biosciences.vn\/index.php\/wp-json\/wp\/v2\/types\/product"}],"replies":[{"embeddable":true,"href":"https:\/\/biosciences.vn\/index.php\/wp-json\/wp\/v2\/comments?post=5690"}],"wp:featuredmedia":[{"embeddable":true,"href":"https:\/\/biosciences.vn\/index.php\/wp-json\/wp\/v2\/media\/5561"}],"wp:attachment":[{"href":"https:\/\/biosciences.vn\/index.php\/wp-json\/wp\/v2\/media?parent=5690"}],"wp:term":[{"taxonomy":"pwb-brand","embeddable":true,"href":"https:\/\/biosciences.vn\/index.php\/wp-json\/wp\/v2\/pwb-brand?post=5690"},{"taxonomy":"product_cat","embeddable":true,"href":"https:\/\/biosciences.vn\/index.php\/wp-json\/wp\/v2\/product_cat?post=5690"},{"taxonomy":"product_tag","embeddable":true,"href":"https:\/\/biosciences.vn\/index.php\/wp-json\/wp\/v2\/product_tag?post=5690"}],"curies":[{"name":"wp","href":"https:\/\/api.w.org\/{rel}","templated":true}]}}