{"id":5708,"date":"2024-07-12T15:37:22","date_gmt":"2024-07-12T08:37:22","guid":{"rendered":"https:\/\/biosciences.vn\/?post_type=product&#038;p=5708"},"modified":"2025-08-28T14:55:09","modified_gmt":"2025-08-28T07:55:09","slug":"kit-elisa-kiem-tra-doc-to-patulin","status":"publish","type":"product","link":"https:\/\/biosciences.vn\/index.php\/product\/kit-elisa-kiem-tra-doc-to-patulin\/","title":{"rendered":"Kit Elisa ki\u1ec3m tra \u0111\u1ed9c t\u1ed1 Patulin (EKT-080)"},"content":{"rendered":"<p><strong>T\u1ed5ng quan<\/strong><\/p>\n<p>Patulin l\u00e0 m\u1ed9t lo\u1ea1i mycotoxin \u0111\u01b0\u1ee3c ph\u00e2n lo\u1ea1i l\u00e0 polyketide, ph\u00e2n b\u1ed1 r\u1ed9ng r\u00e3i v\u00e0 th\u01b0\u1eddng \u0111\u01b0\u1ee3c t\u00ecm th\u1ea5y trong c\u00e1c lo\u1ea1i n\u01b0\u1edbc \u00e9p, m\u1ee9t v\u00e0 c\u00e1c s\u1ea3n ph\u1ea9m t\u1eeb tr\u00e1i c\u00e2y. Patulin l\u00e0 m\u1ed9t m\u1ed1i \u0111e d\u1ecda \u0111\u1ed1i v\u1edbi s\u1ee9c kh\u1ecfe c\u1ee7a con ng\u01b0\u1eddi v\u00e0 \u0111\u1ed9ng v\u1eadt.<\/p>\n<p><strong>\u1ee8ng d\u1ee5ng<\/strong><\/p>\n<p>Kit Elisa Ki\u1ec3m Tra Patulin l\u00e0 s\u1ea3n ph\u1ea9m th\u1eed nghi\u1ec7m c\u00f3 \u0111\u1ed9 nh\u1ea1y cao, c\u00f3 kh\u1ea3 n\u0103ng ph\u00e2n t\u00edch \u0111\u1ecbnh t\u00ednh v\u00e0 \u0111\u1ecbnh l\u01b0\u1ee3ng l\u01b0\u1ee3ng t\u1ed3n d\u01b0 c\u1ee7a \u0111\u1ed9c t\u1ed1 trong n\u01b0\u1edbc t\u00e1o v\u00e0 r\u01b0\u1ee3u, v.v.<\/p>\n<p><strong>Th\u00f4ng s\u1ed1 k\u1ef9 thu\u1eadt<\/strong><\/p>\n<table>\n<thead>\n<tr>\n<th>Th\u00f4ng s\u1ed1<\/th>\n<th>Gi\u00e1 tr\u1ecb<\/th>\n<\/tr>\n<\/thead>\n<tbody>\n<tr>\n<td>M\u00e3 s\u1ea3n ph\u1ea9m<\/td>\n<td>EKT-080<\/td>\n<\/tr>\n<tr>\n<td>\u0110\u00f3ng g\u00f3i<\/td>\n<td>48\/96 T<\/td>\n<\/tr>\n<tr>\n<td>Gi\u1edbi h\u1ea1n \u0111\u1ecbnh l\u01b0\u1ee3ng (LOQ)<\/td>\n<td>\u2014<\/td>\n<\/tr>\n<tr>\n<td>Gi\u1edbi h\u1ea1n ph\u00e1t hi\u1ec7n (LOD)<\/td>\n<td>0.5 \u03bcg\/kg<\/td>\n<\/tr>\n<tr>\n<td>T\u1ed5ng th\u1eddi gian \u1ee7<\/td>\n<td>45 ph\u00fat (30\/15 ph\u00fat)<\/td>\n<\/tr>\n<tr>\n<td>Nguy\u00ean t\u1eafc x\u00e9t nghi\u1ec7m<\/td>\n<td>ELISA c\u1ea1nh tranh gi\u00e1n ti\u1ebfp<\/td>\n<\/tr>\n<tr>\n<td>Nhi\u1ec7t \u0111\u1ed9 b\u1ea3o qu\u1ea3n<\/td>\n<td>2-8\u2103<\/td>\n<\/tr>\n<\/tbody>\n<\/table>\n<p>&nbsp;<\/p>\n<p>&nbsp;<\/p>\n","protected":false},"excerpt":{"rendered":"<p>T\u1ed5ng quan Patulin l\u00e0 m\u1ed9t lo\u1ea1i mycotoxin \u0111\u01b0\u1ee3c ph\u00e2n lo\u1ea1i l\u00e0 polyketide, ph\u00e2n b\u1ed1 r\u1ed9ng r\u00e3i v\u00e0 th\u01b0\u1eddng \u0111\u01b0\u1ee3c t\u00ecm th\u1ea5y trong c\u00e1c lo\u1ea1i n\u01b0\u1edbc \u00e9p, m\u1ee9t v\u00e0 c\u00e1c s\u1ea3n ph\u1ea9m t\u1eeb tr\u00e1i c\u00e2y. Patulin l\u00e0 m\u1ed9t m\u1ed1i \u0111e d\u1ecda \u0111\u1ed1i v\u1edbi s\u1ee9c kh\u1ecfe c\u1ee7a con ng\u01b0\u1eddi v\u00e0 \u0111\u1ed9ng v\u1eadt. \u1ee8ng d\u1ee5ng Kit Elisa Ki\u1ec3m [&hellip;]<\/p>\n","protected":false},"featured_media":5561,"comment_status":"open","ping_status":"closed","template":"","meta":[],"pwb-brand":[642],"product_cat":[568,687,525,600,552,485,537],"product_tag":[711,701],"class_list":{"0":"post-5708","1":"product","2":"type-product","3":"status-publish","4":"has-post-thumbnail","6":"pwb-brand-pribolab-vi","7":"product_cat-an-toan-thuc-pham","8":"product_cat-elisa-kit-vi","9":"product_cat-loai-thuc-pham","10":"product_cat-thuc-pham-khac-vi-vi","11":"product_cat-mycotoxin-rapid-test-vi","12":"product_cat-hoa-chat-vat-tu","13":"product_cat-kit-phat-hien","14":"product_tag-competitive-elisa","15":"product_tag-elisa-kits","17":"first","18":"instock","19":"shipping-taxable","20":"purchasable","21":"product-type-variable"},"yoast_head":"<!-- This site is optimized with the Yoast SEO plugin v23.6 - https:\/\/yoast.com\/wordpress\/plugins\/seo\/ -->\n<title>Kit Elisa ki\u1ec3m tra \u0111\u1ed9c t\u1ed1 Patulin (EKT-080) - Biosciences<\/title>\n<meta name=\"robots\" content=\"index, follow, max-snippet:-1, max-image-preview:large, max-video-preview:-1\" \/>\n<link rel=\"canonical\" href=\"https:\/\/biosciences.vn\/index.php\/product\/kit-elisa-kiem-tra-doc-to-patulin\/\" \/>\n<meta property=\"og:locale\" content=\"en_US\" \/>\n<meta property=\"og:type\" content=\"article\" \/>\n<meta property=\"og:title\" content=\"Kit Elisa ki\u1ec3m tra \u0111\u1ed9c t\u1ed1 Patulin (EKT-080) - Biosciences\" \/>\n<meta property=\"og:description\" content=\"T\u1ed5ng quan Patulin l\u00e0 m\u1ed9t lo\u1ea1i mycotoxin \u0111\u01b0\u1ee3c ph\u00e2n lo\u1ea1i l\u00e0 polyketide, ph\u00e2n b\u1ed1 r\u1ed9ng r\u00e3i v\u00e0 th\u01b0\u1eddng \u0111\u01b0\u1ee3c t\u00ecm th\u1ea5y trong c\u00e1c lo\u1ea1i n\u01b0\u1edbc \u00e9p, m\u1ee9t v\u00e0 c\u00e1c s\u1ea3n ph\u1ea9m t\u1eeb tr\u00e1i c\u00e2y. Patulin l\u00e0 m\u1ed9t m\u1ed1i \u0111e d\u1ecda \u0111\u1ed1i v\u1edbi s\u1ee9c kh\u1ecfe c\u1ee7a con ng\u01b0\u1eddi v\u00e0 \u0111\u1ed9ng v\u1eadt. \u1ee8ng d\u1ee5ng Kit Elisa Ki\u1ec3m [&hellip;]\" \/>\n<meta property=\"og:url\" content=\"https:\/\/biosciences.vn\/index.php\/product\/kit-elisa-kiem-tra-doc-to-patulin\/\" \/>\n<meta property=\"og:site_name\" content=\"Biosciences\" \/>\n<meta property=\"article:modified_time\" content=\"2025-08-28T07:55:09+00:00\" \/>\n<meta property=\"og:image\" content=\"https:\/\/biosciences.vn\/wp-content\/uploads\/2024\/06\/Food-allergen.png\" \/>\n\t<meta property=\"og:image:width\" content=\"820\" \/>\n\t<meta property=\"og:image:height\" content=\"680\" \/>\n\t<meta property=\"og:image:type\" content=\"image\/png\" \/>\n<meta name=\"twitter:card\" content=\"summary_large_image\" \/>\n<meta name=\"twitter:label1\" content=\"Est. reading time\" \/>\n\t<meta name=\"twitter:data1\" content=\"1 minute\" \/>\n<script type=\"application\/ld+json\" class=\"yoast-schema-graph\">{\"@context\":\"https:\/\/schema.org\",\"@graph\":[{\"@type\":\"WebPage\",\"@id\":\"https:\/\/biosciences.vn\/index.php\/product\/kit-elisa-kiem-tra-doc-to-patulin\/\",\"url\":\"https:\/\/biosciences.vn\/index.php\/product\/kit-elisa-kiem-tra-doc-to-patulin\/\",\"name\":\"Kit Elisa ki\u1ec3m tra \u0111\u1ed9c t\u1ed1 Patulin (EKT-080) - Biosciences\",\"isPartOf\":{\"@id\":\"https:\/\/biosciences.vn\/#website\"},\"primaryImageOfPage\":{\"@id\":\"https:\/\/biosciences.vn\/index.php\/product\/kit-elisa-kiem-tra-doc-to-patulin\/#primaryimage\"},\"image\":{\"@id\":\"https:\/\/biosciences.vn\/index.php\/product\/kit-elisa-kiem-tra-doc-to-patulin\/#primaryimage\"},\"thumbnailUrl\":\"https:\/\/biosciences.vn\/wp-content\/uploads\/2024\/06\/Food-allergen.png\",\"datePublished\":\"2024-07-12T08:37:22+00:00\",\"dateModified\":\"2025-08-28T07:55:09+00:00\",\"breadcrumb\":{\"@id\":\"https:\/\/biosciences.vn\/index.php\/product\/kit-elisa-kiem-tra-doc-to-patulin\/#breadcrumb\"},\"inLanguage\":\"en-US\",\"potentialAction\":[{\"@type\":\"ReadAction\",\"target\":[\"https:\/\/biosciences.vn\/index.php\/product\/kit-elisa-kiem-tra-doc-to-patulin\/\"]}]},{\"@type\":\"ImageObject\",\"inLanguage\":\"en-US\",\"@id\":\"https:\/\/biosciences.vn\/index.php\/product\/kit-elisa-kiem-tra-doc-to-patulin\/#primaryimage\",\"url\":\"https:\/\/biosciences.vn\/wp-content\/uploads\/2024\/06\/Food-allergen.png\",\"contentUrl\":\"https:\/\/biosciences.vn\/wp-content\/uploads\/2024\/06\/Food-allergen.png\",\"width\":820,\"height\":680},{\"@type\":\"BreadcrumbList\",\"@id\":\"https:\/\/biosciences.vn\/index.php\/product\/kit-elisa-kiem-tra-doc-to-patulin\/#breadcrumb\",\"itemListElement\":[{\"@type\":\"ListItem\",\"position\":1,\"name\":\"Trang ch\u1ee7\",\"item\":\"https:\/\/biosciences.vn\/index.php\/en\/home\/\"},{\"@type\":\"ListItem\",\"position\":2,\"name\":\"Shop\",\"item\":\"https:\/\/biosciences.vn\/index.php\/shop\/\"},{\"@type\":\"ListItem\",\"position\":3,\"name\":\"Kit Elisa ki\u1ec3m tra \u0111\u1ed9c t\u1ed1 Patulin (EKT-080)\"}]},{\"@type\":\"WebSite\",\"@id\":\"https:\/\/biosciences.vn\/#website\",\"url\":\"https:\/\/biosciences.vn\/\",\"name\":\"Biosciences\",\"description\":\"\",\"publisher\":{\"@id\":\"https:\/\/biosciences.vn\/#organization\"},\"potentialAction\":[{\"@type\":\"SearchAction\",\"target\":{\"@type\":\"EntryPoint\",\"urlTemplate\":\"https:\/\/biosciences.vn\/?s={search_term_string}\"},\"query-input\":{\"@type\":\"PropertyValueSpecification\",\"valueRequired\":true,\"valueName\":\"search_term_string\"}}],\"inLanguage\":\"en-US\"},{\"@type\":\"Organization\",\"@id\":\"https:\/\/biosciences.vn\/#organization\",\"name\":\"Biosciences\",\"url\":\"https:\/\/biosciences.vn\/\",\"logo\":{\"@type\":\"ImageObject\",\"inLanguage\":\"en-US\",\"@id\":\"https:\/\/biosciences.vn\/#\/schema\/logo\/image\/\",\"url\":\"https:\/\/biosciences.vn\/wp-content\/uploads\/2024\/04\/LOGO-BIOSCIENCES-PNG.png\",\"contentUrl\":\"https:\/\/biosciences.vn\/wp-content\/uploads\/2024\/04\/LOGO-BIOSCIENCES-PNG.png\",\"width\":2536,\"height\":638,\"caption\":\"Biosciences\"},\"image\":{\"@id\":\"https:\/\/biosciences.vn\/#\/schema\/logo\/image\/\"}}]}<\/script>\n<!-- \/ Yoast SEO plugin. -->","yoast_head_json":{"title":"Kit Elisa ki\u1ec3m tra \u0111\u1ed9c t\u1ed1 Patulin (EKT-080) - Biosciences","robots":{"index":"index","follow":"follow","max-snippet":"max-snippet:-1","max-image-preview":"max-image-preview:large","max-video-preview":"max-video-preview:-1"},"canonical":"https:\/\/biosciences.vn\/index.php\/product\/kit-elisa-kiem-tra-doc-to-patulin\/","og_locale":"en_US","og_type":"article","og_title":"Kit Elisa ki\u1ec3m tra \u0111\u1ed9c t\u1ed1 Patulin (EKT-080) - Biosciences","og_description":"T\u1ed5ng quan Patulin l\u00e0 m\u1ed9t lo\u1ea1i mycotoxin \u0111\u01b0\u1ee3c ph\u00e2n lo\u1ea1i l\u00e0 polyketide, ph\u00e2n b\u1ed1 r\u1ed9ng r\u00e3i v\u00e0 th\u01b0\u1eddng \u0111\u01b0\u1ee3c t\u00ecm th\u1ea5y trong c\u00e1c lo\u1ea1i n\u01b0\u1edbc \u00e9p, m\u1ee9t v\u00e0 c\u00e1c s\u1ea3n ph\u1ea9m t\u1eeb tr\u00e1i c\u00e2y. Patulin l\u00e0 m\u1ed9t m\u1ed1i \u0111e d\u1ecda \u0111\u1ed1i v\u1edbi s\u1ee9c kh\u1ecfe c\u1ee7a con ng\u01b0\u1eddi v\u00e0 \u0111\u1ed9ng v\u1eadt. \u1ee8ng d\u1ee5ng Kit Elisa Ki\u1ec3m [&hellip;]","og_url":"https:\/\/biosciences.vn\/index.php\/product\/kit-elisa-kiem-tra-doc-to-patulin\/","og_site_name":"Biosciences","article_modified_time":"2025-08-28T07:55:09+00:00","og_image":[{"width":820,"height":680,"url":"https:\/\/biosciences.vn\/wp-content\/uploads\/2024\/06\/Food-allergen.png","type":"image\/png"}],"twitter_card":"summary_large_image","twitter_misc":{"Est. reading time":"1 minute"},"schema":{"@context":"https:\/\/schema.org","@graph":[{"@type":"WebPage","@id":"https:\/\/biosciences.vn\/index.php\/product\/kit-elisa-kiem-tra-doc-to-patulin\/","url":"https:\/\/biosciences.vn\/index.php\/product\/kit-elisa-kiem-tra-doc-to-patulin\/","name":"Kit Elisa ki\u1ec3m tra \u0111\u1ed9c t\u1ed1 Patulin (EKT-080) - Biosciences","isPartOf":{"@id":"https:\/\/biosciences.vn\/#website"},"primaryImageOfPage":{"@id":"https:\/\/biosciences.vn\/index.php\/product\/kit-elisa-kiem-tra-doc-to-patulin\/#primaryimage"},"image":{"@id":"https:\/\/biosciences.vn\/index.php\/product\/kit-elisa-kiem-tra-doc-to-patulin\/#primaryimage"},"thumbnailUrl":"https:\/\/biosciences.vn\/wp-content\/uploads\/2024\/06\/Food-allergen.png","datePublished":"2024-07-12T08:37:22+00:00","dateModified":"2025-08-28T07:55:09+00:00","breadcrumb":{"@id":"https:\/\/biosciences.vn\/index.php\/product\/kit-elisa-kiem-tra-doc-to-patulin\/#breadcrumb"},"inLanguage":"en-US","potentialAction":[{"@type":"ReadAction","target":["https:\/\/biosciences.vn\/index.php\/product\/kit-elisa-kiem-tra-doc-to-patulin\/"]}]},{"@type":"ImageObject","inLanguage":"en-US","@id":"https:\/\/biosciences.vn\/index.php\/product\/kit-elisa-kiem-tra-doc-to-patulin\/#primaryimage","url":"https:\/\/biosciences.vn\/wp-content\/uploads\/2024\/06\/Food-allergen.png","contentUrl":"https:\/\/biosciences.vn\/wp-content\/uploads\/2024\/06\/Food-allergen.png","width":820,"height":680},{"@type":"BreadcrumbList","@id":"https:\/\/biosciences.vn\/index.php\/product\/kit-elisa-kiem-tra-doc-to-patulin\/#breadcrumb","itemListElement":[{"@type":"ListItem","position":1,"name":"Trang ch\u1ee7","item":"https:\/\/biosciences.vn\/index.php\/en\/home\/"},{"@type":"ListItem","position":2,"name":"Shop","item":"https:\/\/biosciences.vn\/index.php\/shop\/"},{"@type":"ListItem","position":3,"name":"Kit Elisa ki\u1ec3m tra \u0111\u1ed9c t\u1ed1 Patulin (EKT-080)"}]},{"@type":"WebSite","@id":"https:\/\/biosciences.vn\/#website","url":"https:\/\/biosciences.vn\/","name":"Biosciences","description":"","publisher":{"@id":"https:\/\/biosciences.vn\/#organization"},"potentialAction":[{"@type":"SearchAction","target":{"@type":"EntryPoint","urlTemplate":"https:\/\/biosciences.vn\/?s={search_term_string}"},"query-input":{"@type":"PropertyValueSpecification","valueRequired":true,"valueName":"search_term_string"}}],"inLanguage":"en-US"},{"@type":"Organization","@id":"https:\/\/biosciences.vn\/#organization","name":"Biosciences","url":"https:\/\/biosciences.vn\/","logo":{"@type":"ImageObject","inLanguage":"en-US","@id":"https:\/\/biosciences.vn\/#\/schema\/logo\/image\/","url":"https:\/\/biosciences.vn\/wp-content\/uploads\/2024\/04\/LOGO-BIOSCIENCES-PNG.png","contentUrl":"https:\/\/biosciences.vn\/wp-content\/uploads\/2024\/04\/LOGO-BIOSCIENCES-PNG.png","width":2536,"height":638,"caption":"Biosciences"},"image":{"@id":"https:\/\/biosciences.vn\/#\/schema\/logo\/image\/"}}]}},"brands":[{"id":642,"name":"Pribolab","slug":"pribolab-vi"}],"_links":{"self":[{"href":"https:\/\/biosciences.vn\/index.php\/wp-json\/wp\/v2\/product\/5708"}],"collection":[{"href":"https:\/\/biosciences.vn\/index.php\/wp-json\/wp\/v2\/product"}],"about":[{"href":"https:\/\/biosciences.vn\/index.php\/wp-json\/wp\/v2\/types\/product"}],"replies":[{"embeddable":true,"href":"https:\/\/biosciences.vn\/index.php\/wp-json\/wp\/v2\/comments?post=5708"}],"wp:featuredmedia":[{"embeddable":true,"href":"https:\/\/biosciences.vn\/index.php\/wp-json\/wp\/v2\/media\/5561"}],"wp:attachment":[{"href":"https:\/\/biosciences.vn\/index.php\/wp-json\/wp\/v2\/media?parent=5708"}],"wp:term":[{"taxonomy":"pwb-brand","embeddable":true,"href":"https:\/\/biosciences.vn\/index.php\/wp-json\/wp\/v2\/pwb-brand?post=5708"},{"taxonomy":"product_cat","embeddable":true,"href":"https:\/\/biosciences.vn\/index.php\/wp-json\/wp\/v2\/product_cat?post=5708"},{"taxonomy":"product_tag","embeddable":true,"href":"https:\/\/biosciences.vn\/index.php\/wp-json\/wp\/v2\/product_tag?post=5708"}],"curies":[{"name":"wp","href":"https:\/\/api.w.org\/{rel}","templated":true}]}}