{"id":5735,"date":"2024-07-14T10:37:59","date_gmt":"2024-07-14T03:37:59","guid":{"rendered":"https:\/\/biosciences.vn\/?post_type=product&#038;p=5735"},"modified":"2025-08-28T14:55:09","modified_gmt":"2025-08-28T07:55:09","slug":"test-nhanh-doc-to-tong-aflatoxin-b1-b2-g1-va-g2","status":"publish","type":"product","link":"https:\/\/biosciences.vn\/index.php\/product\/test-nhanh-doc-to-tong-aflatoxin-b1-b2-g1-va-g2\/","title":{"rendered":"Test nhanh \u0111\u1ed9c t\u1ed1 t\u1ed5ng Aflatoxin B1, B2, G1 v\u00e0 G2 (PRS-011)"},"content":{"rendered":"<p><strong>T\u1ed5ng quan<\/strong><\/p>\n<p>Aflatoxin l\u00e0 m\u1ed9t lo\u1ea1i ch\u1ea5t chuy\u1ec3n h\u00f3a \u0111\u1ed9c h\u1ea1i do n\u1ea5m aspergillus flavus v\u00e0 aspergillus parasiticus s\u1ea3n sinh ra. Trong \u0111\u00f3, aflatoxin B1 l\u00e0 lo\u1ea1i \u0111\u1ed9c t\u1ed1 nguy hi\u1ec3m nh\u1ea5t v\u00e0 th\u01b0\u1eddng t\u1ed3n t\u1ea1i c\u00f9ng v\u1edbi aflatoxin B2, G1, v\u00e0 G2. C\u00e1c ch\u1ea5t n\u00e0y th\u01b0\u1eddng \u0111\u01b0\u1ee3c t\u00ecm th\u1ea5y ch\u1ee7 y\u1ebfu trong ng\u0169 c\u1ed1c, \u0111\u1eadu ph\u1ed9ng, c\u00e1c lo\u1ea1i h\u1ea1t c\u00e2y, d\u1ea7u th\u1ef1c v\u1eadt, v.v. Do \u0111\u00f3, vi\u1ec7c ng\u0103n ch\u1eb7n th\u1ef1c ph\u1ea9m v\u00e0 th\u1ee9c \u0103n b\u1ecb nhi\u1ec5m aflatoxin x\u00e2m nh\u1eadp tr\u1ef1c ti\u1ebfp ho\u1eb7c gi\u00e1n ti\u1ebfp v\u00e0o chu\u1ed7i th\u1ef1c ph\u1ea9m l\u00e0 r\u1ea5t quan tr\u1ecdng.<\/p>\n<p><strong>\u1ee8ng d\u1ee5ng<\/strong><\/p>\n<p>Que th\u1eed nhanh t\u1ed5ng aflatoxin l\u00e0 s\u1ea3n ph\u1ea9m th\u1eed nghi\u1ec7m c\u00f3 \u0111\u1ed9 nh\u1ea1y cao, c\u00f3 kh\u1ea3 n\u0103ng ph\u00e2n t\u00edch \u0111\u1ecbnh t\u00ednh l\u01b0\u1ee3ng t\u1ed3n d\u01b0 c\u1ee7a \u0111\u1ed9c t\u1ed1 trong ng\u0169 c\u1ed1c, d\u1ea7u th\u1ef1c v\u1eadt v\u00e0 th\u1ee9c \u0103n ch\u0103n nu\u00f4i, v.v. Ph\u01b0\u01a1ng ph\u00e1p th\u1eed nhanh ch\u1ec9 m\u1ea5t 15 ph\u00fat, ph\u00f9 h\u1ee3p v\u1edbi c\u00e1c doanh nghi\u1ec7p v\u00e0 t\u1ed5 ch\u1ee9c th\u1eed nghi\u1ec7m cho vi\u1ec7c ph\u00e1t hi\u1ec7n nhanh t\u1ea1i ch\u1ed7.<\/p>\n<p><strong>Th\u00f4ng s\u1ed1 k\u1ef9 thu\u1eadt<\/strong><\/p>\n<table>\n<thead>\n<tr>\n<th>Th\u00f4ng s\u1ed1<\/th>\n<th>Gi\u00e1 tr\u1ecb<\/th>\n<\/tr>\n<\/thead>\n<tbody>\n<tr>\n<td>M\u00e3 s\u1ea3n ph\u1ea9m<\/td>\n<td>PRS-011<\/td>\n<\/tr>\n<tr>\n<td>\u0110\u00f3ng g\u00f3i<\/td>\n<td>48\/96 T<\/td>\n<\/tr>\n<tr>\n<td>Gi\u1edbi h\u1ea1n ph\u00e1t hi\u1ec7n (LOD)<\/td>\n<td>5 \u03bcg\/kg<\/td>\n<\/tr>\n<tr>\n<td>Nhi\u1ec7t \u0111\u1ed9 b\u1ea3o qu\u1ea3n<\/td>\n<td>2-8\u2103<\/td>\n<\/tr>\n<\/tbody>\n<\/table>\n","protected":false},"excerpt":{"rendered":"<p>T\u1ed5ng quan Aflatoxin l\u00e0 m\u1ed9t lo\u1ea1i ch\u1ea5t chuy\u1ec3n h\u00f3a \u0111\u1ed9c h\u1ea1i do n\u1ea5m aspergillus flavus v\u00e0 aspergillus parasiticus s\u1ea3n sinh ra. Trong \u0111\u00f3, aflatoxin B1 l\u00e0 lo\u1ea1i \u0111\u1ed9c t\u1ed1 nguy hi\u1ec3m nh\u1ea5t v\u00e0 th\u01b0\u1eddng t\u1ed3n t\u1ea1i c\u00f9ng v\u1edbi aflatoxin B2, G1, v\u00e0 G2. C\u00e1c ch\u1ea5t n\u00e0y th\u01b0\u1eddng \u0111\u01b0\u1ee3c t\u00ecm th\u1ea5y ch\u1ee7 y\u1ebfu trong ng\u0169 c\u1ed1c, [&hellip;]<\/p>\n","protected":false},"featured_media":5717,"comment_status":"open","ping_status":"closed","template":"","meta":[],"pwb-brand":[642],"product_cat":[568,584,578,582,552,485,537],"product_tag":[715,717,713],"class_list":{"0":"post-5735","1":"product","2":"type-product","3":"status-publish","4":"has-post-thumbnail","6":"pwb-brand-pribolab-vi","7":"product_cat-an-toan-thuc-pham","8":"product_cat-hat-ngu-coc-vi","9":"product_cat-kiem-tra-dau-an-vi","10":"product_cat-thuc-an-chan-nuoi-vi","11":"product_cat-mycotoxin-rapid-test-vi","12":"product_cat-hoa-chat-vat-tu","13":"product_cat-kit-phat-hien","14":"product_tag-aflatoxin","15":"product_tag-mycotoxin-vi","16":"product_tag-rapid-test-strip","18":"first","19":"instock","20":"shipping-taxable","21":"purchasable","22":"product-type-variable"},"yoast_head":"<!-- This site is optimized with the Yoast SEO plugin v23.6 - https:\/\/yoast.com\/wordpress\/plugins\/seo\/ -->\n<title>Test nhanh \u0111\u1ed9c t\u1ed1 t\u1ed5ng Aflatoxin B1, B2, G1 v\u00e0 G2 (PRS-011) - Biosciences<\/title>\n<meta name=\"robots\" content=\"index, follow, max-snippet:-1, max-image-preview:large, max-video-preview:-1\" \/>\n<link rel=\"canonical\" href=\"https:\/\/biosciences.vn\/index.php\/product\/test-nhanh-doc-to-tong-aflatoxin-b1-b2-g1-va-g2\/\" \/>\n<meta property=\"og:locale\" content=\"en_US\" \/>\n<meta property=\"og:type\" content=\"article\" \/>\n<meta property=\"og:title\" content=\"Test nhanh \u0111\u1ed9c t\u1ed1 t\u1ed5ng Aflatoxin B1, B2, G1 v\u00e0 G2 (PRS-011) - Biosciences\" \/>\n<meta property=\"og:description\" content=\"T\u1ed5ng quan Aflatoxin l\u00e0 m\u1ed9t lo\u1ea1i ch\u1ea5t chuy\u1ec3n h\u00f3a \u0111\u1ed9c h\u1ea1i do n\u1ea5m aspergillus flavus v\u00e0 aspergillus parasiticus s\u1ea3n sinh ra. Trong \u0111\u00f3, aflatoxin B1 l\u00e0 lo\u1ea1i \u0111\u1ed9c t\u1ed1 nguy hi\u1ec3m nh\u1ea5t v\u00e0 th\u01b0\u1eddng t\u1ed3n t\u1ea1i c\u00f9ng v\u1edbi aflatoxin B2, G1, v\u00e0 G2. C\u00e1c ch\u1ea5t n\u00e0y th\u01b0\u1eddng \u0111\u01b0\u1ee3c t\u00ecm th\u1ea5y ch\u1ee7 y\u1ebfu trong ng\u0169 c\u1ed1c, [&hellip;]\" \/>\n<meta property=\"og:url\" content=\"https:\/\/biosciences.vn\/index.php\/product\/test-nhanh-doc-to-tong-aflatoxin-b1-b2-g1-va-g2\/\" \/>\n<meta property=\"og:site_name\" content=\"Biosciences\" \/>\n<meta property=\"article:modified_time\" content=\"2025-08-28T07:55:09+00:00\" \/>\n<meta property=\"og:image\" content=\"https:\/\/biosciences.vn\/wp-content\/uploads\/2024\/07\/Rapid-Test.png\" \/>\n\t<meta property=\"og:image:width\" content=\"820\" \/>\n\t<meta property=\"og:image:height\" content=\"680\" \/>\n\t<meta property=\"og:image:type\" content=\"image\/png\" \/>\n<meta name=\"twitter:card\" content=\"summary_large_image\" \/>\n<meta name=\"twitter:label1\" content=\"Est. reading time\" \/>\n\t<meta name=\"twitter:data1\" content=\"2 minutes\" \/>\n<script type=\"application\/ld+json\" class=\"yoast-schema-graph\">{\"@context\":\"https:\/\/schema.org\",\"@graph\":[{\"@type\":\"WebPage\",\"@id\":\"https:\/\/biosciences.vn\/index.php\/product\/test-nhanh-doc-to-tong-aflatoxin-b1-b2-g1-va-g2\/\",\"url\":\"https:\/\/biosciences.vn\/index.php\/product\/test-nhanh-doc-to-tong-aflatoxin-b1-b2-g1-va-g2\/\",\"name\":\"Test nhanh \u0111\u1ed9c t\u1ed1 t\u1ed5ng Aflatoxin B1, B2, G1 v\u00e0 G2 (PRS-011) - Biosciences\",\"isPartOf\":{\"@id\":\"https:\/\/biosciences.vn\/#website\"},\"primaryImageOfPage\":{\"@id\":\"https:\/\/biosciences.vn\/index.php\/product\/test-nhanh-doc-to-tong-aflatoxin-b1-b2-g1-va-g2\/#primaryimage\"},\"image\":{\"@id\":\"https:\/\/biosciences.vn\/index.php\/product\/test-nhanh-doc-to-tong-aflatoxin-b1-b2-g1-va-g2\/#primaryimage\"},\"thumbnailUrl\":\"https:\/\/biosciences.vn\/wp-content\/uploads\/2024\/07\/Rapid-Test.png\",\"datePublished\":\"2024-07-14T03:37:59+00:00\",\"dateModified\":\"2025-08-28T07:55:09+00:00\",\"breadcrumb\":{\"@id\":\"https:\/\/biosciences.vn\/index.php\/product\/test-nhanh-doc-to-tong-aflatoxin-b1-b2-g1-va-g2\/#breadcrumb\"},\"inLanguage\":\"en-US\",\"potentialAction\":[{\"@type\":\"ReadAction\",\"target\":[\"https:\/\/biosciences.vn\/index.php\/product\/test-nhanh-doc-to-tong-aflatoxin-b1-b2-g1-va-g2\/\"]}]},{\"@type\":\"ImageObject\",\"inLanguage\":\"en-US\",\"@id\":\"https:\/\/biosciences.vn\/index.php\/product\/test-nhanh-doc-to-tong-aflatoxin-b1-b2-g1-va-g2\/#primaryimage\",\"url\":\"https:\/\/biosciences.vn\/wp-content\/uploads\/2024\/07\/Rapid-Test.png\",\"contentUrl\":\"https:\/\/biosciences.vn\/wp-content\/uploads\/2024\/07\/Rapid-Test.png\",\"width\":820,\"height\":680},{\"@type\":\"BreadcrumbList\",\"@id\":\"https:\/\/biosciences.vn\/index.php\/product\/test-nhanh-doc-to-tong-aflatoxin-b1-b2-g1-va-g2\/#breadcrumb\",\"itemListElement\":[{\"@type\":\"ListItem\",\"position\":1,\"name\":\"Trang ch\u1ee7\",\"item\":\"https:\/\/biosciences.vn\/index.php\/en\/home\/\"},{\"@type\":\"ListItem\",\"position\":2,\"name\":\"Shop\",\"item\":\"https:\/\/biosciences.vn\/index.php\/shop\/\"},{\"@type\":\"ListItem\",\"position\":3,\"name\":\"Test nhanh \u0111\u1ed9c t\u1ed1 t\u1ed5ng Aflatoxin B1, B2, G1 v\u00e0 G2 (PRS-011)\"}]},{\"@type\":\"WebSite\",\"@id\":\"https:\/\/biosciences.vn\/#website\",\"url\":\"https:\/\/biosciences.vn\/\",\"name\":\"Biosciences\",\"description\":\"\",\"publisher\":{\"@id\":\"https:\/\/biosciences.vn\/#organization\"},\"potentialAction\":[{\"@type\":\"SearchAction\",\"target\":{\"@type\":\"EntryPoint\",\"urlTemplate\":\"https:\/\/biosciences.vn\/?s={search_term_string}\"},\"query-input\":{\"@type\":\"PropertyValueSpecification\",\"valueRequired\":true,\"valueName\":\"search_term_string\"}}],\"inLanguage\":\"en-US\"},{\"@type\":\"Organization\",\"@id\":\"https:\/\/biosciences.vn\/#organization\",\"name\":\"Biosciences\",\"url\":\"https:\/\/biosciences.vn\/\",\"logo\":{\"@type\":\"ImageObject\",\"inLanguage\":\"en-US\",\"@id\":\"https:\/\/biosciences.vn\/#\/schema\/logo\/image\/\",\"url\":\"https:\/\/biosciences.vn\/wp-content\/uploads\/2024\/04\/LOGO-BIOSCIENCES-PNG.png\",\"contentUrl\":\"https:\/\/biosciences.vn\/wp-content\/uploads\/2024\/04\/LOGO-BIOSCIENCES-PNG.png\",\"width\":2536,\"height\":638,\"caption\":\"Biosciences\"},\"image\":{\"@id\":\"https:\/\/biosciences.vn\/#\/schema\/logo\/image\/\"}}]}<\/script>\n<!-- \/ Yoast SEO plugin. -->","yoast_head_json":{"title":"Test nhanh \u0111\u1ed9c t\u1ed1 t\u1ed5ng Aflatoxin B1, B2, G1 v\u00e0 G2 (PRS-011) - Biosciences","robots":{"index":"index","follow":"follow","max-snippet":"max-snippet:-1","max-image-preview":"max-image-preview:large","max-video-preview":"max-video-preview:-1"},"canonical":"https:\/\/biosciences.vn\/index.php\/product\/test-nhanh-doc-to-tong-aflatoxin-b1-b2-g1-va-g2\/","og_locale":"en_US","og_type":"article","og_title":"Test nhanh \u0111\u1ed9c t\u1ed1 t\u1ed5ng Aflatoxin B1, B2, G1 v\u00e0 G2 (PRS-011) - Biosciences","og_description":"T\u1ed5ng quan Aflatoxin l\u00e0 m\u1ed9t lo\u1ea1i ch\u1ea5t chuy\u1ec3n h\u00f3a \u0111\u1ed9c h\u1ea1i do n\u1ea5m aspergillus flavus v\u00e0 aspergillus parasiticus s\u1ea3n sinh ra. Trong \u0111\u00f3, aflatoxin B1 l\u00e0 lo\u1ea1i \u0111\u1ed9c t\u1ed1 nguy hi\u1ec3m nh\u1ea5t v\u00e0 th\u01b0\u1eddng t\u1ed3n t\u1ea1i c\u00f9ng v\u1edbi aflatoxin B2, G1, v\u00e0 G2. C\u00e1c ch\u1ea5t n\u00e0y th\u01b0\u1eddng \u0111\u01b0\u1ee3c t\u00ecm th\u1ea5y ch\u1ee7 y\u1ebfu trong ng\u0169 c\u1ed1c, [&hellip;]","og_url":"https:\/\/biosciences.vn\/index.php\/product\/test-nhanh-doc-to-tong-aflatoxin-b1-b2-g1-va-g2\/","og_site_name":"Biosciences","article_modified_time":"2025-08-28T07:55:09+00:00","og_image":[{"width":820,"height":680,"url":"https:\/\/biosciences.vn\/wp-content\/uploads\/2024\/07\/Rapid-Test.png","type":"image\/png"}],"twitter_card":"summary_large_image","twitter_misc":{"Est. reading time":"2 minutes"},"schema":{"@context":"https:\/\/schema.org","@graph":[{"@type":"WebPage","@id":"https:\/\/biosciences.vn\/index.php\/product\/test-nhanh-doc-to-tong-aflatoxin-b1-b2-g1-va-g2\/","url":"https:\/\/biosciences.vn\/index.php\/product\/test-nhanh-doc-to-tong-aflatoxin-b1-b2-g1-va-g2\/","name":"Test nhanh \u0111\u1ed9c t\u1ed1 t\u1ed5ng Aflatoxin B1, B2, G1 v\u00e0 G2 (PRS-011) - Biosciences","isPartOf":{"@id":"https:\/\/biosciences.vn\/#website"},"primaryImageOfPage":{"@id":"https:\/\/biosciences.vn\/index.php\/product\/test-nhanh-doc-to-tong-aflatoxin-b1-b2-g1-va-g2\/#primaryimage"},"image":{"@id":"https:\/\/biosciences.vn\/index.php\/product\/test-nhanh-doc-to-tong-aflatoxin-b1-b2-g1-va-g2\/#primaryimage"},"thumbnailUrl":"https:\/\/biosciences.vn\/wp-content\/uploads\/2024\/07\/Rapid-Test.png","datePublished":"2024-07-14T03:37:59+00:00","dateModified":"2025-08-28T07:55:09+00:00","breadcrumb":{"@id":"https:\/\/biosciences.vn\/index.php\/product\/test-nhanh-doc-to-tong-aflatoxin-b1-b2-g1-va-g2\/#breadcrumb"},"inLanguage":"en-US","potentialAction":[{"@type":"ReadAction","target":["https:\/\/biosciences.vn\/index.php\/product\/test-nhanh-doc-to-tong-aflatoxin-b1-b2-g1-va-g2\/"]}]},{"@type":"ImageObject","inLanguage":"en-US","@id":"https:\/\/biosciences.vn\/index.php\/product\/test-nhanh-doc-to-tong-aflatoxin-b1-b2-g1-va-g2\/#primaryimage","url":"https:\/\/biosciences.vn\/wp-content\/uploads\/2024\/07\/Rapid-Test.png","contentUrl":"https:\/\/biosciences.vn\/wp-content\/uploads\/2024\/07\/Rapid-Test.png","width":820,"height":680},{"@type":"BreadcrumbList","@id":"https:\/\/biosciences.vn\/index.php\/product\/test-nhanh-doc-to-tong-aflatoxin-b1-b2-g1-va-g2\/#breadcrumb","itemListElement":[{"@type":"ListItem","position":1,"name":"Trang ch\u1ee7","item":"https:\/\/biosciences.vn\/index.php\/en\/home\/"},{"@type":"ListItem","position":2,"name":"Shop","item":"https:\/\/biosciences.vn\/index.php\/shop\/"},{"@type":"ListItem","position":3,"name":"Test nhanh \u0111\u1ed9c t\u1ed1 t\u1ed5ng Aflatoxin B1, B2, G1 v\u00e0 G2 (PRS-011)"}]},{"@type":"WebSite","@id":"https:\/\/biosciences.vn\/#website","url":"https:\/\/biosciences.vn\/","name":"Biosciences","description":"","publisher":{"@id":"https:\/\/biosciences.vn\/#organization"},"potentialAction":[{"@type":"SearchAction","target":{"@type":"EntryPoint","urlTemplate":"https:\/\/biosciences.vn\/?s={search_term_string}"},"query-input":{"@type":"PropertyValueSpecification","valueRequired":true,"valueName":"search_term_string"}}],"inLanguage":"en-US"},{"@type":"Organization","@id":"https:\/\/biosciences.vn\/#organization","name":"Biosciences","url":"https:\/\/biosciences.vn\/","logo":{"@type":"ImageObject","inLanguage":"en-US","@id":"https:\/\/biosciences.vn\/#\/schema\/logo\/image\/","url":"https:\/\/biosciences.vn\/wp-content\/uploads\/2024\/04\/LOGO-BIOSCIENCES-PNG.png","contentUrl":"https:\/\/biosciences.vn\/wp-content\/uploads\/2024\/04\/LOGO-BIOSCIENCES-PNG.png","width":2536,"height":638,"caption":"Biosciences"},"image":{"@id":"https:\/\/biosciences.vn\/#\/schema\/logo\/image\/"}}]}},"brands":[{"id":642,"name":"Pribolab","slug":"pribolab-vi"}],"_links":{"self":[{"href":"https:\/\/biosciences.vn\/index.php\/wp-json\/wp\/v2\/product\/5735"}],"collection":[{"href":"https:\/\/biosciences.vn\/index.php\/wp-json\/wp\/v2\/product"}],"about":[{"href":"https:\/\/biosciences.vn\/index.php\/wp-json\/wp\/v2\/types\/product"}],"replies":[{"embeddable":true,"href":"https:\/\/biosciences.vn\/index.php\/wp-json\/wp\/v2\/comments?post=5735"}],"wp:featuredmedia":[{"embeddable":true,"href":"https:\/\/biosciences.vn\/index.php\/wp-json\/wp\/v2\/media\/5717"}],"wp:attachment":[{"href":"https:\/\/biosciences.vn\/index.php\/wp-json\/wp\/v2\/media?parent=5735"}],"wp:term":[{"taxonomy":"pwb-brand","embeddable":true,"href":"https:\/\/biosciences.vn\/index.php\/wp-json\/wp\/v2\/pwb-brand?post=5735"},{"taxonomy":"product_cat","embeddable":true,"href":"https:\/\/biosciences.vn\/index.php\/wp-json\/wp\/v2\/product_cat?post=5735"},{"taxonomy":"product_tag","embeddable":true,"href":"https:\/\/biosciences.vn\/index.php\/wp-json\/wp\/v2\/product_tag?post=5735"}],"curies":[{"name":"wp","href":"https:\/\/api.w.org\/{rel}","templated":true}]}}