{"id":5767,"date":"2024-07-14T10:58:04","date_gmt":"2024-07-14T03:58:04","guid":{"rendered":"https:\/\/biosciences.vn\/?post_type=product&#038;p=5767"},"modified":"2025-08-28T14:55:09","modified_gmt":"2025-08-28T07:55:09","slug":"test-nhanh-dinh-luong-huynh-quang-doc-to-fumonisin","status":"publish","type":"product","link":"https:\/\/biosciences.vn\/index.php\/product\/test-nhanh-dinh-luong-huynh-quang-doc-to-fumonisin\/","title":{"rendered":"Test nhanh \u0111\u1ecbnh l\u01b0\u1ee3ng hu\u1ef3nh quang \u0111\u1ed9c t\u1ed1 Fumonisin (PRS-050Q-FD\u2160)"},"content":{"rendered":"<p><strong>T\u1ed5ng quan<\/strong><\/p>\n<p>Fumonisin l\u00e0 m\u1ed9t lo\u1ea1i \u0111\u1ed9c t\u1ed1 \u0111\u01b0\u1ee3c s\u1ea3n sinh b\u1edfi c\u00e1c lo\u00e0i n\u1ea5m Fusarium nh\u01b0 Fusarium moniliforme, Fusarium verticillioides v\u00e0 Fusarium proliferatum. Fumonisin B1 v\u00e0 B2 l\u00e0 hai trong s\u1ed1 c\u00e1c lo\u1ea1i \u0111\u1ed9c t\u1ed1 ph\u1ed5 bi\u1ebfn v\u00e0 \u0111\u1ed9c h\u1ea1i nh\u1ea5t. Ch\u00fang th\u01b0\u1eddng \u0111\u01b0\u1ee3c t\u00ecm th\u1ea5y ch\u1ee7 y\u1ebfu trong ng\u00f4 v\u00e0 c\u00e1c s\u1ea3n ph\u1ea9m t\u1eeb ng\u00f4, v\u00e0 c\u00f3 th\u1ec3 g\u00e2y h\u1ea1i \u0111\u1ebfn s\u1ee9c kh\u1ecfe con ng\u01b0\u1eddi v\u00e0 \u0111\u1ed9ng v\u1eadt n\u1ebfu ti\u00eau th\u1ee5 ph\u1ea3i.<\/p>\n<p><strong>\u1ee8ng d\u1ee5ng<\/strong><\/p>\n<p>Que th\u1eed nhanh \u0111\u1ecbnh l\u01b0\u1ee3ng hu\u1ef3nh quang fumonisin l\u00e0 s\u1ea3n ph\u1ea9m th\u1eed nghi\u1ec7m c\u00f3 \u0111\u1ed9 nh\u1ea1y cao, c\u00f3 kh\u1ea3 n\u0103ng ph\u00e2n t\u00edch \u0111\u1ecbnh l\u01b0\u1ee3ng l\u01b0\u1ee3ng t\u1ed3n d\u01b0 c\u1ee7a \u0111\u1ed9c t\u1ed1 trong ng\u0169 c\u1ed1c, d\u1ea7u th\u1ef1c v\u1eadt v\u00e0 th\u1ee9c \u0103n ch\u0103n nu\u00f4i, v.v. Ph\u01b0\u01a1ng ph\u00e1p th\u1eed nhanh ch\u1ec9 m\u1ea5t 15 ph\u00fat, ph\u00f9 h\u1ee3p v\u1edbi c\u00e1c doanh nghi\u1ec7p v\u00e0 t\u1ed5 ch\u1ee9c th\u1eed nghi\u1ec7m cho vi\u1ec7c ph\u00e1t hi\u1ec7n nhanh t\u1ea1i ch\u1ed7.<\/p>\n<p><strong>Th\u00f4ng s\u1ed1 k\u1ef9 thu\u1eadt<\/strong><\/p>\n<table>\n<thead>\n<tr>\n<th>Th\u00f4ng s\u1ed1<\/th>\n<th>Gi\u00e1 tr\u1ecb<\/th>\n<\/tr>\n<\/thead>\n<tbody>\n<tr>\n<td>M\u00e3 s\u1ea3n ph\u1ea9m<\/td>\n<td>PRS-050Q-FD\u2160<\/td>\n<\/tr>\n<tr>\n<td>\u0110\u00f3ng g\u00f3i<\/td>\n<td>25\/50\/100 T<\/td>\n<\/tr>\n<tr>\n<td>Kho\u1ea3ng \u0111\u1ecbnh l\u01b0\u1ee3ng<\/td>\n<td>100-20000 \u03bcg\/kg<\/td>\n<\/tr>\n<tr>\n<td>Nhi\u1ec7t \u0111\u1ed9 b\u1ea3o qu\u1ea3n<\/td>\n<td>2-8\u2103<\/td>\n<\/tr>\n<\/tbody>\n<\/table>\n","protected":false},"excerpt":{"rendered":"<p>T\u1ed5ng quan Fumonisin l\u00e0 m\u1ed9t lo\u1ea1i \u0111\u1ed9c t\u1ed1 \u0111\u01b0\u1ee3c s\u1ea3n sinh b\u1edfi c\u00e1c lo\u00e0i n\u1ea5m Fusarium nh\u01b0 Fusarium moniliforme, Fusarium verticillioides v\u00e0 Fusarium proliferatum. Fumonisin B1 v\u00e0 B2 l\u00e0 hai trong s\u1ed1 c\u00e1c lo\u1ea1i \u0111\u1ed9c t\u1ed1 ph\u1ed5 bi\u1ebfn v\u00e0 \u0111\u1ed9c h\u1ea1i nh\u1ea5t. Ch\u00fang th\u01b0\u1eddng \u0111\u01b0\u1ee3c t\u00ecm th\u1ea5y ch\u1ee7 y\u1ebfu trong ng\u00f4 v\u00e0 c\u00e1c s\u1ea3n ph\u1ea9m [&hellip;]<\/p>\n","protected":false},"featured_media":5717,"comment_status":"open","ping_status":"closed","template":"","meta":[],"pwb-brand":[642],"product_cat":[568,584,578,582,552,485,537],"product_tag":[715,717,713],"class_list":{"0":"post-5767","1":"product","2":"type-product","3":"status-publish","4":"has-post-thumbnail","6":"pwb-brand-pribolab-vi","7":"product_cat-an-toan-thuc-pham","8":"product_cat-hat-ngu-coc-vi","9":"product_cat-kiem-tra-dau-an-vi","10":"product_cat-thuc-an-chan-nuoi-vi","11":"product_cat-mycotoxin-rapid-test-vi","12":"product_cat-hoa-chat-vat-tu","13":"product_cat-kit-phat-hien","14":"product_tag-aflatoxin","15":"product_tag-mycotoxin-vi","16":"product_tag-rapid-test-strip","18":"first","19":"instock","20":"shipping-taxable","21":"purchasable","22":"product-type-variable"},"yoast_head":"<!-- This site is optimized with the Yoast SEO plugin v23.6 - https:\/\/yoast.com\/wordpress\/plugins\/seo\/ -->\n<title>Test nhanh \u0111\u1ecbnh l\u01b0\u1ee3ng hu\u1ef3nh quang \u0111\u1ed9c t\u1ed1 Fumonisin (PRS-050Q-FD\u2160) - Biosciences<\/title>\n<meta name=\"robots\" content=\"index, follow, max-snippet:-1, max-image-preview:large, max-video-preview:-1\" \/>\n<link rel=\"canonical\" href=\"https:\/\/biosciences.vn\/index.php\/product\/test-nhanh-dinh-luong-huynh-quang-doc-to-fumonisin\/\" \/>\n<meta property=\"og:locale\" content=\"en_US\" \/>\n<meta property=\"og:type\" content=\"article\" \/>\n<meta property=\"og:title\" content=\"Test nhanh \u0111\u1ecbnh l\u01b0\u1ee3ng hu\u1ef3nh quang \u0111\u1ed9c t\u1ed1 Fumonisin (PRS-050Q-FD\u2160) - Biosciences\" \/>\n<meta property=\"og:description\" content=\"T\u1ed5ng quan Fumonisin l\u00e0 m\u1ed9t lo\u1ea1i \u0111\u1ed9c t\u1ed1 \u0111\u01b0\u1ee3c s\u1ea3n sinh b\u1edfi c\u00e1c lo\u00e0i n\u1ea5m Fusarium nh\u01b0 Fusarium moniliforme, Fusarium verticillioides v\u00e0 Fusarium proliferatum. Fumonisin B1 v\u00e0 B2 l\u00e0 hai trong s\u1ed1 c\u00e1c lo\u1ea1i \u0111\u1ed9c t\u1ed1 ph\u1ed5 bi\u1ebfn v\u00e0 \u0111\u1ed9c h\u1ea1i nh\u1ea5t. Ch\u00fang th\u01b0\u1eddng \u0111\u01b0\u1ee3c t\u00ecm th\u1ea5y ch\u1ee7 y\u1ebfu trong ng\u00f4 v\u00e0 c\u00e1c s\u1ea3n ph\u1ea9m [&hellip;]\" \/>\n<meta property=\"og:url\" content=\"https:\/\/biosciences.vn\/index.php\/product\/test-nhanh-dinh-luong-huynh-quang-doc-to-fumonisin\/\" \/>\n<meta property=\"og:site_name\" content=\"Biosciences\" \/>\n<meta property=\"article:modified_time\" content=\"2025-08-28T07:55:09+00:00\" \/>\n<meta property=\"og:image\" content=\"https:\/\/biosciences.vn\/wp-content\/uploads\/2024\/07\/Rapid-Test.png\" \/>\n\t<meta property=\"og:image:width\" content=\"820\" \/>\n\t<meta property=\"og:image:height\" content=\"680\" \/>\n\t<meta property=\"og:image:type\" content=\"image\/png\" \/>\n<meta name=\"twitter:card\" content=\"summary_large_image\" \/>\n<meta name=\"twitter:label1\" content=\"Est. reading time\" \/>\n\t<meta name=\"twitter:data1\" content=\"1 minute\" \/>\n<script type=\"application\/ld+json\" class=\"yoast-schema-graph\">{\"@context\":\"https:\/\/schema.org\",\"@graph\":[{\"@type\":\"WebPage\",\"@id\":\"https:\/\/biosciences.vn\/index.php\/product\/test-nhanh-dinh-luong-huynh-quang-doc-to-fumonisin\/\",\"url\":\"https:\/\/biosciences.vn\/index.php\/product\/test-nhanh-dinh-luong-huynh-quang-doc-to-fumonisin\/\",\"name\":\"Test nhanh \u0111\u1ecbnh l\u01b0\u1ee3ng hu\u1ef3nh quang \u0111\u1ed9c t\u1ed1 Fumonisin (PRS-050Q-FD\u2160) - Biosciences\",\"isPartOf\":{\"@id\":\"https:\/\/biosciences.vn\/#website\"},\"primaryImageOfPage\":{\"@id\":\"https:\/\/biosciences.vn\/index.php\/product\/test-nhanh-dinh-luong-huynh-quang-doc-to-fumonisin\/#primaryimage\"},\"image\":{\"@id\":\"https:\/\/biosciences.vn\/index.php\/product\/test-nhanh-dinh-luong-huynh-quang-doc-to-fumonisin\/#primaryimage\"},\"thumbnailUrl\":\"https:\/\/biosciences.vn\/wp-content\/uploads\/2024\/07\/Rapid-Test.png\",\"datePublished\":\"2024-07-14T03:58:04+00:00\",\"dateModified\":\"2025-08-28T07:55:09+00:00\",\"breadcrumb\":{\"@id\":\"https:\/\/biosciences.vn\/index.php\/product\/test-nhanh-dinh-luong-huynh-quang-doc-to-fumonisin\/#breadcrumb\"},\"inLanguage\":\"en-US\",\"potentialAction\":[{\"@type\":\"ReadAction\",\"target\":[\"https:\/\/biosciences.vn\/index.php\/product\/test-nhanh-dinh-luong-huynh-quang-doc-to-fumonisin\/\"]}]},{\"@type\":\"ImageObject\",\"inLanguage\":\"en-US\",\"@id\":\"https:\/\/biosciences.vn\/index.php\/product\/test-nhanh-dinh-luong-huynh-quang-doc-to-fumonisin\/#primaryimage\",\"url\":\"https:\/\/biosciences.vn\/wp-content\/uploads\/2024\/07\/Rapid-Test.png\",\"contentUrl\":\"https:\/\/biosciences.vn\/wp-content\/uploads\/2024\/07\/Rapid-Test.png\",\"width\":820,\"height\":680},{\"@type\":\"BreadcrumbList\",\"@id\":\"https:\/\/biosciences.vn\/index.php\/product\/test-nhanh-dinh-luong-huynh-quang-doc-to-fumonisin\/#breadcrumb\",\"itemListElement\":[{\"@type\":\"ListItem\",\"position\":1,\"name\":\"Trang ch\u1ee7\",\"item\":\"https:\/\/biosciences.vn\/index.php\/en\/home\/\"},{\"@type\":\"ListItem\",\"position\":2,\"name\":\"Shop\",\"item\":\"https:\/\/biosciences.vn\/index.php\/shop\/\"},{\"@type\":\"ListItem\",\"position\":3,\"name\":\"Test nhanh \u0111\u1ecbnh l\u01b0\u1ee3ng hu\u1ef3nh quang \u0111\u1ed9c t\u1ed1 Fumonisin (PRS-050Q-FD\u2160)\"}]},{\"@type\":\"WebSite\",\"@id\":\"https:\/\/biosciences.vn\/#website\",\"url\":\"https:\/\/biosciences.vn\/\",\"name\":\"Biosciences\",\"description\":\"\",\"publisher\":{\"@id\":\"https:\/\/biosciences.vn\/#organization\"},\"potentialAction\":[{\"@type\":\"SearchAction\",\"target\":{\"@type\":\"EntryPoint\",\"urlTemplate\":\"https:\/\/biosciences.vn\/?s={search_term_string}\"},\"query-input\":{\"@type\":\"PropertyValueSpecification\",\"valueRequired\":true,\"valueName\":\"search_term_string\"}}],\"inLanguage\":\"en-US\"},{\"@type\":\"Organization\",\"@id\":\"https:\/\/biosciences.vn\/#organization\",\"name\":\"Biosciences\",\"url\":\"https:\/\/biosciences.vn\/\",\"logo\":{\"@type\":\"ImageObject\",\"inLanguage\":\"en-US\",\"@id\":\"https:\/\/biosciences.vn\/#\/schema\/logo\/image\/\",\"url\":\"https:\/\/biosciences.vn\/wp-content\/uploads\/2024\/04\/LOGO-BIOSCIENCES-PNG.png\",\"contentUrl\":\"https:\/\/biosciences.vn\/wp-content\/uploads\/2024\/04\/LOGO-BIOSCIENCES-PNG.png\",\"width\":2536,\"height\":638,\"caption\":\"Biosciences\"},\"image\":{\"@id\":\"https:\/\/biosciences.vn\/#\/schema\/logo\/image\/\"}}]}<\/script>\n<!-- \/ Yoast SEO plugin. -->","yoast_head_json":{"title":"Test nhanh \u0111\u1ecbnh l\u01b0\u1ee3ng hu\u1ef3nh quang \u0111\u1ed9c t\u1ed1 Fumonisin (PRS-050Q-FD\u2160) - Biosciences","robots":{"index":"index","follow":"follow","max-snippet":"max-snippet:-1","max-image-preview":"max-image-preview:large","max-video-preview":"max-video-preview:-1"},"canonical":"https:\/\/biosciences.vn\/index.php\/product\/test-nhanh-dinh-luong-huynh-quang-doc-to-fumonisin\/","og_locale":"en_US","og_type":"article","og_title":"Test nhanh \u0111\u1ecbnh l\u01b0\u1ee3ng hu\u1ef3nh quang \u0111\u1ed9c t\u1ed1 Fumonisin (PRS-050Q-FD\u2160) - Biosciences","og_description":"T\u1ed5ng quan Fumonisin l\u00e0 m\u1ed9t lo\u1ea1i \u0111\u1ed9c t\u1ed1 \u0111\u01b0\u1ee3c s\u1ea3n sinh b\u1edfi c\u00e1c lo\u00e0i n\u1ea5m Fusarium nh\u01b0 Fusarium moniliforme, Fusarium verticillioides v\u00e0 Fusarium proliferatum. Fumonisin B1 v\u00e0 B2 l\u00e0 hai trong s\u1ed1 c\u00e1c lo\u1ea1i \u0111\u1ed9c t\u1ed1 ph\u1ed5 bi\u1ebfn v\u00e0 \u0111\u1ed9c h\u1ea1i nh\u1ea5t. Ch\u00fang th\u01b0\u1eddng \u0111\u01b0\u1ee3c t\u00ecm th\u1ea5y ch\u1ee7 y\u1ebfu trong ng\u00f4 v\u00e0 c\u00e1c s\u1ea3n ph\u1ea9m [&hellip;]","og_url":"https:\/\/biosciences.vn\/index.php\/product\/test-nhanh-dinh-luong-huynh-quang-doc-to-fumonisin\/","og_site_name":"Biosciences","article_modified_time":"2025-08-28T07:55:09+00:00","og_image":[{"width":820,"height":680,"url":"https:\/\/biosciences.vn\/wp-content\/uploads\/2024\/07\/Rapid-Test.png","type":"image\/png"}],"twitter_card":"summary_large_image","twitter_misc":{"Est. reading time":"1 minute"},"schema":{"@context":"https:\/\/schema.org","@graph":[{"@type":"WebPage","@id":"https:\/\/biosciences.vn\/index.php\/product\/test-nhanh-dinh-luong-huynh-quang-doc-to-fumonisin\/","url":"https:\/\/biosciences.vn\/index.php\/product\/test-nhanh-dinh-luong-huynh-quang-doc-to-fumonisin\/","name":"Test nhanh \u0111\u1ecbnh l\u01b0\u1ee3ng hu\u1ef3nh quang \u0111\u1ed9c t\u1ed1 Fumonisin (PRS-050Q-FD\u2160) - Biosciences","isPartOf":{"@id":"https:\/\/biosciences.vn\/#website"},"primaryImageOfPage":{"@id":"https:\/\/biosciences.vn\/index.php\/product\/test-nhanh-dinh-luong-huynh-quang-doc-to-fumonisin\/#primaryimage"},"image":{"@id":"https:\/\/biosciences.vn\/index.php\/product\/test-nhanh-dinh-luong-huynh-quang-doc-to-fumonisin\/#primaryimage"},"thumbnailUrl":"https:\/\/biosciences.vn\/wp-content\/uploads\/2024\/07\/Rapid-Test.png","datePublished":"2024-07-14T03:58:04+00:00","dateModified":"2025-08-28T07:55:09+00:00","breadcrumb":{"@id":"https:\/\/biosciences.vn\/index.php\/product\/test-nhanh-dinh-luong-huynh-quang-doc-to-fumonisin\/#breadcrumb"},"inLanguage":"en-US","potentialAction":[{"@type":"ReadAction","target":["https:\/\/biosciences.vn\/index.php\/product\/test-nhanh-dinh-luong-huynh-quang-doc-to-fumonisin\/"]}]},{"@type":"ImageObject","inLanguage":"en-US","@id":"https:\/\/biosciences.vn\/index.php\/product\/test-nhanh-dinh-luong-huynh-quang-doc-to-fumonisin\/#primaryimage","url":"https:\/\/biosciences.vn\/wp-content\/uploads\/2024\/07\/Rapid-Test.png","contentUrl":"https:\/\/biosciences.vn\/wp-content\/uploads\/2024\/07\/Rapid-Test.png","width":820,"height":680},{"@type":"BreadcrumbList","@id":"https:\/\/biosciences.vn\/index.php\/product\/test-nhanh-dinh-luong-huynh-quang-doc-to-fumonisin\/#breadcrumb","itemListElement":[{"@type":"ListItem","position":1,"name":"Trang ch\u1ee7","item":"https:\/\/biosciences.vn\/index.php\/en\/home\/"},{"@type":"ListItem","position":2,"name":"Shop","item":"https:\/\/biosciences.vn\/index.php\/shop\/"},{"@type":"ListItem","position":3,"name":"Test nhanh \u0111\u1ecbnh l\u01b0\u1ee3ng hu\u1ef3nh quang \u0111\u1ed9c t\u1ed1 Fumonisin (PRS-050Q-FD\u2160)"}]},{"@type":"WebSite","@id":"https:\/\/biosciences.vn\/#website","url":"https:\/\/biosciences.vn\/","name":"Biosciences","description":"","publisher":{"@id":"https:\/\/biosciences.vn\/#organization"},"potentialAction":[{"@type":"SearchAction","target":{"@type":"EntryPoint","urlTemplate":"https:\/\/biosciences.vn\/?s={search_term_string}"},"query-input":{"@type":"PropertyValueSpecification","valueRequired":true,"valueName":"search_term_string"}}],"inLanguage":"en-US"},{"@type":"Organization","@id":"https:\/\/biosciences.vn\/#organization","name":"Biosciences","url":"https:\/\/biosciences.vn\/","logo":{"@type":"ImageObject","inLanguage":"en-US","@id":"https:\/\/biosciences.vn\/#\/schema\/logo\/image\/","url":"https:\/\/biosciences.vn\/wp-content\/uploads\/2024\/04\/LOGO-BIOSCIENCES-PNG.png","contentUrl":"https:\/\/biosciences.vn\/wp-content\/uploads\/2024\/04\/LOGO-BIOSCIENCES-PNG.png","width":2536,"height":638,"caption":"Biosciences"},"image":{"@id":"https:\/\/biosciences.vn\/#\/schema\/logo\/image\/"}}]}},"brands":[{"id":642,"name":"Pribolab","slug":"pribolab-vi"}],"_links":{"self":[{"href":"https:\/\/biosciences.vn\/index.php\/wp-json\/wp\/v2\/product\/5767"}],"collection":[{"href":"https:\/\/biosciences.vn\/index.php\/wp-json\/wp\/v2\/product"}],"about":[{"href":"https:\/\/biosciences.vn\/index.php\/wp-json\/wp\/v2\/types\/product"}],"replies":[{"embeddable":true,"href":"https:\/\/biosciences.vn\/index.php\/wp-json\/wp\/v2\/comments?post=5767"}],"wp:featuredmedia":[{"embeddable":true,"href":"https:\/\/biosciences.vn\/index.php\/wp-json\/wp\/v2\/media\/5717"}],"wp:attachment":[{"href":"https:\/\/biosciences.vn\/index.php\/wp-json\/wp\/v2\/media?parent=5767"}],"wp:term":[{"taxonomy":"pwb-brand","embeddable":true,"href":"https:\/\/biosciences.vn\/index.php\/wp-json\/wp\/v2\/pwb-brand?post=5767"},{"taxonomy":"product_cat","embeddable":true,"href":"https:\/\/biosciences.vn\/index.php\/wp-json\/wp\/v2\/product_cat?post=5767"},{"taxonomy":"product_tag","embeddable":true,"href":"https:\/\/biosciences.vn\/index.php\/wp-json\/wp\/v2\/product_tag?post=5767"}],"curies":[{"name":"wp","href":"https:\/\/api.w.org\/{rel}","templated":true}]}}