{"id":5784,"date":"2024-07-14T11:06:23","date_gmt":"2024-07-14T04:06:23","guid":{"rendered":"https:\/\/biosciences.vn\/?post_type=product&#038;p=5784"},"modified":"2025-08-28T14:55:09","modified_gmt":"2025-08-28T07:55:09","slug":"kit-test-nhanh-chat-di-ung-hanh-nhan","status":"publish","type":"product","link":"https:\/\/biosciences.vn\/index.php\/product\/kit-test-nhanh-chat-di-ung-hanh-nhan\/","title":{"rendered":"Kit test nhanh ch\u1ea5t d\u1ecb \u1ee9ng h\u1ea1nh nh\u00e2n (PRS-A10)"},"content":{"rendered":"<p><strong>T\u1ed5ng quan<\/strong><\/p>\n<p>Que th\u1eed nhanh PriboStrip\u2122 ph\u00e1t hi\u1ec7n d\u1ecb \u1ee9ng th\u1ef1c ph\u1ea9m l\u00e0 m\u1ed9t x\u00e9t nghi\u1ec7m mi\u1ec5n d\u1ecbch s\u1eafc k\u00fd \u0111\u1ec3 ph\u00e1t hi\u1ec7n \u0111\u1ecbnh t\u00ednh c\u00e1c d\u1ecb \u1ee9ng th\u1ef1c ph\u1ea9m trong th\u1ef1c ph\u1ea9m. Que th\u1eed n\u00e0y c\u00f3 th\u1ec3 \u0111\u01b0\u1ee3c s\u1eed d\u1ee5ng \u0111\u1ec3 ph\u00e1t hi\u1ec7n m\u1ed9t l\u01b0\u1ee3ng nh\u1ecf ch\u1ea5t g\u00e2y d\u1ecb \u1ee9ng t\u1eeb c\u00e1c th\u00e0nh ph\u1ea7n kh\u00f4ng r\u00f5 ngu\u1ed3n g\u1ed1c ho\u1eb7c nh\u00e3n m\u00e1c kh\u00f4ng r\u00f5 r\u00e0ng trong th\u1ef1c ph\u1ea9m \u0111\u00e3 qua ch\u1ebf bi\u1ebfn.<\/p>\n<p><strong>\u1ee8ng d\u1ee5ng<\/strong><\/p>\n<p>Test nhanh d\u1ecb \u1ee9ng h\u1ea1nh nh\u00e2n l\u00e0 s\u1ea3n ph\u1ea9m th\u1eed nghi\u1ec7m c\u00f3 \u0111\u1ed9 nh\u1ea1y cao, c\u00f3 kh\u1ea3 n\u0103ng ph\u00e2n t\u00edch \u0111\u1ecbnh t\u00ednh l\u01b0\u1ee3ng t\u1ed3n d\u01b0 c\u1ee7a ch\u1ea5t g\u00e2y d\u1ecb \u1ee9ng h\u1ea1nh nh\u00e2n trong c\u00e1c lo\u1ea1i th\u1ef1c ph\u1ea9m sau:<\/p>\n<ul>\n<li>B\u00e1nh k\u1eb9o<\/li>\n<li>\u0110\u1ed3 \u0103n nh\u1eb9<\/li>\n<li>Th\u1ef1c ph\u1ea9m ch\u1ebf bi\u1ebfn s\u1eb5n<\/li>\n<li>S\u1ea3n ph\u1ea9m s\u1eefa<\/li>\n<li>Th\u1ee9c \u0103n tr\u1ebb em<\/li>\n<li>Ng\u0169 c\u1ed1c v\u00e0 c\u00e1c s\u1ea3n ph\u1ea9m t\u1eeb ng\u0169 c\u1ed1c<\/li>\n<li>\u0110\u1ed3 u\u1ed1ng<\/li>\n<li>S\u1ea3n ph\u1ea9m t\u1eeb \u0111\u1eadu n\u00e0nh<\/li>\n<li>C\u00e1c lo\u1ea1i th\u1ef1c ph\u1ea9m c\u00f3 ch\u1ee9a ho\u1eb7c c\u00f3 kh\u1ea3 n\u0103ng ch\u1ee9a th\u00e0nh ph\u1ea7n h\u1ea1nh nh\u00e2n<\/li>\n<\/ul>\n<p>Ph\u01b0\u01a1ng ph\u00e1p th\u1eed nhanh ch\u1ec9 m\u1ea5t 15 ph\u00fat, ph\u00f9 h\u1ee3p v\u1edbi c\u00e1c doanh nghi\u1ec7p v\u00e0 t\u1ed5 ch\u1ee9c th\u1eed nghi\u1ec7m cho vi\u1ec7c ph\u00e1t hi\u1ec7n nhanh t\u1ea1i ch\u1ed7.<\/p>\n<p><strong>Th\u00f4ng s\u1ed1 k\u1ef9 thu\u1eadt<\/strong><\/p>\n<table>\n<thead>\n<tr>\n<th>Th\u00f4ng s\u1ed1<\/th>\n<th>Gi\u00e1 tr\u1ecb<\/th>\n<\/tr>\n<\/thead>\n<tbody>\n<tr>\n<td>M\u00e3 s\u1ea3n ph\u1ea9m<\/td>\n<td>PRS-A10<\/td>\n<\/tr>\n<tr>\n<td>\u0110\u00f3ng g\u00f3i<\/td>\n<td>10\/20 T<\/td>\n<\/tr>\n<tr>\n<td>\u0110\u1ed9 nh\u1ea1y (trong th\u1ef1c ph\u1ea9m)<\/td>\n<td>0.1 mg\/kg<\/td>\n<\/tr>\n<tr>\n<td>\u0110\u1ed9 nh\u1ea1y (trong m\u00f4i tr\u01b0\u1eddng)<\/td>\n<td>0.05 \u03bcg\/100 cm\u00b2<\/td>\n<\/tr>\n<tr>\n<td>Nhi\u1ec7t \u0111\u1ed9 b\u1ea3o qu\u1ea3n<\/td>\n<td>2-8\u2103<\/td>\n<\/tr>\n<tr>\n<td>Kh\u00f4ng ph\u1ea3n \u1ee9ng ch\u00e9o v\u1edbi<\/td>\n<td>H\u1ea3i s\u1ea3n, casein, \u0111\u1eadu n\u00e0nh, gluten, ki\u1ec1u m\u1ea1ch, \u0111\u1eadu ph\u1ed9ng, tr\u1ee9ng, v.v.<\/td>\n<\/tr>\n<\/tbody>\n<\/table>\n<p>&nbsp;<\/p>\n","protected":false},"excerpt":{"rendered":"<p>T\u1ed5ng quan Que th\u1eed nhanh PriboStrip\u2122 ph\u00e1t hi\u1ec7n d\u1ecb \u1ee9ng th\u1ef1c ph\u1ea9m l\u00e0 m\u1ed9t x\u00e9t nghi\u1ec7m mi\u1ec5n d\u1ecbch s\u1eafc k\u00fd \u0111\u1ec3 ph\u00e1t hi\u1ec7n \u0111\u1ecbnh t\u00ednh c\u00e1c d\u1ecb \u1ee9ng th\u1ef1c ph\u1ea9m trong th\u1ef1c ph\u1ea9m. Que th\u1eed n\u00e0y c\u00f3 th\u1ec3 \u0111\u01b0\u1ee3c s\u1eed d\u1ee5ng \u0111\u1ec3 ph\u00e1t hi\u1ec7n m\u1ed9t l\u01b0\u1ee3ng nh\u1ecf ch\u1ea5t g\u00e2y d\u1ecb \u1ee9ng t\u1eeb c\u00e1c th\u00e0nh ph\u1ea7n [&hellip;]<\/p>\n","protected":false},"featured_media":5717,"comment_status":"open","ping_status":"closed","template":"","meta":[],"pwb-brand":[642],"product_cat":[568,584,590,574,576,600,697,485,537],"product_tag":[721,713],"class_list":{"0":"post-5784","1":"product","2":"type-product","3":"status-publish","4":"has-post-thumbnail","6":"pwb-brand-pribolab-vi","7":"product_cat-an-toan-thuc-pham","8":"product_cat-hat-ngu-coc-vi","9":"product_cat-kiem-tra-sua-vi","10":"product_cat-ngu-coc-vi","11":"product_cat-san-pham-tu-sua-vi","12":"product_cat-thuc-pham-khac-vi-vi","13":"product_cat-chat-gay-di-ung","14":"product_cat-hoa-chat-vat-tu","15":"product_cat-kit-phat-hien","16":"product_tag-food-allergies","17":"product_tag-rapid-test-strip","19":"first","20":"instock","21":"shipping-taxable","22":"purchasable","23":"product-type-variable"},"yoast_head":"<!-- This site is optimized with the Yoast SEO plugin v23.6 - https:\/\/yoast.com\/wordpress\/plugins\/seo\/ -->\n<title>Kit test nhanh ch\u1ea5t d\u1ecb \u1ee9ng h\u1ea1nh nh\u00e2n (PRS-A10) - Biosciences<\/title>\n<meta name=\"robots\" content=\"index, follow, max-snippet:-1, max-image-preview:large, max-video-preview:-1\" \/>\n<link rel=\"canonical\" href=\"https:\/\/biosciences.vn\/index.php\/product\/kit-test-nhanh-chat-di-ung-hanh-nhan\/\" \/>\n<meta property=\"og:locale\" content=\"en_US\" \/>\n<meta property=\"og:type\" content=\"article\" \/>\n<meta property=\"og:title\" content=\"Kit test nhanh ch\u1ea5t d\u1ecb \u1ee9ng h\u1ea1nh nh\u00e2n (PRS-A10) - Biosciences\" \/>\n<meta property=\"og:description\" content=\"T\u1ed5ng quan Que th\u1eed nhanh PriboStrip\u2122 ph\u00e1t hi\u1ec7n d\u1ecb \u1ee9ng th\u1ef1c ph\u1ea9m l\u00e0 m\u1ed9t x\u00e9t nghi\u1ec7m mi\u1ec5n d\u1ecbch s\u1eafc k\u00fd \u0111\u1ec3 ph\u00e1t hi\u1ec7n \u0111\u1ecbnh t\u00ednh c\u00e1c d\u1ecb \u1ee9ng th\u1ef1c ph\u1ea9m trong th\u1ef1c ph\u1ea9m. Que th\u1eed n\u00e0y c\u00f3 th\u1ec3 \u0111\u01b0\u1ee3c s\u1eed d\u1ee5ng \u0111\u1ec3 ph\u00e1t hi\u1ec7n m\u1ed9t l\u01b0\u1ee3ng nh\u1ecf ch\u1ea5t g\u00e2y d\u1ecb \u1ee9ng t\u1eeb c\u00e1c th\u00e0nh ph\u1ea7n [&hellip;]\" \/>\n<meta property=\"og:url\" content=\"https:\/\/biosciences.vn\/index.php\/product\/kit-test-nhanh-chat-di-ung-hanh-nhan\/\" \/>\n<meta property=\"og:site_name\" content=\"Biosciences\" \/>\n<meta property=\"article:modified_time\" content=\"2025-08-28T07:55:09+00:00\" \/>\n<meta property=\"og:image\" content=\"https:\/\/biosciences.vn\/wp-content\/uploads\/2024\/07\/Rapid-Test.png\" \/>\n\t<meta property=\"og:image:width\" content=\"820\" \/>\n\t<meta property=\"og:image:height\" content=\"680\" \/>\n\t<meta property=\"og:image:type\" content=\"image\/png\" \/>\n<meta name=\"twitter:card\" content=\"summary_large_image\" \/>\n<meta name=\"twitter:label1\" content=\"Est. reading time\" \/>\n\t<meta name=\"twitter:data1\" content=\"2 minutes\" \/>\n<script type=\"application\/ld+json\" class=\"yoast-schema-graph\">{\"@context\":\"https:\/\/schema.org\",\"@graph\":[{\"@type\":\"WebPage\",\"@id\":\"https:\/\/biosciences.vn\/index.php\/product\/kit-test-nhanh-chat-di-ung-hanh-nhan\/\",\"url\":\"https:\/\/biosciences.vn\/index.php\/product\/kit-test-nhanh-chat-di-ung-hanh-nhan\/\",\"name\":\"Kit test nhanh ch\u1ea5t d\u1ecb \u1ee9ng h\u1ea1nh nh\u00e2n (PRS-A10) - Biosciences\",\"isPartOf\":{\"@id\":\"https:\/\/biosciences.vn\/#website\"},\"primaryImageOfPage\":{\"@id\":\"https:\/\/biosciences.vn\/index.php\/product\/kit-test-nhanh-chat-di-ung-hanh-nhan\/#primaryimage\"},\"image\":{\"@id\":\"https:\/\/biosciences.vn\/index.php\/product\/kit-test-nhanh-chat-di-ung-hanh-nhan\/#primaryimage\"},\"thumbnailUrl\":\"https:\/\/biosciences.vn\/wp-content\/uploads\/2024\/07\/Rapid-Test.png\",\"datePublished\":\"2024-07-14T04:06:23+00:00\",\"dateModified\":\"2025-08-28T07:55:09+00:00\",\"breadcrumb\":{\"@id\":\"https:\/\/biosciences.vn\/index.php\/product\/kit-test-nhanh-chat-di-ung-hanh-nhan\/#breadcrumb\"},\"inLanguage\":\"en-US\",\"potentialAction\":[{\"@type\":\"ReadAction\",\"target\":[\"https:\/\/biosciences.vn\/index.php\/product\/kit-test-nhanh-chat-di-ung-hanh-nhan\/\"]}]},{\"@type\":\"ImageObject\",\"inLanguage\":\"en-US\",\"@id\":\"https:\/\/biosciences.vn\/index.php\/product\/kit-test-nhanh-chat-di-ung-hanh-nhan\/#primaryimage\",\"url\":\"https:\/\/biosciences.vn\/wp-content\/uploads\/2024\/07\/Rapid-Test.png\",\"contentUrl\":\"https:\/\/biosciences.vn\/wp-content\/uploads\/2024\/07\/Rapid-Test.png\",\"width\":820,\"height\":680},{\"@type\":\"BreadcrumbList\",\"@id\":\"https:\/\/biosciences.vn\/index.php\/product\/kit-test-nhanh-chat-di-ung-hanh-nhan\/#breadcrumb\",\"itemListElement\":[{\"@type\":\"ListItem\",\"position\":1,\"name\":\"Trang ch\u1ee7\",\"item\":\"https:\/\/biosciences.vn\/index.php\/en\/home\/\"},{\"@type\":\"ListItem\",\"position\":2,\"name\":\"Shop\",\"item\":\"https:\/\/biosciences.vn\/index.php\/shop\/\"},{\"@type\":\"ListItem\",\"position\":3,\"name\":\"Kit test nhanh ch\u1ea5t d\u1ecb \u1ee9ng h\u1ea1nh nh\u00e2n (PRS-A10)\"}]},{\"@type\":\"WebSite\",\"@id\":\"https:\/\/biosciences.vn\/#website\",\"url\":\"https:\/\/biosciences.vn\/\",\"name\":\"Biosciences\",\"description\":\"\",\"publisher\":{\"@id\":\"https:\/\/biosciences.vn\/#organization\"},\"potentialAction\":[{\"@type\":\"SearchAction\",\"target\":{\"@type\":\"EntryPoint\",\"urlTemplate\":\"https:\/\/biosciences.vn\/?s={search_term_string}\"},\"query-input\":{\"@type\":\"PropertyValueSpecification\",\"valueRequired\":true,\"valueName\":\"search_term_string\"}}],\"inLanguage\":\"en-US\"},{\"@type\":\"Organization\",\"@id\":\"https:\/\/biosciences.vn\/#organization\",\"name\":\"Biosciences\",\"url\":\"https:\/\/biosciences.vn\/\",\"logo\":{\"@type\":\"ImageObject\",\"inLanguage\":\"en-US\",\"@id\":\"https:\/\/biosciences.vn\/#\/schema\/logo\/image\/\",\"url\":\"https:\/\/biosciences.vn\/wp-content\/uploads\/2024\/04\/LOGO-BIOSCIENCES-PNG.png\",\"contentUrl\":\"https:\/\/biosciences.vn\/wp-content\/uploads\/2024\/04\/LOGO-BIOSCIENCES-PNG.png\",\"width\":2536,\"height\":638,\"caption\":\"Biosciences\"},\"image\":{\"@id\":\"https:\/\/biosciences.vn\/#\/schema\/logo\/image\/\"}}]}<\/script>\n<!-- \/ Yoast SEO plugin. -->","yoast_head_json":{"title":"Kit test nhanh ch\u1ea5t d\u1ecb \u1ee9ng h\u1ea1nh nh\u00e2n (PRS-A10) - Biosciences","robots":{"index":"index","follow":"follow","max-snippet":"max-snippet:-1","max-image-preview":"max-image-preview:large","max-video-preview":"max-video-preview:-1"},"canonical":"https:\/\/biosciences.vn\/index.php\/product\/kit-test-nhanh-chat-di-ung-hanh-nhan\/","og_locale":"en_US","og_type":"article","og_title":"Kit test nhanh ch\u1ea5t d\u1ecb \u1ee9ng h\u1ea1nh nh\u00e2n (PRS-A10) - Biosciences","og_description":"T\u1ed5ng quan Que th\u1eed nhanh PriboStrip\u2122 ph\u00e1t hi\u1ec7n d\u1ecb \u1ee9ng th\u1ef1c ph\u1ea9m l\u00e0 m\u1ed9t x\u00e9t nghi\u1ec7m mi\u1ec5n d\u1ecbch s\u1eafc k\u00fd \u0111\u1ec3 ph\u00e1t hi\u1ec7n \u0111\u1ecbnh t\u00ednh c\u00e1c d\u1ecb \u1ee9ng th\u1ef1c ph\u1ea9m trong th\u1ef1c ph\u1ea9m. Que th\u1eed n\u00e0y c\u00f3 th\u1ec3 \u0111\u01b0\u1ee3c s\u1eed d\u1ee5ng \u0111\u1ec3 ph\u00e1t hi\u1ec7n m\u1ed9t l\u01b0\u1ee3ng nh\u1ecf ch\u1ea5t g\u00e2y d\u1ecb \u1ee9ng t\u1eeb c\u00e1c th\u00e0nh ph\u1ea7n [&hellip;]","og_url":"https:\/\/biosciences.vn\/index.php\/product\/kit-test-nhanh-chat-di-ung-hanh-nhan\/","og_site_name":"Biosciences","article_modified_time":"2025-08-28T07:55:09+00:00","og_image":[{"width":820,"height":680,"url":"https:\/\/biosciences.vn\/wp-content\/uploads\/2024\/07\/Rapid-Test.png","type":"image\/png"}],"twitter_card":"summary_large_image","twitter_misc":{"Est. reading time":"2 minutes"},"schema":{"@context":"https:\/\/schema.org","@graph":[{"@type":"WebPage","@id":"https:\/\/biosciences.vn\/index.php\/product\/kit-test-nhanh-chat-di-ung-hanh-nhan\/","url":"https:\/\/biosciences.vn\/index.php\/product\/kit-test-nhanh-chat-di-ung-hanh-nhan\/","name":"Kit test nhanh ch\u1ea5t d\u1ecb \u1ee9ng h\u1ea1nh nh\u00e2n (PRS-A10) - Biosciences","isPartOf":{"@id":"https:\/\/biosciences.vn\/#website"},"primaryImageOfPage":{"@id":"https:\/\/biosciences.vn\/index.php\/product\/kit-test-nhanh-chat-di-ung-hanh-nhan\/#primaryimage"},"image":{"@id":"https:\/\/biosciences.vn\/index.php\/product\/kit-test-nhanh-chat-di-ung-hanh-nhan\/#primaryimage"},"thumbnailUrl":"https:\/\/biosciences.vn\/wp-content\/uploads\/2024\/07\/Rapid-Test.png","datePublished":"2024-07-14T04:06:23+00:00","dateModified":"2025-08-28T07:55:09+00:00","breadcrumb":{"@id":"https:\/\/biosciences.vn\/index.php\/product\/kit-test-nhanh-chat-di-ung-hanh-nhan\/#breadcrumb"},"inLanguage":"en-US","potentialAction":[{"@type":"ReadAction","target":["https:\/\/biosciences.vn\/index.php\/product\/kit-test-nhanh-chat-di-ung-hanh-nhan\/"]}]},{"@type":"ImageObject","inLanguage":"en-US","@id":"https:\/\/biosciences.vn\/index.php\/product\/kit-test-nhanh-chat-di-ung-hanh-nhan\/#primaryimage","url":"https:\/\/biosciences.vn\/wp-content\/uploads\/2024\/07\/Rapid-Test.png","contentUrl":"https:\/\/biosciences.vn\/wp-content\/uploads\/2024\/07\/Rapid-Test.png","width":820,"height":680},{"@type":"BreadcrumbList","@id":"https:\/\/biosciences.vn\/index.php\/product\/kit-test-nhanh-chat-di-ung-hanh-nhan\/#breadcrumb","itemListElement":[{"@type":"ListItem","position":1,"name":"Trang ch\u1ee7","item":"https:\/\/biosciences.vn\/index.php\/en\/home\/"},{"@type":"ListItem","position":2,"name":"Shop","item":"https:\/\/biosciences.vn\/index.php\/shop\/"},{"@type":"ListItem","position":3,"name":"Kit test nhanh ch\u1ea5t d\u1ecb \u1ee9ng h\u1ea1nh nh\u00e2n (PRS-A10)"}]},{"@type":"WebSite","@id":"https:\/\/biosciences.vn\/#website","url":"https:\/\/biosciences.vn\/","name":"Biosciences","description":"","publisher":{"@id":"https:\/\/biosciences.vn\/#organization"},"potentialAction":[{"@type":"SearchAction","target":{"@type":"EntryPoint","urlTemplate":"https:\/\/biosciences.vn\/?s={search_term_string}"},"query-input":{"@type":"PropertyValueSpecification","valueRequired":true,"valueName":"search_term_string"}}],"inLanguage":"en-US"},{"@type":"Organization","@id":"https:\/\/biosciences.vn\/#organization","name":"Biosciences","url":"https:\/\/biosciences.vn\/","logo":{"@type":"ImageObject","inLanguage":"en-US","@id":"https:\/\/biosciences.vn\/#\/schema\/logo\/image\/","url":"https:\/\/biosciences.vn\/wp-content\/uploads\/2024\/04\/LOGO-BIOSCIENCES-PNG.png","contentUrl":"https:\/\/biosciences.vn\/wp-content\/uploads\/2024\/04\/LOGO-BIOSCIENCES-PNG.png","width":2536,"height":638,"caption":"Biosciences"},"image":{"@id":"https:\/\/biosciences.vn\/#\/schema\/logo\/image\/"}}]}},"brands":[{"id":642,"name":"Pribolab","slug":"pribolab-vi"}],"_links":{"self":[{"href":"https:\/\/biosciences.vn\/index.php\/wp-json\/wp\/v2\/product\/5784"}],"collection":[{"href":"https:\/\/biosciences.vn\/index.php\/wp-json\/wp\/v2\/product"}],"about":[{"href":"https:\/\/biosciences.vn\/index.php\/wp-json\/wp\/v2\/types\/product"}],"replies":[{"embeddable":true,"href":"https:\/\/biosciences.vn\/index.php\/wp-json\/wp\/v2\/comments?post=5784"}],"wp:featuredmedia":[{"embeddable":true,"href":"https:\/\/biosciences.vn\/index.php\/wp-json\/wp\/v2\/media\/5717"}],"wp:attachment":[{"href":"https:\/\/biosciences.vn\/index.php\/wp-json\/wp\/v2\/media?parent=5784"}],"wp:term":[{"taxonomy":"pwb-brand","embeddable":true,"href":"https:\/\/biosciences.vn\/index.php\/wp-json\/wp\/v2\/pwb-brand?post=5784"},{"taxonomy":"product_cat","embeddable":true,"href":"https:\/\/biosciences.vn\/index.php\/wp-json\/wp\/v2\/product_cat?post=5784"},{"taxonomy":"product_tag","embeddable":true,"href":"https:\/\/biosciences.vn\/index.php\/wp-json\/wp\/v2\/product_tag?post=5784"}],"curies":[{"name":"wp","href":"https:\/\/api.w.org\/{rel}","templated":true}]}}