{"id":5837,"date":"2024-07-14T12:18:53","date_gmt":"2024-07-14T05:18:53","guid":{"rendered":"https:\/\/biosciences.vn\/?post_type=product&#038;p=5837"},"modified":"2025-08-28T14:55:09","modified_gmt":"2025-08-28T07:55:09","slug":"may-phat-hien-dinh-luong-huynh-quang","status":"publish","type":"product","link":"https:\/\/biosciences.vn\/index.php\/product\/may-phat-hien-dinh-luong-huynh-quang\/","title":{"rendered":"M\u00e1y ph\u00e1t hi\u1ec7n \u0111\u1ecbnh l\u01b0\u1ee3ng hu\u1ef3nh quang Pribolab\u00ae (LFR-FD\u2160500)"},"content":{"rendered":"<p><strong>T\u1ed5ng quan<\/strong><\/p>\n<p>LFR-TC \u0111\u01b0\u1ee3c s\u1eed d\u1ee5ng v\u1edbi c\u00e1c d\u00f2ng que th\u1eed nhanh \u0111\u1ecbnh l\u01b0\u1ee3ng PriboStrip\u2122 \u0111\u1ec3 ph\u00e1t hi\u1ec7n \u0111\u1ecbnh t\u00ednh ho\u1eb7c \u0111\u1ecbnh l\u01b0\u1ee3ng c\u00e1c lo\u1ea1i mycotoxin kh\u00e1c nhau trong ng\u0169 c\u1ed1c, th\u1ef1c ph\u1ea9m v\u00e0 th\u1ee9c \u0103n ch\u0103n nu\u00f4i, v.v. \u0110\u00e2y l\u00e0 phi\u00ean b\u1ea3n n\u00e2ng c\u1ea5p, t\u00edch h\u1ee3p ch\u1ee9c n\u0103ng ph\u00e1t hi\u1ec7n v\u00e0 \u1ee7, v\u00e0 \u0111\u01b0\u1ee3c t\u00edch h\u1ee3p v\u1edbi ch\u1ee9c n\u0103ng in, thu\u1eadn ti\u1ec7n cho c\u00e1c k\u1ef9 thu\u1eadt vi\u00ean th\u1ef1c nghi\u1ec7m. LFR-TC \u0111\u01b0\u1ee3c s\u1eed d\u1ee5ng r\u1ed9ng r\u00e3i trong ph\u00e2n t\u00edch nhanh c\u00e1c mycotoxin trong s\u1ea3n ph\u1ea9m ho\u00e0n thi\u1ec7n v\u00e0 nguy\u00ean li\u1ec7u th\u00f4 trong n\u00f4ng nghi\u1ec7p, th\u1ef1c ph\u1ea9m v\u00e0 ki\u1ec3m tra ch\u1ea5t l\u01b0\u1ee3ng d\u01b0\u1ee3c ph\u1ea9m.<\/p>\n<p><strong>\u0110\u1eb7c \u0111i\u1ec3m<\/strong><\/p>\n<ul>\n<li>T\u00edch h\u1ee3p module \u1ee7 v\u00e0 ch\u1ee9c n\u0103ng ki\u1ec3m tra<\/li>\n<li>M\u00e1y in t\u00edch h\u1ee3p<\/li>\n<li>\u0110\u1ecdc k\u1ebft qu\u1ea3 nhanh h\u01a1n<\/li>\n<li>Truy\u1ec1n d\u1eef li\u1ec7u ph\u00e1t hi\u1ec7n nhanh ch\u00f3ng v\u1edbi nhi\u1ec1u k\u1ebft n\u1ed1i<\/li>\n<li>\u0110\u01b0\u1eddng cong chu\u1ea9n \u0111\u01b0\u1ee3c c\u1ea5u h\u00ecnh trong th\u1ebb IC<\/li>\n<li>M\u00e0n h\u00ecnh c\u1ea3m \u1ee9ng m\u00e0u cho giao di\u1ec7n ho\u1ea1t \u0111\u1ed9ng tho\u1ea3i m\u00e1i<\/li>\n<\/ul>\n<p><strong>Th\u00f4ng s\u1ed1 k\u1ef9 thu\u1eadt<\/strong><\/p>\n<table>\n<thead>\n<tr>\n<th>Th\u00f4ng s\u1ed1<\/th>\n<th>Gi\u00e1 tr\u1ecb<\/th>\n<\/tr>\n<\/thead>\n<tbody>\n<tr>\n<td>K\u00edch th\u01b0\u1edbc (h\u00d7w\u00d7d)<\/td>\n<td>154 mm \u00d7 403 mm \u00d7 265 mm<\/td>\n<\/tr>\n<tr>\n<td>Tr\u1ecdng l\u01b0\u1ee3ng<\/td>\n<td>5 kg<\/td>\n<\/tr>\n<tr>\n<td>M\u00e0n h\u00ecnh hi\u1ec3n th\u1ecb<\/td>\n<td>M\u00e0n h\u00ecnh c\u1ea3m \u1ee9ng LCD 7 inch<\/td>\n<\/tr>\n<tr>\n<td>V\u1ecb tr\u00ed \u1ee7<\/td>\n<td>6 v\u1ecb tr\u00ed<\/td>\n<\/tr>\n<tr>\n<td>Truy\u1ec1n d\u1eef li\u1ec7u<\/td>\n<td>USB, giao di\u1ec7n m\u1ea1ng<\/td>\n<\/tr>\n<tr>\n<td>C\u00f4ng su\u1ea5t \u0111\u1ea7u v\u00e0o<\/td>\n<td>30 W<\/td>\n<\/tr>\n<tr>\n<td>T\u1ed1c \u0111\u1ed9 \u0111o<\/td>\n<td>&lt;10 gi\u00e2y\/d\u1ea3i<\/td>\n<\/tr>\n<tr>\n<td>Nhi\u1ec7t \u0111\u1ed9 ho\u1ea1t \u0111\u1ed9ng<\/td>\n<td>-10~40\u2103<\/td>\n<\/tr>\n<tr>\n<td>Nhi\u1ec7t \u0111\u1ed9 \u1ee7<\/td>\n<td>\u00b10.5~65\u2103<\/td>\n<\/tr>\n<tr>\n<td>\u0110i\u1ec7n \u00e1p<\/td>\n<td>AC 100-240 V<\/td>\n<\/tr>\n<\/tbody>\n<\/table>\n<p><strong>Danh s\u00e1ch mycotoxin c\u00f3 th\u1ec3 ph\u00e1t hi\u1ec7n (li\u00ean t\u1ee5c ph\u00e1t tri\u1ec3n c\u00e1c s\u1ea3n ph\u1ea9m m\u1edbi)<\/strong><\/p>\n<table>\n<thead>\n<tr>\n<th>Mycotoxin c\u00f3 th\u1ec3 ph\u00e1t hi\u1ec7n<\/th>\n<th>Ph\u1ea1m vi ph\u00e1t hi\u1ec7n (\u03bcg\/kg)<\/th>\n<th>T\u00ecnh tr\u1ea1ng l\u01b0u tr\u1eef<\/th>\n<\/tr>\n<\/thead>\n<tbody>\n<tr>\n<td>Aflatoxin B1<\/td>\n<td>3-100<\/td>\n<td>C\u00f3 s\u1eb5n<\/td>\n<\/tr>\n<tr>\n<td>Zearalenone<\/td>\n<td>20-500<\/td>\n<td>C\u00f3 s\u1eb5n<\/td>\n<\/tr>\n<tr>\n<td>Deoxynivalenol<\/td>\n<td>100-4000<\/td>\n<td>C\u00f3 s\u1eb5n<\/td>\n<\/tr>\n<tr>\n<td>Ochratoxin A<\/td>\n<td>0-100<\/td>\n<td>S\u1eafp ra m\u1eaft<\/td>\n<\/tr>\n<tr>\n<td>Aflatoxin M1<\/td>\n<td>0-5<\/td>\n<td>S\u1eafp ra m\u1eaft<\/td>\n<\/tr>\n<tr>\n<td>Aflatoxin Total<\/td>\n<td>0-50<\/td>\n<td>S\u1eafp ra m\u1eaft<\/td>\n<\/tr>\n<tr>\n<td>Fumonisin B1<\/td>\n<td>0-6000<\/td>\n<td>S\u1eafp ra m\u1eaft<\/td>\n<\/tr>\n<\/tbody>\n<\/table>\n<p>&nbsp;<\/p>\n","protected":false},"excerpt":{"rendered":"<p>T\u1ed5ng quan LFR-TC \u0111\u01b0\u1ee3c s\u1eed d\u1ee5ng v\u1edbi c\u00e1c d\u00f2ng que th\u1eed nhanh \u0111\u1ecbnh l\u01b0\u1ee3ng PriboStrip\u2122 \u0111\u1ec3 ph\u00e1t hi\u1ec7n \u0111\u1ecbnh t\u00ednh ho\u1eb7c \u0111\u1ecbnh l\u01b0\u1ee3ng c\u00e1c lo\u1ea1i mycotoxin kh\u00e1c nhau trong ng\u0169 c\u1ed1c, th\u1ef1c ph\u1ea9m v\u00e0 th\u1ee9c \u0103n ch\u0103n nu\u00f4i, v.v. \u0110\u00e2y l\u00e0 phi\u00ean b\u1ea3n n\u00e2ng c\u1ea5p, t\u00edch h\u1ee3p ch\u1ee9c n\u0103ng ph\u00e1t hi\u1ec7n v\u00e0 \u1ee7, v\u00e0 \u0111\u01b0\u1ee3c [&hellip;]<\/p>\n","protected":false},"featured_media":5838,"comment_status":"open","ping_status":"closed","template":"","meta":[],"pwb-brand":[642],"product_cat":[723,439,443],"product_tag":[],"class_list":{"0":"post-5837","1":"product","2":"type-product","3":"status-publish","4":"has-post-thumbnail","6":"pwb-brand-pribolab-vi","7":"product_cat-thiet-bi-phan-tich-phuc-pham-vi","8":"product_cat-thiet-bi-khoa-hoc","9":"product_cat-thiet-bi-chuyen-dung","11":"first","12":"instock","13":"shipping-taxable","14":"purchasable","15":"product-type-simple"},"yoast_head":"<!-- This site is optimized with the Yoast SEO plugin v23.6 - https:\/\/yoast.com\/wordpress\/plugins\/seo\/ -->\n<title>M\u00e1y ph\u00e1t hi\u1ec7n \u0111\u1ecbnh l\u01b0\u1ee3ng hu\u1ef3nh quang Pribolab\u00ae (LFR-FD\u2160500) - Biosciences<\/title>\n<meta name=\"robots\" content=\"index, follow, max-snippet:-1, max-image-preview:large, max-video-preview:-1\" \/>\n<link rel=\"canonical\" href=\"https:\/\/biosciences.vn\/index.php\/product\/may-phat-hien-dinh-luong-huynh-quang\/\" \/>\n<meta property=\"og:locale\" content=\"en_US\" \/>\n<meta property=\"og:type\" content=\"article\" \/>\n<meta property=\"og:title\" content=\"M\u00e1y ph\u00e1t hi\u1ec7n \u0111\u1ecbnh l\u01b0\u1ee3ng hu\u1ef3nh quang Pribolab\u00ae (LFR-FD\u2160500) - Biosciences\" \/>\n<meta property=\"og:description\" content=\"T\u1ed5ng quan LFR-TC \u0111\u01b0\u1ee3c s\u1eed d\u1ee5ng v\u1edbi c\u00e1c d\u00f2ng que th\u1eed nhanh \u0111\u1ecbnh l\u01b0\u1ee3ng PriboStrip\u2122 \u0111\u1ec3 ph\u00e1t hi\u1ec7n \u0111\u1ecbnh t\u00ednh ho\u1eb7c \u0111\u1ecbnh l\u01b0\u1ee3ng c\u00e1c lo\u1ea1i mycotoxin kh\u00e1c nhau trong ng\u0169 c\u1ed1c, th\u1ef1c ph\u1ea9m v\u00e0 th\u1ee9c \u0103n ch\u0103n nu\u00f4i, v.v. \u0110\u00e2y l\u00e0 phi\u00ean b\u1ea3n n\u00e2ng c\u1ea5p, t\u00edch h\u1ee3p ch\u1ee9c n\u0103ng ph\u00e1t hi\u1ec7n v\u00e0 \u1ee7, v\u00e0 \u0111\u01b0\u1ee3c [&hellip;]\" \/>\n<meta property=\"og:url\" content=\"https:\/\/biosciences.vn\/index.php\/product\/may-phat-hien-dinh-luong-huynh-quang\/\" \/>\n<meta property=\"og:site_name\" content=\"Biosciences\" \/>\n<meta property=\"article:modified_time\" content=\"2025-08-28T07:55:09+00:00\" \/>\n<meta property=\"og:image\" content=\"https:\/\/biosciences.vn\/wp-content\/uploads\/2024\/07\/EQ-LFR-6090\u2160.jpg\" \/>\n\t<meta property=\"og:image:width\" content=\"820\" \/>\n\t<meta property=\"og:image:height\" content=\"680\" \/>\n\t<meta property=\"og:image:type\" content=\"image\/jpeg\" \/>\n<meta name=\"twitter:card\" content=\"summary_large_image\" \/>\n<meta name=\"twitter:label1\" content=\"Est. reading time\" \/>\n\t<meta name=\"twitter:data1\" content=\"2 minutes\" \/>\n<script type=\"application\/ld+json\" class=\"yoast-schema-graph\">{\"@context\":\"https:\/\/schema.org\",\"@graph\":[{\"@type\":\"WebPage\",\"@id\":\"https:\/\/biosciences.vn\/index.php\/product\/may-phat-hien-dinh-luong-huynh-quang\/\",\"url\":\"https:\/\/biosciences.vn\/index.php\/product\/may-phat-hien-dinh-luong-huynh-quang\/\",\"name\":\"M\u00e1y ph\u00e1t hi\u1ec7n \u0111\u1ecbnh l\u01b0\u1ee3ng hu\u1ef3nh quang Pribolab\u00ae (LFR-FD\u2160500) - Biosciences\",\"isPartOf\":{\"@id\":\"https:\/\/biosciences.vn\/#website\"},\"primaryImageOfPage\":{\"@id\":\"https:\/\/biosciences.vn\/index.php\/product\/may-phat-hien-dinh-luong-huynh-quang\/#primaryimage\"},\"image\":{\"@id\":\"https:\/\/biosciences.vn\/index.php\/product\/may-phat-hien-dinh-luong-huynh-quang\/#primaryimage\"},\"thumbnailUrl\":\"https:\/\/biosciences.vn\/wp-content\/uploads\/2024\/07\/EQ-LFR-6090\u2160.jpg\",\"datePublished\":\"2024-07-14T05:18:53+00:00\",\"dateModified\":\"2025-08-28T07:55:09+00:00\",\"breadcrumb\":{\"@id\":\"https:\/\/biosciences.vn\/index.php\/product\/may-phat-hien-dinh-luong-huynh-quang\/#breadcrumb\"},\"inLanguage\":\"en-US\",\"potentialAction\":[{\"@type\":\"ReadAction\",\"target\":[\"https:\/\/biosciences.vn\/index.php\/product\/may-phat-hien-dinh-luong-huynh-quang\/\"]}]},{\"@type\":\"ImageObject\",\"inLanguage\":\"en-US\",\"@id\":\"https:\/\/biosciences.vn\/index.php\/product\/may-phat-hien-dinh-luong-huynh-quang\/#primaryimage\",\"url\":\"https:\/\/biosciences.vn\/wp-content\/uploads\/2024\/07\/EQ-LFR-6090\u2160.jpg\",\"contentUrl\":\"https:\/\/biosciences.vn\/wp-content\/uploads\/2024\/07\/EQ-LFR-6090\u2160.jpg\",\"width\":820,\"height\":680},{\"@type\":\"BreadcrumbList\",\"@id\":\"https:\/\/biosciences.vn\/index.php\/product\/may-phat-hien-dinh-luong-huynh-quang\/#breadcrumb\",\"itemListElement\":[{\"@type\":\"ListItem\",\"position\":1,\"name\":\"Trang ch\u1ee7\",\"item\":\"https:\/\/biosciences.vn\/index.php\/en\/home\/\"},{\"@type\":\"ListItem\",\"position\":2,\"name\":\"Shop\",\"item\":\"https:\/\/biosciences.vn\/index.php\/shop\/\"},{\"@type\":\"ListItem\",\"position\":3,\"name\":\"M\u00e1y ph\u00e1t hi\u1ec7n \u0111\u1ecbnh l\u01b0\u1ee3ng hu\u1ef3nh quang Pribolab\u00ae (LFR-FD\u2160500)\"}]},{\"@type\":\"WebSite\",\"@id\":\"https:\/\/biosciences.vn\/#website\",\"url\":\"https:\/\/biosciences.vn\/\",\"name\":\"Biosciences\",\"description\":\"\",\"publisher\":{\"@id\":\"https:\/\/biosciences.vn\/#organization\"},\"potentialAction\":[{\"@type\":\"SearchAction\",\"target\":{\"@type\":\"EntryPoint\",\"urlTemplate\":\"https:\/\/biosciences.vn\/?s={search_term_string}\"},\"query-input\":{\"@type\":\"PropertyValueSpecification\",\"valueRequired\":true,\"valueName\":\"search_term_string\"}}],\"inLanguage\":\"en-US\"},{\"@type\":\"Organization\",\"@id\":\"https:\/\/biosciences.vn\/#organization\",\"name\":\"Biosciences\",\"url\":\"https:\/\/biosciences.vn\/\",\"logo\":{\"@type\":\"ImageObject\",\"inLanguage\":\"en-US\",\"@id\":\"https:\/\/biosciences.vn\/#\/schema\/logo\/image\/\",\"url\":\"https:\/\/biosciences.vn\/wp-content\/uploads\/2024\/04\/LOGO-BIOSCIENCES-PNG.png\",\"contentUrl\":\"https:\/\/biosciences.vn\/wp-content\/uploads\/2024\/04\/LOGO-BIOSCIENCES-PNG.png\",\"width\":2536,\"height\":638,\"caption\":\"Biosciences\"},\"image\":{\"@id\":\"https:\/\/biosciences.vn\/#\/schema\/logo\/image\/\"}}]}<\/script>\n<!-- \/ Yoast SEO plugin. -->","yoast_head_json":{"title":"M\u00e1y ph\u00e1t hi\u1ec7n \u0111\u1ecbnh l\u01b0\u1ee3ng hu\u1ef3nh quang Pribolab\u00ae (LFR-FD\u2160500) - Biosciences","robots":{"index":"index","follow":"follow","max-snippet":"max-snippet:-1","max-image-preview":"max-image-preview:large","max-video-preview":"max-video-preview:-1"},"canonical":"https:\/\/biosciences.vn\/index.php\/product\/may-phat-hien-dinh-luong-huynh-quang\/","og_locale":"en_US","og_type":"article","og_title":"M\u00e1y ph\u00e1t hi\u1ec7n \u0111\u1ecbnh l\u01b0\u1ee3ng hu\u1ef3nh quang Pribolab\u00ae (LFR-FD\u2160500) - Biosciences","og_description":"T\u1ed5ng quan LFR-TC \u0111\u01b0\u1ee3c s\u1eed d\u1ee5ng v\u1edbi c\u00e1c d\u00f2ng que th\u1eed nhanh \u0111\u1ecbnh l\u01b0\u1ee3ng PriboStrip\u2122 \u0111\u1ec3 ph\u00e1t hi\u1ec7n \u0111\u1ecbnh t\u00ednh ho\u1eb7c \u0111\u1ecbnh l\u01b0\u1ee3ng c\u00e1c lo\u1ea1i mycotoxin kh\u00e1c nhau trong ng\u0169 c\u1ed1c, th\u1ef1c ph\u1ea9m v\u00e0 th\u1ee9c \u0103n ch\u0103n nu\u00f4i, v.v. \u0110\u00e2y l\u00e0 phi\u00ean b\u1ea3n n\u00e2ng c\u1ea5p, t\u00edch h\u1ee3p ch\u1ee9c n\u0103ng ph\u00e1t hi\u1ec7n v\u00e0 \u1ee7, v\u00e0 \u0111\u01b0\u1ee3c [&hellip;]","og_url":"https:\/\/biosciences.vn\/index.php\/product\/may-phat-hien-dinh-luong-huynh-quang\/","og_site_name":"Biosciences","article_modified_time":"2025-08-28T07:55:09+00:00","og_image":[{"width":820,"height":680,"url":"https:\/\/biosciences.vn\/wp-content\/uploads\/2024\/07\/EQ-LFR-6090\u2160.jpg","type":"image\/jpeg"}],"twitter_card":"summary_large_image","twitter_misc":{"Est. reading time":"2 minutes"},"schema":{"@context":"https:\/\/schema.org","@graph":[{"@type":"WebPage","@id":"https:\/\/biosciences.vn\/index.php\/product\/may-phat-hien-dinh-luong-huynh-quang\/","url":"https:\/\/biosciences.vn\/index.php\/product\/may-phat-hien-dinh-luong-huynh-quang\/","name":"M\u00e1y ph\u00e1t hi\u1ec7n \u0111\u1ecbnh l\u01b0\u1ee3ng hu\u1ef3nh quang Pribolab\u00ae (LFR-FD\u2160500) - Biosciences","isPartOf":{"@id":"https:\/\/biosciences.vn\/#website"},"primaryImageOfPage":{"@id":"https:\/\/biosciences.vn\/index.php\/product\/may-phat-hien-dinh-luong-huynh-quang\/#primaryimage"},"image":{"@id":"https:\/\/biosciences.vn\/index.php\/product\/may-phat-hien-dinh-luong-huynh-quang\/#primaryimage"},"thumbnailUrl":"https:\/\/biosciences.vn\/wp-content\/uploads\/2024\/07\/EQ-LFR-6090\u2160.jpg","datePublished":"2024-07-14T05:18:53+00:00","dateModified":"2025-08-28T07:55:09+00:00","breadcrumb":{"@id":"https:\/\/biosciences.vn\/index.php\/product\/may-phat-hien-dinh-luong-huynh-quang\/#breadcrumb"},"inLanguage":"en-US","potentialAction":[{"@type":"ReadAction","target":["https:\/\/biosciences.vn\/index.php\/product\/may-phat-hien-dinh-luong-huynh-quang\/"]}]},{"@type":"ImageObject","inLanguage":"en-US","@id":"https:\/\/biosciences.vn\/index.php\/product\/may-phat-hien-dinh-luong-huynh-quang\/#primaryimage","url":"https:\/\/biosciences.vn\/wp-content\/uploads\/2024\/07\/EQ-LFR-6090\u2160.jpg","contentUrl":"https:\/\/biosciences.vn\/wp-content\/uploads\/2024\/07\/EQ-LFR-6090\u2160.jpg","width":820,"height":680},{"@type":"BreadcrumbList","@id":"https:\/\/biosciences.vn\/index.php\/product\/may-phat-hien-dinh-luong-huynh-quang\/#breadcrumb","itemListElement":[{"@type":"ListItem","position":1,"name":"Trang ch\u1ee7","item":"https:\/\/biosciences.vn\/index.php\/en\/home\/"},{"@type":"ListItem","position":2,"name":"Shop","item":"https:\/\/biosciences.vn\/index.php\/shop\/"},{"@type":"ListItem","position":3,"name":"M\u00e1y ph\u00e1t hi\u1ec7n \u0111\u1ecbnh l\u01b0\u1ee3ng hu\u1ef3nh quang Pribolab\u00ae (LFR-FD\u2160500)"}]},{"@type":"WebSite","@id":"https:\/\/biosciences.vn\/#website","url":"https:\/\/biosciences.vn\/","name":"Biosciences","description":"","publisher":{"@id":"https:\/\/biosciences.vn\/#organization"},"potentialAction":[{"@type":"SearchAction","target":{"@type":"EntryPoint","urlTemplate":"https:\/\/biosciences.vn\/?s={search_term_string}"},"query-input":{"@type":"PropertyValueSpecification","valueRequired":true,"valueName":"search_term_string"}}],"inLanguage":"en-US"},{"@type":"Organization","@id":"https:\/\/biosciences.vn\/#organization","name":"Biosciences","url":"https:\/\/biosciences.vn\/","logo":{"@type":"ImageObject","inLanguage":"en-US","@id":"https:\/\/biosciences.vn\/#\/schema\/logo\/image\/","url":"https:\/\/biosciences.vn\/wp-content\/uploads\/2024\/04\/LOGO-BIOSCIENCES-PNG.png","contentUrl":"https:\/\/biosciences.vn\/wp-content\/uploads\/2024\/04\/LOGO-BIOSCIENCES-PNG.png","width":2536,"height":638,"caption":"Biosciences"},"image":{"@id":"https:\/\/biosciences.vn\/#\/schema\/logo\/image\/"}}]}},"brands":[{"id":642,"name":"Pribolab","slug":"pribolab-vi"}],"_links":{"self":[{"href":"https:\/\/biosciences.vn\/index.php\/wp-json\/wp\/v2\/product\/5837"}],"collection":[{"href":"https:\/\/biosciences.vn\/index.php\/wp-json\/wp\/v2\/product"}],"about":[{"href":"https:\/\/biosciences.vn\/index.php\/wp-json\/wp\/v2\/types\/product"}],"replies":[{"embeddable":true,"href":"https:\/\/biosciences.vn\/index.php\/wp-json\/wp\/v2\/comments?post=5837"}],"wp:featuredmedia":[{"embeddable":true,"href":"https:\/\/biosciences.vn\/index.php\/wp-json\/wp\/v2\/media\/5838"}],"wp:attachment":[{"href":"https:\/\/biosciences.vn\/index.php\/wp-json\/wp\/v2\/media?parent=5837"}],"wp:term":[{"taxonomy":"pwb-brand","embeddable":true,"href":"https:\/\/biosciences.vn\/index.php\/wp-json\/wp\/v2\/pwb-brand?post=5837"},{"taxonomy":"product_cat","embeddable":true,"href":"https:\/\/biosciences.vn\/index.php\/wp-json\/wp\/v2\/product_cat?post=5837"},{"taxonomy":"product_tag","embeddable":true,"href":"https:\/\/biosciences.vn\/index.php\/wp-json\/wp\/v2\/product_tag?post=5837"}],"curies":[{"name":"wp","href":"https:\/\/api.w.org\/{rel}","templated":true}]}}