{"id":5847,"date":"2024-07-14T12:50:44","date_gmt":"2024-07-14T05:50:44","guid":{"rendered":"https:\/\/biosciences.vn\/?post_type=product&#038;p=5847"},"modified":"2025-08-28T14:55:09","modified_gmt":"2025-08-28T07:55:09","slug":"may-phan-tich-thuc-pham-tu-dong-pribolabauto-enzymatic","status":"publish","type":"product","link":"https:\/\/biosciences.vn\/index.php\/product\/may-phan-tich-thuc-pham-tu-dong-pribolabauto-enzymatic\/","title":{"rendered":"M\u00e1y ph\u00e2n t\u00edch th\u1ef1c ph\u1ea9m t\u1ef1 \u0111\u1ed9ng Pribolab\u00aeAuto-enzymatic (HWEQ-PR210)"},"content":{"rendered":"<p><strong>T\u1ed5ng quan<\/strong><\/p>\n<p>M\u00e1y ph\u00e2n t\u00edch th\u1ef1c ph\u1ea9m t\u1ef1 \u0111\u1ed9ng enzym (Auto-enzymatic Food Analyzer) l\u00e0 thi\u1ebft b\u1ecb \u0111o th\u00e0nh ph\u1ea7n h\u00f3a h\u1ecdc c\u1ee5 th\u1ec3 d\u1ef1a tr\u00ean nguy\u00ean l\u00fd quang \u0111i\u1ec7n s\u1eafc k\u00fd. Thi\u1ebft b\u1ecb n\u00e0y c\u00f3 th\u1ec3 \u0111\u01b0\u1ee3c s\u1eed d\u1ee5ng cho ki\u1ec3m so\u00e1t ch\u1ea5t l\u01b0\u1ee3ng, ki\u1ec3m tra ch\u1ea5t l\u01b0\u1ee3ng s\u1ea3n ph\u1ea9m ho\u00e0n thi\u1ec7n v\u00e0 ph\u00e2n t\u00edch nghi\u00ean c\u1ee9u k\u1ef9 thu\u1eadt trong c\u00e1c l\u0129nh v\u1ef1c th\u1ef1c ph\u1ea9m, n\u01b0\u1edbc \u00e9p, s\u1eefa, th\u1ee9c \u0103n ch\u0103n nu\u00f4i, l\u00ean men, d\u01b0\u1ee3c ph\u1ea9m v\u00e0 c\u00e1c quy tr\u00ecnh s\u1ea3n xu\u1ea5t kh\u00e1c.<\/p>\n<p>Thi\u1ebft b\u1ecb \u0111\u01b0\u1ee3c thi\u1ebft k\u1ebf \u0111\u1ec3 t\u00edch h\u1ee3p t\u1ef1 \u0111\u1ed9ng ho\u00e0n to\u00e0n, bao g\u1ed3m ki\u1ec3m so\u00e1t nhi\u1ec7t \u0111\u1ed9 \u1ee7 ch\u00ednh x\u00e1c, thi\u1ebft b\u1ecb pipet, ph\u00e1t hi\u1ec7n v\u00e0 ph\u00e2n t\u00edch, l\u00e0m s\u1ea1ch t\u1ef1 \u0111\u1ed9ng v\u00e0 c\u00e1c ch\u01b0\u01a1ng tr\u00ecnh ph\u1ea7n m\u1ec1m. \u0110i\u1ec1u n\u00e0y gi\u00fap lo\u1ea1i b\u1ecf nhu c\u1ea7u nh\u00e2n s\u1ef1 \u1edf l\u1ea1i, c\u1ea3i thi\u1ec7n \u0111\u00e1ng k\u1ec3 hi\u1ec7u su\u1ea5t ph\u00f2ng th\u00ed nghi\u1ec7m v\u00e0 ti\u1ebft ki\u1ec7m chi ph\u00ed.<\/p>\n<p><strong>\u0110\u1eb7c \u0111i\u1ec3m<\/strong><\/p>\n<ul>\n<li>Thi\u1ebft l\u1eadp th\u00f4ng s\u1ed1 tr\u1ef1c quan \u0111\u1ec3 \u0111\u00e1p \u1ee9ng c\u00e1c nhu c\u1ea7u ph\u00e1t hi\u1ec7n kh\u00e1c nhau<\/li>\n<li>Ph\u1ea1m vi b\u01b0\u1edbc s\u00f3ng ph\u00e1t hi\u1ec7n r\u1ed9ng 340nm~630nm<\/li>\n<li>H\u1ed7 tr\u1ee3 ki\u1ec3m tra \u0111\u1ed3ng th\u1eddi 54 m\u1eabu<\/li>\n<li>Ki\u1ec3m so\u00e1t nhi\u1ec7t \u0111\u1ed9 ch\u00ednh x\u00e1c c\u1ee7a \u0111\u0129a ph\u1ea3n \u1ee9ng, l\u00e0m s\u1ea1ch t\u1ef1 \u0111\u1ed9ng c\u1ed1c ph\u1ea3n \u1ee9ng<\/li>\n<li>C\u00e1c ph\u01b0\u01a1ng ph\u00e1p th\u1eed nghi\u1ec7m bao g\u1ed3m ph\u01b0\u01a1ng ph\u00e1p \u0111i\u1ec3m cu\u1ed1i, ph\u01b0\u01a1ng ph\u00e1p \u0111\u1ed9ng h\u1ecdc, ph\u01b0\u01a1ng ph\u00e1p hai \u0111i\u1ec3m, v.v.<\/li>\n<li>Kh\u00f4ng gi\u1edbi h\u1ea1n c\u00e1c th\u1eed nghi\u1ec7m b\u1ed5 sung, \u01b0u ti\u00ean kh\u1ea9n c\u1ea5p<\/li>\n<li>L\u00e0m s\u1ea1ch t\u1ef1 \u0111\u1ed9ng 7 giai \u0111o\u1ea1n 15 b\u01b0\u1edbc, l\u00e0m s\u1ea1ch tri\u1ec7t \u0111\u1ec3 h\u01a1n v\u00e0 kh\u00f4ng c\u00f3 nhi\u1ec5m ch\u00e9o<\/li>\n<\/ul>\n<p><strong>Th\u00f4ng s\u1ed1 k\u1ef9 thu\u1eadt<\/strong><\/p>\n<table>\n<thead>\n<tr>\n<th>Th\u00f4ng s\u1ed1<\/th>\n<th>Gi\u00e1 tr\u1ecb<\/th>\n<\/tr>\n<\/thead>\n<tbody>\n<tr>\n<td>K\u00edch th\u01b0\u1edbc (L\u00d7W\u00d7H)<\/td>\n<td>566 mm \u00d7 559 mm \u00d7 601 mm<\/td>\n<\/tr>\n<tr>\n<td>H\u1ec7 \u0111i\u1ec1u h\u00e0nh<\/td>\n<td>Windows<\/td>\n<\/tr>\n<tr>\n<td>Ngu\u1ed3n \u0111i\u1ec7n<\/td>\n<td>AC 100-240 V, 50 Hz \/ 60 Hz<\/td>\n<\/tr>\n<tr>\n<td>\u0110\u1ed9 h\u1ea5p th\u1ee5<\/td>\n<td>0~4.0 A, \u0110\u1ed9 ph\u00e2n gi\u1ea3i 0.0001 A<\/td>\n<\/tr>\n<tr>\n<td>Truy\u1ec1n d\u1eef li\u1ec7u<\/td>\n<td>H\u1ed7 tr\u1ee3 k\u1ebft n\u1ed1i v\u1edbi h\u1ec7 th\u1ed1ng HIS v\u00e0 LIS<\/td>\n<\/tr>\n<tr>\n<td>Ph\u01b0\u01a1ng ph\u00e1p \u0111\u01b0\u1eddng cong chu\u1ea9n<\/td>\n<td>\u0110\u01b0\u1eddng \u0111a \u0111i\u1ec3m, Logit, Spline, v.v.<\/td>\n<\/tr>\n<tr>\n<td>Ph\u01b0\u01a1ng ph\u00e1p chia \u00e1nh s\u00e1ng<\/td>\n<td>\u0110i\u1ec3m s\u00e1ng sau truy\u1ec1n d\u1eabn s\u1ee3i quang v\u00e0 h\u1ec7 th\u1ed1ng ph\u00e1t hi\u1ec7n \u00e1nh s\u00e1ng k\u00edn ho\u00e0n to\u00e0n<\/td>\n<\/tr>\n<\/tbody>\n<\/table>\n","protected":false},"excerpt":{"rendered":"<p>T\u1ed5ng quan M\u00e1y ph\u00e2n t\u00edch th\u1ef1c ph\u1ea9m t\u1ef1 \u0111\u1ed9ng enzym (Auto-enzymatic Food Analyzer) l\u00e0 thi\u1ebft b\u1ecb \u0111o th\u00e0nh ph\u1ea7n h\u00f3a h\u1ecdc c\u1ee5 th\u1ec3 d\u1ef1a tr\u00ean nguy\u00ean l\u00fd quang \u0111i\u1ec7n s\u1eafc k\u00fd. Thi\u1ebft b\u1ecb n\u00e0y c\u00f3 th\u1ec3 \u0111\u01b0\u1ee3c s\u1eed d\u1ee5ng cho ki\u1ec3m so\u00e1t ch\u1ea5t l\u01b0\u1ee3ng, ki\u1ec3m tra ch\u1ea5t l\u01b0\u1ee3ng s\u1ea3n ph\u1ea9m ho\u00e0n thi\u1ec7n v\u00e0 ph\u00e2n t\u00edch [&hellip;]<\/p>\n","protected":false},"featured_media":5850,"comment_status":"open","ping_status":"closed","template":"","meta":[],"pwb-brand":[642],"product_cat":[723,439,443],"product_tag":[],"class_list":{"0":"post-5847","1":"product","2":"type-product","3":"status-publish","4":"has-post-thumbnail","6":"pwb-brand-pribolab-vi","7":"product_cat-thiet-bi-phan-tich-phuc-pham-vi","8":"product_cat-thiet-bi-khoa-hoc","9":"product_cat-thiet-bi-chuyen-dung","11":"first","12":"instock","13":"shipping-taxable","14":"purchasable","15":"product-type-simple"},"yoast_head":"<!-- This site is optimized with the Yoast SEO plugin v23.6 - https:\/\/yoast.com\/wordpress\/plugins\/seo\/ -->\n<title>M\u00e1y ph\u00e2n t\u00edch th\u1ef1c ph\u1ea9m t\u1ef1 \u0111\u1ed9ng Pribolab\u00aeAuto-enzymatic (HWEQ-PR210) - Biosciences<\/title>\n<meta name=\"robots\" content=\"index, follow, max-snippet:-1, max-image-preview:large, max-video-preview:-1\" \/>\n<link rel=\"canonical\" href=\"https:\/\/biosciences.vn\/index.php\/product\/may-phan-tich-thuc-pham-tu-dong-pribolabauto-enzymatic\/\" \/>\n<meta property=\"og:locale\" content=\"en_US\" \/>\n<meta property=\"og:type\" content=\"article\" \/>\n<meta property=\"og:title\" content=\"M\u00e1y ph\u00e2n t\u00edch th\u1ef1c ph\u1ea9m t\u1ef1 \u0111\u1ed9ng Pribolab\u00aeAuto-enzymatic (HWEQ-PR210) - Biosciences\" \/>\n<meta property=\"og:description\" content=\"T\u1ed5ng quan M\u00e1y ph\u00e2n t\u00edch th\u1ef1c ph\u1ea9m t\u1ef1 \u0111\u1ed9ng enzym (Auto-enzymatic Food Analyzer) l\u00e0 thi\u1ebft b\u1ecb \u0111o th\u00e0nh ph\u1ea7n h\u00f3a h\u1ecdc c\u1ee5 th\u1ec3 d\u1ef1a tr\u00ean nguy\u00ean l\u00fd quang \u0111i\u1ec7n s\u1eafc k\u00fd. Thi\u1ebft b\u1ecb n\u00e0y c\u00f3 th\u1ec3 \u0111\u01b0\u1ee3c s\u1eed d\u1ee5ng cho ki\u1ec3m so\u00e1t ch\u1ea5t l\u01b0\u1ee3ng, ki\u1ec3m tra ch\u1ea5t l\u01b0\u1ee3ng s\u1ea3n ph\u1ea9m ho\u00e0n thi\u1ec7n v\u00e0 ph\u00e2n t\u00edch [&hellip;]\" \/>\n<meta property=\"og:url\" content=\"https:\/\/biosciences.vn\/index.php\/product\/may-phan-tich-thuc-pham-tu-dong-pribolabauto-enzymatic\/\" \/>\n<meta property=\"og:site_name\" content=\"Biosciences\" \/>\n<meta property=\"article:modified_time\" content=\"2025-08-28T07:55:09+00:00\" \/>\n<meta property=\"og:image\" content=\"https:\/\/biosciences.vn\/wp-content\/uploads\/2024\/07\/HWEQ-PR210.png\" \/>\n\t<meta property=\"og:image:width\" content=\"820\" \/>\n\t<meta property=\"og:image:height\" content=\"680\" \/>\n\t<meta property=\"og:image:type\" content=\"image\/png\" \/>\n<meta name=\"twitter:card\" content=\"summary_large_image\" \/>\n<meta name=\"twitter:label1\" content=\"Est. reading time\" \/>\n\t<meta name=\"twitter:data1\" content=\"2 minutes\" \/>\n<script type=\"application\/ld+json\" class=\"yoast-schema-graph\">{\"@context\":\"https:\/\/schema.org\",\"@graph\":[{\"@type\":\"WebPage\",\"@id\":\"https:\/\/biosciences.vn\/index.php\/product\/may-phan-tich-thuc-pham-tu-dong-pribolabauto-enzymatic\/\",\"url\":\"https:\/\/biosciences.vn\/index.php\/product\/may-phan-tich-thuc-pham-tu-dong-pribolabauto-enzymatic\/\",\"name\":\"M\u00e1y ph\u00e2n t\u00edch th\u1ef1c ph\u1ea9m t\u1ef1 \u0111\u1ed9ng Pribolab\u00aeAuto-enzymatic (HWEQ-PR210) - Biosciences\",\"isPartOf\":{\"@id\":\"https:\/\/biosciences.vn\/#website\"},\"primaryImageOfPage\":{\"@id\":\"https:\/\/biosciences.vn\/index.php\/product\/may-phan-tich-thuc-pham-tu-dong-pribolabauto-enzymatic\/#primaryimage\"},\"image\":{\"@id\":\"https:\/\/biosciences.vn\/index.php\/product\/may-phan-tich-thuc-pham-tu-dong-pribolabauto-enzymatic\/#primaryimage\"},\"thumbnailUrl\":\"https:\/\/biosciences.vn\/wp-content\/uploads\/2024\/07\/HWEQ-PR210.png\",\"datePublished\":\"2024-07-14T05:50:44+00:00\",\"dateModified\":\"2025-08-28T07:55:09+00:00\",\"breadcrumb\":{\"@id\":\"https:\/\/biosciences.vn\/index.php\/product\/may-phan-tich-thuc-pham-tu-dong-pribolabauto-enzymatic\/#breadcrumb\"},\"inLanguage\":\"en-US\",\"potentialAction\":[{\"@type\":\"ReadAction\",\"target\":[\"https:\/\/biosciences.vn\/index.php\/product\/may-phan-tich-thuc-pham-tu-dong-pribolabauto-enzymatic\/\"]}]},{\"@type\":\"ImageObject\",\"inLanguage\":\"en-US\",\"@id\":\"https:\/\/biosciences.vn\/index.php\/product\/may-phan-tich-thuc-pham-tu-dong-pribolabauto-enzymatic\/#primaryimage\",\"url\":\"https:\/\/biosciences.vn\/wp-content\/uploads\/2024\/07\/HWEQ-PR210.png\",\"contentUrl\":\"https:\/\/biosciences.vn\/wp-content\/uploads\/2024\/07\/HWEQ-PR210.png\",\"width\":820,\"height\":680},{\"@type\":\"BreadcrumbList\",\"@id\":\"https:\/\/biosciences.vn\/index.php\/product\/may-phan-tich-thuc-pham-tu-dong-pribolabauto-enzymatic\/#breadcrumb\",\"itemListElement\":[{\"@type\":\"ListItem\",\"position\":1,\"name\":\"Trang ch\u1ee7\",\"item\":\"https:\/\/biosciences.vn\/index.php\/en\/home\/\"},{\"@type\":\"ListItem\",\"position\":2,\"name\":\"Shop\",\"item\":\"https:\/\/biosciences.vn\/index.php\/shop\/\"},{\"@type\":\"ListItem\",\"position\":3,\"name\":\"M\u00e1y ph\u00e2n t\u00edch th\u1ef1c ph\u1ea9m t\u1ef1 \u0111\u1ed9ng Pribolab\u00aeAuto-enzymatic (HWEQ-PR210)\"}]},{\"@type\":\"WebSite\",\"@id\":\"https:\/\/biosciences.vn\/#website\",\"url\":\"https:\/\/biosciences.vn\/\",\"name\":\"Biosciences\",\"description\":\"\",\"publisher\":{\"@id\":\"https:\/\/biosciences.vn\/#organization\"},\"potentialAction\":[{\"@type\":\"SearchAction\",\"target\":{\"@type\":\"EntryPoint\",\"urlTemplate\":\"https:\/\/biosciences.vn\/?s={search_term_string}\"},\"query-input\":{\"@type\":\"PropertyValueSpecification\",\"valueRequired\":true,\"valueName\":\"search_term_string\"}}],\"inLanguage\":\"en-US\"},{\"@type\":\"Organization\",\"@id\":\"https:\/\/biosciences.vn\/#organization\",\"name\":\"Biosciences\",\"url\":\"https:\/\/biosciences.vn\/\",\"logo\":{\"@type\":\"ImageObject\",\"inLanguage\":\"en-US\",\"@id\":\"https:\/\/biosciences.vn\/#\/schema\/logo\/image\/\",\"url\":\"https:\/\/biosciences.vn\/wp-content\/uploads\/2024\/04\/LOGO-BIOSCIENCES-PNG.png\",\"contentUrl\":\"https:\/\/biosciences.vn\/wp-content\/uploads\/2024\/04\/LOGO-BIOSCIENCES-PNG.png\",\"width\":2536,\"height\":638,\"caption\":\"Biosciences\"},\"image\":{\"@id\":\"https:\/\/biosciences.vn\/#\/schema\/logo\/image\/\"}}]}<\/script>\n<!-- \/ Yoast SEO plugin. -->","yoast_head_json":{"title":"M\u00e1y ph\u00e2n t\u00edch th\u1ef1c ph\u1ea9m t\u1ef1 \u0111\u1ed9ng Pribolab\u00aeAuto-enzymatic (HWEQ-PR210) - Biosciences","robots":{"index":"index","follow":"follow","max-snippet":"max-snippet:-1","max-image-preview":"max-image-preview:large","max-video-preview":"max-video-preview:-1"},"canonical":"https:\/\/biosciences.vn\/index.php\/product\/may-phan-tich-thuc-pham-tu-dong-pribolabauto-enzymatic\/","og_locale":"en_US","og_type":"article","og_title":"M\u00e1y ph\u00e2n t\u00edch th\u1ef1c ph\u1ea9m t\u1ef1 \u0111\u1ed9ng Pribolab\u00aeAuto-enzymatic (HWEQ-PR210) - Biosciences","og_description":"T\u1ed5ng quan M\u00e1y ph\u00e2n t\u00edch th\u1ef1c ph\u1ea9m t\u1ef1 \u0111\u1ed9ng enzym (Auto-enzymatic Food Analyzer) l\u00e0 thi\u1ebft b\u1ecb \u0111o th\u00e0nh ph\u1ea7n h\u00f3a h\u1ecdc c\u1ee5 th\u1ec3 d\u1ef1a tr\u00ean nguy\u00ean l\u00fd quang \u0111i\u1ec7n s\u1eafc k\u00fd. Thi\u1ebft b\u1ecb n\u00e0y c\u00f3 th\u1ec3 \u0111\u01b0\u1ee3c s\u1eed d\u1ee5ng cho ki\u1ec3m so\u00e1t ch\u1ea5t l\u01b0\u1ee3ng, ki\u1ec3m tra ch\u1ea5t l\u01b0\u1ee3ng s\u1ea3n ph\u1ea9m ho\u00e0n thi\u1ec7n v\u00e0 ph\u00e2n t\u00edch [&hellip;]","og_url":"https:\/\/biosciences.vn\/index.php\/product\/may-phan-tich-thuc-pham-tu-dong-pribolabauto-enzymatic\/","og_site_name":"Biosciences","article_modified_time":"2025-08-28T07:55:09+00:00","og_image":[{"width":820,"height":680,"url":"https:\/\/biosciences.vn\/wp-content\/uploads\/2024\/07\/HWEQ-PR210.png","type":"image\/png"}],"twitter_card":"summary_large_image","twitter_misc":{"Est. reading time":"2 minutes"},"schema":{"@context":"https:\/\/schema.org","@graph":[{"@type":"WebPage","@id":"https:\/\/biosciences.vn\/index.php\/product\/may-phan-tich-thuc-pham-tu-dong-pribolabauto-enzymatic\/","url":"https:\/\/biosciences.vn\/index.php\/product\/may-phan-tich-thuc-pham-tu-dong-pribolabauto-enzymatic\/","name":"M\u00e1y ph\u00e2n t\u00edch th\u1ef1c ph\u1ea9m t\u1ef1 \u0111\u1ed9ng Pribolab\u00aeAuto-enzymatic (HWEQ-PR210) - Biosciences","isPartOf":{"@id":"https:\/\/biosciences.vn\/#website"},"primaryImageOfPage":{"@id":"https:\/\/biosciences.vn\/index.php\/product\/may-phan-tich-thuc-pham-tu-dong-pribolabauto-enzymatic\/#primaryimage"},"image":{"@id":"https:\/\/biosciences.vn\/index.php\/product\/may-phan-tich-thuc-pham-tu-dong-pribolabauto-enzymatic\/#primaryimage"},"thumbnailUrl":"https:\/\/biosciences.vn\/wp-content\/uploads\/2024\/07\/HWEQ-PR210.png","datePublished":"2024-07-14T05:50:44+00:00","dateModified":"2025-08-28T07:55:09+00:00","breadcrumb":{"@id":"https:\/\/biosciences.vn\/index.php\/product\/may-phan-tich-thuc-pham-tu-dong-pribolabauto-enzymatic\/#breadcrumb"},"inLanguage":"en-US","potentialAction":[{"@type":"ReadAction","target":["https:\/\/biosciences.vn\/index.php\/product\/may-phan-tich-thuc-pham-tu-dong-pribolabauto-enzymatic\/"]}]},{"@type":"ImageObject","inLanguage":"en-US","@id":"https:\/\/biosciences.vn\/index.php\/product\/may-phan-tich-thuc-pham-tu-dong-pribolabauto-enzymatic\/#primaryimage","url":"https:\/\/biosciences.vn\/wp-content\/uploads\/2024\/07\/HWEQ-PR210.png","contentUrl":"https:\/\/biosciences.vn\/wp-content\/uploads\/2024\/07\/HWEQ-PR210.png","width":820,"height":680},{"@type":"BreadcrumbList","@id":"https:\/\/biosciences.vn\/index.php\/product\/may-phan-tich-thuc-pham-tu-dong-pribolabauto-enzymatic\/#breadcrumb","itemListElement":[{"@type":"ListItem","position":1,"name":"Trang ch\u1ee7","item":"https:\/\/biosciences.vn\/index.php\/en\/home\/"},{"@type":"ListItem","position":2,"name":"Shop","item":"https:\/\/biosciences.vn\/index.php\/shop\/"},{"@type":"ListItem","position":3,"name":"M\u00e1y ph\u00e2n t\u00edch th\u1ef1c ph\u1ea9m t\u1ef1 \u0111\u1ed9ng Pribolab\u00aeAuto-enzymatic (HWEQ-PR210)"}]},{"@type":"WebSite","@id":"https:\/\/biosciences.vn\/#website","url":"https:\/\/biosciences.vn\/","name":"Biosciences","description":"","publisher":{"@id":"https:\/\/biosciences.vn\/#organization"},"potentialAction":[{"@type":"SearchAction","target":{"@type":"EntryPoint","urlTemplate":"https:\/\/biosciences.vn\/?s={search_term_string}"},"query-input":{"@type":"PropertyValueSpecification","valueRequired":true,"valueName":"search_term_string"}}],"inLanguage":"en-US"},{"@type":"Organization","@id":"https:\/\/biosciences.vn\/#organization","name":"Biosciences","url":"https:\/\/biosciences.vn\/","logo":{"@type":"ImageObject","inLanguage":"en-US","@id":"https:\/\/biosciences.vn\/#\/schema\/logo\/image\/","url":"https:\/\/biosciences.vn\/wp-content\/uploads\/2024\/04\/LOGO-BIOSCIENCES-PNG.png","contentUrl":"https:\/\/biosciences.vn\/wp-content\/uploads\/2024\/04\/LOGO-BIOSCIENCES-PNG.png","width":2536,"height":638,"caption":"Biosciences"},"image":{"@id":"https:\/\/biosciences.vn\/#\/schema\/logo\/image\/"}}]}},"brands":[{"id":642,"name":"Pribolab","slug":"pribolab-vi"}],"_links":{"self":[{"href":"https:\/\/biosciences.vn\/index.php\/wp-json\/wp\/v2\/product\/5847"}],"collection":[{"href":"https:\/\/biosciences.vn\/index.php\/wp-json\/wp\/v2\/product"}],"about":[{"href":"https:\/\/biosciences.vn\/index.php\/wp-json\/wp\/v2\/types\/product"}],"replies":[{"embeddable":true,"href":"https:\/\/biosciences.vn\/index.php\/wp-json\/wp\/v2\/comments?post=5847"}],"wp:featuredmedia":[{"embeddable":true,"href":"https:\/\/biosciences.vn\/index.php\/wp-json\/wp\/v2\/media\/5850"}],"wp:attachment":[{"href":"https:\/\/biosciences.vn\/index.php\/wp-json\/wp\/v2\/media?parent=5847"}],"wp:term":[{"taxonomy":"pwb-brand","embeddable":true,"href":"https:\/\/biosciences.vn\/index.php\/wp-json\/wp\/v2\/pwb-brand?post=5847"},{"taxonomy":"product_cat","embeddable":true,"href":"https:\/\/biosciences.vn\/index.php\/wp-json\/wp\/v2\/product_cat?post=5847"},{"taxonomy":"product_tag","embeddable":true,"href":"https:\/\/biosciences.vn\/index.php\/wp-json\/wp\/v2\/product_tag?post=5847"}],"curies":[{"name":"wp","href":"https:\/\/api.w.org\/{rel}","templated":true}]}}