{"id":5851,"date":"2024-07-14T12:55:01","date_gmt":"2024-07-14T05:55:01","guid":{"rendered":"https:\/\/biosciences.vn\/?post_type=product&#038;p=5851"},"modified":"2025-08-28T14:55:09","modified_gmt":"2025-08-28T07:55:09","slug":"he-thong-tinh-sach-cot-ai-luc-mien-dich-tu-dong-pribolabautomatic-immunoaffinity-column-purification-system","status":"publish","type":"product","link":"https:\/\/biosciences.vn\/index.php\/product\/he-thong-tinh-sach-cot-ai-luc-mien-dich-tu-dong-pribolabautomatic-immunoaffinity-column-purification-system\/","title":{"rendered":"H\u1ec7 th\u1ed1ng tinh s\u1ea1ch c\u1ed9t \u00e1i l\u1ef1c mi\u1ec5n d\u1ecbch t\u1ef1 \u0111\u1ed9ng Pribolab\u00aeAutomatic Immunoaffinity Column Purification System (HWEQ-IM 5050)"},"content":{"rendered":"<p><strong>M\u00e3 s\u1ea3n ph\u1ea9m:<\/strong> Auto IPS-6080<\/p>\n<p>H\u1ec7 th\u1ed1ng tinh s\u1ea1ch c\u1ed9t mi\u1ec5n d\u1ecbch t\u1ef1 \u0111\u1ed9ng (IPS) t\u00edch h\u1ee3p c\u00e1c b\u01b0\u1edbc v\u1eadn h\u00e0nh c\u1ee7a c\u1ed9t mi\u1ec5n d\u1ecbch (n\u1ea1p m\u1eabu, r\u1eeda v\u00e0 r\u1eeda gi\u1ea3i) v\u00e0o m\u1ed9t n\u1ec1n t\u1ea3ng v\u1eadn h\u00e0nh duy nh\u1ea5t. H\u1ec7 th\u1ed1ng n\u00e0y ph\u00f9 h\u1ee3p \u0111\u1ec3 tinh s\u1ea1ch mi\u1ec5n d\u1ecbch c\u00e1c ch\u1ea5t \u0111\u1ed9c sinh h\u1ecdc, d\u01b0 l\u01b0\u1ee3ng thu\u1ed1c th\u00fa y, ch\u1ea5t g\u00e2y \u00f4 nhi\u1ec5m vi l\u01b0\u1ee3ng v\u00e0 c\u00e1c ch\u1ea5t ph\u1ee5 gia b\u1ecb c\u1ea5m trong c\u00e1c m\u1eabu nh\u01b0 th\u1ef1c ph\u1ea9m, th\u1ee9c \u0103n ch\u0103n nu\u00f4i v\u00e0 nguy\u00ean li\u1ec7u th\u1ea3o d\u01b0\u1ee3c, v.v. N\u00f3 tu\u00e2n th\u1ee7 D\u01b0\u1ee3c \u0111i\u1ec3n, c\u00e1c quy \u0111\u1ecbnh v\u1ec7 sinh th\u1ef1c ph\u1ea9m c\u1ee7a Trung Qu\u1ed1c v\u00e0 c\u00e1c ti\u00eau chu\u1ea9n qu\u1ed1c t\u1ebf nh\u01b0 Li\u00ean minh Ch\u00e2u \u00c2u v\u00e0 AOAC.<\/p>\n<p><strong>\u0110\u1eb7c \u0111i\u1ec3m<\/strong><\/p>\n<ul>\n<li>Giao di\u1ec7n c\u1ea3m \u1ee9ng tr\u1ef1c quan, d\u1ec5 d\u00e0ng c\u00e0i \u0111\u1eb7t v\u00e0 v\u1eadn h\u00e0nh<\/li>\n<li>\u1ee8ng d\u1ee5ng r\u1ed9ng r\u00e3i cho nhi\u1ec1u lo\u1ea1i m\u1eabu<\/li>\n<li>Ho\u1ea1t \u0111\u1ed9ng t\u1ef1 \u0111\u1ed9ng ho\u00e0n to\u00e0n, t\u1ef1 \u0111\u1ed9ng n\u1ea1p v\u00e0 l\u00e0m s\u1ea1ch m\u1eabu<\/li>\n<li>\u0110\u1ed9 ch\u00ednh x\u00e1c thu h\u1ed3i cao<\/li>\n<li>\u0110\u01b0\u1ee3c d\u1eabn \u0111\u1ed9ng b\u1edfi \u0111\u1ed9ng c\u01a1 ch\u00ednh x\u00e1c, t\u1ed1c \u0111\u1ed9 \u1ed5n \u0111\u1ecbnh, n\u1ea1p m\u1eabu ch\u00ednh x\u00e1c<\/li>\n<\/ul>\n<p><strong>Th\u00f4ng s\u1ed1 k\u1ef9 thu\u1eadt<\/strong><\/p>\n<table>\n<thead>\n<tr>\n<th>Th\u00f4ng s\u1ed1<\/th>\n<th>Gi\u00e1 tr\u1ecb<\/th>\n<\/tr>\n<\/thead>\n<tbody>\n<tr>\n<td>M\u00e3 s\u1ea3n ph\u1ea9m<\/td>\n<td>HWEQ-IM 5050<\/td>\n<\/tr>\n<tr>\n<td>H\u1ec7 \u0111i\u1ec1u h\u00e0nh<\/td>\n<td>Windows<\/td>\n<\/tr>\n<tr>\n<td>Giao di\u1ec7n \u0111i\u1ec1u khi\u1ec3n<\/td>\n<td>M\u00e0n h\u00ecnh c\u1ea3m \u1ee9ng m\u00e0u<\/td>\n<\/tr>\n<tr>\n<td>Ph\u1ea1m vi \u1ee9ng d\u1ee5ng<\/td>\n<td>Th\u1ef1c ph\u1ea9m, th\u1ee9c \u0103n ch\u0103n nu\u00f4i, nguy\u00ean li\u1ec7u th\u1ea3o d\u01b0\u1ee3c, v.v.<\/td>\n<\/tr>\n<tr>\n<td>Ti\u00eau chu\u1ea9n tu\u00e2n th\u1ee7<\/td>\n<td>D\u01b0\u1ee3c \u0111i\u1ec3n, c\u00e1c quy \u0111\u1ecbnh v\u1ec7 sinh th\u1ef1c ph\u1ea9m c\u1ee7a Trung Qu\u1ed1c, EU, AOAC<\/td>\n<\/tr>\n<\/tbody>\n<\/table>\n<p>&nbsp;<\/p>\n<p>&nbsp;<\/p>\n","protected":false},"excerpt":{"rendered":"<p>M\u00e3 s\u1ea3n ph\u1ea9m: Auto IPS-6080 H\u1ec7 th\u1ed1ng tinh s\u1ea1ch c\u1ed9t mi\u1ec5n d\u1ecbch t\u1ef1 \u0111\u1ed9ng (IPS) t\u00edch h\u1ee3p c\u00e1c b\u01b0\u1edbc v\u1eadn h\u00e0nh c\u1ee7a c\u1ed9t mi\u1ec5n d\u1ecbch (n\u1ea1p m\u1eabu, r\u1eeda v\u00e0 r\u1eeda gi\u1ea3i) v\u00e0o m\u1ed9t n\u1ec1n t\u1ea3ng v\u1eadn h\u00e0nh duy nh\u1ea5t. H\u1ec7 th\u1ed1ng n\u00e0y ph\u00f9 h\u1ee3p \u0111\u1ec3 tinh s\u1ea1ch mi\u1ec5n d\u1ecbch c\u00e1c ch\u1ea5t \u0111\u1ed9c sinh h\u1ecdc, d\u01b0 [&hellip;]<\/p>\n","protected":false},"featured_media":5850,"comment_status":"open","ping_status":"closed","template":"","meta":[],"pwb-brand":[642],"product_cat":[723,439,443],"product_tag":[],"class_list":{"0":"post-5851","1":"product","2":"type-product","3":"status-publish","4":"has-post-thumbnail","6":"pwb-brand-pribolab-vi","7":"product_cat-thiet-bi-phan-tich-phuc-pham-vi","8":"product_cat-thiet-bi-khoa-hoc","9":"product_cat-thiet-bi-chuyen-dung","11":"first","12":"instock","13":"shipping-taxable","14":"purchasable","15":"product-type-simple"},"yoast_head":"<!-- This site is optimized with the Yoast SEO plugin v23.6 - https:\/\/yoast.com\/wordpress\/plugins\/seo\/ -->\n<title>H\u1ec7 th\u1ed1ng tinh s\u1ea1ch c\u1ed9t \u00e1i l\u1ef1c mi\u1ec5n d\u1ecbch t\u1ef1 \u0111\u1ed9ng Pribolab\u00aeAutomatic Immunoaffinity Column Purification System (HWEQ-IM 5050) - Biosciences<\/title>\n<meta name=\"robots\" content=\"index, follow, max-snippet:-1, max-image-preview:large, max-video-preview:-1\" \/>\n<link rel=\"canonical\" href=\"https:\/\/biosciences.vn\/index.php\/product\/he-thong-tinh-sach-cot-ai-luc-mien-dich-tu-dong-pribolabautomatic-immunoaffinity-column-purification-system\/\" \/>\n<meta property=\"og:locale\" content=\"en_US\" \/>\n<meta property=\"og:type\" content=\"article\" \/>\n<meta property=\"og:title\" content=\"H\u1ec7 th\u1ed1ng tinh s\u1ea1ch c\u1ed9t \u00e1i l\u1ef1c mi\u1ec5n d\u1ecbch t\u1ef1 \u0111\u1ed9ng Pribolab\u00aeAutomatic Immunoaffinity Column Purification System (HWEQ-IM 5050) - Biosciences\" \/>\n<meta property=\"og:description\" content=\"M\u00e3 s\u1ea3n ph\u1ea9m: Auto IPS-6080 H\u1ec7 th\u1ed1ng tinh s\u1ea1ch c\u1ed9t mi\u1ec5n d\u1ecbch t\u1ef1 \u0111\u1ed9ng (IPS) t\u00edch h\u1ee3p c\u00e1c b\u01b0\u1edbc v\u1eadn h\u00e0nh c\u1ee7a c\u1ed9t mi\u1ec5n d\u1ecbch (n\u1ea1p m\u1eabu, r\u1eeda v\u00e0 r\u1eeda gi\u1ea3i) v\u00e0o m\u1ed9t n\u1ec1n t\u1ea3ng v\u1eadn h\u00e0nh duy nh\u1ea5t. H\u1ec7 th\u1ed1ng n\u00e0y ph\u00f9 h\u1ee3p \u0111\u1ec3 tinh s\u1ea1ch mi\u1ec5n d\u1ecbch c\u00e1c ch\u1ea5t \u0111\u1ed9c sinh h\u1ecdc, d\u01b0 [&hellip;]\" \/>\n<meta property=\"og:url\" content=\"https:\/\/biosciences.vn\/index.php\/product\/he-thong-tinh-sach-cot-ai-luc-mien-dich-tu-dong-pribolabautomatic-immunoaffinity-column-purification-system\/\" \/>\n<meta property=\"og:site_name\" content=\"Biosciences\" \/>\n<meta property=\"article:modified_time\" content=\"2025-08-28T07:55:09+00:00\" \/>\n<meta property=\"og:image\" content=\"https:\/\/biosciences.vn\/wp-content\/uploads\/2024\/07\/HWEQ-PR210.png\" \/>\n\t<meta property=\"og:image:width\" content=\"820\" \/>\n\t<meta property=\"og:image:height\" content=\"680\" \/>\n\t<meta property=\"og:image:type\" content=\"image\/png\" \/>\n<meta name=\"twitter:card\" content=\"summary_large_image\" \/>\n<meta name=\"twitter:label1\" content=\"Est. reading time\" \/>\n\t<meta name=\"twitter:data1\" content=\"2 minutes\" \/>\n<script type=\"application\/ld+json\" class=\"yoast-schema-graph\">{\"@context\":\"https:\/\/schema.org\",\"@graph\":[{\"@type\":\"WebPage\",\"@id\":\"https:\/\/biosciences.vn\/index.php\/product\/he-thong-tinh-sach-cot-ai-luc-mien-dich-tu-dong-pribolabautomatic-immunoaffinity-column-purification-system\/\",\"url\":\"https:\/\/biosciences.vn\/index.php\/product\/he-thong-tinh-sach-cot-ai-luc-mien-dich-tu-dong-pribolabautomatic-immunoaffinity-column-purification-system\/\",\"name\":\"H\u1ec7 th\u1ed1ng tinh s\u1ea1ch c\u1ed9t \u00e1i l\u1ef1c mi\u1ec5n d\u1ecbch t\u1ef1 \u0111\u1ed9ng Pribolab\u00aeAutomatic Immunoaffinity Column Purification System (HWEQ-IM 5050) - Biosciences\",\"isPartOf\":{\"@id\":\"https:\/\/biosciences.vn\/#website\"},\"primaryImageOfPage\":{\"@id\":\"https:\/\/biosciences.vn\/index.php\/product\/he-thong-tinh-sach-cot-ai-luc-mien-dich-tu-dong-pribolabautomatic-immunoaffinity-column-purification-system\/#primaryimage\"},\"image\":{\"@id\":\"https:\/\/biosciences.vn\/index.php\/product\/he-thong-tinh-sach-cot-ai-luc-mien-dich-tu-dong-pribolabautomatic-immunoaffinity-column-purification-system\/#primaryimage\"},\"thumbnailUrl\":\"https:\/\/biosciences.vn\/wp-content\/uploads\/2024\/07\/HWEQ-PR210.png\",\"datePublished\":\"2024-07-14T05:55:01+00:00\",\"dateModified\":\"2025-08-28T07:55:09+00:00\",\"breadcrumb\":{\"@id\":\"https:\/\/biosciences.vn\/index.php\/product\/he-thong-tinh-sach-cot-ai-luc-mien-dich-tu-dong-pribolabautomatic-immunoaffinity-column-purification-system\/#breadcrumb\"},\"inLanguage\":\"en-US\",\"potentialAction\":[{\"@type\":\"ReadAction\",\"target\":[\"https:\/\/biosciences.vn\/index.php\/product\/he-thong-tinh-sach-cot-ai-luc-mien-dich-tu-dong-pribolabautomatic-immunoaffinity-column-purification-system\/\"]}]},{\"@type\":\"ImageObject\",\"inLanguage\":\"en-US\",\"@id\":\"https:\/\/biosciences.vn\/index.php\/product\/he-thong-tinh-sach-cot-ai-luc-mien-dich-tu-dong-pribolabautomatic-immunoaffinity-column-purification-system\/#primaryimage\",\"url\":\"https:\/\/biosciences.vn\/wp-content\/uploads\/2024\/07\/HWEQ-PR210.png\",\"contentUrl\":\"https:\/\/biosciences.vn\/wp-content\/uploads\/2024\/07\/HWEQ-PR210.png\",\"width\":820,\"height\":680},{\"@type\":\"BreadcrumbList\",\"@id\":\"https:\/\/biosciences.vn\/index.php\/product\/he-thong-tinh-sach-cot-ai-luc-mien-dich-tu-dong-pribolabautomatic-immunoaffinity-column-purification-system\/#breadcrumb\",\"itemListElement\":[{\"@type\":\"ListItem\",\"position\":1,\"name\":\"Trang ch\u1ee7\",\"item\":\"https:\/\/biosciences.vn\/index.php\/en\/home\/\"},{\"@type\":\"ListItem\",\"position\":2,\"name\":\"Shop\",\"item\":\"https:\/\/biosciences.vn\/index.php\/shop\/\"},{\"@type\":\"ListItem\",\"position\":3,\"name\":\"H\u1ec7 th\u1ed1ng tinh s\u1ea1ch c\u1ed9t \u00e1i l\u1ef1c mi\u1ec5n d\u1ecbch t\u1ef1 \u0111\u1ed9ng Pribolab\u00aeAutomatic Immunoaffinity Column Purification System (HWEQ-IM 5050)\"}]},{\"@type\":\"WebSite\",\"@id\":\"https:\/\/biosciences.vn\/#website\",\"url\":\"https:\/\/biosciences.vn\/\",\"name\":\"Biosciences\",\"description\":\"\",\"publisher\":{\"@id\":\"https:\/\/biosciences.vn\/#organization\"},\"potentialAction\":[{\"@type\":\"SearchAction\",\"target\":{\"@type\":\"EntryPoint\",\"urlTemplate\":\"https:\/\/biosciences.vn\/?s={search_term_string}\"},\"query-input\":{\"@type\":\"PropertyValueSpecification\",\"valueRequired\":true,\"valueName\":\"search_term_string\"}}],\"inLanguage\":\"en-US\"},{\"@type\":\"Organization\",\"@id\":\"https:\/\/biosciences.vn\/#organization\",\"name\":\"Biosciences\",\"url\":\"https:\/\/biosciences.vn\/\",\"logo\":{\"@type\":\"ImageObject\",\"inLanguage\":\"en-US\",\"@id\":\"https:\/\/biosciences.vn\/#\/schema\/logo\/image\/\",\"url\":\"https:\/\/biosciences.vn\/wp-content\/uploads\/2024\/04\/LOGO-BIOSCIENCES-PNG.png\",\"contentUrl\":\"https:\/\/biosciences.vn\/wp-content\/uploads\/2024\/04\/LOGO-BIOSCIENCES-PNG.png\",\"width\":2536,\"height\":638,\"caption\":\"Biosciences\"},\"image\":{\"@id\":\"https:\/\/biosciences.vn\/#\/schema\/logo\/image\/\"}}]}<\/script>\n<!-- \/ Yoast SEO plugin. -->","yoast_head_json":{"title":"H\u1ec7 th\u1ed1ng tinh s\u1ea1ch c\u1ed9t \u00e1i l\u1ef1c mi\u1ec5n d\u1ecbch t\u1ef1 \u0111\u1ed9ng Pribolab\u00aeAutomatic Immunoaffinity Column Purification System (HWEQ-IM 5050) - Biosciences","robots":{"index":"index","follow":"follow","max-snippet":"max-snippet:-1","max-image-preview":"max-image-preview:large","max-video-preview":"max-video-preview:-1"},"canonical":"https:\/\/biosciences.vn\/index.php\/product\/he-thong-tinh-sach-cot-ai-luc-mien-dich-tu-dong-pribolabautomatic-immunoaffinity-column-purification-system\/","og_locale":"en_US","og_type":"article","og_title":"H\u1ec7 th\u1ed1ng tinh s\u1ea1ch c\u1ed9t \u00e1i l\u1ef1c mi\u1ec5n d\u1ecbch t\u1ef1 \u0111\u1ed9ng Pribolab\u00aeAutomatic Immunoaffinity Column Purification System (HWEQ-IM 5050) - Biosciences","og_description":"M\u00e3 s\u1ea3n ph\u1ea9m: Auto IPS-6080 H\u1ec7 th\u1ed1ng tinh s\u1ea1ch c\u1ed9t mi\u1ec5n d\u1ecbch t\u1ef1 \u0111\u1ed9ng (IPS) t\u00edch h\u1ee3p c\u00e1c b\u01b0\u1edbc v\u1eadn h\u00e0nh c\u1ee7a c\u1ed9t mi\u1ec5n d\u1ecbch (n\u1ea1p m\u1eabu, r\u1eeda v\u00e0 r\u1eeda gi\u1ea3i) v\u00e0o m\u1ed9t n\u1ec1n t\u1ea3ng v\u1eadn h\u00e0nh duy nh\u1ea5t. H\u1ec7 th\u1ed1ng n\u00e0y ph\u00f9 h\u1ee3p \u0111\u1ec3 tinh s\u1ea1ch mi\u1ec5n d\u1ecbch c\u00e1c ch\u1ea5t \u0111\u1ed9c sinh h\u1ecdc, d\u01b0 [&hellip;]","og_url":"https:\/\/biosciences.vn\/index.php\/product\/he-thong-tinh-sach-cot-ai-luc-mien-dich-tu-dong-pribolabautomatic-immunoaffinity-column-purification-system\/","og_site_name":"Biosciences","article_modified_time":"2025-08-28T07:55:09+00:00","og_image":[{"width":820,"height":680,"url":"https:\/\/biosciences.vn\/wp-content\/uploads\/2024\/07\/HWEQ-PR210.png","type":"image\/png"}],"twitter_card":"summary_large_image","twitter_misc":{"Est. reading time":"2 minutes"},"schema":{"@context":"https:\/\/schema.org","@graph":[{"@type":"WebPage","@id":"https:\/\/biosciences.vn\/index.php\/product\/he-thong-tinh-sach-cot-ai-luc-mien-dich-tu-dong-pribolabautomatic-immunoaffinity-column-purification-system\/","url":"https:\/\/biosciences.vn\/index.php\/product\/he-thong-tinh-sach-cot-ai-luc-mien-dich-tu-dong-pribolabautomatic-immunoaffinity-column-purification-system\/","name":"H\u1ec7 th\u1ed1ng tinh s\u1ea1ch c\u1ed9t \u00e1i l\u1ef1c mi\u1ec5n d\u1ecbch t\u1ef1 \u0111\u1ed9ng Pribolab\u00aeAutomatic Immunoaffinity Column Purification System (HWEQ-IM 5050) - Biosciences","isPartOf":{"@id":"https:\/\/biosciences.vn\/#website"},"primaryImageOfPage":{"@id":"https:\/\/biosciences.vn\/index.php\/product\/he-thong-tinh-sach-cot-ai-luc-mien-dich-tu-dong-pribolabautomatic-immunoaffinity-column-purification-system\/#primaryimage"},"image":{"@id":"https:\/\/biosciences.vn\/index.php\/product\/he-thong-tinh-sach-cot-ai-luc-mien-dich-tu-dong-pribolabautomatic-immunoaffinity-column-purification-system\/#primaryimage"},"thumbnailUrl":"https:\/\/biosciences.vn\/wp-content\/uploads\/2024\/07\/HWEQ-PR210.png","datePublished":"2024-07-14T05:55:01+00:00","dateModified":"2025-08-28T07:55:09+00:00","breadcrumb":{"@id":"https:\/\/biosciences.vn\/index.php\/product\/he-thong-tinh-sach-cot-ai-luc-mien-dich-tu-dong-pribolabautomatic-immunoaffinity-column-purification-system\/#breadcrumb"},"inLanguage":"en-US","potentialAction":[{"@type":"ReadAction","target":["https:\/\/biosciences.vn\/index.php\/product\/he-thong-tinh-sach-cot-ai-luc-mien-dich-tu-dong-pribolabautomatic-immunoaffinity-column-purification-system\/"]}]},{"@type":"ImageObject","inLanguage":"en-US","@id":"https:\/\/biosciences.vn\/index.php\/product\/he-thong-tinh-sach-cot-ai-luc-mien-dich-tu-dong-pribolabautomatic-immunoaffinity-column-purification-system\/#primaryimage","url":"https:\/\/biosciences.vn\/wp-content\/uploads\/2024\/07\/HWEQ-PR210.png","contentUrl":"https:\/\/biosciences.vn\/wp-content\/uploads\/2024\/07\/HWEQ-PR210.png","width":820,"height":680},{"@type":"BreadcrumbList","@id":"https:\/\/biosciences.vn\/index.php\/product\/he-thong-tinh-sach-cot-ai-luc-mien-dich-tu-dong-pribolabautomatic-immunoaffinity-column-purification-system\/#breadcrumb","itemListElement":[{"@type":"ListItem","position":1,"name":"Trang ch\u1ee7","item":"https:\/\/biosciences.vn\/index.php\/en\/home\/"},{"@type":"ListItem","position":2,"name":"Shop","item":"https:\/\/biosciences.vn\/index.php\/shop\/"},{"@type":"ListItem","position":3,"name":"H\u1ec7 th\u1ed1ng tinh s\u1ea1ch c\u1ed9t \u00e1i l\u1ef1c mi\u1ec5n d\u1ecbch t\u1ef1 \u0111\u1ed9ng Pribolab\u00aeAutomatic Immunoaffinity Column Purification System (HWEQ-IM 5050)"}]},{"@type":"WebSite","@id":"https:\/\/biosciences.vn\/#website","url":"https:\/\/biosciences.vn\/","name":"Biosciences","description":"","publisher":{"@id":"https:\/\/biosciences.vn\/#organization"},"potentialAction":[{"@type":"SearchAction","target":{"@type":"EntryPoint","urlTemplate":"https:\/\/biosciences.vn\/?s={search_term_string}"},"query-input":{"@type":"PropertyValueSpecification","valueRequired":true,"valueName":"search_term_string"}}],"inLanguage":"en-US"},{"@type":"Organization","@id":"https:\/\/biosciences.vn\/#organization","name":"Biosciences","url":"https:\/\/biosciences.vn\/","logo":{"@type":"ImageObject","inLanguage":"en-US","@id":"https:\/\/biosciences.vn\/#\/schema\/logo\/image\/","url":"https:\/\/biosciences.vn\/wp-content\/uploads\/2024\/04\/LOGO-BIOSCIENCES-PNG.png","contentUrl":"https:\/\/biosciences.vn\/wp-content\/uploads\/2024\/04\/LOGO-BIOSCIENCES-PNG.png","width":2536,"height":638,"caption":"Biosciences"},"image":{"@id":"https:\/\/biosciences.vn\/#\/schema\/logo\/image\/"}}]}},"brands":[{"id":642,"name":"Pribolab","slug":"pribolab-vi"}],"_links":{"self":[{"href":"https:\/\/biosciences.vn\/index.php\/wp-json\/wp\/v2\/product\/5851"}],"collection":[{"href":"https:\/\/biosciences.vn\/index.php\/wp-json\/wp\/v2\/product"}],"about":[{"href":"https:\/\/biosciences.vn\/index.php\/wp-json\/wp\/v2\/types\/product"}],"replies":[{"embeddable":true,"href":"https:\/\/biosciences.vn\/index.php\/wp-json\/wp\/v2\/comments?post=5851"}],"wp:featuredmedia":[{"embeddable":true,"href":"https:\/\/biosciences.vn\/index.php\/wp-json\/wp\/v2\/media\/5850"}],"wp:attachment":[{"href":"https:\/\/biosciences.vn\/index.php\/wp-json\/wp\/v2\/media?parent=5851"}],"wp:term":[{"taxonomy":"pwb-brand","embeddable":true,"href":"https:\/\/biosciences.vn\/index.php\/wp-json\/wp\/v2\/pwb-brand?post=5851"},{"taxonomy":"product_cat","embeddable":true,"href":"https:\/\/biosciences.vn\/index.php\/wp-json\/wp\/v2\/product_cat?post=5851"},{"taxonomy":"product_tag","embeddable":true,"href":"https:\/\/biosciences.vn\/index.php\/wp-json\/wp\/v2\/product_tag?post=5851"}],"curies":[{"name":"wp","href":"https:\/\/api.w.org\/{rel}","templated":true}]}}