{"id":5853,"date":"2024-07-14T12:56:39","date_gmt":"2024-07-14T05:56:39","guid":{"rendered":"https:\/\/biosciences.vn\/?post_type=product&#038;p=5853"},"modified":"2025-08-28T14:55:09","modified_gmt":"2025-08-28T07:55:09","slug":"may-doc-dia-elisa-dr-3500","status":"publish","type":"product","link":"https:\/\/biosciences.vn\/index.php\/product\/may-doc-dia-elisa-dr-3500\/","title":{"rendered":"M\u00e1y \u0111\u1ecdc \u0111\u0129a ELISA (DR-3500)"},"content":{"rendered":"<p><strong>M\u00e1y \u0111\u1ecdc \u0111\u0129a ELISA Pribolab\u00ae<\/strong><\/p>\n<p><strong>Model:<\/strong> DR-3500<\/p>\n<p><strong>T\u1ed5ng quan<\/strong><\/p>\n<p>M\u00e1y \u0111\u1ecdc \u0111\u0129a ELISA Pribolab\u00aeDR-3500 \u0111\u01b0\u1ee3c s\u1eed d\u1ee5ng v\u1edbi d\u00f2ng kit PriboFast\u00aeELISA, \u0111\u1ec3 ph\u00e1t hi\u1ec7n \u0111\u1ecbnh t\u00ednh ho\u1eb7c \u0111\u1ecbnh l\u01b0\u1ee3ng c\u00e1c ch\u1ea5t ph\u00e2n t\u00edch m\u1ee5c ti\u00eau trong ng\u0169 c\u1ed1c, th\u1ef1c ph\u1ea9m v\u00e0 th\u1ee9c \u0103n ch\u0103n nu\u00f4i, v.v. M\u00e1y c\u00f3 nhi\u1ec1u ch\u1ee9c n\u0103ng phong ph\u00fa: ch\u1ebf \u0111\u1ed9 h\u1ea5p th\u1ee5, t\u00ednh to\u00e1n \u0111\u1ecbnh t\u00ednh c\u1eaft ng\u01b0\u1ee1ng, hi\u1ec7u ch\u1ec9nh \u0111i\u1ec3m \u0111\u01a1n, h\u1ed3i quy \u0111a \u0111i\u1ec3m, h\u1ed3i quy tuy\u1ebfn t\u00ednh, h\u1ed3i quy h\u00e0m m\u0169, h\u1ed3i quy logarithm, h\u1ed3i quy logarithm k\u00e9p, h\u1ed3i quy c\u00f4ng su\u1ea5t log-logit v\u00e0 c\u00e1c t\u00ednh to\u00e1n kh\u00e1c. N\u00f3 c\u00f3 ch\u1ee9c n\u0103ng nh\u1eadp c\u00f4ng th\u1ee9c \u0111\u1ecbnh t\u00ednh linh ho\u1ea1t \u0111\u1ec3 \u0111\u00e1p \u1ee9ng c\u00e1c c\u00e0i \u0111\u1eb7t th\u00f4ng s\u1ed1 kh\u00e1c nhau c\u1ee7a c\u00f9ng lo\u1ea1i thu\u1ed1c th\u1eed v\u00e0 ph\u01b0\u01a1ng ph\u00e1p thu\u1ed1c th\u1eed kh\u00e1c nhau.<\/p>\n<p><strong>\u0110\u1eb7c \u0111i\u1ec3m<\/strong><\/p>\n<ul>\n<li>H\u1ec7 th\u1ed1ng nh\u00fang t\u00edch h\u1ee3p, kh\u00f4ng c\u1ea7n m\u00e1y t\u00ednh b\u00ean ngo\u00e0i;<\/li>\n<li>Hi\u1ec3n th\u1ecb to\u00e0n m\u00e0n h\u00ecnh d\u1eef li\u1ec7u \u0111\u0129a 96 gi\u1ebfng, giao di\u1ec7n tr\u1ef1c quan;<\/li>\n<li>Nh\u1eadp li\u1ec7u c\u1ea3m \u1ee9ng ti\u1ec7n l\u1ee3i v\u1edbi chu\u1ed9t v\u00e0 b\u00e0n ph\u00edm ngo\u00e0i t\u00f9y ch\u1ecdn;<\/li>\n<li>B\u1ed1n ph\u01b0\u01a1ng ph\u00e1p \u0111o l\u01b0\u1eddng: \u0111\u01a1n b\u01b0\u1edbc s\u00f3ng\/hai b\u01b0\u1edbc s\u00f3ng\/ph\u01b0\u01a1ng ph\u00e1p hai \u0111i\u1ec3m\/ph\u01b0\u01a1ng ph\u00e1p \u0111\u1ed9ng h\u1ecdc;<\/li>\n<li>Ch\u1ee9c n\u0103ng l\u01b0u v\u00e0 nh\u1eadp b\u1ed1 c\u1ee5c c\u1ea3i thi\u1ec7n hi\u1ec7u qu\u1ea3 th\u1eed nghi\u1ec7m cho c\u00e1c d\u1ef1 \u00e1n th\u01b0\u1eddng xuy\u00ean s\u1eed d\u1ee5ng;<\/li>\n<li>Ph\u1ea7n m\u1ec1m m\u00e1y t\u00ednh b\u00ean ngo\u00e0i t\u00f9y ch\u1ecdn, h\u1ed7 tr\u1ee3 m\u1ea1ng, \u0111\u00e1p \u1ee9ng h\u01b0\u1edbng ph\u00e1t tri\u1ec3n k\u1ef9 thu\u1eadt s\u1ed1, c\u00f3 th\u1ec3 t\u00f9y ch\u1ec9nh t\u1ea3i l\u00ean;<\/li>\n<li>In: M\u00e1y in nhi\u1ec7t t\u00edch h\u1ee3p, c\u00f3 th\u1ec3 k\u1ebft n\u1ed1i m\u00e1y in ngo\u00e0i;<\/li>\n<li>Lo\u1ea1i \u0111\u0129a: \u0110\u0129a enzyme ti\u00eau chu\u1ea9n 96 gi\u1ebfng ho\u1eb7c lo\u1ea1i kh\u00e1c, d\u1ea3i;<\/li>\n<\/ul>\n<p><strong>Th\u00f4ng s\u1ed1 k\u1ef9 thu\u1eadt<\/strong><\/p>\n<table>\n<thead>\n<tr>\n<th>Th\u00f4ng s\u1ed1<\/th>\n<th>Gi\u00e1 tr\u1ecb<\/th>\n<\/tr>\n<\/thead>\n<tbody>\n<tr>\n<td>K\u00edch th\u01b0\u1edbc (L\u00d7W\u00d7H)<\/td>\n<td>475 mm \u00d7 340 mm \u00d7 210 mm<\/td>\n<\/tr>\n<tr>\n<td>Tr\u1ecdng l\u01b0\u1ee3ng<\/td>\n<td>10 kg<\/td>\n<\/tr>\n<tr>\n<td>M\u00e0n h\u00ecnh hi\u1ec3n th\u1ecb<\/td>\n<td>M\u00e0n h\u00ecnh c\u1ea3m \u1ee9ng LCD 7 inch<\/td>\n<\/tr>\n<tr>\n<td>Ph\u1ea1m vi b\u01b0\u1edbc s\u00f3ng<\/td>\n<td>400~800 nm<\/td>\n<\/tr>\n<tr>\n<td>\u0110\u1ed9 nh\u1ea1y<\/td>\n<td>\u22650.01 (L\/mg)<\/td>\n<\/tr>\n<tr>\n<td>Ph\u1ea1m vi \u0111\u1ed9 h\u1ea5p th\u1ee5<\/td>\n<td>0.000~4.000A<\/td>\n<\/tr>\n<tr>\n<td>T\u1ed1c \u0111\u1ed9 \u0111o<\/td>\n<td>&lt;10 gi\u00e2y\/d\u1ea3i<\/td>\n<\/tr>\n<tr>\n<td>Nhi\u1ec7t \u0111\u1ed9 ho\u1ea1t \u0111\u1ed9ng<\/td>\n<td>5~40\u2103<\/td>\n<\/tr>\n<tr>\n<td>\u0110i\u1ec7n \u00e1p<\/td>\n<td>AC 220 \u00b122 V, 50\u00b11 Hz<\/td>\n<\/tr>\n<tr>\n<td>\u0110\u1ed9 \u1ea9m<\/td>\n<td>15%~80%<\/td>\n<\/tr>\n<\/tbody>\n<\/table>\n<p>&nbsp;<\/p>\n","protected":false},"excerpt":{"rendered":"<p>M\u00e1y \u0111\u1ecdc \u0111\u0129a ELISA Pribolab\u00ae Model: DR-3500 T\u1ed5ng quan M\u00e1y \u0111\u1ecdc \u0111\u0129a ELISA Pribolab\u00aeDR-3500 \u0111\u01b0\u1ee3c s\u1eed d\u1ee5ng v\u1edbi d\u00f2ng kit PriboFast\u00aeELISA, \u0111\u1ec3 ph\u00e1t hi\u1ec7n \u0111\u1ecbnh t\u00ednh ho\u1eb7c \u0111\u1ecbnh l\u01b0\u1ee3ng c\u00e1c ch\u1ea5t ph\u00e2n t\u00edch m\u1ee5c ti\u00eau trong ng\u0169 c\u1ed1c, th\u1ef1c ph\u1ea9m v\u00e0 th\u1ee9c \u0103n ch\u0103n nu\u00f4i, v.v. M\u00e1y c\u00f3 nhi\u1ec1u ch\u1ee9c n\u0103ng phong ph\u00fa: ch\u1ebf \u0111\u1ed9 [&hellip;]<\/p>\n","protected":false},"featured_media":5850,"comment_status":"open","ping_status":"closed","template":"","meta":[],"pwb-brand":[642],"product_cat":[723,439,443],"product_tag":[],"class_list":{"0":"post-5853","1":"product","2":"type-product","3":"status-publish","4":"has-post-thumbnail","6":"pwb-brand-pribolab-vi","7":"product_cat-thiet-bi-phan-tich-phuc-pham-vi","8":"product_cat-thiet-bi-khoa-hoc","9":"product_cat-thiet-bi-chuyen-dung","11":"first","12":"instock","13":"shipping-taxable","14":"purchasable","15":"product-type-simple"},"yoast_head":"<!-- This site is optimized with the Yoast SEO plugin v23.6 - https:\/\/yoast.com\/wordpress\/plugins\/seo\/ -->\n<title>M\u00e1y \u0111\u1ecdc \u0111\u0129a ELISA (DR-3500) - Biosciences<\/title>\n<meta name=\"robots\" content=\"index, follow, max-snippet:-1, max-image-preview:large, max-video-preview:-1\" \/>\n<link rel=\"canonical\" href=\"https:\/\/biosciences.vn\/index.php\/product\/may-doc-dia-elisa-dr-3500\/\" \/>\n<meta property=\"og:locale\" content=\"en_US\" \/>\n<meta property=\"og:type\" content=\"article\" \/>\n<meta property=\"og:title\" content=\"M\u00e1y \u0111\u1ecdc \u0111\u0129a ELISA (DR-3500) - Biosciences\" \/>\n<meta property=\"og:description\" content=\"M\u00e1y \u0111\u1ecdc \u0111\u0129a ELISA Pribolab\u00ae Model: DR-3500 T\u1ed5ng quan M\u00e1y \u0111\u1ecdc \u0111\u0129a ELISA Pribolab\u00aeDR-3500 \u0111\u01b0\u1ee3c s\u1eed d\u1ee5ng v\u1edbi d\u00f2ng kit PriboFast\u00aeELISA, \u0111\u1ec3 ph\u00e1t hi\u1ec7n \u0111\u1ecbnh t\u00ednh ho\u1eb7c \u0111\u1ecbnh l\u01b0\u1ee3ng c\u00e1c ch\u1ea5t ph\u00e2n t\u00edch m\u1ee5c ti\u00eau trong ng\u0169 c\u1ed1c, th\u1ef1c ph\u1ea9m v\u00e0 th\u1ee9c \u0103n ch\u0103n nu\u00f4i, v.v. M\u00e1y c\u00f3 nhi\u1ec1u ch\u1ee9c n\u0103ng phong ph\u00fa: ch\u1ebf \u0111\u1ed9 [&hellip;]\" \/>\n<meta property=\"og:url\" content=\"https:\/\/biosciences.vn\/index.php\/product\/may-doc-dia-elisa-dr-3500\/\" \/>\n<meta property=\"og:site_name\" content=\"Biosciences\" \/>\n<meta property=\"article:modified_time\" content=\"2025-08-28T07:55:09+00:00\" \/>\n<meta property=\"og:image\" content=\"https:\/\/biosciences.vn\/wp-content\/uploads\/2024\/07\/HWEQ-PR210.png\" \/>\n\t<meta property=\"og:image:width\" content=\"820\" \/>\n\t<meta property=\"og:image:height\" content=\"680\" \/>\n\t<meta property=\"og:image:type\" content=\"image\/png\" \/>\n<meta name=\"twitter:card\" content=\"summary_large_image\" \/>\n<meta name=\"twitter:label1\" content=\"Est. reading time\" \/>\n\t<meta name=\"twitter:data1\" content=\"2 minutes\" \/>\n<script type=\"application\/ld+json\" class=\"yoast-schema-graph\">{\"@context\":\"https:\/\/schema.org\",\"@graph\":[{\"@type\":\"WebPage\",\"@id\":\"https:\/\/biosciences.vn\/index.php\/product\/may-doc-dia-elisa-dr-3500\/\",\"url\":\"https:\/\/biosciences.vn\/index.php\/product\/may-doc-dia-elisa-dr-3500\/\",\"name\":\"M\u00e1y \u0111\u1ecdc \u0111\u0129a ELISA (DR-3500) - Biosciences\",\"isPartOf\":{\"@id\":\"https:\/\/biosciences.vn\/#website\"},\"primaryImageOfPage\":{\"@id\":\"https:\/\/biosciences.vn\/index.php\/product\/may-doc-dia-elisa-dr-3500\/#primaryimage\"},\"image\":{\"@id\":\"https:\/\/biosciences.vn\/index.php\/product\/may-doc-dia-elisa-dr-3500\/#primaryimage\"},\"thumbnailUrl\":\"https:\/\/biosciences.vn\/wp-content\/uploads\/2024\/07\/HWEQ-PR210.png\",\"datePublished\":\"2024-07-14T05:56:39+00:00\",\"dateModified\":\"2025-08-28T07:55:09+00:00\",\"breadcrumb\":{\"@id\":\"https:\/\/biosciences.vn\/index.php\/product\/may-doc-dia-elisa-dr-3500\/#breadcrumb\"},\"inLanguage\":\"en-US\",\"potentialAction\":[{\"@type\":\"ReadAction\",\"target\":[\"https:\/\/biosciences.vn\/index.php\/product\/may-doc-dia-elisa-dr-3500\/\"]}]},{\"@type\":\"ImageObject\",\"inLanguage\":\"en-US\",\"@id\":\"https:\/\/biosciences.vn\/index.php\/product\/may-doc-dia-elisa-dr-3500\/#primaryimage\",\"url\":\"https:\/\/biosciences.vn\/wp-content\/uploads\/2024\/07\/HWEQ-PR210.png\",\"contentUrl\":\"https:\/\/biosciences.vn\/wp-content\/uploads\/2024\/07\/HWEQ-PR210.png\",\"width\":820,\"height\":680},{\"@type\":\"BreadcrumbList\",\"@id\":\"https:\/\/biosciences.vn\/index.php\/product\/may-doc-dia-elisa-dr-3500\/#breadcrumb\",\"itemListElement\":[{\"@type\":\"ListItem\",\"position\":1,\"name\":\"Trang ch\u1ee7\",\"item\":\"https:\/\/biosciences.vn\/index.php\/en\/home\/\"},{\"@type\":\"ListItem\",\"position\":2,\"name\":\"Shop\",\"item\":\"https:\/\/biosciences.vn\/index.php\/shop\/\"},{\"@type\":\"ListItem\",\"position\":3,\"name\":\"M\u00e1y \u0111\u1ecdc \u0111\u0129a ELISA (DR-3500)\"}]},{\"@type\":\"WebSite\",\"@id\":\"https:\/\/biosciences.vn\/#website\",\"url\":\"https:\/\/biosciences.vn\/\",\"name\":\"Biosciences\",\"description\":\"\",\"publisher\":{\"@id\":\"https:\/\/biosciences.vn\/#organization\"},\"potentialAction\":[{\"@type\":\"SearchAction\",\"target\":{\"@type\":\"EntryPoint\",\"urlTemplate\":\"https:\/\/biosciences.vn\/?s={search_term_string}\"},\"query-input\":{\"@type\":\"PropertyValueSpecification\",\"valueRequired\":true,\"valueName\":\"search_term_string\"}}],\"inLanguage\":\"en-US\"},{\"@type\":\"Organization\",\"@id\":\"https:\/\/biosciences.vn\/#organization\",\"name\":\"Biosciences\",\"url\":\"https:\/\/biosciences.vn\/\",\"logo\":{\"@type\":\"ImageObject\",\"inLanguage\":\"en-US\",\"@id\":\"https:\/\/biosciences.vn\/#\/schema\/logo\/image\/\",\"url\":\"https:\/\/biosciences.vn\/wp-content\/uploads\/2024\/04\/LOGO-BIOSCIENCES-PNG.png\",\"contentUrl\":\"https:\/\/biosciences.vn\/wp-content\/uploads\/2024\/04\/LOGO-BIOSCIENCES-PNG.png\",\"width\":2536,\"height\":638,\"caption\":\"Biosciences\"},\"image\":{\"@id\":\"https:\/\/biosciences.vn\/#\/schema\/logo\/image\/\"}}]}<\/script>\n<!-- \/ Yoast SEO plugin. -->","yoast_head_json":{"title":"M\u00e1y \u0111\u1ecdc \u0111\u0129a ELISA (DR-3500) - Biosciences","robots":{"index":"index","follow":"follow","max-snippet":"max-snippet:-1","max-image-preview":"max-image-preview:large","max-video-preview":"max-video-preview:-1"},"canonical":"https:\/\/biosciences.vn\/index.php\/product\/may-doc-dia-elisa-dr-3500\/","og_locale":"en_US","og_type":"article","og_title":"M\u00e1y \u0111\u1ecdc \u0111\u0129a ELISA (DR-3500) - Biosciences","og_description":"M\u00e1y \u0111\u1ecdc \u0111\u0129a ELISA Pribolab\u00ae Model: DR-3500 T\u1ed5ng quan M\u00e1y \u0111\u1ecdc \u0111\u0129a ELISA Pribolab\u00aeDR-3500 \u0111\u01b0\u1ee3c s\u1eed d\u1ee5ng v\u1edbi d\u00f2ng kit PriboFast\u00aeELISA, \u0111\u1ec3 ph\u00e1t hi\u1ec7n \u0111\u1ecbnh t\u00ednh ho\u1eb7c \u0111\u1ecbnh l\u01b0\u1ee3ng c\u00e1c ch\u1ea5t ph\u00e2n t\u00edch m\u1ee5c ti\u00eau trong ng\u0169 c\u1ed1c, th\u1ef1c ph\u1ea9m v\u00e0 th\u1ee9c \u0103n ch\u0103n nu\u00f4i, v.v. M\u00e1y c\u00f3 nhi\u1ec1u ch\u1ee9c n\u0103ng phong ph\u00fa: ch\u1ebf \u0111\u1ed9 [&hellip;]","og_url":"https:\/\/biosciences.vn\/index.php\/product\/may-doc-dia-elisa-dr-3500\/","og_site_name":"Biosciences","article_modified_time":"2025-08-28T07:55:09+00:00","og_image":[{"width":820,"height":680,"url":"https:\/\/biosciences.vn\/wp-content\/uploads\/2024\/07\/HWEQ-PR210.png","type":"image\/png"}],"twitter_card":"summary_large_image","twitter_misc":{"Est. reading time":"2 minutes"},"schema":{"@context":"https:\/\/schema.org","@graph":[{"@type":"WebPage","@id":"https:\/\/biosciences.vn\/index.php\/product\/may-doc-dia-elisa-dr-3500\/","url":"https:\/\/biosciences.vn\/index.php\/product\/may-doc-dia-elisa-dr-3500\/","name":"M\u00e1y \u0111\u1ecdc \u0111\u0129a ELISA (DR-3500) - Biosciences","isPartOf":{"@id":"https:\/\/biosciences.vn\/#website"},"primaryImageOfPage":{"@id":"https:\/\/biosciences.vn\/index.php\/product\/may-doc-dia-elisa-dr-3500\/#primaryimage"},"image":{"@id":"https:\/\/biosciences.vn\/index.php\/product\/may-doc-dia-elisa-dr-3500\/#primaryimage"},"thumbnailUrl":"https:\/\/biosciences.vn\/wp-content\/uploads\/2024\/07\/HWEQ-PR210.png","datePublished":"2024-07-14T05:56:39+00:00","dateModified":"2025-08-28T07:55:09+00:00","breadcrumb":{"@id":"https:\/\/biosciences.vn\/index.php\/product\/may-doc-dia-elisa-dr-3500\/#breadcrumb"},"inLanguage":"en-US","potentialAction":[{"@type":"ReadAction","target":["https:\/\/biosciences.vn\/index.php\/product\/may-doc-dia-elisa-dr-3500\/"]}]},{"@type":"ImageObject","inLanguage":"en-US","@id":"https:\/\/biosciences.vn\/index.php\/product\/may-doc-dia-elisa-dr-3500\/#primaryimage","url":"https:\/\/biosciences.vn\/wp-content\/uploads\/2024\/07\/HWEQ-PR210.png","contentUrl":"https:\/\/biosciences.vn\/wp-content\/uploads\/2024\/07\/HWEQ-PR210.png","width":820,"height":680},{"@type":"BreadcrumbList","@id":"https:\/\/biosciences.vn\/index.php\/product\/may-doc-dia-elisa-dr-3500\/#breadcrumb","itemListElement":[{"@type":"ListItem","position":1,"name":"Trang ch\u1ee7","item":"https:\/\/biosciences.vn\/index.php\/en\/home\/"},{"@type":"ListItem","position":2,"name":"Shop","item":"https:\/\/biosciences.vn\/index.php\/shop\/"},{"@type":"ListItem","position":3,"name":"M\u00e1y \u0111\u1ecdc \u0111\u0129a ELISA (DR-3500)"}]},{"@type":"WebSite","@id":"https:\/\/biosciences.vn\/#website","url":"https:\/\/biosciences.vn\/","name":"Biosciences","description":"","publisher":{"@id":"https:\/\/biosciences.vn\/#organization"},"potentialAction":[{"@type":"SearchAction","target":{"@type":"EntryPoint","urlTemplate":"https:\/\/biosciences.vn\/?s={search_term_string}"},"query-input":{"@type":"PropertyValueSpecification","valueRequired":true,"valueName":"search_term_string"}}],"inLanguage":"en-US"},{"@type":"Organization","@id":"https:\/\/biosciences.vn\/#organization","name":"Biosciences","url":"https:\/\/biosciences.vn\/","logo":{"@type":"ImageObject","inLanguage":"en-US","@id":"https:\/\/biosciences.vn\/#\/schema\/logo\/image\/","url":"https:\/\/biosciences.vn\/wp-content\/uploads\/2024\/04\/LOGO-BIOSCIENCES-PNG.png","contentUrl":"https:\/\/biosciences.vn\/wp-content\/uploads\/2024\/04\/LOGO-BIOSCIENCES-PNG.png","width":2536,"height":638,"caption":"Biosciences"},"image":{"@id":"https:\/\/biosciences.vn\/#\/schema\/logo\/image\/"}}]}},"brands":[{"id":642,"name":"Pribolab","slug":"pribolab-vi"}],"_links":{"self":[{"href":"https:\/\/biosciences.vn\/index.php\/wp-json\/wp\/v2\/product\/5853"}],"collection":[{"href":"https:\/\/biosciences.vn\/index.php\/wp-json\/wp\/v2\/product"}],"about":[{"href":"https:\/\/biosciences.vn\/index.php\/wp-json\/wp\/v2\/types\/product"}],"replies":[{"embeddable":true,"href":"https:\/\/biosciences.vn\/index.php\/wp-json\/wp\/v2\/comments?post=5853"}],"wp:featuredmedia":[{"embeddable":true,"href":"https:\/\/biosciences.vn\/index.php\/wp-json\/wp\/v2\/media\/5850"}],"wp:attachment":[{"href":"https:\/\/biosciences.vn\/index.php\/wp-json\/wp\/v2\/media?parent=5853"}],"wp:term":[{"taxonomy":"pwb-brand","embeddable":true,"href":"https:\/\/biosciences.vn\/index.php\/wp-json\/wp\/v2\/pwb-brand?post=5853"},{"taxonomy":"product_cat","embeddable":true,"href":"https:\/\/biosciences.vn\/index.php\/wp-json\/wp\/v2\/product_cat?post=5853"},{"taxonomy":"product_tag","embeddable":true,"href":"https:\/\/biosciences.vn\/index.php\/wp-json\/wp\/v2\/product_tag?post=5853"}],"curies":[{"name":"wp","href":"https:\/\/api.w.org\/{rel}","templated":true}]}}