{"id":5860,"date":"2024-07-14T13:07:04","date_gmt":"2024-07-14T06:07:04","guid":{"rendered":"https:\/\/biosciences.vn\/?post_type=product&#038;p=5860"},"modified":"2025-08-28T14:55:09","modified_gmt":"2025-08-28T07:55:09","slug":"he-thong-dan-xuat-da-chuc-nang","status":"publish","type":"product","link":"https:\/\/biosciences.vn\/index.php\/product\/he-thong-dan-xuat-da-chuc-nang\/","title":{"rendered":"H\u1ec7 th\u1ed1ng d\u1eabn xu\u1ea5t \u0111a ch\u1ee9c n\u0103ng (HWEQ-MDS 2020)"},"content":{"rendered":"<p><strong>H\u1ec7 th\u1ed1ng d\u1eabn xu\u1ea5t \u0111a ch\u1ee9c n\u0103ng Pribolab\u00ae<\/strong><\/p>\n<p><strong>Model:<\/strong> MDS-3100<\/p>\n<p><strong>Danh m\u1ee5c:<\/strong> H\u1ec7 th\u1ed1ng d\u1eabn xu\u1ea5t<\/p>\n<p><strong>T\u1ed5ng quan<\/strong><\/p>\n<p>H\u1ec7 th\u1ed1ng d\u1eabn xu\u1ea5t \u0111a ch\u1ee9c n\u0103ng (Multifunction Derivatization System) l\u00e0 m\u1ed9t \u0111\u1ec9nh cao kh\u00e1c trong ph\u00e1t tri\u1ec3n c\u1ee7a Pribolab v\u1ec1 c\u00e1c thi\u1ebft b\u1ecb d\u1eabn xu\u1ea5t sau c\u1ed9t. Thi\u1ebft b\u1ecb n\u00e0y s\u1edf h\u1eefu nhi\u1ec1u b\u1eb1ng s\u00e1ng ch\u1ebf m\u00f4 h\u00ecnh h\u1eefu \u00edch v\u00e0 l\u1ea7n \u0111\u1ea7u ti\u00ean t\u00edch h\u1ee3p d\u1eabn xu\u1ea5t b\u1eb1ng thu\u1ed1c th\u1eed v\u00e0 d\u1eabn xu\u1ea5t quang h\u1ecdc, c\u00f3 th\u1ec3 \u0111\u00e1p \u1ee9ng h\u1ea7u h\u1ebft c\u00e1c nhu c\u1ea7u d\u1eabn xu\u1ea5t.<\/p>\n<p>MDS-3100 l\u00e0 phi\u00ean b\u1ea3n n\u00e2ng c\u1ea5p c\u1ee7a MDS-3000 tr\u00ean m\u1ecdi kh\u00eda c\u1ea1nh. Kh\u00f4ng ch\u1ec9 thi\u1ebft k\u1ebf ngo\u1ea1i h\u00ecnh nh\u1ecf g\u1ecdn h\u01a1n, m\u00e0 hi\u1ec7u su\u1ea5t an to\u00e0n v\u00e0 c\u00e1c v\u1eadt li\u1ec7u c\u1ed1t l\u00f5i c\u0169ng \u0111\u01b0\u1ee3c n\u00e2ng c\u1ea5p \u0111\u1ec3 mang l\u1ea1i tr\u1ea3i nghi\u1ec7m s\u1eed d\u1ee5ng t\u1ed1t h\u01a1n.<\/p>\n<p>MDS-3100 \u00e1p d\u1ee5ng thi\u1ebft k\u1ebf \u0111\u01b0\u1eddng d\u1eabn k\u00e9p, c\u00f3 th\u1ec3 t\u1ef1 do chuy\u1ec3n \u0111\u1ed5i gi\u1eefa d\u1eabn xu\u1ea5t b\u1eb1ng thu\u1ed1c th\u1eed v\u00e0 d\u1eabn xu\u1ea5t b\u1eb1ng \u00e1nh s\u00e1ng. N\u00f3 gi\u00fap c\u00e1c nh\u00e0 ph\u00e2n t\u00edch gi\u1ea3i ph\u00f3ng kh\u1ecfi c\u00e1c c\u00f4ng vi\u1ec7c d\u1eabn xu\u1ea5t th\u1ee7 c\u00f4ng ph\u1ee9c t\u1ea1p v\u00e0 c\u1ea3i thi\u1ec7n hi\u1ec7u qu\u1ea3 ph\u00e1t hi\u1ec7n m\u1ed9t c\u00e1ch hi\u1ec7u qu\u1ea3.<\/p>\n<p>Thi\u1ebft b\u1ecb n\u00e0y c\u00f3 th\u1ec3 \u0111\u01b0\u1ee3c s\u1eed d\u1ee5ng v\u1edbi nhi\u1ec1u nh\u00e3n hi\u1ec7u s\u1eafc k\u00fd l\u1ecfng (LC) v\u00e0 s\u1eafc k\u00fd ion (IC), m\u1edf r\u1ed9ng hi\u1ec7u qu\u1ea3 ph\u1ea1m vi ph\u00e2n t\u00edch c\u1ee7a h\u1ec7 th\u1ed1ng s\u1eafc k\u00fd, v\u00e0 c\u00f3 c\u00e1c \u1ee9ng d\u1ee5ng r\u1ea5t quan tr\u1ecdng trong c\u00e1c l\u0129nh v\u1ef1c th\u1ef1c ph\u1ea9m, th\u1ee9c \u0103n ch\u0103n nu\u00f4i, d\u01b0\u1ee3c ph\u1ea9m, s\u1ea3n ph\u1ea9m ch\u0103m s\u00f3c s\u1ee9c kh\u1ecfe, kim lo\u1ea1i n\u1eb7ng v\u00e0 mu\u1ed1i v\u00f4 c\u01a1.<\/p>\n<p><strong>\u1ee8ng d\u1ee5ng<\/strong><\/p>\n<ul>\n<li>X\u00e1c \u0111\u1ecbnh d\u01b0 l\u01b0\u1ee3ng v\u00e0 thu\u1ed1c tr\u1eeb s\u00e2u ammonium methyl ester b\u1eb1ng ph\u01b0\u01a1ng ph\u00e1p d\u1eabn xu\u1ea5t OPA<\/li>\n<li>X\u00e1c \u0111\u1ecbnh glycerophosphate esters b\u1eb1ng ph\u01b0\u01a1ng ph\u00e1p d\u1eabn xu\u1ea5t OPA<\/li>\n<li>X\u00e1c \u0111\u1ecbnh aflatoxin b\u1eb1ng ph\u01b0\u01a1ng ph\u00e1p d\u1eabn xu\u1ea5t iodization<\/li>\n<li>X\u00e1c \u0111\u1ecbnh amino acids b\u1eb1ng ph\u01b0\u01a1ng ph\u00e1p d\u1eabn xu\u1ea5t OPA<\/li>\n<li>X\u00e1c \u0111\u1ecbnh amino acids b\u1eb1ng ph\u01b0\u01a1ng ph\u00e1p d\u1eabn xu\u1ea5t ninhydrin<\/li>\n<li>X\u00e1c \u0111\u1ecbnh taurine trong th\u1ef1c ph\u1ea9m<\/li>\n<li>X\u00e1c \u0111\u1ecbnh aflatoxin b\u1eb1ng ph\u01b0\u01a1ng ph\u00e1p d\u1eabn xu\u1ea5t quang h\u1ecdc<\/li>\n<\/ul>\n<p><strong>B\u1ea3ng c\u1ea5u h\u00ecnh MDS<\/strong><\/p>\n<table>\n<thead>\n<tr>\n<th>Name<\/th>\n<th>MDS-3000-S Basic<\/th>\n<th>MDS-3000-S Pro<\/th>\n<th>MDS-3000-D Basic<\/th>\n<th>MDS-3000-D Pro<\/th>\n<th>MDS-3100 Basic<\/th>\n<th>MDS-3100 Pro<\/th>\n<\/tr>\n<\/thead>\n<tbody>\n<tr>\n<td>Size (h\u00d7w\u00d7d)<\/td>\n<td>350 mm \u00d7 220 mm \u00d7 560 mm<\/td>\n<td>350 mm \u00d7 220 mm \u00d7 560 mm<\/td>\n<td>320 mm \u00d7 220 mm \u00d7 560 mm<\/td>\n<td>320 mm \u00d7 220 mm \u00d7 560 mm<\/td>\n<td>540 mm \u00d7 360 mm \u00d7 560 mm<\/td>\n<td>540 mm \u00d7 360 mm \u00d7 560 mm<\/td>\n<\/tr>\n<tr>\n<td>Pump(s)<\/td>\n<td>Single<\/td>\n<td>Double<\/td>\n<td>Single<\/td>\n<td>Double<\/td>\n<td>Single<\/td>\n<td>Double<\/td>\n<\/tr>\n<tr>\n<td>Pump Head Self-cleaning<\/td>\n<td>\u221a<\/td>\n<td>\u221a<\/td>\n<td>\u221a<\/td>\n<td>\u221a<\/td>\n<td>\u221a<\/td>\n<td>\u221a<\/td>\n<\/tr>\n<tr>\n<td>Photo-derivation Module<\/td>\n<td>\u00d7<\/td>\n<td>\u00d7<\/td>\n<td>\u00d7<\/td>\n<td>\u00d7<\/td>\n<td>\u221a<\/td>\n<td>\u221a<\/td>\n<\/tr>\n<tr>\n<td>Flow Channel Auto-switch<\/td>\n<td>\u00d7<\/td>\n<td>\u00d7<\/td>\n<td>\u00d7<\/td>\n<td>\u00d7<\/td>\n<td>\u221a<\/td>\n<td>\u221a<\/td>\n<\/tr>\n<tr>\n<td>Single Backflow Preventer<\/td>\n<td>\u221a<\/td>\n<td>\u221a<\/td>\n<td>\u221a<\/td>\n<td>\u221a<\/td>\n<td>\u221a<\/td>\n<td>\u221a<\/td>\n<\/tr>\n<tr>\n<td>Chemical Reaction Pool<\/td>\n<td>Default: 0.5 mL + 1 mL; Optional: 0.1-2 mL<\/td>\n<td>Default: 0.5 mL + 1 mL; Optional: 0.1-2 mL<\/td>\n<td>Default: 0.5 mL + 1 mL; Optional: 0.1-2 mL<\/td>\n<td>Default: 0.5 mL + 1 mL; Optional: 0.1-2 mL<\/td>\n<td>Default: 0.5 mL + 1 mL; Optional: 0.1-2 mL<\/td>\n<td>Default: 0.5 mL + 1 mL; Optional: 0.1-2 mL<\/td>\n<\/tr>\n<\/tbody>\n<\/table>\n<p>&nbsp;<\/p>\n","protected":false},"excerpt":{"rendered":"<p>H\u1ec7 th\u1ed1ng d\u1eabn xu\u1ea5t \u0111a ch\u1ee9c n\u0103ng Pribolab\u00ae Model: MDS-3100 Danh m\u1ee5c: H\u1ec7 th\u1ed1ng d\u1eabn xu\u1ea5t T\u1ed5ng quan H\u1ec7 th\u1ed1ng d\u1eabn xu\u1ea5t \u0111a ch\u1ee9c n\u0103ng (Multifunction Derivatization System) l\u00e0 m\u1ed9t \u0111\u1ec9nh cao kh\u00e1c trong ph\u00e1t tri\u1ec3n c\u1ee7a Pribolab v\u1ec1 c\u00e1c thi\u1ebft b\u1ecb d\u1eabn xu\u1ea5t sau c\u1ed9t. Thi\u1ebft b\u1ecb n\u00e0y s\u1edf h\u1eefu nhi\u1ec1u b\u1eb1ng s\u00e1ng ch\u1ebf [&hellip;]<\/p>\n","protected":false},"featured_media":5861,"comment_status":"open","ping_status":"closed","template":"","meta":[],"pwb-brand":[642],"product_cat":[723,439,443],"product_tag":[],"class_list":{"0":"post-5860","1":"product","2":"type-product","3":"status-publish","4":"has-post-thumbnail","6":"pwb-brand-pribolab-vi","7":"product_cat-thiet-bi-phan-tich-phuc-pham-vi","8":"product_cat-thiet-bi-khoa-hoc","9":"product_cat-thiet-bi-chuyen-dung","11":"first","12":"instock","13":"shipping-taxable","14":"purchasable","15":"product-type-simple"},"yoast_head":"<!-- This site is optimized with the Yoast SEO plugin v23.6 - https:\/\/yoast.com\/wordpress\/plugins\/seo\/ -->\n<title>H\u1ec7 th\u1ed1ng d\u1eabn xu\u1ea5t \u0111a ch\u1ee9c n\u0103ng (HWEQ-MDS 2020) - Biosciences<\/title>\n<meta name=\"robots\" content=\"index, follow, max-snippet:-1, max-image-preview:large, max-video-preview:-1\" \/>\n<link rel=\"canonical\" href=\"https:\/\/biosciences.vn\/index.php\/product\/he-thong-dan-xuat-da-chuc-nang\/\" \/>\n<meta property=\"og:locale\" content=\"en_US\" \/>\n<meta property=\"og:type\" content=\"article\" \/>\n<meta property=\"og:title\" content=\"H\u1ec7 th\u1ed1ng d\u1eabn xu\u1ea5t \u0111a ch\u1ee9c n\u0103ng (HWEQ-MDS 2020) - Biosciences\" \/>\n<meta property=\"og:description\" content=\"H\u1ec7 th\u1ed1ng d\u1eabn xu\u1ea5t \u0111a ch\u1ee9c n\u0103ng Pribolab\u00ae Model: MDS-3100 Danh m\u1ee5c: H\u1ec7 th\u1ed1ng d\u1eabn xu\u1ea5t T\u1ed5ng quan H\u1ec7 th\u1ed1ng d\u1eabn xu\u1ea5t \u0111a ch\u1ee9c n\u0103ng (Multifunction Derivatization System) l\u00e0 m\u1ed9t \u0111\u1ec9nh cao kh\u00e1c trong ph\u00e1t tri\u1ec3n c\u1ee7a Pribolab v\u1ec1 c\u00e1c thi\u1ebft b\u1ecb d\u1eabn xu\u1ea5t sau c\u1ed9t. Thi\u1ebft b\u1ecb n\u00e0y s\u1edf h\u1eefu nhi\u1ec1u b\u1eb1ng s\u00e1ng ch\u1ebf [&hellip;]\" \/>\n<meta property=\"og:url\" content=\"https:\/\/biosciences.vn\/index.php\/product\/he-thong-dan-xuat-da-chuc-nang\/\" \/>\n<meta property=\"og:site_name\" content=\"Biosciences\" \/>\n<meta property=\"article:modified_time\" content=\"2025-08-28T07:55:09+00:00\" \/>\n<meta property=\"og:image\" content=\"https:\/\/biosciences.vn\/wp-content\/uploads\/2024\/07\/HWEQ-MDS-2020.jpg\" \/>\n\t<meta property=\"og:image:width\" content=\"820\" \/>\n\t<meta property=\"og:image:height\" content=\"680\" \/>\n\t<meta property=\"og:image:type\" content=\"image\/jpeg\" \/>\n<meta name=\"twitter:card\" content=\"summary_large_image\" \/>\n<meta name=\"twitter:label1\" content=\"Est. reading time\" \/>\n\t<meta name=\"twitter:data1\" content=\"3 minutes\" \/>\n<script type=\"application\/ld+json\" class=\"yoast-schema-graph\">{\"@context\":\"https:\/\/schema.org\",\"@graph\":[{\"@type\":\"WebPage\",\"@id\":\"https:\/\/biosciences.vn\/index.php\/product\/he-thong-dan-xuat-da-chuc-nang\/\",\"url\":\"https:\/\/biosciences.vn\/index.php\/product\/he-thong-dan-xuat-da-chuc-nang\/\",\"name\":\"H\u1ec7 th\u1ed1ng d\u1eabn xu\u1ea5t \u0111a ch\u1ee9c n\u0103ng (HWEQ-MDS 2020) - Biosciences\",\"isPartOf\":{\"@id\":\"https:\/\/biosciences.vn\/#website\"},\"primaryImageOfPage\":{\"@id\":\"https:\/\/biosciences.vn\/index.php\/product\/he-thong-dan-xuat-da-chuc-nang\/#primaryimage\"},\"image\":{\"@id\":\"https:\/\/biosciences.vn\/index.php\/product\/he-thong-dan-xuat-da-chuc-nang\/#primaryimage\"},\"thumbnailUrl\":\"https:\/\/biosciences.vn\/wp-content\/uploads\/2024\/07\/HWEQ-MDS-2020.jpg\",\"datePublished\":\"2024-07-14T06:07:04+00:00\",\"dateModified\":\"2025-08-28T07:55:09+00:00\",\"breadcrumb\":{\"@id\":\"https:\/\/biosciences.vn\/index.php\/product\/he-thong-dan-xuat-da-chuc-nang\/#breadcrumb\"},\"inLanguage\":\"en-US\",\"potentialAction\":[{\"@type\":\"ReadAction\",\"target\":[\"https:\/\/biosciences.vn\/index.php\/product\/he-thong-dan-xuat-da-chuc-nang\/\"]}]},{\"@type\":\"ImageObject\",\"inLanguage\":\"en-US\",\"@id\":\"https:\/\/biosciences.vn\/index.php\/product\/he-thong-dan-xuat-da-chuc-nang\/#primaryimage\",\"url\":\"https:\/\/biosciences.vn\/wp-content\/uploads\/2024\/07\/HWEQ-MDS-2020.jpg\",\"contentUrl\":\"https:\/\/biosciences.vn\/wp-content\/uploads\/2024\/07\/HWEQ-MDS-2020.jpg\",\"width\":820,\"height\":680},{\"@type\":\"BreadcrumbList\",\"@id\":\"https:\/\/biosciences.vn\/index.php\/product\/he-thong-dan-xuat-da-chuc-nang\/#breadcrumb\",\"itemListElement\":[{\"@type\":\"ListItem\",\"position\":1,\"name\":\"Trang ch\u1ee7\",\"item\":\"https:\/\/biosciences.vn\/index.php\/en\/home\/\"},{\"@type\":\"ListItem\",\"position\":2,\"name\":\"Shop\",\"item\":\"https:\/\/biosciences.vn\/index.php\/shop\/\"},{\"@type\":\"ListItem\",\"position\":3,\"name\":\"H\u1ec7 th\u1ed1ng d\u1eabn xu\u1ea5t \u0111a ch\u1ee9c n\u0103ng (HWEQ-MDS 2020)\"}]},{\"@type\":\"WebSite\",\"@id\":\"https:\/\/biosciences.vn\/#website\",\"url\":\"https:\/\/biosciences.vn\/\",\"name\":\"Biosciences\",\"description\":\"\",\"publisher\":{\"@id\":\"https:\/\/biosciences.vn\/#organization\"},\"potentialAction\":[{\"@type\":\"SearchAction\",\"target\":{\"@type\":\"EntryPoint\",\"urlTemplate\":\"https:\/\/biosciences.vn\/?s={search_term_string}\"},\"query-input\":{\"@type\":\"PropertyValueSpecification\",\"valueRequired\":true,\"valueName\":\"search_term_string\"}}],\"inLanguage\":\"en-US\"},{\"@type\":\"Organization\",\"@id\":\"https:\/\/biosciences.vn\/#organization\",\"name\":\"Biosciences\",\"url\":\"https:\/\/biosciences.vn\/\",\"logo\":{\"@type\":\"ImageObject\",\"inLanguage\":\"en-US\",\"@id\":\"https:\/\/biosciences.vn\/#\/schema\/logo\/image\/\",\"url\":\"https:\/\/biosciences.vn\/wp-content\/uploads\/2024\/04\/LOGO-BIOSCIENCES-PNG.png\",\"contentUrl\":\"https:\/\/biosciences.vn\/wp-content\/uploads\/2024\/04\/LOGO-BIOSCIENCES-PNG.png\",\"width\":2536,\"height\":638,\"caption\":\"Biosciences\"},\"image\":{\"@id\":\"https:\/\/biosciences.vn\/#\/schema\/logo\/image\/\"}}]}<\/script>\n<!-- \/ Yoast SEO plugin. -->","yoast_head_json":{"title":"H\u1ec7 th\u1ed1ng d\u1eabn xu\u1ea5t \u0111a ch\u1ee9c n\u0103ng (HWEQ-MDS 2020) - Biosciences","robots":{"index":"index","follow":"follow","max-snippet":"max-snippet:-1","max-image-preview":"max-image-preview:large","max-video-preview":"max-video-preview:-1"},"canonical":"https:\/\/biosciences.vn\/index.php\/product\/he-thong-dan-xuat-da-chuc-nang\/","og_locale":"en_US","og_type":"article","og_title":"H\u1ec7 th\u1ed1ng d\u1eabn xu\u1ea5t \u0111a ch\u1ee9c n\u0103ng (HWEQ-MDS 2020) - Biosciences","og_description":"H\u1ec7 th\u1ed1ng d\u1eabn xu\u1ea5t \u0111a ch\u1ee9c n\u0103ng Pribolab\u00ae Model: MDS-3100 Danh m\u1ee5c: H\u1ec7 th\u1ed1ng d\u1eabn xu\u1ea5t T\u1ed5ng quan H\u1ec7 th\u1ed1ng d\u1eabn xu\u1ea5t \u0111a ch\u1ee9c n\u0103ng (Multifunction Derivatization System) l\u00e0 m\u1ed9t \u0111\u1ec9nh cao kh\u00e1c trong ph\u00e1t tri\u1ec3n c\u1ee7a Pribolab v\u1ec1 c\u00e1c thi\u1ebft b\u1ecb d\u1eabn xu\u1ea5t sau c\u1ed9t. Thi\u1ebft b\u1ecb n\u00e0y s\u1edf h\u1eefu nhi\u1ec1u b\u1eb1ng s\u00e1ng ch\u1ebf [&hellip;]","og_url":"https:\/\/biosciences.vn\/index.php\/product\/he-thong-dan-xuat-da-chuc-nang\/","og_site_name":"Biosciences","article_modified_time":"2025-08-28T07:55:09+00:00","og_image":[{"width":820,"height":680,"url":"https:\/\/biosciences.vn\/wp-content\/uploads\/2024\/07\/HWEQ-MDS-2020.jpg","type":"image\/jpeg"}],"twitter_card":"summary_large_image","twitter_misc":{"Est. reading time":"3 minutes"},"schema":{"@context":"https:\/\/schema.org","@graph":[{"@type":"WebPage","@id":"https:\/\/biosciences.vn\/index.php\/product\/he-thong-dan-xuat-da-chuc-nang\/","url":"https:\/\/biosciences.vn\/index.php\/product\/he-thong-dan-xuat-da-chuc-nang\/","name":"H\u1ec7 th\u1ed1ng d\u1eabn xu\u1ea5t \u0111a ch\u1ee9c n\u0103ng (HWEQ-MDS 2020) - Biosciences","isPartOf":{"@id":"https:\/\/biosciences.vn\/#website"},"primaryImageOfPage":{"@id":"https:\/\/biosciences.vn\/index.php\/product\/he-thong-dan-xuat-da-chuc-nang\/#primaryimage"},"image":{"@id":"https:\/\/biosciences.vn\/index.php\/product\/he-thong-dan-xuat-da-chuc-nang\/#primaryimage"},"thumbnailUrl":"https:\/\/biosciences.vn\/wp-content\/uploads\/2024\/07\/HWEQ-MDS-2020.jpg","datePublished":"2024-07-14T06:07:04+00:00","dateModified":"2025-08-28T07:55:09+00:00","breadcrumb":{"@id":"https:\/\/biosciences.vn\/index.php\/product\/he-thong-dan-xuat-da-chuc-nang\/#breadcrumb"},"inLanguage":"en-US","potentialAction":[{"@type":"ReadAction","target":["https:\/\/biosciences.vn\/index.php\/product\/he-thong-dan-xuat-da-chuc-nang\/"]}]},{"@type":"ImageObject","inLanguage":"en-US","@id":"https:\/\/biosciences.vn\/index.php\/product\/he-thong-dan-xuat-da-chuc-nang\/#primaryimage","url":"https:\/\/biosciences.vn\/wp-content\/uploads\/2024\/07\/HWEQ-MDS-2020.jpg","contentUrl":"https:\/\/biosciences.vn\/wp-content\/uploads\/2024\/07\/HWEQ-MDS-2020.jpg","width":820,"height":680},{"@type":"BreadcrumbList","@id":"https:\/\/biosciences.vn\/index.php\/product\/he-thong-dan-xuat-da-chuc-nang\/#breadcrumb","itemListElement":[{"@type":"ListItem","position":1,"name":"Trang ch\u1ee7","item":"https:\/\/biosciences.vn\/index.php\/en\/home\/"},{"@type":"ListItem","position":2,"name":"Shop","item":"https:\/\/biosciences.vn\/index.php\/shop\/"},{"@type":"ListItem","position":3,"name":"H\u1ec7 th\u1ed1ng d\u1eabn xu\u1ea5t \u0111a ch\u1ee9c n\u0103ng (HWEQ-MDS 2020)"}]},{"@type":"WebSite","@id":"https:\/\/biosciences.vn\/#website","url":"https:\/\/biosciences.vn\/","name":"Biosciences","description":"","publisher":{"@id":"https:\/\/biosciences.vn\/#organization"},"potentialAction":[{"@type":"SearchAction","target":{"@type":"EntryPoint","urlTemplate":"https:\/\/biosciences.vn\/?s={search_term_string}"},"query-input":{"@type":"PropertyValueSpecification","valueRequired":true,"valueName":"search_term_string"}}],"inLanguage":"en-US"},{"@type":"Organization","@id":"https:\/\/biosciences.vn\/#organization","name":"Biosciences","url":"https:\/\/biosciences.vn\/","logo":{"@type":"ImageObject","inLanguage":"en-US","@id":"https:\/\/biosciences.vn\/#\/schema\/logo\/image\/","url":"https:\/\/biosciences.vn\/wp-content\/uploads\/2024\/04\/LOGO-BIOSCIENCES-PNG.png","contentUrl":"https:\/\/biosciences.vn\/wp-content\/uploads\/2024\/04\/LOGO-BIOSCIENCES-PNG.png","width":2536,"height":638,"caption":"Biosciences"},"image":{"@id":"https:\/\/biosciences.vn\/#\/schema\/logo\/image\/"}}]}},"brands":[{"id":642,"name":"Pribolab","slug":"pribolab-vi"}],"_links":{"self":[{"href":"https:\/\/biosciences.vn\/index.php\/wp-json\/wp\/v2\/product\/5860"}],"collection":[{"href":"https:\/\/biosciences.vn\/index.php\/wp-json\/wp\/v2\/product"}],"about":[{"href":"https:\/\/biosciences.vn\/index.php\/wp-json\/wp\/v2\/types\/product"}],"replies":[{"embeddable":true,"href":"https:\/\/biosciences.vn\/index.php\/wp-json\/wp\/v2\/comments?post=5860"}],"wp:featuredmedia":[{"embeddable":true,"href":"https:\/\/biosciences.vn\/index.php\/wp-json\/wp\/v2\/media\/5861"}],"wp:attachment":[{"href":"https:\/\/biosciences.vn\/index.php\/wp-json\/wp\/v2\/media?parent=5860"}],"wp:term":[{"taxonomy":"pwb-brand","embeddable":true,"href":"https:\/\/biosciences.vn\/index.php\/wp-json\/wp\/v2\/pwb-brand?post=5860"},{"taxonomy":"product_cat","embeddable":true,"href":"https:\/\/biosciences.vn\/index.php\/wp-json\/wp\/v2\/product_cat?post=5860"},{"taxonomy":"product_tag","embeddable":true,"href":"https:\/\/biosciences.vn\/index.php\/wp-json\/wp\/v2\/product_tag?post=5860"}],"curies":[{"name":"wp","href":"https:\/\/api.w.org\/{rel}","templated":true}]}}