{"id":5865,"date":"2024-07-14T13:19:25","date_gmt":"2024-07-14T06:19:25","guid":{"rendered":"https:\/\/biosciences.vn\/?post_type=product&#038;p=5865"},"modified":"2025-08-28T14:55:09","modified_gmt":"2025-08-28T07:55:09","slug":"thiet-bi-dan-xuat-mycotoxin","status":"publish","type":"product","link":"https:\/\/biosciences.vn\/index.php\/product\/thiet-bi-dan-xuat-mycotoxin\/","title":{"rendered":"Thi\u1ebft b\u1ecb d\u1eabn xu\u1ea5t mycotoxin (KRC-II)"},"content":{"rendered":"<p><strong>Thi\u1ebft b\u1ecb d\u1eabn xu\u1ea5t quang h\u1ecdc Pribolab\u00ae<\/strong><\/p>\n<p><strong>Model:<\/strong> KRC-\u2161<\/p>\n<p><strong>Danh m\u1ee5c:<\/strong> H\u1ec7 th\u1ed1ng d\u1eabn xu\u1ea5t<\/p>\n<p><strong>T\u1ed5ng quan<\/strong><\/p>\n<p>Thi\u1ebft b\u1ecb d\u1eabn xu\u1ea5t quang h\u1ecdc sau c\u1ed9t KRC \u0111\u01b0\u1ee3c s\u1eed d\u1ee5ng \u0111\u1ec3 d\u1eabn xu\u1ea5t quang h\u1ecdc c\u1ee7a aflatoxin v\u1edbi HPLC-FLD. Ph\u01b0\u01a1ng ph\u00e1p n\u00e0y kh\u00f4ng y\u00eau c\u1ea7u b\u1ea5t k\u1ef3 h\u00f3a ch\u1ea5t n\u00e0o, c\u00f3 th\u1ec3 t\u0103ng c\u01b0\u1eddng hi\u1ec7u qu\u1ea3 c\u01b0\u1eddng \u0111\u1ed9 hu\u1ef3nh quang c\u1ee7a aflatoxin B1 v\u00e0 G1, v\u00e0 \u0111\u1ed9 nh\u1ea1y c\u1ee7a ch\u00fang c\u00f3 th\u1ec3 \u0111\u1ea1t 0.1 ng\/mL (t\u00f9y thu\u1ed9c v\u00e0o \u0111\u1ed9 nh\u1ea1y c\u1ee7a m\u00e1y d\u00f2). Ngo\u00e0i ra, thi\u1ebft b\u1ecb n\u00e0y c\u0169ng ph\u00f9 h\u1ee3p cho d\u1eabn xu\u1ea5t c\u1ee7a barbiturates, amino acids, peptides, vitamins v\u00e0 sulfa drugs, v.v. To\u00e0n b\u1ed9 m\u00e1y \u0111\u01b0\u1ee3c ph\u1ee7 l\u1edbp s\u01a1n \u0111en v\u00e0 khung th\u00e2n b\u1eb1ng th\u00e9p kh\u00f4ng g\u1ec9 nguy\u00ean ch\u1ea5t, thi\u1ebft k\u1ebf h\u00ecnh d\u1ea1ng \u0111\u01a1n gi\u1ea3n v\u00e0 thanh l\u1ecbch. KRC c\u00f3 th\u1ec3 \u0111\u01b0\u1ee3c s\u1eed d\u1ee5ng tr\u1ef1c ti\u1ebfp v\u1edbi LC c\u1ee7a c\u00e1c th\u01b0\u01a1ng hi\u1ec7u nh\u01b0 Agilent, Shimadzu, Waters, Hitachi, Dionex v\u00e0 c\u00e1c th\u01b0\u01a1ng hi\u1ec7u kh\u00e1c.<\/p>\n<p><strong>\u0110\u1eb7c \u0111i\u1ec3m<\/strong><\/p>\n<ul>\n<li>D\u1eabn xu\u1ea5t aflatoxin B1, G1 trong th\u1eddi gian th\u1ef1c m\u00e0 kh\u00f4ng c\u1ea7n s\u1eed d\u1ee5ng h\u00f3a ch\u1ea5t.<\/li>\n<li>Tr\u00e1nh cho ng\u01b0\u1eddi v\u1eadn h\u00e0nh ti\u1ebfp x\u00fac v\u1edbi h\u00f3a ch\u1ea5t \u0111\u1ed9c h\u1ea1i.<\/li>\n<li>Kh\u00f4ng c\u1ea7n chu\u1ea9n b\u1ecb dung d\u1ecbch \u0103n m\u00f2n, t\u0103ng tu\u1ed5i th\u1ecd c\u1ee7a thi\u1ebft b\u1ecb LC.<\/li>\n<li>Kh\u00f4ng c\u1ea7n b\u01b0\u1edbc r\u1eeda, kh\u00f4ng c\u1ea7n b\u1ea3o tr\u00ec b\u1ed5 sung.<\/li>\n<li>Tu\u00e2n th\u1ee7 ph\u01b0\u01a1ng ph\u00e1p ti\u00eau chu\u1ea9n qu\u1ed1c gia m\u1edbi c\u1ee7a Trung Qu\u1ed1c v\u00e0 D\u01b0\u1ee3c \u0111i\u1ec3n.<\/li>\n<li>Tu\u00e2n th\u1ee7 c\u00e1c ph\u01b0\u01a1ng ph\u00e1p ph\u00e2n t\u00edch ti\u00eau chu\u1ea9n AOAC 2005.08, AOCS Aa11-05 v\u00e0 D\u01b0\u1ee3c \u0111i\u1ec3n Ch\u00e2u \u00c2u 2.8.18.<\/li>\n<\/ul>\n<p><strong>Th\u00f4ng s\u1ed1 k\u1ef9 thu\u1eadt<\/strong><\/p>\n<table>\n<thead>\n<tr>\n<th>Th\u00f4ng s\u1ed1<\/th>\n<th>Gi\u00e1 tr\u1ecb<\/th>\n<\/tr>\n<\/thead>\n<tbody>\n<tr>\n<td>K\u00edch th\u01b0\u1edbc (h\u00d7w\u00d7d)<\/td>\n<td>88 mm \u00d7 90 mm \u00d7 420 mm<\/td>\n<\/tr>\n<tr>\n<td>\u0110\u1ed9 tr\u00f4i<\/td>\n<td>\u2264 2.5\u00d710-4 AU\/h<\/td>\n<\/tr>\n<tr>\n<td>Ngu\u1ed3n s\u00e1ng<\/td>\n<td>254 nm v\u00e0 352 nm<\/td>\n<\/tr>\n<tr>\n<td>\u0110\u1ed9 r\u1ed9ng b\u0103ng t\u1ea7n<\/td>\n<td>2 nm<\/td>\n<\/tr>\n<tr>\n<td>\u0110\u1ed9 ch\u00ednh x\u00e1c b\u01b0\u1edbc s\u00f3ng<\/td>\n<td>\u00b11 nm<\/td>\n<\/tr>\n<tr>\n<td>\u0110\u1ed9 t\u00e1i l\u1eadp b\u01b0\u1edbc s\u00f3ng<\/td>\n<td>\u00b11 nm<\/td>\n<\/tr>\n<tr>\n<td>Th\u1ec3 t\u00edch b\u1ec3 d\u1eabn xu\u1ea5t<\/td>\n<td>1 mL<\/td>\n<\/tr>\n<tr>\n<td>T\u1ed1c \u0111\u1ed9 d\u00f2ng ch\u1ea3y<\/td>\n<td>0.8~1.5 mL\/min; t\u1ed1i \u01b0u: 1.2 mL\/min<\/td>\n<\/tr>\n<tr>\n<td>\u00c1p su\u1ea5t t\u1ed1i \u0111a c\u1ee7a b\u1ec3<\/td>\n<td>10 MPa<\/td>\n<\/tr>\n<tr>\n<td>Tu\u1ed5i th\u1ecd \u0111\u00e8n<\/td>\n<td>\u2265 8000 h<\/td>\n<\/tr>\n<tr>\n<td>M\u00f4i tr\u01b0\u1eddng l\u00e0m vi\u1ec7c<\/td>\n<td>220V, 50 Hz; Nhi\u1ec7t \u0111\u1ed9: 0~45\u2103; \u0110\u1ed9 \u1ea9m t\u01b0\u01a1ng \u0111\u1ed1i: 20-85%<\/td>\n<\/tr>\n<\/tbody>\n<\/table>\n<p>&nbsp;<\/p>\n","protected":false},"excerpt":{"rendered":"<p>Thi\u1ebft b\u1ecb d\u1eabn xu\u1ea5t quang h\u1ecdc Pribolab\u00ae Model: KRC-\u2161 Danh m\u1ee5c: H\u1ec7 th\u1ed1ng d\u1eabn xu\u1ea5t T\u1ed5ng quan Thi\u1ebft b\u1ecb d\u1eabn xu\u1ea5t quang h\u1ecdc sau c\u1ed9t KRC \u0111\u01b0\u1ee3c s\u1eed d\u1ee5ng \u0111\u1ec3 d\u1eabn xu\u1ea5t quang h\u1ecdc c\u1ee7a aflatoxin v\u1edbi HPLC-FLD. Ph\u01b0\u01a1ng ph\u00e1p n\u00e0y kh\u00f4ng y\u00eau c\u1ea7u b\u1ea5t k\u1ef3 h\u00f3a ch\u1ea5t n\u00e0o, c\u00f3 th\u1ec3 t\u0103ng c\u01b0\u1eddng hi\u1ec7u qu\u1ea3 [&hellip;]<\/p>\n","protected":false},"featured_media":5864,"comment_status":"open","ping_status":"closed","template":"","meta":[],"pwb-brand":[642],"product_cat":[723,439,443],"product_tag":[],"class_list":{"0":"post-5865","1":"product","2":"type-product","3":"status-publish","4":"has-post-thumbnail","6":"pwb-brand-pribolab-vi","7":"product_cat-thiet-bi-phan-tich-phuc-pham-vi","8":"product_cat-thiet-bi-khoa-hoc","9":"product_cat-thiet-bi-chuyen-dung","11":"first","12":"instock","13":"shipping-taxable","14":"purchasable","15":"product-type-simple"},"yoast_head":"<!-- This site is optimized with the Yoast SEO plugin v23.6 - https:\/\/yoast.com\/wordpress\/plugins\/seo\/ -->\n<title>Thi\u1ebft b\u1ecb d\u1eabn xu\u1ea5t mycotoxin (KRC-II) - Biosciences<\/title>\n<meta name=\"robots\" content=\"index, follow, max-snippet:-1, max-image-preview:large, max-video-preview:-1\" \/>\n<link rel=\"canonical\" href=\"https:\/\/biosciences.vn\/index.php\/product\/thiet-bi-dan-xuat-mycotoxin\/\" \/>\n<meta property=\"og:locale\" content=\"en_US\" \/>\n<meta property=\"og:type\" content=\"article\" \/>\n<meta property=\"og:title\" content=\"Thi\u1ebft b\u1ecb d\u1eabn xu\u1ea5t mycotoxin (KRC-II) - Biosciences\" \/>\n<meta property=\"og:description\" content=\"Thi\u1ebft b\u1ecb d\u1eabn xu\u1ea5t quang h\u1ecdc Pribolab\u00ae Model: KRC-\u2161 Danh m\u1ee5c: H\u1ec7 th\u1ed1ng d\u1eabn xu\u1ea5t T\u1ed5ng quan Thi\u1ebft b\u1ecb d\u1eabn xu\u1ea5t quang h\u1ecdc sau c\u1ed9t KRC \u0111\u01b0\u1ee3c s\u1eed d\u1ee5ng \u0111\u1ec3 d\u1eabn xu\u1ea5t quang h\u1ecdc c\u1ee7a aflatoxin v\u1edbi HPLC-FLD. Ph\u01b0\u01a1ng ph\u00e1p n\u00e0y kh\u00f4ng y\u00eau c\u1ea7u b\u1ea5t k\u1ef3 h\u00f3a ch\u1ea5t n\u00e0o, c\u00f3 th\u1ec3 t\u0103ng c\u01b0\u1eddng hi\u1ec7u qu\u1ea3 [&hellip;]\" \/>\n<meta property=\"og:url\" content=\"https:\/\/biosciences.vn\/index.php\/product\/thiet-bi-dan-xuat-mycotoxin\/\" \/>\n<meta property=\"og:site_name\" content=\"Biosciences\" \/>\n<meta property=\"article:modified_time\" content=\"2025-08-28T07:55:09+00:00\" \/>\n<meta property=\"og:image\" content=\"https:\/\/biosciences.vn\/wp-content\/uploads\/2024\/07\/MDU-20230.png\" \/>\n\t<meta property=\"og:image:width\" content=\"820\" \/>\n\t<meta property=\"og:image:height\" content=\"680\" \/>\n\t<meta property=\"og:image:type\" content=\"image\/png\" \/>\n<meta name=\"twitter:card\" content=\"summary_large_image\" \/>\n<meta name=\"twitter:label1\" content=\"Est. reading time\" \/>\n\t<meta name=\"twitter:data1\" content=\"2 minutes\" \/>\n<script type=\"application\/ld+json\" class=\"yoast-schema-graph\">{\"@context\":\"https:\/\/schema.org\",\"@graph\":[{\"@type\":\"WebPage\",\"@id\":\"https:\/\/biosciences.vn\/index.php\/product\/thiet-bi-dan-xuat-mycotoxin\/\",\"url\":\"https:\/\/biosciences.vn\/index.php\/product\/thiet-bi-dan-xuat-mycotoxin\/\",\"name\":\"Thi\u1ebft b\u1ecb d\u1eabn xu\u1ea5t mycotoxin (KRC-II) - Biosciences\",\"isPartOf\":{\"@id\":\"https:\/\/biosciences.vn\/#website\"},\"primaryImageOfPage\":{\"@id\":\"https:\/\/biosciences.vn\/index.php\/product\/thiet-bi-dan-xuat-mycotoxin\/#primaryimage\"},\"image\":{\"@id\":\"https:\/\/biosciences.vn\/index.php\/product\/thiet-bi-dan-xuat-mycotoxin\/#primaryimage\"},\"thumbnailUrl\":\"https:\/\/biosciences.vn\/wp-content\/uploads\/2024\/07\/MDU-20230.png\",\"datePublished\":\"2024-07-14T06:19:25+00:00\",\"dateModified\":\"2025-08-28T07:55:09+00:00\",\"breadcrumb\":{\"@id\":\"https:\/\/biosciences.vn\/index.php\/product\/thiet-bi-dan-xuat-mycotoxin\/#breadcrumb\"},\"inLanguage\":\"en-US\",\"potentialAction\":[{\"@type\":\"ReadAction\",\"target\":[\"https:\/\/biosciences.vn\/index.php\/product\/thiet-bi-dan-xuat-mycotoxin\/\"]}]},{\"@type\":\"ImageObject\",\"inLanguage\":\"en-US\",\"@id\":\"https:\/\/biosciences.vn\/index.php\/product\/thiet-bi-dan-xuat-mycotoxin\/#primaryimage\",\"url\":\"https:\/\/biosciences.vn\/wp-content\/uploads\/2024\/07\/MDU-20230.png\",\"contentUrl\":\"https:\/\/biosciences.vn\/wp-content\/uploads\/2024\/07\/MDU-20230.png\",\"width\":820,\"height\":680},{\"@type\":\"BreadcrumbList\",\"@id\":\"https:\/\/biosciences.vn\/index.php\/product\/thiet-bi-dan-xuat-mycotoxin\/#breadcrumb\",\"itemListElement\":[{\"@type\":\"ListItem\",\"position\":1,\"name\":\"Trang ch\u1ee7\",\"item\":\"https:\/\/biosciences.vn\/index.php\/en\/home\/\"},{\"@type\":\"ListItem\",\"position\":2,\"name\":\"Shop\",\"item\":\"https:\/\/biosciences.vn\/index.php\/shop\/\"},{\"@type\":\"ListItem\",\"position\":3,\"name\":\"Thi\u1ebft b\u1ecb d\u1eabn xu\u1ea5t mycotoxin (KRC-II)\"}]},{\"@type\":\"WebSite\",\"@id\":\"https:\/\/biosciences.vn\/#website\",\"url\":\"https:\/\/biosciences.vn\/\",\"name\":\"Biosciences\",\"description\":\"\",\"publisher\":{\"@id\":\"https:\/\/biosciences.vn\/#organization\"},\"potentialAction\":[{\"@type\":\"SearchAction\",\"target\":{\"@type\":\"EntryPoint\",\"urlTemplate\":\"https:\/\/biosciences.vn\/?s={search_term_string}\"},\"query-input\":{\"@type\":\"PropertyValueSpecification\",\"valueRequired\":true,\"valueName\":\"search_term_string\"}}],\"inLanguage\":\"en-US\"},{\"@type\":\"Organization\",\"@id\":\"https:\/\/biosciences.vn\/#organization\",\"name\":\"Biosciences\",\"url\":\"https:\/\/biosciences.vn\/\",\"logo\":{\"@type\":\"ImageObject\",\"inLanguage\":\"en-US\",\"@id\":\"https:\/\/biosciences.vn\/#\/schema\/logo\/image\/\",\"url\":\"https:\/\/biosciences.vn\/wp-content\/uploads\/2024\/04\/LOGO-BIOSCIENCES-PNG.png\",\"contentUrl\":\"https:\/\/biosciences.vn\/wp-content\/uploads\/2024\/04\/LOGO-BIOSCIENCES-PNG.png\",\"width\":2536,\"height\":638,\"caption\":\"Biosciences\"},\"image\":{\"@id\":\"https:\/\/biosciences.vn\/#\/schema\/logo\/image\/\"}}]}<\/script>\n<!-- \/ Yoast SEO plugin. -->","yoast_head_json":{"title":"Thi\u1ebft b\u1ecb d\u1eabn xu\u1ea5t mycotoxin (KRC-II) - Biosciences","robots":{"index":"index","follow":"follow","max-snippet":"max-snippet:-1","max-image-preview":"max-image-preview:large","max-video-preview":"max-video-preview:-1"},"canonical":"https:\/\/biosciences.vn\/index.php\/product\/thiet-bi-dan-xuat-mycotoxin\/","og_locale":"en_US","og_type":"article","og_title":"Thi\u1ebft b\u1ecb d\u1eabn xu\u1ea5t mycotoxin (KRC-II) - Biosciences","og_description":"Thi\u1ebft b\u1ecb d\u1eabn xu\u1ea5t quang h\u1ecdc Pribolab\u00ae Model: KRC-\u2161 Danh m\u1ee5c: H\u1ec7 th\u1ed1ng d\u1eabn xu\u1ea5t T\u1ed5ng quan Thi\u1ebft b\u1ecb d\u1eabn xu\u1ea5t quang h\u1ecdc sau c\u1ed9t KRC \u0111\u01b0\u1ee3c s\u1eed d\u1ee5ng \u0111\u1ec3 d\u1eabn xu\u1ea5t quang h\u1ecdc c\u1ee7a aflatoxin v\u1edbi HPLC-FLD. Ph\u01b0\u01a1ng ph\u00e1p n\u00e0y kh\u00f4ng y\u00eau c\u1ea7u b\u1ea5t k\u1ef3 h\u00f3a ch\u1ea5t n\u00e0o, c\u00f3 th\u1ec3 t\u0103ng c\u01b0\u1eddng hi\u1ec7u qu\u1ea3 [&hellip;]","og_url":"https:\/\/biosciences.vn\/index.php\/product\/thiet-bi-dan-xuat-mycotoxin\/","og_site_name":"Biosciences","article_modified_time":"2025-08-28T07:55:09+00:00","og_image":[{"width":820,"height":680,"url":"https:\/\/biosciences.vn\/wp-content\/uploads\/2024\/07\/MDU-20230.png","type":"image\/png"}],"twitter_card":"summary_large_image","twitter_misc":{"Est. reading time":"2 minutes"},"schema":{"@context":"https:\/\/schema.org","@graph":[{"@type":"WebPage","@id":"https:\/\/biosciences.vn\/index.php\/product\/thiet-bi-dan-xuat-mycotoxin\/","url":"https:\/\/biosciences.vn\/index.php\/product\/thiet-bi-dan-xuat-mycotoxin\/","name":"Thi\u1ebft b\u1ecb d\u1eabn xu\u1ea5t mycotoxin (KRC-II) - Biosciences","isPartOf":{"@id":"https:\/\/biosciences.vn\/#website"},"primaryImageOfPage":{"@id":"https:\/\/biosciences.vn\/index.php\/product\/thiet-bi-dan-xuat-mycotoxin\/#primaryimage"},"image":{"@id":"https:\/\/biosciences.vn\/index.php\/product\/thiet-bi-dan-xuat-mycotoxin\/#primaryimage"},"thumbnailUrl":"https:\/\/biosciences.vn\/wp-content\/uploads\/2024\/07\/MDU-20230.png","datePublished":"2024-07-14T06:19:25+00:00","dateModified":"2025-08-28T07:55:09+00:00","breadcrumb":{"@id":"https:\/\/biosciences.vn\/index.php\/product\/thiet-bi-dan-xuat-mycotoxin\/#breadcrumb"},"inLanguage":"en-US","potentialAction":[{"@type":"ReadAction","target":["https:\/\/biosciences.vn\/index.php\/product\/thiet-bi-dan-xuat-mycotoxin\/"]}]},{"@type":"ImageObject","inLanguage":"en-US","@id":"https:\/\/biosciences.vn\/index.php\/product\/thiet-bi-dan-xuat-mycotoxin\/#primaryimage","url":"https:\/\/biosciences.vn\/wp-content\/uploads\/2024\/07\/MDU-20230.png","contentUrl":"https:\/\/biosciences.vn\/wp-content\/uploads\/2024\/07\/MDU-20230.png","width":820,"height":680},{"@type":"BreadcrumbList","@id":"https:\/\/biosciences.vn\/index.php\/product\/thiet-bi-dan-xuat-mycotoxin\/#breadcrumb","itemListElement":[{"@type":"ListItem","position":1,"name":"Trang ch\u1ee7","item":"https:\/\/biosciences.vn\/index.php\/en\/home\/"},{"@type":"ListItem","position":2,"name":"Shop","item":"https:\/\/biosciences.vn\/index.php\/shop\/"},{"@type":"ListItem","position":3,"name":"Thi\u1ebft b\u1ecb d\u1eabn xu\u1ea5t mycotoxin (KRC-II)"}]},{"@type":"WebSite","@id":"https:\/\/biosciences.vn\/#website","url":"https:\/\/biosciences.vn\/","name":"Biosciences","description":"","publisher":{"@id":"https:\/\/biosciences.vn\/#organization"},"potentialAction":[{"@type":"SearchAction","target":{"@type":"EntryPoint","urlTemplate":"https:\/\/biosciences.vn\/?s={search_term_string}"},"query-input":{"@type":"PropertyValueSpecification","valueRequired":true,"valueName":"search_term_string"}}],"inLanguage":"en-US"},{"@type":"Organization","@id":"https:\/\/biosciences.vn\/#organization","name":"Biosciences","url":"https:\/\/biosciences.vn\/","logo":{"@type":"ImageObject","inLanguage":"en-US","@id":"https:\/\/biosciences.vn\/#\/schema\/logo\/image\/","url":"https:\/\/biosciences.vn\/wp-content\/uploads\/2024\/04\/LOGO-BIOSCIENCES-PNG.png","contentUrl":"https:\/\/biosciences.vn\/wp-content\/uploads\/2024\/04\/LOGO-BIOSCIENCES-PNG.png","width":2536,"height":638,"caption":"Biosciences"},"image":{"@id":"https:\/\/biosciences.vn\/#\/schema\/logo\/image\/"}}]}},"brands":[{"id":642,"name":"Pribolab","slug":"pribolab-vi"}],"_links":{"self":[{"href":"https:\/\/biosciences.vn\/index.php\/wp-json\/wp\/v2\/product\/5865"}],"collection":[{"href":"https:\/\/biosciences.vn\/index.php\/wp-json\/wp\/v2\/product"}],"about":[{"href":"https:\/\/biosciences.vn\/index.php\/wp-json\/wp\/v2\/types\/product"}],"replies":[{"embeddable":true,"href":"https:\/\/biosciences.vn\/index.php\/wp-json\/wp\/v2\/comments?post=5865"}],"wp:featuredmedia":[{"embeddable":true,"href":"https:\/\/biosciences.vn\/index.php\/wp-json\/wp\/v2\/media\/5864"}],"wp:attachment":[{"href":"https:\/\/biosciences.vn\/index.php\/wp-json\/wp\/v2\/media?parent=5865"}],"wp:term":[{"taxonomy":"pwb-brand","embeddable":true,"href":"https:\/\/biosciences.vn\/index.php\/wp-json\/wp\/v2\/pwb-brand?post=5865"},{"taxonomy":"product_cat","embeddable":true,"href":"https:\/\/biosciences.vn\/index.php\/wp-json\/wp\/v2\/product_cat?post=5865"},{"taxonomy":"product_tag","embeddable":true,"href":"https:\/\/biosciences.vn\/index.php\/wp-json\/wp\/v2\/product_tag?post=5865"}],"curies":[{"name":"wp","href":"https:\/\/api.w.org\/{rel}","templated":true}]}}