{"id":5870,"date":"2024-07-14T16:32:41","date_gmt":"2024-07-14T09:32:41","guid":{"rendered":"https:\/\/biosciences.vn\/?post_type=product&#038;p=5870"},"modified":"2025-08-28T14:55:09","modified_gmt":"2025-08-28T07:55:09","slug":"thiet-bi-lay-mau-khong-khi-trio-bas-mini","status":"publish","type":"product","link":"https:\/\/biosciences.vn\/index.php\/product\/thiet-bi-lay-mau-khong-khi-trio-bas-mini\/","title":{"rendered":"Thi\u1ebft b\u1ecb l\u1ea5y m\u1eabu vi sinh kh\u00f4ng kh\u00ed TRIO.BAS\u2122 MINI (TRIO.BAS MINI)"},"content":{"rendered":"<p><strong>TRIO.BAS\u2122 MINI<\/strong><\/p>\n<p><strong>M\u00f4 t\u1ea3 chung<\/strong><\/p>\n<p>TRIO.BAS\u2122 MINI l\u00e0 thi\u1ebft b\u1ecb l\u1ea5y m\u1eabu kh\u00f4ng kh\u00ed nh\u1ecf g\u1ecdn v\u1edbi bu\u1ed3ng h\u00fat \u0111\u01a1n d\u00e0nh cho c\u00e1c \u0111\u0129a Petri ho\u1eb7c \u0111\u0129a Contact. Thi\u1ebft b\u1ecb n\u00e0y \u0111\u01b0\u1ee3c trang b\u1ecb Bluetooth v\u00e0 c\u00e1p s\u1ea1c.<\/p>\n<p><strong>\u0110\u1eb7c \u0111i\u1ec3m<\/strong><\/p>\n<ul>\n<li>T\u1ed1c \u0111\u1ed9 d\u00f2ng kh\u00ed: 100 ho\u1eb7c 200 l\/m<\/li>\n<li>D\u00f9ng cho \u0111\u0129a Petri ho\u1eb7c \u0111\u0129a Contact<\/li>\n<li>Ch\u1ebf \u0111\u1ed9 th\u1ee7 c\u00f4ng v\u00e0 kh\u00f4ng c\u00f3 chuy\u1ec3n giao d\u1eef li\u1ec7u<\/li>\n<li>Bluetooth ch\u1ec9 d\u00f9ng \u0111\u1ec3 \u0111i\u1ec1u khi\u1ec3n t\u1eeb xa<\/li>\n<li>Thi\u1ebft k\u1ebf kh\u00f4ng c\u00f3 c\u1ed5ng c\u1eafm b\u00ean ngo\u00e0i v\u00e0 \u0111\u1ea1t ch\u1ee9ng nh\u1eadn IP 65 cho kh\u1ea3 n\u0103ng b\u1ea3o v\u1ec7 kh\u1ecfi b\u1ee5i v\u00e0 n\u01b0\u1edbc<\/li>\n<li>Pin \u0111\u01b0\u1ee3c s\u1ea1c l\u1ea1i b\u1eb1ng c\u00e1p k\u1ebft n\u1ed1i tr\u1ef1c ti\u1ebfp v\u1edbi m\u00e1y l\u1ea5y m\u1eabu kh\u00f4ng kh\u00ed<\/li>\n<li>T\u1ed1c \u0111\u1ed9 d\u00f2ng kh\u00ed 200 l\/min gi\u00fap gi\u1ea3m th\u1eddi gian v\u1eadn h\u00e0nh v\u00e0 l\u1ea5y m\u1eabu c\u1ee7a ng\u01b0\u1eddi s\u1eed d\u1ee5ng<\/li>\n<\/ul>\n<p><strong>\u1ee8ng d\u1ee5ng<\/strong><\/p>\n<p>TRIO.BAS\u2122 MINI ph\u00f9 h\u1ee3p cho c\u00e1c ng\u00e0nh c\u00f4ng nghi\u1ec7p th\u1ef1c ph\u1ea9m, s\u1eefa, \u0111\u1ed3 u\u1ed1ng, n\u00f4ng nghi\u1ec7p, d\u1ecbch v\u1ee5 \u0103n u\u1ed1ng, m\u1ef9 ph\u1ea9m, nh\u00e0 m\u00e1y x\u1eed l\u00fd n\u01b0\u1edbc, nh\u00e0 m\u00e1y x\u1eed l\u00fd n\u01b0\u1edbc th\u1ea3i, v\u00e0 c\u00e1c c\u01a1 quan y t\u1ebf. Kh\u00e1ch h\u00e0ng ch\u1ee7 y\u1ebfu c\u1ee7a TRIO.BAS\u2122 MINI l\u00e0 c\u00e1c ng\u00e0nh c\u00f4ng nghi\u1ec7p th\u1ef1c ph\u1ea9m-n\u00f4ng nghi\u1ec7p, s\u1eefa, d\u1ecbch v\u1ee5 \u0103n u\u1ed1ng, HACCP, \u0111\u1ed3 u\u1ed1ng, m\u1ef9 ph\u1ea9m, nh\u00e0 m\u00e1y x\u1eed l\u00fd n\u01b0\u1edbc th\u1ea3i, m\u00f4i tr\u01b0\u1eddng ngo\u00e0i tr\u1eddi, tr\u01b0\u1eddng ti\u1ec3u h\u1ecdc v\u00e0 trung h\u1ecdc: ch\u1ee7 y\u1ebfu l\u00e0 c\u00e1c kh\u00e1ch h\u00e0ng th\u1ef1c hi\u1ec7n \u00edt s\u1ed1 l\u01b0\u1ee3ng ki\u1ec3m tra.<\/p>\n<p><strong>Th\u00f4ng tin k\u1ef9 thu\u1eadt<\/strong><\/p>\n<table>\n<thead>\n<tr>\n<th>Th\u00f4ng s\u1ed1<\/th>\n<th>Gi\u00e1 tr\u1ecb<\/th>\n<\/tr>\n<\/thead>\n<tbody>\n<tr>\n<td>T\u1ed1c \u0111\u1ed9 d\u00f2ng kh\u00ed<\/td>\n<td>100 ho\u1eb7c 200 l\/m<\/td>\n<\/tr>\n<tr>\n<td>D\u00f9ng cho<\/td>\n<td>\u0110\u0129a Petri ho\u1eb7c \u0111\u0129a Contact<\/td>\n<\/tr>\n<tr>\n<td>Ch\u1ebf \u0111\u1ed9<\/td>\n<td>Th\u1ee7 c\u00f4ng, kh\u00f4ng c\u00f3 chuy\u1ec3n giao d\u1eef li\u1ec7u<\/td>\n<\/tr>\n<tr>\n<td>Bluetooth<\/td>\n<td>\u0110i\u1ec1u khi\u1ec3n t\u1eeb xa<\/td>\n<\/tr>\n<tr>\n<td>Ch\u1ee9ng nh\u1eadn IP<\/td>\n<td>IP 65 (ch\u1ed1ng b\u1ee5i v\u00e0 n\u01b0\u1edbc)<\/td>\n<\/tr>\n<tr>\n<td>S\u1ea1c pin<\/td>\n<td>C\u00e1p s\u1ea1c k\u1ebft n\u1ed1i tr\u1ef1c ti\u1ebfp<\/td>\n<\/tr>\n<tr>\n<td>Th\u1eddi gian v\u1eadn h\u00e0nh v\u00e0 l\u1ea5y m\u1eabu<\/td>\n<td>Gi\u1ea3m nh\u1edd t\u1ed1c \u0111\u1ed9 d\u00f2ng kh\u00ed 200 l\/min<\/td>\n<\/tr>\n<\/tbody>\n<\/table>\n<p><strong>Ph\u1ea7n m\u1ec1m<\/strong><\/p>\n<p>Kh\u00f4ng c\u00f3 kh\u1ea3 n\u0103ng chuy\u1ec3n giao d\u1eef li\u1ec7u qua Bluetooth. Ch\u1ec9 d\u00f9ng \u0111\u1ec3 \u0111i\u1ec1u khi\u1ec3n t\u1eeb xa.<\/p>\n<p><strong>Ki\u1ec3m tra t\u1ed1c \u0111\u1ed9 d\u00f2ng kh\u00ed<\/strong><\/p>\n<p><a href=\"https:\/\/www.triobas.com\/products\/air-flow-rate-check\" rel=\"noreferrer\">Nh\u1ea5p v\u00e0o \u0111\u00e2y<\/a> \u0111\u1ec3 t\u00ecm hi\u1ec3u c\u00e1ch ki\u1ec3m tra \u0111\u1ed9 ch\u00ednh x\u00e1c c\u1ee7a t\u1ed1c \u0111\u1ed9 d\u00f2ng kh\u00ed c\u1ee7a m\u00e1y l\u1ea5y m\u1eabu kh\u00f4ng kh\u00ed.<\/p>\n<p><strong>\u1ee8ng d\u1ee5ng<\/strong><\/p>\n<ul>\n<li>Ng\u00e0nh th\u1ef1c ph\u1ea9m, s\u1eefa, \u0111\u1ed3 u\u1ed1ng<\/li>\n<li>N\u00f4ng nghi\u1ec7p, d\u1ecbch v\u1ee5 \u0103n u\u1ed1ng<\/li>\n<li>M\u1ef9 ph\u1ea9m<\/li>\n<li>Nh\u00e0 m\u00e1y x\u1eed l\u00fd n\u01b0\u1edbc v\u00e0 nh\u00e0 m\u00e1y x\u1eed l\u00fd n\u01b0\u1edbc th\u1ea3i<\/li>\n<li>C\u01a1 quan y t\u1ebf<\/li>\n<\/ul>\n","protected":false},"excerpt":{"rendered":"<p>TRIO.BAS\u2122 MINI M\u00f4 t\u1ea3 chung TRIO.BAS\u2122 MINI l\u00e0 thi\u1ebft b\u1ecb l\u1ea5y m\u1eabu kh\u00f4ng kh\u00ed nh\u1ecf g\u1ecdn v\u1edbi bu\u1ed3ng h\u00fat \u0111\u01a1n d\u00e0nh cho c\u00e1c \u0111\u0129a Petri ho\u1eb7c \u0111\u0129a Contact. Thi\u1ebft b\u1ecb n\u00e0y \u0111\u01b0\u1ee3c trang b\u1ecb Bluetooth v\u00e0 c\u00e1p s\u1ea1c. \u0110\u1eb7c \u0111i\u1ec3m T\u1ed1c \u0111\u1ed9 d\u00f2ng kh\u00ed: 100 ho\u1eb7c 200 l\/m D\u00f9ng cho \u0111\u0129a Petri ho\u1eb7c \u0111\u0129a Contact [&hellip;]<\/p>\n","protected":false},"featured_media":5871,"comment_status":"open","ping_status":"closed","template":"","meta":[],"pwb-brand":[646],"product_cat":[439,443,445],"product_tag":[727,725],"class_list":{"0":"post-5870","1":"product","2":"type-product","3":"status-publish","4":"has-post-thumbnail","6":"pwb-brand-trio-bas","7":"product_cat-thiet-bi-khoa-hoc","8":"product_cat-thiet-bi-chuyen-dung","9":"product_cat-lay-mau-vi-sinh-khong-khi","10":"product_tag-mini-family","11":"product_tag-portable-microbial-active-air-samplers","13":"first","14":"instock","15":"shipping-taxable","16":"purchasable","17":"product-type-simple"},"yoast_head":"<!-- This site is optimized with the Yoast SEO plugin v23.6 - https:\/\/yoast.com\/wordpress\/plugins\/seo\/ -->\n<title>Thi\u1ebft b\u1ecb l\u1ea5y m\u1eabu vi sinh kh\u00f4ng kh\u00ed TRIO.BAS\u2122 MINI (TRIO.BAS MINI) - Biosciences<\/title>\n<meta name=\"robots\" content=\"index, follow, max-snippet:-1, max-image-preview:large, max-video-preview:-1\" \/>\n<link rel=\"canonical\" href=\"https:\/\/biosciences.vn\/index.php\/product\/thiet-bi-lay-mau-khong-khi-trio-bas-mini\/\" \/>\n<meta property=\"og:locale\" content=\"en_US\" \/>\n<meta property=\"og:type\" content=\"article\" \/>\n<meta property=\"og:title\" content=\"Thi\u1ebft b\u1ecb l\u1ea5y m\u1eabu vi sinh kh\u00f4ng kh\u00ed TRIO.BAS\u2122 MINI (TRIO.BAS MINI) - Biosciences\" \/>\n<meta property=\"og:description\" content=\"TRIO.BAS\u2122 MINI M\u00f4 t\u1ea3 chung TRIO.BAS\u2122 MINI l\u00e0 thi\u1ebft b\u1ecb l\u1ea5y m\u1eabu kh\u00f4ng kh\u00ed nh\u1ecf g\u1ecdn v\u1edbi bu\u1ed3ng h\u00fat \u0111\u01a1n d\u00e0nh cho c\u00e1c \u0111\u0129a Petri ho\u1eb7c \u0111\u0129a Contact. Thi\u1ebft b\u1ecb n\u00e0y \u0111\u01b0\u1ee3c trang b\u1ecb Bluetooth v\u00e0 c\u00e1p s\u1ea1c. \u0110\u1eb7c \u0111i\u1ec3m T\u1ed1c \u0111\u1ed9 d\u00f2ng kh\u00ed: 100 ho\u1eb7c 200 l\/m D\u00f9ng cho \u0111\u0129a Petri ho\u1eb7c \u0111\u0129a Contact [&hellip;]\" \/>\n<meta property=\"og:url\" content=\"https:\/\/biosciences.vn\/index.php\/product\/thiet-bi-lay-mau-khong-khi-trio-bas-mini\/\" \/>\n<meta property=\"og:site_name\" content=\"Biosciences\" \/>\n<meta property=\"article:modified_time\" content=\"2025-08-28T07:55:09+00:00\" \/>\n<meta property=\"og:image\" content=\"https:\/\/biosciences.vn\/wp-content\/uploads\/2024\/07\/triobas-mini-1-20240123.jpg\" \/>\n\t<meta property=\"og:image:width\" content=\"900\" \/>\n\t<meta property=\"og:image:height\" content=\"900\" \/>\n\t<meta property=\"og:image:type\" content=\"image\/jpeg\" \/>\n<meta name=\"twitter:card\" content=\"summary_large_image\" \/>\n<meta name=\"twitter:label1\" content=\"Est. reading time\" \/>\n\t<meta name=\"twitter:data1\" content=\"2 minutes\" \/>\n<script type=\"application\/ld+json\" class=\"yoast-schema-graph\">{\"@context\":\"https:\/\/schema.org\",\"@graph\":[{\"@type\":\"WebPage\",\"@id\":\"https:\/\/biosciences.vn\/index.php\/product\/thiet-bi-lay-mau-khong-khi-trio-bas-mini\/\",\"url\":\"https:\/\/biosciences.vn\/index.php\/product\/thiet-bi-lay-mau-khong-khi-trio-bas-mini\/\",\"name\":\"Thi\u1ebft b\u1ecb l\u1ea5y m\u1eabu vi sinh kh\u00f4ng kh\u00ed TRIO.BAS\u2122 MINI (TRIO.BAS MINI) - Biosciences\",\"isPartOf\":{\"@id\":\"https:\/\/biosciences.vn\/#website\"},\"primaryImageOfPage\":{\"@id\":\"https:\/\/biosciences.vn\/index.php\/product\/thiet-bi-lay-mau-khong-khi-trio-bas-mini\/#primaryimage\"},\"image\":{\"@id\":\"https:\/\/biosciences.vn\/index.php\/product\/thiet-bi-lay-mau-khong-khi-trio-bas-mini\/#primaryimage\"},\"thumbnailUrl\":\"https:\/\/biosciences.vn\/wp-content\/uploads\/2024\/07\/triobas-mini-1-20240123.jpg\",\"datePublished\":\"2024-07-14T09:32:41+00:00\",\"dateModified\":\"2025-08-28T07:55:09+00:00\",\"breadcrumb\":{\"@id\":\"https:\/\/biosciences.vn\/index.php\/product\/thiet-bi-lay-mau-khong-khi-trio-bas-mini\/#breadcrumb\"},\"inLanguage\":\"en-US\",\"potentialAction\":[{\"@type\":\"ReadAction\",\"target\":[\"https:\/\/biosciences.vn\/index.php\/product\/thiet-bi-lay-mau-khong-khi-trio-bas-mini\/\"]}]},{\"@type\":\"ImageObject\",\"inLanguage\":\"en-US\",\"@id\":\"https:\/\/biosciences.vn\/index.php\/product\/thiet-bi-lay-mau-khong-khi-trio-bas-mini\/#primaryimage\",\"url\":\"https:\/\/biosciences.vn\/wp-content\/uploads\/2024\/07\/triobas-mini-1-20240123.jpg\",\"contentUrl\":\"https:\/\/biosciences.vn\/wp-content\/uploads\/2024\/07\/triobas-mini-1-20240123.jpg\",\"width\":900,\"height\":900},{\"@type\":\"BreadcrumbList\",\"@id\":\"https:\/\/biosciences.vn\/index.php\/product\/thiet-bi-lay-mau-khong-khi-trio-bas-mini\/#breadcrumb\",\"itemListElement\":[{\"@type\":\"ListItem\",\"position\":1,\"name\":\"Trang ch\u1ee7\",\"item\":\"https:\/\/biosciences.vn\/index.php\/en\/home\/\"},{\"@type\":\"ListItem\",\"position\":2,\"name\":\"Shop\",\"item\":\"https:\/\/biosciences.vn\/index.php\/shop\/\"},{\"@type\":\"ListItem\",\"position\":3,\"name\":\"Thi\u1ebft b\u1ecb l\u1ea5y m\u1eabu vi sinh kh\u00f4ng kh\u00ed TRIO.BAS\u2122 MINI (TRIO.BAS MINI)\"}]},{\"@type\":\"WebSite\",\"@id\":\"https:\/\/biosciences.vn\/#website\",\"url\":\"https:\/\/biosciences.vn\/\",\"name\":\"Biosciences\",\"description\":\"\",\"publisher\":{\"@id\":\"https:\/\/biosciences.vn\/#organization\"},\"potentialAction\":[{\"@type\":\"SearchAction\",\"target\":{\"@type\":\"EntryPoint\",\"urlTemplate\":\"https:\/\/biosciences.vn\/?s={search_term_string}\"},\"query-input\":{\"@type\":\"PropertyValueSpecification\",\"valueRequired\":true,\"valueName\":\"search_term_string\"}}],\"inLanguage\":\"en-US\"},{\"@type\":\"Organization\",\"@id\":\"https:\/\/biosciences.vn\/#organization\",\"name\":\"Biosciences\",\"url\":\"https:\/\/biosciences.vn\/\",\"logo\":{\"@type\":\"ImageObject\",\"inLanguage\":\"en-US\",\"@id\":\"https:\/\/biosciences.vn\/#\/schema\/logo\/image\/\",\"url\":\"https:\/\/biosciences.vn\/wp-content\/uploads\/2024\/04\/LOGO-BIOSCIENCES-PNG.png\",\"contentUrl\":\"https:\/\/biosciences.vn\/wp-content\/uploads\/2024\/04\/LOGO-BIOSCIENCES-PNG.png\",\"width\":2536,\"height\":638,\"caption\":\"Biosciences\"},\"image\":{\"@id\":\"https:\/\/biosciences.vn\/#\/schema\/logo\/image\/\"}}]}<\/script>\n<!-- \/ Yoast SEO plugin. -->","yoast_head_json":{"title":"Thi\u1ebft b\u1ecb l\u1ea5y m\u1eabu vi sinh kh\u00f4ng kh\u00ed TRIO.BAS\u2122 MINI (TRIO.BAS MINI) - Biosciences","robots":{"index":"index","follow":"follow","max-snippet":"max-snippet:-1","max-image-preview":"max-image-preview:large","max-video-preview":"max-video-preview:-1"},"canonical":"https:\/\/biosciences.vn\/index.php\/product\/thiet-bi-lay-mau-khong-khi-trio-bas-mini\/","og_locale":"en_US","og_type":"article","og_title":"Thi\u1ebft b\u1ecb l\u1ea5y m\u1eabu vi sinh kh\u00f4ng kh\u00ed TRIO.BAS\u2122 MINI (TRIO.BAS MINI) - Biosciences","og_description":"TRIO.BAS\u2122 MINI M\u00f4 t\u1ea3 chung TRIO.BAS\u2122 MINI l\u00e0 thi\u1ebft b\u1ecb l\u1ea5y m\u1eabu kh\u00f4ng kh\u00ed nh\u1ecf g\u1ecdn v\u1edbi bu\u1ed3ng h\u00fat \u0111\u01a1n d\u00e0nh cho c\u00e1c \u0111\u0129a Petri ho\u1eb7c \u0111\u0129a Contact. Thi\u1ebft b\u1ecb n\u00e0y \u0111\u01b0\u1ee3c trang b\u1ecb Bluetooth v\u00e0 c\u00e1p s\u1ea1c. \u0110\u1eb7c \u0111i\u1ec3m T\u1ed1c \u0111\u1ed9 d\u00f2ng kh\u00ed: 100 ho\u1eb7c 200 l\/m D\u00f9ng cho \u0111\u0129a Petri ho\u1eb7c \u0111\u0129a Contact [&hellip;]","og_url":"https:\/\/biosciences.vn\/index.php\/product\/thiet-bi-lay-mau-khong-khi-trio-bas-mini\/","og_site_name":"Biosciences","article_modified_time":"2025-08-28T07:55:09+00:00","og_image":[{"width":900,"height":900,"url":"https:\/\/biosciences.vn\/wp-content\/uploads\/2024\/07\/triobas-mini-1-20240123.jpg","type":"image\/jpeg"}],"twitter_card":"summary_large_image","twitter_misc":{"Est. reading time":"2 minutes"},"schema":{"@context":"https:\/\/schema.org","@graph":[{"@type":"WebPage","@id":"https:\/\/biosciences.vn\/index.php\/product\/thiet-bi-lay-mau-khong-khi-trio-bas-mini\/","url":"https:\/\/biosciences.vn\/index.php\/product\/thiet-bi-lay-mau-khong-khi-trio-bas-mini\/","name":"Thi\u1ebft b\u1ecb l\u1ea5y m\u1eabu vi sinh kh\u00f4ng kh\u00ed TRIO.BAS\u2122 MINI (TRIO.BAS MINI) - Biosciences","isPartOf":{"@id":"https:\/\/biosciences.vn\/#website"},"primaryImageOfPage":{"@id":"https:\/\/biosciences.vn\/index.php\/product\/thiet-bi-lay-mau-khong-khi-trio-bas-mini\/#primaryimage"},"image":{"@id":"https:\/\/biosciences.vn\/index.php\/product\/thiet-bi-lay-mau-khong-khi-trio-bas-mini\/#primaryimage"},"thumbnailUrl":"https:\/\/biosciences.vn\/wp-content\/uploads\/2024\/07\/triobas-mini-1-20240123.jpg","datePublished":"2024-07-14T09:32:41+00:00","dateModified":"2025-08-28T07:55:09+00:00","breadcrumb":{"@id":"https:\/\/biosciences.vn\/index.php\/product\/thiet-bi-lay-mau-khong-khi-trio-bas-mini\/#breadcrumb"},"inLanguage":"en-US","potentialAction":[{"@type":"ReadAction","target":["https:\/\/biosciences.vn\/index.php\/product\/thiet-bi-lay-mau-khong-khi-trio-bas-mini\/"]}]},{"@type":"ImageObject","inLanguage":"en-US","@id":"https:\/\/biosciences.vn\/index.php\/product\/thiet-bi-lay-mau-khong-khi-trio-bas-mini\/#primaryimage","url":"https:\/\/biosciences.vn\/wp-content\/uploads\/2024\/07\/triobas-mini-1-20240123.jpg","contentUrl":"https:\/\/biosciences.vn\/wp-content\/uploads\/2024\/07\/triobas-mini-1-20240123.jpg","width":900,"height":900},{"@type":"BreadcrumbList","@id":"https:\/\/biosciences.vn\/index.php\/product\/thiet-bi-lay-mau-khong-khi-trio-bas-mini\/#breadcrumb","itemListElement":[{"@type":"ListItem","position":1,"name":"Trang ch\u1ee7","item":"https:\/\/biosciences.vn\/index.php\/en\/home\/"},{"@type":"ListItem","position":2,"name":"Shop","item":"https:\/\/biosciences.vn\/index.php\/shop\/"},{"@type":"ListItem","position":3,"name":"Thi\u1ebft b\u1ecb l\u1ea5y m\u1eabu vi sinh kh\u00f4ng kh\u00ed TRIO.BAS\u2122 MINI (TRIO.BAS MINI)"}]},{"@type":"WebSite","@id":"https:\/\/biosciences.vn\/#website","url":"https:\/\/biosciences.vn\/","name":"Biosciences","description":"","publisher":{"@id":"https:\/\/biosciences.vn\/#organization"},"potentialAction":[{"@type":"SearchAction","target":{"@type":"EntryPoint","urlTemplate":"https:\/\/biosciences.vn\/?s={search_term_string}"},"query-input":{"@type":"PropertyValueSpecification","valueRequired":true,"valueName":"search_term_string"}}],"inLanguage":"en-US"},{"@type":"Organization","@id":"https:\/\/biosciences.vn\/#organization","name":"Biosciences","url":"https:\/\/biosciences.vn\/","logo":{"@type":"ImageObject","inLanguage":"en-US","@id":"https:\/\/biosciences.vn\/#\/schema\/logo\/image\/","url":"https:\/\/biosciences.vn\/wp-content\/uploads\/2024\/04\/LOGO-BIOSCIENCES-PNG.png","contentUrl":"https:\/\/biosciences.vn\/wp-content\/uploads\/2024\/04\/LOGO-BIOSCIENCES-PNG.png","width":2536,"height":638,"caption":"Biosciences"},"image":{"@id":"https:\/\/biosciences.vn\/#\/schema\/logo\/image\/"}}]}},"brands":[{"id":646,"name":"TRIO.BAS\u2122","slug":"trio-bas"}],"_links":{"self":[{"href":"https:\/\/biosciences.vn\/index.php\/wp-json\/wp\/v2\/product\/5870"}],"collection":[{"href":"https:\/\/biosciences.vn\/index.php\/wp-json\/wp\/v2\/product"}],"about":[{"href":"https:\/\/biosciences.vn\/index.php\/wp-json\/wp\/v2\/types\/product"}],"replies":[{"embeddable":true,"href":"https:\/\/biosciences.vn\/index.php\/wp-json\/wp\/v2\/comments?post=5870"}],"wp:featuredmedia":[{"embeddable":true,"href":"https:\/\/biosciences.vn\/index.php\/wp-json\/wp\/v2\/media\/5871"}],"wp:attachment":[{"href":"https:\/\/biosciences.vn\/index.php\/wp-json\/wp\/v2\/media?parent=5870"}],"wp:term":[{"taxonomy":"pwb-brand","embeddable":true,"href":"https:\/\/biosciences.vn\/index.php\/wp-json\/wp\/v2\/pwb-brand?post=5870"},{"taxonomy":"product_cat","embeddable":true,"href":"https:\/\/biosciences.vn\/index.php\/wp-json\/wp\/v2\/product_cat?post=5870"},{"taxonomy":"product_tag","embeddable":true,"href":"https:\/\/biosciences.vn\/index.php\/wp-json\/wp\/v2\/product_tag?post=5870"}],"curies":[{"name":"wp","href":"https:\/\/api.w.org\/{rel}","templated":true}]}}