{"id":5891,"date":"2024-07-14T16:59:32","date_gmt":"2024-07-14T09:59:32","guid":{"rendered":"https:\/\/biosciences.vn\/?post_type=product&#038;p=5891"},"modified":"2025-08-28T14:55:09","modified_gmt":"2025-08-28T07:55:09","slug":"thiet-bi-lay-mau-vi-sinh-khong-khi-trio-bas-mono-induction","status":"publish","type":"product","link":"https:\/\/biosciences.vn\/index.php\/product\/thiet-bi-lay-mau-vi-sinh-khong-khi-trio-bas-mono-induction\/","title":{"rendered":"Thi\u1ebft b\u1ecb l\u1ea5y m\u1eabu vi sinh kh\u00f4ng kh\u00ed TRIO.BAS\u2122 MONO INDUCTION (MONO INDUCTION)"},"content":{"rendered":"<p><strong>TRIO.BAS\u2122 MONO INDUCTION<\/strong><\/p>\n<p><strong>M\u00f4 t\u1ea3 chung<\/strong><\/p>\n<p>TRIO.BAS\u2122 MONO INDUCTION l\u00e0 thi\u1ebft b\u1ecb l\u1ea5y m\u1eabu kh\u00f4ng kh\u00ed vi sinh v\u1edbi bu\u1ed3ng h\u00fat \u0111\u01a1n d\u00e0nh cho c\u00e1c \u0111\u0129a Petri ho\u1eb7c \u0111\u0129a Contact. Thi\u1ebft b\u1ecb n\u00e0y \u0111\u01b0\u1ee3c trang b\u1ecb Bluetooth v\u00e0 s\u1ea1c c\u1ea3m \u1ee9ng qua \u0111\u1ebf s\u1ea1c, kh\u00f4ng c\u1ea7n k\u1ebft n\u1ed1i c\u00e1p gi\u1eefa m\u00e1y l\u1ea5y m\u1eabu kh\u00f4ng kh\u00ed v\u00e0 b\u1ed9 s\u1ea1c.<\/p>\n<p><strong>\u1ee8ng d\u1ee5ng<\/strong><\/p>\n<p>TRIO.BAS\u2122 MONO INDUCTION ph\u00f9 h\u1ee3p cho c\u00e1c ng\u00e0nh c\u00f4ng nghi\u1ec7p d\u01b0\u1ee3c ph\u1ea9m, ph\u00f2ng s\u1ea1ch, c\u00f4ng ngh\u1ec7 sinh h\u1ecdc, y t\u1ebf, ph\u00f2ng kh\u00e1m IVF, ph\u00f2ng m\u1ed5, d\u01b0\u1ee3c ph\u1ea9m b\u1ec7nh vi\u1ec7n, ng\u00e2n h\u00e0ng m\u00e1u, ph\u00f2ng th\u00ed nghi\u1ec7m vi sinh, gi\u00e1m s\u00e1t t\u00f2a nh\u00e0 HVAC, ph\u00f2ng th\u00ed nghi\u1ec7m m\u00f4i tr\u01b0\u1eddng, gi\u00e1m s\u00e1t m\u00f4i tr\u01b0\u1eddng ch\u0103m s\u00f3c s\u1ee9c kh\u1ecfe v\u00e0 c\u00e1c c\u01a1 quan y t\u1ebf.<\/p>\n<p><strong>Ph\u1ea7n m\u1ec1m<\/strong><\/p>\n<p>Bluetooth ho\u1eb7c c\u00e1p \u0111\u1ec3 truy\u1ec1n d\u1eef li\u1ec7u t\u1eeb m\u00e1y l\u1ea5y m\u1eabu kh\u00f4ng kh\u00ed t\u1edbi smartphone ho\u1eb7c m\u00e1y t\u00ednh b\u1ea3ng (phi\u00ean b\u1ea3n Android), sau \u0111\u00f3 t\u1edbi PC ho\u1eb7c laptop. D\u1eef li\u1ec7u c\u0169ng c\u00f3 th\u1ec3 \u0111\u01b0\u1ee3c truy\u1ec1n qua c\u00e1p, h\u1eefu \u00edch cho c\u00e1c c\u00f4ng ty kh\u00f4ng cho ph\u00e9p truy\u1ec1n d\u1eef li\u1ec7u kh\u00f4ng d\u00e2y do ch\u00ednh s\u00e1ch n\u1ed9i b\u1ed9.<\/p>\n<p><strong>Ki\u1ec3m tra t\u1ed1c \u0111\u1ed9 d\u00f2ng kh\u00ed<\/strong><\/p>\n<p><a href=\"https:\/\/www.triobas.com\/products\/air-flow-rate-check\" rel=\"noreferrer\">Nh\u1ea5p v\u00e0o \u0111\u00e2y<\/a> \u0111\u1ec3 t\u00ecm hi\u1ec3u c\u00e1ch ki\u1ec3m tra \u0111\u1ed9 ch\u00ednh x\u00e1c c\u1ee7a t\u1ed1c \u0111\u1ed9 d\u00f2ng kh\u00ed c\u1ee7a m\u00e1y l\u1ea5y m\u1eabu kh\u00f4ng kh\u00ed.<\/p>\n","protected":false},"excerpt":{"rendered":"<p>TRIO.BAS\u2122 MONO INDUCTION M\u00f4 t\u1ea3 chung TRIO.BAS\u2122 MONO INDUCTION l\u00e0 thi\u1ebft b\u1ecb l\u1ea5y m\u1eabu kh\u00f4ng kh\u00ed vi sinh v\u1edbi bu\u1ed3ng h\u00fat \u0111\u01a1n d\u00e0nh cho c\u00e1c \u0111\u0129a Petri ho\u1eb7c \u0111\u0129a Contact. Thi\u1ebft b\u1ecb n\u00e0y \u0111\u01b0\u1ee3c trang b\u1ecb Bluetooth v\u00e0 s\u1ea1c c\u1ea3m \u1ee9ng qua \u0111\u1ebf s\u1ea1c, kh\u00f4ng c\u1ea7n k\u1ebft n\u1ed1i c\u00e1p gi\u1eefa m\u00e1y l\u1ea5y m\u1eabu kh\u00f4ng kh\u00ed [&hellip;]<\/p>\n","protected":false},"featured_media":5894,"comment_status":"open","ping_status":"closed","template":"","meta":[],"pwb-brand":[646],"product_cat":[439,443,445],"product_tag":[729,725],"class_list":{"0":"post-5891","1":"product","2":"type-product","3":"status-publish","4":"has-post-thumbnail","6":"pwb-brand-trio-bas","7":"product_cat-thiet-bi-khoa-hoc","8":"product_cat-thiet-bi-chuyen-dung","9":"product_cat-lay-mau-vi-sinh-khong-khi","10":"product_tag-mono-family","11":"product_tag-portable-microbial-active-air-samplers","13":"first","14":"instock","15":"shipping-taxable","16":"purchasable","17":"product-type-simple"},"yoast_head":"<!-- This site is optimized with the Yoast SEO plugin v23.6 - https:\/\/yoast.com\/wordpress\/plugins\/seo\/ -->\n<title>Thi\u1ebft b\u1ecb l\u1ea5y m\u1eabu vi sinh kh\u00f4ng kh\u00ed TRIO.BAS\u2122 MONO INDUCTION (MONO INDUCTION) - Biosciences<\/title>\n<meta name=\"robots\" content=\"index, follow, max-snippet:-1, max-image-preview:large, max-video-preview:-1\" \/>\n<link rel=\"canonical\" href=\"https:\/\/biosciences.vn\/index.php\/product\/thiet-bi-lay-mau-vi-sinh-khong-khi-trio-bas-mono-induction\/\" \/>\n<meta property=\"og:locale\" content=\"en_US\" \/>\n<meta property=\"og:type\" content=\"article\" \/>\n<meta property=\"og:title\" content=\"Thi\u1ebft b\u1ecb l\u1ea5y m\u1eabu vi sinh kh\u00f4ng kh\u00ed TRIO.BAS\u2122 MONO INDUCTION (MONO INDUCTION) - Biosciences\" \/>\n<meta property=\"og:description\" content=\"TRIO.BAS\u2122 MONO INDUCTION M\u00f4 t\u1ea3 chung TRIO.BAS\u2122 MONO INDUCTION l\u00e0 thi\u1ebft b\u1ecb l\u1ea5y m\u1eabu kh\u00f4ng kh\u00ed vi sinh v\u1edbi bu\u1ed3ng h\u00fat \u0111\u01a1n d\u00e0nh cho c\u00e1c \u0111\u0129a Petri ho\u1eb7c \u0111\u0129a Contact. Thi\u1ebft b\u1ecb n\u00e0y \u0111\u01b0\u1ee3c trang b\u1ecb Bluetooth v\u00e0 s\u1ea1c c\u1ea3m \u1ee9ng qua \u0111\u1ebf s\u1ea1c, kh\u00f4ng c\u1ea7n k\u1ebft n\u1ed1i c\u00e1p gi\u1eefa m\u00e1y l\u1ea5y m\u1eabu kh\u00f4ng kh\u00ed [&hellip;]\" \/>\n<meta property=\"og:url\" content=\"https:\/\/biosciences.vn\/index.php\/product\/thiet-bi-lay-mau-vi-sinh-khong-khi-trio-bas-mono-induction\/\" \/>\n<meta property=\"og:site_name\" content=\"Biosciences\" \/>\n<meta property=\"article:modified_time\" content=\"2025-08-28T07:55:09+00:00\" \/>\n<meta property=\"og:image\" content=\"https:\/\/biosciences.vn\/wp-content\/uploads\/2024\/07\/mono-family-mono-induction-5.jpg\" \/>\n\t<meta property=\"og:image:width\" content=\"900\" \/>\n\t<meta property=\"og:image:height\" content=\"900\" \/>\n\t<meta property=\"og:image:type\" content=\"image\/jpeg\" \/>\n<meta name=\"twitter:card\" content=\"summary_large_image\" \/>\n<meta name=\"twitter:label1\" content=\"Est. reading time\" \/>\n\t<meta name=\"twitter:data1\" content=\"2 minutes\" \/>\n<script type=\"application\/ld+json\" class=\"yoast-schema-graph\">{\"@context\":\"https:\/\/schema.org\",\"@graph\":[{\"@type\":\"WebPage\",\"@id\":\"https:\/\/biosciences.vn\/index.php\/product\/thiet-bi-lay-mau-vi-sinh-khong-khi-trio-bas-mono-induction\/\",\"url\":\"https:\/\/biosciences.vn\/index.php\/product\/thiet-bi-lay-mau-vi-sinh-khong-khi-trio-bas-mono-induction\/\",\"name\":\"Thi\u1ebft b\u1ecb l\u1ea5y m\u1eabu vi sinh kh\u00f4ng kh\u00ed TRIO.BAS\u2122 MONO INDUCTION (MONO INDUCTION) - Biosciences\",\"isPartOf\":{\"@id\":\"https:\/\/biosciences.vn\/#website\"},\"primaryImageOfPage\":{\"@id\":\"https:\/\/biosciences.vn\/index.php\/product\/thiet-bi-lay-mau-vi-sinh-khong-khi-trio-bas-mono-induction\/#primaryimage\"},\"image\":{\"@id\":\"https:\/\/biosciences.vn\/index.php\/product\/thiet-bi-lay-mau-vi-sinh-khong-khi-trio-bas-mono-induction\/#primaryimage\"},\"thumbnailUrl\":\"https:\/\/biosciences.vn\/wp-content\/uploads\/2024\/07\/mono-family-mono-induction-5.jpg\",\"datePublished\":\"2024-07-14T09:59:32+00:00\",\"dateModified\":\"2025-08-28T07:55:09+00:00\",\"breadcrumb\":{\"@id\":\"https:\/\/biosciences.vn\/index.php\/product\/thiet-bi-lay-mau-vi-sinh-khong-khi-trio-bas-mono-induction\/#breadcrumb\"},\"inLanguage\":\"en-US\",\"potentialAction\":[{\"@type\":\"ReadAction\",\"target\":[\"https:\/\/biosciences.vn\/index.php\/product\/thiet-bi-lay-mau-vi-sinh-khong-khi-trio-bas-mono-induction\/\"]}]},{\"@type\":\"ImageObject\",\"inLanguage\":\"en-US\",\"@id\":\"https:\/\/biosciences.vn\/index.php\/product\/thiet-bi-lay-mau-vi-sinh-khong-khi-trio-bas-mono-induction\/#primaryimage\",\"url\":\"https:\/\/biosciences.vn\/wp-content\/uploads\/2024\/07\/mono-family-mono-induction-5.jpg\",\"contentUrl\":\"https:\/\/biosciences.vn\/wp-content\/uploads\/2024\/07\/mono-family-mono-induction-5.jpg\",\"width\":900,\"height\":900},{\"@type\":\"BreadcrumbList\",\"@id\":\"https:\/\/biosciences.vn\/index.php\/product\/thiet-bi-lay-mau-vi-sinh-khong-khi-trio-bas-mono-induction\/#breadcrumb\",\"itemListElement\":[{\"@type\":\"ListItem\",\"position\":1,\"name\":\"Trang ch\u1ee7\",\"item\":\"https:\/\/biosciences.vn\/index.php\/en\/home\/\"},{\"@type\":\"ListItem\",\"position\":2,\"name\":\"Shop\",\"item\":\"https:\/\/biosciences.vn\/index.php\/shop\/\"},{\"@type\":\"ListItem\",\"position\":3,\"name\":\"Thi\u1ebft b\u1ecb l\u1ea5y m\u1eabu vi sinh kh\u00f4ng kh\u00ed TRIO.BAS\u2122 MONO INDUCTION (MONO INDUCTION)\"}]},{\"@type\":\"WebSite\",\"@id\":\"https:\/\/biosciences.vn\/#website\",\"url\":\"https:\/\/biosciences.vn\/\",\"name\":\"Biosciences\",\"description\":\"\",\"publisher\":{\"@id\":\"https:\/\/biosciences.vn\/#organization\"},\"potentialAction\":[{\"@type\":\"SearchAction\",\"target\":{\"@type\":\"EntryPoint\",\"urlTemplate\":\"https:\/\/biosciences.vn\/?s={search_term_string}\"},\"query-input\":{\"@type\":\"PropertyValueSpecification\",\"valueRequired\":true,\"valueName\":\"search_term_string\"}}],\"inLanguage\":\"en-US\"},{\"@type\":\"Organization\",\"@id\":\"https:\/\/biosciences.vn\/#organization\",\"name\":\"Biosciences\",\"url\":\"https:\/\/biosciences.vn\/\",\"logo\":{\"@type\":\"ImageObject\",\"inLanguage\":\"en-US\",\"@id\":\"https:\/\/biosciences.vn\/#\/schema\/logo\/image\/\",\"url\":\"https:\/\/biosciences.vn\/wp-content\/uploads\/2024\/04\/LOGO-BIOSCIENCES-PNG.png\",\"contentUrl\":\"https:\/\/biosciences.vn\/wp-content\/uploads\/2024\/04\/LOGO-BIOSCIENCES-PNG.png\",\"width\":2536,\"height\":638,\"caption\":\"Biosciences\"},\"image\":{\"@id\":\"https:\/\/biosciences.vn\/#\/schema\/logo\/image\/\"}}]}<\/script>\n<!-- \/ Yoast SEO plugin. -->","yoast_head_json":{"title":"Thi\u1ebft b\u1ecb l\u1ea5y m\u1eabu vi sinh kh\u00f4ng kh\u00ed TRIO.BAS\u2122 MONO INDUCTION (MONO INDUCTION) - Biosciences","robots":{"index":"index","follow":"follow","max-snippet":"max-snippet:-1","max-image-preview":"max-image-preview:large","max-video-preview":"max-video-preview:-1"},"canonical":"https:\/\/biosciences.vn\/index.php\/product\/thiet-bi-lay-mau-vi-sinh-khong-khi-trio-bas-mono-induction\/","og_locale":"en_US","og_type":"article","og_title":"Thi\u1ebft b\u1ecb l\u1ea5y m\u1eabu vi sinh kh\u00f4ng kh\u00ed TRIO.BAS\u2122 MONO INDUCTION (MONO INDUCTION) - Biosciences","og_description":"TRIO.BAS\u2122 MONO INDUCTION M\u00f4 t\u1ea3 chung TRIO.BAS\u2122 MONO INDUCTION l\u00e0 thi\u1ebft b\u1ecb l\u1ea5y m\u1eabu kh\u00f4ng kh\u00ed vi sinh v\u1edbi bu\u1ed3ng h\u00fat \u0111\u01a1n d\u00e0nh cho c\u00e1c \u0111\u0129a Petri ho\u1eb7c \u0111\u0129a Contact. Thi\u1ebft b\u1ecb n\u00e0y \u0111\u01b0\u1ee3c trang b\u1ecb Bluetooth v\u00e0 s\u1ea1c c\u1ea3m \u1ee9ng qua \u0111\u1ebf s\u1ea1c, kh\u00f4ng c\u1ea7n k\u1ebft n\u1ed1i c\u00e1p gi\u1eefa m\u00e1y l\u1ea5y m\u1eabu kh\u00f4ng kh\u00ed [&hellip;]","og_url":"https:\/\/biosciences.vn\/index.php\/product\/thiet-bi-lay-mau-vi-sinh-khong-khi-trio-bas-mono-induction\/","og_site_name":"Biosciences","article_modified_time":"2025-08-28T07:55:09+00:00","og_image":[{"width":900,"height":900,"url":"https:\/\/biosciences.vn\/wp-content\/uploads\/2024\/07\/mono-family-mono-induction-5.jpg","type":"image\/jpeg"}],"twitter_card":"summary_large_image","twitter_misc":{"Est. reading time":"2 minutes"},"schema":{"@context":"https:\/\/schema.org","@graph":[{"@type":"WebPage","@id":"https:\/\/biosciences.vn\/index.php\/product\/thiet-bi-lay-mau-vi-sinh-khong-khi-trio-bas-mono-induction\/","url":"https:\/\/biosciences.vn\/index.php\/product\/thiet-bi-lay-mau-vi-sinh-khong-khi-trio-bas-mono-induction\/","name":"Thi\u1ebft b\u1ecb l\u1ea5y m\u1eabu vi sinh kh\u00f4ng kh\u00ed TRIO.BAS\u2122 MONO INDUCTION (MONO INDUCTION) - Biosciences","isPartOf":{"@id":"https:\/\/biosciences.vn\/#website"},"primaryImageOfPage":{"@id":"https:\/\/biosciences.vn\/index.php\/product\/thiet-bi-lay-mau-vi-sinh-khong-khi-trio-bas-mono-induction\/#primaryimage"},"image":{"@id":"https:\/\/biosciences.vn\/index.php\/product\/thiet-bi-lay-mau-vi-sinh-khong-khi-trio-bas-mono-induction\/#primaryimage"},"thumbnailUrl":"https:\/\/biosciences.vn\/wp-content\/uploads\/2024\/07\/mono-family-mono-induction-5.jpg","datePublished":"2024-07-14T09:59:32+00:00","dateModified":"2025-08-28T07:55:09+00:00","breadcrumb":{"@id":"https:\/\/biosciences.vn\/index.php\/product\/thiet-bi-lay-mau-vi-sinh-khong-khi-trio-bas-mono-induction\/#breadcrumb"},"inLanguage":"en-US","potentialAction":[{"@type":"ReadAction","target":["https:\/\/biosciences.vn\/index.php\/product\/thiet-bi-lay-mau-vi-sinh-khong-khi-trio-bas-mono-induction\/"]}]},{"@type":"ImageObject","inLanguage":"en-US","@id":"https:\/\/biosciences.vn\/index.php\/product\/thiet-bi-lay-mau-vi-sinh-khong-khi-trio-bas-mono-induction\/#primaryimage","url":"https:\/\/biosciences.vn\/wp-content\/uploads\/2024\/07\/mono-family-mono-induction-5.jpg","contentUrl":"https:\/\/biosciences.vn\/wp-content\/uploads\/2024\/07\/mono-family-mono-induction-5.jpg","width":900,"height":900},{"@type":"BreadcrumbList","@id":"https:\/\/biosciences.vn\/index.php\/product\/thiet-bi-lay-mau-vi-sinh-khong-khi-trio-bas-mono-induction\/#breadcrumb","itemListElement":[{"@type":"ListItem","position":1,"name":"Trang ch\u1ee7","item":"https:\/\/biosciences.vn\/index.php\/en\/home\/"},{"@type":"ListItem","position":2,"name":"Shop","item":"https:\/\/biosciences.vn\/index.php\/shop\/"},{"@type":"ListItem","position":3,"name":"Thi\u1ebft b\u1ecb l\u1ea5y m\u1eabu vi sinh kh\u00f4ng kh\u00ed TRIO.BAS\u2122 MONO INDUCTION (MONO INDUCTION)"}]},{"@type":"WebSite","@id":"https:\/\/biosciences.vn\/#website","url":"https:\/\/biosciences.vn\/","name":"Biosciences","description":"","publisher":{"@id":"https:\/\/biosciences.vn\/#organization"},"potentialAction":[{"@type":"SearchAction","target":{"@type":"EntryPoint","urlTemplate":"https:\/\/biosciences.vn\/?s={search_term_string}"},"query-input":{"@type":"PropertyValueSpecification","valueRequired":true,"valueName":"search_term_string"}}],"inLanguage":"en-US"},{"@type":"Organization","@id":"https:\/\/biosciences.vn\/#organization","name":"Biosciences","url":"https:\/\/biosciences.vn\/","logo":{"@type":"ImageObject","inLanguage":"en-US","@id":"https:\/\/biosciences.vn\/#\/schema\/logo\/image\/","url":"https:\/\/biosciences.vn\/wp-content\/uploads\/2024\/04\/LOGO-BIOSCIENCES-PNG.png","contentUrl":"https:\/\/biosciences.vn\/wp-content\/uploads\/2024\/04\/LOGO-BIOSCIENCES-PNG.png","width":2536,"height":638,"caption":"Biosciences"},"image":{"@id":"https:\/\/biosciences.vn\/#\/schema\/logo\/image\/"}}]}},"brands":[{"id":646,"name":"TRIO.BAS\u2122","slug":"trio-bas"}],"_links":{"self":[{"href":"https:\/\/biosciences.vn\/index.php\/wp-json\/wp\/v2\/product\/5891"}],"collection":[{"href":"https:\/\/biosciences.vn\/index.php\/wp-json\/wp\/v2\/product"}],"about":[{"href":"https:\/\/biosciences.vn\/index.php\/wp-json\/wp\/v2\/types\/product"}],"replies":[{"embeddable":true,"href":"https:\/\/biosciences.vn\/index.php\/wp-json\/wp\/v2\/comments?post=5891"}],"wp:featuredmedia":[{"embeddable":true,"href":"https:\/\/biosciences.vn\/index.php\/wp-json\/wp\/v2\/media\/5894"}],"wp:attachment":[{"href":"https:\/\/biosciences.vn\/index.php\/wp-json\/wp\/v2\/media?parent=5891"}],"wp:term":[{"taxonomy":"pwb-brand","embeddable":true,"href":"https:\/\/biosciences.vn\/index.php\/wp-json\/wp\/v2\/pwb-brand?post=5891"},{"taxonomy":"product_cat","embeddable":true,"href":"https:\/\/biosciences.vn\/index.php\/wp-json\/wp\/v2\/product_cat?post=5891"},{"taxonomy":"product_tag","embeddable":true,"href":"https:\/\/biosciences.vn\/index.php\/wp-json\/wp\/v2\/product_tag?post=5891"}],"curies":[{"name":"wp","href":"https:\/\/api.w.org\/{rel}","templated":true}]}}