{"id":5897,"date":"2024-07-15T11:18:37","date_gmt":"2024-07-15T04:18:37","guid":{"rendered":"https:\/\/biosciences.vn\/?post_type=product&#038;p=5897"},"modified":"2025-08-28T14:55:09","modified_gmt":"2025-08-28T07:55:09","slug":"may-tach-chiet-axit-nucleic-tu-dong-m96-96-mau","status":"publish","type":"product","link":"https:\/\/biosciences.vn\/index.php\/product\/may-tach-chiet-axit-nucleic-tu-dong-m96-96-mau\/","title":{"rendered":"M\u00e1y t\u00e1ch chi\u1ebft axit nucleic t\u1ef1 \u0111\u1ed9ng M96 (96 m\u1eabu) (NAES-96)"},"content":{"rendered":"<p><strong>M96 Nucleic Acid Extraction System<\/strong><\/p>\n<p><strong>M\u00f4 t\u1ea3 chung<\/strong><\/p>\n<p>H\u1ec7 th\u1ed1ng t\u00e1ch chi\u1ebft axit nucleic t\u1ef1 \u0111\u1ed9ng M96 d\u1ef1a tr\u00ean ph\u01b0\u01a1ng ph\u00e1p h\u1ea5p ph\u1ee5 v\u00e0 t\u00e1ch b\u1eb1ng h\u1ea1t t\u1eeb t\u00ednh, cho ph\u00e9p t\u00e1ch nhanh ch\u00f3ng 96 m\u1eabu c\u00f9ng m\u1ed9t l\u00fac. Thi\u1ebft b\u1ecb n\u00e0y \u0111\u01b0\u1ee3c \u1ee9ng d\u1ee5ng r\u1ed9ng r\u00e3i trong ph\u00f2ng ch\u1ed1ng v\u00e0 ki\u1ec3m so\u00e1t d\u1ecbch b\u1ec7nh, ki\u1ec3m d\u1ecbch \u0111\u1ed9ng v\u1eadt, ch\u1ea9n \u0111o\u00e1n l\u00e2m s\u00e0ng, ki\u1ec3m d\u1ecbch xu\u1ea5t nh\u1eadp c\u1ea3nh, qu\u1ea3n l\u00fd th\u1ef1c ph\u1ea9m v\u00e0 d\u01b0\u1ee3c ph\u1ea9m, gi\u00e1m \u0111\u1ecbnh ph\u00e1p y, gi\u1ea3ng d\u1ea1y v\u00e0 nghi\u00ean c\u1ee9u khoa h\u1ecdc.<\/p>\n<p><strong>\u0110\u1eb7c \u0111i\u1ec3m<\/strong><\/p>\n<ul>\n<li><strong>\u0110\u1ed9 ch\u00ednh x\u00e1c<\/strong>: Ki\u1ec3m so\u00e1t nhi\u1ec7t \u0111\u1ed9 xu\u1ea5t s\u1eafc gi\u1eef nhi\u1ec7t \u0111\u1ed9 \u1edf m\u1ee9c RT \u0111\u1ebfn 125 \u2103. \u0110\u1ea1t \u0111\u01b0\u1ee3c nhi\u1ec7t \u0111\u1ed9 c\u00e0i \u0111\u1eb7t nhanh ch\u00f3ng th\u00f4ng qua c\u00f4ng ngh\u1ec7 l\u00e0m l\u1ea1nh b\u00e1n d\u1eabn.<\/li>\n<li><strong>Hi\u1ec7u su\u1ea5t cao<\/strong>: Ch\u1ee9c n\u0103ng t\u1ef1 ki\u1ec3m tra, b\u1ea3o v\u1ec7 khi m\u1ea5t \u0111i\u1ec7n, c\u1ea3nh b\u00e1o nhi\u1ec7t \u0111\u1ed9 cao, b\u1ea3o v\u1ec7 qu\u00e1 nhi\u1ec7t, gi\u1ea3m thi\u1ec3u t\u1ed5n th\u1ea5t m\u1eabu.<\/li>\n<li><strong>B\u1ea3o v\u1ec7<\/strong>: \u0110\u1ed9ng c\u01a1 nam ch\u00e2m kh\u00f4ng ho\u1ea1t \u0111\u1ed9ng trong su\u1ed1t qu\u00e1 tr\u00ecnh th\u00ed nghi\u1ec7m, k\u00e9o d\u00e0i tu\u1ed5i th\u1ecd c\u1ee7a \u0111\u1ed9ng c\u01a1 nam ch\u00e2m v\u00e0 \u0111\u01b0\u1eddng tr\u01b0\u1ee3t.<\/li>\n<li><strong>Y\u00ean t\u0129nh<\/strong>: Thi\u1ebft k\u1ebf c\u1ea5u tr\u00fac \u0111\u1ed9c \u0111\u00e1o gi\u1ea3m thi\u1ec3u ti\u1ebfng \u1ed3n v\u00e0 s\u1ef1 can thi\u1ec7p trong ph\u00f2ng th\u00ed nghi\u1ec7m trong qu\u00e1 tr\u00ecnh v\u1eadn h\u00e0nh.<\/li>\n<li><strong>L\u1eadp tr\u00ecnh<\/strong>: Ho\u1ea1t \u0111\u1ed9ng c\u1ea3m \u1ee9ng tr\u1ef1c quan, ch\u1ec9nh s\u1eeda ch\u01b0\u01a1ng tr\u00ecnh t\u1ef1 do, l\u01b0u tr\u1eef h\u01a1n 100 ch\u01b0\u01a1ng tr\u00ecnh.<\/li>\n<li><strong>H\u1ec7 th\u1ed1ng m\u1edf<\/strong>: T\u01b0\u01a1ng th\u00edch v\u1edbi c\u00e1c b\u1ed9 d\u1ee5ng c\u1ee5 tinh ch\u1ebf axit nucleic d\u1ef1a tr\u00ean h\u1ea1t nano t\u1eeb t\u00ednh.<\/li>\n<\/ul>\n<p><strong>\u1ee8ng d\u1ee5ng<\/strong><\/p>\n<p>Thi\u1ebft b\u1ecb \u0111\u01b0\u1ee3c s\u1eed d\u1ee5ng r\u1ed9ng r\u00e3i trong ph\u00f2ng ch\u1ed1ng v\u00e0 ki\u1ec3m so\u00e1t d\u1ecbch b\u1ec7nh, ki\u1ec3m d\u1ecbch \u0111\u1ed9ng v\u1eadt, ch\u1ea9n \u0111o\u00e1n l\u00e2m s\u00e0ng, ki\u1ec3m d\u1ecbch xu\u1ea5t nh\u1eadp c\u1ea3nh, qu\u1ea3n l\u00fd th\u1ef1c ph\u1ea9m v\u00e0 d\u01b0\u1ee3c ph\u1ea9m, gi\u00e1m \u0111\u1ecbnh ph\u00e1p y, gi\u1ea3ng d\u1ea1y v\u00e0 nghi\u00ean c\u1ee9u khoa h\u1ecdc.<\/p>\n<p>N\u1ebfu b\u1ea1n c\u1ea7n th\u00eam th\u00f4ng tin ho\u1eb7c c\u00f3 b\u1ea5t k\u1ef3 c\u00e2u h\u1ecfi n\u00e0o, xin vui l\u00f2ng li\u00ean h\u1ec7 v\u1edbi ch\u00fang t\u00f4i.<\/p>\n","protected":false},"excerpt":{"rendered":"<p>M96 Nucleic Acid Extraction System M\u00f4 t\u1ea3 chung H\u1ec7 th\u1ed1ng t\u00e1ch chi\u1ebft axit nucleic t\u1ef1 \u0111\u1ed9ng M96 d\u1ef1a tr\u00ean ph\u01b0\u01a1ng ph\u00e1p h\u1ea5p ph\u1ee5 v\u00e0 t\u00e1ch b\u1eb1ng h\u1ea1t t\u1eeb t\u00ednh, cho ph\u00e9p t\u00e1ch nhanh ch\u00f3ng 96 m\u1eabu c\u00f9ng m\u1ed9t l\u00fac. Thi\u1ebft b\u1ecb n\u00e0y \u0111\u01b0\u1ee3c \u1ee9ng d\u1ee5ng r\u1ed9ng r\u00e3i trong ph\u00f2ng ch\u1ed1ng v\u00e0 ki\u1ec3m so\u00e1t d\u1ecbch b\u1ec7nh, [&hellip;]<\/p>\n","protected":false},"featured_media":5898,"comment_status":"open","ping_status":"closed","template":"","meta":[],"pwb-brand":[608],"product_cat":[437,511,509,461,463,465,434,731,439,735,467,469,471],"product_tag":[],"class_list":{"0":"post-5897","1":"product","2":"type-product","3":"status-publish","4":"has-post-thumbnail","6":"pwb-brand-biocomma-vi","7":"product_cat-chan-doan-lam-sang","8":"product_cat-phat-trien-xet-nghiem-vi","9":"product_cat-xet-nghiem-lam-sang","10":"product_cat-di-truyen-hoc","11":"product_cat-dinh-kieu-gen","12":"product_cat-giai-trinh-tu","13":"product_cat-khoa-hoc-su-song","14":"product_cat-sinh-hoc-phan-tu","15":"product_cat-thiet-bi-khoa-hoc","16":"product_cat-he-thong-tach-chiet-dna-rna-tu-dong-vi","17":"product_cat-nghien-cuu-protein","18":"product_cat-phan-tich-protein","19":"product_cat-tong-hop-protein","21":"first","22":"outofstock","23":"shipping-taxable","24":"purchasable","25":"product-type-simple"},"yoast_head":"<!-- This site is optimized with the Yoast SEO plugin v23.6 - https:\/\/yoast.com\/wordpress\/plugins\/seo\/ -->\n<title>M\u00e1y t\u00e1ch chi\u1ebft axit nucleic t\u1ef1 \u0111\u1ed9ng M96 (96 m\u1eabu) (NAES-96) - Biosciences<\/title>\n<meta name=\"robots\" content=\"index, follow, max-snippet:-1, max-image-preview:large, max-video-preview:-1\" \/>\n<link rel=\"canonical\" href=\"https:\/\/biosciences.vn\/index.php\/product\/may-tach-chiet-axit-nucleic-tu-dong-m96-96-mau\/\" \/>\n<meta property=\"og:locale\" content=\"en_US\" \/>\n<meta property=\"og:type\" content=\"article\" \/>\n<meta property=\"og:title\" content=\"M\u00e1y t\u00e1ch chi\u1ebft axit nucleic t\u1ef1 \u0111\u1ed9ng M96 (96 m\u1eabu) (NAES-96) - Biosciences\" \/>\n<meta property=\"og:description\" content=\"M96 Nucleic Acid Extraction System M\u00f4 t\u1ea3 chung H\u1ec7 th\u1ed1ng t\u00e1ch chi\u1ebft axit nucleic t\u1ef1 \u0111\u1ed9ng M96 d\u1ef1a tr\u00ean ph\u01b0\u01a1ng ph\u00e1p h\u1ea5p ph\u1ee5 v\u00e0 t\u00e1ch b\u1eb1ng h\u1ea1t t\u1eeb t\u00ednh, cho ph\u00e9p t\u00e1ch nhanh ch\u00f3ng 96 m\u1eabu c\u00f9ng m\u1ed9t l\u00fac. Thi\u1ebft b\u1ecb n\u00e0y \u0111\u01b0\u1ee3c \u1ee9ng d\u1ee5ng r\u1ed9ng r\u00e3i trong ph\u00f2ng ch\u1ed1ng v\u00e0 ki\u1ec3m so\u00e1t d\u1ecbch b\u1ec7nh, [&hellip;]\" \/>\n<meta property=\"og:url\" content=\"https:\/\/biosciences.vn\/index.php\/product\/may-tach-chiet-axit-nucleic-tu-dong-m96-96-mau\/\" \/>\n<meta property=\"og:site_name\" content=\"Biosciences\" \/>\n<meta property=\"article:modified_time\" content=\"2025-08-28T07:55:09+00:00\" \/>\n<meta property=\"og:image\" content=\"https:\/\/biosciences.vn\/wp-content\/uploads\/2024\/07\/M96.jpg\" \/>\n\t<meta property=\"og:image:width\" content=\"750\" \/>\n\t<meta property=\"og:image:height\" content=\"750\" \/>\n\t<meta property=\"og:image:type\" content=\"image\/jpeg\" \/>\n<meta name=\"twitter:card\" content=\"summary_large_image\" \/>\n<meta name=\"twitter:label1\" content=\"Est. reading time\" \/>\n\t<meta name=\"twitter:data1\" content=\"3 minutes\" \/>\n<script type=\"application\/ld+json\" class=\"yoast-schema-graph\">{\"@context\":\"https:\/\/schema.org\",\"@graph\":[{\"@type\":\"WebPage\",\"@id\":\"https:\/\/biosciences.vn\/index.php\/product\/may-tach-chiet-axit-nucleic-tu-dong-m96-96-mau\/\",\"url\":\"https:\/\/biosciences.vn\/index.php\/product\/may-tach-chiet-axit-nucleic-tu-dong-m96-96-mau\/\",\"name\":\"M\u00e1y t\u00e1ch chi\u1ebft axit nucleic t\u1ef1 \u0111\u1ed9ng M96 (96 m\u1eabu) (NAES-96) - Biosciences\",\"isPartOf\":{\"@id\":\"https:\/\/biosciences.vn\/#website\"},\"primaryImageOfPage\":{\"@id\":\"https:\/\/biosciences.vn\/index.php\/product\/may-tach-chiet-axit-nucleic-tu-dong-m96-96-mau\/#primaryimage\"},\"image\":{\"@id\":\"https:\/\/biosciences.vn\/index.php\/product\/may-tach-chiet-axit-nucleic-tu-dong-m96-96-mau\/#primaryimage\"},\"thumbnailUrl\":\"https:\/\/biosciences.vn\/wp-content\/uploads\/2024\/07\/M96.jpg\",\"datePublished\":\"2024-07-15T04:18:37+00:00\",\"dateModified\":\"2025-08-28T07:55:09+00:00\",\"breadcrumb\":{\"@id\":\"https:\/\/biosciences.vn\/index.php\/product\/may-tach-chiet-axit-nucleic-tu-dong-m96-96-mau\/#breadcrumb\"},\"inLanguage\":\"en-US\",\"potentialAction\":[{\"@type\":\"ReadAction\",\"target\":[\"https:\/\/biosciences.vn\/index.php\/product\/may-tach-chiet-axit-nucleic-tu-dong-m96-96-mau\/\"]}]},{\"@type\":\"ImageObject\",\"inLanguage\":\"en-US\",\"@id\":\"https:\/\/biosciences.vn\/index.php\/product\/may-tach-chiet-axit-nucleic-tu-dong-m96-96-mau\/#primaryimage\",\"url\":\"https:\/\/biosciences.vn\/wp-content\/uploads\/2024\/07\/M96.jpg\",\"contentUrl\":\"https:\/\/biosciences.vn\/wp-content\/uploads\/2024\/07\/M96.jpg\",\"width\":750,\"height\":750},{\"@type\":\"BreadcrumbList\",\"@id\":\"https:\/\/biosciences.vn\/index.php\/product\/may-tach-chiet-axit-nucleic-tu-dong-m96-96-mau\/#breadcrumb\",\"itemListElement\":[{\"@type\":\"ListItem\",\"position\":1,\"name\":\"Trang ch\u1ee7\",\"item\":\"https:\/\/biosciences.vn\/index.php\/en\/home\/\"},{\"@type\":\"ListItem\",\"position\":2,\"name\":\"Shop\",\"item\":\"https:\/\/biosciences.vn\/index.php\/shop\/\"},{\"@type\":\"ListItem\",\"position\":3,\"name\":\"M\u00e1y t\u00e1ch chi\u1ebft axit nucleic t\u1ef1 \u0111\u1ed9ng M96 (96 m\u1eabu) (NAES-96)\"}]},{\"@type\":\"WebSite\",\"@id\":\"https:\/\/biosciences.vn\/#website\",\"url\":\"https:\/\/biosciences.vn\/\",\"name\":\"Biosciences\",\"description\":\"\",\"publisher\":{\"@id\":\"https:\/\/biosciences.vn\/#organization\"},\"potentialAction\":[{\"@type\":\"SearchAction\",\"target\":{\"@type\":\"EntryPoint\",\"urlTemplate\":\"https:\/\/biosciences.vn\/?s={search_term_string}\"},\"query-input\":{\"@type\":\"PropertyValueSpecification\",\"valueRequired\":true,\"valueName\":\"search_term_string\"}}],\"inLanguage\":\"en-US\"},{\"@type\":\"Organization\",\"@id\":\"https:\/\/biosciences.vn\/#organization\",\"name\":\"Biosciences\",\"url\":\"https:\/\/biosciences.vn\/\",\"logo\":{\"@type\":\"ImageObject\",\"inLanguage\":\"en-US\",\"@id\":\"https:\/\/biosciences.vn\/#\/schema\/logo\/image\/\",\"url\":\"https:\/\/biosciences.vn\/wp-content\/uploads\/2024\/04\/LOGO-BIOSCIENCES-PNG.png\",\"contentUrl\":\"https:\/\/biosciences.vn\/wp-content\/uploads\/2024\/04\/LOGO-BIOSCIENCES-PNG.png\",\"width\":2536,\"height\":638,\"caption\":\"Biosciences\"},\"image\":{\"@id\":\"https:\/\/biosciences.vn\/#\/schema\/logo\/image\/\"}}]}<\/script>\n<!-- \/ Yoast SEO plugin. -->","yoast_head_json":{"title":"M\u00e1y t\u00e1ch chi\u1ebft axit nucleic t\u1ef1 \u0111\u1ed9ng M96 (96 m\u1eabu) (NAES-96) - Biosciences","robots":{"index":"index","follow":"follow","max-snippet":"max-snippet:-1","max-image-preview":"max-image-preview:large","max-video-preview":"max-video-preview:-1"},"canonical":"https:\/\/biosciences.vn\/index.php\/product\/may-tach-chiet-axit-nucleic-tu-dong-m96-96-mau\/","og_locale":"en_US","og_type":"article","og_title":"M\u00e1y t\u00e1ch chi\u1ebft axit nucleic t\u1ef1 \u0111\u1ed9ng M96 (96 m\u1eabu) (NAES-96) - Biosciences","og_description":"M96 Nucleic Acid Extraction System M\u00f4 t\u1ea3 chung H\u1ec7 th\u1ed1ng t\u00e1ch chi\u1ebft axit nucleic t\u1ef1 \u0111\u1ed9ng M96 d\u1ef1a tr\u00ean ph\u01b0\u01a1ng ph\u00e1p h\u1ea5p ph\u1ee5 v\u00e0 t\u00e1ch b\u1eb1ng h\u1ea1t t\u1eeb t\u00ednh, cho ph\u00e9p t\u00e1ch nhanh ch\u00f3ng 96 m\u1eabu c\u00f9ng m\u1ed9t l\u00fac. Thi\u1ebft b\u1ecb n\u00e0y \u0111\u01b0\u1ee3c \u1ee9ng d\u1ee5ng r\u1ed9ng r\u00e3i trong ph\u00f2ng ch\u1ed1ng v\u00e0 ki\u1ec3m so\u00e1t d\u1ecbch b\u1ec7nh, [&hellip;]","og_url":"https:\/\/biosciences.vn\/index.php\/product\/may-tach-chiet-axit-nucleic-tu-dong-m96-96-mau\/","og_site_name":"Biosciences","article_modified_time":"2025-08-28T07:55:09+00:00","og_image":[{"width":750,"height":750,"url":"https:\/\/biosciences.vn\/wp-content\/uploads\/2024\/07\/M96.jpg","type":"image\/jpeg"}],"twitter_card":"summary_large_image","twitter_misc":{"Est. reading time":"3 minutes"},"schema":{"@context":"https:\/\/schema.org","@graph":[{"@type":"WebPage","@id":"https:\/\/biosciences.vn\/index.php\/product\/may-tach-chiet-axit-nucleic-tu-dong-m96-96-mau\/","url":"https:\/\/biosciences.vn\/index.php\/product\/may-tach-chiet-axit-nucleic-tu-dong-m96-96-mau\/","name":"M\u00e1y t\u00e1ch chi\u1ebft axit nucleic t\u1ef1 \u0111\u1ed9ng M96 (96 m\u1eabu) (NAES-96) - Biosciences","isPartOf":{"@id":"https:\/\/biosciences.vn\/#website"},"primaryImageOfPage":{"@id":"https:\/\/biosciences.vn\/index.php\/product\/may-tach-chiet-axit-nucleic-tu-dong-m96-96-mau\/#primaryimage"},"image":{"@id":"https:\/\/biosciences.vn\/index.php\/product\/may-tach-chiet-axit-nucleic-tu-dong-m96-96-mau\/#primaryimage"},"thumbnailUrl":"https:\/\/biosciences.vn\/wp-content\/uploads\/2024\/07\/M96.jpg","datePublished":"2024-07-15T04:18:37+00:00","dateModified":"2025-08-28T07:55:09+00:00","breadcrumb":{"@id":"https:\/\/biosciences.vn\/index.php\/product\/may-tach-chiet-axit-nucleic-tu-dong-m96-96-mau\/#breadcrumb"},"inLanguage":"en-US","potentialAction":[{"@type":"ReadAction","target":["https:\/\/biosciences.vn\/index.php\/product\/may-tach-chiet-axit-nucleic-tu-dong-m96-96-mau\/"]}]},{"@type":"ImageObject","inLanguage":"en-US","@id":"https:\/\/biosciences.vn\/index.php\/product\/may-tach-chiet-axit-nucleic-tu-dong-m96-96-mau\/#primaryimage","url":"https:\/\/biosciences.vn\/wp-content\/uploads\/2024\/07\/M96.jpg","contentUrl":"https:\/\/biosciences.vn\/wp-content\/uploads\/2024\/07\/M96.jpg","width":750,"height":750},{"@type":"BreadcrumbList","@id":"https:\/\/biosciences.vn\/index.php\/product\/may-tach-chiet-axit-nucleic-tu-dong-m96-96-mau\/#breadcrumb","itemListElement":[{"@type":"ListItem","position":1,"name":"Trang ch\u1ee7","item":"https:\/\/biosciences.vn\/index.php\/en\/home\/"},{"@type":"ListItem","position":2,"name":"Shop","item":"https:\/\/biosciences.vn\/index.php\/shop\/"},{"@type":"ListItem","position":3,"name":"M\u00e1y t\u00e1ch chi\u1ebft axit nucleic t\u1ef1 \u0111\u1ed9ng M96 (96 m\u1eabu) (NAES-96)"}]},{"@type":"WebSite","@id":"https:\/\/biosciences.vn\/#website","url":"https:\/\/biosciences.vn\/","name":"Biosciences","description":"","publisher":{"@id":"https:\/\/biosciences.vn\/#organization"},"potentialAction":[{"@type":"SearchAction","target":{"@type":"EntryPoint","urlTemplate":"https:\/\/biosciences.vn\/?s={search_term_string}"},"query-input":{"@type":"PropertyValueSpecification","valueRequired":true,"valueName":"search_term_string"}}],"inLanguage":"en-US"},{"@type":"Organization","@id":"https:\/\/biosciences.vn\/#organization","name":"Biosciences","url":"https:\/\/biosciences.vn\/","logo":{"@type":"ImageObject","inLanguage":"en-US","@id":"https:\/\/biosciences.vn\/#\/schema\/logo\/image\/","url":"https:\/\/biosciences.vn\/wp-content\/uploads\/2024\/04\/LOGO-BIOSCIENCES-PNG.png","contentUrl":"https:\/\/biosciences.vn\/wp-content\/uploads\/2024\/04\/LOGO-BIOSCIENCES-PNG.png","width":2536,"height":638,"caption":"Biosciences"},"image":{"@id":"https:\/\/biosciences.vn\/#\/schema\/logo\/image\/"}}]}},"brands":[{"id":608,"name":"Biocomma","slug":"biocomma-vi"}],"_links":{"self":[{"href":"https:\/\/biosciences.vn\/index.php\/wp-json\/wp\/v2\/product\/5897"}],"collection":[{"href":"https:\/\/biosciences.vn\/index.php\/wp-json\/wp\/v2\/product"}],"about":[{"href":"https:\/\/biosciences.vn\/index.php\/wp-json\/wp\/v2\/types\/product"}],"replies":[{"embeddable":true,"href":"https:\/\/biosciences.vn\/index.php\/wp-json\/wp\/v2\/comments?post=5897"}],"wp:featuredmedia":[{"embeddable":true,"href":"https:\/\/biosciences.vn\/index.php\/wp-json\/wp\/v2\/media\/5898"}],"wp:attachment":[{"href":"https:\/\/biosciences.vn\/index.php\/wp-json\/wp\/v2\/media?parent=5897"}],"wp:term":[{"taxonomy":"pwb-brand","embeddable":true,"href":"https:\/\/biosciences.vn\/index.php\/wp-json\/wp\/v2\/pwb-brand?post=5897"},{"taxonomy":"product_cat","embeddable":true,"href":"https:\/\/biosciences.vn\/index.php\/wp-json\/wp\/v2\/product_cat?post=5897"},{"taxonomy":"product_tag","embeddable":true,"href":"https:\/\/biosciences.vn\/index.php\/wp-json\/wp\/v2\/product_tag?post=5897"}],"curies":[{"name":"wp","href":"https:\/\/api.w.org\/{rel}","templated":true}]}}