{"id":5899,"date":"2024-07-15T11:22:14","date_gmt":"2024-07-15T04:22:14","guid":{"rendered":"https:\/\/biosciences.vn\/?post_type=product&#038;p=5899"},"modified":"2025-08-28T14:55:09","modified_gmt":"2025-08-28T07:55:09","slug":"may-tach-chiet-axit-nucleic-tu-dong-m48-48-mau","status":"publish","type":"product","link":"https:\/\/biosciences.vn\/index.php\/product\/may-tach-chiet-axit-nucleic-tu-dong-m48-48-mau\/","title":{"rendered":"M\u00e1y t\u00e1ch chi\u1ebft axit nucleic t\u1ef1 \u0111\u1ed9ng M48 (48 m\u1eabu) (NAES-48)"},"content":{"rendered":"<p><strong>M48 Nucleic Acid Extraction System<\/strong><\/p>\n<p><strong>M\u00f4 t\u1ea3 chung<\/strong><\/p>\n<p>H\u1ec7 th\u1ed1ng t\u00e1ch chi\u1ebft axit nucleic t\u1ef1 \u0111\u1ed9ng M48 d\u1ef1a tr\u00ean ph\u01b0\u01a1ng ph\u00e1p h\u1ea5p ph\u1ee5 v\u00e0 t\u00e1ch b\u1eb1ng h\u1ea1t t\u1eeb t\u00ednh, cho ph\u00e9p t\u00e1ch nhanh ch\u00f3ng t\u1eeb 1 \u0111\u1ebfn 48 m\u1eabu c\u00f9ng m\u1ed9t l\u00fac. Thi\u1ebft b\u1ecb n\u00e0y \u0111\u01b0\u1ee3c \u1ee9ng d\u1ee5ng r\u1ed9ng r\u00e3i trong ph\u00f2ng ch\u1ed1ng v\u00e0 ki\u1ec3m so\u00e1t d\u1ecbch b\u1ec7nh, ki\u1ec3m d\u1ecbch \u0111\u1ed9ng v\u1eadt, ch\u1ea9n \u0111o\u00e1n l\u00e2m s\u00e0ng, ki\u1ec3m d\u1ecbch xu\u1ea5t nh\u1eadp c\u1ea3nh, qu\u1ea3n l\u00fd th\u1ef1c ph\u1ea9m v\u00e0 d\u01b0\u1ee3c ph\u1ea9m, gi\u00e1m \u0111\u1ecbnh ph\u00e1p y, gi\u1ea3ng d\u1ea1y v\u00e0 nghi\u00ean c\u1ee9u khoa h\u1ecdc.<\/p>\n<p><strong>\u0110\u1eb7c \u0111i\u1ec3m<\/strong><\/p>\n<ul>\n<li><strong>L\u00e0m m\u00e1t<\/strong>: Nhi\u1ec7t \u0111\u1ed9 c\u1ee7a t\u1ea5t c\u1ea3 c\u00e1c v\u1ecb tr\u00ed r\u1eeda gi\u1ea3i d\u01b0\u1edbi 25\u2103 trong qu\u00e1 tr\u00ecnh gia nhi\u1ec7t ph\u00e2n gi\u1ea3i \u0111\u1ec3 gi\u1ea3m thi\u1ec3u s\u1ef1 bay h\u01a1i c\u1ee7a dung d\u1ecbch r\u1eeda gi\u1ea3i.<\/li>\n<li><strong>An to\u00e0n<\/strong>: \u0110\u00e8n UV v\u00e0 l\u1ecdc kh\u00ed th\u1ea3i gi\u1ea3m thi\u1ec3u kh\u00ed dung v\u00e0 kh\u00ed d\u1ec5 bay h\u01a1i trong bu\u1ed3ng.<\/li>\n<li><strong>H\u1ec7 th\u1ed1ng m\u1edf<\/strong>: Ch\u1ec9nh s\u1eeda ch\u01b0\u01a1ng tr\u00ecnh t\u00e1ch chi\u1ebft, ch\u1ebf \u0111\u1ed9 tr\u1ed9n, v\u00e0 t\u1ea1m d\u1eebng t\u1ea1i b\u1ea5t k\u1ef3 b\u01b0\u1edbc n\u00e0o tr\u00ean m\u00e0n h\u00ecnh c\u1ea3m \u1ee9ng. T\u01b0\u01a1ng th\u00edch v\u1edbi m\u1ecdi lo\u1ea1i b\u1ed9 d\u1ee5ng c\u1ee5 tinh ch\u1ebf axit nucleic h\u1ea1t t\u1eeb t\u00ednh tr\u00ean th\u1ecb tr\u01b0\u1eddng.<\/li>\n<li><strong>S\u1ed1 l\u01b0\u1ee3ng m\u1eabu thay \u0111\u1ed5i<\/strong>: \u0110\u1eb7t t\u1ed1i \u0111a ba \u0111\u0129a 96 gi\u1ebfng, m\u1ed7i \u0111\u0129a t\u00e1ch chi\u1ebft 16 m\u1eabu.<\/li>\n<li><strong>N\u00e2ng c\u1ea5p<\/strong>: C\u00e1c c\u1ed5ng d\u1ef1 ph\u00f2ng h\u1ed7 tr\u1ee3 ph\u00e1t tri\u1ec3n th\u1ee9 c\u1ea5p. T\u1ea1o gi\u1ea3i ph\u00e1p t\u1ef1 \u0111\u1ed9ng h\u00f3a ho\u00e0n ch\u1ec9nh.<\/li>\n<li><strong>Ti\u1ec7n l\u1ee3i<\/strong>: D\u1ec5 v\u1eadn h\u00e0nh, \u0111\u01a1n gi\u1ea3n v\u00e0 nhanh ch\u00f3ng.<\/li>\n<\/ul>\n<p><strong>\u1ee8ng d\u1ee5ng<\/strong><\/p>\n<p>Thi\u1ebft b\u1ecb \u0111\u01b0\u1ee3c s\u1eed d\u1ee5ng r\u1ed9ng r\u00e3i trong ph\u00f2ng ch\u1ed1ng v\u00e0 ki\u1ec3m so\u00e1t d\u1ecbch b\u1ec7nh, ki\u1ec3m d\u1ecbch \u0111\u1ed9ng v\u1eadt, ch\u1ea9n \u0111o\u00e1n l\u00e2m s\u00e0ng, ki\u1ec3m d\u1ecbch xu\u1ea5t nh\u1eadp c\u1ea3nh, qu\u1ea3n l\u00fd th\u1ef1c ph\u1ea9m v\u00e0 d\u01b0\u1ee3c ph\u1ea9m, gi\u00e1m \u0111\u1ecbnh ph\u00e1p y, gi\u1ea3ng d\u1ea1y v\u00e0 nghi\u00ean c\u1ee9u khoa h\u1ecdc.<\/p>\n","protected":false},"excerpt":{"rendered":"<p>M48 Nucleic Acid Extraction System M\u00f4 t\u1ea3 chung H\u1ec7 th\u1ed1ng t\u00e1ch chi\u1ebft axit nucleic t\u1ef1 \u0111\u1ed9ng M48 d\u1ef1a tr\u00ean ph\u01b0\u01a1ng ph\u00e1p h\u1ea5p ph\u1ee5 v\u00e0 t\u00e1ch b\u1eb1ng h\u1ea1t t\u1eeb t\u00ednh, cho ph\u00e9p t\u00e1ch nhanh ch\u00f3ng t\u1eeb 1 \u0111\u1ebfn 48 m\u1eabu c\u00f9ng m\u1ed9t l\u00fac. Thi\u1ebft b\u1ecb n\u00e0y \u0111\u01b0\u1ee3c \u1ee9ng d\u1ee5ng r\u1ed9ng r\u00e3i trong ph\u00f2ng ch\u1ed1ng v\u00e0 ki\u1ec3m [&hellip;]<\/p>\n","protected":false},"featured_media":5900,"comment_status":"open","ping_status":"closed","template":"","meta":[],"pwb-brand":[608],"product_cat":[437,511,509,461,463,465,434,731,439,735,467,469,471],"product_tag":[],"class_list":{"0":"post-5899","1":"product","2":"type-product","3":"status-publish","4":"has-post-thumbnail","6":"pwb-brand-biocomma-vi","7":"product_cat-chan-doan-lam-sang","8":"product_cat-phat-trien-xet-nghiem-vi","9":"product_cat-xet-nghiem-lam-sang","10":"product_cat-di-truyen-hoc","11":"product_cat-dinh-kieu-gen","12":"product_cat-giai-trinh-tu","13":"product_cat-khoa-hoc-su-song","14":"product_cat-sinh-hoc-phan-tu","15":"product_cat-thiet-bi-khoa-hoc","16":"product_cat-he-thong-tach-chiet-dna-rna-tu-dong-vi","17":"product_cat-nghien-cuu-protein","18":"product_cat-phan-tich-protein","19":"product_cat-tong-hop-protein","21":"first","22":"outofstock","23":"shipping-taxable","24":"purchasable","25":"product-type-simple"},"yoast_head":"<!-- This site is optimized with the Yoast SEO plugin v23.6 - https:\/\/yoast.com\/wordpress\/plugins\/seo\/ -->\n<title>M\u00e1y t\u00e1ch chi\u1ebft axit nucleic t\u1ef1 \u0111\u1ed9ng M48 (48 m\u1eabu) (NAES-48) - Biosciences<\/title>\n<meta name=\"robots\" content=\"index, follow, max-snippet:-1, max-image-preview:large, max-video-preview:-1\" \/>\n<link rel=\"canonical\" href=\"https:\/\/biosciences.vn\/index.php\/product\/may-tach-chiet-axit-nucleic-tu-dong-m48-48-mau\/\" \/>\n<meta property=\"og:locale\" content=\"en_US\" \/>\n<meta property=\"og:type\" content=\"article\" \/>\n<meta property=\"og:title\" content=\"M\u00e1y t\u00e1ch chi\u1ebft axit nucleic t\u1ef1 \u0111\u1ed9ng M48 (48 m\u1eabu) (NAES-48) - Biosciences\" \/>\n<meta property=\"og:description\" content=\"M48 Nucleic Acid Extraction System M\u00f4 t\u1ea3 chung H\u1ec7 th\u1ed1ng t\u00e1ch chi\u1ebft axit nucleic t\u1ef1 \u0111\u1ed9ng M48 d\u1ef1a tr\u00ean ph\u01b0\u01a1ng ph\u00e1p h\u1ea5p ph\u1ee5 v\u00e0 t\u00e1ch b\u1eb1ng h\u1ea1t t\u1eeb t\u00ednh, cho ph\u00e9p t\u00e1ch nhanh ch\u00f3ng t\u1eeb 1 \u0111\u1ebfn 48 m\u1eabu c\u00f9ng m\u1ed9t l\u00fac. Thi\u1ebft b\u1ecb n\u00e0y \u0111\u01b0\u1ee3c \u1ee9ng d\u1ee5ng r\u1ed9ng r\u00e3i trong ph\u00f2ng ch\u1ed1ng v\u00e0 ki\u1ec3m [&hellip;]\" \/>\n<meta property=\"og:url\" content=\"https:\/\/biosciences.vn\/index.php\/product\/may-tach-chiet-axit-nucleic-tu-dong-m48-48-mau\/\" \/>\n<meta property=\"og:site_name\" content=\"Biosciences\" \/>\n<meta property=\"article:modified_time\" content=\"2025-08-28T07:55:09+00:00\" \/>\n<meta property=\"og:image\" content=\"https:\/\/biosciences.vn\/wp-content\/uploads\/2024\/07\/M48.jpg\" \/>\n\t<meta property=\"og:image:width\" content=\"750\" \/>\n\t<meta property=\"og:image:height\" content=\"750\" \/>\n\t<meta property=\"og:image:type\" content=\"image\/jpeg\" \/>\n<meta name=\"twitter:card\" content=\"summary_large_image\" \/>\n<meta name=\"twitter:label1\" content=\"Est. reading time\" \/>\n\t<meta name=\"twitter:data1\" content=\"2 minutes\" \/>\n<script type=\"application\/ld+json\" class=\"yoast-schema-graph\">{\"@context\":\"https:\/\/schema.org\",\"@graph\":[{\"@type\":\"WebPage\",\"@id\":\"https:\/\/biosciences.vn\/index.php\/product\/may-tach-chiet-axit-nucleic-tu-dong-m48-48-mau\/\",\"url\":\"https:\/\/biosciences.vn\/index.php\/product\/may-tach-chiet-axit-nucleic-tu-dong-m48-48-mau\/\",\"name\":\"M\u00e1y t\u00e1ch chi\u1ebft axit nucleic t\u1ef1 \u0111\u1ed9ng M48 (48 m\u1eabu) (NAES-48) - Biosciences\",\"isPartOf\":{\"@id\":\"https:\/\/biosciences.vn\/#website\"},\"primaryImageOfPage\":{\"@id\":\"https:\/\/biosciences.vn\/index.php\/product\/may-tach-chiet-axit-nucleic-tu-dong-m48-48-mau\/#primaryimage\"},\"image\":{\"@id\":\"https:\/\/biosciences.vn\/index.php\/product\/may-tach-chiet-axit-nucleic-tu-dong-m48-48-mau\/#primaryimage\"},\"thumbnailUrl\":\"https:\/\/biosciences.vn\/wp-content\/uploads\/2024\/07\/M48.jpg\",\"datePublished\":\"2024-07-15T04:22:14+00:00\",\"dateModified\":\"2025-08-28T07:55:09+00:00\",\"breadcrumb\":{\"@id\":\"https:\/\/biosciences.vn\/index.php\/product\/may-tach-chiet-axit-nucleic-tu-dong-m48-48-mau\/#breadcrumb\"},\"inLanguage\":\"en-US\",\"potentialAction\":[{\"@type\":\"ReadAction\",\"target\":[\"https:\/\/biosciences.vn\/index.php\/product\/may-tach-chiet-axit-nucleic-tu-dong-m48-48-mau\/\"]}]},{\"@type\":\"ImageObject\",\"inLanguage\":\"en-US\",\"@id\":\"https:\/\/biosciences.vn\/index.php\/product\/may-tach-chiet-axit-nucleic-tu-dong-m48-48-mau\/#primaryimage\",\"url\":\"https:\/\/biosciences.vn\/wp-content\/uploads\/2024\/07\/M48.jpg\",\"contentUrl\":\"https:\/\/biosciences.vn\/wp-content\/uploads\/2024\/07\/M48.jpg\",\"width\":750,\"height\":750},{\"@type\":\"BreadcrumbList\",\"@id\":\"https:\/\/biosciences.vn\/index.php\/product\/may-tach-chiet-axit-nucleic-tu-dong-m48-48-mau\/#breadcrumb\",\"itemListElement\":[{\"@type\":\"ListItem\",\"position\":1,\"name\":\"Trang ch\u1ee7\",\"item\":\"https:\/\/biosciences.vn\/index.php\/en\/home\/\"},{\"@type\":\"ListItem\",\"position\":2,\"name\":\"Shop\",\"item\":\"https:\/\/biosciences.vn\/index.php\/shop\/\"},{\"@type\":\"ListItem\",\"position\":3,\"name\":\"M\u00e1y t\u00e1ch chi\u1ebft axit nucleic t\u1ef1 \u0111\u1ed9ng M48 (48 m\u1eabu) (NAES-48)\"}]},{\"@type\":\"WebSite\",\"@id\":\"https:\/\/biosciences.vn\/#website\",\"url\":\"https:\/\/biosciences.vn\/\",\"name\":\"Biosciences\",\"description\":\"\",\"publisher\":{\"@id\":\"https:\/\/biosciences.vn\/#organization\"},\"potentialAction\":[{\"@type\":\"SearchAction\",\"target\":{\"@type\":\"EntryPoint\",\"urlTemplate\":\"https:\/\/biosciences.vn\/?s={search_term_string}\"},\"query-input\":{\"@type\":\"PropertyValueSpecification\",\"valueRequired\":true,\"valueName\":\"search_term_string\"}}],\"inLanguage\":\"en-US\"},{\"@type\":\"Organization\",\"@id\":\"https:\/\/biosciences.vn\/#organization\",\"name\":\"Biosciences\",\"url\":\"https:\/\/biosciences.vn\/\",\"logo\":{\"@type\":\"ImageObject\",\"inLanguage\":\"en-US\",\"@id\":\"https:\/\/biosciences.vn\/#\/schema\/logo\/image\/\",\"url\":\"https:\/\/biosciences.vn\/wp-content\/uploads\/2024\/04\/LOGO-BIOSCIENCES-PNG.png\",\"contentUrl\":\"https:\/\/biosciences.vn\/wp-content\/uploads\/2024\/04\/LOGO-BIOSCIENCES-PNG.png\",\"width\":2536,\"height\":638,\"caption\":\"Biosciences\"},\"image\":{\"@id\":\"https:\/\/biosciences.vn\/#\/schema\/logo\/image\/\"}}]}<\/script>\n<!-- \/ Yoast SEO plugin. -->","yoast_head_json":{"title":"M\u00e1y t\u00e1ch chi\u1ebft axit nucleic t\u1ef1 \u0111\u1ed9ng M48 (48 m\u1eabu) (NAES-48) - Biosciences","robots":{"index":"index","follow":"follow","max-snippet":"max-snippet:-1","max-image-preview":"max-image-preview:large","max-video-preview":"max-video-preview:-1"},"canonical":"https:\/\/biosciences.vn\/index.php\/product\/may-tach-chiet-axit-nucleic-tu-dong-m48-48-mau\/","og_locale":"en_US","og_type":"article","og_title":"M\u00e1y t\u00e1ch chi\u1ebft axit nucleic t\u1ef1 \u0111\u1ed9ng M48 (48 m\u1eabu) (NAES-48) - Biosciences","og_description":"M48 Nucleic Acid Extraction System M\u00f4 t\u1ea3 chung H\u1ec7 th\u1ed1ng t\u00e1ch chi\u1ebft axit nucleic t\u1ef1 \u0111\u1ed9ng M48 d\u1ef1a tr\u00ean ph\u01b0\u01a1ng ph\u00e1p h\u1ea5p ph\u1ee5 v\u00e0 t\u00e1ch b\u1eb1ng h\u1ea1t t\u1eeb t\u00ednh, cho ph\u00e9p t\u00e1ch nhanh ch\u00f3ng t\u1eeb 1 \u0111\u1ebfn 48 m\u1eabu c\u00f9ng m\u1ed9t l\u00fac. Thi\u1ebft b\u1ecb n\u00e0y \u0111\u01b0\u1ee3c \u1ee9ng d\u1ee5ng r\u1ed9ng r\u00e3i trong ph\u00f2ng ch\u1ed1ng v\u00e0 ki\u1ec3m [&hellip;]","og_url":"https:\/\/biosciences.vn\/index.php\/product\/may-tach-chiet-axit-nucleic-tu-dong-m48-48-mau\/","og_site_name":"Biosciences","article_modified_time":"2025-08-28T07:55:09+00:00","og_image":[{"width":750,"height":750,"url":"https:\/\/biosciences.vn\/wp-content\/uploads\/2024\/07\/M48.jpg","type":"image\/jpeg"}],"twitter_card":"summary_large_image","twitter_misc":{"Est. reading time":"2 minutes"},"schema":{"@context":"https:\/\/schema.org","@graph":[{"@type":"WebPage","@id":"https:\/\/biosciences.vn\/index.php\/product\/may-tach-chiet-axit-nucleic-tu-dong-m48-48-mau\/","url":"https:\/\/biosciences.vn\/index.php\/product\/may-tach-chiet-axit-nucleic-tu-dong-m48-48-mau\/","name":"M\u00e1y t\u00e1ch chi\u1ebft axit nucleic t\u1ef1 \u0111\u1ed9ng M48 (48 m\u1eabu) (NAES-48) - Biosciences","isPartOf":{"@id":"https:\/\/biosciences.vn\/#website"},"primaryImageOfPage":{"@id":"https:\/\/biosciences.vn\/index.php\/product\/may-tach-chiet-axit-nucleic-tu-dong-m48-48-mau\/#primaryimage"},"image":{"@id":"https:\/\/biosciences.vn\/index.php\/product\/may-tach-chiet-axit-nucleic-tu-dong-m48-48-mau\/#primaryimage"},"thumbnailUrl":"https:\/\/biosciences.vn\/wp-content\/uploads\/2024\/07\/M48.jpg","datePublished":"2024-07-15T04:22:14+00:00","dateModified":"2025-08-28T07:55:09+00:00","breadcrumb":{"@id":"https:\/\/biosciences.vn\/index.php\/product\/may-tach-chiet-axit-nucleic-tu-dong-m48-48-mau\/#breadcrumb"},"inLanguage":"en-US","potentialAction":[{"@type":"ReadAction","target":["https:\/\/biosciences.vn\/index.php\/product\/may-tach-chiet-axit-nucleic-tu-dong-m48-48-mau\/"]}]},{"@type":"ImageObject","inLanguage":"en-US","@id":"https:\/\/biosciences.vn\/index.php\/product\/may-tach-chiet-axit-nucleic-tu-dong-m48-48-mau\/#primaryimage","url":"https:\/\/biosciences.vn\/wp-content\/uploads\/2024\/07\/M48.jpg","contentUrl":"https:\/\/biosciences.vn\/wp-content\/uploads\/2024\/07\/M48.jpg","width":750,"height":750},{"@type":"BreadcrumbList","@id":"https:\/\/biosciences.vn\/index.php\/product\/may-tach-chiet-axit-nucleic-tu-dong-m48-48-mau\/#breadcrumb","itemListElement":[{"@type":"ListItem","position":1,"name":"Trang ch\u1ee7","item":"https:\/\/biosciences.vn\/index.php\/en\/home\/"},{"@type":"ListItem","position":2,"name":"Shop","item":"https:\/\/biosciences.vn\/index.php\/shop\/"},{"@type":"ListItem","position":3,"name":"M\u00e1y t\u00e1ch chi\u1ebft axit nucleic t\u1ef1 \u0111\u1ed9ng M48 (48 m\u1eabu) (NAES-48)"}]},{"@type":"WebSite","@id":"https:\/\/biosciences.vn\/#website","url":"https:\/\/biosciences.vn\/","name":"Biosciences","description":"","publisher":{"@id":"https:\/\/biosciences.vn\/#organization"},"potentialAction":[{"@type":"SearchAction","target":{"@type":"EntryPoint","urlTemplate":"https:\/\/biosciences.vn\/?s={search_term_string}"},"query-input":{"@type":"PropertyValueSpecification","valueRequired":true,"valueName":"search_term_string"}}],"inLanguage":"en-US"},{"@type":"Organization","@id":"https:\/\/biosciences.vn\/#organization","name":"Biosciences","url":"https:\/\/biosciences.vn\/","logo":{"@type":"ImageObject","inLanguage":"en-US","@id":"https:\/\/biosciences.vn\/#\/schema\/logo\/image\/","url":"https:\/\/biosciences.vn\/wp-content\/uploads\/2024\/04\/LOGO-BIOSCIENCES-PNG.png","contentUrl":"https:\/\/biosciences.vn\/wp-content\/uploads\/2024\/04\/LOGO-BIOSCIENCES-PNG.png","width":2536,"height":638,"caption":"Biosciences"},"image":{"@id":"https:\/\/biosciences.vn\/#\/schema\/logo\/image\/"}}]}},"brands":[{"id":608,"name":"Biocomma","slug":"biocomma-vi"}],"_links":{"self":[{"href":"https:\/\/biosciences.vn\/index.php\/wp-json\/wp\/v2\/product\/5899"}],"collection":[{"href":"https:\/\/biosciences.vn\/index.php\/wp-json\/wp\/v2\/product"}],"about":[{"href":"https:\/\/biosciences.vn\/index.php\/wp-json\/wp\/v2\/types\/product"}],"replies":[{"embeddable":true,"href":"https:\/\/biosciences.vn\/index.php\/wp-json\/wp\/v2\/comments?post=5899"}],"wp:featuredmedia":[{"embeddable":true,"href":"https:\/\/biosciences.vn\/index.php\/wp-json\/wp\/v2\/media\/5900"}],"wp:attachment":[{"href":"https:\/\/biosciences.vn\/index.php\/wp-json\/wp\/v2\/media?parent=5899"}],"wp:term":[{"taxonomy":"pwb-brand","embeddable":true,"href":"https:\/\/biosciences.vn\/index.php\/wp-json\/wp\/v2\/pwb-brand?post=5899"},{"taxonomy":"product_cat","embeddable":true,"href":"https:\/\/biosciences.vn\/index.php\/wp-json\/wp\/v2\/product_cat?post=5899"},{"taxonomy":"product_tag","embeddable":true,"href":"https:\/\/biosciences.vn\/index.php\/wp-json\/wp\/v2\/product_tag?post=5899"}],"curies":[{"name":"wp","href":"https:\/\/api.w.org\/{rel}","templated":true}]}}