{"id":5911,"date":"2024-07-15T17:04:40","date_gmt":"2024-07-15T10:04:40","guid":{"rendered":"https:\/\/biosciences.vn\/?post_type=product&#038;p=5911"},"modified":"2025-08-28T14:55:09","modified_gmt":"2025-08-28T07:55:09","slug":"he-thong-thao-tac-chat-long-tu-dong","status":"publish","type":"product","link":"https:\/\/biosciences.vn\/index.php\/product\/he-thong-thao-tac-chat-long-tu-dong\/","title":{"rendered":"H\u1ec7 th\u1ed1ng thao t\u00e1c ch\u1ea5t l\u1ecfng t\u1ef1 \u0111\u1ed9ng (BP96)"},"content":{"rendered":"<p><strong>BP96A Automated Liquid Handling Workstation<\/strong><\/p>\n<p><strong>M\u00f4 t\u1ea3 chung<\/strong><\/p>\n<p>BP96A Automated Workstation l\u00e0 m\u1ed9t thi\u1ebft b\u1ecb nh\u1ecf g\u1ecdn, \u0111a ch\u1ee9c n\u0103ng v\u00e0 d\u1ec5 s\u1eed d\u1ee5ng \u0111\u1ec3 pipet ch\u00ednh x\u00e1c 96 m\u1eabu c\u00f9ng m\u1ed9t l\u00fac. Thi\u1ebft b\u1ecb n\u00e0y ph\u00f9 h\u1ee3p v\u1edbi b\u00e0n th\u00ed nghi\u1ec7m, t\u1ee7 h\u00fat v\u00e0 t\u1ee7 an to\u00e0n sinh h\u1ecdc trong ph\u00f2ng th\u00ed nghi\u1ec7m.<\/p>\n<p><strong>Chi ti\u1ebft<\/strong><\/p>\n<p><strong>\u0110\u1eb7c \u0111i\u1ec3m<\/strong><\/p>\n<ul>\n<li><strong>Hi\u1ec7u su\u1ea5t<\/strong>: 96 k\u00eanh pipet t\u1ea5t c\u1ea3 c\u00e1c m\u1eabu trong \u0111\u0129a 96 gi\u1ebfng c\u00f9ng m\u1ed9t l\u00fac, nhanh h\u01a1n 12 l\u1ea7n so v\u1edbi pipet th\u1ee7 c\u00f4ng truy\u1ec1n th\u1ed1ng.<\/li>\n<li><strong>Ti\u1ec7n l\u1ee3i<\/strong>: Nhi\u1ec1u t\u00f9y ch\u1ecdn \u0111\u1ea7u tip pipet \u0111\u1ec3 \u0111\u00e1p \u1ee9ng c\u00e1c nhu c\u1ea7u th\u00ed nghi\u1ec7m kh\u00e1c nhau.<\/li>\n<li><strong>\u0110\u1ed9 ch\u00ednh x\u00e1c<\/strong>: Thi\u1ebft k\u1ebf k\u00edn k\u00e9p \u0111\u1ea3m b\u1ea3o \u0111\u1ed9 ch\u00ednh x\u00e1c c\u1ee7a pipet.<\/li>\n<li><strong>T\u1ef1 \u0111\u1ed9ng h\u00f3a<\/strong>: Nhi\u1ec1u ch\u01b0\u01a1ng tr\u00ecnh l\u01b0u tr\u1eef cho ph\u00e9p t\u1ef1 \u0111\u1ed9ng h\u00f3a ho\u00e0n to\u00e0n c\u00e1c quy tr\u00ecnh tinh ch\u1ebf.<\/li>\n<\/ul>\n<p><strong>Th\u00f4ng s\u1ed1 k\u1ef9 thu\u1eadt<\/strong><\/p>\n<table>\n<thead>\n<tr>\n<th>Th\u00f4ng s\u1ed1<\/th>\n<th>BP96A (Automated)<\/th>\n<th>BP96M (Manual)<\/th>\n<\/tr>\n<\/thead>\n<tbody>\n<tr>\n<td>Model<\/td>\n<td>BP96A<\/td>\n<td>BP96M<\/td>\n<\/tr>\n<tr>\n<td>Throughput<\/td>\n<td>96<\/td>\n<td>96<\/td>\n<\/tr>\n<tr>\n<td>Volume Increment<\/td>\n<td>0.01\u03bcL<\/td>\n<td>0.01\u03bcL<\/td>\n<\/tr>\n<tr>\n<td>CV<\/td>\n<td>1.0%<\/td>\n<td>1.0%<\/td>\n<\/tr>\n<tr>\n<td>Pipetting Type<\/td>\n<td>H\u1ec7 th\u1ed1ng \u0111\u1ec7m kh\u00ed<\/td>\n<td>H\u1ec7 th\u1ed1ng \u0111\u1ec7m kh\u00ed<\/td>\n<\/tr>\n<tr>\n<td>Position<\/td>\n<td>5 Plates (tu\u1ef3 ch\u1ec9nh 3~6 plates)<\/td>\n<td>4 Plates<\/td>\n<\/tr>\n<tr>\n<td>Optional Pipette Tips<\/td>\n<td>0.5~20\u03bcL,5~200\u03bcL,10~300\u03bcL<\/td>\n<td>0.5~20\u03bcL,5~200\u03bcL<\/td>\n<\/tr>\n<tr>\n<td>Movement Accuracy<\/td>\n<td>\u00b10.01mm<\/td>\n<td>\/<\/td>\n<\/tr>\n<tr>\n<td>Touch screen<\/td>\n<td>C\u00f3<\/td>\n<td>\/<\/td>\n<\/tr>\n<tr>\n<td>Software<\/td>\n<td>ZWorks, Giao di\u1ec7n Api<\/td>\n<td>\/<\/td>\n<\/tr>\n<tr>\n<td>Software Interface<\/td>\n<td>USB, Giao ti\u1ebfp n\u1ed1i ti\u1ebfp RS-232<\/td>\n<td>\/<\/td>\n<\/tr>\n<tr>\n<td>Power Supply<\/td>\n<td>A.C.100~240V, 50\/60Hz<\/td>\n<td>\/<\/td>\n<\/tr>\n<tr>\n<td>Working Environment<\/td>\n<td>Nhi\u1ec7t \u0111\u1ed9 m\u00f4i tr\u01b0\u1eddng: 5~40\u00b0C, \u0110\u1ed9 \u1ea9m t\u01b0\u01a1ng \u0111\u1ed1i: 10~90%, kh\u00f4ng ng\u01b0ng t\u1ee5<\/td>\n<td>\/<\/td>\n<\/tr>\n<tr>\n<td>Dimensions (L\u00d7W\u00d7H)<\/td>\n<td>750\u00d7250\u00d7460 mm (5 Plates)<\/td>\n<td>320\u00d7450\u00d7390 mm<\/td>\n<\/tr>\n<\/tbody>\n<\/table>\n<p><strong>\u1ee8ng d\u1ee5ng<\/strong><\/p>\n<p>Thi\u1ebft b\u1ecb BP96A Automated Workstation \u0111\u01b0\u1ee3c s\u1eed d\u1ee5ng r\u1ed9ng r\u00e3i trong c\u00e1c ph\u00f2ng th\u00ed nghi\u1ec7m sinh h\u1ecdc, h\u00f3a h\u1ecdc v\u00e0 y t\u1ebf \u0111\u1ec3 th\u1ef1c hi\u1ec7n c\u00e1c quy tr\u00ecnh pipet ch\u00ednh x\u00e1c v\u00e0 nhanh ch\u00f3ng, c\u1ea3i thi\u1ec7n hi\u1ec7u su\u1ea5t v\u00e0 gi\u1ea3m thi\u1ec3u sai s\u00f3t.<\/p>\n","protected":false},"excerpt":{"rendered":"<p>BP96A Automated Liquid Handling Workstation M\u00f4 t\u1ea3 chung BP96A Automated Workstation l\u00e0 m\u1ed9t thi\u1ebft b\u1ecb nh\u1ecf g\u1ecdn, \u0111a ch\u1ee9c n\u0103ng v\u00e0 d\u1ec5 s\u1eed d\u1ee5ng \u0111\u1ec3 pipet ch\u00ednh x\u00e1c 96 m\u1eabu c\u00f9ng m\u1ed9t l\u00fac. Thi\u1ebft b\u1ecb n\u00e0y ph\u00f9 h\u1ee3p v\u1edbi b\u00e0n th\u00ed nghi\u1ec7m, t\u1ee7 h\u00fat v\u00e0 t\u1ee7 an to\u00e0n sinh h\u1ecdc trong ph\u00f2ng th\u00ed nghi\u1ec7m. Chi [&hellip;]<\/p>\n","protected":false},"featured_media":5912,"comment_status":"open","ping_status":"closed","template":"","meta":[],"pwb-brand":[608],"product_cat":[437,511,509,461,463,465,434,439,443,467,469,471],"product_tag":[],"class_list":{"0":"post-5911","1":"product","2":"type-product","3":"status-publish","4":"has-post-thumbnail","6":"pwb-brand-biocomma-vi","7":"product_cat-chan-doan-lam-sang","8":"product_cat-phat-trien-xet-nghiem-vi","9":"product_cat-xet-nghiem-lam-sang","10":"product_cat-di-truyen-hoc","11":"product_cat-dinh-kieu-gen","12":"product_cat-giai-trinh-tu","13":"product_cat-khoa-hoc-su-song","14":"product_cat-thiet-bi-khoa-hoc","15":"product_cat-thiet-bi-chuyen-dung","16":"product_cat-nghien-cuu-protein","17":"product_cat-phan-tich-protein","18":"product_cat-tong-hop-protein","20":"first","21":"outofstock","22":"shipping-taxable","23":"purchasable","24":"product-type-simple"},"yoast_head":"<!-- This site is optimized with the Yoast SEO plugin v23.6 - https:\/\/yoast.com\/wordpress\/plugins\/seo\/ -->\n<title>H\u1ec7 th\u1ed1ng thao t\u00e1c ch\u1ea5t l\u1ecfng t\u1ef1 \u0111\u1ed9ng (BP96) - Biosciences<\/title>\n<meta name=\"robots\" content=\"index, follow, max-snippet:-1, max-image-preview:large, max-video-preview:-1\" \/>\n<link rel=\"canonical\" href=\"https:\/\/biosciences.vn\/index.php\/product\/he-thong-thao-tac-chat-long-tu-dong\/\" \/>\n<meta property=\"og:locale\" content=\"en_US\" \/>\n<meta property=\"og:type\" content=\"article\" \/>\n<meta property=\"og:title\" content=\"H\u1ec7 th\u1ed1ng thao t\u00e1c ch\u1ea5t l\u1ecfng t\u1ef1 \u0111\u1ed9ng (BP96) - Biosciences\" \/>\n<meta property=\"og:description\" content=\"BP96A Automated Liquid Handling Workstation M\u00f4 t\u1ea3 chung BP96A Automated Workstation l\u00e0 m\u1ed9t thi\u1ebft b\u1ecb nh\u1ecf g\u1ecdn, \u0111a ch\u1ee9c n\u0103ng v\u00e0 d\u1ec5 s\u1eed d\u1ee5ng \u0111\u1ec3 pipet ch\u00ednh x\u00e1c 96 m\u1eabu c\u00f9ng m\u1ed9t l\u00fac. Thi\u1ebft b\u1ecb n\u00e0y ph\u00f9 h\u1ee3p v\u1edbi b\u00e0n th\u00ed nghi\u1ec7m, t\u1ee7 h\u00fat v\u00e0 t\u1ee7 an to\u00e0n sinh h\u1ecdc trong ph\u00f2ng th\u00ed nghi\u1ec7m. Chi [&hellip;]\" \/>\n<meta property=\"og:url\" content=\"https:\/\/biosciences.vn\/index.php\/product\/he-thong-thao-tac-chat-long-tu-dong\/\" \/>\n<meta property=\"og:site_name\" content=\"Biosciences\" \/>\n<meta property=\"article:modified_time\" content=\"2025-08-28T07:55:09+00:00\" \/>\n<meta property=\"og:image\" content=\"https:\/\/biosciences.vn\/wp-content\/uploads\/2024\/07\/BP96.jpg\" \/>\n\t<meta property=\"og:image:width\" content=\"800\" \/>\n\t<meta property=\"og:image:height\" content=\"800\" \/>\n\t<meta property=\"og:image:type\" content=\"image\/jpeg\" \/>\n<meta name=\"twitter:card\" content=\"summary_large_image\" \/>\n<meta name=\"twitter:label1\" content=\"Est. reading time\" \/>\n\t<meta name=\"twitter:data1\" content=\"2 minutes\" \/>\n<script type=\"application\/ld+json\" class=\"yoast-schema-graph\">{\"@context\":\"https:\/\/schema.org\",\"@graph\":[{\"@type\":\"WebPage\",\"@id\":\"https:\/\/biosciences.vn\/index.php\/product\/he-thong-thao-tac-chat-long-tu-dong\/\",\"url\":\"https:\/\/biosciences.vn\/index.php\/product\/he-thong-thao-tac-chat-long-tu-dong\/\",\"name\":\"H\u1ec7 th\u1ed1ng thao t\u00e1c ch\u1ea5t l\u1ecfng t\u1ef1 \u0111\u1ed9ng (BP96) - Biosciences\",\"isPartOf\":{\"@id\":\"https:\/\/biosciences.vn\/#website\"},\"primaryImageOfPage\":{\"@id\":\"https:\/\/biosciences.vn\/index.php\/product\/he-thong-thao-tac-chat-long-tu-dong\/#primaryimage\"},\"image\":{\"@id\":\"https:\/\/biosciences.vn\/index.php\/product\/he-thong-thao-tac-chat-long-tu-dong\/#primaryimage\"},\"thumbnailUrl\":\"https:\/\/biosciences.vn\/wp-content\/uploads\/2024\/07\/BP96.jpg\",\"datePublished\":\"2024-07-15T10:04:40+00:00\",\"dateModified\":\"2025-08-28T07:55:09+00:00\",\"breadcrumb\":{\"@id\":\"https:\/\/biosciences.vn\/index.php\/product\/he-thong-thao-tac-chat-long-tu-dong\/#breadcrumb\"},\"inLanguage\":\"en-US\",\"potentialAction\":[{\"@type\":\"ReadAction\",\"target\":[\"https:\/\/biosciences.vn\/index.php\/product\/he-thong-thao-tac-chat-long-tu-dong\/\"]}]},{\"@type\":\"ImageObject\",\"inLanguage\":\"en-US\",\"@id\":\"https:\/\/biosciences.vn\/index.php\/product\/he-thong-thao-tac-chat-long-tu-dong\/#primaryimage\",\"url\":\"https:\/\/biosciences.vn\/wp-content\/uploads\/2024\/07\/BP96.jpg\",\"contentUrl\":\"https:\/\/biosciences.vn\/wp-content\/uploads\/2024\/07\/BP96.jpg\",\"width\":800,\"height\":800},{\"@type\":\"BreadcrumbList\",\"@id\":\"https:\/\/biosciences.vn\/index.php\/product\/he-thong-thao-tac-chat-long-tu-dong\/#breadcrumb\",\"itemListElement\":[{\"@type\":\"ListItem\",\"position\":1,\"name\":\"Trang ch\u1ee7\",\"item\":\"https:\/\/biosciences.vn\/index.php\/en\/home\/\"},{\"@type\":\"ListItem\",\"position\":2,\"name\":\"Shop\",\"item\":\"https:\/\/biosciences.vn\/index.php\/shop\/\"},{\"@type\":\"ListItem\",\"position\":3,\"name\":\"H\u1ec7 th\u1ed1ng thao t\u00e1c ch\u1ea5t l\u1ecfng t\u1ef1 \u0111\u1ed9ng (BP96)\"}]},{\"@type\":\"WebSite\",\"@id\":\"https:\/\/biosciences.vn\/#website\",\"url\":\"https:\/\/biosciences.vn\/\",\"name\":\"Biosciences\",\"description\":\"\",\"publisher\":{\"@id\":\"https:\/\/biosciences.vn\/#organization\"},\"potentialAction\":[{\"@type\":\"SearchAction\",\"target\":{\"@type\":\"EntryPoint\",\"urlTemplate\":\"https:\/\/biosciences.vn\/?s={search_term_string}\"},\"query-input\":{\"@type\":\"PropertyValueSpecification\",\"valueRequired\":true,\"valueName\":\"search_term_string\"}}],\"inLanguage\":\"en-US\"},{\"@type\":\"Organization\",\"@id\":\"https:\/\/biosciences.vn\/#organization\",\"name\":\"Biosciences\",\"url\":\"https:\/\/biosciences.vn\/\",\"logo\":{\"@type\":\"ImageObject\",\"inLanguage\":\"en-US\",\"@id\":\"https:\/\/biosciences.vn\/#\/schema\/logo\/image\/\",\"url\":\"https:\/\/biosciences.vn\/wp-content\/uploads\/2024\/04\/LOGO-BIOSCIENCES-PNG.png\",\"contentUrl\":\"https:\/\/biosciences.vn\/wp-content\/uploads\/2024\/04\/LOGO-BIOSCIENCES-PNG.png\",\"width\":2536,\"height\":638,\"caption\":\"Biosciences\"},\"image\":{\"@id\":\"https:\/\/biosciences.vn\/#\/schema\/logo\/image\/\"}}]}<\/script>\n<!-- \/ Yoast SEO plugin. -->","yoast_head_json":{"title":"H\u1ec7 th\u1ed1ng thao t\u00e1c ch\u1ea5t l\u1ecfng t\u1ef1 \u0111\u1ed9ng (BP96) - Biosciences","robots":{"index":"index","follow":"follow","max-snippet":"max-snippet:-1","max-image-preview":"max-image-preview:large","max-video-preview":"max-video-preview:-1"},"canonical":"https:\/\/biosciences.vn\/index.php\/product\/he-thong-thao-tac-chat-long-tu-dong\/","og_locale":"en_US","og_type":"article","og_title":"H\u1ec7 th\u1ed1ng thao t\u00e1c ch\u1ea5t l\u1ecfng t\u1ef1 \u0111\u1ed9ng (BP96) - Biosciences","og_description":"BP96A Automated Liquid Handling Workstation M\u00f4 t\u1ea3 chung BP96A Automated Workstation l\u00e0 m\u1ed9t thi\u1ebft b\u1ecb nh\u1ecf g\u1ecdn, \u0111a ch\u1ee9c n\u0103ng v\u00e0 d\u1ec5 s\u1eed d\u1ee5ng \u0111\u1ec3 pipet ch\u00ednh x\u00e1c 96 m\u1eabu c\u00f9ng m\u1ed9t l\u00fac. Thi\u1ebft b\u1ecb n\u00e0y ph\u00f9 h\u1ee3p v\u1edbi b\u00e0n th\u00ed nghi\u1ec7m, t\u1ee7 h\u00fat v\u00e0 t\u1ee7 an to\u00e0n sinh h\u1ecdc trong ph\u00f2ng th\u00ed nghi\u1ec7m. Chi [&hellip;]","og_url":"https:\/\/biosciences.vn\/index.php\/product\/he-thong-thao-tac-chat-long-tu-dong\/","og_site_name":"Biosciences","article_modified_time":"2025-08-28T07:55:09+00:00","og_image":[{"width":800,"height":800,"url":"https:\/\/biosciences.vn\/wp-content\/uploads\/2024\/07\/BP96.jpg","type":"image\/jpeg"}],"twitter_card":"summary_large_image","twitter_misc":{"Est. reading time":"2 minutes"},"schema":{"@context":"https:\/\/schema.org","@graph":[{"@type":"WebPage","@id":"https:\/\/biosciences.vn\/index.php\/product\/he-thong-thao-tac-chat-long-tu-dong\/","url":"https:\/\/biosciences.vn\/index.php\/product\/he-thong-thao-tac-chat-long-tu-dong\/","name":"H\u1ec7 th\u1ed1ng thao t\u00e1c ch\u1ea5t l\u1ecfng t\u1ef1 \u0111\u1ed9ng (BP96) - Biosciences","isPartOf":{"@id":"https:\/\/biosciences.vn\/#website"},"primaryImageOfPage":{"@id":"https:\/\/biosciences.vn\/index.php\/product\/he-thong-thao-tac-chat-long-tu-dong\/#primaryimage"},"image":{"@id":"https:\/\/biosciences.vn\/index.php\/product\/he-thong-thao-tac-chat-long-tu-dong\/#primaryimage"},"thumbnailUrl":"https:\/\/biosciences.vn\/wp-content\/uploads\/2024\/07\/BP96.jpg","datePublished":"2024-07-15T10:04:40+00:00","dateModified":"2025-08-28T07:55:09+00:00","breadcrumb":{"@id":"https:\/\/biosciences.vn\/index.php\/product\/he-thong-thao-tac-chat-long-tu-dong\/#breadcrumb"},"inLanguage":"en-US","potentialAction":[{"@type":"ReadAction","target":["https:\/\/biosciences.vn\/index.php\/product\/he-thong-thao-tac-chat-long-tu-dong\/"]}]},{"@type":"ImageObject","inLanguage":"en-US","@id":"https:\/\/biosciences.vn\/index.php\/product\/he-thong-thao-tac-chat-long-tu-dong\/#primaryimage","url":"https:\/\/biosciences.vn\/wp-content\/uploads\/2024\/07\/BP96.jpg","contentUrl":"https:\/\/biosciences.vn\/wp-content\/uploads\/2024\/07\/BP96.jpg","width":800,"height":800},{"@type":"BreadcrumbList","@id":"https:\/\/biosciences.vn\/index.php\/product\/he-thong-thao-tac-chat-long-tu-dong\/#breadcrumb","itemListElement":[{"@type":"ListItem","position":1,"name":"Trang ch\u1ee7","item":"https:\/\/biosciences.vn\/index.php\/en\/home\/"},{"@type":"ListItem","position":2,"name":"Shop","item":"https:\/\/biosciences.vn\/index.php\/shop\/"},{"@type":"ListItem","position":3,"name":"H\u1ec7 th\u1ed1ng thao t\u00e1c ch\u1ea5t l\u1ecfng t\u1ef1 \u0111\u1ed9ng (BP96)"}]},{"@type":"WebSite","@id":"https:\/\/biosciences.vn\/#website","url":"https:\/\/biosciences.vn\/","name":"Biosciences","description":"","publisher":{"@id":"https:\/\/biosciences.vn\/#organization"},"potentialAction":[{"@type":"SearchAction","target":{"@type":"EntryPoint","urlTemplate":"https:\/\/biosciences.vn\/?s={search_term_string}"},"query-input":{"@type":"PropertyValueSpecification","valueRequired":true,"valueName":"search_term_string"}}],"inLanguage":"en-US"},{"@type":"Organization","@id":"https:\/\/biosciences.vn\/#organization","name":"Biosciences","url":"https:\/\/biosciences.vn\/","logo":{"@type":"ImageObject","inLanguage":"en-US","@id":"https:\/\/biosciences.vn\/#\/schema\/logo\/image\/","url":"https:\/\/biosciences.vn\/wp-content\/uploads\/2024\/04\/LOGO-BIOSCIENCES-PNG.png","contentUrl":"https:\/\/biosciences.vn\/wp-content\/uploads\/2024\/04\/LOGO-BIOSCIENCES-PNG.png","width":2536,"height":638,"caption":"Biosciences"},"image":{"@id":"https:\/\/biosciences.vn\/#\/schema\/logo\/image\/"}}]}},"brands":[{"id":608,"name":"Biocomma","slug":"biocomma-vi"}],"_links":{"self":[{"href":"https:\/\/biosciences.vn\/index.php\/wp-json\/wp\/v2\/product\/5911"}],"collection":[{"href":"https:\/\/biosciences.vn\/index.php\/wp-json\/wp\/v2\/product"}],"about":[{"href":"https:\/\/biosciences.vn\/index.php\/wp-json\/wp\/v2\/types\/product"}],"replies":[{"embeddable":true,"href":"https:\/\/biosciences.vn\/index.php\/wp-json\/wp\/v2\/comments?post=5911"}],"wp:featuredmedia":[{"embeddable":true,"href":"https:\/\/biosciences.vn\/index.php\/wp-json\/wp\/v2\/media\/5912"}],"wp:attachment":[{"href":"https:\/\/biosciences.vn\/index.php\/wp-json\/wp\/v2\/media?parent=5911"}],"wp:term":[{"taxonomy":"pwb-brand","embeddable":true,"href":"https:\/\/biosciences.vn\/index.php\/wp-json\/wp\/v2\/pwb-brand?post=5911"},{"taxonomy":"product_cat","embeddable":true,"href":"https:\/\/biosciences.vn\/index.php\/wp-json\/wp\/v2\/product_cat?post=5911"},{"taxonomy":"product_tag","embeddable":true,"href":"https:\/\/biosciences.vn\/index.php\/wp-json\/wp\/v2\/product_tag?post=5911"}],"curies":[{"name":"wp","href":"https:\/\/api.w.org\/{rel}","templated":true}]}}