{"id":5939,"date":"2024-07-16T14:19:38","date_gmt":"2024-07-16T07:19:38","guid":{"rendered":"https:\/\/biosciences.vn\/?post_type=product&#038;p=5939"},"modified":"2025-08-28T14:55:09","modified_gmt":"2025-08-28T07:55:09","slug":"chi-thi-sinh-hoc-eo-mini-10-hour-scbi","status":"publish","type":"product","link":"https:\/\/biosciences.vn\/index.php\/product\/chi-thi-sinh-hoc-eo-mini-10-hour-scbi\/","title":{"rendered":"Ch\u1ec9 th\u1ecb sinh h\u1ecdc True Indicating EO Steam Self-contained Biological Indicators 10^5 (MSCST-05)"},"content":{"rendered":"<p><strong>\u0110\u1eb7c \u0111i\u1ec3m<\/strong><\/p>\n<ul>\n<li><strong>Tu\u00e2n th\u1ee7 ti\u00eau chu\u1ea9n<\/strong>: SCBIs n\u00e0y tu\u00e2n th\u1ee7 c\u00e1c ti\u00eau chu\u1ea9n USP, ISO 11138-1 v\u00e0 ISO 11138-3, \u0111\u1ea3m b\u1ea3o t\u00ednh \u0111\u00e1ng tin c\u1eady v\u00e0 \u0111\u1ed9 ch\u00ednh x\u00e1c cao.<\/li>\n<li><strong>Ch\u1ee9ng nh\u1eadn FDA<\/strong>: MSCST-05 \u0111\u00e3 \u0111\u01b0\u1ee3c FDA 510(k) th\u00f4ng qua, \u0111\u1ea3m b\u1ea3o t\u00ednh an to\u00e0n v\u00e0 hi\u1ec7u qu\u1ea3 c\u1ee7a s\u1ea3n ph\u1ea9m.<\/li>\n<li><strong>Th\u1eddi gian \u1ee7 nhanh<\/strong>: Gi\u1ea3m th\u1eddi gian \u1ee7 ch\u1ec9 c\u00f2n 10 gi\u1edd, gi\u00fap ti\u1ebft ki\u1ec7m th\u1eddi gian v\u00e0 t\u0103ng hi\u1ec7u su\u1ea5t c\u00f4ng vi\u1ec7c.<\/li>\n<li><strong>Kh\u00f4ng c\u1ea7n thi\u1ebft b\u1ecb \u1ee7 \u0111\u1eb7c bi\u1ec7t<\/strong>: SCBIs n\u00e0y kh\u00f4ng y\u00eau c\u1ea7u thi\u1ebft b\u1ecb \u1ee7 \u0111\u1eb7c bi\u1ec7t, gi\u00fap ti\u1ebft ki\u1ec7m chi ph\u00ed v\u00e0 ti\u1ec7n l\u1ee3i cho ng\u01b0\u1eddi s\u1eed d\u1ee5ng.<\/li>\n<li><strong>D\u1ec5 s\u1eed d\u1ee5ng<\/strong>: Kh\u00f4ng y\u00eau c\u1ea7u chuy\u1ec3n giao v\u00f4 tr\u00f9ng, ch\u1ec9 c\u1ea7n b\u00f3p \u0111\u1ec3 k\u00edch ho\u1ea1t v\u00e0 \u1ee7.<img decoding=\"async\" data-src=\"https:\/\/static.wixstatic.com\/media\/606cbd_6eb8ac3c21e747518f9b4ea553951795~mv2.jpg\/v1\/fill\/w_949,h_182,al_c,q_80,usm_0.66_1.00_0.01,enc_auto\/Web%20table%20Steam%20MiniscBI-new.jpg\" alt=\"Web table Steam MiniscBI-new.jpg\" src=\"data:image\/gif;base64,R0lGODlhAQABAAAAACH5BAEKAAEALAAAAAABAAEAAAICTAEAOw==\" class=\"lazyload\" \/><noscript><img decoding=\"async\" src=\"https:\/\/static.wixstatic.com\/media\/606cbd_6eb8ac3c21e747518f9b4ea553951795~mv2.jpg\/v1\/fill\/w_949,h_182,al_c,q_80,usm_0.66_1.00_0.01,enc_auto\/Web%20table%20Steam%20MiniscBI-new.jpg\" alt=\"Web table Steam MiniscBI-new.jpg\" \/><\/noscript><\/li>\n<\/ul>\n","protected":false},"excerpt":{"rendered":"<p>\u0110\u1eb7c \u0111i\u1ec3m Tu\u00e2n th\u1ee7 ti\u00eau chu\u1ea9n: SCBIs n\u00e0y tu\u00e2n th\u1ee7 c\u00e1c ti\u00eau chu\u1ea9n USP, ISO 11138-1 v\u00e0 ISO 11138-3, \u0111\u1ea3m b\u1ea3o t\u00ednh \u0111\u00e1ng tin c\u1eady v\u00e0 \u0111\u1ed9 ch\u00ednh x\u00e1c cao. Ch\u1ee9ng nh\u1eadn FDA: MSCST-05 \u0111\u00e3 \u0111\u01b0\u1ee3c FDA 510(k) th\u00f4ng qua, \u0111\u1ea3m b\u1ea3o t\u00ednh an to\u00e0n v\u00e0 hi\u1ec7u qu\u1ea3 c\u1ee7a s\u1ea3n ph\u1ea9m. Th\u1eddi gian \u1ee7 nhanh: [&hellip;]<\/p>\n","protected":false},"featured_media":5940,"comment_status":"open","ping_status":"closed","template":"","meta":[],"pwb-brand":[648],"product_cat":[491,707,737,741,709,739],"product_tag":[919],"class_list":{"0":"post-5939","1":"product","2":"type-product","3":"status-publish","4":"has-post-thumbnail","6":"pwb-brand-true-indicating-vi","7":"product_cat-kiem-soat-nhiem-khuan","8":"product_cat-cham-soc-suc-khoe","9":"product_cat-cong-nghiep","10":"product_cat-duoc-pham-vi","11":"product_cat-nha-khoa","12":"product_cat-phong-thi-nghiem","13":"product_tag-chi-thi-sinh-hoc-scbi","15":"first","16":"onbackorder","17":"shipping-taxable","18":"purchasable","19":"product-type-simple"},"yoast_head":"<!-- This site is optimized with the Yoast SEO plugin v23.6 - https:\/\/yoast.com\/wordpress\/plugins\/seo\/ -->\n<title>Ch\u1ec9 th\u1ecb sinh h\u1ecdc True Indicating EO Steam Self-contained Biological Indicators 10^5 (MSCST-05) - Biosciences<\/title>\n<meta name=\"robots\" content=\"index, follow, max-snippet:-1, max-image-preview:large, max-video-preview:-1\" \/>\n<link rel=\"canonical\" href=\"https:\/\/biosciences.vn\/index.php\/product\/chi-thi-sinh-hoc-eo-mini-10-hour-scbi\/\" \/>\n<meta property=\"og:locale\" content=\"en_US\" \/>\n<meta property=\"og:type\" content=\"article\" \/>\n<meta property=\"og:title\" content=\"Ch\u1ec9 th\u1ecb sinh h\u1ecdc True Indicating EO Steam Self-contained Biological Indicators 10^5 (MSCST-05) - Biosciences\" \/>\n<meta property=\"og:description\" content=\"\u0110\u1eb7c \u0111i\u1ec3m Tu\u00e2n th\u1ee7 ti\u00eau chu\u1ea9n: SCBIs n\u00e0y tu\u00e2n th\u1ee7 c\u00e1c ti\u00eau chu\u1ea9n USP, ISO 11138-1 v\u00e0 ISO 11138-3, \u0111\u1ea3m b\u1ea3o t\u00ednh \u0111\u00e1ng tin c\u1eady v\u00e0 \u0111\u1ed9 ch\u00ednh x\u00e1c cao. Ch\u1ee9ng nh\u1eadn FDA: MSCST-05 \u0111\u00e3 \u0111\u01b0\u1ee3c FDA 510(k) th\u00f4ng qua, \u0111\u1ea3m b\u1ea3o t\u00ednh an to\u00e0n v\u00e0 hi\u1ec7u qu\u1ea3 c\u1ee7a s\u1ea3n ph\u1ea9m. Th\u1eddi gian \u1ee7 nhanh: [&hellip;]\" \/>\n<meta property=\"og:url\" content=\"https:\/\/biosciences.vn\/index.php\/product\/chi-thi-sinh-hoc-eo-mini-10-hour-scbi\/\" \/>\n<meta property=\"og:site_name\" content=\"Biosciences\" \/>\n<meta property=\"article:modified_time\" content=\"2025-08-28T07:55:09+00:00\" \/>\n<meta property=\"og:image\" content=\"https:\/\/biosciences.vn\/wp-content\/uploads\/2024\/07\/MSCST-05.webp\" \/>\n\t<meta property=\"og:image:width\" content=\"1000\" \/>\n\t<meta property=\"og:image:height\" content=\"1000\" \/>\n\t<meta property=\"og:image:type\" content=\"image\/webp\" \/>\n<meta name=\"twitter:card\" content=\"summary_large_image\" \/>\n<meta name=\"twitter:label1\" content=\"Est. reading time\" \/>\n\t<meta name=\"twitter:data1\" content=\"1 minute\" \/>\n<script type=\"application\/ld+json\" class=\"yoast-schema-graph\">{\"@context\":\"https:\/\/schema.org\",\"@graph\":[{\"@type\":\"WebPage\",\"@id\":\"https:\/\/biosciences.vn\/index.php\/product\/chi-thi-sinh-hoc-eo-mini-10-hour-scbi\/\",\"url\":\"https:\/\/biosciences.vn\/index.php\/product\/chi-thi-sinh-hoc-eo-mini-10-hour-scbi\/\",\"name\":\"Ch\u1ec9 th\u1ecb sinh h\u1ecdc True Indicating EO Steam Self-contained Biological Indicators 10^5 (MSCST-05) - Biosciences\",\"isPartOf\":{\"@id\":\"https:\/\/biosciences.vn\/#website\"},\"primaryImageOfPage\":{\"@id\":\"https:\/\/biosciences.vn\/index.php\/product\/chi-thi-sinh-hoc-eo-mini-10-hour-scbi\/#primaryimage\"},\"image\":{\"@id\":\"https:\/\/biosciences.vn\/index.php\/product\/chi-thi-sinh-hoc-eo-mini-10-hour-scbi\/#primaryimage\"},\"thumbnailUrl\":\"https:\/\/biosciences.vn\/wp-content\/uploads\/2024\/07\/MSCST-05.webp\",\"datePublished\":\"2024-07-16T07:19:38+00:00\",\"dateModified\":\"2025-08-28T07:55:09+00:00\",\"breadcrumb\":{\"@id\":\"https:\/\/biosciences.vn\/index.php\/product\/chi-thi-sinh-hoc-eo-mini-10-hour-scbi\/#breadcrumb\"},\"inLanguage\":\"en-US\",\"potentialAction\":[{\"@type\":\"ReadAction\",\"target\":[\"https:\/\/biosciences.vn\/index.php\/product\/chi-thi-sinh-hoc-eo-mini-10-hour-scbi\/\"]}]},{\"@type\":\"ImageObject\",\"inLanguage\":\"en-US\",\"@id\":\"https:\/\/biosciences.vn\/index.php\/product\/chi-thi-sinh-hoc-eo-mini-10-hour-scbi\/#primaryimage\",\"url\":\"https:\/\/biosciences.vn\/wp-content\/uploads\/2024\/07\/MSCST-05.webp\",\"contentUrl\":\"https:\/\/biosciences.vn\/wp-content\/uploads\/2024\/07\/MSCST-05.webp\",\"width\":1000,\"height\":1000},{\"@type\":\"BreadcrumbList\",\"@id\":\"https:\/\/biosciences.vn\/index.php\/product\/chi-thi-sinh-hoc-eo-mini-10-hour-scbi\/#breadcrumb\",\"itemListElement\":[{\"@type\":\"ListItem\",\"position\":1,\"name\":\"Trang ch\u1ee7\",\"item\":\"https:\/\/biosciences.vn\/index.php\/en\/home\/\"},{\"@type\":\"ListItem\",\"position\":2,\"name\":\"Shop\",\"item\":\"https:\/\/biosciences.vn\/index.php\/shop\/\"},{\"@type\":\"ListItem\",\"position\":3,\"name\":\"Ch\u1ec9 th\u1ecb sinh h\u1ecdc True Indicating EO Steam Self-contained Biological Indicators 10^5 (MSCST-05)\"}]},{\"@type\":\"WebSite\",\"@id\":\"https:\/\/biosciences.vn\/#website\",\"url\":\"https:\/\/biosciences.vn\/\",\"name\":\"Biosciences\",\"description\":\"\",\"publisher\":{\"@id\":\"https:\/\/biosciences.vn\/#organization\"},\"potentialAction\":[{\"@type\":\"SearchAction\",\"target\":{\"@type\":\"EntryPoint\",\"urlTemplate\":\"https:\/\/biosciences.vn\/?s={search_term_string}\"},\"query-input\":{\"@type\":\"PropertyValueSpecification\",\"valueRequired\":true,\"valueName\":\"search_term_string\"}}],\"inLanguage\":\"en-US\"},{\"@type\":\"Organization\",\"@id\":\"https:\/\/biosciences.vn\/#organization\",\"name\":\"Biosciences\",\"url\":\"https:\/\/biosciences.vn\/\",\"logo\":{\"@type\":\"ImageObject\",\"inLanguage\":\"en-US\",\"@id\":\"https:\/\/biosciences.vn\/#\/schema\/logo\/image\/\",\"url\":\"https:\/\/biosciences.vn\/wp-content\/uploads\/2024\/04\/LOGO-BIOSCIENCES-PNG.png\",\"contentUrl\":\"https:\/\/biosciences.vn\/wp-content\/uploads\/2024\/04\/LOGO-BIOSCIENCES-PNG.png\",\"width\":2536,\"height\":638,\"caption\":\"Biosciences\"},\"image\":{\"@id\":\"https:\/\/biosciences.vn\/#\/schema\/logo\/image\/\"}}]}<\/script>\n<!-- \/ Yoast SEO plugin. -->","yoast_head_json":{"title":"Ch\u1ec9 th\u1ecb sinh h\u1ecdc True Indicating EO Steam Self-contained Biological Indicators 10^5 (MSCST-05) - Biosciences","robots":{"index":"index","follow":"follow","max-snippet":"max-snippet:-1","max-image-preview":"max-image-preview:large","max-video-preview":"max-video-preview:-1"},"canonical":"https:\/\/biosciences.vn\/index.php\/product\/chi-thi-sinh-hoc-eo-mini-10-hour-scbi\/","og_locale":"en_US","og_type":"article","og_title":"Ch\u1ec9 th\u1ecb sinh h\u1ecdc True Indicating EO Steam Self-contained Biological Indicators 10^5 (MSCST-05) - Biosciences","og_description":"\u0110\u1eb7c \u0111i\u1ec3m Tu\u00e2n th\u1ee7 ti\u00eau chu\u1ea9n: SCBIs n\u00e0y tu\u00e2n th\u1ee7 c\u00e1c ti\u00eau chu\u1ea9n USP, ISO 11138-1 v\u00e0 ISO 11138-3, \u0111\u1ea3m b\u1ea3o t\u00ednh \u0111\u00e1ng tin c\u1eady v\u00e0 \u0111\u1ed9 ch\u00ednh x\u00e1c cao. Ch\u1ee9ng nh\u1eadn FDA: MSCST-05 \u0111\u00e3 \u0111\u01b0\u1ee3c FDA 510(k) th\u00f4ng qua, \u0111\u1ea3m b\u1ea3o t\u00ednh an to\u00e0n v\u00e0 hi\u1ec7u qu\u1ea3 c\u1ee7a s\u1ea3n ph\u1ea9m. Th\u1eddi gian \u1ee7 nhanh: [&hellip;]","og_url":"https:\/\/biosciences.vn\/index.php\/product\/chi-thi-sinh-hoc-eo-mini-10-hour-scbi\/","og_site_name":"Biosciences","article_modified_time":"2025-08-28T07:55:09+00:00","og_image":[{"width":1000,"height":1000,"url":"https:\/\/biosciences.vn\/wp-content\/uploads\/2024\/07\/MSCST-05.webp","type":"image\/webp"}],"twitter_card":"summary_large_image","twitter_misc":{"Est. reading time":"1 minute"},"schema":{"@context":"https:\/\/schema.org","@graph":[{"@type":"WebPage","@id":"https:\/\/biosciences.vn\/index.php\/product\/chi-thi-sinh-hoc-eo-mini-10-hour-scbi\/","url":"https:\/\/biosciences.vn\/index.php\/product\/chi-thi-sinh-hoc-eo-mini-10-hour-scbi\/","name":"Ch\u1ec9 th\u1ecb sinh h\u1ecdc True Indicating EO Steam Self-contained Biological Indicators 10^5 (MSCST-05) - Biosciences","isPartOf":{"@id":"https:\/\/biosciences.vn\/#website"},"primaryImageOfPage":{"@id":"https:\/\/biosciences.vn\/index.php\/product\/chi-thi-sinh-hoc-eo-mini-10-hour-scbi\/#primaryimage"},"image":{"@id":"https:\/\/biosciences.vn\/index.php\/product\/chi-thi-sinh-hoc-eo-mini-10-hour-scbi\/#primaryimage"},"thumbnailUrl":"https:\/\/biosciences.vn\/wp-content\/uploads\/2024\/07\/MSCST-05.webp","datePublished":"2024-07-16T07:19:38+00:00","dateModified":"2025-08-28T07:55:09+00:00","breadcrumb":{"@id":"https:\/\/biosciences.vn\/index.php\/product\/chi-thi-sinh-hoc-eo-mini-10-hour-scbi\/#breadcrumb"},"inLanguage":"en-US","potentialAction":[{"@type":"ReadAction","target":["https:\/\/biosciences.vn\/index.php\/product\/chi-thi-sinh-hoc-eo-mini-10-hour-scbi\/"]}]},{"@type":"ImageObject","inLanguage":"en-US","@id":"https:\/\/biosciences.vn\/index.php\/product\/chi-thi-sinh-hoc-eo-mini-10-hour-scbi\/#primaryimage","url":"https:\/\/biosciences.vn\/wp-content\/uploads\/2024\/07\/MSCST-05.webp","contentUrl":"https:\/\/biosciences.vn\/wp-content\/uploads\/2024\/07\/MSCST-05.webp","width":1000,"height":1000},{"@type":"BreadcrumbList","@id":"https:\/\/biosciences.vn\/index.php\/product\/chi-thi-sinh-hoc-eo-mini-10-hour-scbi\/#breadcrumb","itemListElement":[{"@type":"ListItem","position":1,"name":"Trang ch\u1ee7","item":"https:\/\/biosciences.vn\/index.php\/en\/home\/"},{"@type":"ListItem","position":2,"name":"Shop","item":"https:\/\/biosciences.vn\/index.php\/shop\/"},{"@type":"ListItem","position":3,"name":"Ch\u1ec9 th\u1ecb sinh h\u1ecdc True Indicating EO Steam Self-contained Biological Indicators 10^5 (MSCST-05)"}]},{"@type":"WebSite","@id":"https:\/\/biosciences.vn\/#website","url":"https:\/\/biosciences.vn\/","name":"Biosciences","description":"","publisher":{"@id":"https:\/\/biosciences.vn\/#organization"},"potentialAction":[{"@type":"SearchAction","target":{"@type":"EntryPoint","urlTemplate":"https:\/\/biosciences.vn\/?s={search_term_string}"},"query-input":{"@type":"PropertyValueSpecification","valueRequired":true,"valueName":"search_term_string"}}],"inLanguage":"en-US"},{"@type":"Organization","@id":"https:\/\/biosciences.vn\/#organization","name":"Biosciences","url":"https:\/\/biosciences.vn\/","logo":{"@type":"ImageObject","inLanguage":"en-US","@id":"https:\/\/biosciences.vn\/#\/schema\/logo\/image\/","url":"https:\/\/biosciences.vn\/wp-content\/uploads\/2024\/04\/LOGO-BIOSCIENCES-PNG.png","contentUrl":"https:\/\/biosciences.vn\/wp-content\/uploads\/2024\/04\/LOGO-BIOSCIENCES-PNG.png","width":2536,"height":638,"caption":"Biosciences"},"image":{"@id":"https:\/\/biosciences.vn\/#\/schema\/logo\/image\/"}}]}},"brands":[{"id":648,"name":"True Indicating","slug":"true-indicating-vi"}],"_links":{"self":[{"href":"https:\/\/biosciences.vn\/index.php\/wp-json\/wp\/v2\/product\/5939"}],"collection":[{"href":"https:\/\/biosciences.vn\/index.php\/wp-json\/wp\/v2\/product"}],"about":[{"href":"https:\/\/biosciences.vn\/index.php\/wp-json\/wp\/v2\/types\/product"}],"replies":[{"embeddable":true,"href":"https:\/\/biosciences.vn\/index.php\/wp-json\/wp\/v2\/comments?post=5939"}],"wp:featuredmedia":[{"embeddable":true,"href":"https:\/\/biosciences.vn\/index.php\/wp-json\/wp\/v2\/media\/5940"}],"wp:attachment":[{"href":"https:\/\/biosciences.vn\/index.php\/wp-json\/wp\/v2\/media?parent=5939"}],"wp:term":[{"taxonomy":"pwb-brand","embeddable":true,"href":"https:\/\/biosciences.vn\/index.php\/wp-json\/wp\/v2\/pwb-brand?post=5939"},{"taxonomy":"product_cat","embeddable":true,"href":"https:\/\/biosciences.vn\/index.php\/wp-json\/wp\/v2\/product_cat?post=5939"},{"taxonomy":"product_tag","embeddable":true,"href":"https:\/\/biosciences.vn\/index.php\/wp-json\/wp\/v2\/product_tag?post=5939"}],"curies":[{"name":"wp","href":"https:\/\/api.w.org\/{rel}","templated":true}]}}