{"id":5972,"date":"2024-07-17T20:14:16","date_gmt":"2024-07-17T13:14:16","guid":{"rendered":"https:\/\/biosciences.vn\/?post_type=product&#038;p=5972"},"modified":"2025-08-28T14:55:09","modified_gmt":"2025-08-28T07:55:09","slug":"chi-thi-sinh-hoc-tiet-trung-steam-rigid-106-scst-06","status":"publish","type":"product","link":"https:\/\/biosciences.vn\/index.php\/product\/chi-thi-sinh-hoc-tiet-trung-steam-rigid-106-scst-06\/","title":{"rendered":"Ch\u1ec9 th\u1ecb sinh h\u1ecdc ti\u1ec7t tr\u00f9ng True Indicating Steam Rigid 10^6 (SCST-05-1)"},"content":{"rendered":"<p><strong>\u0110\u1eb7c \u0111i\u1ec3m:<\/strong><\/p>\n<ul>\n<li><strong>Tu\u00e2n th\u1ee7 ti\u00eau chu\u1ea9n:<\/strong> SCBIs n\u00e0y tu\u00e2n th\u1ee7 ti\u00eau chu\u1ea9n USP, ISO 11138-1 v\u00e0 ISO 11138-2, \u0111\u1ea3m b\u1ea3o t\u00ednh \u0111\u00e1ng tin c\u1eady v\u00e0 \u0111\u1ed9 ch\u00ednh x\u00e1c cao.<\/li>\n<li><strong>Th\u1eddi gian \u1ee7 nhanh:<\/strong> Gi\u1ea3m th\u1eddi gian \u1ee7 ch\u1ec9 c\u00f2n 24 gi\u1edd, gi\u00fap ti\u1ebft ki\u1ec7m th\u1eddi gian v\u00e0 t\u0103ng hi\u1ec7u su\u1ea5t c\u00f4ng vi\u1ec7c.<\/li>\n<li><strong>Kh\u00f4ng c\u1ea7n thi\u1ebft b\u1ecb \u1ee7 \u0111\u1eb7c bi\u1ec7t:<\/strong> SCBIs n\u00e0y kh\u00f4ng y\u00eau c\u1ea7u thi\u1ebft b\u1ecb \u1ee7 \u0111\u1eb7c bi\u1ec7t, gi\u00fap ti\u1ebft ki\u1ec7m chi ph\u00ed v\u00e0 ti\u1ec7n l\u1ee3i cho ng\u01b0\u1eddi s\u1eed d\u1ee5ng.<\/li>\n<li><strong>D\u1ec5 s\u1eed d\u1ee5ng:<\/strong> Kh\u00f4ng y\u00eau c\u1ea7u chuy\u1ec3n giao v\u00f4 tr\u00f9ng, ch\u1ec9 c\u1ea7n nh\u1ea5n n\u1eafp \u0111\u1ec3 k\u00edch ho\u1ea1t v\u00e0 \u1ee7.<\/li>\n<li><strong>N\u1eafp \u0111\u1eady k\u00edn:<\/strong> N\u1eafp \u0111\u1eady c\u1ee7a s\u1ea3n ph\u1ea9m gi\u00fap ng\u0103n ng\u1eeba t\u00ecnh tr\u1ea1ng m\u1ea5t n\u01b0\u1edbc v\u00e0 bi\u1ebfn \u0111\u1ed5i m\u00e0u s\u1eafc c\u1ee7a m\u00f4i tr\u01b0\u1eddng nu\u00f4i c\u1ea5y, \u0111\u1ea3m b\u1ea3o \u0111\u1ed9 tin c\u1eady c\u1ee7a k\u1ebft qu\u1ea3 ki\u1ec3m tra.<\/li>\n<li><strong>K\u1ebft c\u1ea5u ch\u1eafc ch\u1eafn:<\/strong> S\u1ea3n ph\u1ea9m \u0111\u01b0\u1ee3c l\u00e0m t\u1eeb Polycarbonate ch\u1eafc ch\u1eafn, cho ph\u00e9p s\u1eed d\u1ee5ng m\u00e0 kh\u00f4ng lo ng\u1ea1i v\u1ec1 vi\u1ec7c k\u00edch ho\u1ea1t ngo\u00e0i \u00fd mu\u1ed1n.<img decoding=\"async\" data-src=\"https:\/\/static.wixstatic.com\/media\/606cbd_f4425231309a44468e191b7975671424~mv2.jpg\/v1\/fill\/w_777,h_130,al_c,q_80,usm_0.66_1.00_0.01,enc_auto\/steam-large-scbi-1-new.jpg\" alt=\"steam-large-scbi-1-new.jpg\" src=\"data:image\/gif;base64,R0lGODlhAQABAAAAACH5BAEKAAEALAAAAAABAAEAAAICTAEAOw==\" class=\"lazyload\" \/><noscript><img decoding=\"async\" src=\"https:\/\/static.wixstatic.com\/media\/606cbd_f4425231309a44468e191b7975671424~mv2.jpg\/v1\/fill\/w_777,h_130,al_c,q_80,usm_0.66_1.00_0.01,enc_auto\/steam-large-scbi-1-new.jpg\" alt=\"steam-large-scbi-1-new.jpg\" \/><\/noscript><\/li>\n<\/ul>\n","protected":false},"excerpt":{"rendered":"<p>\u0110\u1eb7c \u0111i\u1ec3m: Tu\u00e2n th\u1ee7 ti\u00eau chu\u1ea9n: SCBIs n\u00e0y tu\u00e2n th\u1ee7 ti\u00eau chu\u1ea9n USP, ISO 11138-1 v\u00e0 ISO 11138-2, \u0111\u1ea3m b\u1ea3o t\u00ednh \u0111\u00e1ng tin c\u1eady v\u00e0 \u0111\u1ed9 ch\u00ednh x\u00e1c cao. Th\u1eddi gian \u1ee7 nhanh: Gi\u1ea3m th\u1eddi gian \u1ee7 ch\u1ec9 c\u00f2n 24 gi\u1edd, gi\u00fap ti\u1ebft ki\u1ec7m th\u1eddi gian v\u00e0 t\u0103ng hi\u1ec7u su\u1ea5t c\u00f4ng vi\u1ec7c. Kh\u00f4ng c\u1ea7n thi\u1ebft [&hellip;]<\/p>\n","protected":false},"featured_media":5971,"comment_status":"open","ping_status":"closed","template":"","meta":[],"pwb-brand":[648],"product_cat":[491,707,737,741,709,739],"product_tag":[919],"class_list":{"0":"post-5972","1":"product","2":"type-product","3":"status-publish","4":"has-post-thumbnail","6":"pwb-brand-true-indicating-vi","7":"product_cat-kiem-soat-nhiem-khuan","8":"product_cat-cham-soc-suc-khoe","9":"product_cat-cong-nghiep","10":"product_cat-duoc-pham-vi","11":"product_cat-nha-khoa","12":"product_cat-phong-thi-nghiem","13":"product_tag-chi-thi-sinh-hoc-scbi","15":"first","16":"onbackorder","17":"shipping-taxable","18":"purchasable","19":"product-type-simple"},"yoast_head":"<!-- This site is optimized with the Yoast SEO plugin v23.6 - https:\/\/yoast.com\/wordpress\/plugins\/seo\/ -->\n<title>Ch\u1ec9 th\u1ecb sinh h\u1ecdc ti\u1ec7t tr\u00f9ng True Indicating Steam Rigid 10^6 (SCST-05-1) - Biosciences<\/title>\n<meta name=\"robots\" content=\"index, follow, max-snippet:-1, max-image-preview:large, max-video-preview:-1\" \/>\n<link rel=\"canonical\" href=\"https:\/\/biosciences.vn\/index.php\/product\/chi-thi-sinh-hoc-tiet-trung-steam-rigid-106-scst-06\/\" \/>\n<meta property=\"og:locale\" content=\"en_US\" \/>\n<meta property=\"og:type\" content=\"article\" \/>\n<meta property=\"og:title\" content=\"Ch\u1ec9 th\u1ecb sinh h\u1ecdc ti\u1ec7t tr\u00f9ng True Indicating Steam Rigid 10^6 (SCST-05-1) - Biosciences\" \/>\n<meta property=\"og:description\" content=\"\u0110\u1eb7c \u0111i\u1ec3m: Tu\u00e2n th\u1ee7 ti\u00eau chu\u1ea9n: SCBIs n\u00e0y tu\u00e2n th\u1ee7 ti\u00eau chu\u1ea9n USP, ISO 11138-1 v\u00e0 ISO 11138-2, \u0111\u1ea3m b\u1ea3o t\u00ednh \u0111\u00e1ng tin c\u1eady v\u00e0 \u0111\u1ed9 ch\u00ednh x\u00e1c cao. Th\u1eddi gian \u1ee7 nhanh: Gi\u1ea3m th\u1eddi gian \u1ee7 ch\u1ec9 c\u00f2n 24 gi\u1edd, gi\u00fap ti\u1ebft ki\u1ec7m th\u1eddi gian v\u00e0 t\u0103ng hi\u1ec7u su\u1ea5t c\u00f4ng vi\u1ec7c. Kh\u00f4ng c\u1ea7n thi\u1ebft [&hellip;]\" \/>\n<meta property=\"og:url\" content=\"https:\/\/biosciences.vn\/index.php\/product\/chi-thi-sinh-hoc-tiet-trung-steam-rigid-106-scst-06\/\" \/>\n<meta property=\"og:site_name\" content=\"Biosciences\" \/>\n<meta property=\"article:modified_time\" content=\"2025-08-28T07:55:09+00:00\" \/>\n<meta property=\"og:image\" content=\"https:\/\/biosciences.vn\/wp-content\/uploads\/2024\/07\/SCST-05.jpg\" \/>\n\t<meta property=\"og:image:width\" content=\"466\" \/>\n\t<meta property=\"og:image:height\" content=\"606\" \/>\n\t<meta property=\"og:image:type\" content=\"image\/jpeg\" \/>\n<meta name=\"twitter:card\" content=\"summary_large_image\" \/>\n<meta name=\"twitter:label1\" content=\"Est. reading time\" \/>\n\t<meta name=\"twitter:data1\" content=\"2 minutes\" \/>\n<script type=\"application\/ld+json\" class=\"yoast-schema-graph\">{\"@context\":\"https:\/\/schema.org\",\"@graph\":[{\"@type\":\"WebPage\",\"@id\":\"https:\/\/biosciences.vn\/index.php\/product\/chi-thi-sinh-hoc-tiet-trung-steam-rigid-106-scst-06\/\",\"url\":\"https:\/\/biosciences.vn\/index.php\/product\/chi-thi-sinh-hoc-tiet-trung-steam-rigid-106-scst-06\/\",\"name\":\"Ch\u1ec9 th\u1ecb sinh h\u1ecdc ti\u1ec7t tr\u00f9ng True Indicating Steam Rigid 10^6 (SCST-05-1) - Biosciences\",\"isPartOf\":{\"@id\":\"https:\/\/biosciences.vn\/#website\"},\"primaryImageOfPage\":{\"@id\":\"https:\/\/biosciences.vn\/index.php\/product\/chi-thi-sinh-hoc-tiet-trung-steam-rigid-106-scst-06\/#primaryimage\"},\"image\":{\"@id\":\"https:\/\/biosciences.vn\/index.php\/product\/chi-thi-sinh-hoc-tiet-trung-steam-rigid-106-scst-06\/#primaryimage\"},\"thumbnailUrl\":\"https:\/\/biosciences.vn\/wp-content\/uploads\/2024\/07\/SCST-05.jpg\",\"datePublished\":\"2024-07-17T13:14:16+00:00\",\"dateModified\":\"2025-08-28T07:55:09+00:00\",\"breadcrumb\":{\"@id\":\"https:\/\/biosciences.vn\/index.php\/product\/chi-thi-sinh-hoc-tiet-trung-steam-rigid-106-scst-06\/#breadcrumb\"},\"inLanguage\":\"en-US\",\"potentialAction\":[{\"@type\":\"ReadAction\",\"target\":[\"https:\/\/biosciences.vn\/index.php\/product\/chi-thi-sinh-hoc-tiet-trung-steam-rigid-106-scst-06\/\"]}]},{\"@type\":\"ImageObject\",\"inLanguage\":\"en-US\",\"@id\":\"https:\/\/biosciences.vn\/index.php\/product\/chi-thi-sinh-hoc-tiet-trung-steam-rigid-106-scst-06\/#primaryimage\",\"url\":\"https:\/\/biosciences.vn\/wp-content\/uploads\/2024\/07\/SCST-05.jpg\",\"contentUrl\":\"https:\/\/biosciences.vn\/wp-content\/uploads\/2024\/07\/SCST-05.jpg\",\"width\":466,\"height\":606},{\"@type\":\"BreadcrumbList\",\"@id\":\"https:\/\/biosciences.vn\/index.php\/product\/chi-thi-sinh-hoc-tiet-trung-steam-rigid-106-scst-06\/#breadcrumb\",\"itemListElement\":[{\"@type\":\"ListItem\",\"position\":1,\"name\":\"Trang ch\u1ee7\",\"item\":\"https:\/\/biosciences.vn\/index.php\/en\/home\/\"},{\"@type\":\"ListItem\",\"position\":2,\"name\":\"Shop\",\"item\":\"https:\/\/biosciences.vn\/index.php\/shop\/\"},{\"@type\":\"ListItem\",\"position\":3,\"name\":\"Ch\u1ec9 th\u1ecb sinh h\u1ecdc ti\u1ec7t tr\u00f9ng True Indicating Steam Rigid 10^6 (SCST-05-1)\"}]},{\"@type\":\"WebSite\",\"@id\":\"https:\/\/biosciences.vn\/#website\",\"url\":\"https:\/\/biosciences.vn\/\",\"name\":\"Biosciences\",\"description\":\"\",\"publisher\":{\"@id\":\"https:\/\/biosciences.vn\/#organization\"},\"potentialAction\":[{\"@type\":\"SearchAction\",\"target\":{\"@type\":\"EntryPoint\",\"urlTemplate\":\"https:\/\/biosciences.vn\/?s={search_term_string}\"},\"query-input\":{\"@type\":\"PropertyValueSpecification\",\"valueRequired\":true,\"valueName\":\"search_term_string\"}}],\"inLanguage\":\"en-US\"},{\"@type\":\"Organization\",\"@id\":\"https:\/\/biosciences.vn\/#organization\",\"name\":\"Biosciences\",\"url\":\"https:\/\/biosciences.vn\/\",\"logo\":{\"@type\":\"ImageObject\",\"inLanguage\":\"en-US\",\"@id\":\"https:\/\/biosciences.vn\/#\/schema\/logo\/image\/\",\"url\":\"https:\/\/biosciences.vn\/wp-content\/uploads\/2024\/04\/LOGO-BIOSCIENCES-PNG.png\",\"contentUrl\":\"https:\/\/biosciences.vn\/wp-content\/uploads\/2024\/04\/LOGO-BIOSCIENCES-PNG.png\",\"width\":2536,\"height\":638,\"caption\":\"Biosciences\"},\"image\":{\"@id\":\"https:\/\/biosciences.vn\/#\/schema\/logo\/image\/\"}}]}<\/script>\n<!-- \/ Yoast SEO plugin. -->","yoast_head_json":{"title":"Ch\u1ec9 th\u1ecb sinh h\u1ecdc ti\u1ec7t tr\u00f9ng True Indicating Steam Rigid 10^6 (SCST-05-1) - Biosciences","robots":{"index":"index","follow":"follow","max-snippet":"max-snippet:-1","max-image-preview":"max-image-preview:large","max-video-preview":"max-video-preview:-1"},"canonical":"https:\/\/biosciences.vn\/index.php\/product\/chi-thi-sinh-hoc-tiet-trung-steam-rigid-106-scst-06\/","og_locale":"en_US","og_type":"article","og_title":"Ch\u1ec9 th\u1ecb sinh h\u1ecdc ti\u1ec7t tr\u00f9ng True Indicating Steam Rigid 10^6 (SCST-05-1) - Biosciences","og_description":"\u0110\u1eb7c \u0111i\u1ec3m: Tu\u00e2n th\u1ee7 ti\u00eau chu\u1ea9n: SCBIs n\u00e0y tu\u00e2n th\u1ee7 ti\u00eau chu\u1ea9n USP, ISO 11138-1 v\u00e0 ISO 11138-2, \u0111\u1ea3m b\u1ea3o t\u00ednh \u0111\u00e1ng tin c\u1eady v\u00e0 \u0111\u1ed9 ch\u00ednh x\u00e1c cao. Th\u1eddi gian \u1ee7 nhanh: Gi\u1ea3m th\u1eddi gian \u1ee7 ch\u1ec9 c\u00f2n 24 gi\u1edd, gi\u00fap ti\u1ebft ki\u1ec7m th\u1eddi gian v\u00e0 t\u0103ng hi\u1ec7u su\u1ea5t c\u00f4ng vi\u1ec7c. Kh\u00f4ng c\u1ea7n thi\u1ebft [&hellip;]","og_url":"https:\/\/biosciences.vn\/index.php\/product\/chi-thi-sinh-hoc-tiet-trung-steam-rigid-106-scst-06\/","og_site_name":"Biosciences","article_modified_time":"2025-08-28T07:55:09+00:00","og_image":[{"width":466,"height":606,"url":"https:\/\/biosciences.vn\/wp-content\/uploads\/2024\/07\/SCST-05.jpg","type":"image\/jpeg"}],"twitter_card":"summary_large_image","twitter_misc":{"Est. reading time":"2 minutes"},"schema":{"@context":"https:\/\/schema.org","@graph":[{"@type":"WebPage","@id":"https:\/\/biosciences.vn\/index.php\/product\/chi-thi-sinh-hoc-tiet-trung-steam-rigid-106-scst-06\/","url":"https:\/\/biosciences.vn\/index.php\/product\/chi-thi-sinh-hoc-tiet-trung-steam-rigid-106-scst-06\/","name":"Ch\u1ec9 th\u1ecb sinh h\u1ecdc ti\u1ec7t tr\u00f9ng True Indicating Steam Rigid 10^6 (SCST-05-1) - Biosciences","isPartOf":{"@id":"https:\/\/biosciences.vn\/#website"},"primaryImageOfPage":{"@id":"https:\/\/biosciences.vn\/index.php\/product\/chi-thi-sinh-hoc-tiet-trung-steam-rigid-106-scst-06\/#primaryimage"},"image":{"@id":"https:\/\/biosciences.vn\/index.php\/product\/chi-thi-sinh-hoc-tiet-trung-steam-rigid-106-scst-06\/#primaryimage"},"thumbnailUrl":"https:\/\/biosciences.vn\/wp-content\/uploads\/2024\/07\/SCST-05.jpg","datePublished":"2024-07-17T13:14:16+00:00","dateModified":"2025-08-28T07:55:09+00:00","breadcrumb":{"@id":"https:\/\/biosciences.vn\/index.php\/product\/chi-thi-sinh-hoc-tiet-trung-steam-rigid-106-scst-06\/#breadcrumb"},"inLanguage":"en-US","potentialAction":[{"@type":"ReadAction","target":["https:\/\/biosciences.vn\/index.php\/product\/chi-thi-sinh-hoc-tiet-trung-steam-rigid-106-scst-06\/"]}]},{"@type":"ImageObject","inLanguage":"en-US","@id":"https:\/\/biosciences.vn\/index.php\/product\/chi-thi-sinh-hoc-tiet-trung-steam-rigid-106-scst-06\/#primaryimage","url":"https:\/\/biosciences.vn\/wp-content\/uploads\/2024\/07\/SCST-05.jpg","contentUrl":"https:\/\/biosciences.vn\/wp-content\/uploads\/2024\/07\/SCST-05.jpg","width":466,"height":606},{"@type":"BreadcrumbList","@id":"https:\/\/biosciences.vn\/index.php\/product\/chi-thi-sinh-hoc-tiet-trung-steam-rigid-106-scst-06\/#breadcrumb","itemListElement":[{"@type":"ListItem","position":1,"name":"Trang ch\u1ee7","item":"https:\/\/biosciences.vn\/index.php\/en\/home\/"},{"@type":"ListItem","position":2,"name":"Shop","item":"https:\/\/biosciences.vn\/index.php\/shop\/"},{"@type":"ListItem","position":3,"name":"Ch\u1ec9 th\u1ecb sinh h\u1ecdc ti\u1ec7t tr\u00f9ng True Indicating Steam Rigid 10^6 (SCST-05-1)"}]},{"@type":"WebSite","@id":"https:\/\/biosciences.vn\/#website","url":"https:\/\/biosciences.vn\/","name":"Biosciences","description":"","publisher":{"@id":"https:\/\/biosciences.vn\/#organization"},"potentialAction":[{"@type":"SearchAction","target":{"@type":"EntryPoint","urlTemplate":"https:\/\/biosciences.vn\/?s={search_term_string}"},"query-input":{"@type":"PropertyValueSpecification","valueRequired":true,"valueName":"search_term_string"}}],"inLanguage":"en-US"},{"@type":"Organization","@id":"https:\/\/biosciences.vn\/#organization","name":"Biosciences","url":"https:\/\/biosciences.vn\/","logo":{"@type":"ImageObject","inLanguage":"en-US","@id":"https:\/\/biosciences.vn\/#\/schema\/logo\/image\/","url":"https:\/\/biosciences.vn\/wp-content\/uploads\/2024\/04\/LOGO-BIOSCIENCES-PNG.png","contentUrl":"https:\/\/biosciences.vn\/wp-content\/uploads\/2024\/04\/LOGO-BIOSCIENCES-PNG.png","width":2536,"height":638,"caption":"Biosciences"},"image":{"@id":"https:\/\/biosciences.vn\/#\/schema\/logo\/image\/"}}]}},"brands":[{"id":648,"name":"True Indicating","slug":"true-indicating-vi"}],"_links":{"self":[{"href":"https:\/\/biosciences.vn\/index.php\/wp-json\/wp\/v2\/product\/5972"}],"collection":[{"href":"https:\/\/biosciences.vn\/index.php\/wp-json\/wp\/v2\/product"}],"about":[{"href":"https:\/\/biosciences.vn\/index.php\/wp-json\/wp\/v2\/types\/product"}],"replies":[{"embeddable":true,"href":"https:\/\/biosciences.vn\/index.php\/wp-json\/wp\/v2\/comments?post=5972"}],"wp:featuredmedia":[{"embeddable":true,"href":"https:\/\/biosciences.vn\/index.php\/wp-json\/wp\/v2\/media\/5971"}],"wp:attachment":[{"href":"https:\/\/biosciences.vn\/index.php\/wp-json\/wp\/v2\/media?parent=5972"}],"wp:term":[{"taxonomy":"pwb-brand","embeddable":true,"href":"https:\/\/biosciences.vn\/index.php\/wp-json\/wp\/v2\/pwb-brand?post=5972"},{"taxonomy":"product_cat","embeddable":true,"href":"https:\/\/biosciences.vn\/index.php\/wp-json\/wp\/v2\/product_cat?post=5972"},{"taxonomy":"product_tag","embeddable":true,"href":"https:\/\/biosciences.vn\/index.php\/wp-json\/wp\/v2\/product_tag?post=5972"}],"curies":[{"name":"wp","href":"https:\/\/api.w.org\/{rel}","templated":true}]}}