{"id":5976,"date":"2024-07-17T20:27:19","date_gmt":"2024-07-17T13:27:19","guid":{"rendered":"https:\/\/biosciences.vn\/?post_type=product&#038;p=5976"},"modified":"2025-08-28T14:55:09","modified_gmt":"2025-08-28T07:55:09","slug":"chi-thi-sinh-hoc-tiet-trung-20s-106-steam-iscs-06","status":"publish","type":"product","link":"https:\/\/biosciences.vn\/index.php\/product\/chi-thi-sinh-hoc-tiet-trung-20s-106-steam-iscs-06\/","title":{"rendered":"Ch\u1ec9 th\u1ecb sinh h\u1ecdc ti\u1ec7t tr\u00f9ng True Indicating 20s 10^6 Steam (ISCS-06)"},"content":{"rendered":"<h3>Ch\u1ec9 th\u1ecb sinh h\u1ecdc\u00a0 nhanh 20s 10^6 (STEAM)<\/h3>\n<p><strong>\u0110\u1eb7c \u0111i\u1ec3m:<\/strong><\/p>\n<ul>\n<li><strong>Tu\u00e2n th\u1ee7 ti\u00eau chu\u1ea9n:<\/strong> S\u1ea3n ph\u1ea9m n\u00e0y tu\u00e2n th\u1ee7 c\u00e1c ti\u00eau chu\u1ea9n USP, ISO 11138-1 v\u00e0 ISO 11138-3, \u0111\u1ea3m b\u1ea3o t\u00ednh \u0111\u00e1ng tin c\u1eady v\u00e0 \u0111\u1ed9 ch\u00ednh x\u00e1c cao.<\/li>\n<li><strong>K\u1ebft qu\u1ea3 nhanh ch\u00f3ng:<\/strong> \u0110\u01b0\u1ee3c thi\u1ebft k\u1ebf ti\u00ean ti\u1ebfn, cho k\u1ebft qu\u1ea3 ch\u1ec9 trong 20 gi\u00e2y, gi\u00fap ti\u1ebft ki\u1ec7m th\u1eddi gian v\u00e0 t\u0103ng hi\u1ec7u su\u1ea5t c\u00f4ng vi\u1ec7c.<\/li>\n<li><strong>Kh\u00f4ng c\u1ea7n thi\u1ebft b\u1ecb \u0111\u1eb7c bi\u1ec7t:<\/strong> S\u1ea3n ph\u1ea9m n\u00e0y kh\u00f4ng y\u00eau c\u1ea7u s\u1eed d\u1ee5ng m\u00e1y \u0111\u1ecdc ho\u1eb7c thi\u1ebft b\u1ecb \u1ee7 \u0111\u1eb7c bi\u1ec7t, mang l\u1ea1i s\u1ef1 ti\u1ec7n l\u1ee3i v\u00e0 gi\u1ea3m chi ph\u00ed cho ng\u01b0\u1eddi s\u1eed d\u1ee5ng.<\/li>\n<li><strong>Ch\u1ee9ng nh\u1eadn FDA:<\/strong> S\u1ea3n ph\u1ea9m \u0111\u00e3 \u0111\u01b0\u1ee3c FDA ch\u1ee9ng nh\u1eadn theo ti\u00eau chu\u1ea9n 510k d\u01b0\u1edbi m\u00e3 s\u1ed1 K210481, \u0111\u1ea3m b\u1ea3o an to\u00e0n v\u00e0 hi\u1ec7u qu\u1ea3.<\/li>\n<\/ul>\n<h3>Th\u00e0nh ph\u1ea7n b\u1ed9 s\u1ea3n ph\u1ea9m:<\/h3>\n<ul>\n<li>25 Ch\u1ec9 th\u1ecb t\u1ee9c th\u00ec 20 gi\u00e2y<\/li>\n<li>1 Chai dung d\u1ecbch ch\u1ec9 th\u1ecb<\/li>\n<li>25 C\u1ed1c nh\u1ef1a \u0111\u1ec3 xem k\u1ebft qu\u1ea3<\/li>\n<li>1 C\u1eb7p nh\u00edp d\u00f9ng m\u1ed9t l\u1ea7n<\/li>\n<\/ul>\n<h3><img decoding=\"async\" data-src=\"https:\/\/static.wixstatic.com\/media\/606cbd_d42164da4a5a4998ab80e83374f2ef21~mv2.jpg\/v1\/fill\/w_1900,h_538,al_c,q_85,enc_auto\/instatru%20new%20pic%20product%20page-new.jpg\" alt=\"instatru new pic product page-new.jpg\" src=\"data:image\/gif;base64,R0lGODlhAQABAAAAACH5BAEKAAEALAAAAAABAAEAAAICTAEAOw==\" class=\"lazyload\" \/><noscript><img decoding=\"async\" src=\"https:\/\/static.wixstatic.com\/media\/606cbd_d42164da4a5a4998ab80e83374f2ef21~mv2.jpg\/v1\/fill\/w_1900,h_538,al_c,q_85,enc_auto\/instatru%20new%20pic%20product%20page-new.jpg\" alt=\"instatru new pic product page-new.jpg\" \/><\/noscript><\/h3>\n<h3>ISCS-05 20 sec Indicator 10^5 (STEAM)<\/h3>\n<p>S\u1ea3n ph\u1ea9m n\u00e0y l\u00e0 l\u1ef1a ch\u1ecdn ho\u00e0n h\u1ea3o cho c\u00e1c ph\u00f2ng th\u00ed nghi\u1ec7m v\u00e0 c\u01a1 s\u1edf y t\u1ebf y\u00eau c\u1ea7u k\u1ebft qu\u1ea3 ki\u1ec3m tra sinh h\u1ecdc nhanh ch\u00f3ng v\u00e0 \u0111\u00e1ng tin c\u1eady. V\u1edbi thi\u1ebft k\u1ebf ti\u00ean ti\u1ebfn v\u00e0 ti\u1ec7n l\u1ee3i, ISCS-05 20 sec Indicator 10^5 (STEAM) s\u1ebd \u0111\u00e1p \u1ee9ng m\u1ecdi nhu c\u1ea7u ki\u1ec3m tra kh\u1eaft khe c\u1ee7a b\u1ea1n.<\/p>\n","protected":false},"excerpt":{"rendered":"<p>Ch\u1ec9 th\u1ecb sinh h\u1ecdc\u00a0 nhanh 20s 10^6 (STEAM) \u0110\u1eb7c \u0111i\u1ec3m: Tu\u00e2n th\u1ee7 ti\u00eau chu\u1ea9n: S\u1ea3n ph\u1ea9m n\u00e0y tu\u00e2n th\u1ee7 c\u00e1c ti\u00eau chu\u1ea9n USP, ISO 11138-1 v\u00e0 ISO 11138-3, \u0111\u1ea3m b\u1ea3o t\u00ednh \u0111\u00e1ng tin c\u1eady v\u00e0 \u0111\u1ed9 ch\u00ednh x\u00e1c cao. K\u1ebft qu\u1ea3 nhanh ch\u00f3ng: \u0110\u01b0\u1ee3c thi\u1ebft k\u1ebf ti\u00ean ti\u1ebfn, cho k\u1ebft qu\u1ea3 ch\u1ec9 trong 20 gi\u00e2y, [&hellip;]<\/p>\n","protected":false},"featured_media":5974,"comment_status":"open","ping_status":"closed","template":"","meta":[],"pwb-brand":[648],"product_cat":[491,707,737,741,709,739],"product_tag":[919],"class_list":{"0":"post-5976","1":"product","2":"type-product","3":"status-publish","4":"has-post-thumbnail","6":"pwb-brand-true-indicating-vi","7":"product_cat-kiem-soat-nhiem-khuan","8":"product_cat-cham-soc-suc-khoe","9":"product_cat-cong-nghiep","10":"product_cat-duoc-pham-vi","11":"product_cat-nha-khoa","12":"product_cat-phong-thi-nghiem","13":"product_tag-chi-thi-sinh-hoc-scbi","15":"first","16":"onbackorder","17":"shipping-taxable","18":"purchasable","19":"product-type-simple"},"yoast_head":"<!-- This site is optimized with the Yoast SEO plugin v23.6 - https:\/\/yoast.com\/wordpress\/plugins\/seo\/ -->\n<title>Ch\u1ec9 th\u1ecb sinh h\u1ecdc ti\u1ec7t tr\u00f9ng True Indicating 20s 10^6 Steam (ISCS-06) - Biosciences<\/title>\n<meta name=\"robots\" content=\"index, follow, max-snippet:-1, max-image-preview:large, max-video-preview:-1\" \/>\n<link rel=\"canonical\" href=\"https:\/\/biosciences.vn\/index.php\/product\/chi-thi-sinh-hoc-tiet-trung-20s-106-steam-iscs-06\/\" \/>\n<meta property=\"og:locale\" content=\"en_US\" \/>\n<meta property=\"og:type\" content=\"article\" \/>\n<meta property=\"og:title\" content=\"Ch\u1ec9 th\u1ecb sinh h\u1ecdc ti\u1ec7t tr\u00f9ng True Indicating 20s 10^6 Steam (ISCS-06) - Biosciences\" \/>\n<meta property=\"og:description\" content=\"Ch\u1ec9 th\u1ecb sinh h\u1ecdc\u00a0 nhanh 20s 10^6 (STEAM) \u0110\u1eb7c \u0111i\u1ec3m: Tu\u00e2n th\u1ee7 ti\u00eau chu\u1ea9n: S\u1ea3n ph\u1ea9m n\u00e0y tu\u00e2n th\u1ee7 c\u00e1c ti\u00eau chu\u1ea9n USP, ISO 11138-1 v\u00e0 ISO 11138-3, \u0111\u1ea3m b\u1ea3o t\u00ednh \u0111\u00e1ng tin c\u1eady v\u00e0 \u0111\u1ed9 ch\u00ednh x\u00e1c cao. K\u1ebft qu\u1ea3 nhanh ch\u00f3ng: \u0110\u01b0\u1ee3c thi\u1ebft k\u1ebf ti\u00ean ti\u1ebfn, cho k\u1ebft qu\u1ea3 ch\u1ec9 trong 20 gi\u00e2y, [&hellip;]\" \/>\n<meta property=\"og:url\" content=\"https:\/\/biosciences.vn\/index.php\/product\/chi-thi-sinh-hoc-tiet-trung-20s-106-steam-iscs-06\/\" \/>\n<meta property=\"og:site_name\" content=\"Biosciences\" \/>\n<meta property=\"article:modified_time\" content=\"2025-08-28T07:55:09+00:00\" \/>\n<meta property=\"og:image\" content=\"https:\/\/biosciences.vn\/wp-content\/uploads\/2024\/07\/ISCS-05.jpg\" \/>\n\t<meta property=\"og:image:width\" content=\"629\" \/>\n\t<meta property=\"og:image:height\" content=\"629\" \/>\n\t<meta property=\"og:image:type\" content=\"image\/jpeg\" \/>\n<meta name=\"twitter:card\" content=\"summary_large_image\" \/>\n<meta name=\"twitter:label1\" content=\"Est. reading time\" \/>\n\t<meta name=\"twitter:data1\" content=\"2 minutes\" \/>\n<script type=\"application\/ld+json\" class=\"yoast-schema-graph\">{\"@context\":\"https:\/\/schema.org\",\"@graph\":[{\"@type\":\"WebPage\",\"@id\":\"https:\/\/biosciences.vn\/index.php\/product\/chi-thi-sinh-hoc-tiet-trung-20s-106-steam-iscs-06\/\",\"url\":\"https:\/\/biosciences.vn\/index.php\/product\/chi-thi-sinh-hoc-tiet-trung-20s-106-steam-iscs-06\/\",\"name\":\"Ch\u1ec9 th\u1ecb sinh h\u1ecdc ti\u1ec7t tr\u00f9ng True Indicating 20s 10^6 Steam (ISCS-06) - Biosciences\",\"isPartOf\":{\"@id\":\"https:\/\/biosciences.vn\/#website\"},\"primaryImageOfPage\":{\"@id\":\"https:\/\/biosciences.vn\/index.php\/product\/chi-thi-sinh-hoc-tiet-trung-20s-106-steam-iscs-06\/#primaryimage\"},\"image\":{\"@id\":\"https:\/\/biosciences.vn\/index.php\/product\/chi-thi-sinh-hoc-tiet-trung-20s-106-steam-iscs-06\/#primaryimage\"},\"thumbnailUrl\":\"https:\/\/biosciences.vn\/wp-content\/uploads\/2024\/07\/ISCS-05.jpg\",\"datePublished\":\"2024-07-17T13:27:19+00:00\",\"dateModified\":\"2025-08-28T07:55:09+00:00\",\"breadcrumb\":{\"@id\":\"https:\/\/biosciences.vn\/index.php\/product\/chi-thi-sinh-hoc-tiet-trung-20s-106-steam-iscs-06\/#breadcrumb\"},\"inLanguage\":\"en-US\",\"potentialAction\":[{\"@type\":\"ReadAction\",\"target\":[\"https:\/\/biosciences.vn\/index.php\/product\/chi-thi-sinh-hoc-tiet-trung-20s-106-steam-iscs-06\/\"]}]},{\"@type\":\"ImageObject\",\"inLanguage\":\"en-US\",\"@id\":\"https:\/\/biosciences.vn\/index.php\/product\/chi-thi-sinh-hoc-tiet-trung-20s-106-steam-iscs-06\/#primaryimage\",\"url\":\"https:\/\/biosciences.vn\/wp-content\/uploads\/2024\/07\/ISCS-05.jpg\",\"contentUrl\":\"https:\/\/biosciences.vn\/wp-content\/uploads\/2024\/07\/ISCS-05.jpg\",\"width\":629,\"height\":629},{\"@type\":\"BreadcrumbList\",\"@id\":\"https:\/\/biosciences.vn\/index.php\/product\/chi-thi-sinh-hoc-tiet-trung-20s-106-steam-iscs-06\/#breadcrumb\",\"itemListElement\":[{\"@type\":\"ListItem\",\"position\":1,\"name\":\"Trang ch\u1ee7\",\"item\":\"https:\/\/biosciences.vn\/index.php\/en\/home\/\"},{\"@type\":\"ListItem\",\"position\":2,\"name\":\"Shop\",\"item\":\"https:\/\/biosciences.vn\/index.php\/shop\/\"},{\"@type\":\"ListItem\",\"position\":3,\"name\":\"Ch\u1ec9 th\u1ecb sinh h\u1ecdc ti\u1ec7t tr\u00f9ng True Indicating 20s 10^6 Steam (ISCS-06)\"}]},{\"@type\":\"WebSite\",\"@id\":\"https:\/\/biosciences.vn\/#website\",\"url\":\"https:\/\/biosciences.vn\/\",\"name\":\"Biosciences\",\"description\":\"\",\"publisher\":{\"@id\":\"https:\/\/biosciences.vn\/#organization\"},\"potentialAction\":[{\"@type\":\"SearchAction\",\"target\":{\"@type\":\"EntryPoint\",\"urlTemplate\":\"https:\/\/biosciences.vn\/?s={search_term_string}\"},\"query-input\":{\"@type\":\"PropertyValueSpecification\",\"valueRequired\":true,\"valueName\":\"search_term_string\"}}],\"inLanguage\":\"en-US\"},{\"@type\":\"Organization\",\"@id\":\"https:\/\/biosciences.vn\/#organization\",\"name\":\"Biosciences\",\"url\":\"https:\/\/biosciences.vn\/\",\"logo\":{\"@type\":\"ImageObject\",\"inLanguage\":\"en-US\",\"@id\":\"https:\/\/biosciences.vn\/#\/schema\/logo\/image\/\",\"url\":\"https:\/\/biosciences.vn\/wp-content\/uploads\/2024\/04\/LOGO-BIOSCIENCES-PNG.png\",\"contentUrl\":\"https:\/\/biosciences.vn\/wp-content\/uploads\/2024\/04\/LOGO-BIOSCIENCES-PNG.png\",\"width\":2536,\"height\":638,\"caption\":\"Biosciences\"},\"image\":{\"@id\":\"https:\/\/biosciences.vn\/#\/schema\/logo\/image\/\"}}]}<\/script>\n<!-- \/ Yoast SEO plugin. -->","yoast_head_json":{"title":"Ch\u1ec9 th\u1ecb sinh h\u1ecdc ti\u1ec7t tr\u00f9ng True Indicating 20s 10^6 Steam (ISCS-06) - Biosciences","robots":{"index":"index","follow":"follow","max-snippet":"max-snippet:-1","max-image-preview":"max-image-preview:large","max-video-preview":"max-video-preview:-1"},"canonical":"https:\/\/biosciences.vn\/index.php\/product\/chi-thi-sinh-hoc-tiet-trung-20s-106-steam-iscs-06\/","og_locale":"en_US","og_type":"article","og_title":"Ch\u1ec9 th\u1ecb sinh h\u1ecdc ti\u1ec7t tr\u00f9ng True Indicating 20s 10^6 Steam (ISCS-06) - Biosciences","og_description":"Ch\u1ec9 th\u1ecb sinh h\u1ecdc\u00a0 nhanh 20s 10^6 (STEAM) \u0110\u1eb7c \u0111i\u1ec3m: Tu\u00e2n th\u1ee7 ti\u00eau chu\u1ea9n: S\u1ea3n ph\u1ea9m n\u00e0y tu\u00e2n th\u1ee7 c\u00e1c ti\u00eau chu\u1ea9n USP, ISO 11138-1 v\u00e0 ISO 11138-3, \u0111\u1ea3m b\u1ea3o t\u00ednh \u0111\u00e1ng tin c\u1eady v\u00e0 \u0111\u1ed9 ch\u00ednh x\u00e1c cao. K\u1ebft qu\u1ea3 nhanh ch\u00f3ng: \u0110\u01b0\u1ee3c thi\u1ebft k\u1ebf ti\u00ean ti\u1ebfn, cho k\u1ebft qu\u1ea3 ch\u1ec9 trong 20 gi\u00e2y, [&hellip;]","og_url":"https:\/\/biosciences.vn\/index.php\/product\/chi-thi-sinh-hoc-tiet-trung-20s-106-steam-iscs-06\/","og_site_name":"Biosciences","article_modified_time":"2025-08-28T07:55:09+00:00","og_image":[{"width":629,"height":629,"url":"https:\/\/biosciences.vn\/wp-content\/uploads\/2024\/07\/ISCS-05.jpg","type":"image\/jpeg"}],"twitter_card":"summary_large_image","twitter_misc":{"Est. reading time":"2 minutes"},"schema":{"@context":"https:\/\/schema.org","@graph":[{"@type":"WebPage","@id":"https:\/\/biosciences.vn\/index.php\/product\/chi-thi-sinh-hoc-tiet-trung-20s-106-steam-iscs-06\/","url":"https:\/\/biosciences.vn\/index.php\/product\/chi-thi-sinh-hoc-tiet-trung-20s-106-steam-iscs-06\/","name":"Ch\u1ec9 th\u1ecb sinh h\u1ecdc ti\u1ec7t tr\u00f9ng True Indicating 20s 10^6 Steam (ISCS-06) - Biosciences","isPartOf":{"@id":"https:\/\/biosciences.vn\/#website"},"primaryImageOfPage":{"@id":"https:\/\/biosciences.vn\/index.php\/product\/chi-thi-sinh-hoc-tiet-trung-20s-106-steam-iscs-06\/#primaryimage"},"image":{"@id":"https:\/\/biosciences.vn\/index.php\/product\/chi-thi-sinh-hoc-tiet-trung-20s-106-steam-iscs-06\/#primaryimage"},"thumbnailUrl":"https:\/\/biosciences.vn\/wp-content\/uploads\/2024\/07\/ISCS-05.jpg","datePublished":"2024-07-17T13:27:19+00:00","dateModified":"2025-08-28T07:55:09+00:00","breadcrumb":{"@id":"https:\/\/biosciences.vn\/index.php\/product\/chi-thi-sinh-hoc-tiet-trung-20s-106-steam-iscs-06\/#breadcrumb"},"inLanguage":"en-US","potentialAction":[{"@type":"ReadAction","target":["https:\/\/biosciences.vn\/index.php\/product\/chi-thi-sinh-hoc-tiet-trung-20s-106-steam-iscs-06\/"]}]},{"@type":"ImageObject","inLanguage":"en-US","@id":"https:\/\/biosciences.vn\/index.php\/product\/chi-thi-sinh-hoc-tiet-trung-20s-106-steam-iscs-06\/#primaryimage","url":"https:\/\/biosciences.vn\/wp-content\/uploads\/2024\/07\/ISCS-05.jpg","contentUrl":"https:\/\/biosciences.vn\/wp-content\/uploads\/2024\/07\/ISCS-05.jpg","width":629,"height":629},{"@type":"BreadcrumbList","@id":"https:\/\/biosciences.vn\/index.php\/product\/chi-thi-sinh-hoc-tiet-trung-20s-106-steam-iscs-06\/#breadcrumb","itemListElement":[{"@type":"ListItem","position":1,"name":"Trang ch\u1ee7","item":"https:\/\/biosciences.vn\/index.php\/en\/home\/"},{"@type":"ListItem","position":2,"name":"Shop","item":"https:\/\/biosciences.vn\/index.php\/shop\/"},{"@type":"ListItem","position":3,"name":"Ch\u1ec9 th\u1ecb sinh h\u1ecdc ti\u1ec7t tr\u00f9ng True Indicating 20s 10^6 Steam (ISCS-06)"}]},{"@type":"WebSite","@id":"https:\/\/biosciences.vn\/#website","url":"https:\/\/biosciences.vn\/","name":"Biosciences","description":"","publisher":{"@id":"https:\/\/biosciences.vn\/#organization"},"potentialAction":[{"@type":"SearchAction","target":{"@type":"EntryPoint","urlTemplate":"https:\/\/biosciences.vn\/?s={search_term_string}"},"query-input":{"@type":"PropertyValueSpecification","valueRequired":true,"valueName":"search_term_string"}}],"inLanguage":"en-US"},{"@type":"Organization","@id":"https:\/\/biosciences.vn\/#organization","name":"Biosciences","url":"https:\/\/biosciences.vn\/","logo":{"@type":"ImageObject","inLanguage":"en-US","@id":"https:\/\/biosciences.vn\/#\/schema\/logo\/image\/","url":"https:\/\/biosciences.vn\/wp-content\/uploads\/2024\/04\/LOGO-BIOSCIENCES-PNG.png","contentUrl":"https:\/\/biosciences.vn\/wp-content\/uploads\/2024\/04\/LOGO-BIOSCIENCES-PNG.png","width":2536,"height":638,"caption":"Biosciences"},"image":{"@id":"https:\/\/biosciences.vn\/#\/schema\/logo\/image\/"}}]}},"brands":[{"id":648,"name":"True Indicating","slug":"true-indicating-vi"}],"_links":{"self":[{"href":"https:\/\/biosciences.vn\/index.php\/wp-json\/wp\/v2\/product\/5976"}],"collection":[{"href":"https:\/\/biosciences.vn\/index.php\/wp-json\/wp\/v2\/product"}],"about":[{"href":"https:\/\/biosciences.vn\/index.php\/wp-json\/wp\/v2\/types\/product"}],"replies":[{"embeddable":true,"href":"https:\/\/biosciences.vn\/index.php\/wp-json\/wp\/v2\/comments?post=5976"}],"wp:featuredmedia":[{"embeddable":true,"href":"https:\/\/biosciences.vn\/index.php\/wp-json\/wp\/v2\/media\/5974"}],"wp:attachment":[{"href":"https:\/\/biosciences.vn\/index.php\/wp-json\/wp\/v2\/media?parent=5976"}],"wp:term":[{"taxonomy":"pwb-brand","embeddable":true,"href":"https:\/\/biosciences.vn\/index.php\/wp-json\/wp\/v2\/pwb-brand?post=5976"},{"taxonomy":"product_cat","embeddable":true,"href":"https:\/\/biosciences.vn\/index.php\/wp-json\/wp\/v2\/product_cat?post=5976"},{"taxonomy":"product_tag","embeddable":true,"href":"https:\/\/biosciences.vn\/index.php\/wp-json\/wp\/v2\/product_tag?post=5976"}],"curies":[{"name":"wp","href":"https:\/\/api.w.org\/{rel}","templated":true}]}}