{"id":5977,"date":"2024-07-17T20:38:44","date_gmt":"2024-07-17T13:38:44","guid":{"rendered":"https:\/\/biosciences.vn\/?post_type=product&#038;p=5977"},"modified":"2025-08-28T14:55:09","modified_gmt":"2025-08-28T07:55:09","slug":"may-u-chi-thi-sinh-hoc-dry-block-incubators","status":"publish","type":"product","link":"https:\/\/biosciences.vn\/index.php\/product\/may-u-chi-thi-sinh-hoc-dry-block-incubators\/","title":{"rendered":"M\u00e1y \u1ee7 ch\u1ec9 th\u1ecb sinh h\u1ecdc True Indicating DRY BLOCK INCUBATORS (INC-EU)"},"content":{"rendered":"<p>DRY BLOCK INCUBATORS (EU) l\u00e0 thi\u1ebft b\u1ecb \u1ee7 kh\u00f4 ti\u00ean ti\u1ebfn, \u0111\u01b0\u1ee3c thi\u1ebft k\u1ebf \u0111\u1ec3 \u0111\u00e1p \u1ee9ng c\u00e1c ti\u00eau chu\u1ea9n nghi\u00eam ng\u1eb7t c\u1ee7a ph\u00f2ng th\u00ed nghi\u1ec7m v\u00e0 c\u01a1 s\u1edf y t\u1ebf. V\u1edbi kh\u1ea3 n\u0103ng duy tr\u00ec nhi\u1ec7t \u0111\u1ed9 \u1ed5n \u0111\u1ecbnh v\u00e0 ch\u00ednh x\u00e1c, c\u00f9ng v\u1edbi thi\u1ebft k\u1ebf ti\u1ec7n l\u1ee3i, s\u1ea3n ph\u1ea9m n\u00e0y l\u00e0 l\u1ef1a ch\u1ecdn l\u00fd t\u01b0\u1edfng cho vi\u1ec7c ki\u1ec3m tra v\u00e0 \u1ee7 m\u1eabu trong m\u00f4i tr\u01b0\u1eddng chuy\u00ean nghi\u1ec7p.<\/p>\n<p><strong>\u0110\u1eb7c \u0111i\u1ec3m:<\/strong><\/p>\n<ul>\n<li><strong>Ngu\u1ed3n \u0111i\u1ec7n:<\/strong> Ho\u1ea1t \u0111\u1ed9ng v\u1edbi ngu\u1ed3n \u0111i\u1ec7n 220V, ph\u00f9 h\u1ee3p v\u1edbi c\u00e1c ti\u00eau chu\u1ea9n \u0111i\u1ec7n \u00e1p t\u1ea1i nhi\u1ec1u qu\u1ed1c gia<\/li>\n<li><strong>Ph\u1ea1m vi nhi\u1ec7t \u0111\u1ed9:<\/strong> \u0110i\u1ec1u ch\u1ec9nh nhi\u1ec7t \u0111\u1ed9 t\u1eeb m\u00f4i tr\u01b0\u1eddng \u0111\u1ebfn 70\u00b0C v\u1edbi \u0111\u1ed9 ch\u00ednh x\u00e1c \u00b10.5\u00b0C, \u0111\u1ea3m b\u1ea3o m\u00f4i tr\u01b0\u1eddng \u1ee7 \u1ed5n \u0111\u1ecbnh v\u00e0 \u0111\u00e1ng tin c\u1eady.<\/li>\n<li><strong>N\u1eafp trong su\u1ed1t:<\/strong> N\u1eafp l\u00e0m b\u1eb1ng polycarbonate trong su\u1ed1t v\u00e0 c\u00f3 th\u1ec3 th\u00e1o r\u1eddi, gi\u00fap ng\u01b0\u1eddi d\u00f9ng d\u1ec5 d\u00e0ng quan s\u00e1t to\u00e0n b\u1ed9 c\u00e1c m\u1eabu b\u00ean trong m\u00e0 kh\u00f4ng c\u1ea7n m\u1edf n\u1eafp.<\/li>\n<li><strong>Kh\u1ea3 n\u0103ng ch\u1ee9a:<\/strong> Thi\u1ebft b\u1ecb c\u00f3 10 gi\u1ebfng, m\u1ed7i gi\u1ebfng c\u00f3 \u0111\u01b0\u1eddng k\u00ednh 13 mm, th\u00edch h\u1ee3p \u0111\u1ec3 ch\u1ee9a c\u00e1c \u1ed1ng b\u00e0o t\u1eed, SCBI truy\u1ec1n th\u1ed1ng v\u00e0 SCBI c\u1ee9ng.<\/li>\n<\/ul>\n","protected":false},"excerpt":{"rendered":"<p>DRY BLOCK INCUBATORS (EU) l\u00e0 thi\u1ebft b\u1ecb \u1ee7 kh\u00f4 ti\u00ean ti\u1ebfn, \u0111\u01b0\u1ee3c thi\u1ebft k\u1ebf \u0111\u1ec3 \u0111\u00e1p \u1ee9ng c\u00e1c ti\u00eau chu\u1ea9n nghi\u00eam ng\u1eb7t c\u1ee7a ph\u00f2ng th\u00ed nghi\u1ec7m v\u00e0 c\u01a1 s\u1edf y t\u1ebf. V\u1edbi kh\u1ea3 n\u0103ng duy tr\u00ec nhi\u1ec7t \u0111\u1ed9 \u1ed5n \u0111\u1ecbnh v\u00e0 ch\u00ednh x\u00e1c, c\u00f9ng v\u1edbi thi\u1ebft k\u1ebf ti\u1ec7n l\u1ee3i, s\u1ea3n ph\u1ea9m n\u00e0y l\u00e0 l\u1ef1a ch\u1ecdn [&hellip;]<\/p>\n","protected":false},"featured_media":5995,"comment_status":"open","ping_status":"closed","template":"","meta":[],"pwb-brand":[648],"product_cat":[491,707,737,741,709,739],"product_tag":[745,753,747,743],"class_list":{"0":"post-5977","1":"product","2":"type-product","3":"status-publish","4":"has-post-thumbnail","6":"pwb-brand-true-indicating-vi","7":"product_cat-kiem-soat-nhiem-khuan","8":"product_cat-cham-soc-suc-khoe","9":"product_cat-cong-nghiep","10":"product_cat-duoc-pham-vi","11":"product_cat-nha-khoa","12":"product_cat-phong-thi-nghiem","13":"product_tag-scbis","14":"product_tag-spore-ampules","15":"product_tag-spore-discs","16":"product_tag-spore-strips","18":"first","19":"onbackorder","20":"shipping-taxable","21":"purchasable","22":"product-type-simple"},"yoast_head":"<!-- This site is optimized with the Yoast SEO plugin v23.6 - https:\/\/yoast.com\/wordpress\/plugins\/seo\/ -->\n<title>M\u00e1y \u1ee7 ch\u1ec9 th\u1ecb sinh h\u1ecdc True Indicating DRY BLOCK INCUBATORS (INC-EU) - Biosciences<\/title>\n<meta name=\"robots\" content=\"index, follow, max-snippet:-1, max-image-preview:large, max-video-preview:-1\" \/>\n<link rel=\"canonical\" href=\"https:\/\/biosciences.vn\/index.php\/product\/may-u-chi-thi-sinh-hoc-dry-block-incubators\/\" \/>\n<meta property=\"og:locale\" content=\"en_US\" \/>\n<meta property=\"og:type\" content=\"article\" \/>\n<meta property=\"og:title\" content=\"M\u00e1y \u1ee7 ch\u1ec9 th\u1ecb sinh h\u1ecdc True Indicating DRY BLOCK INCUBATORS (INC-EU) - Biosciences\" \/>\n<meta property=\"og:description\" content=\"DRY BLOCK INCUBATORS (EU) l\u00e0 thi\u1ebft b\u1ecb \u1ee7 kh\u00f4 ti\u00ean ti\u1ebfn, \u0111\u01b0\u1ee3c thi\u1ebft k\u1ebf \u0111\u1ec3 \u0111\u00e1p \u1ee9ng c\u00e1c ti\u00eau chu\u1ea9n nghi\u00eam ng\u1eb7t c\u1ee7a ph\u00f2ng th\u00ed nghi\u1ec7m v\u00e0 c\u01a1 s\u1edf y t\u1ebf. V\u1edbi kh\u1ea3 n\u0103ng duy tr\u00ec nhi\u1ec7t \u0111\u1ed9 \u1ed5n \u0111\u1ecbnh v\u00e0 ch\u00ednh x\u00e1c, c\u00f9ng v\u1edbi thi\u1ebft k\u1ebf ti\u1ec7n l\u1ee3i, s\u1ea3n ph\u1ea9m n\u00e0y l\u00e0 l\u1ef1a ch\u1ecdn [&hellip;]\" \/>\n<meta property=\"og:url\" content=\"https:\/\/biosciences.vn\/index.php\/product\/may-u-chi-thi-sinh-hoc-dry-block-incubators\/\" \/>\n<meta property=\"og:site_name\" content=\"Biosciences\" \/>\n<meta property=\"article:modified_time\" content=\"2025-08-28T07:55:09+00:00\" \/>\n<meta property=\"og:image\" content=\"https:\/\/biosciences.vn\/wp-content\/uploads\/2024\/07\/INC-EU.jpg\" \/>\n\t<meta property=\"og:image:width\" content=\"326\" \/>\n\t<meta property=\"og:image:height\" content=\"357\" \/>\n\t<meta property=\"og:image:type\" content=\"image\/jpeg\" \/>\n<meta name=\"twitter:card\" content=\"summary_large_image\" \/>\n<meta name=\"twitter:label1\" content=\"Est. reading time\" \/>\n\t<meta name=\"twitter:data1\" content=\"1 minute\" \/>\n<script type=\"application\/ld+json\" class=\"yoast-schema-graph\">{\"@context\":\"https:\/\/schema.org\",\"@graph\":[{\"@type\":\"WebPage\",\"@id\":\"https:\/\/biosciences.vn\/index.php\/product\/may-u-chi-thi-sinh-hoc-dry-block-incubators\/\",\"url\":\"https:\/\/biosciences.vn\/index.php\/product\/may-u-chi-thi-sinh-hoc-dry-block-incubators\/\",\"name\":\"M\u00e1y \u1ee7 ch\u1ec9 th\u1ecb sinh h\u1ecdc True Indicating DRY BLOCK INCUBATORS (INC-EU) - Biosciences\",\"isPartOf\":{\"@id\":\"https:\/\/biosciences.vn\/#website\"},\"primaryImageOfPage\":{\"@id\":\"https:\/\/biosciences.vn\/index.php\/product\/may-u-chi-thi-sinh-hoc-dry-block-incubators\/#primaryimage\"},\"image\":{\"@id\":\"https:\/\/biosciences.vn\/index.php\/product\/may-u-chi-thi-sinh-hoc-dry-block-incubators\/#primaryimage\"},\"thumbnailUrl\":\"https:\/\/biosciences.vn\/wp-content\/uploads\/2024\/07\/INC-EU.jpg\",\"datePublished\":\"2024-07-17T13:38:44+00:00\",\"dateModified\":\"2025-08-28T07:55:09+00:00\",\"breadcrumb\":{\"@id\":\"https:\/\/biosciences.vn\/index.php\/product\/may-u-chi-thi-sinh-hoc-dry-block-incubators\/#breadcrumb\"},\"inLanguage\":\"en-US\",\"potentialAction\":[{\"@type\":\"ReadAction\",\"target\":[\"https:\/\/biosciences.vn\/index.php\/product\/may-u-chi-thi-sinh-hoc-dry-block-incubators\/\"]}]},{\"@type\":\"ImageObject\",\"inLanguage\":\"en-US\",\"@id\":\"https:\/\/biosciences.vn\/index.php\/product\/may-u-chi-thi-sinh-hoc-dry-block-incubators\/#primaryimage\",\"url\":\"https:\/\/biosciences.vn\/wp-content\/uploads\/2024\/07\/INC-EU.jpg\",\"contentUrl\":\"https:\/\/biosciences.vn\/wp-content\/uploads\/2024\/07\/INC-EU.jpg\",\"width\":326,\"height\":357},{\"@type\":\"BreadcrumbList\",\"@id\":\"https:\/\/biosciences.vn\/index.php\/product\/may-u-chi-thi-sinh-hoc-dry-block-incubators\/#breadcrumb\",\"itemListElement\":[{\"@type\":\"ListItem\",\"position\":1,\"name\":\"Trang ch\u1ee7\",\"item\":\"https:\/\/biosciences.vn\/index.php\/en\/home\/\"},{\"@type\":\"ListItem\",\"position\":2,\"name\":\"Shop\",\"item\":\"https:\/\/biosciences.vn\/index.php\/shop\/\"},{\"@type\":\"ListItem\",\"position\":3,\"name\":\"M\u00e1y \u1ee7 ch\u1ec9 th\u1ecb sinh h\u1ecdc True Indicating DRY BLOCK INCUBATORS (INC-EU)\"}]},{\"@type\":\"WebSite\",\"@id\":\"https:\/\/biosciences.vn\/#website\",\"url\":\"https:\/\/biosciences.vn\/\",\"name\":\"Biosciences\",\"description\":\"\",\"publisher\":{\"@id\":\"https:\/\/biosciences.vn\/#organization\"},\"potentialAction\":[{\"@type\":\"SearchAction\",\"target\":{\"@type\":\"EntryPoint\",\"urlTemplate\":\"https:\/\/biosciences.vn\/?s={search_term_string}\"},\"query-input\":{\"@type\":\"PropertyValueSpecification\",\"valueRequired\":true,\"valueName\":\"search_term_string\"}}],\"inLanguage\":\"en-US\"},{\"@type\":\"Organization\",\"@id\":\"https:\/\/biosciences.vn\/#organization\",\"name\":\"Biosciences\",\"url\":\"https:\/\/biosciences.vn\/\",\"logo\":{\"@type\":\"ImageObject\",\"inLanguage\":\"en-US\",\"@id\":\"https:\/\/biosciences.vn\/#\/schema\/logo\/image\/\",\"url\":\"https:\/\/biosciences.vn\/wp-content\/uploads\/2024\/04\/LOGO-BIOSCIENCES-PNG.png\",\"contentUrl\":\"https:\/\/biosciences.vn\/wp-content\/uploads\/2024\/04\/LOGO-BIOSCIENCES-PNG.png\",\"width\":2536,\"height\":638,\"caption\":\"Biosciences\"},\"image\":{\"@id\":\"https:\/\/biosciences.vn\/#\/schema\/logo\/image\/\"}}]}<\/script>\n<!-- \/ Yoast SEO plugin. -->","yoast_head_json":{"title":"M\u00e1y \u1ee7 ch\u1ec9 th\u1ecb sinh h\u1ecdc True Indicating DRY BLOCK INCUBATORS (INC-EU) - Biosciences","robots":{"index":"index","follow":"follow","max-snippet":"max-snippet:-1","max-image-preview":"max-image-preview:large","max-video-preview":"max-video-preview:-1"},"canonical":"https:\/\/biosciences.vn\/index.php\/product\/may-u-chi-thi-sinh-hoc-dry-block-incubators\/","og_locale":"en_US","og_type":"article","og_title":"M\u00e1y \u1ee7 ch\u1ec9 th\u1ecb sinh h\u1ecdc True Indicating DRY BLOCK INCUBATORS (INC-EU) - Biosciences","og_description":"DRY BLOCK INCUBATORS (EU) l\u00e0 thi\u1ebft b\u1ecb \u1ee7 kh\u00f4 ti\u00ean ti\u1ebfn, \u0111\u01b0\u1ee3c thi\u1ebft k\u1ebf \u0111\u1ec3 \u0111\u00e1p \u1ee9ng c\u00e1c ti\u00eau chu\u1ea9n nghi\u00eam ng\u1eb7t c\u1ee7a ph\u00f2ng th\u00ed nghi\u1ec7m v\u00e0 c\u01a1 s\u1edf y t\u1ebf. V\u1edbi kh\u1ea3 n\u0103ng duy tr\u00ec nhi\u1ec7t \u0111\u1ed9 \u1ed5n \u0111\u1ecbnh v\u00e0 ch\u00ednh x\u00e1c, c\u00f9ng v\u1edbi thi\u1ebft k\u1ebf ti\u1ec7n l\u1ee3i, s\u1ea3n ph\u1ea9m n\u00e0y l\u00e0 l\u1ef1a ch\u1ecdn [&hellip;]","og_url":"https:\/\/biosciences.vn\/index.php\/product\/may-u-chi-thi-sinh-hoc-dry-block-incubators\/","og_site_name":"Biosciences","article_modified_time":"2025-08-28T07:55:09+00:00","og_image":[{"width":326,"height":357,"url":"https:\/\/biosciences.vn\/wp-content\/uploads\/2024\/07\/INC-EU.jpg","type":"image\/jpeg"}],"twitter_card":"summary_large_image","twitter_misc":{"Est. reading time":"1 minute"},"schema":{"@context":"https:\/\/schema.org","@graph":[{"@type":"WebPage","@id":"https:\/\/biosciences.vn\/index.php\/product\/may-u-chi-thi-sinh-hoc-dry-block-incubators\/","url":"https:\/\/biosciences.vn\/index.php\/product\/may-u-chi-thi-sinh-hoc-dry-block-incubators\/","name":"M\u00e1y \u1ee7 ch\u1ec9 th\u1ecb sinh h\u1ecdc True Indicating DRY BLOCK INCUBATORS (INC-EU) - Biosciences","isPartOf":{"@id":"https:\/\/biosciences.vn\/#website"},"primaryImageOfPage":{"@id":"https:\/\/biosciences.vn\/index.php\/product\/may-u-chi-thi-sinh-hoc-dry-block-incubators\/#primaryimage"},"image":{"@id":"https:\/\/biosciences.vn\/index.php\/product\/may-u-chi-thi-sinh-hoc-dry-block-incubators\/#primaryimage"},"thumbnailUrl":"https:\/\/biosciences.vn\/wp-content\/uploads\/2024\/07\/INC-EU.jpg","datePublished":"2024-07-17T13:38:44+00:00","dateModified":"2025-08-28T07:55:09+00:00","breadcrumb":{"@id":"https:\/\/biosciences.vn\/index.php\/product\/may-u-chi-thi-sinh-hoc-dry-block-incubators\/#breadcrumb"},"inLanguage":"en-US","potentialAction":[{"@type":"ReadAction","target":["https:\/\/biosciences.vn\/index.php\/product\/may-u-chi-thi-sinh-hoc-dry-block-incubators\/"]}]},{"@type":"ImageObject","inLanguage":"en-US","@id":"https:\/\/biosciences.vn\/index.php\/product\/may-u-chi-thi-sinh-hoc-dry-block-incubators\/#primaryimage","url":"https:\/\/biosciences.vn\/wp-content\/uploads\/2024\/07\/INC-EU.jpg","contentUrl":"https:\/\/biosciences.vn\/wp-content\/uploads\/2024\/07\/INC-EU.jpg","width":326,"height":357},{"@type":"BreadcrumbList","@id":"https:\/\/biosciences.vn\/index.php\/product\/may-u-chi-thi-sinh-hoc-dry-block-incubators\/#breadcrumb","itemListElement":[{"@type":"ListItem","position":1,"name":"Trang ch\u1ee7","item":"https:\/\/biosciences.vn\/index.php\/en\/home\/"},{"@type":"ListItem","position":2,"name":"Shop","item":"https:\/\/biosciences.vn\/index.php\/shop\/"},{"@type":"ListItem","position":3,"name":"M\u00e1y \u1ee7 ch\u1ec9 th\u1ecb sinh h\u1ecdc True Indicating DRY BLOCK INCUBATORS (INC-EU)"}]},{"@type":"WebSite","@id":"https:\/\/biosciences.vn\/#website","url":"https:\/\/biosciences.vn\/","name":"Biosciences","description":"","publisher":{"@id":"https:\/\/biosciences.vn\/#organization"},"potentialAction":[{"@type":"SearchAction","target":{"@type":"EntryPoint","urlTemplate":"https:\/\/biosciences.vn\/?s={search_term_string}"},"query-input":{"@type":"PropertyValueSpecification","valueRequired":true,"valueName":"search_term_string"}}],"inLanguage":"en-US"},{"@type":"Organization","@id":"https:\/\/biosciences.vn\/#organization","name":"Biosciences","url":"https:\/\/biosciences.vn\/","logo":{"@type":"ImageObject","inLanguage":"en-US","@id":"https:\/\/biosciences.vn\/#\/schema\/logo\/image\/","url":"https:\/\/biosciences.vn\/wp-content\/uploads\/2024\/04\/LOGO-BIOSCIENCES-PNG.png","contentUrl":"https:\/\/biosciences.vn\/wp-content\/uploads\/2024\/04\/LOGO-BIOSCIENCES-PNG.png","width":2536,"height":638,"caption":"Biosciences"},"image":{"@id":"https:\/\/biosciences.vn\/#\/schema\/logo\/image\/"}}]}},"brands":[{"id":648,"name":"True Indicating","slug":"true-indicating-vi"}],"_links":{"self":[{"href":"https:\/\/biosciences.vn\/index.php\/wp-json\/wp\/v2\/product\/5977"}],"collection":[{"href":"https:\/\/biosciences.vn\/index.php\/wp-json\/wp\/v2\/product"}],"about":[{"href":"https:\/\/biosciences.vn\/index.php\/wp-json\/wp\/v2\/types\/product"}],"replies":[{"embeddable":true,"href":"https:\/\/biosciences.vn\/index.php\/wp-json\/wp\/v2\/comments?post=5977"}],"wp:featuredmedia":[{"embeddable":true,"href":"https:\/\/biosciences.vn\/index.php\/wp-json\/wp\/v2\/media\/5995"}],"wp:attachment":[{"href":"https:\/\/biosciences.vn\/index.php\/wp-json\/wp\/v2\/media?parent=5977"}],"wp:term":[{"taxonomy":"pwb-brand","embeddable":true,"href":"https:\/\/biosciences.vn\/index.php\/wp-json\/wp\/v2\/pwb-brand?post=5977"},{"taxonomy":"product_cat","embeddable":true,"href":"https:\/\/biosciences.vn\/index.php\/wp-json\/wp\/v2\/product_cat?post=5977"},{"taxonomy":"product_tag","embeddable":true,"href":"https:\/\/biosciences.vn\/index.php\/wp-json\/wp\/v2\/product_tag?post=5977"}],"curies":[{"name":"wp","href":"https:\/\/api.w.org\/{rel}","templated":true}]}}