{"id":6008,"date":"2024-07-26T10:07:22","date_gmt":"2024-07-26T03:07:22","guid":{"rendered":"https:\/\/biosciences.vn\/?post_type=product&#038;p=6008"},"modified":"2025-08-28T14:55:09","modified_gmt":"2025-08-28T07:55:09","slug":"bang-keo-chi-thi-nhiet-hap-uot-true-indicating-cswn-1t","status":"publish","type":"product","link":"https:\/\/biosciences.vn\/index.php\/product\/bang-keo-chi-thi-nhiet-hap-uot-true-indicating-cswn-1t\/","title":{"rendered":"B\u0103ng keo ch\u1ec9 th\u1ecb nhi\u1ec7t h\u1ea5p \u01b0\u1edbt True Indicating (CSWN-1T)"},"content":{"rendered":"<p>CSWN-1T Lead and Latex Free Crepe Tape l\u00e0 b\u0103ng keo ti\u00ean ti\u1ebfn \u0111\u01b0\u1ee3c thi\u1ebft k\u1ebf \u0111\u1ec3 s\u1eed d\u1ee5ng trong c\u00e1c quy tr\u00ecnh kh\u1eed tr\u00f9ng b\u1eb1ng h\u01a1i n\u01b0\u1edbc. V\u1edbi kh\u1ea3 n\u0103ng chuy\u1ec3n m\u00e0u v\u00e0 b\u00e1m d\u00ednh t\u1ed1t, s\u1ea3n ph\u1ea9m n\u00e0y l\u00e0 l\u1ef1a ch\u1ecdn l\u00fd t\u01b0\u1edfng cho vi\u1ec7c d\u00e1n nh\u00e3n v\u00e0 theo d\u00f5i qu\u00e1 tr\u00ecnh kh\u1eed tr\u00f9ng trong m\u00f4i tr\u01b0\u1eddng y t\u1ebf v\u00e0 ph\u00f2ng th\u00ed nghi\u1ec7m.<\/p>\n<p><strong>\u0110\u1eb7c \u0111i\u1ec3m:<\/strong><\/p>\n<ul>\n<li><strong>Chuy\u1ec3n m\u00e0u r\u00f5 r\u1ec7t:<\/strong> B\u0103ng keo chuy\u1ec3n t\u1eeb m\u00e0u s\u00e1ng sang m\u00e0u t\u1ed1i khi ti\u1ebfp x\u00fac v\u1edbi quy tr\u00ecnh kh\u1eed tr\u00f9ng b\u1eb1ng h\u01a1i n\u01b0\u1edbc.<\/li>\n<li><strong>Kh\u00f4ng ch\u1ee9a ch\u00ec v\u00e0 latex:<\/strong> S\u1ea3n ph\u1ea9m an to\u00e0n cho ng\u01b0\u1eddi s\u1eed d\u1ee5ng v\u00e0 m\u00f4i tr\u01b0\u1eddng, kh\u00f4ng ch\u1ee9a c\u00e1c ch\u1ea5t \u0111\u1ed9c h\u1ea1i.<\/li>\n<li><strong>B\u00e1m d\u00ednh t\u1ed1t:<\/strong> D\u00ednh ch\u1eb7t l\u00ean nhi\u1ec1u b\u1ec1 m\u1eb7t kh\u00e1c nhau v\u1edbi \u00edt ch\u1ea5t keo d\u01b0 th\u1eeba.<\/li>\n<li><strong>Th\u00f4ng s\u1ed1 k\u1ef9 thu\u1eadt:<\/strong>\n<ul>\n<li>Nhi\u1ec7t \u0111\u1ed9: 121\u00b0C trong 10 ph\u00fat<\/li>\n<li>K\u00edch th\u01b0\u1edbc: 19 mm x 50 m<\/li>\n<li><img decoding=\"async\" data-src=\"https:\/\/static.wixstatic.com\/media\/606cbd_6e7673e6737b46d5a88c410fc2d45b2d~mv2.jpg\/v1\/fill\/w_987,h_121,al_c,q_80,usm_0.66_1.00_0.01,enc_auto\/steam%20cswn-1T-new.jpg\" alt=\"steam cswn-1T-new.jpg\" src=\"data:image\/gif;base64,R0lGODlhAQABAAAAACH5BAEKAAEALAAAAAABAAEAAAICTAEAOw==\" class=\"lazyload\" \/><noscript><img decoding=\"async\" src=\"https:\/\/static.wixstatic.com\/media\/606cbd_6e7673e6737b46d5a88c410fc2d45b2d~mv2.jpg\/v1\/fill\/w_987,h_121,al_c,q_80,usm_0.66_1.00_0.01,enc_auto\/steam%20cswn-1T-new.jpg\" alt=\"steam cswn-1T-new.jpg\" \/><\/noscript><\/li>\n<\/ul>\n<\/li>\n<\/ul>\n","protected":false},"excerpt":{"rendered":"<p>CSWN-1T Lead and Latex Free Crepe Tape l\u00e0 b\u0103ng keo ti\u00ean ti\u1ebfn \u0111\u01b0\u1ee3c thi\u1ebft k\u1ebf \u0111\u1ec3 s\u1eed d\u1ee5ng trong c\u00e1c quy tr\u00ecnh kh\u1eed tr\u00f9ng b\u1eb1ng h\u01a1i n\u01b0\u1edbc. V\u1edbi kh\u1ea3 n\u0103ng chuy\u1ec3n m\u00e0u v\u00e0 b\u00e1m d\u00ednh t\u1ed1t, s\u1ea3n ph\u1ea9m n\u00e0y l\u00e0 l\u1ef1a ch\u1ecdn l\u00fd t\u01b0\u1edfng cho vi\u1ec7c d\u00e1n nh\u00e3n v\u00e0 theo d\u00f5i qu\u00e1 tr\u00ecnh kh\u1eed tr\u00f9ng [&hellip;]<\/p>\n","protected":false},"featured_media":6009,"comment_status":"open","ping_status":"closed","template":"","meta":[],"pwb-brand":[648],"product_cat":[491,707,737,741,709,739],"product_tag":[935],"class_list":{"0":"post-6008","1":"product","2":"type-product","3":"status-publish","4":"has-post-thumbnail","6":"pwb-brand-true-indicating-vi","7":"product_cat-kiem-soat-nhiem-khuan","8":"product_cat-cham-soc-suc-khoe","9":"product_cat-cong-nghiep","10":"product_cat-duoc-pham-vi","11":"product_cat-nha-khoa","12":"product_cat-phong-thi-nghiem","13":"product_tag-hoi-nuoc","15":"first","16":"onbackorder","17":"shipping-taxable","18":"purchasable","19":"product-type-simple"},"yoast_head":"<!-- This site is optimized with the Yoast SEO plugin v23.6 - https:\/\/yoast.com\/wordpress\/plugins\/seo\/ -->\n<title>B\u0103ng keo ch\u1ec9 th\u1ecb nhi\u1ec7t h\u1ea5p \u01b0\u1edbt True Indicating (CSWN-1T) - Biosciences<\/title>\n<meta name=\"robots\" content=\"index, follow, max-snippet:-1, max-image-preview:large, max-video-preview:-1\" \/>\n<link rel=\"canonical\" href=\"https:\/\/biosciences.vn\/index.php\/product\/bang-keo-chi-thi-nhiet-hap-uot-true-indicating-cswn-1t\/\" \/>\n<meta property=\"og:locale\" content=\"en_US\" \/>\n<meta property=\"og:type\" content=\"article\" \/>\n<meta property=\"og:title\" content=\"B\u0103ng keo ch\u1ec9 th\u1ecb nhi\u1ec7t h\u1ea5p \u01b0\u1edbt True Indicating (CSWN-1T) - Biosciences\" \/>\n<meta property=\"og:description\" content=\"CSWN-1T Lead and Latex Free Crepe Tape l\u00e0 b\u0103ng keo ti\u00ean ti\u1ebfn \u0111\u01b0\u1ee3c thi\u1ebft k\u1ebf \u0111\u1ec3 s\u1eed d\u1ee5ng trong c\u00e1c quy tr\u00ecnh kh\u1eed tr\u00f9ng b\u1eb1ng h\u01a1i n\u01b0\u1edbc. V\u1edbi kh\u1ea3 n\u0103ng chuy\u1ec3n m\u00e0u v\u00e0 b\u00e1m d\u00ednh t\u1ed1t, s\u1ea3n ph\u1ea9m n\u00e0y l\u00e0 l\u1ef1a ch\u1ecdn l\u00fd t\u01b0\u1edfng cho vi\u1ec7c d\u00e1n nh\u00e3n v\u00e0 theo d\u00f5i qu\u00e1 tr\u00ecnh kh\u1eed tr\u00f9ng [&hellip;]\" \/>\n<meta property=\"og:url\" content=\"https:\/\/biosciences.vn\/index.php\/product\/bang-keo-chi-thi-nhiet-hap-uot-true-indicating-cswn-1t\/\" \/>\n<meta property=\"og:site_name\" content=\"Biosciences\" \/>\n<meta property=\"article:modified_time\" content=\"2025-08-28T07:55:09+00:00\" \/>\n<meta property=\"og:image\" content=\"https:\/\/biosciences.vn\/wp-content\/uploads\/2024\/07\/CSWN-1T.png\" \/>\n\t<meta property=\"og:image:width\" content=\"768\" \/>\n\t<meta property=\"og:image:height\" content=\"576\" \/>\n\t<meta property=\"og:image:type\" content=\"image\/png\" \/>\n<meta name=\"twitter:card\" content=\"summary_large_image\" \/>\n<meta name=\"twitter:label1\" content=\"Est. reading time\" \/>\n\t<meta name=\"twitter:data1\" content=\"2 minutes\" \/>\n<script type=\"application\/ld+json\" class=\"yoast-schema-graph\">{\"@context\":\"https:\/\/schema.org\",\"@graph\":[{\"@type\":\"WebPage\",\"@id\":\"https:\/\/biosciences.vn\/index.php\/product\/bang-keo-chi-thi-nhiet-hap-uot-true-indicating-cswn-1t\/\",\"url\":\"https:\/\/biosciences.vn\/index.php\/product\/bang-keo-chi-thi-nhiet-hap-uot-true-indicating-cswn-1t\/\",\"name\":\"B\u0103ng keo ch\u1ec9 th\u1ecb nhi\u1ec7t h\u1ea5p \u01b0\u1edbt True Indicating (CSWN-1T) - Biosciences\",\"isPartOf\":{\"@id\":\"https:\/\/biosciences.vn\/#website\"},\"primaryImageOfPage\":{\"@id\":\"https:\/\/biosciences.vn\/index.php\/product\/bang-keo-chi-thi-nhiet-hap-uot-true-indicating-cswn-1t\/#primaryimage\"},\"image\":{\"@id\":\"https:\/\/biosciences.vn\/index.php\/product\/bang-keo-chi-thi-nhiet-hap-uot-true-indicating-cswn-1t\/#primaryimage\"},\"thumbnailUrl\":\"https:\/\/biosciences.vn\/wp-content\/uploads\/2024\/07\/CSWN-1T.png\",\"datePublished\":\"2024-07-26T03:07:22+00:00\",\"dateModified\":\"2025-08-28T07:55:09+00:00\",\"breadcrumb\":{\"@id\":\"https:\/\/biosciences.vn\/index.php\/product\/bang-keo-chi-thi-nhiet-hap-uot-true-indicating-cswn-1t\/#breadcrumb\"},\"inLanguage\":\"en-US\",\"potentialAction\":[{\"@type\":\"ReadAction\",\"target\":[\"https:\/\/biosciences.vn\/index.php\/product\/bang-keo-chi-thi-nhiet-hap-uot-true-indicating-cswn-1t\/\"]}]},{\"@type\":\"ImageObject\",\"inLanguage\":\"en-US\",\"@id\":\"https:\/\/biosciences.vn\/index.php\/product\/bang-keo-chi-thi-nhiet-hap-uot-true-indicating-cswn-1t\/#primaryimage\",\"url\":\"https:\/\/biosciences.vn\/wp-content\/uploads\/2024\/07\/CSWN-1T.png\",\"contentUrl\":\"https:\/\/biosciences.vn\/wp-content\/uploads\/2024\/07\/CSWN-1T.png\",\"width\":768,\"height\":576},{\"@type\":\"BreadcrumbList\",\"@id\":\"https:\/\/biosciences.vn\/index.php\/product\/bang-keo-chi-thi-nhiet-hap-uot-true-indicating-cswn-1t\/#breadcrumb\",\"itemListElement\":[{\"@type\":\"ListItem\",\"position\":1,\"name\":\"Trang ch\u1ee7\",\"item\":\"https:\/\/biosciences.vn\/index.php\/en\/home\/\"},{\"@type\":\"ListItem\",\"position\":2,\"name\":\"Shop\",\"item\":\"https:\/\/biosciences.vn\/index.php\/shop\/\"},{\"@type\":\"ListItem\",\"position\":3,\"name\":\"B\u0103ng keo ch\u1ec9 th\u1ecb nhi\u1ec7t h\u1ea5p \u01b0\u1edbt True Indicating (CSWN-1T)\"}]},{\"@type\":\"WebSite\",\"@id\":\"https:\/\/biosciences.vn\/#website\",\"url\":\"https:\/\/biosciences.vn\/\",\"name\":\"Biosciences\",\"description\":\"\",\"publisher\":{\"@id\":\"https:\/\/biosciences.vn\/#organization\"},\"potentialAction\":[{\"@type\":\"SearchAction\",\"target\":{\"@type\":\"EntryPoint\",\"urlTemplate\":\"https:\/\/biosciences.vn\/?s={search_term_string}\"},\"query-input\":{\"@type\":\"PropertyValueSpecification\",\"valueRequired\":true,\"valueName\":\"search_term_string\"}}],\"inLanguage\":\"en-US\"},{\"@type\":\"Organization\",\"@id\":\"https:\/\/biosciences.vn\/#organization\",\"name\":\"Biosciences\",\"url\":\"https:\/\/biosciences.vn\/\",\"logo\":{\"@type\":\"ImageObject\",\"inLanguage\":\"en-US\",\"@id\":\"https:\/\/biosciences.vn\/#\/schema\/logo\/image\/\",\"url\":\"https:\/\/biosciences.vn\/wp-content\/uploads\/2024\/04\/LOGO-BIOSCIENCES-PNG.png\",\"contentUrl\":\"https:\/\/biosciences.vn\/wp-content\/uploads\/2024\/04\/LOGO-BIOSCIENCES-PNG.png\",\"width\":2536,\"height\":638,\"caption\":\"Biosciences\"},\"image\":{\"@id\":\"https:\/\/biosciences.vn\/#\/schema\/logo\/image\/\"}}]}<\/script>\n<!-- \/ Yoast SEO plugin. -->","yoast_head_json":{"title":"B\u0103ng keo ch\u1ec9 th\u1ecb nhi\u1ec7t h\u1ea5p \u01b0\u1edbt True Indicating (CSWN-1T) - Biosciences","robots":{"index":"index","follow":"follow","max-snippet":"max-snippet:-1","max-image-preview":"max-image-preview:large","max-video-preview":"max-video-preview:-1"},"canonical":"https:\/\/biosciences.vn\/index.php\/product\/bang-keo-chi-thi-nhiet-hap-uot-true-indicating-cswn-1t\/","og_locale":"en_US","og_type":"article","og_title":"B\u0103ng keo ch\u1ec9 th\u1ecb nhi\u1ec7t h\u1ea5p \u01b0\u1edbt True Indicating (CSWN-1T) - Biosciences","og_description":"CSWN-1T Lead and Latex Free Crepe Tape l\u00e0 b\u0103ng keo ti\u00ean ti\u1ebfn \u0111\u01b0\u1ee3c thi\u1ebft k\u1ebf \u0111\u1ec3 s\u1eed d\u1ee5ng trong c\u00e1c quy tr\u00ecnh kh\u1eed tr\u00f9ng b\u1eb1ng h\u01a1i n\u01b0\u1edbc. V\u1edbi kh\u1ea3 n\u0103ng chuy\u1ec3n m\u00e0u v\u00e0 b\u00e1m d\u00ednh t\u1ed1t, s\u1ea3n ph\u1ea9m n\u00e0y l\u00e0 l\u1ef1a ch\u1ecdn l\u00fd t\u01b0\u1edfng cho vi\u1ec7c d\u00e1n nh\u00e3n v\u00e0 theo d\u00f5i qu\u00e1 tr\u00ecnh kh\u1eed tr\u00f9ng [&hellip;]","og_url":"https:\/\/biosciences.vn\/index.php\/product\/bang-keo-chi-thi-nhiet-hap-uot-true-indicating-cswn-1t\/","og_site_name":"Biosciences","article_modified_time":"2025-08-28T07:55:09+00:00","og_image":[{"width":768,"height":576,"url":"https:\/\/biosciences.vn\/wp-content\/uploads\/2024\/07\/CSWN-1T.png","type":"image\/png"}],"twitter_card":"summary_large_image","twitter_misc":{"Est. reading time":"2 minutes"},"schema":{"@context":"https:\/\/schema.org","@graph":[{"@type":"WebPage","@id":"https:\/\/biosciences.vn\/index.php\/product\/bang-keo-chi-thi-nhiet-hap-uot-true-indicating-cswn-1t\/","url":"https:\/\/biosciences.vn\/index.php\/product\/bang-keo-chi-thi-nhiet-hap-uot-true-indicating-cswn-1t\/","name":"B\u0103ng keo ch\u1ec9 th\u1ecb nhi\u1ec7t h\u1ea5p \u01b0\u1edbt True Indicating (CSWN-1T) - Biosciences","isPartOf":{"@id":"https:\/\/biosciences.vn\/#website"},"primaryImageOfPage":{"@id":"https:\/\/biosciences.vn\/index.php\/product\/bang-keo-chi-thi-nhiet-hap-uot-true-indicating-cswn-1t\/#primaryimage"},"image":{"@id":"https:\/\/biosciences.vn\/index.php\/product\/bang-keo-chi-thi-nhiet-hap-uot-true-indicating-cswn-1t\/#primaryimage"},"thumbnailUrl":"https:\/\/biosciences.vn\/wp-content\/uploads\/2024\/07\/CSWN-1T.png","datePublished":"2024-07-26T03:07:22+00:00","dateModified":"2025-08-28T07:55:09+00:00","breadcrumb":{"@id":"https:\/\/biosciences.vn\/index.php\/product\/bang-keo-chi-thi-nhiet-hap-uot-true-indicating-cswn-1t\/#breadcrumb"},"inLanguage":"en-US","potentialAction":[{"@type":"ReadAction","target":["https:\/\/biosciences.vn\/index.php\/product\/bang-keo-chi-thi-nhiet-hap-uot-true-indicating-cswn-1t\/"]}]},{"@type":"ImageObject","inLanguage":"en-US","@id":"https:\/\/biosciences.vn\/index.php\/product\/bang-keo-chi-thi-nhiet-hap-uot-true-indicating-cswn-1t\/#primaryimage","url":"https:\/\/biosciences.vn\/wp-content\/uploads\/2024\/07\/CSWN-1T.png","contentUrl":"https:\/\/biosciences.vn\/wp-content\/uploads\/2024\/07\/CSWN-1T.png","width":768,"height":576},{"@type":"BreadcrumbList","@id":"https:\/\/biosciences.vn\/index.php\/product\/bang-keo-chi-thi-nhiet-hap-uot-true-indicating-cswn-1t\/#breadcrumb","itemListElement":[{"@type":"ListItem","position":1,"name":"Trang ch\u1ee7","item":"https:\/\/biosciences.vn\/index.php\/en\/home\/"},{"@type":"ListItem","position":2,"name":"Shop","item":"https:\/\/biosciences.vn\/index.php\/shop\/"},{"@type":"ListItem","position":3,"name":"B\u0103ng keo ch\u1ec9 th\u1ecb nhi\u1ec7t h\u1ea5p \u01b0\u1edbt True Indicating (CSWN-1T)"}]},{"@type":"WebSite","@id":"https:\/\/biosciences.vn\/#website","url":"https:\/\/biosciences.vn\/","name":"Biosciences","description":"","publisher":{"@id":"https:\/\/biosciences.vn\/#organization"},"potentialAction":[{"@type":"SearchAction","target":{"@type":"EntryPoint","urlTemplate":"https:\/\/biosciences.vn\/?s={search_term_string}"},"query-input":{"@type":"PropertyValueSpecification","valueRequired":true,"valueName":"search_term_string"}}],"inLanguage":"en-US"},{"@type":"Organization","@id":"https:\/\/biosciences.vn\/#organization","name":"Biosciences","url":"https:\/\/biosciences.vn\/","logo":{"@type":"ImageObject","inLanguage":"en-US","@id":"https:\/\/biosciences.vn\/#\/schema\/logo\/image\/","url":"https:\/\/biosciences.vn\/wp-content\/uploads\/2024\/04\/LOGO-BIOSCIENCES-PNG.png","contentUrl":"https:\/\/biosciences.vn\/wp-content\/uploads\/2024\/04\/LOGO-BIOSCIENCES-PNG.png","width":2536,"height":638,"caption":"Biosciences"},"image":{"@id":"https:\/\/biosciences.vn\/#\/schema\/logo\/image\/"}}]}},"brands":[{"id":648,"name":"True Indicating","slug":"true-indicating-vi"}],"_links":{"self":[{"href":"https:\/\/biosciences.vn\/index.php\/wp-json\/wp\/v2\/product\/6008"}],"collection":[{"href":"https:\/\/biosciences.vn\/index.php\/wp-json\/wp\/v2\/product"}],"about":[{"href":"https:\/\/biosciences.vn\/index.php\/wp-json\/wp\/v2\/types\/product"}],"replies":[{"embeddable":true,"href":"https:\/\/biosciences.vn\/index.php\/wp-json\/wp\/v2\/comments?post=6008"}],"wp:featuredmedia":[{"embeddable":true,"href":"https:\/\/biosciences.vn\/index.php\/wp-json\/wp\/v2\/media\/6009"}],"wp:attachment":[{"href":"https:\/\/biosciences.vn\/index.php\/wp-json\/wp\/v2\/media?parent=6008"}],"wp:term":[{"taxonomy":"pwb-brand","embeddable":true,"href":"https:\/\/biosciences.vn\/index.php\/wp-json\/wp\/v2\/pwb-brand?post=6008"},{"taxonomy":"product_cat","embeddable":true,"href":"https:\/\/biosciences.vn\/index.php\/wp-json\/wp\/v2\/product_cat?post=6008"},{"taxonomy":"product_tag","embeddable":true,"href":"https:\/\/biosciences.vn\/index.php\/wp-json\/wp\/v2\/product_tag?post=6008"}],"curies":[{"name":"wp","href":"https:\/\/api.w.org\/{rel}","templated":true}]}}