{"id":6010,"date":"2024-07-26T10:17:26","date_gmt":"2024-07-26T03:17:26","guid":{"rendered":"https:\/\/biosciences.vn\/?post_type=product&#038;p=6010"},"modified":"2025-08-28T14:55:09","modified_gmt":"2025-08-28T07:55:09","slug":"bang-keo-chi-thi-nhiet-hap-uot-true-indicating-cswn-1t-r","status":"publish","type":"product","link":"https:\/\/biosciences.vn\/index.php\/product\/bang-keo-chi-thi-nhiet-hap-uot-true-indicating-cswn-1t-r\/","title":{"rendered":"Ch\u1ec9 th\u1ecb ti\u1ec7t tr\u00f9ng ch\u00e2n kh\u00f4ng True Indicating Steam Type 2 Bowie Dick (BD-1X)"},"content":{"rendered":"<p>BD-1X Steam Type 2 Bowie Dick l\u00e0 b\u1ed9 th\u1eed nghi\u1ec7m ti\u00ean ti\u1ebfn \u0111\u01b0\u1ee3c thi\u1ebft k\u1ebf \u0111\u1ec3 s\u1eed d\u1ee5ng trong c\u00e1c m\u00e1y ti\u1ec7t tr\u00f9ng ch\u00e2n kh\u00f4ng. S\u1ea3n ph\u1ea9m n\u00e0y cung c\u1ea5p kh\u1ea3 n\u0103ng ki\u1ec3m tra r\u00f5 r\u00e0ng v\u00e0 \u0111\u00e1ng tin c\u1eady v\u1ec1 hi\u1ec7u qu\u1ea3 c\u1ee7a qu\u00e1 tr\u00ecnh kh\u1eed tr\u00f9ng, gi\u00fap \u0111\u1ea3m b\u1ea3o an to\u00e0n v\u00e0 hi\u1ec7u qu\u1ea3 trong m\u00f4i tr\u01b0\u1eddng y t\u1ebf v\u00e0 ph\u00f2ng th\u00ed nghi\u1ec7m.<\/p>\n<p><strong>\u0110\u1eb7c \u0111i\u1ec3m:<\/strong><\/p>\n<ul>\n<li><strong>Chuy\u1ec3n m\u00e0u r\u00f5 r\u1ec7t:<\/strong> Chuy\u1ec3n t\u1eeb m\u00e0u xanh sang m\u00e0u h\u1ed3ng khi ti\u1ebfp x\u00fac v\u1edbi qu\u00e1 tr\u00ecnh ti\u1ec7t tr\u00f9ng ch\u00e2n kh\u00f4ng.<\/li>\n<li><strong>An to\u00e0n:<\/strong> Kh\u00f4ng ch\u1ee9a ch\u00ec v\u00e0 kh\u00f4ng \u0111\u01b0\u1ee3c s\u1ea3n xu\u1ea5t b\u1eb1ng kim lo\u1ea1i n\u1eb7ng hay latex, \u0111\u1ea3m b\u1ea3o an to\u00e0n cho ng\u01b0\u1eddi s\u1eed d\u1ee5ng v\u00e0 m\u00f4i tr\u01b0\u1eddng.<\/li>\n<li><strong>\u0110\u1ed9 b\u1ec1n cao:<\/strong> Th\u1eddi h\u1ea1n s\u1eed d\u1ee5ng l\u00ean \u0111\u1ebfn 5 n\u0103m, \u0111\u1ea3m b\u1ea3o t\u00ednh \u1ed5n \u0111\u1ecbnh v\u00e0 \u0111\u1ed9 b\u1ec1n c\u1ee7a s\u1ea3n ph\u1ea9m.<\/li>\n<li><\/li>\n<li><strong>Th\u00f4ng s\u1ed1 k\u1ef9 thu\u1eadt:<\/strong>\n<ul>\n<li>K\u00edch th\u01b0\u1edbc: 12.3 x 12.3 x 1.6 cm<\/li>\n<li>\u0110\u00f3ng g\u00f3i: 20 g\u00f3i th\u1eed nghi\u1ec7m \/ th\u00f9ng<\/li>\n<li>S\u1eed d\u1ee5ng m\u1ed9t l\u1ea7n<img decoding=\"async\" data-src=\"https:\/\/static.wixstatic.com\/media\/606cbd_79a2ebfaacf24119b82a30d048954aca~mv2.jpg\/v1\/fill\/w_930,h_404,al_c,q_85,usm_0.66_1.00_0.01,enc_auto\/steam%20tyupe%202%20bowie%20dick-new2.jpg\" alt=\"steam tyupe 2 bowie dick-new2.jpg\" src=\"data:image\/gif;base64,R0lGODlhAQABAAAAACH5BAEKAAEALAAAAAABAAEAAAICTAEAOw==\" class=\"lazyload\" \/><noscript><img decoding=\"async\" src=\"https:\/\/static.wixstatic.com\/media\/606cbd_79a2ebfaacf24119b82a30d048954aca~mv2.jpg\/v1\/fill\/w_930,h_404,al_c,q_85,usm_0.66_1.00_0.01,enc_auto\/steam%20tyupe%202%20bowie%20dick-new2.jpg\" alt=\"steam tyupe 2 bowie dick-new2.jpg\" \/><\/noscript><\/li>\n<\/ul>\n<\/li>\n<\/ul>\n","protected":false},"excerpt":{"rendered":"<p>BD-1X Steam Type 2 Bowie Dick l\u00e0 b\u1ed9 th\u1eed nghi\u1ec7m ti\u00ean ti\u1ebfn \u0111\u01b0\u1ee3c thi\u1ebft k\u1ebf \u0111\u1ec3 s\u1eed d\u1ee5ng trong c\u00e1c m\u00e1y ti\u1ec7t tr\u00f9ng ch\u00e2n kh\u00f4ng. S\u1ea3n ph\u1ea9m n\u00e0y cung c\u1ea5p kh\u1ea3 n\u0103ng ki\u1ec3m tra r\u00f5 r\u00e0ng v\u00e0 \u0111\u00e1ng tin c\u1eady v\u1ec1 hi\u1ec7u qu\u1ea3 c\u1ee7a qu\u00e1 tr\u00ecnh kh\u1eed tr\u00f9ng, gi\u00fap \u0111\u1ea3m b\u1ea3o an to\u00e0n v\u00e0 hi\u1ec7u [&hellip;]<\/p>\n","protected":false},"featured_media":6012,"comment_status":"open","ping_status":"closed","template":"","meta":[],"pwb-brand":[648],"product_cat":[491,707,737,741,709,739],"product_tag":[935],"class_list":{"0":"post-6010","1":"product","2":"type-product","3":"status-publish","4":"has-post-thumbnail","6":"pwb-brand-true-indicating-vi","7":"product_cat-kiem-soat-nhiem-khuan","8":"product_cat-cham-soc-suc-khoe","9":"product_cat-cong-nghiep","10":"product_cat-duoc-pham-vi","11":"product_cat-nha-khoa","12":"product_cat-phong-thi-nghiem","13":"product_tag-hoi-nuoc","15":"first","16":"onbackorder","17":"shipping-taxable","18":"purchasable","19":"product-type-simple"},"yoast_head":"<!-- This site is optimized with the Yoast SEO plugin v23.6 - https:\/\/yoast.com\/wordpress\/plugins\/seo\/ -->\n<title>Ch\u1ec9 th\u1ecb ti\u1ec7t tr\u00f9ng ch\u00e2n kh\u00f4ng True Indicating Steam Type 2 Bowie Dick (BD-1X) - Biosciences<\/title>\n<meta name=\"robots\" content=\"index, follow, max-snippet:-1, max-image-preview:large, max-video-preview:-1\" \/>\n<link rel=\"canonical\" href=\"https:\/\/biosciences.vn\/index.php\/product\/bang-keo-chi-thi-nhiet-hap-uot-true-indicating-cswn-1t-r\/\" \/>\n<meta property=\"og:locale\" content=\"en_US\" \/>\n<meta property=\"og:type\" content=\"article\" \/>\n<meta property=\"og:title\" content=\"Ch\u1ec9 th\u1ecb ti\u1ec7t tr\u00f9ng ch\u00e2n kh\u00f4ng True Indicating Steam Type 2 Bowie Dick (BD-1X) - Biosciences\" \/>\n<meta property=\"og:description\" content=\"BD-1X Steam Type 2 Bowie Dick l\u00e0 b\u1ed9 th\u1eed nghi\u1ec7m ti\u00ean ti\u1ebfn \u0111\u01b0\u1ee3c thi\u1ebft k\u1ebf \u0111\u1ec3 s\u1eed d\u1ee5ng trong c\u00e1c m\u00e1y ti\u1ec7t tr\u00f9ng ch\u00e2n kh\u00f4ng. S\u1ea3n ph\u1ea9m n\u00e0y cung c\u1ea5p kh\u1ea3 n\u0103ng ki\u1ec3m tra r\u00f5 r\u00e0ng v\u00e0 \u0111\u00e1ng tin c\u1eady v\u1ec1 hi\u1ec7u qu\u1ea3 c\u1ee7a qu\u00e1 tr\u00ecnh kh\u1eed tr\u00f9ng, gi\u00fap \u0111\u1ea3m b\u1ea3o an to\u00e0n v\u00e0 hi\u1ec7u [&hellip;]\" \/>\n<meta property=\"og:url\" content=\"https:\/\/biosciences.vn\/index.php\/product\/bang-keo-chi-thi-nhiet-hap-uot-true-indicating-cswn-1t-r\/\" \/>\n<meta property=\"og:site_name\" content=\"Biosciences\" \/>\n<meta property=\"article:modified_time\" content=\"2025-08-28T07:55:09+00:00\" \/>\n<meta property=\"og:image\" content=\"https:\/\/biosciences.vn\/wp-content\/uploads\/2024\/07\/BD-1X.png\" \/>\n\t<meta property=\"og:image:width\" content=\"506\" \/>\n\t<meta property=\"og:image:height\" content=\"506\" \/>\n\t<meta property=\"og:image:type\" content=\"image\/png\" \/>\n<meta name=\"twitter:card\" content=\"summary_large_image\" \/>\n<meta name=\"twitter:label1\" content=\"Est. reading time\" \/>\n\t<meta name=\"twitter:data1\" content=\"2 minutes\" \/>\n<script type=\"application\/ld+json\" class=\"yoast-schema-graph\">{\"@context\":\"https:\/\/schema.org\",\"@graph\":[{\"@type\":\"WebPage\",\"@id\":\"https:\/\/biosciences.vn\/index.php\/product\/bang-keo-chi-thi-nhiet-hap-uot-true-indicating-cswn-1t-r\/\",\"url\":\"https:\/\/biosciences.vn\/index.php\/product\/bang-keo-chi-thi-nhiet-hap-uot-true-indicating-cswn-1t-r\/\",\"name\":\"Ch\u1ec9 th\u1ecb ti\u1ec7t tr\u00f9ng ch\u00e2n kh\u00f4ng True Indicating Steam Type 2 Bowie Dick (BD-1X) - Biosciences\",\"isPartOf\":{\"@id\":\"https:\/\/biosciences.vn\/#website\"},\"primaryImageOfPage\":{\"@id\":\"https:\/\/biosciences.vn\/index.php\/product\/bang-keo-chi-thi-nhiet-hap-uot-true-indicating-cswn-1t-r\/#primaryimage\"},\"image\":{\"@id\":\"https:\/\/biosciences.vn\/index.php\/product\/bang-keo-chi-thi-nhiet-hap-uot-true-indicating-cswn-1t-r\/#primaryimage\"},\"thumbnailUrl\":\"https:\/\/biosciences.vn\/wp-content\/uploads\/2024\/07\/BD-1X.png\",\"datePublished\":\"2024-07-26T03:17:26+00:00\",\"dateModified\":\"2025-08-28T07:55:09+00:00\",\"breadcrumb\":{\"@id\":\"https:\/\/biosciences.vn\/index.php\/product\/bang-keo-chi-thi-nhiet-hap-uot-true-indicating-cswn-1t-r\/#breadcrumb\"},\"inLanguage\":\"en-US\",\"potentialAction\":[{\"@type\":\"ReadAction\",\"target\":[\"https:\/\/biosciences.vn\/index.php\/product\/bang-keo-chi-thi-nhiet-hap-uot-true-indicating-cswn-1t-r\/\"]}]},{\"@type\":\"ImageObject\",\"inLanguage\":\"en-US\",\"@id\":\"https:\/\/biosciences.vn\/index.php\/product\/bang-keo-chi-thi-nhiet-hap-uot-true-indicating-cswn-1t-r\/#primaryimage\",\"url\":\"https:\/\/biosciences.vn\/wp-content\/uploads\/2024\/07\/BD-1X.png\",\"contentUrl\":\"https:\/\/biosciences.vn\/wp-content\/uploads\/2024\/07\/BD-1X.png\",\"width\":506,\"height\":506},{\"@type\":\"BreadcrumbList\",\"@id\":\"https:\/\/biosciences.vn\/index.php\/product\/bang-keo-chi-thi-nhiet-hap-uot-true-indicating-cswn-1t-r\/#breadcrumb\",\"itemListElement\":[{\"@type\":\"ListItem\",\"position\":1,\"name\":\"Trang ch\u1ee7\",\"item\":\"https:\/\/biosciences.vn\/index.php\/en\/home\/\"},{\"@type\":\"ListItem\",\"position\":2,\"name\":\"Shop\",\"item\":\"https:\/\/biosciences.vn\/index.php\/shop\/\"},{\"@type\":\"ListItem\",\"position\":3,\"name\":\"Ch\u1ec9 th\u1ecb ti\u1ec7t tr\u00f9ng ch\u00e2n kh\u00f4ng True Indicating Steam Type 2 Bowie Dick (BD-1X)\"}]},{\"@type\":\"WebSite\",\"@id\":\"https:\/\/biosciences.vn\/#website\",\"url\":\"https:\/\/biosciences.vn\/\",\"name\":\"Biosciences\",\"description\":\"\",\"publisher\":{\"@id\":\"https:\/\/biosciences.vn\/#organization\"},\"potentialAction\":[{\"@type\":\"SearchAction\",\"target\":{\"@type\":\"EntryPoint\",\"urlTemplate\":\"https:\/\/biosciences.vn\/?s={search_term_string}\"},\"query-input\":{\"@type\":\"PropertyValueSpecification\",\"valueRequired\":true,\"valueName\":\"search_term_string\"}}],\"inLanguage\":\"en-US\"},{\"@type\":\"Organization\",\"@id\":\"https:\/\/biosciences.vn\/#organization\",\"name\":\"Biosciences\",\"url\":\"https:\/\/biosciences.vn\/\",\"logo\":{\"@type\":\"ImageObject\",\"inLanguage\":\"en-US\",\"@id\":\"https:\/\/biosciences.vn\/#\/schema\/logo\/image\/\",\"url\":\"https:\/\/biosciences.vn\/wp-content\/uploads\/2024\/04\/LOGO-BIOSCIENCES-PNG.png\",\"contentUrl\":\"https:\/\/biosciences.vn\/wp-content\/uploads\/2024\/04\/LOGO-BIOSCIENCES-PNG.png\",\"width\":2536,\"height\":638,\"caption\":\"Biosciences\"},\"image\":{\"@id\":\"https:\/\/biosciences.vn\/#\/schema\/logo\/image\/\"}}]}<\/script>\n<!-- \/ Yoast SEO plugin. -->","yoast_head_json":{"title":"Ch\u1ec9 th\u1ecb ti\u1ec7t tr\u00f9ng ch\u00e2n kh\u00f4ng True Indicating Steam Type 2 Bowie Dick (BD-1X) - Biosciences","robots":{"index":"index","follow":"follow","max-snippet":"max-snippet:-1","max-image-preview":"max-image-preview:large","max-video-preview":"max-video-preview:-1"},"canonical":"https:\/\/biosciences.vn\/index.php\/product\/bang-keo-chi-thi-nhiet-hap-uot-true-indicating-cswn-1t-r\/","og_locale":"en_US","og_type":"article","og_title":"Ch\u1ec9 th\u1ecb ti\u1ec7t tr\u00f9ng ch\u00e2n kh\u00f4ng True Indicating Steam Type 2 Bowie Dick (BD-1X) - Biosciences","og_description":"BD-1X Steam Type 2 Bowie Dick l\u00e0 b\u1ed9 th\u1eed nghi\u1ec7m ti\u00ean ti\u1ebfn \u0111\u01b0\u1ee3c thi\u1ebft k\u1ebf \u0111\u1ec3 s\u1eed d\u1ee5ng trong c\u00e1c m\u00e1y ti\u1ec7t tr\u00f9ng ch\u00e2n kh\u00f4ng. S\u1ea3n ph\u1ea9m n\u00e0y cung c\u1ea5p kh\u1ea3 n\u0103ng ki\u1ec3m tra r\u00f5 r\u00e0ng v\u00e0 \u0111\u00e1ng tin c\u1eady v\u1ec1 hi\u1ec7u qu\u1ea3 c\u1ee7a qu\u00e1 tr\u00ecnh kh\u1eed tr\u00f9ng, gi\u00fap \u0111\u1ea3m b\u1ea3o an to\u00e0n v\u00e0 hi\u1ec7u [&hellip;]","og_url":"https:\/\/biosciences.vn\/index.php\/product\/bang-keo-chi-thi-nhiet-hap-uot-true-indicating-cswn-1t-r\/","og_site_name":"Biosciences","article_modified_time":"2025-08-28T07:55:09+00:00","og_image":[{"width":506,"height":506,"url":"https:\/\/biosciences.vn\/wp-content\/uploads\/2024\/07\/BD-1X.png","type":"image\/png"}],"twitter_card":"summary_large_image","twitter_misc":{"Est. reading time":"2 minutes"},"schema":{"@context":"https:\/\/schema.org","@graph":[{"@type":"WebPage","@id":"https:\/\/biosciences.vn\/index.php\/product\/bang-keo-chi-thi-nhiet-hap-uot-true-indicating-cswn-1t-r\/","url":"https:\/\/biosciences.vn\/index.php\/product\/bang-keo-chi-thi-nhiet-hap-uot-true-indicating-cswn-1t-r\/","name":"Ch\u1ec9 th\u1ecb ti\u1ec7t tr\u00f9ng ch\u00e2n kh\u00f4ng True Indicating Steam Type 2 Bowie Dick (BD-1X) - Biosciences","isPartOf":{"@id":"https:\/\/biosciences.vn\/#website"},"primaryImageOfPage":{"@id":"https:\/\/biosciences.vn\/index.php\/product\/bang-keo-chi-thi-nhiet-hap-uot-true-indicating-cswn-1t-r\/#primaryimage"},"image":{"@id":"https:\/\/biosciences.vn\/index.php\/product\/bang-keo-chi-thi-nhiet-hap-uot-true-indicating-cswn-1t-r\/#primaryimage"},"thumbnailUrl":"https:\/\/biosciences.vn\/wp-content\/uploads\/2024\/07\/BD-1X.png","datePublished":"2024-07-26T03:17:26+00:00","dateModified":"2025-08-28T07:55:09+00:00","breadcrumb":{"@id":"https:\/\/biosciences.vn\/index.php\/product\/bang-keo-chi-thi-nhiet-hap-uot-true-indicating-cswn-1t-r\/#breadcrumb"},"inLanguage":"en-US","potentialAction":[{"@type":"ReadAction","target":["https:\/\/biosciences.vn\/index.php\/product\/bang-keo-chi-thi-nhiet-hap-uot-true-indicating-cswn-1t-r\/"]}]},{"@type":"ImageObject","inLanguage":"en-US","@id":"https:\/\/biosciences.vn\/index.php\/product\/bang-keo-chi-thi-nhiet-hap-uot-true-indicating-cswn-1t-r\/#primaryimage","url":"https:\/\/biosciences.vn\/wp-content\/uploads\/2024\/07\/BD-1X.png","contentUrl":"https:\/\/biosciences.vn\/wp-content\/uploads\/2024\/07\/BD-1X.png","width":506,"height":506},{"@type":"BreadcrumbList","@id":"https:\/\/biosciences.vn\/index.php\/product\/bang-keo-chi-thi-nhiet-hap-uot-true-indicating-cswn-1t-r\/#breadcrumb","itemListElement":[{"@type":"ListItem","position":1,"name":"Trang ch\u1ee7","item":"https:\/\/biosciences.vn\/index.php\/en\/home\/"},{"@type":"ListItem","position":2,"name":"Shop","item":"https:\/\/biosciences.vn\/index.php\/shop\/"},{"@type":"ListItem","position":3,"name":"Ch\u1ec9 th\u1ecb ti\u1ec7t tr\u00f9ng ch\u00e2n kh\u00f4ng True Indicating Steam Type 2 Bowie Dick (BD-1X)"}]},{"@type":"WebSite","@id":"https:\/\/biosciences.vn\/#website","url":"https:\/\/biosciences.vn\/","name":"Biosciences","description":"","publisher":{"@id":"https:\/\/biosciences.vn\/#organization"},"potentialAction":[{"@type":"SearchAction","target":{"@type":"EntryPoint","urlTemplate":"https:\/\/biosciences.vn\/?s={search_term_string}"},"query-input":{"@type":"PropertyValueSpecification","valueRequired":true,"valueName":"search_term_string"}}],"inLanguage":"en-US"},{"@type":"Organization","@id":"https:\/\/biosciences.vn\/#organization","name":"Biosciences","url":"https:\/\/biosciences.vn\/","logo":{"@type":"ImageObject","inLanguage":"en-US","@id":"https:\/\/biosciences.vn\/#\/schema\/logo\/image\/","url":"https:\/\/biosciences.vn\/wp-content\/uploads\/2024\/04\/LOGO-BIOSCIENCES-PNG.png","contentUrl":"https:\/\/biosciences.vn\/wp-content\/uploads\/2024\/04\/LOGO-BIOSCIENCES-PNG.png","width":2536,"height":638,"caption":"Biosciences"},"image":{"@id":"https:\/\/biosciences.vn\/#\/schema\/logo\/image\/"}}]}},"brands":[{"id":648,"name":"True Indicating","slug":"true-indicating-vi"}],"_links":{"self":[{"href":"https:\/\/biosciences.vn\/index.php\/wp-json\/wp\/v2\/product\/6010"}],"collection":[{"href":"https:\/\/biosciences.vn\/index.php\/wp-json\/wp\/v2\/product"}],"about":[{"href":"https:\/\/biosciences.vn\/index.php\/wp-json\/wp\/v2\/types\/product"}],"replies":[{"embeddable":true,"href":"https:\/\/biosciences.vn\/index.php\/wp-json\/wp\/v2\/comments?post=6010"}],"wp:featuredmedia":[{"embeddable":true,"href":"https:\/\/biosciences.vn\/index.php\/wp-json\/wp\/v2\/media\/6012"}],"wp:attachment":[{"href":"https:\/\/biosciences.vn\/index.php\/wp-json\/wp\/v2\/media?parent=6010"}],"wp:term":[{"taxonomy":"pwb-brand","embeddable":true,"href":"https:\/\/biosciences.vn\/index.php\/wp-json\/wp\/v2\/pwb-brand?post=6010"},{"taxonomy":"product_cat","embeddable":true,"href":"https:\/\/biosciences.vn\/index.php\/wp-json\/wp\/v2\/product_cat?post=6010"},{"taxonomy":"product_tag","embeddable":true,"href":"https:\/\/biosciences.vn\/index.php\/wp-json\/wp\/v2\/product_tag?post=6010"}],"curies":[{"name":"wp","href":"https:\/\/api.w.org\/{rel}","templated":true}]}}