{"id":6017,"date":"2024-07-26T11:28:07","date_gmt":"2024-07-26T04:28:07","guid":{"rendered":"https:\/\/biosciences.vn\/?post_type=product&#038;p=6017"},"modified":"2025-08-28T14:55:09","modified_gmt":"2025-08-28T07:55:09","slug":"bang-keo-chi-thi-nhiet-hap-kho-true-indicating-cdbn-14","status":"publish","type":"product","link":"https:\/\/biosciences.vn\/index.php\/product\/bang-keo-chi-thi-nhiet-hap-kho-true-indicating-cdbn-14\/","title":{"rendered":"B\u0103ng keo ch\u1ec9 th\u1ecb nhi\u1ec7t h\u1ea5p kh\u00f4 True Indicating (CDBN-14)"},"content":{"rendered":"<p>CDBN-14 Dry Heat Type 4 Multi-Critical Process Variable Indicators l\u00e0 ch\u1ec9 th\u1ecb ti\u00ean ti\u1ebfn \u0111\u01b0\u1ee3c thi\u1ebft k\u1ebf \u0111\u1ec3 ki\u1ec3m tra hi\u1ec7u qu\u1ea3 c\u1ee7a qu\u00e1 tr\u00ecnh kh\u1eed tr\u00f9ng b\u1eb1ng nhi\u1ec7t kh\u00f4. S\u1ea3n ph\u1ea9m n\u00e0y cung c\u1ea5p kh\u1ea3 n\u0103ng ki\u1ec3m tra r\u00f5 r\u00e0ng v\u00e0 \u0111\u00e1ng tin c\u1eady, gi\u00fap \u0111\u1ea3m b\u1ea3o an to\u00e0n v\u00e0 hi\u1ec7u qu\u1ea3 trong m\u00f4i tr\u01b0\u1eddng y t\u1ebf v\u00e0 ph\u00f2ng th\u00ed nghi\u1ec7m.<\/p>\n<p><strong>\u0110\u1eb7c \u0111i\u1ec3m:<\/strong><\/p>\n<ul>\n<li><strong>\u0110a ch\u1ee9c n\u0103ng:<\/strong> Ch\u1ec9 th\u1ecb c\u00f3 th\u1ec3 \u0111\u01b0\u1ee3c s\u1eed d\u1ee5ng d\u01b0\u1edbi d\u1ea1ng d\u1ea3i ho\u1eb7c nh\u00e3n, ho\u1eb7c c\u1ea3 hai, \u0111\u1ec3 l\u01b0u tr\u1eef h\u1ed3 s\u01a1 sau khi ti\u1ebfp x\u00fac.<\/li>\n<li><strong>Chuy\u1ec3n m\u00e0u r\u00f5 r\u1ec7t:<\/strong> Chuy\u1ec3n t\u1eeb m\u00e0u xanh sang m\u00e0u t\u1ed1i, gi\u00fap d\u1ec5 d\u00e0ng x\u00e1c \u0111\u1ecbnh k\u1ebft qu\u1ea3 ki\u1ec3m tra.<\/li>\n<li><strong>An to\u00e0n:<\/strong> Kh\u00f4ng ch\u1ee9a ch\u00ec, kim lo\u1ea1i n\u1eb7ng hay latex, \u0111\u1ea3m b\u1ea3o an to\u00e0n cho ng\u01b0\u1eddi s\u1eed d\u1ee5ng v\u00e0 m\u00f4i tr\u01b0\u1eddng.<\/li>\n<li><strong>Tu\u1ed5i th\u1ecd:<\/strong> Th\u1eddi h\u1ea1n s\u1eed d\u1ee5ng l\u00ean \u0111\u1ebfn 3 n\u0103m, \u0111\u1ea3m b\u1ea3o t\u00ednh \u1ed5n \u0111\u1ecbnh v\u00e0 \u0111\u1ed9 b\u1ec1n c\u1ee7a s\u1ea3n ph\u1ea9m.<\/li>\n<li><strong>Th\u00f4ng s\u1ed1 k\u1ef9 thu\u1eadt:<\/strong>\n<ul>\n<li>K\u00edch th\u01b0\u1edbc: 19 mm x 64 mm<\/li>\n<li>\u0110\u00f3ng g\u00f3i: 250 d\u1ea3i\/g\u00f3i<\/li>\n<\/ul>\n<\/li>\n<\/ul>\n","protected":false},"excerpt":{"rendered":"<p>CDBN-14 Dry Heat Type 4 Multi-Critical Process Variable Indicators l\u00e0 ch\u1ec9 th\u1ecb ti\u00ean ti\u1ebfn \u0111\u01b0\u1ee3c thi\u1ebft k\u1ebf \u0111\u1ec3 ki\u1ec3m tra hi\u1ec7u qu\u1ea3 c\u1ee7a qu\u00e1 tr\u00ecnh kh\u1eed tr\u00f9ng b\u1eb1ng nhi\u1ec7t kh\u00f4. S\u1ea3n ph\u1ea9m n\u00e0y cung c\u1ea5p kh\u1ea3 n\u0103ng ki\u1ec3m tra r\u00f5 r\u00e0ng v\u00e0 \u0111\u00e1ng tin c\u1eady, gi\u00fap \u0111\u1ea3m b\u1ea3o an to\u00e0n v\u00e0 hi\u1ec7u qu\u1ea3 trong m\u00f4i [&hellip;]<\/p>\n","protected":false},"featured_media":6018,"comment_status":"open","ping_status":"closed","template":"","meta":[],"pwb-brand":[648],"product_cat":[491,707,737,741,709,739],"product_tag":[937],"class_list":{"0":"post-6017","1":"product","2":"type-product","3":"status-publish","4":"has-post-thumbnail","6":"pwb-brand-true-indicating-vi","7":"product_cat-kiem-soat-nhiem-khuan","8":"product_cat-cham-soc-suc-khoe","9":"product_cat-cong-nghiep","10":"product_cat-duoc-pham-vi","11":"product_cat-nha-khoa","12":"product_cat-phong-thi-nghiem","13":"product_tag-nhiet-kho","15":"first","16":"onbackorder","17":"shipping-taxable","18":"purchasable","19":"product-type-simple"},"yoast_head":"<!-- This site is optimized with the Yoast SEO plugin v23.6 - https:\/\/yoast.com\/wordpress\/plugins\/seo\/ -->\n<title>B\u0103ng keo ch\u1ec9 th\u1ecb nhi\u1ec7t h\u1ea5p kh\u00f4 True Indicating (CDBN-14) - Biosciences<\/title>\n<meta name=\"robots\" content=\"index, follow, max-snippet:-1, max-image-preview:large, max-video-preview:-1\" \/>\n<link rel=\"canonical\" href=\"https:\/\/biosciences.vn\/index.php\/product\/bang-keo-chi-thi-nhiet-hap-kho-true-indicating-cdbn-14\/\" \/>\n<meta property=\"og:locale\" content=\"en_US\" \/>\n<meta property=\"og:type\" content=\"article\" \/>\n<meta property=\"og:title\" content=\"B\u0103ng keo ch\u1ec9 th\u1ecb nhi\u1ec7t h\u1ea5p kh\u00f4 True Indicating (CDBN-14) - Biosciences\" \/>\n<meta property=\"og:description\" content=\"CDBN-14 Dry Heat Type 4 Multi-Critical Process Variable Indicators l\u00e0 ch\u1ec9 th\u1ecb ti\u00ean ti\u1ebfn \u0111\u01b0\u1ee3c thi\u1ebft k\u1ebf \u0111\u1ec3 ki\u1ec3m tra hi\u1ec7u qu\u1ea3 c\u1ee7a qu\u00e1 tr\u00ecnh kh\u1eed tr\u00f9ng b\u1eb1ng nhi\u1ec7t kh\u00f4. S\u1ea3n ph\u1ea9m n\u00e0y cung c\u1ea5p kh\u1ea3 n\u0103ng ki\u1ec3m tra r\u00f5 r\u00e0ng v\u00e0 \u0111\u00e1ng tin c\u1eady, gi\u00fap \u0111\u1ea3m b\u1ea3o an to\u00e0n v\u00e0 hi\u1ec7u qu\u1ea3 trong m\u00f4i [&hellip;]\" \/>\n<meta property=\"og:url\" content=\"https:\/\/biosciences.vn\/index.php\/product\/bang-keo-chi-thi-nhiet-hap-kho-true-indicating-cdbn-14\/\" \/>\n<meta property=\"og:site_name\" content=\"Biosciences\" \/>\n<meta property=\"article:modified_time\" content=\"2025-08-28T07:55:09+00:00\" \/>\n<meta property=\"og:image\" content=\"https:\/\/biosciences.vn\/wp-content\/uploads\/2024\/07\/CDBN-14.png\" \/>\n\t<meta property=\"og:image:width\" content=\"685\" \/>\n\t<meta property=\"og:image:height\" content=\"456\" \/>\n\t<meta property=\"og:image:type\" content=\"image\/png\" \/>\n<meta name=\"twitter:card\" content=\"summary_large_image\" \/>\n<meta name=\"twitter:label1\" content=\"Est. reading time\" \/>\n\t<meta name=\"twitter:data1\" content=\"1 minute\" \/>\n<script type=\"application\/ld+json\" class=\"yoast-schema-graph\">{\"@context\":\"https:\/\/schema.org\",\"@graph\":[{\"@type\":\"WebPage\",\"@id\":\"https:\/\/biosciences.vn\/index.php\/product\/bang-keo-chi-thi-nhiet-hap-kho-true-indicating-cdbn-14\/\",\"url\":\"https:\/\/biosciences.vn\/index.php\/product\/bang-keo-chi-thi-nhiet-hap-kho-true-indicating-cdbn-14\/\",\"name\":\"B\u0103ng keo ch\u1ec9 th\u1ecb nhi\u1ec7t h\u1ea5p kh\u00f4 True Indicating (CDBN-14) - Biosciences\",\"isPartOf\":{\"@id\":\"https:\/\/biosciences.vn\/#website\"},\"primaryImageOfPage\":{\"@id\":\"https:\/\/biosciences.vn\/index.php\/product\/bang-keo-chi-thi-nhiet-hap-kho-true-indicating-cdbn-14\/#primaryimage\"},\"image\":{\"@id\":\"https:\/\/biosciences.vn\/index.php\/product\/bang-keo-chi-thi-nhiet-hap-kho-true-indicating-cdbn-14\/#primaryimage\"},\"thumbnailUrl\":\"https:\/\/biosciences.vn\/wp-content\/uploads\/2024\/07\/CDBN-14.png\",\"datePublished\":\"2024-07-26T04:28:07+00:00\",\"dateModified\":\"2025-08-28T07:55:09+00:00\",\"breadcrumb\":{\"@id\":\"https:\/\/biosciences.vn\/index.php\/product\/bang-keo-chi-thi-nhiet-hap-kho-true-indicating-cdbn-14\/#breadcrumb\"},\"inLanguage\":\"en-US\",\"potentialAction\":[{\"@type\":\"ReadAction\",\"target\":[\"https:\/\/biosciences.vn\/index.php\/product\/bang-keo-chi-thi-nhiet-hap-kho-true-indicating-cdbn-14\/\"]}]},{\"@type\":\"ImageObject\",\"inLanguage\":\"en-US\",\"@id\":\"https:\/\/biosciences.vn\/index.php\/product\/bang-keo-chi-thi-nhiet-hap-kho-true-indicating-cdbn-14\/#primaryimage\",\"url\":\"https:\/\/biosciences.vn\/wp-content\/uploads\/2024\/07\/CDBN-14.png\",\"contentUrl\":\"https:\/\/biosciences.vn\/wp-content\/uploads\/2024\/07\/CDBN-14.png\",\"width\":685,\"height\":456},{\"@type\":\"BreadcrumbList\",\"@id\":\"https:\/\/biosciences.vn\/index.php\/product\/bang-keo-chi-thi-nhiet-hap-kho-true-indicating-cdbn-14\/#breadcrumb\",\"itemListElement\":[{\"@type\":\"ListItem\",\"position\":1,\"name\":\"Trang ch\u1ee7\",\"item\":\"https:\/\/biosciences.vn\/index.php\/en\/home\/\"},{\"@type\":\"ListItem\",\"position\":2,\"name\":\"Shop\",\"item\":\"https:\/\/biosciences.vn\/index.php\/shop\/\"},{\"@type\":\"ListItem\",\"position\":3,\"name\":\"B\u0103ng keo ch\u1ec9 th\u1ecb nhi\u1ec7t h\u1ea5p kh\u00f4 True Indicating (CDBN-14)\"}]},{\"@type\":\"WebSite\",\"@id\":\"https:\/\/biosciences.vn\/#website\",\"url\":\"https:\/\/biosciences.vn\/\",\"name\":\"Biosciences\",\"description\":\"\",\"publisher\":{\"@id\":\"https:\/\/biosciences.vn\/#organization\"},\"potentialAction\":[{\"@type\":\"SearchAction\",\"target\":{\"@type\":\"EntryPoint\",\"urlTemplate\":\"https:\/\/biosciences.vn\/?s={search_term_string}\"},\"query-input\":{\"@type\":\"PropertyValueSpecification\",\"valueRequired\":true,\"valueName\":\"search_term_string\"}}],\"inLanguage\":\"en-US\"},{\"@type\":\"Organization\",\"@id\":\"https:\/\/biosciences.vn\/#organization\",\"name\":\"Biosciences\",\"url\":\"https:\/\/biosciences.vn\/\",\"logo\":{\"@type\":\"ImageObject\",\"inLanguage\":\"en-US\",\"@id\":\"https:\/\/biosciences.vn\/#\/schema\/logo\/image\/\",\"url\":\"https:\/\/biosciences.vn\/wp-content\/uploads\/2024\/04\/LOGO-BIOSCIENCES-PNG.png\",\"contentUrl\":\"https:\/\/biosciences.vn\/wp-content\/uploads\/2024\/04\/LOGO-BIOSCIENCES-PNG.png\",\"width\":2536,\"height\":638,\"caption\":\"Biosciences\"},\"image\":{\"@id\":\"https:\/\/biosciences.vn\/#\/schema\/logo\/image\/\"}}]}<\/script>\n<!-- \/ Yoast SEO plugin. -->","yoast_head_json":{"title":"B\u0103ng keo ch\u1ec9 th\u1ecb nhi\u1ec7t h\u1ea5p kh\u00f4 True Indicating (CDBN-14) - Biosciences","robots":{"index":"index","follow":"follow","max-snippet":"max-snippet:-1","max-image-preview":"max-image-preview:large","max-video-preview":"max-video-preview:-1"},"canonical":"https:\/\/biosciences.vn\/index.php\/product\/bang-keo-chi-thi-nhiet-hap-kho-true-indicating-cdbn-14\/","og_locale":"en_US","og_type":"article","og_title":"B\u0103ng keo ch\u1ec9 th\u1ecb nhi\u1ec7t h\u1ea5p kh\u00f4 True Indicating (CDBN-14) - Biosciences","og_description":"CDBN-14 Dry Heat Type 4 Multi-Critical Process Variable Indicators l\u00e0 ch\u1ec9 th\u1ecb ti\u00ean ti\u1ebfn \u0111\u01b0\u1ee3c thi\u1ebft k\u1ebf \u0111\u1ec3 ki\u1ec3m tra hi\u1ec7u qu\u1ea3 c\u1ee7a qu\u00e1 tr\u00ecnh kh\u1eed tr\u00f9ng b\u1eb1ng nhi\u1ec7t kh\u00f4. S\u1ea3n ph\u1ea9m n\u00e0y cung c\u1ea5p kh\u1ea3 n\u0103ng ki\u1ec3m tra r\u00f5 r\u00e0ng v\u00e0 \u0111\u00e1ng tin c\u1eady, gi\u00fap \u0111\u1ea3m b\u1ea3o an to\u00e0n v\u00e0 hi\u1ec7u qu\u1ea3 trong m\u00f4i [&hellip;]","og_url":"https:\/\/biosciences.vn\/index.php\/product\/bang-keo-chi-thi-nhiet-hap-kho-true-indicating-cdbn-14\/","og_site_name":"Biosciences","article_modified_time":"2025-08-28T07:55:09+00:00","og_image":[{"width":685,"height":456,"url":"https:\/\/biosciences.vn\/wp-content\/uploads\/2024\/07\/CDBN-14.png","type":"image\/png"}],"twitter_card":"summary_large_image","twitter_misc":{"Est. reading time":"1 minute"},"schema":{"@context":"https:\/\/schema.org","@graph":[{"@type":"WebPage","@id":"https:\/\/biosciences.vn\/index.php\/product\/bang-keo-chi-thi-nhiet-hap-kho-true-indicating-cdbn-14\/","url":"https:\/\/biosciences.vn\/index.php\/product\/bang-keo-chi-thi-nhiet-hap-kho-true-indicating-cdbn-14\/","name":"B\u0103ng keo ch\u1ec9 th\u1ecb nhi\u1ec7t h\u1ea5p kh\u00f4 True Indicating (CDBN-14) - Biosciences","isPartOf":{"@id":"https:\/\/biosciences.vn\/#website"},"primaryImageOfPage":{"@id":"https:\/\/biosciences.vn\/index.php\/product\/bang-keo-chi-thi-nhiet-hap-kho-true-indicating-cdbn-14\/#primaryimage"},"image":{"@id":"https:\/\/biosciences.vn\/index.php\/product\/bang-keo-chi-thi-nhiet-hap-kho-true-indicating-cdbn-14\/#primaryimage"},"thumbnailUrl":"https:\/\/biosciences.vn\/wp-content\/uploads\/2024\/07\/CDBN-14.png","datePublished":"2024-07-26T04:28:07+00:00","dateModified":"2025-08-28T07:55:09+00:00","breadcrumb":{"@id":"https:\/\/biosciences.vn\/index.php\/product\/bang-keo-chi-thi-nhiet-hap-kho-true-indicating-cdbn-14\/#breadcrumb"},"inLanguage":"en-US","potentialAction":[{"@type":"ReadAction","target":["https:\/\/biosciences.vn\/index.php\/product\/bang-keo-chi-thi-nhiet-hap-kho-true-indicating-cdbn-14\/"]}]},{"@type":"ImageObject","inLanguage":"en-US","@id":"https:\/\/biosciences.vn\/index.php\/product\/bang-keo-chi-thi-nhiet-hap-kho-true-indicating-cdbn-14\/#primaryimage","url":"https:\/\/biosciences.vn\/wp-content\/uploads\/2024\/07\/CDBN-14.png","contentUrl":"https:\/\/biosciences.vn\/wp-content\/uploads\/2024\/07\/CDBN-14.png","width":685,"height":456},{"@type":"BreadcrumbList","@id":"https:\/\/biosciences.vn\/index.php\/product\/bang-keo-chi-thi-nhiet-hap-kho-true-indicating-cdbn-14\/#breadcrumb","itemListElement":[{"@type":"ListItem","position":1,"name":"Trang ch\u1ee7","item":"https:\/\/biosciences.vn\/index.php\/en\/home\/"},{"@type":"ListItem","position":2,"name":"Shop","item":"https:\/\/biosciences.vn\/index.php\/shop\/"},{"@type":"ListItem","position":3,"name":"B\u0103ng keo ch\u1ec9 th\u1ecb nhi\u1ec7t h\u1ea5p kh\u00f4 True Indicating (CDBN-14)"}]},{"@type":"WebSite","@id":"https:\/\/biosciences.vn\/#website","url":"https:\/\/biosciences.vn\/","name":"Biosciences","description":"","publisher":{"@id":"https:\/\/biosciences.vn\/#organization"},"potentialAction":[{"@type":"SearchAction","target":{"@type":"EntryPoint","urlTemplate":"https:\/\/biosciences.vn\/?s={search_term_string}"},"query-input":{"@type":"PropertyValueSpecification","valueRequired":true,"valueName":"search_term_string"}}],"inLanguage":"en-US"},{"@type":"Organization","@id":"https:\/\/biosciences.vn\/#organization","name":"Biosciences","url":"https:\/\/biosciences.vn\/","logo":{"@type":"ImageObject","inLanguage":"en-US","@id":"https:\/\/biosciences.vn\/#\/schema\/logo\/image\/","url":"https:\/\/biosciences.vn\/wp-content\/uploads\/2024\/04\/LOGO-BIOSCIENCES-PNG.png","contentUrl":"https:\/\/biosciences.vn\/wp-content\/uploads\/2024\/04\/LOGO-BIOSCIENCES-PNG.png","width":2536,"height":638,"caption":"Biosciences"},"image":{"@id":"https:\/\/biosciences.vn\/#\/schema\/logo\/image\/"}}]}},"brands":[{"id":648,"name":"True Indicating","slug":"true-indicating-vi"}],"_links":{"self":[{"href":"https:\/\/biosciences.vn\/index.php\/wp-json\/wp\/v2\/product\/6017"}],"collection":[{"href":"https:\/\/biosciences.vn\/index.php\/wp-json\/wp\/v2\/product"}],"about":[{"href":"https:\/\/biosciences.vn\/index.php\/wp-json\/wp\/v2\/types\/product"}],"replies":[{"embeddable":true,"href":"https:\/\/biosciences.vn\/index.php\/wp-json\/wp\/v2\/comments?post=6017"}],"wp:featuredmedia":[{"embeddable":true,"href":"https:\/\/biosciences.vn\/index.php\/wp-json\/wp\/v2\/media\/6018"}],"wp:attachment":[{"href":"https:\/\/biosciences.vn\/index.php\/wp-json\/wp\/v2\/media?parent=6017"}],"wp:term":[{"taxonomy":"pwb-brand","embeddable":true,"href":"https:\/\/biosciences.vn\/index.php\/wp-json\/wp\/v2\/pwb-brand?post=6017"},{"taxonomy":"product_cat","embeddable":true,"href":"https:\/\/biosciences.vn\/index.php\/wp-json\/wp\/v2\/product_cat?post=6017"},{"taxonomy":"product_tag","embeddable":true,"href":"https:\/\/biosciences.vn\/index.php\/wp-json\/wp\/v2\/product_tag?post=6017"}],"curies":[{"name":"wp","href":"https:\/\/api.w.org\/{rel}","templated":true}]}}