{"id":6024,"date":"2024-07-26T12:04:53","date_gmt":"2024-07-26T05:04:53","guid":{"rendered":"https:\/\/biosciences.vn\/?post_type=product&#038;p=6024"},"modified":"2025-08-28T14:55:09","modified_gmt":"2025-08-28T07:55:09","slug":"dai-bao-tu-chi-thi-sinh-hoc-true-indicating-sa-06dh-bacillus-atrophaeus-9372","status":"publish","type":"product","link":"https:\/\/biosciences.vn\/index.php\/product\/dai-bao-tu-chi-thi-sinh-hoc-true-indicating-sa-06dh-bacillus-atrophaeus-9372\/","title":{"rendered":"D\u1ea3i b\u00e0o t\u1eed ch\u1ec9 th\u1ecb sinh h\u1ecdc True Indicating, Bacillus atrophaeus 9372 (SA-06DH)"},"content":{"rendered":"<p>SA-06DH Dry Heat Spore Strips l\u00e0 ch\u1ec9 th\u1ecb sinh h\u1ecdc \u0111\u01b0\u1ee3c thi\u1ebft k\u1ebf \u0111\u1ec3 gi\u00e1m s\u00e1t hi\u1ec7u qu\u1ea3 c\u1ee7a c\u00e1c quy tr\u00ecnh kh\u1eed tr\u00f9ng b\u1eb1ng nhi\u1ec7t kh\u00f4. Ch\u00fang s\u1eed d\u1ee5ng d\u00f2ng t\u1ebf b\u00e0o Bacillus atrophaeus 9372 v\u00e0 tu\u00e2n th\u1ee7 c\u00e1c ti\u00eau chu\u1ea9n USP, ISO 11138-1 v\u00e0 ISO 11138-4.<\/p>\n<p><strong>\u0110\u1eb7c \u0111i\u1ec3m:<\/strong><\/p>\n<ul>\n<li><strong>Tu\u00e2n th\u1ee7 ti\u00eau chu\u1ea9n:<\/strong> USP, ISO 11138-1 v\u00e0 ISO 11138-4<\/li>\n<li><strong>D\u00f2ng t\u1ebf b\u00e0o:<\/strong> Bacillus atrophaeus Cell Line 9372<\/li>\n<li><strong>\u0110\u1ed9 tin c\u1eady:<\/strong> Nh\u1ea5t qu\u00e1n gi\u1eefa c\u00e1c d\u1ea3i v\u1ec1 d\u00e2n s\u1ed1, \u0111\u1ed9 tinh khi\u1ebft v\u00e0 kh\u1ea3 n\u0103ng kh\u00e1ng.<\/li>\n<\/ul>\n<p><strong>Th\u00f4ng s\u1ed1 k\u1ef9 thu\u1eadt:<\/strong><\/p>\n<ul>\n<li><strong>S\u1eed d\u1ee5ng \u0111\u1ec3 gi\u00e1m s\u00e1t:<\/strong> Nhi\u1ec7t kh\u00f4<\/li>\n<li><strong>K\u00edch th\u01b0\u1edbc:<\/strong> 6mm x 30mm<\/li>\n<li><strong>\u0110\u00f3ng g\u00f3i:<\/strong> T\u00fai gi\u1ea5y glassine<\/li>\n<li><strong>\u0110\u01a1n v\u1ecb t\u00ednh:<\/strong> 100 d\u1ea3i\/g\u00f3i<\/li>\n<li><strong>N\u01a1i s\u1eed d\u1ee5ng:<\/strong> Ph\u00f2ng th\u00ed nghi\u1ec7m \/ C\u00f4ng nghi\u1ec7p<\/li>\n<\/ul>\n","protected":false},"excerpt":{"rendered":"<p>SA-06DH Dry Heat Spore Strips l\u00e0 ch\u1ec9 th\u1ecb sinh h\u1ecdc \u0111\u01b0\u1ee3c thi\u1ebft k\u1ebf \u0111\u1ec3 gi\u00e1m s\u00e1t hi\u1ec7u qu\u1ea3 c\u1ee7a c\u00e1c quy tr\u00ecnh kh\u1eed tr\u00f9ng b\u1eb1ng nhi\u1ec7t kh\u00f4. Ch\u00fang s\u1eed d\u1ee5ng d\u00f2ng t\u1ebf b\u00e0o Bacillus atrophaeus 9372 v\u00e0 tu\u00e2n th\u1ee7 c\u00e1c ti\u00eau chu\u1ea9n USP, ISO 11138-1 v\u00e0 ISO 11138-4. \u0110\u1eb7c \u0111i\u1ec3m: Tu\u00e2n th\u1ee7 ti\u00eau chu\u1ea9n: USP, [&hellip;]<\/p>\n","protected":false},"featured_media":6025,"comment_status":"open","ping_status":"closed","template":"","meta":[],"pwb-brand":[648],"product_cat":[491,707,737,741,709,739],"product_tag":[919,937],"class_list":{"0":"post-6024","1":"product","2":"type-product","3":"status-publish","4":"has-post-thumbnail","6":"pwb-brand-true-indicating-vi","7":"product_cat-kiem-soat-nhiem-khuan","8":"product_cat-cham-soc-suc-khoe","9":"product_cat-cong-nghiep","10":"product_cat-duoc-pham-vi","11":"product_cat-nha-khoa","12":"product_cat-phong-thi-nghiem","13":"product_tag-chi-thi-sinh-hoc-scbi","14":"product_tag-nhiet-kho","16":"first","17":"onbackorder","18":"shipping-taxable","19":"purchasable","20":"product-type-simple"},"yoast_head":"<!-- This site is optimized with the Yoast SEO plugin v23.6 - https:\/\/yoast.com\/wordpress\/plugins\/seo\/ -->\n<title>D\u1ea3i b\u00e0o t\u1eed ch\u1ec9 th\u1ecb sinh h\u1ecdc True Indicating, Bacillus atrophaeus 9372 (SA-06DH) - Biosciences<\/title>\n<meta name=\"robots\" content=\"index, follow, max-snippet:-1, max-image-preview:large, max-video-preview:-1\" \/>\n<link rel=\"canonical\" href=\"https:\/\/biosciences.vn\/index.php\/product\/dai-bao-tu-chi-thi-sinh-hoc-true-indicating-sa-06dh-bacillus-atrophaeus-9372\/\" \/>\n<meta property=\"og:locale\" content=\"en_US\" \/>\n<meta property=\"og:type\" content=\"article\" \/>\n<meta property=\"og:title\" content=\"D\u1ea3i b\u00e0o t\u1eed ch\u1ec9 th\u1ecb sinh h\u1ecdc True Indicating, Bacillus atrophaeus 9372 (SA-06DH) - Biosciences\" \/>\n<meta property=\"og:description\" content=\"SA-06DH Dry Heat Spore Strips l\u00e0 ch\u1ec9 th\u1ecb sinh h\u1ecdc \u0111\u01b0\u1ee3c thi\u1ebft k\u1ebf \u0111\u1ec3 gi\u00e1m s\u00e1t hi\u1ec7u qu\u1ea3 c\u1ee7a c\u00e1c quy tr\u00ecnh kh\u1eed tr\u00f9ng b\u1eb1ng nhi\u1ec7t kh\u00f4. Ch\u00fang s\u1eed d\u1ee5ng d\u00f2ng t\u1ebf b\u00e0o Bacillus atrophaeus 9372 v\u00e0 tu\u00e2n th\u1ee7 c\u00e1c ti\u00eau chu\u1ea9n USP, ISO 11138-1 v\u00e0 ISO 11138-4. \u0110\u1eb7c \u0111i\u1ec3m: Tu\u00e2n th\u1ee7 ti\u00eau chu\u1ea9n: USP, [&hellip;]\" \/>\n<meta property=\"og:url\" content=\"https:\/\/biosciences.vn\/index.php\/product\/dai-bao-tu-chi-thi-sinh-hoc-true-indicating-sa-06dh-bacillus-atrophaeus-9372\/\" \/>\n<meta property=\"og:site_name\" content=\"Biosciences\" \/>\n<meta property=\"article:modified_time\" content=\"2025-08-28T07:55:09+00:00\" \/>\n<meta property=\"og:image\" content=\"https:\/\/biosciences.vn\/wp-content\/uploads\/2024\/07\/SA-06DH.png\" \/>\n\t<meta property=\"og:image:width\" content=\"1000\" \/>\n\t<meta property=\"og:image:height\" content=\"1000\" \/>\n\t<meta property=\"og:image:type\" content=\"image\/png\" \/>\n<meta name=\"twitter:card\" content=\"summary_large_image\" \/>\n<meta name=\"twitter:label1\" content=\"Est. reading time\" \/>\n\t<meta name=\"twitter:data1\" content=\"1 minute\" \/>\n<script type=\"application\/ld+json\" class=\"yoast-schema-graph\">{\"@context\":\"https:\/\/schema.org\",\"@graph\":[{\"@type\":\"WebPage\",\"@id\":\"https:\/\/biosciences.vn\/index.php\/product\/dai-bao-tu-chi-thi-sinh-hoc-true-indicating-sa-06dh-bacillus-atrophaeus-9372\/\",\"url\":\"https:\/\/biosciences.vn\/index.php\/product\/dai-bao-tu-chi-thi-sinh-hoc-true-indicating-sa-06dh-bacillus-atrophaeus-9372\/\",\"name\":\"D\u1ea3i b\u00e0o t\u1eed ch\u1ec9 th\u1ecb sinh h\u1ecdc True Indicating, Bacillus atrophaeus 9372 (SA-06DH) - Biosciences\",\"isPartOf\":{\"@id\":\"https:\/\/biosciences.vn\/#website\"},\"primaryImageOfPage\":{\"@id\":\"https:\/\/biosciences.vn\/index.php\/product\/dai-bao-tu-chi-thi-sinh-hoc-true-indicating-sa-06dh-bacillus-atrophaeus-9372\/#primaryimage\"},\"image\":{\"@id\":\"https:\/\/biosciences.vn\/index.php\/product\/dai-bao-tu-chi-thi-sinh-hoc-true-indicating-sa-06dh-bacillus-atrophaeus-9372\/#primaryimage\"},\"thumbnailUrl\":\"https:\/\/biosciences.vn\/wp-content\/uploads\/2024\/07\/SA-06DH.png\",\"datePublished\":\"2024-07-26T05:04:53+00:00\",\"dateModified\":\"2025-08-28T07:55:09+00:00\",\"breadcrumb\":{\"@id\":\"https:\/\/biosciences.vn\/index.php\/product\/dai-bao-tu-chi-thi-sinh-hoc-true-indicating-sa-06dh-bacillus-atrophaeus-9372\/#breadcrumb\"},\"inLanguage\":\"en-US\",\"potentialAction\":[{\"@type\":\"ReadAction\",\"target\":[\"https:\/\/biosciences.vn\/index.php\/product\/dai-bao-tu-chi-thi-sinh-hoc-true-indicating-sa-06dh-bacillus-atrophaeus-9372\/\"]}]},{\"@type\":\"ImageObject\",\"inLanguage\":\"en-US\",\"@id\":\"https:\/\/biosciences.vn\/index.php\/product\/dai-bao-tu-chi-thi-sinh-hoc-true-indicating-sa-06dh-bacillus-atrophaeus-9372\/#primaryimage\",\"url\":\"https:\/\/biosciences.vn\/wp-content\/uploads\/2024\/07\/SA-06DH.png\",\"contentUrl\":\"https:\/\/biosciences.vn\/wp-content\/uploads\/2024\/07\/SA-06DH.png\",\"width\":1000,\"height\":1000},{\"@type\":\"BreadcrumbList\",\"@id\":\"https:\/\/biosciences.vn\/index.php\/product\/dai-bao-tu-chi-thi-sinh-hoc-true-indicating-sa-06dh-bacillus-atrophaeus-9372\/#breadcrumb\",\"itemListElement\":[{\"@type\":\"ListItem\",\"position\":1,\"name\":\"Trang ch\u1ee7\",\"item\":\"https:\/\/biosciences.vn\/index.php\/en\/home\/\"},{\"@type\":\"ListItem\",\"position\":2,\"name\":\"Shop\",\"item\":\"https:\/\/biosciences.vn\/index.php\/shop\/\"},{\"@type\":\"ListItem\",\"position\":3,\"name\":\"D\u1ea3i b\u00e0o t\u1eed ch\u1ec9 th\u1ecb sinh h\u1ecdc True Indicating, Bacillus atrophaeus 9372 (SA-06DH)\"}]},{\"@type\":\"WebSite\",\"@id\":\"https:\/\/biosciences.vn\/#website\",\"url\":\"https:\/\/biosciences.vn\/\",\"name\":\"Biosciences\",\"description\":\"\",\"publisher\":{\"@id\":\"https:\/\/biosciences.vn\/#organization\"},\"potentialAction\":[{\"@type\":\"SearchAction\",\"target\":{\"@type\":\"EntryPoint\",\"urlTemplate\":\"https:\/\/biosciences.vn\/?s={search_term_string}\"},\"query-input\":{\"@type\":\"PropertyValueSpecification\",\"valueRequired\":true,\"valueName\":\"search_term_string\"}}],\"inLanguage\":\"en-US\"},{\"@type\":\"Organization\",\"@id\":\"https:\/\/biosciences.vn\/#organization\",\"name\":\"Biosciences\",\"url\":\"https:\/\/biosciences.vn\/\",\"logo\":{\"@type\":\"ImageObject\",\"inLanguage\":\"en-US\",\"@id\":\"https:\/\/biosciences.vn\/#\/schema\/logo\/image\/\",\"url\":\"https:\/\/biosciences.vn\/wp-content\/uploads\/2024\/04\/LOGO-BIOSCIENCES-PNG.png\",\"contentUrl\":\"https:\/\/biosciences.vn\/wp-content\/uploads\/2024\/04\/LOGO-BIOSCIENCES-PNG.png\",\"width\":2536,\"height\":638,\"caption\":\"Biosciences\"},\"image\":{\"@id\":\"https:\/\/biosciences.vn\/#\/schema\/logo\/image\/\"}}]}<\/script>\n<!-- \/ Yoast SEO plugin. -->","yoast_head_json":{"title":"D\u1ea3i b\u00e0o t\u1eed ch\u1ec9 th\u1ecb sinh h\u1ecdc True Indicating, Bacillus atrophaeus 9372 (SA-06DH) - Biosciences","robots":{"index":"index","follow":"follow","max-snippet":"max-snippet:-1","max-image-preview":"max-image-preview:large","max-video-preview":"max-video-preview:-1"},"canonical":"https:\/\/biosciences.vn\/index.php\/product\/dai-bao-tu-chi-thi-sinh-hoc-true-indicating-sa-06dh-bacillus-atrophaeus-9372\/","og_locale":"en_US","og_type":"article","og_title":"D\u1ea3i b\u00e0o t\u1eed ch\u1ec9 th\u1ecb sinh h\u1ecdc True Indicating, Bacillus atrophaeus 9372 (SA-06DH) - Biosciences","og_description":"SA-06DH Dry Heat Spore Strips l\u00e0 ch\u1ec9 th\u1ecb sinh h\u1ecdc \u0111\u01b0\u1ee3c thi\u1ebft k\u1ebf \u0111\u1ec3 gi\u00e1m s\u00e1t hi\u1ec7u qu\u1ea3 c\u1ee7a c\u00e1c quy tr\u00ecnh kh\u1eed tr\u00f9ng b\u1eb1ng nhi\u1ec7t kh\u00f4. Ch\u00fang s\u1eed d\u1ee5ng d\u00f2ng t\u1ebf b\u00e0o Bacillus atrophaeus 9372 v\u00e0 tu\u00e2n th\u1ee7 c\u00e1c ti\u00eau chu\u1ea9n USP, ISO 11138-1 v\u00e0 ISO 11138-4. \u0110\u1eb7c \u0111i\u1ec3m: Tu\u00e2n th\u1ee7 ti\u00eau chu\u1ea9n: USP, [&hellip;]","og_url":"https:\/\/biosciences.vn\/index.php\/product\/dai-bao-tu-chi-thi-sinh-hoc-true-indicating-sa-06dh-bacillus-atrophaeus-9372\/","og_site_name":"Biosciences","article_modified_time":"2025-08-28T07:55:09+00:00","og_image":[{"width":1000,"height":1000,"url":"https:\/\/biosciences.vn\/wp-content\/uploads\/2024\/07\/SA-06DH.png","type":"image\/png"}],"twitter_card":"summary_large_image","twitter_misc":{"Est. reading time":"1 minute"},"schema":{"@context":"https:\/\/schema.org","@graph":[{"@type":"WebPage","@id":"https:\/\/biosciences.vn\/index.php\/product\/dai-bao-tu-chi-thi-sinh-hoc-true-indicating-sa-06dh-bacillus-atrophaeus-9372\/","url":"https:\/\/biosciences.vn\/index.php\/product\/dai-bao-tu-chi-thi-sinh-hoc-true-indicating-sa-06dh-bacillus-atrophaeus-9372\/","name":"D\u1ea3i b\u00e0o t\u1eed ch\u1ec9 th\u1ecb sinh h\u1ecdc True Indicating, Bacillus atrophaeus 9372 (SA-06DH) - Biosciences","isPartOf":{"@id":"https:\/\/biosciences.vn\/#website"},"primaryImageOfPage":{"@id":"https:\/\/biosciences.vn\/index.php\/product\/dai-bao-tu-chi-thi-sinh-hoc-true-indicating-sa-06dh-bacillus-atrophaeus-9372\/#primaryimage"},"image":{"@id":"https:\/\/biosciences.vn\/index.php\/product\/dai-bao-tu-chi-thi-sinh-hoc-true-indicating-sa-06dh-bacillus-atrophaeus-9372\/#primaryimage"},"thumbnailUrl":"https:\/\/biosciences.vn\/wp-content\/uploads\/2024\/07\/SA-06DH.png","datePublished":"2024-07-26T05:04:53+00:00","dateModified":"2025-08-28T07:55:09+00:00","breadcrumb":{"@id":"https:\/\/biosciences.vn\/index.php\/product\/dai-bao-tu-chi-thi-sinh-hoc-true-indicating-sa-06dh-bacillus-atrophaeus-9372\/#breadcrumb"},"inLanguage":"en-US","potentialAction":[{"@type":"ReadAction","target":["https:\/\/biosciences.vn\/index.php\/product\/dai-bao-tu-chi-thi-sinh-hoc-true-indicating-sa-06dh-bacillus-atrophaeus-9372\/"]}]},{"@type":"ImageObject","inLanguage":"en-US","@id":"https:\/\/biosciences.vn\/index.php\/product\/dai-bao-tu-chi-thi-sinh-hoc-true-indicating-sa-06dh-bacillus-atrophaeus-9372\/#primaryimage","url":"https:\/\/biosciences.vn\/wp-content\/uploads\/2024\/07\/SA-06DH.png","contentUrl":"https:\/\/biosciences.vn\/wp-content\/uploads\/2024\/07\/SA-06DH.png","width":1000,"height":1000},{"@type":"BreadcrumbList","@id":"https:\/\/biosciences.vn\/index.php\/product\/dai-bao-tu-chi-thi-sinh-hoc-true-indicating-sa-06dh-bacillus-atrophaeus-9372\/#breadcrumb","itemListElement":[{"@type":"ListItem","position":1,"name":"Trang ch\u1ee7","item":"https:\/\/biosciences.vn\/index.php\/en\/home\/"},{"@type":"ListItem","position":2,"name":"Shop","item":"https:\/\/biosciences.vn\/index.php\/shop\/"},{"@type":"ListItem","position":3,"name":"D\u1ea3i b\u00e0o t\u1eed ch\u1ec9 th\u1ecb sinh h\u1ecdc True Indicating, Bacillus atrophaeus 9372 (SA-06DH)"}]},{"@type":"WebSite","@id":"https:\/\/biosciences.vn\/#website","url":"https:\/\/biosciences.vn\/","name":"Biosciences","description":"","publisher":{"@id":"https:\/\/biosciences.vn\/#organization"},"potentialAction":[{"@type":"SearchAction","target":{"@type":"EntryPoint","urlTemplate":"https:\/\/biosciences.vn\/?s={search_term_string}"},"query-input":{"@type":"PropertyValueSpecification","valueRequired":true,"valueName":"search_term_string"}}],"inLanguage":"en-US"},{"@type":"Organization","@id":"https:\/\/biosciences.vn\/#organization","name":"Biosciences","url":"https:\/\/biosciences.vn\/","logo":{"@type":"ImageObject","inLanguage":"en-US","@id":"https:\/\/biosciences.vn\/#\/schema\/logo\/image\/","url":"https:\/\/biosciences.vn\/wp-content\/uploads\/2024\/04\/LOGO-BIOSCIENCES-PNG.png","contentUrl":"https:\/\/biosciences.vn\/wp-content\/uploads\/2024\/04\/LOGO-BIOSCIENCES-PNG.png","width":2536,"height":638,"caption":"Biosciences"},"image":{"@id":"https:\/\/biosciences.vn\/#\/schema\/logo\/image\/"}}]}},"brands":[{"id":648,"name":"True Indicating","slug":"true-indicating-vi"}],"_links":{"self":[{"href":"https:\/\/biosciences.vn\/index.php\/wp-json\/wp\/v2\/product\/6024"}],"collection":[{"href":"https:\/\/biosciences.vn\/index.php\/wp-json\/wp\/v2\/product"}],"about":[{"href":"https:\/\/biosciences.vn\/index.php\/wp-json\/wp\/v2\/types\/product"}],"replies":[{"embeddable":true,"href":"https:\/\/biosciences.vn\/index.php\/wp-json\/wp\/v2\/comments?post=6024"}],"wp:featuredmedia":[{"embeddable":true,"href":"https:\/\/biosciences.vn\/index.php\/wp-json\/wp\/v2\/media\/6025"}],"wp:attachment":[{"href":"https:\/\/biosciences.vn\/index.php\/wp-json\/wp\/v2\/media?parent=6024"}],"wp:term":[{"taxonomy":"pwb-brand","embeddable":true,"href":"https:\/\/biosciences.vn\/index.php\/wp-json\/wp\/v2\/pwb-brand?post=6024"},{"taxonomy":"product_cat","embeddable":true,"href":"https:\/\/biosciences.vn\/index.php\/wp-json\/wp\/v2\/product_cat?post=6024"},{"taxonomy":"product_tag","embeddable":true,"href":"https:\/\/biosciences.vn\/index.php\/wp-json\/wp\/v2\/product_tag?post=6024"}],"curies":[{"name":"wp","href":"https:\/\/api.w.org\/{rel}","templated":true}]}}