{"id":6029,"date":"2024-07-26T16:48:06","date_gmt":"2024-07-26T09:48:06","guid":{"rendered":"https:\/\/biosciences.vn\/?post_type=product&#038;p=6029"},"modified":"2025-08-28T14:55:09","modified_gmt":"2025-08-28T07:55:09","slug":"chi-thi-sinh-hoc-cho-tiet-trung-hoi-nuoc-true-indicating-sb5-06","status":"publish","type":"product","link":"https:\/\/biosciences.vn\/index.php\/product\/chi-thi-sinh-hoc-cho-tiet-trung-hoi-nuoc-true-indicating-sb5-06\/","title":{"rendered":"Ch\u1ec9 th\u1ecb sinh h\u1ecdc cho ti\u1ec7t tr\u00f9ng h\u01a1i n\u01b0\u1edbc True Indicating (SB5-06)"},"content":{"rendered":"<p>SB5-06 Steam Spore Strips l\u00e0 ch\u1ec9 th\u1ecb sinh h\u1ecdc \u0111\u01b0\u1ee3c thi\u1ebft k\u1ebf \u0111\u1ec3 gi\u00e1m s\u00e1t hi\u1ec7u qu\u1ea3 c\u1ee7a c\u00e1c quy tr\u00ecnh kh\u1eed tr\u00f9ng b\u1eb1ng h\u01a1i n\u01b0\u1edbc \u1edf nhi\u1ec7t \u0111\u1ed9 th\u1ea5p. Ch\u00fang s\u1eed d\u1ee5ng d\u00f2ng t\u1ebf b\u00e0o Bacillus subtilis 35021 (tr\u01b0\u1edbc \u0111\u00e2y l\u00e0 5230) v\u00e0 tu\u00e2n th\u1ee7 c\u00e1c ti\u00eau chu\u1ea9n USP v\u00e0 ISO 11138-1.<\/p>\n<p><strong>\u0110\u1eb7c \u0111i\u1ec3m:<\/strong><\/p>\n<ul>\n<li><strong>Tu\u00e2n th\u1ee7 ti\u00eau chu\u1ea9n:<\/strong> USP v\u00e0 ISO 11138-1<\/li>\n<li><strong>D\u00f2ng t\u1ebf b\u00e0o:<\/strong> Bacillus subtilis Cell Line 35021 (tr\u01b0\u1edbc \u0111\u00e2y l\u00e0 5230)<\/li>\n<li><strong>\u0110\u1ed9 tin c\u1eady:<\/strong> Nh\u1ea5t qu\u00e1n gi\u1eefa c\u00e1c d\u1ea3i v\u1ec1 d\u00e2n s\u1ed1, \u0111\u1ed9 tinh khi\u1ebft v\u00e0 kh\u1ea3 n\u0103ng kh\u00e1ng.<\/li>\n<\/ul>\n<p><strong>Th\u00f4ng s\u1ed1 k\u1ef9 thu\u1eadt:<\/strong><\/p>\n<ul>\n<li><strong>S\u1eed d\u1ee5ng \u0111\u1ec3 gi\u00e1m s\u00e1t:<\/strong> H\u01a1i n\u01b0\u1edbc \u1edf nhi\u1ec7t \u0111\u1ed9 th\u1ea5p<\/li>\n<li><strong>D\u00e2n s\u1ed1:<\/strong> \u2265 1.0 x 10^6 m\u1ed7i d\u1ea3i<\/li>\n<li><strong>K\u00edch th\u01b0\u1edbc:<\/strong> 6mm x 30mm<\/li>\n<li><strong>\u0110\u00f3ng g\u00f3i:<\/strong> T\u00fai gi\u1ea5y glassine<\/li>\n<li><strong>\u0110\u01a1n v\u1ecb t\u00ednh:<\/strong> 100 d\u1ea3i\/g\u00f3i<\/li>\n<li><strong>Lo\u1ea1i c\u01a1 s\u1edf:<\/strong> Ph\u00f2ng th\u00ed nghi\u1ec7m \/ C\u00f4ng nghi\u1ec7p<\/li>\n<\/ul>\n","protected":false},"excerpt":{"rendered":"<p>SB5-06 Steam Spore Strips l\u00e0 ch\u1ec9 th\u1ecb sinh h\u1ecdc \u0111\u01b0\u1ee3c thi\u1ebft k\u1ebf \u0111\u1ec3 gi\u00e1m s\u00e1t hi\u1ec7u qu\u1ea3 c\u1ee7a c\u00e1c quy tr\u00ecnh kh\u1eed tr\u00f9ng b\u1eb1ng h\u01a1i n\u01b0\u1edbc \u1edf nhi\u1ec7t \u0111\u1ed9 th\u1ea5p. Ch\u00fang s\u1eed d\u1ee5ng d\u00f2ng t\u1ebf b\u00e0o Bacillus subtilis 35021 (tr\u01b0\u1edbc \u0111\u00e2y l\u00e0 5230) v\u00e0 tu\u00e2n th\u1ee7 c\u00e1c ti\u00eau chu\u1ea9n USP v\u00e0 ISO 11138-1. \u0110\u1eb7c \u0111i\u1ec3m: [&hellip;]<\/p>\n","protected":false},"featured_media":6027,"comment_status":"open","ping_status":"closed","template":"","meta":[],"pwb-brand":[648],"product_cat":[491,707,737,741,709,739],"product_tag":[935],"class_list":{"0":"post-6029","1":"product","2":"type-product","3":"status-publish","4":"has-post-thumbnail","6":"pwb-brand-true-indicating-vi","7":"product_cat-kiem-soat-nhiem-khuan","8":"product_cat-cham-soc-suc-khoe","9":"product_cat-cong-nghiep","10":"product_cat-duoc-pham-vi","11":"product_cat-nha-khoa","12":"product_cat-phong-thi-nghiem","13":"product_tag-hoi-nuoc","15":"first","16":"onbackorder","17":"shipping-taxable","18":"purchasable","19":"product-type-simple"},"yoast_head":"<!-- This site is optimized with the Yoast SEO plugin v23.6 - https:\/\/yoast.com\/wordpress\/plugins\/seo\/ -->\n<title>Ch\u1ec9 th\u1ecb sinh h\u1ecdc cho ti\u1ec7t tr\u00f9ng h\u01a1i n\u01b0\u1edbc True Indicating (SB5-06) - Biosciences<\/title>\n<meta name=\"robots\" content=\"index, follow, max-snippet:-1, max-image-preview:large, max-video-preview:-1\" \/>\n<link rel=\"canonical\" href=\"https:\/\/biosciences.vn\/index.php\/product\/chi-thi-sinh-hoc-cho-tiet-trung-hoi-nuoc-true-indicating-sb5-06\/\" \/>\n<meta property=\"og:locale\" content=\"en_US\" \/>\n<meta property=\"og:type\" content=\"article\" \/>\n<meta property=\"og:title\" content=\"Ch\u1ec9 th\u1ecb sinh h\u1ecdc cho ti\u1ec7t tr\u00f9ng h\u01a1i n\u01b0\u1edbc True Indicating (SB5-06) - Biosciences\" \/>\n<meta property=\"og:description\" content=\"SB5-06 Steam Spore Strips l\u00e0 ch\u1ec9 th\u1ecb sinh h\u1ecdc \u0111\u01b0\u1ee3c thi\u1ebft k\u1ebf \u0111\u1ec3 gi\u00e1m s\u00e1t hi\u1ec7u qu\u1ea3 c\u1ee7a c\u00e1c quy tr\u00ecnh kh\u1eed tr\u00f9ng b\u1eb1ng h\u01a1i n\u01b0\u1edbc \u1edf nhi\u1ec7t \u0111\u1ed9 th\u1ea5p. Ch\u00fang s\u1eed d\u1ee5ng d\u00f2ng t\u1ebf b\u00e0o Bacillus subtilis 35021 (tr\u01b0\u1edbc \u0111\u00e2y l\u00e0 5230) v\u00e0 tu\u00e2n th\u1ee7 c\u00e1c ti\u00eau chu\u1ea9n USP v\u00e0 ISO 11138-1. \u0110\u1eb7c \u0111i\u1ec3m: [&hellip;]\" \/>\n<meta property=\"og:url\" content=\"https:\/\/biosciences.vn\/index.php\/product\/chi-thi-sinh-hoc-cho-tiet-trung-hoi-nuoc-true-indicating-sb5-06\/\" \/>\n<meta property=\"og:site_name\" content=\"Biosciences\" \/>\n<meta property=\"article:modified_time\" content=\"2025-08-28T07:55:09+00:00\" \/>\n<meta property=\"og:image\" content=\"https:\/\/biosciences.vn\/wp-content\/uploads\/2024\/07\/ST-05.png\" \/>\n\t<meta property=\"og:image:width\" content=\"446\" \/>\n\t<meta property=\"og:image:height\" content=\"297\" \/>\n\t<meta property=\"og:image:type\" content=\"image\/png\" \/>\n<meta name=\"twitter:card\" content=\"summary_large_image\" \/>\n<meta name=\"twitter:label1\" content=\"Est. reading time\" \/>\n\t<meta name=\"twitter:data1\" content=\"1 minute\" \/>\n<script type=\"application\/ld+json\" class=\"yoast-schema-graph\">{\"@context\":\"https:\/\/schema.org\",\"@graph\":[{\"@type\":\"WebPage\",\"@id\":\"https:\/\/biosciences.vn\/index.php\/product\/chi-thi-sinh-hoc-cho-tiet-trung-hoi-nuoc-true-indicating-sb5-06\/\",\"url\":\"https:\/\/biosciences.vn\/index.php\/product\/chi-thi-sinh-hoc-cho-tiet-trung-hoi-nuoc-true-indicating-sb5-06\/\",\"name\":\"Ch\u1ec9 th\u1ecb sinh h\u1ecdc cho ti\u1ec7t tr\u00f9ng h\u01a1i n\u01b0\u1edbc True Indicating (SB5-06) - Biosciences\",\"isPartOf\":{\"@id\":\"https:\/\/biosciences.vn\/#website\"},\"primaryImageOfPage\":{\"@id\":\"https:\/\/biosciences.vn\/index.php\/product\/chi-thi-sinh-hoc-cho-tiet-trung-hoi-nuoc-true-indicating-sb5-06\/#primaryimage\"},\"image\":{\"@id\":\"https:\/\/biosciences.vn\/index.php\/product\/chi-thi-sinh-hoc-cho-tiet-trung-hoi-nuoc-true-indicating-sb5-06\/#primaryimage\"},\"thumbnailUrl\":\"https:\/\/biosciences.vn\/wp-content\/uploads\/2024\/07\/ST-05.png\",\"datePublished\":\"2024-07-26T09:48:06+00:00\",\"dateModified\":\"2025-08-28T07:55:09+00:00\",\"breadcrumb\":{\"@id\":\"https:\/\/biosciences.vn\/index.php\/product\/chi-thi-sinh-hoc-cho-tiet-trung-hoi-nuoc-true-indicating-sb5-06\/#breadcrumb\"},\"inLanguage\":\"en-US\",\"potentialAction\":[{\"@type\":\"ReadAction\",\"target\":[\"https:\/\/biosciences.vn\/index.php\/product\/chi-thi-sinh-hoc-cho-tiet-trung-hoi-nuoc-true-indicating-sb5-06\/\"]}]},{\"@type\":\"ImageObject\",\"inLanguage\":\"en-US\",\"@id\":\"https:\/\/biosciences.vn\/index.php\/product\/chi-thi-sinh-hoc-cho-tiet-trung-hoi-nuoc-true-indicating-sb5-06\/#primaryimage\",\"url\":\"https:\/\/biosciences.vn\/wp-content\/uploads\/2024\/07\/ST-05.png\",\"contentUrl\":\"https:\/\/biosciences.vn\/wp-content\/uploads\/2024\/07\/ST-05.png\",\"width\":446,\"height\":297},{\"@type\":\"BreadcrumbList\",\"@id\":\"https:\/\/biosciences.vn\/index.php\/product\/chi-thi-sinh-hoc-cho-tiet-trung-hoi-nuoc-true-indicating-sb5-06\/#breadcrumb\",\"itemListElement\":[{\"@type\":\"ListItem\",\"position\":1,\"name\":\"Trang ch\u1ee7\",\"item\":\"https:\/\/biosciences.vn\/index.php\/en\/home\/\"},{\"@type\":\"ListItem\",\"position\":2,\"name\":\"Shop\",\"item\":\"https:\/\/biosciences.vn\/index.php\/shop\/\"},{\"@type\":\"ListItem\",\"position\":3,\"name\":\"Ch\u1ec9 th\u1ecb sinh h\u1ecdc cho ti\u1ec7t tr\u00f9ng h\u01a1i n\u01b0\u1edbc True Indicating (SB5-06)\"}]},{\"@type\":\"WebSite\",\"@id\":\"https:\/\/biosciences.vn\/#website\",\"url\":\"https:\/\/biosciences.vn\/\",\"name\":\"Biosciences\",\"description\":\"\",\"publisher\":{\"@id\":\"https:\/\/biosciences.vn\/#organization\"},\"potentialAction\":[{\"@type\":\"SearchAction\",\"target\":{\"@type\":\"EntryPoint\",\"urlTemplate\":\"https:\/\/biosciences.vn\/?s={search_term_string}\"},\"query-input\":{\"@type\":\"PropertyValueSpecification\",\"valueRequired\":true,\"valueName\":\"search_term_string\"}}],\"inLanguage\":\"en-US\"},{\"@type\":\"Organization\",\"@id\":\"https:\/\/biosciences.vn\/#organization\",\"name\":\"Biosciences\",\"url\":\"https:\/\/biosciences.vn\/\",\"logo\":{\"@type\":\"ImageObject\",\"inLanguage\":\"en-US\",\"@id\":\"https:\/\/biosciences.vn\/#\/schema\/logo\/image\/\",\"url\":\"https:\/\/biosciences.vn\/wp-content\/uploads\/2024\/04\/LOGO-BIOSCIENCES-PNG.png\",\"contentUrl\":\"https:\/\/biosciences.vn\/wp-content\/uploads\/2024\/04\/LOGO-BIOSCIENCES-PNG.png\",\"width\":2536,\"height\":638,\"caption\":\"Biosciences\"},\"image\":{\"@id\":\"https:\/\/biosciences.vn\/#\/schema\/logo\/image\/\"}}]}<\/script>\n<!-- \/ Yoast SEO plugin. -->","yoast_head_json":{"title":"Ch\u1ec9 th\u1ecb sinh h\u1ecdc cho ti\u1ec7t tr\u00f9ng h\u01a1i n\u01b0\u1edbc True Indicating (SB5-06) - Biosciences","robots":{"index":"index","follow":"follow","max-snippet":"max-snippet:-1","max-image-preview":"max-image-preview:large","max-video-preview":"max-video-preview:-1"},"canonical":"https:\/\/biosciences.vn\/index.php\/product\/chi-thi-sinh-hoc-cho-tiet-trung-hoi-nuoc-true-indicating-sb5-06\/","og_locale":"en_US","og_type":"article","og_title":"Ch\u1ec9 th\u1ecb sinh h\u1ecdc cho ti\u1ec7t tr\u00f9ng h\u01a1i n\u01b0\u1edbc True Indicating (SB5-06) - Biosciences","og_description":"SB5-06 Steam Spore Strips l\u00e0 ch\u1ec9 th\u1ecb sinh h\u1ecdc \u0111\u01b0\u1ee3c thi\u1ebft k\u1ebf \u0111\u1ec3 gi\u00e1m s\u00e1t hi\u1ec7u qu\u1ea3 c\u1ee7a c\u00e1c quy tr\u00ecnh kh\u1eed tr\u00f9ng b\u1eb1ng h\u01a1i n\u01b0\u1edbc \u1edf nhi\u1ec7t \u0111\u1ed9 th\u1ea5p. Ch\u00fang s\u1eed d\u1ee5ng d\u00f2ng t\u1ebf b\u00e0o Bacillus subtilis 35021 (tr\u01b0\u1edbc \u0111\u00e2y l\u00e0 5230) v\u00e0 tu\u00e2n th\u1ee7 c\u00e1c ti\u00eau chu\u1ea9n USP v\u00e0 ISO 11138-1. \u0110\u1eb7c \u0111i\u1ec3m: [&hellip;]","og_url":"https:\/\/biosciences.vn\/index.php\/product\/chi-thi-sinh-hoc-cho-tiet-trung-hoi-nuoc-true-indicating-sb5-06\/","og_site_name":"Biosciences","article_modified_time":"2025-08-28T07:55:09+00:00","og_image":[{"width":446,"height":297,"url":"https:\/\/biosciences.vn\/wp-content\/uploads\/2024\/07\/ST-05.png","type":"image\/png"}],"twitter_card":"summary_large_image","twitter_misc":{"Est. reading time":"1 minute"},"schema":{"@context":"https:\/\/schema.org","@graph":[{"@type":"WebPage","@id":"https:\/\/biosciences.vn\/index.php\/product\/chi-thi-sinh-hoc-cho-tiet-trung-hoi-nuoc-true-indicating-sb5-06\/","url":"https:\/\/biosciences.vn\/index.php\/product\/chi-thi-sinh-hoc-cho-tiet-trung-hoi-nuoc-true-indicating-sb5-06\/","name":"Ch\u1ec9 th\u1ecb sinh h\u1ecdc cho ti\u1ec7t tr\u00f9ng h\u01a1i n\u01b0\u1edbc True Indicating (SB5-06) - Biosciences","isPartOf":{"@id":"https:\/\/biosciences.vn\/#website"},"primaryImageOfPage":{"@id":"https:\/\/biosciences.vn\/index.php\/product\/chi-thi-sinh-hoc-cho-tiet-trung-hoi-nuoc-true-indicating-sb5-06\/#primaryimage"},"image":{"@id":"https:\/\/biosciences.vn\/index.php\/product\/chi-thi-sinh-hoc-cho-tiet-trung-hoi-nuoc-true-indicating-sb5-06\/#primaryimage"},"thumbnailUrl":"https:\/\/biosciences.vn\/wp-content\/uploads\/2024\/07\/ST-05.png","datePublished":"2024-07-26T09:48:06+00:00","dateModified":"2025-08-28T07:55:09+00:00","breadcrumb":{"@id":"https:\/\/biosciences.vn\/index.php\/product\/chi-thi-sinh-hoc-cho-tiet-trung-hoi-nuoc-true-indicating-sb5-06\/#breadcrumb"},"inLanguage":"en-US","potentialAction":[{"@type":"ReadAction","target":["https:\/\/biosciences.vn\/index.php\/product\/chi-thi-sinh-hoc-cho-tiet-trung-hoi-nuoc-true-indicating-sb5-06\/"]}]},{"@type":"ImageObject","inLanguage":"en-US","@id":"https:\/\/biosciences.vn\/index.php\/product\/chi-thi-sinh-hoc-cho-tiet-trung-hoi-nuoc-true-indicating-sb5-06\/#primaryimage","url":"https:\/\/biosciences.vn\/wp-content\/uploads\/2024\/07\/ST-05.png","contentUrl":"https:\/\/biosciences.vn\/wp-content\/uploads\/2024\/07\/ST-05.png","width":446,"height":297},{"@type":"BreadcrumbList","@id":"https:\/\/biosciences.vn\/index.php\/product\/chi-thi-sinh-hoc-cho-tiet-trung-hoi-nuoc-true-indicating-sb5-06\/#breadcrumb","itemListElement":[{"@type":"ListItem","position":1,"name":"Trang ch\u1ee7","item":"https:\/\/biosciences.vn\/index.php\/en\/home\/"},{"@type":"ListItem","position":2,"name":"Shop","item":"https:\/\/biosciences.vn\/index.php\/shop\/"},{"@type":"ListItem","position":3,"name":"Ch\u1ec9 th\u1ecb sinh h\u1ecdc cho ti\u1ec7t tr\u00f9ng h\u01a1i n\u01b0\u1edbc True Indicating (SB5-06)"}]},{"@type":"WebSite","@id":"https:\/\/biosciences.vn\/#website","url":"https:\/\/biosciences.vn\/","name":"Biosciences","description":"","publisher":{"@id":"https:\/\/biosciences.vn\/#organization"},"potentialAction":[{"@type":"SearchAction","target":{"@type":"EntryPoint","urlTemplate":"https:\/\/biosciences.vn\/?s={search_term_string}"},"query-input":{"@type":"PropertyValueSpecification","valueRequired":true,"valueName":"search_term_string"}}],"inLanguage":"en-US"},{"@type":"Organization","@id":"https:\/\/biosciences.vn\/#organization","name":"Biosciences","url":"https:\/\/biosciences.vn\/","logo":{"@type":"ImageObject","inLanguage":"en-US","@id":"https:\/\/biosciences.vn\/#\/schema\/logo\/image\/","url":"https:\/\/biosciences.vn\/wp-content\/uploads\/2024\/04\/LOGO-BIOSCIENCES-PNG.png","contentUrl":"https:\/\/biosciences.vn\/wp-content\/uploads\/2024\/04\/LOGO-BIOSCIENCES-PNG.png","width":2536,"height":638,"caption":"Biosciences"},"image":{"@id":"https:\/\/biosciences.vn\/#\/schema\/logo\/image\/"}}]}},"brands":[{"id":648,"name":"True Indicating","slug":"true-indicating-vi"}],"_links":{"self":[{"href":"https:\/\/biosciences.vn\/index.php\/wp-json\/wp\/v2\/product\/6029"}],"collection":[{"href":"https:\/\/biosciences.vn\/index.php\/wp-json\/wp\/v2\/product"}],"about":[{"href":"https:\/\/biosciences.vn\/index.php\/wp-json\/wp\/v2\/types\/product"}],"replies":[{"embeddable":true,"href":"https:\/\/biosciences.vn\/index.php\/wp-json\/wp\/v2\/comments?post=6029"}],"wp:featuredmedia":[{"embeddable":true,"href":"https:\/\/biosciences.vn\/index.php\/wp-json\/wp\/v2\/media\/6027"}],"wp:attachment":[{"href":"https:\/\/biosciences.vn\/index.php\/wp-json\/wp\/v2\/media?parent=6029"}],"wp:term":[{"taxonomy":"pwb-brand","embeddable":true,"href":"https:\/\/biosciences.vn\/index.php\/wp-json\/wp\/v2\/pwb-brand?post=6029"},{"taxonomy":"product_cat","embeddable":true,"href":"https:\/\/biosciences.vn\/index.php\/wp-json\/wp\/v2\/product_cat?post=6029"},{"taxonomy":"product_tag","embeddable":true,"href":"https:\/\/biosciences.vn\/index.php\/wp-json\/wp\/v2\/product_tag?post=6029"}],"curies":[{"name":"wp","href":"https:\/\/api.w.org\/{rel}","templated":true}]}}