{"id":6045,"date":"2024-07-26T17:28:57","date_gmt":"2024-07-26T10:28:57","guid":{"rendered":"https:\/\/biosciences.vn\/?post_type=product&#038;p=6045"},"modified":"2025-08-28T14:55:09","modified_gmt":"2025-08-28T07:55:09","slug":"chi-thi-sinh-hoc-cho-tiet-trung-nhiet-kho-true-indicating-da-06dh","status":"publish","type":"product","link":"https:\/\/biosciences.vn\/index.php\/product\/chi-thi-sinh-hoc-cho-tiet-trung-nhiet-kho-true-indicating-da-06dh\/","title":{"rendered":"Ch\u1ec9 th\u1ecb sinh h\u1ecdc cho ti\u1ec7t tr\u00f9ng nhi\u1ec7t kh\u00f4 True Indicating (DA-06DH)"},"content":{"rendered":"<p>DA-06DH Dry Heat Spore Discs l\u00e0 ch\u1ec9 th\u1ecb sinh h\u1ecdc \u0111\u01b0\u1ee3c thi\u1ebft k\u1ebf \u0111\u1ec3 gi\u00e1m s\u00e1t hi\u1ec7u qu\u1ea3 c\u1ee7a c\u00e1c quy tr\u00ecnh kh\u1eed tr\u00f9ng b\u1eb1ng nhi\u1ec7t kh\u00f4. Ch\u00fang s\u1eed d\u1ee5ng d\u00f2ng t\u1ebf b\u00e0o Bacillus atrophaeus 9372 v\u00e0 tu\u00e2n th\u1ee7 c\u00e1c ti\u00eau chu\u1ea9n USP, ISO 11138-1 v\u00e0 ISO 11138-4.<\/p>\n<p><strong>\u0110\u1eb7c \u0111i\u1ec3m:<\/strong><\/p>\n<ul>\n<li><strong>Tu\u00e2n th\u1ee7 ti\u00eau chu\u1ea9n:<\/strong> USP, ISO 11138-1 v\u00e0 ISO 11138-4<\/li>\n<li><strong>D\u00f2ng t\u1ebf b\u00e0o:<\/strong> Bacillus atrophaeus, Cell Line 9372<\/li>\n<li><strong>\u0110\u1ed9 tin c\u1eady:<\/strong> Nh\u1ea5t qu\u00e1n v\u1ec1 qu\u1ea7n th\u1ec3, \u0111\u1ed9 tinh khi\u1ebft v\u00e0 kh\u1ea3 n\u0103ng kh\u00e1ng.<\/li>\n<li><strong>Th\u1eddi h\u1ea1n s\u1eed d\u1ee5ng:<\/strong> 36 th\u00e1ng<\/li>\n<li><strong>C\u00e1c m\u1ee9c qu\u1ea7n th\u1ec3 v\u00e0 Mini-Spore Strips kh\u00e1c c\u00f3 s\u1eb5n<\/strong><\/li>\n<\/ul>\n<p><strong>Th\u00f4ng s\u1ed1 k\u1ef9 thu\u1eadt:<\/strong><\/p>\n<ul>\n<li><strong>S\u1eed d\u1ee5ng \u0111\u1ec3 gi\u00e1m s\u00e1t:<\/strong> Nhi\u1ec7t kh\u00f4<\/li>\n<li><strong>Ch\u1ea5t li\u1ec7u:<\/strong> Gi\u1ea5y<\/li>\n<li><strong>K\u00edch th\u01b0\u1edbc \u0111\u0129a:<\/strong> 6 mm<\/li>\n<li><strong>\u0110\u00f3ng g\u00f3i:<\/strong> S\u1ed1 l\u01b0\u1ee3ng l\u1edbn, 100 \u0111\u0129a\/g\u00f3i<\/li>\n<li><strong>Qu\u1ea7n th\u1ec3:<\/strong> 10^6<\/li>\n<li><img decoding=\"async\" data-src=\"https:\/\/static.wixstatic.com\/media\/606cbd_f764d6440aaa41a68eefaab1d46f177e~mv2.jpg\/v1\/fill\/w_933,h_417,al_c,q_85,enc_auto\/DH%20Spore%20Strips-new.jpg\" alt=\"DH Spore Strips-new.jpg\" src=\"data:image\/gif;base64,R0lGODlhAQABAAAAACH5BAEKAAEALAAAAAABAAEAAAICTAEAOw==\" class=\"lazyload\" \/><noscript><img decoding=\"async\" src=\"https:\/\/static.wixstatic.com\/media\/606cbd_f764d6440aaa41a68eefaab1d46f177e~mv2.jpg\/v1\/fill\/w_933,h_417,al_c,q_85,enc_auto\/DH%20Spore%20Strips-new.jpg\" alt=\"DH Spore Strips-new.jpg\" \/><\/noscript><\/li>\n<\/ul>\n","protected":false},"excerpt":{"rendered":"<p>DA-06DH Dry Heat Spore Discs l\u00e0 ch\u1ec9 th\u1ecb sinh h\u1ecdc \u0111\u01b0\u1ee3c thi\u1ebft k\u1ebf \u0111\u1ec3 gi\u00e1m s\u00e1t hi\u1ec7u qu\u1ea3 c\u1ee7a c\u00e1c quy tr\u00ecnh kh\u1eed tr\u00f9ng b\u1eb1ng nhi\u1ec7t kh\u00f4. Ch\u00fang s\u1eed d\u1ee5ng d\u00f2ng t\u1ebf b\u00e0o Bacillus atrophaeus 9372 v\u00e0 tu\u00e2n th\u1ee7 c\u00e1c ti\u00eau chu\u1ea9n USP, ISO 11138-1 v\u00e0 ISO 11138-4. \u0110\u1eb7c \u0111i\u1ec3m: Tu\u00e2n th\u1ee7 ti\u00eau chu\u1ea9n: USP, [&hellip;]<\/p>\n","protected":false},"featured_media":6038,"comment_status":"open","ping_status":"closed","template":"","meta":[],"pwb-brand":[648],"product_cat":[491,707,737,741,709,739],"product_tag":[937],"class_list":{"0":"post-6045","1":"product","2":"type-product","3":"status-publish","4":"has-post-thumbnail","6":"pwb-brand-true-indicating-vi","7":"product_cat-kiem-soat-nhiem-khuan","8":"product_cat-cham-soc-suc-khoe","9":"product_cat-cong-nghiep","10":"product_cat-duoc-pham-vi","11":"product_cat-nha-khoa","12":"product_cat-phong-thi-nghiem","13":"product_tag-nhiet-kho","15":"first","16":"onbackorder","17":"shipping-taxable","18":"purchasable","19":"product-type-simple"},"yoast_head":"<!-- This site is optimized with the Yoast SEO plugin v23.6 - https:\/\/yoast.com\/wordpress\/plugins\/seo\/ -->\n<title>Ch\u1ec9 th\u1ecb sinh h\u1ecdc cho ti\u1ec7t tr\u00f9ng nhi\u1ec7t kh\u00f4 True Indicating (DA-06DH) - Biosciences<\/title>\n<meta name=\"robots\" content=\"index, follow, max-snippet:-1, max-image-preview:large, max-video-preview:-1\" \/>\n<link rel=\"canonical\" href=\"https:\/\/biosciences.vn\/index.php\/product\/chi-thi-sinh-hoc-cho-tiet-trung-nhiet-kho-true-indicating-da-06dh\/\" \/>\n<meta property=\"og:locale\" content=\"en_US\" \/>\n<meta property=\"og:type\" content=\"article\" \/>\n<meta property=\"og:title\" content=\"Ch\u1ec9 th\u1ecb sinh h\u1ecdc cho ti\u1ec7t tr\u00f9ng nhi\u1ec7t kh\u00f4 True Indicating (DA-06DH) - Biosciences\" \/>\n<meta property=\"og:description\" content=\"DA-06DH Dry Heat Spore Discs l\u00e0 ch\u1ec9 th\u1ecb sinh h\u1ecdc \u0111\u01b0\u1ee3c thi\u1ebft k\u1ebf \u0111\u1ec3 gi\u00e1m s\u00e1t hi\u1ec7u qu\u1ea3 c\u1ee7a c\u00e1c quy tr\u00ecnh kh\u1eed tr\u00f9ng b\u1eb1ng nhi\u1ec7t kh\u00f4. Ch\u00fang s\u1eed d\u1ee5ng d\u00f2ng t\u1ebf b\u00e0o Bacillus atrophaeus 9372 v\u00e0 tu\u00e2n th\u1ee7 c\u00e1c ti\u00eau chu\u1ea9n USP, ISO 11138-1 v\u00e0 ISO 11138-4. \u0110\u1eb7c \u0111i\u1ec3m: Tu\u00e2n th\u1ee7 ti\u00eau chu\u1ea9n: USP, [&hellip;]\" \/>\n<meta property=\"og:url\" content=\"https:\/\/biosciences.vn\/index.php\/product\/chi-thi-sinh-hoc-cho-tiet-trung-nhiet-kho-true-indicating-da-06dh\/\" \/>\n<meta property=\"og:site_name\" content=\"Biosciences\" \/>\n<meta property=\"article:modified_time\" content=\"2025-08-28T07:55:09+00:00\" \/>\n<meta property=\"og:image\" content=\"https:\/\/biosciences.vn\/wp-content\/uploads\/2024\/07\/DT-05.png\" \/>\n\t<meta property=\"og:image:width\" content=\"1000\" \/>\n\t<meta property=\"og:image:height\" content=\"1000\" \/>\n\t<meta property=\"og:image:type\" content=\"image\/png\" \/>\n<meta name=\"twitter:card\" content=\"summary_large_image\" \/>\n<meta name=\"twitter:label1\" content=\"Est. reading time\" \/>\n\t<meta name=\"twitter:data1\" content=\"1 minute\" \/>\n<script type=\"application\/ld+json\" class=\"yoast-schema-graph\">{\"@context\":\"https:\/\/schema.org\",\"@graph\":[{\"@type\":\"WebPage\",\"@id\":\"https:\/\/biosciences.vn\/index.php\/product\/chi-thi-sinh-hoc-cho-tiet-trung-nhiet-kho-true-indicating-da-06dh\/\",\"url\":\"https:\/\/biosciences.vn\/index.php\/product\/chi-thi-sinh-hoc-cho-tiet-trung-nhiet-kho-true-indicating-da-06dh\/\",\"name\":\"Ch\u1ec9 th\u1ecb sinh h\u1ecdc cho ti\u1ec7t tr\u00f9ng nhi\u1ec7t kh\u00f4 True Indicating (DA-06DH) - Biosciences\",\"isPartOf\":{\"@id\":\"https:\/\/biosciences.vn\/#website\"},\"primaryImageOfPage\":{\"@id\":\"https:\/\/biosciences.vn\/index.php\/product\/chi-thi-sinh-hoc-cho-tiet-trung-nhiet-kho-true-indicating-da-06dh\/#primaryimage\"},\"image\":{\"@id\":\"https:\/\/biosciences.vn\/index.php\/product\/chi-thi-sinh-hoc-cho-tiet-trung-nhiet-kho-true-indicating-da-06dh\/#primaryimage\"},\"thumbnailUrl\":\"https:\/\/biosciences.vn\/wp-content\/uploads\/2024\/07\/DT-05.png\",\"datePublished\":\"2024-07-26T10:28:57+00:00\",\"dateModified\":\"2025-08-28T07:55:09+00:00\",\"breadcrumb\":{\"@id\":\"https:\/\/biosciences.vn\/index.php\/product\/chi-thi-sinh-hoc-cho-tiet-trung-nhiet-kho-true-indicating-da-06dh\/#breadcrumb\"},\"inLanguage\":\"en-US\",\"potentialAction\":[{\"@type\":\"ReadAction\",\"target\":[\"https:\/\/biosciences.vn\/index.php\/product\/chi-thi-sinh-hoc-cho-tiet-trung-nhiet-kho-true-indicating-da-06dh\/\"]}]},{\"@type\":\"ImageObject\",\"inLanguage\":\"en-US\",\"@id\":\"https:\/\/biosciences.vn\/index.php\/product\/chi-thi-sinh-hoc-cho-tiet-trung-nhiet-kho-true-indicating-da-06dh\/#primaryimage\",\"url\":\"https:\/\/biosciences.vn\/wp-content\/uploads\/2024\/07\/DT-05.png\",\"contentUrl\":\"https:\/\/biosciences.vn\/wp-content\/uploads\/2024\/07\/DT-05.png\",\"width\":1000,\"height\":1000},{\"@type\":\"BreadcrumbList\",\"@id\":\"https:\/\/biosciences.vn\/index.php\/product\/chi-thi-sinh-hoc-cho-tiet-trung-nhiet-kho-true-indicating-da-06dh\/#breadcrumb\",\"itemListElement\":[{\"@type\":\"ListItem\",\"position\":1,\"name\":\"Trang ch\u1ee7\",\"item\":\"https:\/\/biosciences.vn\/index.php\/en\/home\/\"},{\"@type\":\"ListItem\",\"position\":2,\"name\":\"Shop\",\"item\":\"https:\/\/biosciences.vn\/index.php\/shop\/\"},{\"@type\":\"ListItem\",\"position\":3,\"name\":\"Ch\u1ec9 th\u1ecb sinh h\u1ecdc cho ti\u1ec7t tr\u00f9ng nhi\u1ec7t kh\u00f4 True Indicating (DA-06DH)\"}]},{\"@type\":\"WebSite\",\"@id\":\"https:\/\/biosciences.vn\/#website\",\"url\":\"https:\/\/biosciences.vn\/\",\"name\":\"Biosciences\",\"description\":\"\",\"publisher\":{\"@id\":\"https:\/\/biosciences.vn\/#organization\"},\"potentialAction\":[{\"@type\":\"SearchAction\",\"target\":{\"@type\":\"EntryPoint\",\"urlTemplate\":\"https:\/\/biosciences.vn\/?s={search_term_string}\"},\"query-input\":{\"@type\":\"PropertyValueSpecification\",\"valueRequired\":true,\"valueName\":\"search_term_string\"}}],\"inLanguage\":\"en-US\"},{\"@type\":\"Organization\",\"@id\":\"https:\/\/biosciences.vn\/#organization\",\"name\":\"Biosciences\",\"url\":\"https:\/\/biosciences.vn\/\",\"logo\":{\"@type\":\"ImageObject\",\"inLanguage\":\"en-US\",\"@id\":\"https:\/\/biosciences.vn\/#\/schema\/logo\/image\/\",\"url\":\"https:\/\/biosciences.vn\/wp-content\/uploads\/2024\/04\/LOGO-BIOSCIENCES-PNG.png\",\"contentUrl\":\"https:\/\/biosciences.vn\/wp-content\/uploads\/2024\/04\/LOGO-BIOSCIENCES-PNG.png\",\"width\":2536,\"height\":638,\"caption\":\"Biosciences\"},\"image\":{\"@id\":\"https:\/\/biosciences.vn\/#\/schema\/logo\/image\/\"}}]}<\/script>\n<!-- \/ Yoast SEO plugin. -->","yoast_head_json":{"title":"Ch\u1ec9 th\u1ecb sinh h\u1ecdc cho ti\u1ec7t tr\u00f9ng nhi\u1ec7t kh\u00f4 True Indicating (DA-06DH) - Biosciences","robots":{"index":"index","follow":"follow","max-snippet":"max-snippet:-1","max-image-preview":"max-image-preview:large","max-video-preview":"max-video-preview:-1"},"canonical":"https:\/\/biosciences.vn\/index.php\/product\/chi-thi-sinh-hoc-cho-tiet-trung-nhiet-kho-true-indicating-da-06dh\/","og_locale":"en_US","og_type":"article","og_title":"Ch\u1ec9 th\u1ecb sinh h\u1ecdc cho ti\u1ec7t tr\u00f9ng nhi\u1ec7t kh\u00f4 True Indicating (DA-06DH) - Biosciences","og_description":"DA-06DH Dry Heat Spore Discs l\u00e0 ch\u1ec9 th\u1ecb sinh h\u1ecdc \u0111\u01b0\u1ee3c thi\u1ebft k\u1ebf \u0111\u1ec3 gi\u00e1m s\u00e1t hi\u1ec7u qu\u1ea3 c\u1ee7a c\u00e1c quy tr\u00ecnh kh\u1eed tr\u00f9ng b\u1eb1ng nhi\u1ec7t kh\u00f4. Ch\u00fang s\u1eed d\u1ee5ng d\u00f2ng t\u1ebf b\u00e0o Bacillus atrophaeus 9372 v\u00e0 tu\u00e2n th\u1ee7 c\u00e1c ti\u00eau chu\u1ea9n USP, ISO 11138-1 v\u00e0 ISO 11138-4. \u0110\u1eb7c \u0111i\u1ec3m: Tu\u00e2n th\u1ee7 ti\u00eau chu\u1ea9n: USP, [&hellip;]","og_url":"https:\/\/biosciences.vn\/index.php\/product\/chi-thi-sinh-hoc-cho-tiet-trung-nhiet-kho-true-indicating-da-06dh\/","og_site_name":"Biosciences","article_modified_time":"2025-08-28T07:55:09+00:00","og_image":[{"width":1000,"height":1000,"url":"https:\/\/biosciences.vn\/wp-content\/uploads\/2024\/07\/DT-05.png","type":"image\/png"}],"twitter_card":"summary_large_image","twitter_misc":{"Est. reading time":"1 minute"},"schema":{"@context":"https:\/\/schema.org","@graph":[{"@type":"WebPage","@id":"https:\/\/biosciences.vn\/index.php\/product\/chi-thi-sinh-hoc-cho-tiet-trung-nhiet-kho-true-indicating-da-06dh\/","url":"https:\/\/biosciences.vn\/index.php\/product\/chi-thi-sinh-hoc-cho-tiet-trung-nhiet-kho-true-indicating-da-06dh\/","name":"Ch\u1ec9 th\u1ecb sinh h\u1ecdc cho ti\u1ec7t tr\u00f9ng nhi\u1ec7t kh\u00f4 True Indicating (DA-06DH) - Biosciences","isPartOf":{"@id":"https:\/\/biosciences.vn\/#website"},"primaryImageOfPage":{"@id":"https:\/\/biosciences.vn\/index.php\/product\/chi-thi-sinh-hoc-cho-tiet-trung-nhiet-kho-true-indicating-da-06dh\/#primaryimage"},"image":{"@id":"https:\/\/biosciences.vn\/index.php\/product\/chi-thi-sinh-hoc-cho-tiet-trung-nhiet-kho-true-indicating-da-06dh\/#primaryimage"},"thumbnailUrl":"https:\/\/biosciences.vn\/wp-content\/uploads\/2024\/07\/DT-05.png","datePublished":"2024-07-26T10:28:57+00:00","dateModified":"2025-08-28T07:55:09+00:00","breadcrumb":{"@id":"https:\/\/biosciences.vn\/index.php\/product\/chi-thi-sinh-hoc-cho-tiet-trung-nhiet-kho-true-indicating-da-06dh\/#breadcrumb"},"inLanguage":"en-US","potentialAction":[{"@type":"ReadAction","target":["https:\/\/biosciences.vn\/index.php\/product\/chi-thi-sinh-hoc-cho-tiet-trung-nhiet-kho-true-indicating-da-06dh\/"]}]},{"@type":"ImageObject","inLanguage":"en-US","@id":"https:\/\/biosciences.vn\/index.php\/product\/chi-thi-sinh-hoc-cho-tiet-trung-nhiet-kho-true-indicating-da-06dh\/#primaryimage","url":"https:\/\/biosciences.vn\/wp-content\/uploads\/2024\/07\/DT-05.png","contentUrl":"https:\/\/biosciences.vn\/wp-content\/uploads\/2024\/07\/DT-05.png","width":1000,"height":1000},{"@type":"BreadcrumbList","@id":"https:\/\/biosciences.vn\/index.php\/product\/chi-thi-sinh-hoc-cho-tiet-trung-nhiet-kho-true-indicating-da-06dh\/#breadcrumb","itemListElement":[{"@type":"ListItem","position":1,"name":"Trang ch\u1ee7","item":"https:\/\/biosciences.vn\/index.php\/en\/home\/"},{"@type":"ListItem","position":2,"name":"Shop","item":"https:\/\/biosciences.vn\/index.php\/shop\/"},{"@type":"ListItem","position":3,"name":"Ch\u1ec9 th\u1ecb sinh h\u1ecdc cho ti\u1ec7t tr\u00f9ng nhi\u1ec7t kh\u00f4 True Indicating (DA-06DH)"}]},{"@type":"WebSite","@id":"https:\/\/biosciences.vn\/#website","url":"https:\/\/biosciences.vn\/","name":"Biosciences","description":"","publisher":{"@id":"https:\/\/biosciences.vn\/#organization"},"potentialAction":[{"@type":"SearchAction","target":{"@type":"EntryPoint","urlTemplate":"https:\/\/biosciences.vn\/?s={search_term_string}"},"query-input":{"@type":"PropertyValueSpecification","valueRequired":true,"valueName":"search_term_string"}}],"inLanguage":"en-US"},{"@type":"Organization","@id":"https:\/\/biosciences.vn\/#organization","name":"Biosciences","url":"https:\/\/biosciences.vn\/","logo":{"@type":"ImageObject","inLanguage":"en-US","@id":"https:\/\/biosciences.vn\/#\/schema\/logo\/image\/","url":"https:\/\/biosciences.vn\/wp-content\/uploads\/2024\/04\/LOGO-BIOSCIENCES-PNG.png","contentUrl":"https:\/\/biosciences.vn\/wp-content\/uploads\/2024\/04\/LOGO-BIOSCIENCES-PNG.png","width":2536,"height":638,"caption":"Biosciences"},"image":{"@id":"https:\/\/biosciences.vn\/#\/schema\/logo\/image\/"}}]}},"brands":[{"id":648,"name":"True Indicating","slug":"true-indicating-vi"}],"_links":{"self":[{"href":"https:\/\/biosciences.vn\/index.php\/wp-json\/wp\/v2\/product\/6045"}],"collection":[{"href":"https:\/\/biosciences.vn\/index.php\/wp-json\/wp\/v2\/product"}],"about":[{"href":"https:\/\/biosciences.vn\/index.php\/wp-json\/wp\/v2\/types\/product"}],"replies":[{"embeddable":true,"href":"https:\/\/biosciences.vn\/index.php\/wp-json\/wp\/v2\/comments?post=6045"}],"wp:featuredmedia":[{"embeddable":true,"href":"https:\/\/biosciences.vn\/index.php\/wp-json\/wp\/v2\/media\/6038"}],"wp:attachment":[{"href":"https:\/\/biosciences.vn\/index.php\/wp-json\/wp\/v2\/media?parent=6045"}],"wp:term":[{"taxonomy":"pwb-brand","embeddable":true,"href":"https:\/\/biosciences.vn\/index.php\/wp-json\/wp\/v2\/pwb-brand?post=6045"},{"taxonomy":"product_cat","embeddable":true,"href":"https:\/\/biosciences.vn\/index.php\/wp-json\/wp\/v2\/product_cat?post=6045"},{"taxonomy":"product_tag","embeddable":true,"href":"https:\/\/biosciences.vn\/index.php\/wp-json\/wp\/v2\/product_tag?post=6045"}],"curies":[{"name":"wp","href":"https:\/\/api.w.org\/{rel}","templated":true}]}}