{"id":6047,"date":"2024-07-26T17:33:42","date_gmt":"2024-07-26T10:33:42","guid":{"rendered":"https:\/\/biosciences.vn\/?post_type=product&#038;p=6047"},"modified":"2025-08-28T14:55:09","modified_gmt":"2025-08-28T07:55:09","slug":"ong-chi-thi-sinh-hoc-geobacillus-stearothermophilus-true-indicating-pgm-100","status":"publish","type":"product","link":"https:\/\/biosciences.vn\/index.php\/product\/ong-chi-thi-sinh-hoc-geobacillus-stearothermophilus-true-indicating-pgm-100\/","title":{"rendered":"\u1ed0ng ch\u1ec9 th\u1ecb sinh h\u1ecdc Geobacillus stearothermophilus True Indicating (PGM-100)"},"content":{"rendered":"<p>PGM-100 l\u00e0 m\u00f4i tr\u01b0\u1eddng nu\u00f4i c\u1ea5y \u0111\u01b0\u1ee3c c\u1ea3i ti\u1ebfn d\u00e0nh cho vi khu\u1ea9n Geobacillus stearothermophilus. S\u1ea3n ph\u1ea9m n\u00e0y cung c\u1ea5p th\u1eddi gian \u1ee7 ng\u1eafn h\u01a1n so v\u1edbi c\u00e1c m\u00f4i tr\u01b0\u1eddng ti\u00eau chu\u1ea9n, \u0111\u1ea3m b\u1ea3o hi\u1ec7u su\u1ea5t cao v\u00e0 ch\u1ea5t l\u01b0\u1ee3ng nh\u1ea5t qu\u00e1n gi\u1eefa c\u00e1c l\u00f4.<\/p>\n<p><strong>\u0110\u1eb7c \u0111i\u1ec3m:<\/strong><\/p>\n<ul>\n<li><strong>D\u00f2ng t\u1ebf b\u00e0o:<\/strong> Geobacillus stearothermophilus<\/li>\n<li><strong>Chuy\u1ec3n m\u00e0u:<\/strong> T\u1eeb t\u00edm sang v\u00e0ng<\/li>\n<li><strong>Th\u1ec3 t\u00edch:<\/strong> 4.5 mL m\u1ed7i \u1ed1ng<\/li>\n<li><strong>\u0110\u00f3ng g\u00f3i:<\/strong> 100 \u1ed1ng m\u1ed7i h\u1ed9p<\/li>\n<li><strong>Tu\u00e2n th\u1ee7 ti\u00eau chu\u1ea9n:<\/strong> USP, ISO 11138-1 v\u00e0 ISO 11138-3<\/li>\n<li><strong>Hi\u1ec7u su\u1ea5t cao:<\/strong> Cung c\u1ea5p th\u1eddi gian \u1ee7 gi\u1ea3m so v\u1edbi m\u00f4i tr\u01b0\u1eddng ti\u00eau chu\u1ea9n<\/li>\n<li><strong>Ch\u1ea5t l\u01b0\u1ee3ng nh\u1ea5t qu\u00e1n:<\/strong> \u0110\u1ea3m b\u1ea3o hi\u1ec7u su\u1ea5t ch\u1ea5t l\u01b0\u1ee3ng cao t\u1eeb l\u00f4 n\u00e0y sang l\u00f4 kh\u00e1c<img decoding=\"async\" data-src=\"https:\/\/static.wixstatic.com\/media\/606cbd_f7e2f4fcec344da38b073eb97f229d30~mv2.jpg\/v1\/fill\/w_1848,h_272,al_c,q_85,enc_auto\/mod%20growth%20med%20pgm%20New.jpg\" alt=\"mod growth medium pgm for sterilization\" src=\"data:image\/gif;base64,R0lGODlhAQABAAAAACH5BAEKAAEALAAAAAABAAEAAAICTAEAOw==\" class=\"lazyload\" \/><noscript><img decoding=\"async\" src=\"https:\/\/static.wixstatic.com\/media\/606cbd_f7e2f4fcec344da38b073eb97f229d30~mv2.jpg\/v1\/fill\/w_1848,h_272,al_c,q_85,enc_auto\/mod%20growth%20med%20pgm%20New.jpg\" alt=\"mod growth medium pgm for sterilization\" \/><\/noscript><\/li>\n<\/ul>\n","protected":false},"excerpt":{"rendered":"<p>PGM-100 l\u00e0 m\u00f4i tr\u01b0\u1eddng nu\u00f4i c\u1ea5y \u0111\u01b0\u1ee3c c\u1ea3i ti\u1ebfn d\u00e0nh cho vi khu\u1ea9n Geobacillus stearothermophilus. S\u1ea3n ph\u1ea9m n\u00e0y cung c\u1ea5p th\u1eddi gian \u1ee7 ng\u1eafn h\u01a1n so v\u1edbi c\u00e1c m\u00f4i tr\u01b0\u1eddng ti\u00eau chu\u1ea9n, \u0111\u1ea3m b\u1ea3o hi\u1ec7u su\u1ea5t cao v\u00e0 ch\u1ea5t l\u01b0\u1ee3ng nh\u1ea5t qu\u00e1n gi\u1eefa c\u00e1c l\u00f4. \u0110\u1eb7c \u0111i\u1ec3m: D\u00f2ng t\u1ebf b\u00e0o: Geobacillus stearothermophilus Chuy\u1ec3n m\u00e0u: T\u1eeb [&hellip;]<\/p>\n","protected":false},"featured_media":6048,"comment_status":"open","ping_status":"closed","template":"","meta":[],"pwb-brand":[648],"product_cat":[491,707,737,741,709,739],"product_tag":[929],"class_list":{"0":"post-6047","1":"product","2":"type-product","3":"status-publish","4":"has-post-thumbnail","6":"pwb-brand-true-indicating-vi","7":"product_cat-kiem-soat-nhiem-khuan","8":"product_cat-cham-soc-suc-khoe","9":"product_cat-cong-nghiep","10":"product_cat-duoc-pham-vi","11":"product_cat-nha-khoa","12":"product_cat-phong-thi-nghiem","13":"product_tag-dai-chua-bao-tu","15":"first","16":"onbackorder","17":"shipping-taxable","18":"purchasable","19":"product-type-simple"},"yoast_head":"<!-- This site is optimized with the Yoast SEO plugin v23.6 - https:\/\/yoast.com\/wordpress\/plugins\/seo\/ -->\n<title>\u1ed0ng ch\u1ec9 th\u1ecb sinh h\u1ecdc Geobacillus stearothermophilus True Indicating (PGM-100) - Biosciences<\/title>\n<meta name=\"robots\" content=\"index, follow, max-snippet:-1, max-image-preview:large, max-video-preview:-1\" \/>\n<link rel=\"canonical\" href=\"https:\/\/biosciences.vn\/index.php\/product\/ong-chi-thi-sinh-hoc-geobacillus-stearothermophilus-true-indicating-pgm-100\/\" \/>\n<meta property=\"og:locale\" content=\"en_US\" \/>\n<meta property=\"og:type\" content=\"article\" \/>\n<meta property=\"og:title\" content=\"\u1ed0ng ch\u1ec9 th\u1ecb sinh h\u1ecdc Geobacillus stearothermophilus True Indicating (PGM-100) - Biosciences\" \/>\n<meta property=\"og:description\" content=\"PGM-100 l\u00e0 m\u00f4i tr\u01b0\u1eddng nu\u00f4i c\u1ea5y \u0111\u01b0\u1ee3c c\u1ea3i ti\u1ebfn d\u00e0nh cho vi khu\u1ea9n Geobacillus stearothermophilus. S\u1ea3n ph\u1ea9m n\u00e0y cung c\u1ea5p th\u1eddi gian \u1ee7 ng\u1eafn h\u01a1n so v\u1edbi c\u00e1c m\u00f4i tr\u01b0\u1eddng ti\u00eau chu\u1ea9n, \u0111\u1ea3m b\u1ea3o hi\u1ec7u su\u1ea5t cao v\u00e0 ch\u1ea5t l\u01b0\u1ee3ng nh\u1ea5t qu\u00e1n gi\u1eefa c\u00e1c l\u00f4. \u0110\u1eb7c \u0111i\u1ec3m: D\u00f2ng t\u1ebf b\u00e0o: Geobacillus stearothermophilus Chuy\u1ec3n m\u00e0u: T\u1eeb [&hellip;]\" \/>\n<meta property=\"og:url\" content=\"https:\/\/biosciences.vn\/index.php\/product\/ong-chi-thi-sinh-hoc-geobacillus-stearothermophilus-true-indicating-pgm-100\/\" \/>\n<meta property=\"og:site_name\" content=\"Biosciences\" \/>\n<meta property=\"article:modified_time\" content=\"2025-08-28T07:55:09+00:00\" \/>\n<meta property=\"og:image\" content=\"https:\/\/biosciences.vn\/wp-content\/uploads\/2024\/07\/PGM-100.png\" \/>\n\t<meta property=\"og:image:width\" content=\"559\" \/>\n\t<meta property=\"og:image:height\" content=\"372\" \/>\n\t<meta property=\"og:image:type\" content=\"image\/png\" \/>\n<meta name=\"twitter:card\" content=\"summary_large_image\" \/>\n<meta name=\"twitter:label1\" content=\"Est. reading time\" \/>\n\t<meta name=\"twitter:data1\" content=\"1 minute\" \/>\n<script type=\"application\/ld+json\" class=\"yoast-schema-graph\">{\"@context\":\"https:\/\/schema.org\",\"@graph\":[{\"@type\":\"WebPage\",\"@id\":\"https:\/\/biosciences.vn\/index.php\/product\/ong-chi-thi-sinh-hoc-geobacillus-stearothermophilus-true-indicating-pgm-100\/\",\"url\":\"https:\/\/biosciences.vn\/index.php\/product\/ong-chi-thi-sinh-hoc-geobacillus-stearothermophilus-true-indicating-pgm-100\/\",\"name\":\"\u1ed0ng ch\u1ec9 th\u1ecb sinh h\u1ecdc Geobacillus stearothermophilus True Indicating (PGM-100) - Biosciences\",\"isPartOf\":{\"@id\":\"https:\/\/biosciences.vn\/#website\"},\"primaryImageOfPage\":{\"@id\":\"https:\/\/biosciences.vn\/index.php\/product\/ong-chi-thi-sinh-hoc-geobacillus-stearothermophilus-true-indicating-pgm-100\/#primaryimage\"},\"image\":{\"@id\":\"https:\/\/biosciences.vn\/index.php\/product\/ong-chi-thi-sinh-hoc-geobacillus-stearothermophilus-true-indicating-pgm-100\/#primaryimage\"},\"thumbnailUrl\":\"https:\/\/biosciences.vn\/wp-content\/uploads\/2024\/07\/PGM-100.png\",\"datePublished\":\"2024-07-26T10:33:42+00:00\",\"dateModified\":\"2025-08-28T07:55:09+00:00\",\"breadcrumb\":{\"@id\":\"https:\/\/biosciences.vn\/index.php\/product\/ong-chi-thi-sinh-hoc-geobacillus-stearothermophilus-true-indicating-pgm-100\/#breadcrumb\"},\"inLanguage\":\"en-US\",\"potentialAction\":[{\"@type\":\"ReadAction\",\"target\":[\"https:\/\/biosciences.vn\/index.php\/product\/ong-chi-thi-sinh-hoc-geobacillus-stearothermophilus-true-indicating-pgm-100\/\"]}]},{\"@type\":\"ImageObject\",\"inLanguage\":\"en-US\",\"@id\":\"https:\/\/biosciences.vn\/index.php\/product\/ong-chi-thi-sinh-hoc-geobacillus-stearothermophilus-true-indicating-pgm-100\/#primaryimage\",\"url\":\"https:\/\/biosciences.vn\/wp-content\/uploads\/2024\/07\/PGM-100.png\",\"contentUrl\":\"https:\/\/biosciences.vn\/wp-content\/uploads\/2024\/07\/PGM-100.png\",\"width\":559,\"height\":372},{\"@type\":\"BreadcrumbList\",\"@id\":\"https:\/\/biosciences.vn\/index.php\/product\/ong-chi-thi-sinh-hoc-geobacillus-stearothermophilus-true-indicating-pgm-100\/#breadcrumb\",\"itemListElement\":[{\"@type\":\"ListItem\",\"position\":1,\"name\":\"Trang ch\u1ee7\",\"item\":\"https:\/\/biosciences.vn\/index.php\/en\/home\/\"},{\"@type\":\"ListItem\",\"position\":2,\"name\":\"Shop\",\"item\":\"https:\/\/biosciences.vn\/index.php\/shop\/\"},{\"@type\":\"ListItem\",\"position\":3,\"name\":\"\u1ed0ng ch\u1ec9 th\u1ecb sinh h\u1ecdc Geobacillus stearothermophilus True Indicating (PGM-100)\"}]},{\"@type\":\"WebSite\",\"@id\":\"https:\/\/biosciences.vn\/#website\",\"url\":\"https:\/\/biosciences.vn\/\",\"name\":\"Biosciences\",\"description\":\"\",\"publisher\":{\"@id\":\"https:\/\/biosciences.vn\/#organization\"},\"potentialAction\":[{\"@type\":\"SearchAction\",\"target\":{\"@type\":\"EntryPoint\",\"urlTemplate\":\"https:\/\/biosciences.vn\/?s={search_term_string}\"},\"query-input\":{\"@type\":\"PropertyValueSpecification\",\"valueRequired\":true,\"valueName\":\"search_term_string\"}}],\"inLanguage\":\"en-US\"},{\"@type\":\"Organization\",\"@id\":\"https:\/\/biosciences.vn\/#organization\",\"name\":\"Biosciences\",\"url\":\"https:\/\/biosciences.vn\/\",\"logo\":{\"@type\":\"ImageObject\",\"inLanguage\":\"en-US\",\"@id\":\"https:\/\/biosciences.vn\/#\/schema\/logo\/image\/\",\"url\":\"https:\/\/biosciences.vn\/wp-content\/uploads\/2024\/04\/LOGO-BIOSCIENCES-PNG.png\",\"contentUrl\":\"https:\/\/biosciences.vn\/wp-content\/uploads\/2024\/04\/LOGO-BIOSCIENCES-PNG.png\",\"width\":2536,\"height\":638,\"caption\":\"Biosciences\"},\"image\":{\"@id\":\"https:\/\/biosciences.vn\/#\/schema\/logo\/image\/\"}}]}<\/script>\n<!-- \/ Yoast SEO plugin. -->","yoast_head_json":{"title":"\u1ed0ng ch\u1ec9 th\u1ecb sinh h\u1ecdc Geobacillus stearothermophilus True Indicating (PGM-100) - Biosciences","robots":{"index":"index","follow":"follow","max-snippet":"max-snippet:-1","max-image-preview":"max-image-preview:large","max-video-preview":"max-video-preview:-1"},"canonical":"https:\/\/biosciences.vn\/index.php\/product\/ong-chi-thi-sinh-hoc-geobacillus-stearothermophilus-true-indicating-pgm-100\/","og_locale":"en_US","og_type":"article","og_title":"\u1ed0ng ch\u1ec9 th\u1ecb sinh h\u1ecdc Geobacillus stearothermophilus True Indicating (PGM-100) - Biosciences","og_description":"PGM-100 l\u00e0 m\u00f4i tr\u01b0\u1eddng nu\u00f4i c\u1ea5y \u0111\u01b0\u1ee3c c\u1ea3i ti\u1ebfn d\u00e0nh cho vi khu\u1ea9n Geobacillus stearothermophilus. S\u1ea3n ph\u1ea9m n\u00e0y cung c\u1ea5p th\u1eddi gian \u1ee7 ng\u1eafn h\u01a1n so v\u1edbi c\u00e1c m\u00f4i tr\u01b0\u1eddng ti\u00eau chu\u1ea9n, \u0111\u1ea3m b\u1ea3o hi\u1ec7u su\u1ea5t cao v\u00e0 ch\u1ea5t l\u01b0\u1ee3ng nh\u1ea5t qu\u00e1n gi\u1eefa c\u00e1c l\u00f4. \u0110\u1eb7c \u0111i\u1ec3m: D\u00f2ng t\u1ebf b\u00e0o: Geobacillus stearothermophilus Chuy\u1ec3n m\u00e0u: T\u1eeb [&hellip;]","og_url":"https:\/\/biosciences.vn\/index.php\/product\/ong-chi-thi-sinh-hoc-geobacillus-stearothermophilus-true-indicating-pgm-100\/","og_site_name":"Biosciences","article_modified_time":"2025-08-28T07:55:09+00:00","og_image":[{"width":559,"height":372,"url":"https:\/\/biosciences.vn\/wp-content\/uploads\/2024\/07\/PGM-100.png","type":"image\/png"}],"twitter_card":"summary_large_image","twitter_misc":{"Est. reading time":"1 minute"},"schema":{"@context":"https:\/\/schema.org","@graph":[{"@type":"WebPage","@id":"https:\/\/biosciences.vn\/index.php\/product\/ong-chi-thi-sinh-hoc-geobacillus-stearothermophilus-true-indicating-pgm-100\/","url":"https:\/\/biosciences.vn\/index.php\/product\/ong-chi-thi-sinh-hoc-geobacillus-stearothermophilus-true-indicating-pgm-100\/","name":"\u1ed0ng ch\u1ec9 th\u1ecb sinh h\u1ecdc Geobacillus stearothermophilus True Indicating (PGM-100) - Biosciences","isPartOf":{"@id":"https:\/\/biosciences.vn\/#website"},"primaryImageOfPage":{"@id":"https:\/\/biosciences.vn\/index.php\/product\/ong-chi-thi-sinh-hoc-geobacillus-stearothermophilus-true-indicating-pgm-100\/#primaryimage"},"image":{"@id":"https:\/\/biosciences.vn\/index.php\/product\/ong-chi-thi-sinh-hoc-geobacillus-stearothermophilus-true-indicating-pgm-100\/#primaryimage"},"thumbnailUrl":"https:\/\/biosciences.vn\/wp-content\/uploads\/2024\/07\/PGM-100.png","datePublished":"2024-07-26T10:33:42+00:00","dateModified":"2025-08-28T07:55:09+00:00","breadcrumb":{"@id":"https:\/\/biosciences.vn\/index.php\/product\/ong-chi-thi-sinh-hoc-geobacillus-stearothermophilus-true-indicating-pgm-100\/#breadcrumb"},"inLanguage":"en-US","potentialAction":[{"@type":"ReadAction","target":["https:\/\/biosciences.vn\/index.php\/product\/ong-chi-thi-sinh-hoc-geobacillus-stearothermophilus-true-indicating-pgm-100\/"]}]},{"@type":"ImageObject","inLanguage":"en-US","@id":"https:\/\/biosciences.vn\/index.php\/product\/ong-chi-thi-sinh-hoc-geobacillus-stearothermophilus-true-indicating-pgm-100\/#primaryimage","url":"https:\/\/biosciences.vn\/wp-content\/uploads\/2024\/07\/PGM-100.png","contentUrl":"https:\/\/biosciences.vn\/wp-content\/uploads\/2024\/07\/PGM-100.png","width":559,"height":372},{"@type":"BreadcrumbList","@id":"https:\/\/biosciences.vn\/index.php\/product\/ong-chi-thi-sinh-hoc-geobacillus-stearothermophilus-true-indicating-pgm-100\/#breadcrumb","itemListElement":[{"@type":"ListItem","position":1,"name":"Trang ch\u1ee7","item":"https:\/\/biosciences.vn\/index.php\/en\/home\/"},{"@type":"ListItem","position":2,"name":"Shop","item":"https:\/\/biosciences.vn\/index.php\/shop\/"},{"@type":"ListItem","position":3,"name":"\u1ed0ng ch\u1ec9 th\u1ecb sinh h\u1ecdc Geobacillus stearothermophilus True Indicating (PGM-100)"}]},{"@type":"WebSite","@id":"https:\/\/biosciences.vn\/#website","url":"https:\/\/biosciences.vn\/","name":"Biosciences","description":"","publisher":{"@id":"https:\/\/biosciences.vn\/#organization"},"potentialAction":[{"@type":"SearchAction","target":{"@type":"EntryPoint","urlTemplate":"https:\/\/biosciences.vn\/?s={search_term_string}"},"query-input":{"@type":"PropertyValueSpecification","valueRequired":true,"valueName":"search_term_string"}}],"inLanguage":"en-US"},{"@type":"Organization","@id":"https:\/\/biosciences.vn\/#organization","name":"Biosciences","url":"https:\/\/biosciences.vn\/","logo":{"@type":"ImageObject","inLanguage":"en-US","@id":"https:\/\/biosciences.vn\/#\/schema\/logo\/image\/","url":"https:\/\/biosciences.vn\/wp-content\/uploads\/2024\/04\/LOGO-BIOSCIENCES-PNG.png","contentUrl":"https:\/\/biosciences.vn\/wp-content\/uploads\/2024\/04\/LOGO-BIOSCIENCES-PNG.png","width":2536,"height":638,"caption":"Biosciences"},"image":{"@id":"https:\/\/biosciences.vn\/#\/schema\/logo\/image\/"}}]}},"brands":[{"id":648,"name":"True Indicating","slug":"true-indicating-vi"}],"_links":{"self":[{"href":"https:\/\/biosciences.vn\/index.php\/wp-json\/wp\/v2\/product\/6047"}],"collection":[{"href":"https:\/\/biosciences.vn\/index.php\/wp-json\/wp\/v2\/product"}],"about":[{"href":"https:\/\/biosciences.vn\/index.php\/wp-json\/wp\/v2\/types\/product"}],"replies":[{"embeddable":true,"href":"https:\/\/biosciences.vn\/index.php\/wp-json\/wp\/v2\/comments?post=6047"}],"wp:featuredmedia":[{"embeddable":true,"href":"https:\/\/biosciences.vn\/index.php\/wp-json\/wp\/v2\/media\/6048"}],"wp:attachment":[{"href":"https:\/\/biosciences.vn\/index.php\/wp-json\/wp\/v2\/media?parent=6047"}],"wp:term":[{"taxonomy":"pwb-brand","embeddable":true,"href":"https:\/\/biosciences.vn\/index.php\/wp-json\/wp\/v2\/pwb-brand?post=6047"},{"taxonomy":"product_cat","embeddable":true,"href":"https:\/\/biosciences.vn\/index.php\/wp-json\/wp\/v2\/product_cat?post=6047"},{"taxonomy":"product_tag","embeddable":true,"href":"https:\/\/biosciences.vn\/index.php\/wp-json\/wp\/v2\/product_tag?post=6047"}],"curies":[{"name":"wp","href":"https:\/\/api.w.org\/{rel}","templated":true}]}}