{"id":6053,"date":"2024-07-26T17:42:36","date_gmt":"2024-07-26T10:42:36","guid":{"rendered":"https:\/\/biosciences.vn\/?post_type=product&#038;p=6053"},"modified":"2025-08-28T14:55:09","modified_gmt":"2025-08-28T07:55:09","slug":"ong-moi-truong-nuoi-cay-true-indicating-sgm-100","status":"publish","type":"product","link":"https:\/\/biosciences.vn\/index.php\/product\/ong-moi-truong-nuoi-cay-true-indicating-sgm-100\/","title":{"rendered":"\u1ed0ng m\u00f4i tr\u01b0\u1eddng nu\u00f4i c\u1ea5y True Indicating (SGM-100)"},"content":{"rendered":"<p>SGM-100 l\u00e0 m\u00f4i tr\u01b0\u1eddng nu\u00f4i c\u1ea5y d\u00f9ng chung, \u0111\u01b0\u1ee3c thi\u1ebft k\u1ebf cho c\u00e1c s\u1ea3n ph\u1ea9m c\u1ee7a True Indicating ch\u1ee9a c\u00e1c sinh v\u1eadt h\u00ecnh b\u00e0o t\u1eed. S\u1ea3n ph\u1ea9m n\u00e0y cung c\u1ea5p m\u00f4i tr\u01b0\u1eddng nu\u00f4i c\u1ea5y \u0111\u00e1ng tin c\u1eady, \u0111\u1ea3m b\u1ea3o hi\u1ec7u su\u1ea5t cao v\u00e0 ch\u1ea5t l\u01b0\u1ee3ng nh\u1ea5t qu\u00e1n gi\u1eefa c\u00e1c l\u00f4.<\/p>\n<p><strong>\u0110\u1eb7c \u0111i\u1ec3m:<\/strong><\/p>\n<ul>\n<li><strong>S\u1eed d\u1ee5ng chung:<\/strong> Ph\u00f9 h\u1ee3p cho nhi\u1ec1u lo\u1ea1i sinh v\u1eadt h\u00ecnh b\u00e0o t\u1eed<\/li>\n<li><strong>Chuy\u1ec3n \u0111\u1ed5i m\u00e0u:<\/strong> T\u1eeb trong su\u1ed1t sang \u0111\u1ee5c<\/li>\n<li><strong>Th\u1ec3 t\u00edch:<\/strong> 4.5 mL m\u1ed7i \u1ed1ng<\/li>\n<li><strong>\u0110\u00f3ng g\u00f3i:<\/strong> 100 \u1ed1ng m\u1ed7i h\u1ed9p<\/li>\n<li><strong>Tu\u00e2n th\u1ee7 ti\u00eau chu\u1ea9n:<\/strong> USP, ISO 11138-1<\/li>\n<li><strong>Ch\u1ea5t l\u01b0\u1ee3ng nh\u1ea5t qu\u00e1n:<\/strong> \u0110\u1ea3m b\u1ea3o hi\u1ec7u su\u1ea5t cao t\u1eeb l\u00f4 n\u00e0y sang l\u00f4 kh\u00e1c<img decoding=\"async\" data-src=\"https:\/\/static.wixstatic.com\/media\/606cbd_582cb63021484ebfb491479503dbe00b~mv2.jpeg\/v1\/fill\/w_1848,h_272,al_c,q_85,usm_0.66_1.00_0.01,enc_auto\/growth%20med%20spore%20SGM.jpeg\" alt=\"growth med spore SGM.jpeg\" src=\"data:image\/gif;base64,R0lGODlhAQABAAAAACH5BAEKAAEALAAAAAABAAEAAAICTAEAOw==\" class=\"lazyload\" \/><noscript><img decoding=\"async\" src=\"https:\/\/static.wixstatic.com\/media\/606cbd_582cb63021484ebfb491479503dbe00b~mv2.jpeg\/v1\/fill\/w_1848,h_272,al_c,q_85,usm_0.66_1.00_0.01,enc_auto\/growth%20med%20spore%20SGM.jpeg\" alt=\"growth med spore SGM.jpeg\" \/><\/noscript><\/li>\n<\/ul>\n","protected":false},"excerpt":{"rendered":"<p>SGM-100 l\u00e0 m\u00f4i tr\u01b0\u1eddng nu\u00f4i c\u1ea5y d\u00f9ng chung, \u0111\u01b0\u1ee3c thi\u1ebft k\u1ebf cho c\u00e1c s\u1ea3n ph\u1ea9m c\u1ee7a True Indicating ch\u1ee9a c\u00e1c sinh v\u1eadt h\u00ecnh b\u00e0o t\u1eed. S\u1ea3n ph\u1ea9m n\u00e0y cung c\u1ea5p m\u00f4i tr\u01b0\u1eddng nu\u00f4i c\u1ea5y \u0111\u00e1ng tin c\u1eady, \u0111\u1ea3m b\u1ea3o hi\u1ec7u su\u1ea5t cao v\u00e0 ch\u1ea5t l\u01b0\u1ee3ng nh\u1ea5t qu\u00e1n gi\u1eefa c\u00e1c l\u00f4. \u0110\u1eb7c \u0111i\u1ec3m: S\u1eed d\u1ee5ng chung: [&hellip;]<\/p>\n","protected":false},"featured_media":6054,"comment_status":"open","ping_status":"closed","template":"","meta":[],"pwb-brand":[648],"product_cat":[491,707,737,741,709,739],"product_tag":[929],"class_list":{"0":"post-6053","1":"product","2":"type-product","3":"status-publish","4":"has-post-thumbnail","6":"pwb-brand-true-indicating-vi","7":"product_cat-kiem-soat-nhiem-khuan","8":"product_cat-cham-soc-suc-khoe","9":"product_cat-cong-nghiep","10":"product_cat-duoc-pham-vi","11":"product_cat-nha-khoa","12":"product_cat-phong-thi-nghiem","13":"product_tag-dai-chua-bao-tu","14":"pa_vi-khuan-campylobacter-coli","15":"pa_vi-khuan-clostridium-perfringens","17":"first","18":"onbackorder","19":"shipping-taxable","20":"purchasable","21":"product-type-simple"},"yoast_head":"<!-- This site is optimized with the Yoast SEO plugin v23.6 - https:\/\/yoast.com\/wordpress\/plugins\/seo\/ -->\n<title>\u1ed0ng m\u00f4i tr\u01b0\u1eddng nu\u00f4i c\u1ea5y True Indicating (SGM-100) - Biosciences<\/title>\n<meta name=\"robots\" content=\"index, follow, max-snippet:-1, max-image-preview:large, max-video-preview:-1\" \/>\n<link rel=\"canonical\" href=\"https:\/\/biosciences.vn\/index.php\/product\/ong-moi-truong-nuoi-cay-true-indicating-sgm-100\/\" \/>\n<meta property=\"og:locale\" content=\"en_US\" \/>\n<meta property=\"og:type\" content=\"article\" \/>\n<meta property=\"og:title\" content=\"\u1ed0ng m\u00f4i tr\u01b0\u1eddng nu\u00f4i c\u1ea5y True Indicating (SGM-100) - Biosciences\" \/>\n<meta property=\"og:description\" content=\"SGM-100 l\u00e0 m\u00f4i tr\u01b0\u1eddng nu\u00f4i c\u1ea5y d\u00f9ng chung, \u0111\u01b0\u1ee3c thi\u1ebft k\u1ebf cho c\u00e1c s\u1ea3n ph\u1ea9m c\u1ee7a True Indicating ch\u1ee9a c\u00e1c sinh v\u1eadt h\u00ecnh b\u00e0o t\u1eed. S\u1ea3n ph\u1ea9m n\u00e0y cung c\u1ea5p m\u00f4i tr\u01b0\u1eddng nu\u00f4i c\u1ea5y \u0111\u00e1ng tin c\u1eady, \u0111\u1ea3m b\u1ea3o hi\u1ec7u su\u1ea5t cao v\u00e0 ch\u1ea5t l\u01b0\u1ee3ng nh\u1ea5t qu\u00e1n gi\u1eefa c\u00e1c l\u00f4. \u0110\u1eb7c \u0111i\u1ec3m: S\u1eed d\u1ee5ng chung: [&hellip;]\" \/>\n<meta property=\"og:url\" content=\"https:\/\/biosciences.vn\/index.php\/product\/ong-moi-truong-nuoi-cay-true-indicating-sgm-100\/\" \/>\n<meta property=\"og:site_name\" content=\"Biosciences\" \/>\n<meta property=\"article:modified_time\" content=\"2025-08-28T07:55:09+00:00\" \/>\n<meta property=\"og:image\" content=\"https:\/\/biosciences.vn\/wp-content\/uploads\/2024\/07\/SGM-100.png\" \/>\n\t<meta property=\"og:image:width\" content=\"677\" \/>\n\t<meta property=\"og:image:height\" content=\"451\" \/>\n\t<meta property=\"og:image:type\" content=\"image\/png\" \/>\n<meta name=\"twitter:card\" content=\"summary_large_image\" \/>\n<meta name=\"twitter:label1\" content=\"Est. reading time\" \/>\n\t<meta name=\"twitter:data1\" content=\"1 minute\" \/>\n<script type=\"application\/ld+json\" class=\"yoast-schema-graph\">{\"@context\":\"https:\/\/schema.org\",\"@graph\":[{\"@type\":\"WebPage\",\"@id\":\"https:\/\/biosciences.vn\/index.php\/product\/ong-moi-truong-nuoi-cay-true-indicating-sgm-100\/\",\"url\":\"https:\/\/biosciences.vn\/index.php\/product\/ong-moi-truong-nuoi-cay-true-indicating-sgm-100\/\",\"name\":\"\u1ed0ng m\u00f4i tr\u01b0\u1eddng nu\u00f4i c\u1ea5y True Indicating (SGM-100) - Biosciences\",\"isPartOf\":{\"@id\":\"https:\/\/biosciences.vn\/#website\"},\"primaryImageOfPage\":{\"@id\":\"https:\/\/biosciences.vn\/index.php\/product\/ong-moi-truong-nuoi-cay-true-indicating-sgm-100\/#primaryimage\"},\"image\":{\"@id\":\"https:\/\/biosciences.vn\/index.php\/product\/ong-moi-truong-nuoi-cay-true-indicating-sgm-100\/#primaryimage\"},\"thumbnailUrl\":\"https:\/\/biosciences.vn\/wp-content\/uploads\/2024\/07\/SGM-100.png\",\"datePublished\":\"2024-07-26T10:42:36+00:00\",\"dateModified\":\"2025-08-28T07:55:09+00:00\",\"breadcrumb\":{\"@id\":\"https:\/\/biosciences.vn\/index.php\/product\/ong-moi-truong-nuoi-cay-true-indicating-sgm-100\/#breadcrumb\"},\"inLanguage\":\"en-US\",\"potentialAction\":[{\"@type\":\"ReadAction\",\"target\":[\"https:\/\/biosciences.vn\/index.php\/product\/ong-moi-truong-nuoi-cay-true-indicating-sgm-100\/\"]}]},{\"@type\":\"ImageObject\",\"inLanguage\":\"en-US\",\"@id\":\"https:\/\/biosciences.vn\/index.php\/product\/ong-moi-truong-nuoi-cay-true-indicating-sgm-100\/#primaryimage\",\"url\":\"https:\/\/biosciences.vn\/wp-content\/uploads\/2024\/07\/SGM-100.png\",\"contentUrl\":\"https:\/\/biosciences.vn\/wp-content\/uploads\/2024\/07\/SGM-100.png\",\"width\":677,\"height\":451},{\"@type\":\"BreadcrumbList\",\"@id\":\"https:\/\/biosciences.vn\/index.php\/product\/ong-moi-truong-nuoi-cay-true-indicating-sgm-100\/#breadcrumb\",\"itemListElement\":[{\"@type\":\"ListItem\",\"position\":1,\"name\":\"Trang ch\u1ee7\",\"item\":\"https:\/\/biosciences.vn\/index.php\/en\/home\/\"},{\"@type\":\"ListItem\",\"position\":2,\"name\":\"Shop\",\"item\":\"https:\/\/biosciences.vn\/index.php\/shop\/\"},{\"@type\":\"ListItem\",\"position\":3,\"name\":\"\u1ed0ng m\u00f4i tr\u01b0\u1eddng nu\u00f4i c\u1ea5y True Indicating (SGM-100)\"}]},{\"@type\":\"WebSite\",\"@id\":\"https:\/\/biosciences.vn\/#website\",\"url\":\"https:\/\/biosciences.vn\/\",\"name\":\"Biosciences\",\"description\":\"\",\"publisher\":{\"@id\":\"https:\/\/biosciences.vn\/#organization\"},\"potentialAction\":[{\"@type\":\"SearchAction\",\"target\":{\"@type\":\"EntryPoint\",\"urlTemplate\":\"https:\/\/biosciences.vn\/?s={search_term_string}\"},\"query-input\":{\"@type\":\"PropertyValueSpecification\",\"valueRequired\":true,\"valueName\":\"search_term_string\"}}],\"inLanguage\":\"en-US\"},{\"@type\":\"Organization\",\"@id\":\"https:\/\/biosciences.vn\/#organization\",\"name\":\"Biosciences\",\"url\":\"https:\/\/biosciences.vn\/\",\"logo\":{\"@type\":\"ImageObject\",\"inLanguage\":\"en-US\",\"@id\":\"https:\/\/biosciences.vn\/#\/schema\/logo\/image\/\",\"url\":\"https:\/\/biosciences.vn\/wp-content\/uploads\/2024\/04\/LOGO-BIOSCIENCES-PNG.png\",\"contentUrl\":\"https:\/\/biosciences.vn\/wp-content\/uploads\/2024\/04\/LOGO-BIOSCIENCES-PNG.png\",\"width\":2536,\"height\":638,\"caption\":\"Biosciences\"},\"image\":{\"@id\":\"https:\/\/biosciences.vn\/#\/schema\/logo\/image\/\"}}]}<\/script>\n<!-- \/ Yoast SEO plugin. -->","yoast_head_json":{"title":"\u1ed0ng m\u00f4i tr\u01b0\u1eddng nu\u00f4i c\u1ea5y True Indicating (SGM-100) - Biosciences","robots":{"index":"index","follow":"follow","max-snippet":"max-snippet:-1","max-image-preview":"max-image-preview:large","max-video-preview":"max-video-preview:-1"},"canonical":"https:\/\/biosciences.vn\/index.php\/product\/ong-moi-truong-nuoi-cay-true-indicating-sgm-100\/","og_locale":"en_US","og_type":"article","og_title":"\u1ed0ng m\u00f4i tr\u01b0\u1eddng nu\u00f4i c\u1ea5y True Indicating (SGM-100) - Biosciences","og_description":"SGM-100 l\u00e0 m\u00f4i tr\u01b0\u1eddng nu\u00f4i c\u1ea5y d\u00f9ng chung, \u0111\u01b0\u1ee3c thi\u1ebft k\u1ebf cho c\u00e1c s\u1ea3n ph\u1ea9m c\u1ee7a True Indicating ch\u1ee9a c\u00e1c sinh v\u1eadt h\u00ecnh b\u00e0o t\u1eed. S\u1ea3n ph\u1ea9m n\u00e0y cung c\u1ea5p m\u00f4i tr\u01b0\u1eddng nu\u00f4i c\u1ea5y \u0111\u00e1ng tin c\u1eady, \u0111\u1ea3m b\u1ea3o hi\u1ec7u su\u1ea5t cao v\u00e0 ch\u1ea5t l\u01b0\u1ee3ng nh\u1ea5t qu\u00e1n gi\u1eefa c\u00e1c l\u00f4. \u0110\u1eb7c \u0111i\u1ec3m: S\u1eed d\u1ee5ng chung: [&hellip;]","og_url":"https:\/\/biosciences.vn\/index.php\/product\/ong-moi-truong-nuoi-cay-true-indicating-sgm-100\/","og_site_name":"Biosciences","article_modified_time":"2025-08-28T07:55:09+00:00","og_image":[{"width":677,"height":451,"url":"https:\/\/biosciences.vn\/wp-content\/uploads\/2024\/07\/SGM-100.png","type":"image\/png"}],"twitter_card":"summary_large_image","twitter_misc":{"Est. reading time":"1 minute"},"schema":{"@context":"https:\/\/schema.org","@graph":[{"@type":"WebPage","@id":"https:\/\/biosciences.vn\/index.php\/product\/ong-moi-truong-nuoi-cay-true-indicating-sgm-100\/","url":"https:\/\/biosciences.vn\/index.php\/product\/ong-moi-truong-nuoi-cay-true-indicating-sgm-100\/","name":"\u1ed0ng m\u00f4i tr\u01b0\u1eddng nu\u00f4i c\u1ea5y True Indicating (SGM-100) - Biosciences","isPartOf":{"@id":"https:\/\/biosciences.vn\/#website"},"primaryImageOfPage":{"@id":"https:\/\/biosciences.vn\/index.php\/product\/ong-moi-truong-nuoi-cay-true-indicating-sgm-100\/#primaryimage"},"image":{"@id":"https:\/\/biosciences.vn\/index.php\/product\/ong-moi-truong-nuoi-cay-true-indicating-sgm-100\/#primaryimage"},"thumbnailUrl":"https:\/\/biosciences.vn\/wp-content\/uploads\/2024\/07\/SGM-100.png","datePublished":"2024-07-26T10:42:36+00:00","dateModified":"2025-08-28T07:55:09+00:00","breadcrumb":{"@id":"https:\/\/biosciences.vn\/index.php\/product\/ong-moi-truong-nuoi-cay-true-indicating-sgm-100\/#breadcrumb"},"inLanguage":"en-US","potentialAction":[{"@type":"ReadAction","target":["https:\/\/biosciences.vn\/index.php\/product\/ong-moi-truong-nuoi-cay-true-indicating-sgm-100\/"]}]},{"@type":"ImageObject","inLanguage":"en-US","@id":"https:\/\/biosciences.vn\/index.php\/product\/ong-moi-truong-nuoi-cay-true-indicating-sgm-100\/#primaryimage","url":"https:\/\/biosciences.vn\/wp-content\/uploads\/2024\/07\/SGM-100.png","contentUrl":"https:\/\/biosciences.vn\/wp-content\/uploads\/2024\/07\/SGM-100.png","width":677,"height":451},{"@type":"BreadcrumbList","@id":"https:\/\/biosciences.vn\/index.php\/product\/ong-moi-truong-nuoi-cay-true-indicating-sgm-100\/#breadcrumb","itemListElement":[{"@type":"ListItem","position":1,"name":"Trang ch\u1ee7","item":"https:\/\/biosciences.vn\/index.php\/en\/home\/"},{"@type":"ListItem","position":2,"name":"Shop","item":"https:\/\/biosciences.vn\/index.php\/shop\/"},{"@type":"ListItem","position":3,"name":"\u1ed0ng m\u00f4i tr\u01b0\u1eddng nu\u00f4i c\u1ea5y True Indicating (SGM-100)"}]},{"@type":"WebSite","@id":"https:\/\/biosciences.vn\/#website","url":"https:\/\/biosciences.vn\/","name":"Biosciences","description":"","publisher":{"@id":"https:\/\/biosciences.vn\/#organization"},"potentialAction":[{"@type":"SearchAction","target":{"@type":"EntryPoint","urlTemplate":"https:\/\/biosciences.vn\/?s={search_term_string}"},"query-input":{"@type":"PropertyValueSpecification","valueRequired":true,"valueName":"search_term_string"}}],"inLanguage":"en-US"},{"@type":"Organization","@id":"https:\/\/biosciences.vn\/#organization","name":"Biosciences","url":"https:\/\/biosciences.vn\/","logo":{"@type":"ImageObject","inLanguage":"en-US","@id":"https:\/\/biosciences.vn\/#\/schema\/logo\/image\/","url":"https:\/\/biosciences.vn\/wp-content\/uploads\/2024\/04\/LOGO-BIOSCIENCES-PNG.png","contentUrl":"https:\/\/biosciences.vn\/wp-content\/uploads\/2024\/04\/LOGO-BIOSCIENCES-PNG.png","width":2536,"height":638,"caption":"Biosciences"},"image":{"@id":"https:\/\/biosciences.vn\/#\/schema\/logo\/image\/"}}]}},"brands":[{"id":648,"name":"True Indicating","slug":"true-indicating-vi"}],"_links":{"self":[{"href":"https:\/\/biosciences.vn\/index.php\/wp-json\/wp\/v2\/product\/6053"}],"collection":[{"href":"https:\/\/biosciences.vn\/index.php\/wp-json\/wp\/v2\/product"}],"about":[{"href":"https:\/\/biosciences.vn\/index.php\/wp-json\/wp\/v2\/types\/product"}],"replies":[{"embeddable":true,"href":"https:\/\/biosciences.vn\/index.php\/wp-json\/wp\/v2\/comments?post=6053"}],"wp:featuredmedia":[{"embeddable":true,"href":"https:\/\/biosciences.vn\/index.php\/wp-json\/wp\/v2\/media\/6054"}],"wp:attachment":[{"href":"https:\/\/biosciences.vn\/index.php\/wp-json\/wp\/v2\/media?parent=6053"}],"wp:term":[{"taxonomy":"pwb-brand","embeddable":true,"href":"https:\/\/biosciences.vn\/index.php\/wp-json\/wp\/v2\/pwb-brand?post=6053"},{"taxonomy":"product_cat","embeddable":true,"href":"https:\/\/biosciences.vn\/index.php\/wp-json\/wp\/v2\/product_cat?post=6053"},{"taxonomy":"product_tag","embeddable":true,"href":"https:\/\/biosciences.vn\/index.php\/wp-json\/wp\/v2\/product_tag?post=6053"}],"curies":[{"name":"wp","href":"https:\/\/api.w.org\/{rel}","templated":true}]}}