{"id":6071,"date":"2024-10-01T11:45:33","date_gmt":"2024-10-01T04:45:33","guid":{"rendered":"https:\/\/biosciences.vn\/?post_type=product&#038;p=6071"},"modified":"2025-08-28T14:55:09","modified_gmt":"2025-08-28T07:55:09","slug":"dia-dem-kiem-tra-nhanh-tong-vi-sinh-vat-hieu-khi-microfast-premium","status":"publish","type":"product","link":"https:\/\/biosciences.vn\/index.php\/product\/dia-dem-kiem-tra-nhanh-tong-vi-sinh-vat-hieu-khi-microfast-premium\/","title":{"rendered":"\u0110\u0129a \u0111\u1ebfm t\u1ed5ng vi sinh v\u1eadt hi\u1ebfu kh\u00ed nhanh MicroFast Premium (LR1321)"},"content":{"rendered":"<p>\u0110\u0129a \u0111\u1ebfm t\u1ed5ng vi sinh v\u1eadt hi\u1ebfu kh\u00ed MicroFast Premium l\u00e0 m\u1ed9t th\u1ed1ng m\u00f4i tr\u01b0\u1eddng nu\u00f4i c\u1ea5y s\u1eb5n s\u00e0ng s\u1eed d\u1ee5ng. S\u1ea3n ph\u1ea9m s\u1eed d\u1ee5ng c\u00e1c c\u00f4ng ngh\u1ec7 ti\u00ean ti\u1ebfn nh\u01b0 gel tan trong n\u01b0\u1edbc l\u1ea1nh v\u00e0 c\u00f4ng ngh\u1ec7 t\u1ea1o m\u00e0u vi sinh v\u1eadt th\u1ebf h\u1ec7 m\u1edbi \u0111\u1ec3 \u0111\u1ea1t \u0111\u01b0\u1ee3c s\u1ef1 t\u0103ng tr\u01b0\u1edfng nhanh ch\u00f3ng v\u00e0 gi\u1ea3i th\u00edch khu\u1ea9n l\u1ea1c, c\u1ea3i thi\u1ec7n \u0111\u00e1ng k\u1ec3 hi\u1ec7u qu\u1ea3 ph\u00e1t hi\u1ec7n trong ph\u00f2ng th\u00ed nghi\u1ec7m.<\/p>\n<p><strong>\u0110\u1eb7c \u0111i\u1ec3m:<\/strong><\/p>\n<ul>\n<li><strong>S\u1eed d\u1ee5ng c\u00f4ng ngh\u1ec7 ti\u00ean ti\u1ebfn<\/strong>: Gel tan trong n\u01b0\u1edbc l\u1ea1nh v\u00e0 c\u00f4ng ngh\u1ec7 t\u1ea1o m\u00e0u vi sinh v\u1eadt th\u1ebf h\u1ec7 m\u1edbi gi\u00fap t\u0103ng tr\u01b0\u1edfng nhanh ch\u00f3ng v\u00e0 gi\u1ea3i th\u00edch khu\u1ea9n l\u1ea1c.<\/li>\n<li><strong>K\u1ebft qu\u1ea3 ch\u00ednh x\u00e1c v\u00e0 nh\u1ea5t qu\u00e1n<\/strong>: C\u00f4ng ngh\u1ec7 nu\u00f4i c\u1ea5y vi sinh v\u1eadt t\u1ef1 ph\u00e1t tri\u1ec3n gi\u00fap vi sinh v\u1eadt v\u1edbi \u0111i\u1ec1u ki\u1ec7n t\u0103ng tr\u01b0\u1edfng nghi\u00eam ng\u1eb7t d\u1ec5 d\u00e0ng ph\u00e1t tri\u1ec3n.<\/li>\n<li><strong>D\u1ec5 d\u00e0ng \u0111\u1ecdc k\u1ebft qu\u1ea3<\/strong>: Sau khi nu\u00f4i c\u1ea5y, k\u1ebft qu\u1ea3 c\u00f3 th\u1ec3 \u0111\u01b0\u1ee3c \u0111\u1ecdc tr\u1ef1c ti\u1ebfp.<\/li>\n<li><strong>V\u1eadn h\u00e0nh d\u1ec5 d\u00e0ng, hi\u1ec7u qu\u1ea3 cao<\/strong>: Ch\u1ec9 v\u1edbi 3 b\u01b0\u1edbc thao t\u00e1c, h\u1ea7u h\u1ebft c\u00e1c th\u1eed nghi\u1ec7m vi sinh v\u1eadt c\u00f3 th\u1ec3 ho\u00e0n th\u00e0nh trong v\u00f2ng 24 gi\u1edd, gi\u00fap r\u00fat ng\u1eafn th\u1eddi gian th\u1eed nghi\u1ec7m v\u00e0 n\u00e2ng cao hi\u1ec7u qu\u1ea3 nu\u00f4i c\u1ea5y.<\/li>\n<li><strong>Gi\u1ea3m chi ph\u00ed l\u01b0u tr\u1eef v\u00e0 x\u1eed l\u00fd<\/strong><\/li>\n<li><strong>Kh\u00f4ng c\u1ea7n chu\u1ea9n b\u1ecb th\u1ea1ch<\/strong><\/li>\n<li><strong>Gi\u1ea3i ph\u00e1p ti\u1ebft ki\u1ec7m chi ph\u00ed thay th\u1ebf cho c\u00e1c ph\u01b0\u01a1ng ph\u00e1p d\u1ef1a tr\u00ean th\u1ea1ch<\/strong><\/li>\n<li><strong>25 \u0111\u0129a m\u1ed7i g\u00f3i<\/strong> (c\u0169ng c\u00f3 s\u1eb5n trong c\u00e1c g\u00f3i 100 v\u00e0 1000 \u0111\u0129a)<\/li>\n<\/ul>\n<p><strong>Th\u00f4ng s\u1ed1 k\u1ef9 thu\u1eadt:<\/strong><\/p>\n<ul>\n<li><strong>Nhi\u1ec7t \u0111\u1ed9 nu\u00f4i c\u1ea5y:<\/strong> 36\u00b11\u00b0C<\/li>\n<li><strong>Th\u1eddi gian nu\u00f4i c\u1ea5y:<\/strong> 24\u00b11 gi\u1edd<\/li>\n<li><strong>Gi\u1ea3i th\u00edch k\u1ebft qu\u1ea3:<\/strong> \u0110\u1ebfm t\u1ea5t c\u1ea3 c\u00e1c khu\u1ea9n l\u1ea1c m\u00e0u <strong>XANH D\u01af\u01a0NG<\/strong> v\u00e0 <strong>\u0110\u1ece<\/strong> b\u1ea5t k\u1ec3 k\u00edch th\u01b0\u1edbc hay c\u01b0\u1eddng \u0111\u1ed9<\/li>\n<li><strong>Ph\u1ea1m vi \u0111\u1ebfm:<\/strong> 30-300 CFU<\/li>\n<li><strong>B\u1ea3o qu\u1ea3n:<\/strong> 18 th\u00e1ng \u1edf 2-8\u00b0C. S\u1eed d\u1ee5ng \u0111\u0129a \u0111\u1ebfm trong v\u00f2ng m\u1ed9t th\u00e1ng sau khi m\u1edf v\u00e0 d\u00e1n k\u00edn t\u00fai nh\u00f4m b\u1eb1ng b\u0103ng keo. Tr\u00e1nh \u00e1nh s\u00e1ng.<\/li>\n<\/ul>\n<p>&nbsp;<\/p>\n","protected":false},"excerpt":{"rendered":"<p>\u0110\u0129a \u0111\u1ebfm t\u1ed5ng vi sinh v\u1eadt hi\u1ebfu kh\u00ed MicroFast Premium l\u00e0 m\u1ed9t th\u1ed1ng m\u00f4i tr\u01b0\u1eddng nu\u00f4i c\u1ea5y s\u1eb5n s\u00e0ng s\u1eed d\u1ee5ng. S\u1ea3n ph\u1ea9m s\u1eed d\u1ee5ng c\u00e1c c\u00f4ng ngh\u1ec7 ti\u00ean ti\u1ebfn nh\u01b0 gel tan trong n\u01b0\u1edbc l\u1ea1nh v\u00e0 c\u00f4ng ngh\u1ec7 t\u1ea1o m\u00e0u vi sinh v\u1eadt th\u1ebf h\u1ec7 m\u1edbi \u0111\u1ec3 \u0111\u1ea1t \u0111\u01b0\u1ee3c s\u1ef1 t\u0103ng tr\u01b0\u1edfng nhanh ch\u00f3ng [&hellip;]<\/p>\n","protected":false},"featured_media":6072,"comment_status":"open","ping_status":"closed","template":"","meta":[],"pwb-brand":[606],"product_cat":[572,473,479,475,570],"product_tag":[781,771,667],"class_list":{"0":"post-6071","1":"product","2":"type-product","3":"status-publish","4":"has-post-thumbnail","6":"pwb-brand-meizheng-bio-tech-vi","7":"product_cat-dia-dem-vi-sinh-vi","8":"product_cat-vi-sinh-vat","9":"product_cat-nam","10":"product_cat-vi-khuan","11":"product_cat-xet-nghiem-vi-sinh-vi","12":"product_tag-aerobic","13":"product_tag-bacteria-fungi","14":"product_tag-count-plate","16":"first","17":"instock","18":"shipping-taxable","19":"purchasable","20":"product-type-simple"},"yoast_head":"<!-- This site is optimized with the Yoast SEO plugin v23.6 - https:\/\/yoast.com\/wordpress\/plugins\/seo\/ -->\n<title>\u0110\u0129a \u0111\u1ebfm t\u1ed5ng vi sinh v\u1eadt hi\u1ebfu kh\u00ed nhanh MicroFast Premium (LR1321) - Biosciences<\/title>\n<meta name=\"robots\" content=\"index, follow, max-snippet:-1, max-image-preview:large, max-video-preview:-1\" \/>\n<link rel=\"canonical\" href=\"https:\/\/biosciences.vn\/index.php\/product\/dia-dem-kiem-tra-nhanh-tong-vi-sinh-vat-hieu-khi-microfast-premium\/\" \/>\n<meta property=\"og:locale\" content=\"en_US\" \/>\n<meta property=\"og:type\" content=\"article\" \/>\n<meta property=\"og:title\" content=\"\u0110\u0129a \u0111\u1ebfm t\u1ed5ng vi sinh v\u1eadt hi\u1ebfu kh\u00ed nhanh MicroFast Premium (LR1321) - Biosciences\" \/>\n<meta property=\"og:description\" content=\"\u0110\u0129a \u0111\u1ebfm t\u1ed5ng vi sinh v\u1eadt hi\u1ebfu kh\u00ed MicroFast Premium l\u00e0 m\u1ed9t th\u1ed1ng m\u00f4i tr\u01b0\u1eddng nu\u00f4i c\u1ea5y s\u1eb5n s\u00e0ng s\u1eed d\u1ee5ng. S\u1ea3n ph\u1ea9m s\u1eed d\u1ee5ng c\u00e1c c\u00f4ng ngh\u1ec7 ti\u00ean ti\u1ebfn nh\u01b0 gel tan trong n\u01b0\u1edbc l\u1ea1nh v\u00e0 c\u00f4ng ngh\u1ec7 t\u1ea1o m\u00e0u vi sinh v\u1eadt th\u1ebf h\u1ec7 m\u1edbi \u0111\u1ec3 \u0111\u1ea1t \u0111\u01b0\u1ee3c s\u1ef1 t\u0103ng tr\u01b0\u1edfng nhanh ch\u00f3ng [&hellip;]\" \/>\n<meta property=\"og:url\" content=\"https:\/\/biosciences.vn\/index.php\/product\/dia-dem-kiem-tra-nhanh-tong-vi-sinh-vat-hieu-khi-microfast-premium\/\" \/>\n<meta property=\"og:site_name\" content=\"Biosciences\" \/>\n<meta property=\"article:modified_time\" content=\"2025-08-28T07:55:09+00:00\" \/>\n<meta property=\"og:image\" content=\"https:\/\/biosciences.vn\/wp-content\/uploads\/2024\/10\/MicroFast-Premium-Rapid-Aerobic-Count-Plate-.webp\" \/>\n\t<meta property=\"og:image:width\" content=\"1046\" \/>\n\t<meta property=\"og:image:height\" content=\"1285\" \/>\n\t<meta property=\"og:image:type\" content=\"image\/webp\" \/>\n<meta name=\"twitter:card\" content=\"summary_large_image\" \/>\n<meta name=\"twitter:label1\" content=\"Est. reading time\" \/>\n\t<meta name=\"twitter:data1\" content=\"2 minutes\" \/>\n<script type=\"application\/ld+json\" class=\"yoast-schema-graph\">{\"@context\":\"https:\/\/schema.org\",\"@graph\":[{\"@type\":\"WebPage\",\"@id\":\"https:\/\/biosciences.vn\/index.php\/product\/dia-dem-kiem-tra-nhanh-tong-vi-sinh-vat-hieu-khi-microfast-premium\/\",\"url\":\"https:\/\/biosciences.vn\/index.php\/product\/dia-dem-kiem-tra-nhanh-tong-vi-sinh-vat-hieu-khi-microfast-premium\/\",\"name\":\"\u0110\u0129a \u0111\u1ebfm t\u1ed5ng vi sinh v\u1eadt hi\u1ebfu kh\u00ed nhanh MicroFast Premium (LR1321) - Biosciences\",\"isPartOf\":{\"@id\":\"https:\/\/biosciences.vn\/#website\"},\"primaryImageOfPage\":{\"@id\":\"https:\/\/biosciences.vn\/index.php\/product\/dia-dem-kiem-tra-nhanh-tong-vi-sinh-vat-hieu-khi-microfast-premium\/#primaryimage\"},\"image\":{\"@id\":\"https:\/\/biosciences.vn\/index.php\/product\/dia-dem-kiem-tra-nhanh-tong-vi-sinh-vat-hieu-khi-microfast-premium\/#primaryimage\"},\"thumbnailUrl\":\"https:\/\/biosciences.vn\/wp-content\/uploads\/2024\/10\/MicroFast-Premium-Rapid-Aerobic-Count-Plate-.webp\",\"datePublished\":\"2024-10-01T04:45:33+00:00\",\"dateModified\":\"2025-08-28T07:55:09+00:00\",\"breadcrumb\":{\"@id\":\"https:\/\/biosciences.vn\/index.php\/product\/dia-dem-kiem-tra-nhanh-tong-vi-sinh-vat-hieu-khi-microfast-premium\/#breadcrumb\"},\"inLanguage\":\"en-US\",\"potentialAction\":[{\"@type\":\"ReadAction\",\"target\":[\"https:\/\/biosciences.vn\/index.php\/product\/dia-dem-kiem-tra-nhanh-tong-vi-sinh-vat-hieu-khi-microfast-premium\/\"]}]},{\"@type\":\"ImageObject\",\"inLanguage\":\"en-US\",\"@id\":\"https:\/\/biosciences.vn\/index.php\/product\/dia-dem-kiem-tra-nhanh-tong-vi-sinh-vat-hieu-khi-microfast-premium\/#primaryimage\",\"url\":\"https:\/\/biosciences.vn\/wp-content\/uploads\/2024\/10\/MicroFast-Premium-Rapid-Aerobic-Count-Plate-.webp\",\"contentUrl\":\"https:\/\/biosciences.vn\/wp-content\/uploads\/2024\/10\/MicroFast-Premium-Rapid-Aerobic-Count-Plate-.webp\",\"width\":1046,\"height\":1285},{\"@type\":\"BreadcrumbList\",\"@id\":\"https:\/\/biosciences.vn\/index.php\/product\/dia-dem-kiem-tra-nhanh-tong-vi-sinh-vat-hieu-khi-microfast-premium\/#breadcrumb\",\"itemListElement\":[{\"@type\":\"ListItem\",\"position\":1,\"name\":\"Trang ch\u1ee7\",\"item\":\"https:\/\/biosciences.vn\/index.php\/en\/home\/\"},{\"@type\":\"ListItem\",\"position\":2,\"name\":\"Shop\",\"item\":\"https:\/\/biosciences.vn\/index.php\/shop\/\"},{\"@type\":\"ListItem\",\"position\":3,\"name\":\"\u0110\u0129a \u0111\u1ebfm t\u1ed5ng vi sinh v\u1eadt hi\u1ebfu kh\u00ed nhanh MicroFast Premium (LR1321)\"}]},{\"@type\":\"WebSite\",\"@id\":\"https:\/\/biosciences.vn\/#website\",\"url\":\"https:\/\/biosciences.vn\/\",\"name\":\"Biosciences\",\"description\":\"\",\"publisher\":{\"@id\":\"https:\/\/biosciences.vn\/#organization\"},\"potentialAction\":[{\"@type\":\"SearchAction\",\"target\":{\"@type\":\"EntryPoint\",\"urlTemplate\":\"https:\/\/biosciences.vn\/?s={search_term_string}\"},\"query-input\":{\"@type\":\"PropertyValueSpecification\",\"valueRequired\":true,\"valueName\":\"search_term_string\"}}],\"inLanguage\":\"en-US\"},{\"@type\":\"Organization\",\"@id\":\"https:\/\/biosciences.vn\/#organization\",\"name\":\"Biosciences\",\"url\":\"https:\/\/biosciences.vn\/\",\"logo\":{\"@type\":\"ImageObject\",\"inLanguage\":\"en-US\",\"@id\":\"https:\/\/biosciences.vn\/#\/schema\/logo\/image\/\",\"url\":\"https:\/\/biosciences.vn\/wp-content\/uploads\/2024\/04\/LOGO-BIOSCIENCES-PNG.png\",\"contentUrl\":\"https:\/\/biosciences.vn\/wp-content\/uploads\/2024\/04\/LOGO-BIOSCIENCES-PNG.png\",\"width\":2536,\"height\":638,\"caption\":\"Biosciences\"},\"image\":{\"@id\":\"https:\/\/biosciences.vn\/#\/schema\/logo\/image\/\"}}]}<\/script>\n<!-- \/ Yoast SEO plugin. -->","yoast_head_json":{"title":"\u0110\u0129a \u0111\u1ebfm t\u1ed5ng vi sinh v\u1eadt hi\u1ebfu kh\u00ed nhanh MicroFast Premium (LR1321) - Biosciences","robots":{"index":"index","follow":"follow","max-snippet":"max-snippet:-1","max-image-preview":"max-image-preview:large","max-video-preview":"max-video-preview:-1"},"canonical":"https:\/\/biosciences.vn\/index.php\/product\/dia-dem-kiem-tra-nhanh-tong-vi-sinh-vat-hieu-khi-microfast-premium\/","og_locale":"en_US","og_type":"article","og_title":"\u0110\u0129a \u0111\u1ebfm t\u1ed5ng vi sinh v\u1eadt hi\u1ebfu kh\u00ed nhanh MicroFast Premium (LR1321) - Biosciences","og_description":"\u0110\u0129a \u0111\u1ebfm t\u1ed5ng vi sinh v\u1eadt hi\u1ebfu kh\u00ed MicroFast Premium l\u00e0 m\u1ed9t th\u1ed1ng m\u00f4i tr\u01b0\u1eddng nu\u00f4i c\u1ea5y s\u1eb5n s\u00e0ng s\u1eed d\u1ee5ng. S\u1ea3n ph\u1ea9m s\u1eed d\u1ee5ng c\u00e1c c\u00f4ng ngh\u1ec7 ti\u00ean ti\u1ebfn nh\u01b0 gel tan trong n\u01b0\u1edbc l\u1ea1nh v\u00e0 c\u00f4ng ngh\u1ec7 t\u1ea1o m\u00e0u vi sinh v\u1eadt th\u1ebf h\u1ec7 m\u1edbi \u0111\u1ec3 \u0111\u1ea1t \u0111\u01b0\u1ee3c s\u1ef1 t\u0103ng tr\u01b0\u1edfng nhanh ch\u00f3ng [&hellip;]","og_url":"https:\/\/biosciences.vn\/index.php\/product\/dia-dem-kiem-tra-nhanh-tong-vi-sinh-vat-hieu-khi-microfast-premium\/","og_site_name":"Biosciences","article_modified_time":"2025-08-28T07:55:09+00:00","og_image":[{"width":1046,"height":1285,"url":"https:\/\/biosciences.vn\/wp-content\/uploads\/2024\/10\/MicroFast-Premium-Rapid-Aerobic-Count-Plate-.webp","type":"image\/webp"}],"twitter_card":"summary_large_image","twitter_misc":{"Est. reading time":"2 minutes"},"schema":{"@context":"https:\/\/schema.org","@graph":[{"@type":"WebPage","@id":"https:\/\/biosciences.vn\/index.php\/product\/dia-dem-kiem-tra-nhanh-tong-vi-sinh-vat-hieu-khi-microfast-premium\/","url":"https:\/\/biosciences.vn\/index.php\/product\/dia-dem-kiem-tra-nhanh-tong-vi-sinh-vat-hieu-khi-microfast-premium\/","name":"\u0110\u0129a \u0111\u1ebfm t\u1ed5ng vi sinh v\u1eadt hi\u1ebfu kh\u00ed nhanh MicroFast Premium (LR1321) - Biosciences","isPartOf":{"@id":"https:\/\/biosciences.vn\/#website"},"primaryImageOfPage":{"@id":"https:\/\/biosciences.vn\/index.php\/product\/dia-dem-kiem-tra-nhanh-tong-vi-sinh-vat-hieu-khi-microfast-premium\/#primaryimage"},"image":{"@id":"https:\/\/biosciences.vn\/index.php\/product\/dia-dem-kiem-tra-nhanh-tong-vi-sinh-vat-hieu-khi-microfast-premium\/#primaryimage"},"thumbnailUrl":"https:\/\/biosciences.vn\/wp-content\/uploads\/2024\/10\/MicroFast-Premium-Rapid-Aerobic-Count-Plate-.webp","datePublished":"2024-10-01T04:45:33+00:00","dateModified":"2025-08-28T07:55:09+00:00","breadcrumb":{"@id":"https:\/\/biosciences.vn\/index.php\/product\/dia-dem-kiem-tra-nhanh-tong-vi-sinh-vat-hieu-khi-microfast-premium\/#breadcrumb"},"inLanguage":"en-US","potentialAction":[{"@type":"ReadAction","target":["https:\/\/biosciences.vn\/index.php\/product\/dia-dem-kiem-tra-nhanh-tong-vi-sinh-vat-hieu-khi-microfast-premium\/"]}]},{"@type":"ImageObject","inLanguage":"en-US","@id":"https:\/\/biosciences.vn\/index.php\/product\/dia-dem-kiem-tra-nhanh-tong-vi-sinh-vat-hieu-khi-microfast-premium\/#primaryimage","url":"https:\/\/biosciences.vn\/wp-content\/uploads\/2024\/10\/MicroFast-Premium-Rapid-Aerobic-Count-Plate-.webp","contentUrl":"https:\/\/biosciences.vn\/wp-content\/uploads\/2024\/10\/MicroFast-Premium-Rapid-Aerobic-Count-Plate-.webp","width":1046,"height":1285},{"@type":"BreadcrumbList","@id":"https:\/\/biosciences.vn\/index.php\/product\/dia-dem-kiem-tra-nhanh-tong-vi-sinh-vat-hieu-khi-microfast-premium\/#breadcrumb","itemListElement":[{"@type":"ListItem","position":1,"name":"Trang ch\u1ee7","item":"https:\/\/biosciences.vn\/index.php\/en\/home\/"},{"@type":"ListItem","position":2,"name":"Shop","item":"https:\/\/biosciences.vn\/index.php\/shop\/"},{"@type":"ListItem","position":3,"name":"\u0110\u0129a \u0111\u1ebfm t\u1ed5ng vi sinh v\u1eadt hi\u1ebfu kh\u00ed nhanh MicroFast Premium (LR1321)"}]},{"@type":"WebSite","@id":"https:\/\/biosciences.vn\/#website","url":"https:\/\/biosciences.vn\/","name":"Biosciences","description":"","publisher":{"@id":"https:\/\/biosciences.vn\/#organization"},"potentialAction":[{"@type":"SearchAction","target":{"@type":"EntryPoint","urlTemplate":"https:\/\/biosciences.vn\/?s={search_term_string}"},"query-input":{"@type":"PropertyValueSpecification","valueRequired":true,"valueName":"search_term_string"}}],"inLanguage":"en-US"},{"@type":"Organization","@id":"https:\/\/biosciences.vn\/#organization","name":"Biosciences","url":"https:\/\/biosciences.vn\/","logo":{"@type":"ImageObject","inLanguage":"en-US","@id":"https:\/\/biosciences.vn\/#\/schema\/logo\/image\/","url":"https:\/\/biosciences.vn\/wp-content\/uploads\/2024\/04\/LOGO-BIOSCIENCES-PNG.png","contentUrl":"https:\/\/biosciences.vn\/wp-content\/uploads\/2024\/04\/LOGO-BIOSCIENCES-PNG.png","width":2536,"height":638,"caption":"Biosciences"},"image":{"@id":"https:\/\/biosciences.vn\/#\/schema\/logo\/image\/"}}]}},"brands":[{"id":606,"name":"Meizheng Bio-Tech","slug":"meizheng-bio-tech-vi"}],"_links":{"self":[{"href":"https:\/\/biosciences.vn\/index.php\/wp-json\/wp\/v2\/product\/6071"}],"collection":[{"href":"https:\/\/biosciences.vn\/index.php\/wp-json\/wp\/v2\/product"}],"about":[{"href":"https:\/\/biosciences.vn\/index.php\/wp-json\/wp\/v2\/types\/product"}],"replies":[{"embeddable":true,"href":"https:\/\/biosciences.vn\/index.php\/wp-json\/wp\/v2\/comments?post=6071"}],"wp:featuredmedia":[{"embeddable":true,"href":"https:\/\/biosciences.vn\/index.php\/wp-json\/wp\/v2\/media\/6072"}],"wp:attachment":[{"href":"https:\/\/biosciences.vn\/index.php\/wp-json\/wp\/v2\/media?parent=6071"}],"wp:term":[{"taxonomy":"pwb-brand","embeddable":true,"href":"https:\/\/biosciences.vn\/index.php\/wp-json\/wp\/v2\/pwb-brand?post=6071"},{"taxonomy":"product_cat","embeddable":true,"href":"https:\/\/biosciences.vn\/index.php\/wp-json\/wp\/v2\/product_cat?post=6071"},{"taxonomy":"product_tag","embeddable":true,"href":"https:\/\/biosciences.vn\/index.php\/wp-json\/wp\/v2\/product_tag?post=6071"}],"curies":[{"name":"wp","href":"https:\/\/api.w.org\/{rel}","templated":true}]}}