{"id":6094,"date":"2024-10-05T11:23:19","date_gmt":"2024-10-05T04:23:19","guid":{"rendered":"https:\/\/biosciences.vn\/?post_type=product&#038;p=6094"},"modified":"2025-08-28T14:55:09","modified_gmt":"2025-08-28T07:55:09","slug":"dia-dem-vi-khuan-tu-cau-vang-microfast-premium","status":"publish","type":"product","link":"https:\/\/biosciences.vn\/index.php\/product\/dia-dem-vi-khuan-tu-cau-vang-microfast-premium\/","title":{"rendered":"\u0110\u0129a \u0111\u1ebfm vi khu\u1ea9n t\u1ee5 c\u1ea7u v\u00e0ng\n  MicroFast Premium (LR1305)"},"content":{"rendered":"<p>\u0110\u0129a \u0111\u1ebfm vi khu\u1ea9n t\u1ee5 c\u1ea7u v\u00e0ng MicroFast Premium l\u00e0 m\u1ed9t m\u00f4i tr\u01b0\u1eddng nu\u00f4i c\u1ea5y s\u1eb5n s\u00e0ng s\u1eed d\u1ee5ng. S\u1ea3n ph\u1ea9m s\u1eed d\u1ee5ng c\u00e1c c\u00f4ng ngh\u1ec7 ti\u00ean ti\u1ebfn nh\u01b0 gel tan trong n\u01b0\u1edbc l\u1ea1nh v\u00e0 c\u00f4ng ngh\u1ec7 t\u1ea1o m\u00e0u vi sinh v\u1eadt th\u1ebf h\u1ec7 m\u1edbi \u0111\u1ec3 \u0111\u1ea1t \u0111\u01b0\u1ee3c s\u1ef1 ph\u00e1t tri\u1ec3n nhanh ch\u00f3ng v\u00e0 gi\u1ea3i th\u00edch khu\u1ea9n l\u1ea1c, c\u1ea3i thi\u1ec7n \u0111\u00e1ng k\u1ec3 hi\u1ec7u qu\u1ea3 ph\u00e1t hi\u1ec7n trong ph\u00f2ng th\u00ed nghi\u1ec7m.<\/p>\n<p><strong>\u0110\u1eb7c \u0111i\u1ec3m:<\/strong><\/p>\n<ul>\n<li><strong>M\u1eabu th\u1eed nghi\u1ec7m<\/strong>: S\u1eefa nguy\u00ean ch\u1ea5t ch\u01b0a ti\u1ec7t tr\u00f9ng (s\u1eefa l\u1ecfng t\u01b0\u01a1i), b\u00e1nh su kem, c\u00e1 \u0111\u00f4ng l\u1ea1nh, th\u1ecbt gi\u0103m b\u00f4ng c\u1eaft l\u00e1t (\u0103n li\u1ec1n), salad m\u00ec \u1ed1ng t\u01b0\u01a1i (v\u1edbi rau) v\u00e0 mi\u1ebfng b\u1ecdt bi\u1ec3n b\u1ec1 m\u1eb7t m\u00f4i tr\u01b0\u1eddng b\u1eb1ng th\u00e9p kh\u00f4ng g\u1ec9<\/li>\n<li><strong>Nhi\u1ec7t \u0111\u1ed9 nu\u00f4i c\u1ea5y<\/strong>: 36\u00b11\u00b0C<\/li>\n<li><strong>Th\u1eddi gian nu\u00f4i c\u1ea5y<\/strong>: 24\u00b12 gi\u1edd; 1,5-4 gi\u1edd (\u0111\u0129a x\u00e1c nh\u1eadn)<\/li>\n<li><strong>\u0110\u1ecdc k\u1ebft qu\u1ea3<\/strong>: Khu\u1ea9n l\u1ea1c m\u00e0u h\u1ed3ng<\/li>\n<li><strong>Ph\u1ea1m vi \u0111\u1ebfm<\/strong>: Th\u1eed nghi\u1ec7m \u0111\u1ecbnh l\u01b0\u1ee3ng: 15-150 CFU<\/li>\n<li><strong>B\u1ea3o qu\u1ea3n<\/strong>: 18 th\u00e1ng \u1edf 2-8\u00b0C. S\u1eed d\u1ee5ng \u0111\u0129a \u0111\u1ebfm trong v\u00f2ng m\u1ed9t th\u00e1ng sau khi m\u1edf v\u00e0 d\u00e1n k\u00edn t\u00fai nh\u00f4m b\u1eb1ng b\u0103ng keo. Tr\u00e1nh \u00e1nh s\u00e1ng.<\/li>\n<li><strong>25 \u0111\u0129a m\u1ed7i g\u00f3i<\/strong> (c\u0169ng c\u00f3 s\u1eb5n trong g\u00f3i 100 v\u00e0 1000 \u0111\u0129a)<\/li>\n<\/ul>\n<p><strong>Th\u00f4ng s\u1ed1 k\u1ef9 thu\u1eadt:<\/strong><\/p>\n<ul>\n<li><strong>Nhi\u1ec7t \u0111\u1ed9 nu\u00f4i c\u1ea5y:<\/strong> 36\u00b11\u00b0C<\/li>\n<li><strong>Th\u1eddi gian nu\u00f4i c\u1ea5y:<\/strong> 48\u00b11 gi\u1edd<\/li>\n<li><strong>\u0110\u1ecdc k\u1ebft qu\u1ea3:<\/strong> \u0110\u1ebfm t\u1ea5t c\u1ea3 c\u00e1c khu\u1ea9n l\u1ea1c m\u00e0u \u0111\u1ecf b\u1ea5t k\u1ec3 k\u00edch th\u01b0\u1edbc hay c\u01b0\u1eddng \u0111\u1ed9<\/li>\n<li><strong>Ph\u1ea1m vi \u0111\u1ebfm:<\/strong> 30-300 CFU<\/li>\n<li><strong>B\u1ea3o qu\u1ea3n:<\/strong> 18 th\u00e1ng \u1edf 2-8\u00b0C. S\u1eed d\u1ee5ng \u0111\u0129a \u0111\u1ebfm trong v\u00f2ng m\u1ed9t th\u00e1ng sau khi m\u1edf v\u00e0 d\u00e1n k\u00edn t\u00fai nh\u00f4m b\u1eb1ng b\u0103ng keo. Tr\u00e1nh \u00e1nh s\u00e1ng.<\/li>\n<\/ul>\n","protected":false},"excerpt":{"rendered":"<p>\u0110\u0129a \u0111\u1ebfm vi khu\u1ea9n t\u1ee5 c\u1ea7u v\u00e0ng MicroFast Premium l\u00e0 m\u1ed9t m\u00f4i tr\u01b0\u1eddng nu\u00f4i c\u1ea5y s\u1eb5n s\u00e0ng s\u1eed d\u1ee5ng. S\u1ea3n ph\u1ea9m s\u1eed d\u1ee5ng c\u00e1c c\u00f4ng ngh\u1ec7 ti\u00ean ti\u1ebfn nh\u01b0 gel tan trong n\u01b0\u1edbc l\u1ea1nh v\u00e0 c\u00f4ng ngh\u1ec7 t\u1ea1o m\u00e0u vi sinh v\u1eadt th\u1ebf h\u1ec7 m\u1edbi \u0111\u1ec3 \u0111\u1ea1t \u0111\u01b0\u1ee3c s\u1ef1 ph\u00e1t tri\u1ec3n nhanh ch\u00f3ng v\u00e0 gi\u1ea3i [&hellip;]<\/p>\n","protected":false},"featured_media":6095,"comment_status":"open","ping_status":"closed","template":"","meta":[],"pwb-brand":[606],"product_cat":[572,473,479,475,570],"product_tag":[771,667,785,779],"class_list":{"0":"post-6094","1":"product","2":"type-product","3":"status-publish","4":"has-post-thumbnail","6":"pwb-brand-meizheng-bio-tech-vi","7":"product_cat-dia-dem-vi-sinh-vi","8":"product_cat-vi-sinh-vat","9":"product_cat-nam","10":"product_cat-vi-khuan","11":"product_cat-xet-nghiem-vi-sinh-vi","12":"product_tag-bacteria-fungi","13":"product_tag-count-plate","14":"product_tag-microfast-premium","15":"product_tag-staphylococcus-aureus","17":"first","18":"instock","19":"shipping-taxable","20":"purchasable","21":"product-type-simple"},"yoast_head":"<!-- This site is optimized with the Yoast SEO plugin v23.6 - https:\/\/yoast.com\/wordpress\/plugins\/seo\/ -->\n<title>\u0110\u0129a \u0111\u1ebfm vi khu\u1ea9n t\u1ee5 c\u1ea7u v\u00e0ng  MicroFast Premium (LR1305) - Biosciences<\/title>\n<meta name=\"robots\" content=\"index, follow, max-snippet:-1, max-image-preview:large, max-video-preview:-1\" \/>\n<link rel=\"canonical\" href=\"https:\/\/biosciences.vn\/index.php\/product\/dia-dem-vi-khuan-tu-cau-vang-microfast-premium\/\" \/>\n<meta property=\"og:locale\" content=\"en_US\" \/>\n<meta property=\"og:type\" content=\"article\" \/>\n<meta property=\"og:title\" content=\"\u0110\u0129a \u0111\u1ebfm vi khu\u1ea9n t\u1ee5 c\u1ea7u v\u00e0ng  MicroFast Premium (LR1305) - Biosciences\" \/>\n<meta property=\"og:description\" content=\"\u0110\u0129a \u0111\u1ebfm vi khu\u1ea9n t\u1ee5 c\u1ea7u v\u00e0ng MicroFast Premium l\u00e0 m\u1ed9t m\u00f4i tr\u01b0\u1eddng nu\u00f4i c\u1ea5y s\u1eb5n s\u00e0ng s\u1eed d\u1ee5ng. S\u1ea3n ph\u1ea9m s\u1eed d\u1ee5ng c\u00e1c c\u00f4ng ngh\u1ec7 ti\u00ean ti\u1ebfn nh\u01b0 gel tan trong n\u01b0\u1edbc l\u1ea1nh v\u00e0 c\u00f4ng ngh\u1ec7 t\u1ea1o m\u00e0u vi sinh v\u1eadt th\u1ebf h\u1ec7 m\u1edbi \u0111\u1ec3 \u0111\u1ea1t \u0111\u01b0\u1ee3c s\u1ef1 ph\u00e1t tri\u1ec3n nhanh ch\u00f3ng v\u00e0 gi\u1ea3i [&hellip;]\" \/>\n<meta property=\"og:url\" content=\"https:\/\/biosciences.vn\/index.php\/product\/dia-dem-vi-khuan-tu-cau-vang-microfast-premium\/\" \/>\n<meta property=\"og:site_name\" content=\"Biosciences\" \/>\n<meta property=\"article:modified_time\" content=\"2025-08-28T07:55:09+00:00\" \/>\n<meta property=\"og:image\" content=\"https:\/\/biosciences.vn\/wp-content\/uploads\/2024\/10\/MicroFast-Premium-Staphylococcus-aureus-Count-Plate.webp\" \/>\n\t<meta property=\"og:image:width\" content=\"403\" \/>\n\t<meta property=\"og:image:height\" content=\"493\" \/>\n\t<meta property=\"og:image:type\" content=\"image\/webp\" \/>\n<meta name=\"twitter:card\" content=\"summary_large_image\" \/>\n<meta name=\"twitter:label1\" content=\"Est. reading time\" \/>\n\t<meta name=\"twitter:data1\" content=\"2 minutes\" \/>\n<script type=\"application\/ld+json\" class=\"yoast-schema-graph\">{\"@context\":\"https:\/\/schema.org\",\"@graph\":[{\"@type\":\"WebPage\",\"@id\":\"https:\/\/biosciences.vn\/index.php\/product\/dia-dem-vi-khuan-tu-cau-vang-microfast-premium\/\",\"url\":\"https:\/\/biosciences.vn\/index.php\/product\/dia-dem-vi-khuan-tu-cau-vang-microfast-premium\/\",\"name\":\"\u0110\u0129a \u0111\u1ebfm vi khu\u1ea9n t\u1ee5 c\u1ea7u v\u00e0ng MicroFast Premium (LR1305) - Biosciences\",\"isPartOf\":{\"@id\":\"https:\/\/biosciences.vn\/#website\"},\"primaryImageOfPage\":{\"@id\":\"https:\/\/biosciences.vn\/index.php\/product\/dia-dem-vi-khuan-tu-cau-vang-microfast-premium\/#primaryimage\"},\"image\":{\"@id\":\"https:\/\/biosciences.vn\/index.php\/product\/dia-dem-vi-khuan-tu-cau-vang-microfast-premium\/#primaryimage\"},\"thumbnailUrl\":\"https:\/\/biosciences.vn\/wp-content\/uploads\/2024\/10\/MicroFast-Premium-Staphylococcus-aureus-Count-Plate.webp\",\"datePublished\":\"2024-10-05T04:23:19+00:00\",\"dateModified\":\"2025-08-28T07:55:09+00:00\",\"breadcrumb\":{\"@id\":\"https:\/\/biosciences.vn\/index.php\/product\/dia-dem-vi-khuan-tu-cau-vang-microfast-premium\/#breadcrumb\"},\"inLanguage\":\"en-US\",\"potentialAction\":[{\"@type\":\"ReadAction\",\"target\":[\"https:\/\/biosciences.vn\/index.php\/product\/dia-dem-vi-khuan-tu-cau-vang-microfast-premium\/\"]}]},{\"@type\":\"ImageObject\",\"inLanguage\":\"en-US\",\"@id\":\"https:\/\/biosciences.vn\/index.php\/product\/dia-dem-vi-khuan-tu-cau-vang-microfast-premium\/#primaryimage\",\"url\":\"https:\/\/biosciences.vn\/wp-content\/uploads\/2024\/10\/MicroFast-Premium-Staphylococcus-aureus-Count-Plate.webp\",\"contentUrl\":\"https:\/\/biosciences.vn\/wp-content\/uploads\/2024\/10\/MicroFast-Premium-Staphylococcus-aureus-Count-Plate.webp\",\"width\":403,\"height\":493},{\"@type\":\"BreadcrumbList\",\"@id\":\"https:\/\/biosciences.vn\/index.php\/product\/dia-dem-vi-khuan-tu-cau-vang-microfast-premium\/#breadcrumb\",\"itemListElement\":[{\"@type\":\"ListItem\",\"position\":1,\"name\":\"Trang ch\u1ee7\",\"item\":\"https:\/\/biosciences.vn\/index.php\/en\/home\/\"},{\"@type\":\"ListItem\",\"position\":2,\"name\":\"Shop\",\"item\":\"https:\/\/biosciences.vn\/index.php\/shop\/\"},{\"@type\":\"ListItem\",\"position\":3,\"name\":\"\u0110\u0129a \u0111\u1ebfm vi khu\u1ea9n t\u1ee5 c\u1ea7u v\u00e0ng MicroFast Premium (LR1305)\"}]},{\"@type\":\"WebSite\",\"@id\":\"https:\/\/biosciences.vn\/#website\",\"url\":\"https:\/\/biosciences.vn\/\",\"name\":\"Biosciences\",\"description\":\"\",\"publisher\":{\"@id\":\"https:\/\/biosciences.vn\/#organization\"},\"potentialAction\":[{\"@type\":\"SearchAction\",\"target\":{\"@type\":\"EntryPoint\",\"urlTemplate\":\"https:\/\/biosciences.vn\/?s={search_term_string}\"},\"query-input\":{\"@type\":\"PropertyValueSpecification\",\"valueRequired\":true,\"valueName\":\"search_term_string\"}}],\"inLanguage\":\"en-US\"},{\"@type\":\"Organization\",\"@id\":\"https:\/\/biosciences.vn\/#organization\",\"name\":\"Biosciences\",\"url\":\"https:\/\/biosciences.vn\/\",\"logo\":{\"@type\":\"ImageObject\",\"inLanguage\":\"en-US\",\"@id\":\"https:\/\/biosciences.vn\/#\/schema\/logo\/image\/\",\"url\":\"https:\/\/biosciences.vn\/wp-content\/uploads\/2024\/04\/LOGO-BIOSCIENCES-PNG.png\",\"contentUrl\":\"https:\/\/biosciences.vn\/wp-content\/uploads\/2024\/04\/LOGO-BIOSCIENCES-PNG.png\",\"width\":2536,\"height\":638,\"caption\":\"Biosciences\"},\"image\":{\"@id\":\"https:\/\/biosciences.vn\/#\/schema\/logo\/image\/\"}}]}<\/script>\n<!-- \/ Yoast SEO plugin. -->","yoast_head_json":{"title":"\u0110\u0129a \u0111\u1ebfm vi khu\u1ea9n t\u1ee5 c\u1ea7u v\u00e0ng  MicroFast Premium (LR1305) - Biosciences","robots":{"index":"index","follow":"follow","max-snippet":"max-snippet:-1","max-image-preview":"max-image-preview:large","max-video-preview":"max-video-preview:-1"},"canonical":"https:\/\/biosciences.vn\/index.php\/product\/dia-dem-vi-khuan-tu-cau-vang-microfast-premium\/","og_locale":"en_US","og_type":"article","og_title":"\u0110\u0129a \u0111\u1ebfm vi khu\u1ea9n t\u1ee5 c\u1ea7u v\u00e0ng  MicroFast Premium (LR1305) - Biosciences","og_description":"\u0110\u0129a \u0111\u1ebfm vi khu\u1ea9n t\u1ee5 c\u1ea7u v\u00e0ng MicroFast Premium l\u00e0 m\u1ed9t m\u00f4i tr\u01b0\u1eddng nu\u00f4i c\u1ea5y s\u1eb5n s\u00e0ng s\u1eed d\u1ee5ng. S\u1ea3n ph\u1ea9m s\u1eed d\u1ee5ng c\u00e1c c\u00f4ng ngh\u1ec7 ti\u00ean ti\u1ebfn nh\u01b0 gel tan trong n\u01b0\u1edbc l\u1ea1nh v\u00e0 c\u00f4ng ngh\u1ec7 t\u1ea1o m\u00e0u vi sinh v\u1eadt th\u1ebf h\u1ec7 m\u1edbi \u0111\u1ec3 \u0111\u1ea1t \u0111\u01b0\u1ee3c s\u1ef1 ph\u00e1t tri\u1ec3n nhanh ch\u00f3ng v\u00e0 gi\u1ea3i [&hellip;]","og_url":"https:\/\/biosciences.vn\/index.php\/product\/dia-dem-vi-khuan-tu-cau-vang-microfast-premium\/","og_site_name":"Biosciences","article_modified_time":"2025-08-28T07:55:09+00:00","og_image":[{"width":403,"height":493,"url":"https:\/\/biosciences.vn\/wp-content\/uploads\/2024\/10\/MicroFast-Premium-Staphylococcus-aureus-Count-Plate.webp","type":"image\/webp"}],"twitter_card":"summary_large_image","twitter_misc":{"Est. reading time":"2 minutes"},"schema":{"@context":"https:\/\/schema.org","@graph":[{"@type":"WebPage","@id":"https:\/\/biosciences.vn\/index.php\/product\/dia-dem-vi-khuan-tu-cau-vang-microfast-premium\/","url":"https:\/\/biosciences.vn\/index.php\/product\/dia-dem-vi-khuan-tu-cau-vang-microfast-premium\/","name":"\u0110\u0129a \u0111\u1ebfm vi khu\u1ea9n t\u1ee5 c\u1ea7u v\u00e0ng MicroFast Premium (LR1305) - Biosciences","isPartOf":{"@id":"https:\/\/biosciences.vn\/#website"},"primaryImageOfPage":{"@id":"https:\/\/biosciences.vn\/index.php\/product\/dia-dem-vi-khuan-tu-cau-vang-microfast-premium\/#primaryimage"},"image":{"@id":"https:\/\/biosciences.vn\/index.php\/product\/dia-dem-vi-khuan-tu-cau-vang-microfast-premium\/#primaryimage"},"thumbnailUrl":"https:\/\/biosciences.vn\/wp-content\/uploads\/2024\/10\/MicroFast-Premium-Staphylococcus-aureus-Count-Plate.webp","datePublished":"2024-10-05T04:23:19+00:00","dateModified":"2025-08-28T07:55:09+00:00","breadcrumb":{"@id":"https:\/\/biosciences.vn\/index.php\/product\/dia-dem-vi-khuan-tu-cau-vang-microfast-premium\/#breadcrumb"},"inLanguage":"en-US","potentialAction":[{"@type":"ReadAction","target":["https:\/\/biosciences.vn\/index.php\/product\/dia-dem-vi-khuan-tu-cau-vang-microfast-premium\/"]}]},{"@type":"ImageObject","inLanguage":"en-US","@id":"https:\/\/biosciences.vn\/index.php\/product\/dia-dem-vi-khuan-tu-cau-vang-microfast-premium\/#primaryimage","url":"https:\/\/biosciences.vn\/wp-content\/uploads\/2024\/10\/MicroFast-Premium-Staphylococcus-aureus-Count-Plate.webp","contentUrl":"https:\/\/biosciences.vn\/wp-content\/uploads\/2024\/10\/MicroFast-Premium-Staphylococcus-aureus-Count-Plate.webp","width":403,"height":493},{"@type":"BreadcrumbList","@id":"https:\/\/biosciences.vn\/index.php\/product\/dia-dem-vi-khuan-tu-cau-vang-microfast-premium\/#breadcrumb","itemListElement":[{"@type":"ListItem","position":1,"name":"Trang ch\u1ee7","item":"https:\/\/biosciences.vn\/index.php\/en\/home\/"},{"@type":"ListItem","position":2,"name":"Shop","item":"https:\/\/biosciences.vn\/index.php\/shop\/"},{"@type":"ListItem","position":3,"name":"\u0110\u0129a \u0111\u1ebfm vi khu\u1ea9n t\u1ee5 c\u1ea7u v\u00e0ng MicroFast Premium (LR1305)"}]},{"@type":"WebSite","@id":"https:\/\/biosciences.vn\/#website","url":"https:\/\/biosciences.vn\/","name":"Biosciences","description":"","publisher":{"@id":"https:\/\/biosciences.vn\/#organization"},"potentialAction":[{"@type":"SearchAction","target":{"@type":"EntryPoint","urlTemplate":"https:\/\/biosciences.vn\/?s={search_term_string}"},"query-input":{"@type":"PropertyValueSpecification","valueRequired":true,"valueName":"search_term_string"}}],"inLanguage":"en-US"},{"@type":"Organization","@id":"https:\/\/biosciences.vn\/#organization","name":"Biosciences","url":"https:\/\/biosciences.vn\/","logo":{"@type":"ImageObject","inLanguage":"en-US","@id":"https:\/\/biosciences.vn\/#\/schema\/logo\/image\/","url":"https:\/\/biosciences.vn\/wp-content\/uploads\/2024\/04\/LOGO-BIOSCIENCES-PNG.png","contentUrl":"https:\/\/biosciences.vn\/wp-content\/uploads\/2024\/04\/LOGO-BIOSCIENCES-PNG.png","width":2536,"height":638,"caption":"Biosciences"},"image":{"@id":"https:\/\/biosciences.vn\/#\/schema\/logo\/image\/"}}]}},"brands":[{"id":606,"name":"Meizheng Bio-Tech","slug":"meizheng-bio-tech-vi"}],"_links":{"self":[{"href":"https:\/\/biosciences.vn\/index.php\/wp-json\/wp\/v2\/product\/6094"}],"collection":[{"href":"https:\/\/biosciences.vn\/index.php\/wp-json\/wp\/v2\/product"}],"about":[{"href":"https:\/\/biosciences.vn\/index.php\/wp-json\/wp\/v2\/types\/product"}],"replies":[{"embeddable":true,"href":"https:\/\/biosciences.vn\/index.php\/wp-json\/wp\/v2\/comments?post=6094"}],"wp:featuredmedia":[{"embeddable":true,"href":"https:\/\/biosciences.vn\/index.php\/wp-json\/wp\/v2\/media\/6095"}],"wp:attachment":[{"href":"https:\/\/biosciences.vn\/index.php\/wp-json\/wp\/v2\/media?parent=6094"}],"wp:term":[{"taxonomy":"pwb-brand","embeddable":true,"href":"https:\/\/biosciences.vn\/index.php\/wp-json\/wp\/v2\/pwb-brand?post=6094"},{"taxonomy":"product_cat","embeddable":true,"href":"https:\/\/biosciences.vn\/index.php\/wp-json\/wp\/v2\/product_cat?post=6094"},{"taxonomy":"product_tag","embeddable":true,"href":"https:\/\/biosciences.vn\/index.php\/wp-json\/wp\/v2\/product_tag?post=6094"}],"curies":[{"name":"wp","href":"https:\/\/api.w.org\/{rel}","templated":true}]}}