{"id":6120,"date":"2024-10-08T20:32:05","date_gmt":"2024-10-08T13:32:05","guid":{"rendered":"https:\/\/biosciences.vn\/?post_type=product&#038;p=6120"},"modified":"2025-08-28T14:55:09","modified_gmt":"2025-08-28T07:55:09","slug":"dia-dem-enterobacteriaceae-microfast-eb-duoc-chung-nhan-aoac","status":"publish","type":"product","link":"https:\/\/biosciences.vn\/index.php\/product\/dia-dem-enterobacteriaceae-microfast-eb-duoc-chung-nhan-aoac\/","title":{"rendered":"\u0110\u0129a \u0111\u1ebfm khu\u1ea9n\n  Enterobacteriaceae MicroFast\u00ae (EB) \u0111\u01b0\u1ee3c ch\u1ee9ng nh\u1eadn AOAC (LR1011)"},"content":{"rendered":"<p><strong>\u0110\u0129a \u0111\u1ebfm Enterobacteriaceae MicroFast\u00ae (EB)<\/strong> l\u00e0 m\u1ed9t m\u00f4i tr\u01b0\u1eddng nu\u00f4i c\u1ea5y s\u1eb5n s\u00e0ng s\u1eed d\u1ee5ng. S\u1ea3n ph\u1ea9m s\u1eed d\u1ee5ng c\u00e1c c\u00f4ng ngh\u1ec7 ti\u00ean ti\u1ebfn nh\u01b0 h\u1ec7 th\u1ed1ng khu\u1ebfch t\u00e1n nhanh v\u00e0 c\u00f4ng ngh\u1ec7 t\u1ea1o m\u00e0u vi sinh v\u1eadt th\u1ebf h\u1ec7 m\u1edbi \u0111\u1ec3 \u0111\u1ea1t \u0111\u01b0\u1ee3c s\u1ef1 ph\u00e1t tri\u1ec3n nhanh ch\u00f3ng v\u00e0 gi\u1ea3i th\u00edch khu\u1ea9n l\u1ea1c, c\u1ea3i thi\u1ec7n \u0111\u00e1ng k\u1ec3 hi\u1ec7u qu\u1ea3 ph\u00e1t hi\u1ec7n trong ph\u00f2ng th\u00ed nghi\u1ec7m.<\/p>\n<p>Microfast\u00ae Enterobacteriaceae Count Plate (EB) AOAC Validated \u0111\u01b0\u1ee3c s\u1eed d\u1ee5ng b\u1edfi c\u00e1c nh\u00e0 ph\u00e2n t\u00edch c\u00f3 kinh nghi\u1ec7m trong ph\u00f2ng th\u00ed nghi\u1ec7m \u0111\u1ec3 x\u00e1c \u0111\u1ecbnh <strong>Enterobacteriaceae<\/strong> trong th\u1ef1c ph\u1ea9m, n\u01b0\u1edbc u\u1ed1ng, nguy\u00ean li\u1ec7u th\u00f4 v\u00e0 trong m\u00f4i tr\u01b0\u1eddng ch\u1ebf bi\u1ebfn th\u1ef1c ph\u1ea9m. \u0110\u0129a \u0111\u1ebfm MicroFast \u0111\u01a1n gi\u1ea3n v\u00e0 hi\u1ec7u qu\u1ea3 khi s\u1eed d\u1ee5ng, y\u00eau c\u1ea7u \u00edt v\u1eadt t\u01b0 ti\u00eau hao v\u00e0 \u0111\u00e0o t\u1ea1o t\u1ed1i thi\u1ec3u. V\u1edbi th\u1eddi h\u1ea1n s\u1eed d\u1ee5ng 18 th\u00e1ng, s\u1ea3n ph\u1ea9m n\u00e0y c\u00f3 kh\u1ea3 n\u0103ng \u0111\u00e1p \u1ee9ng nhu c\u1ea7u bi\u1ebfn \u0111\u1ed9ng v\u01b0\u1ee3t tr\u1ed9i so v\u1edbi c\u00e1c ph\u01b0\u01a1ng ph\u00e1p d\u1ef1a tr\u00ean th\u1ea1ch truy\u1ec1n th\u1ed1ng.<\/p>\n<p><strong>Th\u00f4ng s\u1ed1 k\u1ef9 thu\u1eadt:<\/strong><\/p>\n<ul>\n<li><strong>Ch\u1ee9ng nh\u1eadn AOAC PTM s\u1ed1 112101<\/strong><\/li>\n<li><strong>M\u1eabu th\u1eed nghi\u1ec7m<\/strong>: S\u1eefa nguy\u00ean ch\u1ea5t ch\u01b0a ti\u1ec7t tr\u00f9ng, s\u1eefa l\u1ecfng ti\u1ec7t tr\u00f9ng (2% ch\u1ea5t b\u00e9o), b\u01a1, ph\u00f4 mai kem, s\u1eefa s\u00f4 c\u00f4 la, b\u1ec1 m\u1eb7t th\u00e9p kh\u00f4ng g\u1ec9 v\u00e0 mi\u1ebfng b\u1ecdt bi\u1ec3n b\u1ec1 m\u1eb7t m\u00f4i tr\u01b0\u1eddng<\/li>\n<li><strong>Nhi\u1ec7t \u0111\u1ed9 nu\u00f4i c\u1ea5y<\/strong>: 35\u2103\u00b10.5\u2103<\/li>\n<li><strong>Th\u1eddi gian nu\u00f4i c\u1ea5y<\/strong>: 18-24 gi\u1edd<\/li>\n<li><strong>Gi\u1ea3i th\u00edch k\u1ebft qu\u1ea3<\/strong>: Khu\u1ea9n l\u1ea1c \u0111\u1ecf k\u00e8m qu\u1ea7ng v\u00e0ng, c\u00f3 ho\u1eb7c kh\u00f4ng c\u00f3 b\u1ecdt kh\u00ed<\/li>\n<li><strong>Ph\u1ea1m vi \u0111\u1ebfm<\/strong>: 15-150 CFU<\/li>\n<li><strong>B\u1ea3o qu\u1ea3n<\/strong>: 18 th\u00e1ng \u1edf 2-8\u00b0C. S\u1eed d\u1ee5ng \u0111\u0129a \u0111\u1ebfm trong v\u00f2ng m\u1ed9t th\u00e1ng sau khi m\u1edf v\u00e0 d\u00e1n k\u00edn t\u00fai nh\u00f4m b\u1eb1ng b\u0103ng keo. Tr\u00e1nh \u00e1nh s\u00e1ng.<\/li>\n<li><strong>Quy c\u00e1ch \u0111\u00f3ng g\u00f3i<\/strong>: 25 \u0111\u0129a m\u1ed7i g\u00f3i (c\u0169ng c\u00f3 s\u1eb5n trong g\u00f3i 100 v\u00e0 1000 \u0111\u0129a)<\/li>\n<\/ul>\n<p><strong>\u0110\u1eb7c \u0111i\u1ec3m s\u1ea3n ph\u1ea9m:<\/strong><\/p>\n<ul>\n<li><strong>C\u00f4ng ngh\u1ec7 khu\u1ebfch t\u00e1n nhanh<\/strong>: Dung d\u1ecbch m\u1eabu c\u00f3 th\u1ec3 nhanh ch\u00f3ng lan t\u1ecfa tr\u00ean \u0111\u0129a \u0111\u1ebfm m\u00e0 kh\u00f4ng c\u1ea7n nh\u1ea5n \u0111\u0129a.<\/li>\n<li><strong>K\u1ebft qu\u1ea3 ch\u00ednh x\u00e1c v\u00e0 nh\u1ea5t qu\u00e1n<\/strong>: C\u00f4ng ngh\u1ec7 nu\u00f4i c\u1ea5y vi sinh v\u1eadt t\u1ef1 ph\u00e1t tri\u1ec3n gi\u00fap vi sinh v\u1eadt v\u1edbi \u0111i\u1ec1u ki\u1ec7n t\u0103ng tr\u01b0\u1edfng nghi\u00eam ng\u1eb7t d\u1ec5 d\u00e0ng ph\u00e1t tri\u1ec3n.<\/li>\n<li><strong>D\u1ec5 d\u00e0ng \u0111\u1ecdc k\u1ebft qu\u1ea3<\/strong>: Sau khi nu\u00f4i c\u1ea5y, k\u1ebft qu\u1ea3 c\u00f3 th\u1ec3 \u0111\u01b0\u1ee3c \u0111\u1ecdc tr\u1ef1c ti\u1ebfp.<\/li>\n<li><strong>V\u1eadn h\u00e0nh d\u1ec5 d\u00e0ng, hi\u1ec7u qu\u1ea3 cao<\/strong>: Ch\u1ec9 v\u1edbi 3 b\u01b0\u1edbc thao t\u00e1c, h\u1ea7u h\u1ebft c\u00e1c th\u1eed nghi\u1ec7m vi sinh v\u1eadt c\u00f3 th\u1ec3 ho\u00e0n th\u00e0nh trong v\u00f2ng 24 gi\u1edd, gi\u00fap r\u00fat ng\u1eafn th\u1eddi gian th\u1eed nghi\u1ec7m v\u00e0 n\u00e2ng cao hi\u1ec7u qu\u1ea3 nu\u00f4i c\u1ea5y.<\/li>\n<li><strong>Gi\u1ea3m chi ph\u00ed l\u01b0u tr\u1eef v\u00e0 x\u1eed l\u00fd<\/strong><\/li>\n<li><strong>Kh\u00f4ng c\u1ea7n chu\u1ea9n b\u1ecb th\u1ea1ch<\/strong><\/li>\n<li><strong>Gi\u1ea3i ph\u00e1p ti\u1ebft ki\u1ec7m chi ph\u00ed thay th\u1ebf cho c\u00e1c ph\u01b0\u01a1ng ph\u00e1p d\u1ef1a tr\u00ean th\u1ea1ch<\/strong><\/li>\n<\/ul>\n","protected":false},"excerpt":{"rendered":"<p>\u0110\u0129a \u0111\u1ebfm Enterobacteriaceae MicroFast\u00ae (EB) l\u00e0 m\u1ed9t m\u00f4i tr\u01b0\u1eddng nu\u00f4i c\u1ea5y s\u1eb5n s\u00e0ng s\u1eed d\u1ee5ng. S\u1ea3n ph\u1ea9m s\u1eed d\u1ee5ng c\u00e1c c\u00f4ng ngh\u1ec7 ti\u00ean ti\u1ebfn nh\u01b0 h\u1ec7 th\u1ed1ng khu\u1ebfch t\u00e1n nhanh v\u00e0 c\u00f4ng ngh\u1ec7 t\u1ea1o m\u00e0u vi sinh v\u1eadt th\u1ebf h\u1ec7 m\u1edbi \u0111\u1ec3 \u0111\u1ea1t \u0111\u01b0\u1ee3c s\u1ef1 ph\u00e1t tri\u1ec3n nhanh ch\u00f3ng v\u00e0 gi\u1ea3i th\u00edch khu\u1ea9n l\u1ea1c, c\u1ea3i [&hellip;]<\/p>\n","protected":false},"featured_media":6123,"comment_status":"open","ping_status":"closed","template":"","meta":[],"pwb-brand":[606],"product_cat":[572,473,475,570],"product_tag":[769,667,775,785],"class_list":{"0":"post-6120","1":"product","2":"type-product","3":"status-publish","4":"has-post-thumbnail","6":"pwb-brand-meizheng-bio-tech-vi","7":"product_cat-dia-dem-vi-sinh-vi","8":"product_cat-vi-sinh-vat","9":"product_cat-vi-khuan","10":"product_cat-xet-nghiem-vi-sinh-vi","11":"product_tag-aoac","12":"product_tag-count-plate","13":"product_tag-enterobacteriaceae","14":"product_tag-microfast-premium","16":"first","17":"onbackorder","18":"shipping-taxable","19":"purchasable","20":"product-type-simple"},"yoast_head":"<!-- This site is optimized with the Yoast SEO plugin v23.6 - https:\/\/yoast.com\/wordpress\/plugins\/seo\/ -->\n<title>\u0110\u0129a \u0111\u1ebfm khu\u1ea9n  Enterobacteriaceae MicroFast\u00ae (EB) \u0111\u01b0\u1ee3c ch\u1ee9ng nh\u1eadn AOAC (LR1011) - Biosciences<\/title>\n<meta name=\"robots\" content=\"index, follow, max-snippet:-1, max-image-preview:large, max-video-preview:-1\" \/>\n<link rel=\"canonical\" href=\"https:\/\/biosciences.vn\/index.php\/product\/dia-dem-enterobacteriaceae-microfast-eb-duoc-chung-nhan-aoac\/\" \/>\n<meta property=\"og:locale\" content=\"en_US\" \/>\n<meta property=\"og:type\" content=\"article\" \/>\n<meta property=\"og:title\" content=\"\u0110\u0129a \u0111\u1ebfm khu\u1ea9n  Enterobacteriaceae MicroFast\u00ae (EB) \u0111\u01b0\u1ee3c ch\u1ee9ng nh\u1eadn AOAC (LR1011) - Biosciences\" \/>\n<meta property=\"og:description\" content=\"\u0110\u0129a \u0111\u1ebfm Enterobacteriaceae MicroFast\u00ae (EB) l\u00e0 m\u1ed9t m\u00f4i tr\u01b0\u1eddng nu\u00f4i c\u1ea5y s\u1eb5n s\u00e0ng s\u1eed d\u1ee5ng. S\u1ea3n ph\u1ea9m s\u1eed d\u1ee5ng c\u00e1c c\u00f4ng ngh\u1ec7 ti\u00ean ti\u1ebfn nh\u01b0 h\u1ec7 th\u1ed1ng khu\u1ebfch t\u00e1n nhanh v\u00e0 c\u00f4ng ngh\u1ec7 t\u1ea1o m\u00e0u vi sinh v\u1eadt th\u1ebf h\u1ec7 m\u1edbi \u0111\u1ec3 \u0111\u1ea1t \u0111\u01b0\u1ee3c s\u1ef1 ph\u00e1t tri\u1ec3n nhanh ch\u00f3ng v\u00e0 gi\u1ea3i th\u00edch khu\u1ea9n l\u1ea1c, c\u1ea3i [&hellip;]\" \/>\n<meta property=\"og:url\" content=\"https:\/\/biosciences.vn\/index.php\/product\/dia-dem-enterobacteriaceae-microfast-eb-duoc-chung-nhan-aoac\/\" \/>\n<meta property=\"og:site_name\" content=\"Biosciences\" \/>\n<meta property=\"article:modified_time\" content=\"2025-08-28T07:55:09+00:00\" \/>\n<meta property=\"og:image\" content=\"https:\/\/biosciences.vn\/wp-content\/uploads\/2024\/10\/MF1011_Jul042022_203802_650.png\" \/>\n\t<meta property=\"og:image:width\" content=\"650\" \/>\n\t<meta property=\"og:image:height\" content=\"650\" \/>\n\t<meta property=\"og:image:type\" content=\"image\/png\" \/>\n<meta name=\"twitter:card\" content=\"summary_large_image\" \/>\n<meta name=\"twitter:label1\" content=\"Est. reading time\" \/>\n\t<meta name=\"twitter:data1\" content=\"3 minutes\" \/>\n<script type=\"application\/ld+json\" class=\"yoast-schema-graph\">{\"@context\":\"https:\/\/schema.org\",\"@graph\":[{\"@type\":\"WebPage\",\"@id\":\"https:\/\/biosciences.vn\/index.php\/product\/dia-dem-enterobacteriaceae-microfast-eb-duoc-chung-nhan-aoac\/\",\"url\":\"https:\/\/biosciences.vn\/index.php\/product\/dia-dem-enterobacteriaceae-microfast-eb-duoc-chung-nhan-aoac\/\",\"name\":\"\u0110\u0129a \u0111\u1ebfm khu\u1ea9n Enterobacteriaceae MicroFast\u00ae (EB) \u0111\u01b0\u1ee3c ch\u1ee9ng nh\u1eadn AOAC (LR1011) - Biosciences\",\"isPartOf\":{\"@id\":\"https:\/\/biosciences.vn\/#website\"},\"primaryImageOfPage\":{\"@id\":\"https:\/\/biosciences.vn\/index.php\/product\/dia-dem-enterobacteriaceae-microfast-eb-duoc-chung-nhan-aoac\/#primaryimage\"},\"image\":{\"@id\":\"https:\/\/biosciences.vn\/index.php\/product\/dia-dem-enterobacteriaceae-microfast-eb-duoc-chung-nhan-aoac\/#primaryimage\"},\"thumbnailUrl\":\"https:\/\/biosciences.vn\/wp-content\/uploads\/2024\/10\/MF1011_Jul042022_203802_650.png\",\"datePublished\":\"2024-10-08T13:32:05+00:00\",\"dateModified\":\"2025-08-28T07:55:09+00:00\",\"breadcrumb\":{\"@id\":\"https:\/\/biosciences.vn\/index.php\/product\/dia-dem-enterobacteriaceae-microfast-eb-duoc-chung-nhan-aoac\/#breadcrumb\"},\"inLanguage\":\"en-US\",\"potentialAction\":[{\"@type\":\"ReadAction\",\"target\":[\"https:\/\/biosciences.vn\/index.php\/product\/dia-dem-enterobacteriaceae-microfast-eb-duoc-chung-nhan-aoac\/\"]}]},{\"@type\":\"ImageObject\",\"inLanguage\":\"en-US\",\"@id\":\"https:\/\/biosciences.vn\/index.php\/product\/dia-dem-enterobacteriaceae-microfast-eb-duoc-chung-nhan-aoac\/#primaryimage\",\"url\":\"https:\/\/biosciences.vn\/wp-content\/uploads\/2024\/10\/MF1011_Jul042022_203802_650.png\",\"contentUrl\":\"https:\/\/biosciences.vn\/wp-content\/uploads\/2024\/10\/MF1011_Jul042022_203802_650.png\",\"width\":650,\"height\":650},{\"@type\":\"BreadcrumbList\",\"@id\":\"https:\/\/biosciences.vn\/index.php\/product\/dia-dem-enterobacteriaceae-microfast-eb-duoc-chung-nhan-aoac\/#breadcrumb\",\"itemListElement\":[{\"@type\":\"ListItem\",\"position\":1,\"name\":\"Trang ch\u1ee7\",\"item\":\"https:\/\/biosciences.vn\/index.php\/en\/home\/\"},{\"@type\":\"ListItem\",\"position\":2,\"name\":\"Shop\",\"item\":\"https:\/\/biosciences.vn\/index.php\/shop\/\"},{\"@type\":\"ListItem\",\"position\":3,\"name\":\"\u0110\u0129a \u0111\u1ebfm khu\u1ea9n Enterobacteriaceae MicroFast\u00ae (EB) \u0111\u01b0\u1ee3c ch\u1ee9ng nh\u1eadn AOAC (LR1011)\"}]},{\"@type\":\"WebSite\",\"@id\":\"https:\/\/biosciences.vn\/#website\",\"url\":\"https:\/\/biosciences.vn\/\",\"name\":\"Biosciences\",\"description\":\"\",\"publisher\":{\"@id\":\"https:\/\/biosciences.vn\/#organization\"},\"potentialAction\":[{\"@type\":\"SearchAction\",\"target\":{\"@type\":\"EntryPoint\",\"urlTemplate\":\"https:\/\/biosciences.vn\/?s={search_term_string}\"},\"query-input\":{\"@type\":\"PropertyValueSpecification\",\"valueRequired\":true,\"valueName\":\"search_term_string\"}}],\"inLanguage\":\"en-US\"},{\"@type\":\"Organization\",\"@id\":\"https:\/\/biosciences.vn\/#organization\",\"name\":\"Biosciences\",\"url\":\"https:\/\/biosciences.vn\/\",\"logo\":{\"@type\":\"ImageObject\",\"inLanguage\":\"en-US\",\"@id\":\"https:\/\/biosciences.vn\/#\/schema\/logo\/image\/\",\"url\":\"https:\/\/biosciences.vn\/wp-content\/uploads\/2024\/04\/LOGO-BIOSCIENCES-PNG.png\",\"contentUrl\":\"https:\/\/biosciences.vn\/wp-content\/uploads\/2024\/04\/LOGO-BIOSCIENCES-PNG.png\",\"width\":2536,\"height\":638,\"caption\":\"Biosciences\"},\"image\":{\"@id\":\"https:\/\/biosciences.vn\/#\/schema\/logo\/image\/\"}}]}<\/script>\n<!-- \/ Yoast SEO plugin. -->","yoast_head_json":{"title":"\u0110\u0129a \u0111\u1ebfm khu\u1ea9n  Enterobacteriaceae MicroFast\u00ae (EB) \u0111\u01b0\u1ee3c ch\u1ee9ng nh\u1eadn AOAC (LR1011) - Biosciences","robots":{"index":"index","follow":"follow","max-snippet":"max-snippet:-1","max-image-preview":"max-image-preview:large","max-video-preview":"max-video-preview:-1"},"canonical":"https:\/\/biosciences.vn\/index.php\/product\/dia-dem-enterobacteriaceae-microfast-eb-duoc-chung-nhan-aoac\/","og_locale":"en_US","og_type":"article","og_title":"\u0110\u0129a \u0111\u1ebfm khu\u1ea9n  Enterobacteriaceae MicroFast\u00ae (EB) \u0111\u01b0\u1ee3c ch\u1ee9ng nh\u1eadn AOAC (LR1011) - Biosciences","og_description":"\u0110\u0129a \u0111\u1ebfm Enterobacteriaceae MicroFast\u00ae (EB) l\u00e0 m\u1ed9t m\u00f4i tr\u01b0\u1eddng nu\u00f4i c\u1ea5y s\u1eb5n s\u00e0ng s\u1eed d\u1ee5ng. S\u1ea3n ph\u1ea9m s\u1eed d\u1ee5ng c\u00e1c c\u00f4ng ngh\u1ec7 ti\u00ean ti\u1ebfn nh\u01b0 h\u1ec7 th\u1ed1ng khu\u1ebfch t\u00e1n nhanh v\u00e0 c\u00f4ng ngh\u1ec7 t\u1ea1o m\u00e0u vi sinh v\u1eadt th\u1ebf h\u1ec7 m\u1edbi \u0111\u1ec3 \u0111\u1ea1t \u0111\u01b0\u1ee3c s\u1ef1 ph\u00e1t tri\u1ec3n nhanh ch\u00f3ng v\u00e0 gi\u1ea3i th\u00edch khu\u1ea9n l\u1ea1c, c\u1ea3i [&hellip;]","og_url":"https:\/\/biosciences.vn\/index.php\/product\/dia-dem-enterobacteriaceae-microfast-eb-duoc-chung-nhan-aoac\/","og_site_name":"Biosciences","article_modified_time":"2025-08-28T07:55:09+00:00","og_image":[{"width":650,"height":650,"url":"https:\/\/biosciences.vn\/wp-content\/uploads\/2024\/10\/MF1011_Jul042022_203802_650.png","type":"image\/png"}],"twitter_card":"summary_large_image","twitter_misc":{"Est. reading time":"3 minutes"},"schema":{"@context":"https:\/\/schema.org","@graph":[{"@type":"WebPage","@id":"https:\/\/biosciences.vn\/index.php\/product\/dia-dem-enterobacteriaceae-microfast-eb-duoc-chung-nhan-aoac\/","url":"https:\/\/biosciences.vn\/index.php\/product\/dia-dem-enterobacteriaceae-microfast-eb-duoc-chung-nhan-aoac\/","name":"\u0110\u0129a \u0111\u1ebfm khu\u1ea9n Enterobacteriaceae MicroFast\u00ae (EB) \u0111\u01b0\u1ee3c ch\u1ee9ng nh\u1eadn AOAC (LR1011) - Biosciences","isPartOf":{"@id":"https:\/\/biosciences.vn\/#website"},"primaryImageOfPage":{"@id":"https:\/\/biosciences.vn\/index.php\/product\/dia-dem-enterobacteriaceae-microfast-eb-duoc-chung-nhan-aoac\/#primaryimage"},"image":{"@id":"https:\/\/biosciences.vn\/index.php\/product\/dia-dem-enterobacteriaceae-microfast-eb-duoc-chung-nhan-aoac\/#primaryimage"},"thumbnailUrl":"https:\/\/biosciences.vn\/wp-content\/uploads\/2024\/10\/MF1011_Jul042022_203802_650.png","datePublished":"2024-10-08T13:32:05+00:00","dateModified":"2025-08-28T07:55:09+00:00","breadcrumb":{"@id":"https:\/\/biosciences.vn\/index.php\/product\/dia-dem-enterobacteriaceae-microfast-eb-duoc-chung-nhan-aoac\/#breadcrumb"},"inLanguage":"en-US","potentialAction":[{"@type":"ReadAction","target":["https:\/\/biosciences.vn\/index.php\/product\/dia-dem-enterobacteriaceae-microfast-eb-duoc-chung-nhan-aoac\/"]}]},{"@type":"ImageObject","inLanguage":"en-US","@id":"https:\/\/biosciences.vn\/index.php\/product\/dia-dem-enterobacteriaceae-microfast-eb-duoc-chung-nhan-aoac\/#primaryimage","url":"https:\/\/biosciences.vn\/wp-content\/uploads\/2024\/10\/MF1011_Jul042022_203802_650.png","contentUrl":"https:\/\/biosciences.vn\/wp-content\/uploads\/2024\/10\/MF1011_Jul042022_203802_650.png","width":650,"height":650},{"@type":"BreadcrumbList","@id":"https:\/\/biosciences.vn\/index.php\/product\/dia-dem-enterobacteriaceae-microfast-eb-duoc-chung-nhan-aoac\/#breadcrumb","itemListElement":[{"@type":"ListItem","position":1,"name":"Trang ch\u1ee7","item":"https:\/\/biosciences.vn\/index.php\/en\/home\/"},{"@type":"ListItem","position":2,"name":"Shop","item":"https:\/\/biosciences.vn\/index.php\/shop\/"},{"@type":"ListItem","position":3,"name":"\u0110\u0129a \u0111\u1ebfm khu\u1ea9n Enterobacteriaceae MicroFast\u00ae (EB) \u0111\u01b0\u1ee3c ch\u1ee9ng nh\u1eadn AOAC (LR1011)"}]},{"@type":"WebSite","@id":"https:\/\/biosciences.vn\/#website","url":"https:\/\/biosciences.vn\/","name":"Biosciences","description":"","publisher":{"@id":"https:\/\/biosciences.vn\/#organization"},"potentialAction":[{"@type":"SearchAction","target":{"@type":"EntryPoint","urlTemplate":"https:\/\/biosciences.vn\/?s={search_term_string}"},"query-input":{"@type":"PropertyValueSpecification","valueRequired":true,"valueName":"search_term_string"}}],"inLanguage":"en-US"},{"@type":"Organization","@id":"https:\/\/biosciences.vn\/#organization","name":"Biosciences","url":"https:\/\/biosciences.vn\/","logo":{"@type":"ImageObject","inLanguage":"en-US","@id":"https:\/\/biosciences.vn\/#\/schema\/logo\/image\/","url":"https:\/\/biosciences.vn\/wp-content\/uploads\/2024\/04\/LOGO-BIOSCIENCES-PNG.png","contentUrl":"https:\/\/biosciences.vn\/wp-content\/uploads\/2024\/04\/LOGO-BIOSCIENCES-PNG.png","width":2536,"height":638,"caption":"Biosciences"},"image":{"@id":"https:\/\/biosciences.vn\/#\/schema\/logo\/image\/"}}]}},"brands":[{"id":606,"name":"Meizheng Bio-Tech","slug":"meizheng-bio-tech-vi"}],"_links":{"self":[{"href":"https:\/\/biosciences.vn\/index.php\/wp-json\/wp\/v2\/product\/6120"}],"collection":[{"href":"https:\/\/biosciences.vn\/index.php\/wp-json\/wp\/v2\/product"}],"about":[{"href":"https:\/\/biosciences.vn\/index.php\/wp-json\/wp\/v2\/types\/product"}],"replies":[{"embeddable":true,"href":"https:\/\/biosciences.vn\/index.php\/wp-json\/wp\/v2\/comments?post=6120"}],"wp:featuredmedia":[{"embeddable":true,"href":"https:\/\/biosciences.vn\/index.php\/wp-json\/wp\/v2\/media\/6123"}],"wp:attachment":[{"href":"https:\/\/biosciences.vn\/index.php\/wp-json\/wp\/v2\/media?parent=6120"}],"wp:term":[{"taxonomy":"pwb-brand","embeddable":true,"href":"https:\/\/biosciences.vn\/index.php\/wp-json\/wp\/v2\/pwb-brand?post=6120"},{"taxonomy":"product_cat","embeddable":true,"href":"https:\/\/biosciences.vn\/index.php\/wp-json\/wp\/v2\/product_cat?post=6120"},{"taxonomy":"product_tag","embeddable":true,"href":"https:\/\/biosciences.vn\/index.php\/wp-json\/wp\/v2\/product_tag?post=6120"}],"curies":[{"name":"wp","href":"https:\/\/api.w.org\/{rel}","templated":true}]}}