{"id":6129,"date":"2024-10-08T20:46:32","date_gmt":"2024-10-08T13:46:32","guid":{"rendered":"https:\/\/biosciences.vn\/?post_type=product&#038;p=6129"},"modified":"2025-08-28T14:55:09","modified_gmt":"2025-08-28T07:55:09","slug":"dia-dem-nam-men-va-nam-moc-microfast-ym-duoc-chung-nhan-aoac","status":"publish","type":"product","link":"https:\/\/biosciences.vn\/index.php\/product\/dia-dem-nam-men-va-nam-moc-microfast-ym-duoc-chung-nhan-aoac\/","title":{"rendered":"\u0110\u0129a \u0111\u1ebfm n\u1ea5m men v\u00e0 n\u1ea5m m\u1ed1c\n  MicroFast\u00ae (YM) \u0111\u01b0\u1ee3c ch\u1ee9ng nh\u1eadn AOAC (LR1003)"},"content":{"rendered":"<p><strong>\u0110\u0129a \u0111\u1ebfm n\u1ea5m men v\u00e0 n\u1ea5m m\u1ed1c MicroFast\u00ae (YM) \u0111\u01b0\u1ee3c ch\u1ee9ng nh\u1eadn AOAC<\/strong> l\u00e0 m\u1ed9t m\u00f4i tr\u01b0\u1eddng nu\u00f4i c\u1ea5y s\u1eb5n s\u00e0ng s\u1eed d\u1ee5ng. S\u1ea3n ph\u1ea9m s\u1eed d\u1ee5ng c\u00e1c c\u00f4ng ngh\u1ec7 ti\u00ean ti\u1ebfn nh\u01b0 h\u1ec7 th\u1ed1ng khu\u1ebfch t\u00e1n nhanh v\u00e0 c\u00f4ng ngh\u1ec7 t\u1ea1o m\u00e0u vi sinh v\u1eadt th\u1ebf h\u1ec7 m\u1edbi \u0111\u1ec3 \u0111\u1ea1t \u0111\u01b0\u1ee3c s\u1ef1 ph\u00e1t tri\u1ec3n nhanh ch\u00f3ng v\u00e0 gi\u1ea3i th\u00edch khu\u1ea9n l\u1ea1c, c\u1ea3i thi\u1ec7n \u0111\u00e1ng k\u1ec3 hi\u1ec7u qu\u1ea3 ph\u00e1t hi\u1ec7n trong ph\u00f2ng th\u00ed nghi\u1ec7m.<\/p>\n<p><strong>Microfast\u00ae Yeast &amp; Mold Count Plate (YM) AOAC Validated<\/strong> \u0111\u01b0\u1ee3c thi\u1ebft k\u1ebf \u0111\u1ec3 \u0111\u1ecbnh l\u01b0\u1ee3ng n\u1ea5m men v\u00e0 n\u1ea5m m\u1ed1c trong th\u1ef1c ph\u1ea9m v\u00e0 c\u00e1c m\u1eabu m\u00f4i tr\u01b0\u1eddng. \u0110\u0129a \u0111\u1ebfm MicroFast \u0111\u01a1n gi\u1ea3n v\u00e0 hi\u1ec7u qu\u1ea3 khi s\u1eed d\u1ee5ng, y\u00eau c\u1ea7u \u00edt v\u1eadt t\u01b0 ti\u00eau hao v\u00e0 \u0111\u00e0o t\u1ea1o t\u1ed1i thi\u1ec3u. V\u1edbi th\u1eddi h\u1ea1n s\u1eed d\u1ee5ng 18 th\u00e1ng, s\u1ea3n ph\u1ea9m n\u00e0y c\u00f3 kh\u1ea3 n\u0103ng \u0111\u00e1p \u1ee9ng nhu c\u1ea7u bi\u1ebfn \u0111\u1ed9ng v\u01b0\u1ee3t xa c\u00e1c ph\u01b0\u01a1ng ph\u00e1p d\u1ef1a tr\u00ean th\u1ea1ch truy\u1ec1n th\u1ed1ng.<\/p>\n<p><strong>Th\u00f4ng s\u1ed1 k\u1ef9 thu\u1eadt:<\/strong><\/p>\n<ul>\n<li><strong>Ch\u1ee9ng nh\u1eadn AOAC PTM s\u1ed1 122101<\/strong><\/li>\n<li><strong>M\u1eabu th\u1eed nghi\u1ec7m<\/strong>: S\u1eefa chua, t\u00e1o t\u01b0\u01a1i c\u1eaft l\u00e1t, h\u1ea1nh nh\u00e2n t\u01b0\u01a1i, s\u1ed1t tr\u1ed9n salad v\u00e0 th\u1ee9c \u0103n kh\u00f4 cho v\u1eadt nu\u00f4i<\/li>\n<li><strong>Nhi\u1ec7t \u0111\u1ed9 nu\u00f4i c\u1ea5y<\/strong>: 28\u00b11\u00b0C<\/li>\n<li><strong>Th\u1eddi gian nu\u00f4i c\u1ea5y<\/strong>: N\u1ea5m men: 48\u00b12 gi\u1edd, N\u1ea5m m\u1ed1c: 72\u00b12 gi\u1edd<\/li>\n<li><strong>Gi\u1ea3i th\u00edch k\u1ebft qu\u1ea3<\/strong>:\n<ul>\n<li><strong>N\u1ea5m men<\/strong>: Khu\u1ea9n l\u1ea1c m\u00e0u \u0111\u1ecf t\u00edm<\/li>\n<li><strong>N\u1ea5m m\u1ed1c<\/strong>: Khu\u1ea9n l\u1ea1c l\u1edbn m\u00e0u \u0111\u1ecf t\u00edm v\u1edbi vi\u1ec1n kh\u00f4ng \u0111\u1ec1u<\/li>\n<\/ul>\n<\/li>\n<li><strong>Ph\u1ea1m vi \u0111\u1ebfm<\/strong>: N\u1ea5m men: 10-150 CFU, N\u1ea5m m\u1ed1c: &lt;30 CFU<\/li>\n<li><strong>B\u1ea3o qu\u1ea3n<\/strong>: 18 th\u00e1ng \u1edf 2-8\u00b0C. S\u1eed d\u1ee5ng \u0111\u0129a \u0111\u1ebfm trong v\u00f2ng m\u1ed9t th\u00e1ng sau khi m\u1edf v\u00e0 d\u00e1n k\u00edn t\u00fai nh\u00f4m b\u1eb1ng b\u0103ng keo. Tr\u00e1nh \u00e1nh s\u00e1ng.<\/li>\n<li><strong>25 \u0111\u0129a m\u1ed7i g\u00f3i<\/strong> (c\u0169ng c\u00f3 s\u1eb5n trong g\u00f3i 100 v\u00e0 1000 \u0111\u0129a)<\/li>\n<\/ul>\n<p><strong style=\"margin-top: 20px; display: block;\">\u0110\u1eb7c \u0111i\u1ec3m s\u1ea3n ph\u1ea9m:<\/strong><\/p>\n<ul style=\"margin-top: 10px;\">\n<li><strong>C\u00f4ng ngh\u1ec7 khu\u1ebfch t\u00e1n nhanh<\/strong>: Dung d\u1ecbch m\u1eabu c\u00f3 th\u1ec3 nhanh ch\u00f3ng lan t\u1ecfa tr\u00ean \u0111\u0129a \u0111\u1ebfm m\u00e0 kh\u00f4ng c\u1ea7n nh\u1ea5n \u0111\u0129a.<\/li>\n<li><strong>K\u1ebft qu\u1ea3 ch\u00ednh x\u00e1c v\u00e0 nh\u1ea5t qu\u00e1n<\/strong>: C\u00f4ng ngh\u1ec7 nu\u00f4i c\u1ea5y vi sinh v\u1eadt t\u1ef1 ph\u00e1t tri\u1ec3n gi\u00fap vi sinh v\u1eadt v\u1edbi \u0111i\u1ec1u ki\u1ec7n t\u0103ng tr\u01b0\u1edfng nghi\u00eam ng\u1eb7t d\u1ec5 d\u00e0ng ph\u00e1t tri\u1ec3n.<\/li>\n<li><strong>D\u1ec5 d\u00e0ng \u0111\u1ecdc k\u1ebft qu\u1ea3<\/strong>: Sau khi nu\u00f4i c\u1ea5y, k\u1ebft qu\u1ea3 c\u00f3 th\u1ec3 \u0111\u01b0\u1ee3c \u0111\u1ecdc tr\u1ef1c ti\u1ebfp.<\/li>\n<li><strong>V\u1eadn h\u00e0nh d\u1ec5 d\u00e0ng, hi\u1ec7u qu\u1ea3 cao<\/strong>: Ch\u1ec9 v\u1edbi 3 b\u01b0\u1edbc thao t\u00e1c, h\u1ea7u h\u1ebft c\u00e1c th\u1eed nghi\u1ec7m vi sinh v\u1eadt c\u00f3 th\u1ec3 ho\u00e0n th\u00e0nh trong v\u00f2ng 24 gi\u1edd, gi\u00fap r\u00fat ng\u1eafn th\u1eddi gian th\u1eed nghi\u1ec7m v\u00e0 n\u00e2ng cao hi\u1ec7u qu\u1ea3 nu\u00f4i c\u1ea5y.<\/li>\n<li><strong>Gi\u1ea3m chi ph\u00ed l\u01b0u tr\u1eef v\u00e0 x\u1eed l\u00fd<\/strong><\/li>\n<li><strong>Kh\u00f4ng c\u1ea7n chu\u1ea9n b\u1ecb th\u1ea1ch<\/strong><\/li>\n<li><strong>Gi\u1ea3i ph\u00e1p ti\u1ebft ki\u1ec7m chi ph\u00ed thay th\u1ebf cho c\u00e1c ph\u01b0\u01a1ng ph\u00e1p d\u1ef1a tr\u00ean th\u1ea1ch<\/strong><\/li>\n<\/ul>\n<p><strong style=\"margin-top: 20px; display: block;\">Documents<\/strong><\/p>\n<ul class=\"product-detail-document-list\" style=\"list-style-type: none; padding: 0;\">\n<li class=\"product-detail-document-list__documents-item\" style=\"display: flex; align-items: center; justify-content: space-between; padding: 10px; border-bottom: 1px solid #e1e1e1; max-width: 500px;\"><a class=\"product-detail-document-list__documents-link\" style=\"display: flex; align-items: center;\" href=\"https:\/\/web-resources-prod.zeptometrix.com\/documents\/public\/SDS\/SDSNATZIKV-ST.pdf\" target=\"_blank\" rel=\"noopener\"><br \/>\n<img decoding=\"async\" style=\"width: 30px; margin-right: 10px;\" data-src=\"https:\/\/cdn-icons-png.flaticon.com\/512\/337\/337946.png\" alt=\"PDF Icon\" src=\"data:image\/gif;base64,R0lGODlhAQABAAAAACH5BAEKAAEALAAAAAABAAEAAAICTAEAOw==\" class=\"lazyload\" \/><noscript><img decoding=\"async\" style=\"width: 30px; margin-right: 10px;\" data-src=\"https:\/\/cdn-icons-png.flaticon.com\/512\/337\/337946.png\" alt=\"PDF Icon\" src=\"data:image\/gif;base64,R0lGODlhAQABAAAAACH5BAEKAAEALAAAAAABAAEAAAICTAEAOw==\" class=\"lazyload\" \/><noscript><img decoding=\"async\" style=\"width: 30px; margin-right: 10px;\" src=\"https:\/\/cdn-icons-png.flaticon.com\/512\/337\/337946.png\" alt=\"PDF Icon\" \/><\/noscript><\/noscript><br \/>\n<span style=\"font-weight: bold; font-size: 16px;\">Safety Data Sheet<\/span><br \/>\n<\/a><br \/>\n<a href=\"https:\/\/web-resources-prod.zeptometrix.com\/documents\/public\/SDS\/SDSNATZIKV-ST.pdf\" target=\"_blank\" rel=\"noopener\"><img decoding=\"async\" style=\"width: 20px;\" data-src=\"https:\/\/cdn-icons-png.flaticon.com\/512\/9205\/9205302.png\" alt=\"Download Icon\" src=\"data:image\/gif;base64,R0lGODlhAQABAAAAACH5BAEKAAEALAAAAAABAAEAAAICTAEAOw==\" class=\"lazyload\" \/><noscript><img decoding=\"async\" style=\"width: 20px;\" data-src=\"https:\/\/cdn-icons-png.flaticon.com\/512\/9205\/9205302.png\" alt=\"Download Icon\" src=\"data:image\/gif;base64,R0lGODlhAQABAAAAACH5BAEKAAEALAAAAAABAAEAAAICTAEAOw==\" class=\"lazyload\" \/><noscript><img decoding=\"async\" style=\"width: 20px;\" src=\"https:\/\/cdn-icons-png.flaticon.com\/512\/9205\/9205302.png\" alt=\"Download Icon\" \/><\/noscript><\/noscript><br \/>\n<\/a><\/li>\n<li class=\"product-detail-document-list__documents-item\" style=\"display: flex; align-items: center; justify-content: space-between; padding: 10px; border-bottom: 1px solid #e1e1e1; max-width: 500px;\"><a class=\"product-detail-document-list__documents-link\" style=\"display: flex; align-items: center;\" href=\"https:\/\/web-resources-prod.zeptometrix.com\/documents\/public\/PI\/PINATZIKV-ST.pdf\" target=\"_blank\" rel=\"noopener\"><br \/>\n<img decoding=\"async\" style=\"width: 30px; margin-right: 10px;\" data-src=\"https:\/\/cdn-icons-png.flaticon.com\/512\/337\/337946.png\" alt=\"PDF Icon\" src=\"data:image\/gif;base64,R0lGODlhAQABAAAAACH5BAEKAAEALAAAAAABAAEAAAICTAEAOw==\" class=\"lazyload\" \/><noscript><img decoding=\"async\" style=\"width: 30px; margin-right: 10px;\" data-src=\"https:\/\/cdn-icons-png.flaticon.com\/512\/337\/337946.png\" alt=\"PDF Icon\" src=\"data:image\/gif;base64,R0lGODlhAQABAAAAACH5BAEKAAEALAAAAAABAAEAAAICTAEAOw==\" class=\"lazyload\" \/><noscript><img decoding=\"async\" style=\"width: 30px; margin-right: 10px;\" src=\"https:\/\/cdn-icons-png.flaticon.com\/512\/337\/337946.png\" alt=\"PDF Icon\" \/><\/noscript><\/noscript><br \/>\n<span style=\"font-weight: bold; font-size: 16px;\">Products Inserts<\/span><br \/>\n<\/a><br \/>\n<a href=\"https:\/\/web-resources-prod.zeptometrix.com\/documents\/public\/PI\/PINATZIKV-ST.pdf\" target=\"_blank\" rel=\"noopener\"><img decoding=\"async\" style=\"width: 20px;\" data-src=\"https:\/\/cdn-icons-png.flaticon.com\/512\/9205\/9205302.png\" alt=\"Download Icon\" src=\"data:image\/gif;base64,R0lGODlhAQABAAAAACH5BAEKAAEALAAAAAABAAEAAAICTAEAOw==\" class=\"lazyload\" \/><noscript><img decoding=\"async\" style=\"width: 20px;\" data-src=\"https:\/\/cdn-icons-png.flaticon.com\/512\/9205\/9205302.png\" alt=\"Download Icon\" src=\"data:image\/gif;base64,R0lGODlhAQABAAAAACH5BAEKAAEALAAAAAABAAEAAAICTAEAOw==\" class=\"lazyload\" \/><noscript><img decoding=\"async\" style=\"width: 20px;\" src=\"https:\/\/cdn-icons-png.flaticon.com\/512\/9205\/9205302.png\" alt=\"Download Icon\" \/><\/noscript><\/noscript><br \/>\n<\/a><\/li>\n<\/ul>\n","protected":false},"excerpt":{"rendered":"<p>\u0110\u0129a \u0111\u1ebfm n\u1ea5m men v\u00e0 n\u1ea5m m\u1ed1c MicroFast\u00ae (YM) \u0111\u01b0\u1ee3c ch\u1ee9ng nh\u1eadn AOAC l\u00e0 m\u1ed9t m\u00f4i tr\u01b0\u1eddng nu\u00f4i c\u1ea5y s\u1eb5n s\u00e0ng s\u1eed d\u1ee5ng. S\u1ea3n ph\u1ea9m s\u1eed d\u1ee5ng c\u00e1c c\u00f4ng ngh\u1ec7 ti\u00ean ti\u1ebfn nh\u01b0 h\u1ec7 th\u1ed1ng khu\u1ebfch t\u00e1n nhanh v\u00e0 c\u00f4ng ngh\u1ec7 t\u1ea1o m\u00e0u vi sinh v\u1eadt th\u1ebf h\u1ec7 m\u1edbi \u0111\u1ec3 \u0111\u1ea1t \u0111\u01b0\u1ee3c s\u1ef1 ph\u00e1t tri\u1ec3n [&hellip;]<\/p>\n","protected":false},"featured_media":6132,"comment_status":"open","ping_status":"closed","template":"","meta":[],"pwb-brand":[606],"product_cat":[572,473,475,570],"product_tag":[769,667,793,783],"class_list":{"0":"post-6129","1":"product","2":"type-product","3":"status-publish","4":"has-post-thumbnail","6":"pwb-brand-meizheng-bio-tech-vi","7":"product_cat-dia-dem-vi-sinh-vi","8":"product_cat-vi-sinh-vat","9":"product_cat-vi-khuan","10":"product_cat-xet-nghiem-vi-sinh-vi","11":"product_tag-aoac","12":"product_tag-count-plate","13":"product_tag-microfast","14":"product_tag-yeast-mold","16":"first","17":"onbackorder","18":"shipping-taxable","19":"purchasable","20":"product-type-simple"},"yoast_head":"<!-- This site is optimized with the Yoast SEO plugin v23.6 - https:\/\/yoast.com\/wordpress\/plugins\/seo\/ -->\n<title>\u0110\u0129a \u0111\u1ebfm n\u1ea5m men v\u00e0 n\u1ea5m m\u1ed1c  MicroFast\u00ae (YM) \u0111\u01b0\u1ee3c ch\u1ee9ng nh\u1eadn AOAC (LR1003) - Biosciences<\/title>\n<meta name=\"robots\" content=\"index, follow, max-snippet:-1, max-image-preview:large, max-video-preview:-1\" \/>\n<link rel=\"canonical\" href=\"https:\/\/biosciences.vn\/index.php\/product\/dia-dem-nam-men-va-nam-moc-microfast-ym-duoc-chung-nhan-aoac\/\" \/>\n<meta property=\"og:locale\" content=\"en_US\" \/>\n<meta property=\"og:type\" content=\"article\" \/>\n<meta property=\"og:title\" content=\"\u0110\u0129a \u0111\u1ebfm n\u1ea5m men v\u00e0 n\u1ea5m m\u1ed1c  MicroFast\u00ae (YM) \u0111\u01b0\u1ee3c ch\u1ee9ng nh\u1eadn AOAC (LR1003) - Biosciences\" \/>\n<meta property=\"og:description\" content=\"\u0110\u0129a \u0111\u1ebfm n\u1ea5m men v\u00e0 n\u1ea5m m\u1ed1c MicroFast\u00ae (YM) \u0111\u01b0\u1ee3c ch\u1ee9ng nh\u1eadn AOAC l\u00e0 m\u1ed9t m\u00f4i tr\u01b0\u1eddng nu\u00f4i c\u1ea5y s\u1eb5n s\u00e0ng s\u1eed d\u1ee5ng. S\u1ea3n ph\u1ea9m s\u1eed d\u1ee5ng c\u00e1c c\u00f4ng ngh\u1ec7 ti\u00ean ti\u1ebfn nh\u01b0 h\u1ec7 th\u1ed1ng khu\u1ebfch t\u00e1n nhanh v\u00e0 c\u00f4ng ngh\u1ec7 t\u1ea1o m\u00e0u vi sinh v\u1eadt th\u1ebf h\u1ec7 m\u1edbi \u0111\u1ec3 \u0111\u1ea1t \u0111\u01b0\u1ee3c s\u1ef1 ph\u00e1t tri\u1ec3n [&hellip;]\" \/>\n<meta property=\"og:url\" content=\"https:\/\/biosciences.vn\/index.php\/product\/dia-dem-nam-men-va-nam-moc-microfast-ym-duoc-chung-nhan-aoac\/\" \/>\n<meta property=\"og:site_name\" content=\"Biosciences\" \/>\n<meta property=\"article:modified_time\" content=\"2025-08-28T07:55:09+00:00\" \/>\n<meta property=\"og:image\" content=\"https:\/\/biosciences.vn\/wp-content\/uploads\/2024\/10\/MF1003_Jul042022_204154_650.png\" \/>\n\t<meta property=\"og:image:width\" content=\"650\" \/>\n\t<meta property=\"og:image:height\" content=\"650\" \/>\n\t<meta property=\"og:image:type\" content=\"image\/png\" \/>\n<meta name=\"twitter:card\" content=\"summary_large_image\" \/>\n<meta name=\"twitter:label1\" content=\"Est. reading time\" \/>\n\t<meta name=\"twitter:data1\" content=\"3 minutes\" \/>\n<script type=\"application\/ld+json\" class=\"yoast-schema-graph\">{\"@context\":\"https:\/\/schema.org\",\"@graph\":[{\"@type\":\"WebPage\",\"@id\":\"https:\/\/biosciences.vn\/index.php\/product\/dia-dem-nam-men-va-nam-moc-microfast-ym-duoc-chung-nhan-aoac\/\",\"url\":\"https:\/\/biosciences.vn\/index.php\/product\/dia-dem-nam-men-va-nam-moc-microfast-ym-duoc-chung-nhan-aoac\/\",\"name\":\"\u0110\u0129a \u0111\u1ebfm n\u1ea5m men v\u00e0 n\u1ea5m m\u1ed1c MicroFast\u00ae (YM) \u0111\u01b0\u1ee3c ch\u1ee9ng nh\u1eadn AOAC (LR1003) - Biosciences\",\"isPartOf\":{\"@id\":\"https:\/\/biosciences.vn\/#website\"},\"primaryImageOfPage\":{\"@id\":\"https:\/\/biosciences.vn\/index.php\/product\/dia-dem-nam-men-va-nam-moc-microfast-ym-duoc-chung-nhan-aoac\/#primaryimage\"},\"image\":{\"@id\":\"https:\/\/biosciences.vn\/index.php\/product\/dia-dem-nam-men-va-nam-moc-microfast-ym-duoc-chung-nhan-aoac\/#primaryimage\"},\"thumbnailUrl\":\"https:\/\/biosciences.vn\/wp-content\/uploads\/2024\/10\/MF1003_Jul042022_204154_650.png\",\"datePublished\":\"2024-10-08T13:46:32+00:00\",\"dateModified\":\"2025-08-28T07:55:09+00:00\",\"breadcrumb\":{\"@id\":\"https:\/\/biosciences.vn\/index.php\/product\/dia-dem-nam-men-va-nam-moc-microfast-ym-duoc-chung-nhan-aoac\/#breadcrumb\"},\"inLanguage\":\"en-US\",\"potentialAction\":[{\"@type\":\"ReadAction\",\"target\":[\"https:\/\/biosciences.vn\/index.php\/product\/dia-dem-nam-men-va-nam-moc-microfast-ym-duoc-chung-nhan-aoac\/\"]}]},{\"@type\":\"ImageObject\",\"inLanguage\":\"en-US\",\"@id\":\"https:\/\/biosciences.vn\/index.php\/product\/dia-dem-nam-men-va-nam-moc-microfast-ym-duoc-chung-nhan-aoac\/#primaryimage\",\"url\":\"https:\/\/biosciences.vn\/wp-content\/uploads\/2024\/10\/MF1003_Jul042022_204154_650.png\",\"contentUrl\":\"https:\/\/biosciences.vn\/wp-content\/uploads\/2024\/10\/MF1003_Jul042022_204154_650.png\",\"width\":650,\"height\":650},{\"@type\":\"BreadcrumbList\",\"@id\":\"https:\/\/biosciences.vn\/index.php\/product\/dia-dem-nam-men-va-nam-moc-microfast-ym-duoc-chung-nhan-aoac\/#breadcrumb\",\"itemListElement\":[{\"@type\":\"ListItem\",\"position\":1,\"name\":\"Trang ch\u1ee7\",\"item\":\"https:\/\/biosciences.vn\/index.php\/en\/home\/\"},{\"@type\":\"ListItem\",\"position\":2,\"name\":\"Shop\",\"item\":\"https:\/\/biosciences.vn\/index.php\/shop\/\"},{\"@type\":\"ListItem\",\"position\":3,\"name\":\"\u0110\u0129a \u0111\u1ebfm n\u1ea5m men v\u00e0 n\u1ea5m m\u1ed1c MicroFast\u00ae (YM) \u0111\u01b0\u1ee3c ch\u1ee9ng nh\u1eadn AOAC (LR1003)\"}]},{\"@type\":\"WebSite\",\"@id\":\"https:\/\/biosciences.vn\/#website\",\"url\":\"https:\/\/biosciences.vn\/\",\"name\":\"Biosciences\",\"description\":\"\",\"publisher\":{\"@id\":\"https:\/\/biosciences.vn\/#organization\"},\"potentialAction\":[{\"@type\":\"SearchAction\",\"target\":{\"@type\":\"EntryPoint\",\"urlTemplate\":\"https:\/\/biosciences.vn\/?s={search_term_string}\"},\"query-input\":{\"@type\":\"PropertyValueSpecification\",\"valueRequired\":true,\"valueName\":\"search_term_string\"}}],\"inLanguage\":\"en-US\"},{\"@type\":\"Organization\",\"@id\":\"https:\/\/biosciences.vn\/#organization\",\"name\":\"Biosciences\",\"url\":\"https:\/\/biosciences.vn\/\",\"logo\":{\"@type\":\"ImageObject\",\"inLanguage\":\"en-US\",\"@id\":\"https:\/\/biosciences.vn\/#\/schema\/logo\/image\/\",\"url\":\"https:\/\/biosciences.vn\/wp-content\/uploads\/2024\/04\/LOGO-BIOSCIENCES-PNG.png\",\"contentUrl\":\"https:\/\/biosciences.vn\/wp-content\/uploads\/2024\/04\/LOGO-BIOSCIENCES-PNG.png\",\"width\":2536,\"height\":638,\"caption\":\"Biosciences\"},\"image\":{\"@id\":\"https:\/\/biosciences.vn\/#\/schema\/logo\/image\/\"}}]}<\/script>\n<!-- \/ Yoast SEO plugin. -->","yoast_head_json":{"title":"\u0110\u0129a \u0111\u1ebfm n\u1ea5m men v\u00e0 n\u1ea5m m\u1ed1c  MicroFast\u00ae (YM) \u0111\u01b0\u1ee3c ch\u1ee9ng nh\u1eadn AOAC (LR1003) - Biosciences","robots":{"index":"index","follow":"follow","max-snippet":"max-snippet:-1","max-image-preview":"max-image-preview:large","max-video-preview":"max-video-preview:-1"},"canonical":"https:\/\/biosciences.vn\/index.php\/product\/dia-dem-nam-men-va-nam-moc-microfast-ym-duoc-chung-nhan-aoac\/","og_locale":"en_US","og_type":"article","og_title":"\u0110\u0129a \u0111\u1ebfm n\u1ea5m men v\u00e0 n\u1ea5m m\u1ed1c  MicroFast\u00ae (YM) \u0111\u01b0\u1ee3c ch\u1ee9ng nh\u1eadn AOAC (LR1003) - Biosciences","og_description":"\u0110\u0129a \u0111\u1ebfm n\u1ea5m men v\u00e0 n\u1ea5m m\u1ed1c MicroFast\u00ae (YM) \u0111\u01b0\u1ee3c ch\u1ee9ng nh\u1eadn AOAC l\u00e0 m\u1ed9t m\u00f4i tr\u01b0\u1eddng nu\u00f4i c\u1ea5y s\u1eb5n s\u00e0ng s\u1eed d\u1ee5ng. S\u1ea3n ph\u1ea9m s\u1eed d\u1ee5ng c\u00e1c c\u00f4ng ngh\u1ec7 ti\u00ean ti\u1ebfn nh\u01b0 h\u1ec7 th\u1ed1ng khu\u1ebfch t\u00e1n nhanh v\u00e0 c\u00f4ng ngh\u1ec7 t\u1ea1o m\u00e0u vi sinh v\u1eadt th\u1ebf h\u1ec7 m\u1edbi \u0111\u1ec3 \u0111\u1ea1t \u0111\u01b0\u1ee3c s\u1ef1 ph\u00e1t tri\u1ec3n [&hellip;]","og_url":"https:\/\/biosciences.vn\/index.php\/product\/dia-dem-nam-men-va-nam-moc-microfast-ym-duoc-chung-nhan-aoac\/","og_site_name":"Biosciences","article_modified_time":"2025-08-28T07:55:09+00:00","og_image":[{"width":650,"height":650,"url":"https:\/\/biosciences.vn\/wp-content\/uploads\/2024\/10\/MF1003_Jul042022_204154_650.png","type":"image\/png"}],"twitter_card":"summary_large_image","twitter_misc":{"Est. reading time":"3 minutes"},"schema":{"@context":"https:\/\/schema.org","@graph":[{"@type":"WebPage","@id":"https:\/\/biosciences.vn\/index.php\/product\/dia-dem-nam-men-va-nam-moc-microfast-ym-duoc-chung-nhan-aoac\/","url":"https:\/\/biosciences.vn\/index.php\/product\/dia-dem-nam-men-va-nam-moc-microfast-ym-duoc-chung-nhan-aoac\/","name":"\u0110\u0129a \u0111\u1ebfm n\u1ea5m men v\u00e0 n\u1ea5m m\u1ed1c MicroFast\u00ae (YM) \u0111\u01b0\u1ee3c ch\u1ee9ng nh\u1eadn AOAC (LR1003) - Biosciences","isPartOf":{"@id":"https:\/\/biosciences.vn\/#website"},"primaryImageOfPage":{"@id":"https:\/\/biosciences.vn\/index.php\/product\/dia-dem-nam-men-va-nam-moc-microfast-ym-duoc-chung-nhan-aoac\/#primaryimage"},"image":{"@id":"https:\/\/biosciences.vn\/index.php\/product\/dia-dem-nam-men-va-nam-moc-microfast-ym-duoc-chung-nhan-aoac\/#primaryimage"},"thumbnailUrl":"https:\/\/biosciences.vn\/wp-content\/uploads\/2024\/10\/MF1003_Jul042022_204154_650.png","datePublished":"2024-10-08T13:46:32+00:00","dateModified":"2025-08-28T07:55:09+00:00","breadcrumb":{"@id":"https:\/\/biosciences.vn\/index.php\/product\/dia-dem-nam-men-va-nam-moc-microfast-ym-duoc-chung-nhan-aoac\/#breadcrumb"},"inLanguage":"en-US","potentialAction":[{"@type":"ReadAction","target":["https:\/\/biosciences.vn\/index.php\/product\/dia-dem-nam-men-va-nam-moc-microfast-ym-duoc-chung-nhan-aoac\/"]}]},{"@type":"ImageObject","inLanguage":"en-US","@id":"https:\/\/biosciences.vn\/index.php\/product\/dia-dem-nam-men-va-nam-moc-microfast-ym-duoc-chung-nhan-aoac\/#primaryimage","url":"https:\/\/biosciences.vn\/wp-content\/uploads\/2024\/10\/MF1003_Jul042022_204154_650.png","contentUrl":"https:\/\/biosciences.vn\/wp-content\/uploads\/2024\/10\/MF1003_Jul042022_204154_650.png","width":650,"height":650},{"@type":"BreadcrumbList","@id":"https:\/\/biosciences.vn\/index.php\/product\/dia-dem-nam-men-va-nam-moc-microfast-ym-duoc-chung-nhan-aoac\/#breadcrumb","itemListElement":[{"@type":"ListItem","position":1,"name":"Trang ch\u1ee7","item":"https:\/\/biosciences.vn\/index.php\/en\/home\/"},{"@type":"ListItem","position":2,"name":"Shop","item":"https:\/\/biosciences.vn\/index.php\/shop\/"},{"@type":"ListItem","position":3,"name":"\u0110\u0129a \u0111\u1ebfm n\u1ea5m men v\u00e0 n\u1ea5m m\u1ed1c MicroFast\u00ae (YM) \u0111\u01b0\u1ee3c ch\u1ee9ng nh\u1eadn AOAC (LR1003)"}]},{"@type":"WebSite","@id":"https:\/\/biosciences.vn\/#website","url":"https:\/\/biosciences.vn\/","name":"Biosciences","description":"","publisher":{"@id":"https:\/\/biosciences.vn\/#organization"},"potentialAction":[{"@type":"SearchAction","target":{"@type":"EntryPoint","urlTemplate":"https:\/\/biosciences.vn\/?s={search_term_string}"},"query-input":{"@type":"PropertyValueSpecification","valueRequired":true,"valueName":"search_term_string"}}],"inLanguage":"en-US"},{"@type":"Organization","@id":"https:\/\/biosciences.vn\/#organization","name":"Biosciences","url":"https:\/\/biosciences.vn\/","logo":{"@type":"ImageObject","inLanguage":"en-US","@id":"https:\/\/biosciences.vn\/#\/schema\/logo\/image\/","url":"https:\/\/biosciences.vn\/wp-content\/uploads\/2024\/04\/LOGO-BIOSCIENCES-PNG.png","contentUrl":"https:\/\/biosciences.vn\/wp-content\/uploads\/2024\/04\/LOGO-BIOSCIENCES-PNG.png","width":2536,"height":638,"caption":"Biosciences"},"image":{"@id":"https:\/\/biosciences.vn\/#\/schema\/logo\/image\/"}}]}},"brands":[{"id":606,"name":"Meizheng Bio-Tech","slug":"meizheng-bio-tech-vi"}],"_links":{"self":[{"href":"https:\/\/biosciences.vn\/index.php\/wp-json\/wp\/v2\/product\/6129"}],"collection":[{"href":"https:\/\/biosciences.vn\/index.php\/wp-json\/wp\/v2\/product"}],"about":[{"href":"https:\/\/biosciences.vn\/index.php\/wp-json\/wp\/v2\/types\/product"}],"replies":[{"embeddable":true,"href":"https:\/\/biosciences.vn\/index.php\/wp-json\/wp\/v2\/comments?post=6129"}],"wp:featuredmedia":[{"embeddable":true,"href":"https:\/\/biosciences.vn\/index.php\/wp-json\/wp\/v2\/media\/6132"}],"wp:attachment":[{"href":"https:\/\/biosciences.vn\/index.php\/wp-json\/wp\/v2\/media?parent=6129"}],"wp:term":[{"taxonomy":"pwb-brand","embeddable":true,"href":"https:\/\/biosciences.vn\/index.php\/wp-json\/wp\/v2\/pwb-brand?post=6129"},{"taxonomy":"product_cat","embeddable":true,"href":"https:\/\/biosciences.vn\/index.php\/wp-json\/wp\/v2\/product_cat?post=6129"},{"taxonomy":"product_tag","embeddable":true,"href":"https:\/\/biosciences.vn\/index.php\/wp-json\/wp\/v2\/product_tag?post=6129"}],"curies":[{"name":"wp","href":"https:\/\/api.w.org\/{rel}","templated":true}]}}