{"id":6382,"date":"2024-10-29T17:25:16","date_gmt":"2024-10-29T10:25:16","guid":{"rendered":"https:\/\/biosciences.vn\/?post_type=product&#038;p=6382"},"modified":"2025-08-28T14:55:09","modified_gmt":"2025-08-28T07:55:09","slug":"bovine-calf-serum-bcs-heat-inactivated-s103-01","status":"publish","type":"product","link":"https:\/\/biosciences.vn\/index.php\/product\/bovine-calf-serum-bcs-heat-inactivated-s103-01\/","title":{"rendered":"Bovine Calf Serum (BCS) Heat Inactivated (S103-01)"},"content":{"rendered":"<p>Bovine Calf Serum (BCS) Heat Inactivated l\u00e0 lo\u1ea1i huy\u1ebft thanh \u0111\u00e3 \u0111\u01b0\u1ee3c x\u1eed l\u00fd nhi\u1ec7t \u0111\u1ec3 v\u00f4 hi\u1ec7u h\u00f3a c\u00e1c y\u1ebfu t\u1ed1 b\u1ed5 th\u1ec3 m\u00e0 kh\u00f4ng \u1ea3nh h\u01b0\u1edfng \u0111\u1ebfn ch\u1ea5t l\u01b0\u1ee3ng dinh d\u01b0\u1ee1ng v\u00e0 kh\u1ea3 n\u0103ng h\u1ed7 tr\u1ee3 nu\u00f4i c\u1ea5y t\u1ebf b\u00e0o. S\u1ea3n ph\u1ea9m n\u00e0y \u0111\u1eb7c bi\u1ec7t ph\u00f9 h\u1ee3p cho c\u00e1c nghi\u00ean c\u1ee9u nh\u1ea1y c\u1ea3m, gi\u00fap gi\u1ea3m thi\u1ec3u c\u00e1c ph\u1ea3n \u1ee9ng kh\u00f4ng mong mu\u1ed1n trong qu\u00e1 tr\u00ecnh nu\u00f4i c\u1ea5y t\u1ebf b\u00e0o.<\/p>\n<p><strong>\u0110\u1eb7c \u0111i\u1ec3m n\u1ed5i b\u1eadt<\/strong>:<\/p>\n<ul>\n<li>\u0110\u00e3 qua x\u1eed l\u00fd nhi\u1ec7t \u0111\u1ec3 v\u00f4 hi\u1ec7u h\u00f3a c\u00e1c y\u1ebfu t\u1ed1 b\u1ed5 th\u1ec3, gi\u1ea3m thi\u1ec3u c\u00e1c ph\u1ea3n \u1ee9ng ph\u1ee5<\/li>\n<li>Duy tr\u00ec h\u00e0m l\u01b0\u1ee3ng dinh d\u01b0\u1ee1ng v\u00e0 \u0111\u1ea3m b\u1ea3o \u0111\u1ed9 tinh khi\u1ebft cao<\/li>\n<li>Ph\u00f9 h\u1ee3p cho c\u00e1c \u1ee9ng d\u1ee5ng nu\u00f4i c\u1ea5y t\u1ebf b\u00e0o y\u00eau c\u1ea7u m\u1ee9c \u0111\u1ed9 an to\u00e0n v\u00e0 ki\u1ec3m so\u00e1t cao<\/li>\n<li>Nhi\u1ec7t \u0111\u1ed9 b\u1ea3o qu\u1ea3n khuy\u1ebfn ngh\u1ecb: D\u01b0\u1edbi -20\u00b0C<\/li>\n<li>Quy c\u00e1ch \u0111\u00f3ng g\u00f3i: 100ML, 500ML<\/li>\n<\/ul>\n","protected":false},"excerpt":{"rendered":"<p>Bovine Calf Serum (BCS) Heat Inactivated l\u00e0 lo\u1ea1i huy\u1ebft thanh \u0111\u00e3 \u0111\u01b0\u1ee3c x\u1eed l\u00fd nhi\u1ec7t \u0111\u1ec3 v\u00f4 hi\u1ec7u h\u00f3a c\u00e1c y\u1ebfu t\u1ed1 b\u1ed5 th\u1ec3 m\u00e0 kh\u00f4ng \u1ea3nh h\u01b0\u1edfng \u0111\u1ebfn ch\u1ea5t l\u01b0\u1ee3ng dinh d\u01b0\u1ee1ng v\u00e0 kh\u1ea3 n\u0103ng h\u1ed7 tr\u1ee3 nu\u00f4i c\u1ea5y t\u1ebf b\u00e0o. S\u1ea3n ph\u1ea9m n\u00e0y \u0111\u1eb7c bi\u1ec7t ph\u00f9 h\u1ee3p cho c\u00e1c nghi\u00ean c\u1ee9u nh\u1ea1y c\u1ea3m, [&hellip;]<\/p>\n","protected":false},"featured_media":6383,"comment_status":"open","ping_status":"closed","template":"","meta":[],"pwb-brand":[906],"product_cat":[457,804],"product_tag":[911],"class_list":{"0":"post-6382","1":"product","2":"type-product","3":"status-publish","4":"has-post-thumbnail","6":"pwb-brand-welgene","7":"product_cat-nuoi-cay-te-bao-phan-tich-protein","8":"product_cat-serum","9":"product_tag-bcs","10":"pa_size-100ml","11":"pa_size-500ml","13":"first","14":"onbackorder","15":"shipping-taxable","16":"purchasable","17":"product-type-simple"},"yoast_head":"<!-- This site is optimized with the Yoast SEO plugin v23.6 - https:\/\/yoast.com\/wordpress\/plugins\/seo\/ -->\n<title>Bovine Calf Serum (BCS) Heat Inactivated (S103-01) - Biosciences<\/title>\n<meta name=\"robots\" content=\"index, follow, max-snippet:-1, max-image-preview:large, max-video-preview:-1\" \/>\n<link rel=\"canonical\" href=\"https:\/\/biosciences.vn\/index.php\/product\/bovine-calf-serum-bcs-heat-inactivated-s103-01\/\" \/>\n<meta property=\"og:locale\" content=\"en_US\" \/>\n<meta property=\"og:type\" content=\"article\" \/>\n<meta property=\"og:title\" content=\"Bovine Calf Serum (BCS) Heat Inactivated (S103-01) - Biosciences\" \/>\n<meta property=\"og:description\" content=\"Bovine Calf Serum (BCS) Heat Inactivated l\u00e0 lo\u1ea1i huy\u1ebft thanh \u0111\u00e3 \u0111\u01b0\u1ee3c x\u1eed l\u00fd nhi\u1ec7t \u0111\u1ec3 v\u00f4 hi\u1ec7u h\u00f3a c\u00e1c y\u1ebfu t\u1ed1 b\u1ed5 th\u1ec3 m\u00e0 kh\u00f4ng \u1ea3nh h\u01b0\u1edfng \u0111\u1ebfn ch\u1ea5t l\u01b0\u1ee3ng dinh d\u01b0\u1ee1ng v\u00e0 kh\u1ea3 n\u0103ng h\u1ed7 tr\u1ee3 nu\u00f4i c\u1ea5y t\u1ebf b\u00e0o. S\u1ea3n ph\u1ea9m n\u00e0y \u0111\u1eb7c bi\u1ec7t ph\u00f9 h\u1ee3p cho c\u00e1c nghi\u00ean c\u1ee9u nh\u1ea1y c\u1ea3m, [&hellip;]\" \/>\n<meta property=\"og:url\" content=\"https:\/\/biosciences.vn\/index.php\/product\/bovine-calf-serum-bcs-heat-inactivated-s103-01\/\" \/>\n<meta property=\"og:site_name\" content=\"Biosciences\" \/>\n<meta property=\"article:modified_time\" content=\"2025-08-28T07:55:09+00:00\" \/>\n<meta property=\"og:image\" content=\"https:\/\/biosciences.vn\/wp-content\/uploads\/2024\/10\/S103-01_900x.webp\" \/>\n\t<meta property=\"og:image:width\" content=\"900\" \/>\n\t<meta property=\"og:image:height\" content=\"900\" \/>\n\t<meta property=\"og:image:type\" content=\"image\/webp\" \/>\n<meta name=\"twitter:card\" content=\"summary_large_image\" \/>\n<meta name=\"twitter:label1\" content=\"Est. reading time\" \/>\n\t<meta name=\"twitter:data1\" content=\"1 minute\" \/>\n<script type=\"application\/ld+json\" class=\"yoast-schema-graph\">{\"@context\":\"https:\/\/schema.org\",\"@graph\":[{\"@type\":\"WebPage\",\"@id\":\"https:\/\/biosciences.vn\/index.php\/product\/bovine-calf-serum-bcs-heat-inactivated-s103-01\/\",\"url\":\"https:\/\/biosciences.vn\/index.php\/product\/bovine-calf-serum-bcs-heat-inactivated-s103-01\/\",\"name\":\"Bovine Calf Serum (BCS) Heat Inactivated (S103-01) - Biosciences\",\"isPartOf\":{\"@id\":\"https:\/\/biosciences.vn\/#website\"},\"primaryImageOfPage\":{\"@id\":\"https:\/\/biosciences.vn\/index.php\/product\/bovine-calf-serum-bcs-heat-inactivated-s103-01\/#primaryimage\"},\"image\":{\"@id\":\"https:\/\/biosciences.vn\/index.php\/product\/bovine-calf-serum-bcs-heat-inactivated-s103-01\/#primaryimage\"},\"thumbnailUrl\":\"https:\/\/biosciences.vn\/wp-content\/uploads\/2024\/10\/S103-01_900x.webp\",\"datePublished\":\"2024-10-29T10:25:16+00:00\",\"dateModified\":\"2025-08-28T07:55:09+00:00\",\"breadcrumb\":{\"@id\":\"https:\/\/biosciences.vn\/index.php\/product\/bovine-calf-serum-bcs-heat-inactivated-s103-01\/#breadcrumb\"},\"inLanguage\":\"en-US\",\"potentialAction\":[{\"@type\":\"ReadAction\",\"target\":[\"https:\/\/biosciences.vn\/index.php\/product\/bovine-calf-serum-bcs-heat-inactivated-s103-01\/\"]}]},{\"@type\":\"ImageObject\",\"inLanguage\":\"en-US\",\"@id\":\"https:\/\/biosciences.vn\/index.php\/product\/bovine-calf-serum-bcs-heat-inactivated-s103-01\/#primaryimage\",\"url\":\"https:\/\/biosciences.vn\/wp-content\/uploads\/2024\/10\/S103-01_900x.webp\",\"contentUrl\":\"https:\/\/biosciences.vn\/wp-content\/uploads\/2024\/10\/S103-01_900x.webp\",\"width\":900,\"height\":900},{\"@type\":\"BreadcrumbList\",\"@id\":\"https:\/\/biosciences.vn\/index.php\/product\/bovine-calf-serum-bcs-heat-inactivated-s103-01\/#breadcrumb\",\"itemListElement\":[{\"@type\":\"ListItem\",\"position\":1,\"name\":\"Trang ch\u1ee7\",\"item\":\"https:\/\/biosciences.vn\/index.php\/en\/home\/\"},{\"@type\":\"ListItem\",\"position\":2,\"name\":\"Shop\",\"item\":\"https:\/\/biosciences.vn\/index.php\/shop\/\"},{\"@type\":\"ListItem\",\"position\":3,\"name\":\"Bovine Calf Serum (BCS) Heat Inactivated (S103-01)\"}]},{\"@type\":\"WebSite\",\"@id\":\"https:\/\/biosciences.vn\/#website\",\"url\":\"https:\/\/biosciences.vn\/\",\"name\":\"Biosciences\",\"description\":\"\",\"publisher\":{\"@id\":\"https:\/\/biosciences.vn\/#organization\"},\"potentialAction\":[{\"@type\":\"SearchAction\",\"target\":{\"@type\":\"EntryPoint\",\"urlTemplate\":\"https:\/\/biosciences.vn\/?s={search_term_string}\"},\"query-input\":{\"@type\":\"PropertyValueSpecification\",\"valueRequired\":true,\"valueName\":\"search_term_string\"}}],\"inLanguage\":\"en-US\"},{\"@type\":\"Organization\",\"@id\":\"https:\/\/biosciences.vn\/#organization\",\"name\":\"Biosciences\",\"url\":\"https:\/\/biosciences.vn\/\",\"logo\":{\"@type\":\"ImageObject\",\"inLanguage\":\"en-US\",\"@id\":\"https:\/\/biosciences.vn\/#\/schema\/logo\/image\/\",\"url\":\"https:\/\/biosciences.vn\/wp-content\/uploads\/2024\/04\/LOGO-BIOSCIENCES-PNG.png\",\"contentUrl\":\"https:\/\/biosciences.vn\/wp-content\/uploads\/2024\/04\/LOGO-BIOSCIENCES-PNG.png\",\"width\":2536,\"height\":638,\"caption\":\"Biosciences\"},\"image\":{\"@id\":\"https:\/\/biosciences.vn\/#\/schema\/logo\/image\/\"}}]}<\/script>\n<!-- \/ Yoast SEO plugin. -->","yoast_head_json":{"title":"Bovine Calf Serum (BCS) Heat Inactivated (S103-01) - Biosciences","robots":{"index":"index","follow":"follow","max-snippet":"max-snippet:-1","max-image-preview":"max-image-preview:large","max-video-preview":"max-video-preview:-1"},"canonical":"https:\/\/biosciences.vn\/index.php\/product\/bovine-calf-serum-bcs-heat-inactivated-s103-01\/","og_locale":"en_US","og_type":"article","og_title":"Bovine Calf Serum (BCS) Heat Inactivated (S103-01) - Biosciences","og_description":"Bovine Calf Serum (BCS) Heat Inactivated l\u00e0 lo\u1ea1i huy\u1ebft thanh \u0111\u00e3 \u0111\u01b0\u1ee3c x\u1eed l\u00fd nhi\u1ec7t \u0111\u1ec3 v\u00f4 hi\u1ec7u h\u00f3a c\u00e1c y\u1ebfu t\u1ed1 b\u1ed5 th\u1ec3 m\u00e0 kh\u00f4ng \u1ea3nh h\u01b0\u1edfng \u0111\u1ebfn ch\u1ea5t l\u01b0\u1ee3ng dinh d\u01b0\u1ee1ng v\u00e0 kh\u1ea3 n\u0103ng h\u1ed7 tr\u1ee3 nu\u00f4i c\u1ea5y t\u1ebf b\u00e0o. S\u1ea3n ph\u1ea9m n\u00e0y \u0111\u1eb7c bi\u1ec7t ph\u00f9 h\u1ee3p cho c\u00e1c nghi\u00ean c\u1ee9u nh\u1ea1y c\u1ea3m, [&hellip;]","og_url":"https:\/\/biosciences.vn\/index.php\/product\/bovine-calf-serum-bcs-heat-inactivated-s103-01\/","og_site_name":"Biosciences","article_modified_time":"2025-08-28T07:55:09+00:00","og_image":[{"width":900,"height":900,"url":"https:\/\/biosciences.vn\/wp-content\/uploads\/2024\/10\/S103-01_900x.webp","type":"image\/webp"}],"twitter_card":"summary_large_image","twitter_misc":{"Est. reading time":"1 minute"},"schema":{"@context":"https:\/\/schema.org","@graph":[{"@type":"WebPage","@id":"https:\/\/biosciences.vn\/index.php\/product\/bovine-calf-serum-bcs-heat-inactivated-s103-01\/","url":"https:\/\/biosciences.vn\/index.php\/product\/bovine-calf-serum-bcs-heat-inactivated-s103-01\/","name":"Bovine Calf Serum (BCS) Heat Inactivated (S103-01) - Biosciences","isPartOf":{"@id":"https:\/\/biosciences.vn\/#website"},"primaryImageOfPage":{"@id":"https:\/\/biosciences.vn\/index.php\/product\/bovine-calf-serum-bcs-heat-inactivated-s103-01\/#primaryimage"},"image":{"@id":"https:\/\/biosciences.vn\/index.php\/product\/bovine-calf-serum-bcs-heat-inactivated-s103-01\/#primaryimage"},"thumbnailUrl":"https:\/\/biosciences.vn\/wp-content\/uploads\/2024\/10\/S103-01_900x.webp","datePublished":"2024-10-29T10:25:16+00:00","dateModified":"2025-08-28T07:55:09+00:00","breadcrumb":{"@id":"https:\/\/biosciences.vn\/index.php\/product\/bovine-calf-serum-bcs-heat-inactivated-s103-01\/#breadcrumb"},"inLanguage":"en-US","potentialAction":[{"@type":"ReadAction","target":["https:\/\/biosciences.vn\/index.php\/product\/bovine-calf-serum-bcs-heat-inactivated-s103-01\/"]}]},{"@type":"ImageObject","inLanguage":"en-US","@id":"https:\/\/biosciences.vn\/index.php\/product\/bovine-calf-serum-bcs-heat-inactivated-s103-01\/#primaryimage","url":"https:\/\/biosciences.vn\/wp-content\/uploads\/2024\/10\/S103-01_900x.webp","contentUrl":"https:\/\/biosciences.vn\/wp-content\/uploads\/2024\/10\/S103-01_900x.webp","width":900,"height":900},{"@type":"BreadcrumbList","@id":"https:\/\/biosciences.vn\/index.php\/product\/bovine-calf-serum-bcs-heat-inactivated-s103-01\/#breadcrumb","itemListElement":[{"@type":"ListItem","position":1,"name":"Trang ch\u1ee7","item":"https:\/\/biosciences.vn\/index.php\/en\/home\/"},{"@type":"ListItem","position":2,"name":"Shop","item":"https:\/\/biosciences.vn\/index.php\/shop\/"},{"@type":"ListItem","position":3,"name":"Bovine Calf Serum (BCS) Heat Inactivated (S103-01)"}]},{"@type":"WebSite","@id":"https:\/\/biosciences.vn\/#website","url":"https:\/\/biosciences.vn\/","name":"Biosciences","description":"","publisher":{"@id":"https:\/\/biosciences.vn\/#organization"},"potentialAction":[{"@type":"SearchAction","target":{"@type":"EntryPoint","urlTemplate":"https:\/\/biosciences.vn\/?s={search_term_string}"},"query-input":{"@type":"PropertyValueSpecification","valueRequired":true,"valueName":"search_term_string"}}],"inLanguage":"en-US"},{"@type":"Organization","@id":"https:\/\/biosciences.vn\/#organization","name":"Biosciences","url":"https:\/\/biosciences.vn\/","logo":{"@type":"ImageObject","inLanguage":"en-US","@id":"https:\/\/biosciences.vn\/#\/schema\/logo\/image\/","url":"https:\/\/biosciences.vn\/wp-content\/uploads\/2024\/04\/LOGO-BIOSCIENCES-PNG.png","contentUrl":"https:\/\/biosciences.vn\/wp-content\/uploads\/2024\/04\/LOGO-BIOSCIENCES-PNG.png","width":2536,"height":638,"caption":"Biosciences"},"image":{"@id":"https:\/\/biosciences.vn\/#\/schema\/logo\/image\/"}}]}},"brands":[{"id":906,"name":"WELGENE","slug":"welgene"}],"_links":{"self":[{"href":"https:\/\/biosciences.vn\/index.php\/wp-json\/wp\/v2\/product\/6382"}],"collection":[{"href":"https:\/\/biosciences.vn\/index.php\/wp-json\/wp\/v2\/product"}],"about":[{"href":"https:\/\/biosciences.vn\/index.php\/wp-json\/wp\/v2\/types\/product"}],"replies":[{"embeddable":true,"href":"https:\/\/biosciences.vn\/index.php\/wp-json\/wp\/v2\/comments?post=6382"}],"wp:featuredmedia":[{"embeddable":true,"href":"https:\/\/biosciences.vn\/index.php\/wp-json\/wp\/v2\/media\/6383"}],"wp:attachment":[{"href":"https:\/\/biosciences.vn\/index.php\/wp-json\/wp\/v2\/media?parent=6382"}],"wp:term":[{"taxonomy":"pwb-brand","embeddable":true,"href":"https:\/\/biosciences.vn\/index.php\/wp-json\/wp\/v2\/pwb-brand?post=6382"},{"taxonomy":"product_cat","embeddable":true,"href":"https:\/\/biosciences.vn\/index.php\/wp-json\/wp\/v2\/product_cat?post=6382"},{"taxonomy":"product_tag","embeddable":true,"href":"https:\/\/biosciences.vn\/index.php\/wp-json\/wp\/v2\/product_tag?post=6382"}],"curies":[{"name":"wp","href":"https:\/\/api.w.org\/{rel}","templated":true}]}}