{"id":6403,"date":"2024-10-31T11:54:20","date_gmt":"2024-10-31T04:54:20","guid":{"rendered":"https:\/\/biosciences.vn\/?post_type=product&#038;p=6403"},"modified":"2025-08-28T14:55:09","modified_gmt":"2025-08-28T07:55:09","slug":"nhan-chi-thi-khu-trung-bang-nhiet-kho-loai-1-cdbn-1","status":"publish","type":"product","link":"https:\/\/biosciences.vn\/index.php\/product\/nhan-chi-thi-khu-trung-bang-nhiet-kho-loai-1-cdbn-1\/","title":{"rendered":"Nh\u00e3n ch\u1ec9 th\u1ecb kh\u1eed tr\u00f9ng b\u1eb1ng nhi\u1ec7t kh\u00f4 Lo\u1ea1i 1 CDBN-1"},"content":{"rendered":"<p><strong>Nh\u00e3n ch\u1ec9 th\u1ecb kh\u1eed tr\u00f9ng b\u1eb1ng nhi\u1ec7t kh\u00f4 Lo\u1ea1i 1 CDBN-1<\/strong><\/p>\n<ul>\n<li><strong>K\u00edch th\u01b0\u1edbc:<\/strong> 12 mm<\/li>\n<li><strong>M\u00e0u s\u1eafc:<\/strong> V\u00e0ng chuy\u1ec3n sang Xanh<\/li>\n<li><strong>S\u1ed1 l\u01b0\u1ee3ng:<\/strong> 5,000 nh\u00e3n\/cu\u1ed9n<\/li>\n<li><strong>Nhi\u1ec7t \u0111\u1ed9 t\u1ed1i \u0111a:<\/strong> \u2264 160\u00b0C<\/li>\n<li><strong>Ti\u00eau chu\u1ea9n:<\/strong> ISO 11140-1 Lo\u1ea1i 1<\/li>\n<\/ul>\n<p><strong>\u0110\u1eb7c \u0111i\u1ec3m n\u1ed5i b\u1eadt:<\/strong><\/p>\n<ul>\n<li>Ch\u1ec9 th\u1ecb c\u00f3 kh\u1ea3 n\u0103ng chuy\u1ec3n m\u00e0u r\u00f5 r\u00e0ng t\u1eeb xanh d\u01b0\u01a1ng sang m\u00e0u t\u1ed1i (x\u00e1m\/\u0111en), gi\u00fap d\u1ec5 d\u00e0ng nh\u1eadn di\u1ec7n qu\u00e1 tr\u00ecnh nhi\u1ec7t kh\u00f4 \u0111\u00e3 ho\u00e0n t\u1ea5t.<\/li>\n<li>S\u1ea3n ph\u1ea9m kh\u00f4ng ch\u1ee9a ch\u00ec, kh\u00f4ng c\u00f3 kim lo\u1ea1i n\u1eb7ng ho\u1eb7c latex, an to\u00e0n khi s\u1eed d\u1ee5ng.<\/li>\n<li>\u0110\u1ea3m b\u1ea3o th\u1eddi h\u1ea1n s\u1eed d\u1ee5ng l\u00e2u d\u00e0i l\u00ean \u0111\u1ebfn 4 n\u0103m.<\/li>\n<\/ul>\n<p>Ch\u1ec9 th\u1ecb nhi\u1ec7t kh\u00f4 lo\u1ea1i 1 CDBN-1 c\u1ee7a True Indicating l\u00e0 gi\u1ea3i ph\u00e1p l\u00fd t\u01b0\u1edfng cho c\u00e1c \u1ee9ng d\u1ee5ng ki\u1ec3m so\u00e1t quy tr\u00ecnh trong \u0111i\u1ec1u ki\u1ec7n nhi\u1ec7t kh\u00f4, gi\u00fap b\u1ea1n theo d\u00f5i d\u1ec5 d\u00e0ng v\u00e0 ch\u00ednh x\u00e1c qu\u00e1 tr\u00ecnh kh\u1eed tr\u00f9ng.<\/p>\n","protected":false},"excerpt":{"rendered":"<p>Nh\u00e3n ch\u1ec9 th\u1ecb kh\u1eed tr\u00f9ng b\u1eb1ng nhi\u1ec7t kh\u00f4 Lo\u1ea1i 1 CDBN-1 K\u00edch th\u01b0\u1edbc: 12 mm M\u00e0u s\u1eafc: V\u00e0ng chuy\u1ec3n sang Xanh S\u1ed1 l\u01b0\u1ee3ng: 5,000 nh\u00e3n\/cu\u1ed9n Nhi\u1ec7t \u0111\u1ed9 t\u1ed1i \u0111a: \u2264 160\u00b0C Ti\u00eau chu\u1ea9n: ISO 11140-1 Lo\u1ea1i 1 \u0110\u1eb7c \u0111i\u1ec3m n\u1ed5i b\u1eadt: Ch\u1ec9 th\u1ecb c\u00f3 kh\u1ea3 n\u0103ng chuy\u1ec3n m\u00e0u r\u00f5 r\u00e0ng t\u1eeb xanh d\u01b0\u01a1ng sang m\u00e0u [&hellip;]<\/p>\n","protected":false},"featured_media":6404,"comment_status":"open","ping_status":"closed","template":"","meta":[],"pwb-brand":[648],"product_cat":[491,707,737,741,709,739],"product_tag":[937],"class_list":{"0":"post-6403","1":"product","2":"type-product","3":"status-publish","4":"has-post-thumbnail","6":"pwb-brand-true-indicating-vi","7":"product_cat-kiem-soat-nhiem-khuan","8":"product_cat-cham-soc-suc-khoe","9":"product_cat-cong-nghiep","10":"product_cat-duoc-pham-vi","11":"product_cat-nha-khoa","12":"product_cat-phong-thi-nghiem","13":"product_tag-nhiet-kho","15":"first","16":"onbackorder","17":"shipping-taxable","18":"purchasable","19":"product-type-simple"},"yoast_head":"<!-- This site is optimized with the Yoast SEO plugin v23.6 - https:\/\/yoast.com\/wordpress\/plugins\/seo\/ -->\n<title>Nh\u00e3n ch\u1ec9 th\u1ecb kh\u1eed tr\u00f9ng b\u1eb1ng nhi\u1ec7t kh\u00f4 Lo\u1ea1i 1 CDBN-1 - Biosciences<\/title>\n<meta name=\"robots\" content=\"index, follow, max-snippet:-1, max-image-preview:large, max-video-preview:-1\" \/>\n<link rel=\"canonical\" href=\"https:\/\/biosciences.vn\/index.php\/product\/nhan-chi-thi-khu-trung-bang-nhiet-kho-loai-1-cdbn-1\/\" \/>\n<meta property=\"og:locale\" content=\"en_US\" \/>\n<meta property=\"og:type\" content=\"article\" \/>\n<meta property=\"og:title\" content=\"Nh\u00e3n ch\u1ec9 th\u1ecb kh\u1eed tr\u00f9ng b\u1eb1ng nhi\u1ec7t kh\u00f4 Lo\u1ea1i 1 CDBN-1 - Biosciences\" \/>\n<meta property=\"og:description\" content=\"Nh\u00e3n ch\u1ec9 th\u1ecb kh\u1eed tr\u00f9ng b\u1eb1ng nhi\u1ec7t kh\u00f4 Lo\u1ea1i 1 CDBN-1 K\u00edch th\u01b0\u1edbc: 12 mm M\u00e0u s\u1eafc: V\u00e0ng chuy\u1ec3n sang Xanh S\u1ed1 l\u01b0\u1ee3ng: 5,000 nh\u00e3n\/cu\u1ed9n Nhi\u1ec7t \u0111\u1ed9 t\u1ed1i \u0111a: \u2264 160\u00b0C Ti\u00eau chu\u1ea9n: ISO 11140-1 Lo\u1ea1i 1 \u0110\u1eb7c \u0111i\u1ec3m n\u1ed5i b\u1eadt: Ch\u1ec9 th\u1ecb c\u00f3 kh\u1ea3 n\u0103ng chuy\u1ec3n m\u00e0u r\u00f5 r\u00e0ng t\u1eeb xanh d\u01b0\u01a1ng sang m\u00e0u [&hellip;]\" \/>\n<meta property=\"og:url\" content=\"https:\/\/biosciences.vn\/index.php\/product\/nhan-chi-thi-khu-trung-bang-nhiet-kho-loai-1-cdbn-1\/\" \/>\n<meta property=\"og:site_name\" content=\"Biosciences\" \/>\n<meta property=\"article:modified_time\" content=\"2025-08-28T07:55:09+00:00\" \/>\n<meta property=\"og:image\" content=\"https:\/\/biosciences.vn\/wp-content\/uploads\/2024\/10\/CDBN-1.webp\" \/>\n\t<meta property=\"og:image:width\" content=\"593\" \/>\n\t<meta property=\"og:image:height\" content=\"395\" \/>\n\t<meta property=\"og:image:type\" content=\"image\/webp\" \/>\n<meta name=\"twitter:card\" content=\"summary_large_image\" \/>\n<meta name=\"twitter:label1\" content=\"Est. reading time\" \/>\n\t<meta name=\"twitter:data1\" content=\"1 minute\" \/>\n<script type=\"application\/ld+json\" class=\"yoast-schema-graph\">{\"@context\":\"https:\/\/schema.org\",\"@graph\":[{\"@type\":\"WebPage\",\"@id\":\"https:\/\/biosciences.vn\/index.php\/product\/nhan-chi-thi-khu-trung-bang-nhiet-kho-loai-1-cdbn-1\/\",\"url\":\"https:\/\/biosciences.vn\/index.php\/product\/nhan-chi-thi-khu-trung-bang-nhiet-kho-loai-1-cdbn-1\/\",\"name\":\"Nh\u00e3n ch\u1ec9 th\u1ecb kh\u1eed tr\u00f9ng b\u1eb1ng nhi\u1ec7t kh\u00f4 Lo\u1ea1i 1 CDBN-1 - Biosciences\",\"isPartOf\":{\"@id\":\"https:\/\/biosciences.vn\/#website\"},\"primaryImageOfPage\":{\"@id\":\"https:\/\/biosciences.vn\/index.php\/product\/nhan-chi-thi-khu-trung-bang-nhiet-kho-loai-1-cdbn-1\/#primaryimage\"},\"image\":{\"@id\":\"https:\/\/biosciences.vn\/index.php\/product\/nhan-chi-thi-khu-trung-bang-nhiet-kho-loai-1-cdbn-1\/#primaryimage\"},\"thumbnailUrl\":\"https:\/\/biosciences.vn\/wp-content\/uploads\/2024\/10\/CDBN-1.webp\",\"datePublished\":\"2024-10-31T04:54:20+00:00\",\"dateModified\":\"2025-08-28T07:55:09+00:00\",\"breadcrumb\":{\"@id\":\"https:\/\/biosciences.vn\/index.php\/product\/nhan-chi-thi-khu-trung-bang-nhiet-kho-loai-1-cdbn-1\/#breadcrumb\"},\"inLanguage\":\"en-US\",\"potentialAction\":[{\"@type\":\"ReadAction\",\"target\":[\"https:\/\/biosciences.vn\/index.php\/product\/nhan-chi-thi-khu-trung-bang-nhiet-kho-loai-1-cdbn-1\/\"]}]},{\"@type\":\"ImageObject\",\"inLanguage\":\"en-US\",\"@id\":\"https:\/\/biosciences.vn\/index.php\/product\/nhan-chi-thi-khu-trung-bang-nhiet-kho-loai-1-cdbn-1\/#primaryimage\",\"url\":\"https:\/\/biosciences.vn\/wp-content\/uploads\/2024\/10\/CDBN-1.webp\",\"contentUrl\":\"https:\/\/biosciences.vn\/wp-content\/uploads\/2024\/10\/CDBN-1.webp\",\"width\":593,\"height\":395},{\"@type\":\"BreadcrumbList\",\"@id\":\"https:\/\/biosciences.vn\/index.php\/product\/nhan-chi-thi-khu-trung-bang-nhiet-kho-loai-1-cdbn-1\/#breadcrumb\",\"itemListElement\":[{\"@type\":\"ListItem\",\"position\":1,\"name\":\"Trang ch\u1ee7\",\"item\":\"https:\/\/biosciences.vn\/index.php\/en\/home\/\"},{\"@type\":\"ListItem\",\"position\":2,\"name\":\"Shop\",\"item\":\"https:\/\/biosciences.vn\/index.php\/shop\/\"},{\"@type\":\"ListItem\",\"position\":3,\"name\":\"Nh\u00e3n ch\u1ec9 th\u1ecb kh\u1eed tr\u00f9ng b\u1eb1ng nhi\u1ec7t kh\u00f4 Lo\u1ea1i 1 CDBN-1\"}]},{\"@type\":\"WebSite\",\"@id\":\"https:\/\/biosciences.vn\/#website\",\"url\":\"https:\/\/biosciences.vn\/\",\"name\":\"Biosciences\",\"description\":\"\",\"publisher\":{\"@id\":\"https:\/\/biosciences.vn\/#organization\"},\"potentialAction\":[{\"@type\":\"SearchAction\",\"target\":{\"@type\":\"EntryPoint\",\"urlTemplate\":\"https:\/\/biosciences.vn\/?s={search_term_string}\"},\"query-input\":{\"@type\":\"PropertyValueSpecification\",\"valueRequired\":true,\"valueName\":\"search_term_string\"}}],\"inLanguage\":\"en-US\"},{\"@type\":\"Organization\",\"@id\":\"https:\/\/biosciences.vn\/#organization\",\"name\":\"Biosciences\",\"url\":\"https:\/\/biosciences.vn\/\",\"logo\":{\"@type\":\"ImageObject\",\"inLanguage\":\"en-US\",\"@id\":\"https:\/\/biosciences.vn\/#\/schema\/logo\/image\/\",\"url\":\"https:\/\/biosciences.vn\/wp-content\/uploads\/2024\/04\/LOGO-BIOSCIENCES-PNG.png\",\"contentUrl\":\"https:\/\/biosciences.vn\/wp-content\/uploads\/2024\/04\/LOGO-BIOSCIENCES-PNG.png\",\"width\":2536,\"height\":638,\"caption\":\"Biosciences\"},\"image\":{\"@id\":\"https:\/\/biosciences.vn\/#\/schema\/logo\/image\/\"}}]}<\/script>\n<!-- \/ Yoast SEO plugin. -->","yoast_head_json":{"title":"Nh\u00e3n ch\u1ec9 th\u1ecb kh\u1eed tr\u00f9ng b\u1eb1ng nhi\u1ec7t kh\u00f4 Lo\u1ea1i 1 CDBN-1 - Biosciences","robots":{"index":"index","follow":"follow","max-snippet":"max-snippet:-1","max-image-preview":"max-image-preview:large","max-video-preview":"max-video-preview:-1"},"canonical":"https:\/\/biosciences.vn\/index.php\/product\/nhan-chi-thi-khu-trung-bang-nhiet-kho-loai-1-cdbn-1\/","og_locale":"en_US","og_type":"article","og_title":"Nh\u00e3n ch\u1ec9 th\u1ecb kh\u1eed tr\u00f9ng b\u1eb1ng nhi\u1ec7t kh\u00f4 Lo\u1ea1i 1 CDBN-1 - Biosciences","og_description":"Nh\u00e3n ch\u1ec9 th\u1ecb kh\u1eed tr\u00f9ng b\u1eb1ng nhi\u1ec7t kh\u00f4 Lo\u1ea1i 1 CDBN-1 K\u00edch th\u01b0\u1edbc: 12 mm M\u00e0u s\u1eafc: V\u00e0ng chuy\u1ec3n sang Xanh S\u1ed1 l\u01b0\u1ee3ng: 5,000 nh\u00e3n\/cu\u1ed9n Nhi\u1ec7t \u0111\u1ed9 t\u1ed1i \u0111a: \u2264 160\u00b0C Ti\u00eau chu\u1ea9n: ISO 11140-1 Lo\u1ea1i 1 \u0110\u1eb7c \u0111i\u1ec3m n\u1ed5i b\u1eadt: Ch\u1ec9 th\u1ecb c\u00f3 kh\u1ea3 n\u0103ng chuy\u1ec3n m\u00e0u r\u00f5 r\u00e0ng t\u1eeb xanh d\u01b0\u01a1ng sang m\u00e0u [&hellip;]","og_url":"https:\/\/biosciences.vn\/index.php\/product\/nhan-chi-thi-khu-trung-bang-nhiet-kho-loai-1-cdbn-1\/","og_site_name":"Biosciences","article_modified_time":"2025-08-28T07:55:09+00:00","og_image":[{"width":593,"height":395,"url":"https:\/\/biosciences.vn\/wp-content\/uploads\/2024\/10\/CDBN-1.webp","type":"image\/webp"}],"twitter_card":"summary_large_image","twitter_misc":{"Est. reading time":"1 minute"},"schema":{"@context":"https:\/\/schema.org","@graph":[{"@type":"WebPage","@id":"https:\/\/biosciences.vn\/index.php\/product\/nhan-chi-thi-khu-trung-bang-nhiet-kho-loai-1-cdbn-1\/","url":"https:\/\/biosciences.vn\/index.php\/product\/nhan-chi-thi-khu-trung-bang-nhiet-kho-loai-1-cdbn-1\/","name":"Nh\u00e3n ch\u1ec9 th\u1ecb kh\u1eed tr\u00f9ng b\u1eb1ng nhi\u1ec7t kh\u00f4 Lo\u1ea1i 1 CDBN-1 - Biosciences","isPartOf":{"@id":"https:\/\/biosciences.vn\/#website"},"primaryImageOfPage":{"@id":"https:\/\/biosciences.vn\/index.php\/product\/nhan-chi-thi-khu-trung-bang-nhiet-kho-loai-1-cdbn-1\/#primaryimage"},"image":{"@id":"https:\/\/biosciences.vn\/index.php\/product\/nhan-chi-thi-khu-trung-bang-nhiet-kho-loai-1-cdbn-1\/#primaryimage"},"thumbnailUrl":"https:\/\/biosciences.vn\/wp-content\/uploads\/2024\/10\/CDBN-1.webp","datePublished":"2024-10-31T04:54:20+00:00","dateModified":"2025-08-28T07:55:09+00:00","breadcrumb":{"@id":"https:\/\/biosciences.vn\/index.php\/product\/nhan-chi-thi-khu-trung-bang-nhiet-kho-loai-1-cdbn-1\/#breadcrumb"},"inLanguage":"en-US","potentialAction":[{"@type":"ReadAction","target":["https:\/\/biosciences.vn\/index.php\/product\/nhan-chi-thi-khu-trung-bang-nhiet-kho-loai-1-cdbn-1\/"]}]},{"@type":"ImageObject","inLanguage":"en-US","@id":"https:\/\/biosciences.vn\/index.php\/product\/nhan-chi-thi-khu-trung-bang-nhiet-kho-loai-1-cdbn-1\/#primaryimage","url":"https:\/\/biosciences.vn\/wp-content\/uploads\/2024\/10\/CDBN-1.webp","contentUrl":"https:\/\/biosciences.vn\/wp-content\/uploads\/2024\/10\/CDBN-1.webp","width":593,"height":395},{"@type":"BreadcrumbList","@id":"https:\/\/biosciences.vn\/index.php\/product\/nhan-chi-thi-khu-trung-bang-nhiet-kho-loai-1-cdbn-1\/#breadcrumb","itemListElement":[{"@type":"ListItem","position":1,"name":"Trang ch\u1ee7","item":"https:\/\/biosciences.vn\/index.php\/en\/home\/"},{"@type":"ListItem","position":2,"name":"Shop","item":"https:\/\/biosciences.vn\/index.php\/shop\/"},{"@type":"ListItem","position":3,"name":"Nh\u00e3n ch\u1ec9 th\u1ecb kh\u1eed tr\u00f9ng b\u1eb1ng nhi\u1ec7t kh\u00f4 Lo\u1ea1i 1 CDBN-1"}]},{"@type":"WebSite","@id":"https:\/\/biosciences.vn\/#website","url":"https:\/\/biosciences.vn\/","name":"Biosciences","description":"","publisher":{"@id":"https:\/\/biosciences.vn\/#organization"},"potentialAction":[{"@type":"SearchAction","target":{"@type":"EntryPoint","urlTemplate":"https:\/\/biosciences.vn\/?s={search_term_string}"},"query-input":{"@type":"PropertyValueSpecification","valueRequired":true,"valueName":"search_term_string"}}],"inLanguage":"en-US"},{"@type":"Organization","@id":"https:\/\/biosciences.vn\/#organization","name":"Biosciences","url":"https:\/\/biosciences.vn\/","logo":{"@type":"ImageObject","inLanguage":"en-US","@id":"https:\/\/biosciences.vn\/#\/schema\/logo\/image\/","url":"https:\/\/biosciences.vn\/wp-content\/uploads\/2024\/04\/LOGO-BIOSCIENCES-PNG.png","contentUrl":"https:\/\/biosciences.vn\/wp-content\/uploads\/2024\/04\/LOGO-BIOSCIENCES-PNG.png","width":2536,"height":638,"caption":"Biosciences"},"image":{"@id":"https:\/\/biosciences.vn\/#\/schema\/logo\/image\/"}}]}},"brands":[{"id":648,"name":"True Indicating","slug":"true-indicating-vi"}],"_links":{"self":[{"href":"https:\/\/biosciences.vn\/index.php\/wp-json\/wp\/v2\/product\/6403"}],"collection":[{"href":"https:\/\/biosciences.vn\/index.php\/wp-json\/wp\/v2\/product"}],"about":[{"href":"https:\/\/biosciences.vn\/index.php\/wp-json\/wp\/v2\/types\/product"}],"replies":[{"embeddable":true,"href":"https:\/\/biosciences.vn\/index.php\/wp-json\/wp\/v2\/comments?post=6403"}],"wp:featuredmedia":[{"embeddable":true,"href":"https:\/\/biosciences.vn\/index.php\/wp-json\/wp\/v2\/media\/6404"}],"wp:attachment":[{"href":"https:\/\/biosciences.vn\/index.php\/wp-json\/wp\/v2\/media?parent=6403"}],"wp:term":[{"taxonomy":"pwb-brand","embeddable":true,"href":"https:\/\/biosciences.vn\/index.php\/wp-json\/wp\/v2\/pwb-brand?post=6403"},{"taxonomy":"product_cat","embeddable":true,"href":"https:\/\/biosciences.vn\/index.php\/wp-json\/wp\/v2\/product_cat?post=6403"},{"taxonomy":"product_tag","embeddable":true,"href":"https:\/\/biosciences.vn\/index.php\/wp-json\/wp\/v2\/product_tag?post=6403"}],"curies":[{"name":"wp","href":"https:\/\/api.w.org\/{rel}","templated":true}]}}