{"id":6409,"date":"2024-10-31T13:54:21","date_gmt":"2024-10-31T06:54:21","guid":{"rendered":"https:\/\/biosciences.vn\/?post_type=product&#038;p=6409"},"modified":"2025-08-28T14:55:09","modified_gmt":"2025-08-28T07:55:09","slug":"nzygelpure-4-2","status":"publish","type":"product","link":"https:\/\/biosciences.vn\/index.php\/product\/nzygelpure-4-2\/","title":{"rendered":"NZYGelpure (MB01104)"},"content":{"rendered":"<p><strong>Unit size: <\/strong>2 x 50 c\u1ed9t<\/p>\n<p>B\u1ed9 d\u1ee5ng c\u1ee5 NZYGelpure \u0111\u01b0\u1ee3c thi\u1ebft k\u1ebf \u0111\u1ec3 tinh ch\u1ebf DNA t\u1eeb gel agarose TAE\/TBE v\u00e0 \u0111\u1ec3 tinh ch\u1ebf tr\u1ef1c ti\u1ebfp c\u00e1c s\u1ea3n ph\u1ea9m PCR. T\u1ef7 l\u1ec7 ph\u1ee5c h\u1ed3i trung b\u00ecnh dao \u0111\u1ed9ng t\u1eeb 60 \u0111\u1ebfn 90% t\u00f9y thu\u1ed9c v\u00e0o k\u00edch th\u01b0\u1edbc \u0111o\u1ea1n. B\u1ed9 d\u1ee5ng c\u1ee5 tinh ch\u1ebf NZYGelpure s\u1eed d\u1ee5ng m\u00e0ng g\u1ed1c silica-gel c\u00f3 kh\u1ea3 n\u0103ng h\u1ea5p ph\u1ee5 ch\u1ecdn l\u1ecdc t\u1edbi 20 \u00b5g \u0111o\u1ea1n DNA khi c\u00f3 \u0111\u1ec7m li\u00ean k\u1ebft chuy\u00ean d\u1ee5ng. Agarose h\u00f2a tan, nucleotide, oligo (&lt;30-mer), ch\u1ea5t k\u1ebft d\u00ednh m\u1ed3i, enzyme, d\u1ea7u kho\u00e1ng v\u00e0 c\u00e1c t\u1ea1p ch\u1ea5t kh\u00e1c kh\u00f4ng li\u00ean k\u1ebft v\u1edbi m\u00e0ng v\u00e0 b\u1ecb r\u1eeda tr\u00f4i. Sau \u0111\u00f3, c\u00e1c \u0111o\u1ea1n DNA \u0111\u01b0\u1ee3c r\u1eeda gi\u1ea3i kh\u1ecfi c\u1ed9t v\u00e0 c\u00f3 th\u1ec3 \u0111\u01b0\u1ee3c s\u1eed d\u1ee5ng cho c\u00e1c giao th\u1ee9c h\u1ea1 l\u01b0u m\u00e0 kh\u00f4ng c\u1ea7n x\u1eed l\u00fd th\u00eam. \u0110\u1ec7m li\u00ean k\u1ebft ch\u1ee9a ch\u1ea5t ch\u1ec9 th\u1ecb pH, cho ph\u00e9p \u0111\u00e1nh gi\u00e1 \u0111\u1ed9 pH t\u1ed1i \u01b0u \u0111\u1ec3 li\u00ean k\u1ebft DNA. Ch\u1ea5t ch\u1ec9 th\u1ecb pH kh\u00f4ng \u1ea3nh h\u01b0\u1edfng \u0111\u1ebfn li\u00ean k\u1ebft DNA.<\/p>\n<p>DNA tinh khi\u1ebft ch\u1ea5t l\u01b0\u1ee3ng cao s\u1eed d\u1ee5ng NZYGelpure:<br \/>\nKh\u1ea3 n\u0103ng ph\u1ee5c h\u1ed3i c\u00e1c \u0111o\u1ea1n DNA c\u00f3 k\u00edch th\u01b0\u1edbc kh\u00e1c nhau t\u1eeb gel agarose c\u1ee7a NZYGelpure \u0111\u00e3 \u0111\u01b0\u1ee3c th\u1eed nghi\u1ec7m b\u1eb1ng c\u00e1ch so s\u00e1nh v\u1edbi s\u1ea3n ph\u1ea9m t\u01b0\u01a1ng t\u1ef1 c\u1ee7a \u0111\u1ed1i th\u1ee7 c\u1ea1nh tranh. Do \u0111\u00f3, hai s\u1ea3n ph\u1ea9m PCR kh\u00e1c nhau c\u00f3 k\u00edch th\u01b0\u1edbc l\u1ea7n l\u01b0\u1ee3t l\u00e0 2 v\u00e0 3 kb \u0111\u00e3 \u0111\u01b0\u1ee3c t\u00e1ch (theo b\u1ea3n sao) th\u00f4ng qua \u0111i\u1ec7n di tr\u00ean gel agarose 1% (w\/v) v\u00e0 sau \u0111\u00f3 \u0111\u01b0\u1ee3c tinh ch\u1ebf t\u1eeb gel b\u1eb1ng NZYGelpure v\u00e0 b\u1ed9 d\u1ee5ng c\u1ee5 c\u1ee7a \u0111\u1ed1i th\u1ee7 c\u1ea1nh tranh, theo c\u00e1c giao th\u1ee9c s\u1ea3n xu\u1ea5t t\u01b0\u01a1ng \u1ee9ng.<\/p>\n<p>A260\/A280: &gt;1,8<br \/>\nTh\u1ec3 t\u00edch r\u1eeda gi\u1ea3i: 30-50 \u00b5L<br \/>\nKh\u1ea3 n\u0103ng li\u00ean k\u1ebft: 20 \u00b5g<\/p>\n","protected":false},"excerpt":{"rendered":"<p>Unit size: 2 x 50 c\u1ed9t B\u1ed9 d\u1ee5ng c\u1ee5 NZYGelpure \u0111\u01b0\u1ee3c thi\u1ebft k\u1ebf \u0111\u1ec3 tinh ch\u1ebf DNA t\u1eeb gel agarose TAE\/TBE v\u00e0 \u0111\u1ec3 tinh ch\u1ebf tr\u1ef1c ti\u1ebfp c\u00e1c s\u1ea3n ph\u1ea9m PCR. T\u1ef7 l\u1ec7 ph\u1ee5c h\u1ed3i trung b\u00ecnh dao \u0111\u1ed9ng t\u1eeb 60 \u0111\u1ebfn 90% t\u00f9y thu\u1ed9c v\u00e0o k\u00edch th\u01b0\u1edbc \u0111o\u1ea1n. B\u1ed9 d\u1ee5ng c\u1ee5 tinh ch\u1ebf NZYGelpure [&hellip;]<\/p>\n","protected":false},"featured_media":6394,"comment_status":"open","ping_status":"closed","template":"","meta":[],"pwb-brand":[933],"product_cat":[434,731,814],"product_tag":[],"class_list":{"0":"post-6409","1":"product","2":"type-product","3":"status-publish","4":"has-post-thumbnail","6":"pwb-brand-nzytech","7":"product_cat-khoa-hoc-su-song","8":"product_cat-sinh-hoc-phan-tu","9":"product_cat-dna-rna-purification","11":"first","12":"onbackorder","13":"shipping-taxable","14":"purchasable","15":"product-type-simple"},"yoast_head":"<!-- This site is optimized with the Yoast SEO plugin v23.6 - https:\/\/yoast.com\/wordpress\/plugins\/seo\/ -->\n<title>NZYGelpure (MB01104) - Biosciences<\/title>\n<meta name=\"robots\" content=\"index, follow, max-snippet:-1, max-image-preview:large, max-video-preview:-1\" \/>\n<link rel=\"canonical\" href=\"https:\/\/biosciences.vn\/index.php\/product\/nzygelpure-4-2\/\" \/>\n<meta property=\"og:locale\" content=\"en_US\" \/>\n<meta property=\"og:type\" content=\"article\" \/>\n<meta property=\"og:title\" content=\"NZYGelpure (MB01104) - Biosciences\" \/>\n<meta property=\"og:description\" content=\"Unit size: 2 x 50 c\u1ed9t B\u1ed9 d\u1ee5ng c\u1ee5 NZYGelpure \u0111\u01b0\u1ee3c thi\u1ebft k\u1ebf \u0111\u1ec3 tinh ch\u1ebf DNA t\u1eeb gel agarose TAE\/TBE v\u00e0 \u0111\u1ec3 tinh ch\u1ebf tr\u1ef1c ti\u1ebfp c\u00e1c s\u1ea3n ph\u1ea9m PCR. T\u1ef7 l\u1ec7 ph\u1ee5c h\u1ed3i trung b\u00ecnh dao \u0111\u1ed9ng t\u1eeb 60 \u0111\u1ebfn 90% t\u00f9y thu\u1ed9c v\u00e0o k\u00edch th\u01b0\u1edbc \u0111o\u1ea1n. B\u1ed9 d\u1ee5ng c\u1ee5 tinh ch\u1ebf NZYGelpure [&hellip;]\" \/>\n<meta property=\"og:url\" content=\"https:\/\/biosciences.vn\/index.php\/product\/nzygelpure-4-2\/\" \/>\n<meta property=\"og:site_name\" content=\"Biosciences\" \/>\n<meta property=\"article:modified_time\" content=\"2025-08-28T07:55:09+00:00\" \/>\n<meta property=\"og:image\" content=\"https:\/\/biosciences.vn\/wp-content\/uploads\/2024\/10\/NZYtech-.jpg\" \/>\n\t<meta property=\"og:image:width\" content=\"700\" \/>\n\t<meta property=\"og:image:height\" content=\"700\" \/>\n\t<meta property=\"og:image:type\" content=\"image\/jpeg\" \/>\n<meta name=\"twitter:card\" content=\"summary_large_image\" \/>\n<meta name=\"twitter:label1\" content=\"Est. reading time\" \/>\n\t<meta name=\"twitter:data1\" content=\"2 minutes\" \/>\n<script type=\"application\/ld+json\" class=\"yoast-schema-graph\">{\"@context\":\"https:\/\/schema.org\",\"@graph\":[{\"@type\":\"WebPage\",\"@id\":\"https:\/\/biosciences.vn\/index.php\/product\/nzygelpure-4-2\/\",\"url\":\"https:\/\/biosciences.vn\/index.php\/product\/nzygelpure-4-2\/\",\"name\":\"NZYGelpure (MB01104) - Biosciences\",\"isPartOf\":{\"@id\":\"https:\/\/biosciences.vn\/#website\"},\"primaryImageOfPage\":{\"@id\":\"https:\/\/biosciences.vn\/index.php\/product\/nzygelpure-4-2\/#primaryimage\"},\"image\":{\"@id\":\"https:\/\/biosciences.vn\/index.php\/product\/nzygelpure-4-2\/#primaryimage\"},\"thumbnailUrl\":\"https:\/\/biosciences.vn\/wp-content\/uploads\/2024\/10\/NZYtech-.jpg\",\"datePublished\":\"2024-10-31T06:54:21+00:00\",\"dateModified\":\"2025-08-28T07:55:09+00:00\",\"breadcrumb\":{\"@id\":\"https:\/\/biosciences.vn\/index.php\/product\/nzygelpure-4-2\/#breadcrumb\"},\"inLanguage\":\"en-US\",\"potentialAction\":[{\"@type\":\"ReadAction\",\"target\":[\"https:\/\/biosciences.vn\/index.php\/product\/nzygelpure-4-2\/\"]}]},{\"@type\":\"ImageObject\",\"inLanguage\":\"en-US\",\"@id\":\"https:\/\/biosciences.vn\/index.php\/product\/nzygelpure-4-2\/#primaryimage\",\"url\":\"https:\/\/biosciences.vn\/wp-content\/uploads\/2024\/10\/NZYtech-.jpg\",\"contentUrl\":\"https:\/\/biosciences.vn\/wp-content\/uploads\/2024\/10\/NZYtech-.jpg\",\"width\":700,\"height\":700},{\"@type\":\"BreadcrumbList\",\"@id\":\"https:\/\/biosciences.vn\/index.php\/product\/nzygelpure-4-2\/#breadcrumb\",\"itemListElement\":[{\"@type\":\"ListItem\",\"position\":1,\"name\":\"Trang ch\u1ee7\",\"item\":\"https:\/\/biosciences.vn\/index.php\/en\/home\/\"},{\"@type\":\"ListItem\",\"position\":2,\"name\":\"Shop\",\"item\":\"https:\/\/biosciences.vn\/index.php\/shop\/\"},{\"@type\":\"ListItem\",\"position\":3,\"name\":\"NZYGelpure (MB01104)\"}]},{\"@type\":\"WebSite\",\"@id\":\"https:\/\/biosciences.vn\/#website\",\"url\":\"https:\/\/biosciences.vn\/\",\"name\":\"Biosciences\",\"description\":\"\",\"publisher\":{\"@id\":\"https:\/\/biosciences.vn\/#organization\"},\"potentialAction\":[{\"@type\":\"SearchAction\",\"target\":{\"@type\":\"EntryPoint\",\"urlTemplate\":\"https:\/\/biosciences.vn\/?s={search_term_string}\"},\"query-input\":{\"@type\":\"PropertyValueSpecification\",\"valueRequired\":true,\"valueName\":\"search_term_string\"}}],\"inLanguage\":\"en-US\"},{\"@type\":\"Organization\",\"@id\":\"https:\/\/biosciences.vn\/#organization\",\"name\":\"Biosciences\",\"url\":\"https:\/\/biosciences.vn\/\",\"logo\":{\"@type\":\"ImageObject\",\"inLanguage\":\"en-US\",\"@id\":\"https:\/\/biosciences.vn\/#\/schema\/logo\/image\/\",\"url\":\"https:\/\/biosciences.vn\/wp-content\/uploads\/2024\/04\/LOGO-BIOSCIENCES-PNG.png\",\"contentUrl\":\"https:\/\/biosciences.vn\/wp-content\/uploads\/2024\/04\/LOGO-BIOSCIENCES-PNG.png\",\"width\":2536,\"height\":638,\"caption\":\"Biosciences\"},\"image\":{\"@id\":\"https:\/\/biosciences.vn\/#\/schema\/logo\/image\/\"}}]}<\/script>\n<!-- \/ Yoast SEO plugin. -->","yoast_head_json":{"title":"NZYGelpure (MB01104) - Biosciences","robots":{"index":"index","follow":"follow","max-snippet":"max-snippet:-1","max-image-preview":"max-image-preview:large","max-video-preview":"max-video-preview:-1"},"canonical":"https:\/\/biosciences.vn\/index.php\/product\/nzygelpure-4-2\/","og_locale":"en_US","og_type":"article","og_title":"NZYGelpure (MB01104) - Biosciences","og_description":"Unit size: 2 x 50 c\u1ed9t B\u1ed9 d\u1ee5ng c\u1ee5 NZYGelpure \u0111\u01b0\u1ee3c thi\u1ebft k\u1ebf \u0111\u1ec3 tinh ch\u1ebf DNA t\u1eeb gel agarose TAE\/TBE v\u00e0 \u0111\u1ec3 tinh ch\u1ebf tr\u1ef1c ti\u1ebfp c\u00e1c s\u1ea3n ph\u1ea9m PCR. T\u1ef7 l\u1ec7 ph\u1ee5c h\u1ed3i trung b\u00ecnh dao \u0111\u1ed9ng t\u1eeb 60 \u0111\u1ebfn 90% t\u00f9y thu\u1ed9c v\u00e0o k\u00edch th\u01b0\u1edbc \u0111o\u1ea1n. B\u1ed9 d\u1ee5ng c\u1ee5 tinh ch\u1ebf NZYGelpure [&hellip;]","og_url":"https:\/\/biosciences.vn\/index.php\/product\/nzygelpure-4-2\/","og_site_name":"Biosciences","article_modified_time":"2025-08-28T07:55:09+00:00","og_image":[{"width":700,"height":700,"url":"https:\/\/biosciences.vn\/wp-content\/uploads\/2024\/10\/NZYtech-.jpg","type":"image\/jpeg"}],"twitter_card":"summary_large_image","twitter_misc":{"Est. reading time":"2 minutes"},"schema":{"@context":"https:\/\/schema.org","@graph":[{"@type":"WebPage","@id":"https:\/\/biosciences.vn\/index.php\/product\/nzygelpure-4-2\/","url":"https:\/\/biosciences.vn\/index.php\/product\/nzygelpure-4-2\/","name":"NZYGelpure (MB01104) - Biosciences","isPartOf":{"@id":"https:\/\/biosciences.vn\/#website"},"primaryImageOfPage":{"@id":"https:\/\/biosciences.vn\/index.php\/product\/nzygelpure-4-2\/#primaryimage"},"image":{"@id":"https:\/\/biosciences.vn\/index.php\/product\/nzygelpure-4-2\/#primaryimage"},"thumbnailUrl":"https:\/\/biosciences.vn\/wp-content\/uploads\/2024\/10\/NZYtech-.jpg","datePublished":"2024-10-31T06:54:21+00:00","dateModified":"2025-08-28T07:55:09+00:00","breadcrumb":{"@id":"https:\/\/biosciences.vn\/index.php\/product\/nzygelpure-4-2\/#breadcrumb"},"inLanguage":"en-US","potentialAction":[{"@type":"ReadAction","target":["https:\/\/biosciences.vn\/index.php\/product\/nzygelpure-4-2\/"]}]},{"@type":"ImageObject","inLanguage":"en-US","@id":"https:\/\/biosciences.vn\/index.php\/product\/nzygelpure-4-2\/#primaryimage","url":"https:\/\/biosciences.vn\/wp-content\/uploads\/2024\/10\/NZYtech-.jpg","contentUrl":"https:\/\/biosciences.vn\/wp-content\/uploads\/2024\/10\/NZYtech-.jpg","width":700,"height":700},{"@type":"BreadcrumbList","@id":"https:\/\/biosciences.vn\/index.php\/product\/nzygelpure-4-2\/#breadcrumb","itemListElement":[{"@type":"ListItem","position":1,"name":"Trang ch\u1ee7","item":"https:\/\/biosciences.vn\/index.php\/en\/home\/"},{"@type":"ListItem","position":2,"name":"Shop","item":"https:\/\/biosciences.vn\/index.php\/shop\/"},{"@type":"ListItem","position":3,"name":"NZYGelpure (MB01104)"}]},{"@type":"WebSite","@id":"https:\/\/biosciences.vn\/#website","url":"https:\/\/biosciences.vn\/","name":"Biosciences","description":"","publisher":{"@id":"https:\/\/biosciences.vn\/#organization"},"potentialAction":[{"@type":"SearchAction","target":{"@type":"EntryPoint","urlTemplate":"https:\/\/biosciences.vn\/?s={search_term_string}"},"query-input":{"@type":"PropertyValueSpecification","valueRequired":true,"valueName":"search_term_string"}}],"inLanguage":"en-US"},{"@type":"Organization","@id":"https:\/\/biosciences.vn\/#organization","name":"Biosciences","url":"https:\/\/biosciences.vn\/","logo":{"@type":"ImageObject","inLanguage":"en-US","@id":"https:\/\/biosciences.vn\/#\/schema\/logo\/image\/","url":"https:\/\/biosciences.vn\/wp-content\/uploads\/2024\/04\/LOGO-BIOSCIENCES-PNG.png","contentUrl":"https:\/\/biosciences.vn\/wp-content\/uploads\/2024\/04\/LOGO-BIOSCIENCES-PNG.png","width":2536,"height":638,"caption":"Biosciences"},"image":{"@id":"https:\/\/biosciences.vn\/#\/schema\/logo\/image\/"}}]}},"brands":[{"id":933,"name":"NZYtech","slug":"nzytech"}],"_links":{"self":[{"href":"https:\/\/biosciences.vn\/index.php\/wp-json\/wp\/v2\/product\/6409"}],"collection":[{"href":"https:\/\/biosciences.vn\/index.php\/wp-json\/wp\/v2\/product"}],"about":[{"href":"https:\/\/biosciences.vn\/index.php\/wp-json\/wp\/v2\/types\/product"}],"replies":[{"embeddable":true,"href":"https:\/\/biosciences.vn\/index.php\/wp-json\/wp\/v2\/comments?post=6409"}],"wp:featuredmedia":[{"embeddable":true,"href":"https:\/\/biosciences.vn\/index.php\/wp-json\/wp\/v2\/media\/6394"}],"wp:attachment":[{"href":"https:\/\/biosciences.vn\/index.php\/wp-json\/wp\/v2\/media?parent=6409"}],"wp:term":[{"taxonomy":"pwb-brand","embeddable":true,"href":"https:\/\/biosciences.vn\/index.php\/wp-json\/wp\/v2\/pwb-brand?post=6409"},{"taxonomy":"product_cat","embeddable":true,"href":"https:\/\/biosciences.vn\/index.php\/wp-json\/wp\/v2\/product_cat?post=6409"},{"taxonomy":"product_tag","embeddable":true,"href":"https:\/\/biosciences.vn\/index.php\/wp-json\/wp\/v2\/product_tag?post=6409"}],"curies":[{"name":"wp","href":"https:\/\/api.w.org\/{rel}","templated":true}]}}