{"id":6411,"date":"2024-10-31T13:54:22","date_gmt":"2024-10-31T06:54:22","guid":{"rendered":"https:\/\/biosciences.vn\/?post_type=product&#038;p=6411"},"modified":"2025-08-28T14:55:09","modified_gmt":"2025-08-28T07:55:09","slug":"speedy-nzy-exosap-mix-1","status":"publish","type":"product","link":"https:\/\/biosciences.vn\/index.php\/product\/speedy-nzy-exosap-mix-1\/","title":{"rendered":"Speedy NZY ExoSAP Mix\n  (MB47401)"},"content":{"rendered":"<p><strong>Unit size: <\/strong>50rxns<\/p>\n<p>Qu\u00e1 tr\u00ecnh l\u00e0m s\u1ea1ch b\u1eb1ng enzyme \u0111\u1ed1i v\u1edbi c\u00e1c s\u1ea3n ph\u1ea9m PCR n\u1ed5i b\u1eadt v\u00ec \u0111\u1ed9 ch\u00ednh x\u00e1c, t\u00ednh \u0111\u01a1n gi\u1ea3n, t\u1ed1c \u0111\u1ed9 v\u00e0 hi\u1ec7u qu\u1ea3 so v\u1edbi c\u00e1c ph\u01b0\u01a1ng ph\u00e1p thay th\u1ebf nh\u01b0 c\u1ed9t ly t\u00e2m ho\u1eb7c h\u1ea1t tinh ch\u1ebf axit nucleic.<\/p>\n<p>Speedy NZY ExoSAP Mix c\u00f3 s\u1ef1 k\u1ebft h\u1ee3p m\u1ea1nh m\u1ebd gi\u1eefa c\u00e1c ho\u1ea1t \u0111\u1ed9ng c\u1ee7a Alkaline Phosphatase v\u00e0 Exonuclease t\u00e1i t\u1ed5 h\u1ee3p c\u00f3 \u0111\u1ed9 tinh khi\u1ebft v\u00e0 \u0111\u1ed9 \u0111\u1eb7c hi\u1ec7u cao. Hai lo\u1ea1i enzyme th\u1ee7y ph\u00e2n n\u00e0y \u0111\u01b0\u1ee3c thi\u1ebft k\u1ebf ri\u00eang \u0111\u1ec3 x\u1eed l\u00fd c\u00e1c s\u1ea3n ph\u1ea9m PCR c\u00f3 k\u00edch th\u01b0\u1edbc kh\u00e1c nhau m\u00e0 kh\u00f4ng l\u00e0m m\u1ea5t t\u00ednh to\u00e0n v\u1eb9n c\u1ee7a m\u1eabu. Do \u0111\u00f3, ho\u1ea1t \u0111\u1ed9ng k\u1ebft h\u1ee3p c\u1ee7a h\u1ed7n h\u1ee3p chuy\u00ean d\u1ee5ng n\u00e0y lo\u1ea1i b\u1ecf c\u00e1c \u0111o\u1ea1n m\u1ed3i v\u00e0 nucleotide ch\u01b0a k\u1ebft h\u1ee3p kh\u1ecfi c\u00e1c ph\u1ea3n \u1ee9ng PCR, \u0111\u1ea3m b\u1ea3o r\u1eb1ng c\u00e1c amplicon thu \u0111\u01b0\u1ee3c \u0111\u01b0\u1ee3c x\u1eed l\u00fd hi\u1ec7u qu\u1ea3 trong qu\u00e1 tr\u00ecnh gi\u1ea3i tr\u00ecnh t\u1ef1 DNA, nh\u00e2n b\u1ea3n, ph\u00e2n t\u00edch ki\u1ec3u gen ho\u1eb7c b\u1ea5t k\u1ef3 \u1ee9ng d\u1ee5ng h\u1ea1 ngu\u1ed3n n\u00e0o kh\u00e1c.<\/p>\n<p>Speedy NZY ExoSAP Mix \u0111\u01b0\u1ee3c t\u1ed1i \u01b0u h\u00f3a cho c\u00e1c \u0111\u1ec7m PCR th\u01b0\u1eddng d\u00f9ng, \u0111\u01a1n gi\u1ea3n h\u00f3a qu\u00e1 tr\u00ecnh l\u00e0m s\u1ea1ch th\u00f4ng qua vi\u1ec7c b\u1ed5 sung h\u1ed7n h\u1ee3p enzyme theo t\u1ef7 l\u1ec7 1:6 v\u00e0o s\u1ea3n ph\u1ea9m PCR. Ho\u1ea1t \u0111\u1ed9ng nhanh ch\u1ec9 k\u00e9o d\u00e0i 2 ph\u00fat, sau \u0111\u00f3 l\u00e0 qu\u00e1 tr\u00ecnh b\u1ea5t ho\u1ea1t enzyme th\u00f4ng qua qu\u00e1 tr\u00ecnh ti\u1ebfp x\u00fac nhi\u1ec7t ng\u1eafn trong 1 ph\u00fat \u1edf 80\u00b0C.<\/p>\n","protected":false},"excerpt":{"rendered":"<p>Unit size: 50rxns Qu\u00e1 tr\u00ecnh l\u00e0m s\u1ea1ch b\u1eb1ng enzyme \u0111\u1ed1i v\u1edbi c\u00e1c s\u1ea3n ph\u1ea9m PCR n\u1ed5i b\u1eadt v\u00ec \u0111\u1ed9 ch\u00ednh x\u00e1c, t\u00ednh \u0111\u01a1n gi\u1ea3n, t\u1ed1c \u0111\u1ed9 v\u00e0 hi\u1ec7u qu\u1ea3 so v\u1edbi c\u00e1c ph\u01b0\u01a1ng ph\u00e1p thay th\u1ebf nh\u01b0 c\u1ed9t ly t\u00e2m ho\u1eb7c h\u1ea1t tinh ch\u1ebf axit nucleic. Speedy NZY ExoSAP Mix c\u00f3 s\u1ef1 k\u1ebft h\u1ee3p m\u1ea1nh [&hellip;]<\/p>\n","protected":false},"featured_media":6394,"comment_status":"open","ping_status":"closed","template":"","meta":[],"pwb-brand":[933],"product_cat":[434,731,814],"product_tag":[],"class_list":{"0":"post-6411","1":"product","2":"type-product","3":"status-publish","4":"has-post-thumbnail","6":"pwb-brand-nzytech","7":"product_cat-khoa-hoc-su-song","8":"product_cat-sinh-hoc-phan-tu","9":"product_cat-dna-rna-purification","11":"first","12":"onbackorder","13":"shipping-taxable","14":"purchasable","15":"product-type-simple"},"yoast_head":"<!-- This site is optimized with the Yoast SEO plugin v23.6 - https:\/\/yoast.com\/wordpress\/plugins\/seo\/ -->\n<title>Speedy NZY ExoSAP Mix  (MB47401) - Biosciences<\/title>\n<meta name=\"robots\" content=\"index, follow, max-snippet:-1, max-image-preview:large, max-video-preview:-1\" \/>\n<link rel=\"canonical\" href=\"https:\/\/biosciences.vn\/index.php\/product\/speedy-nzy-exosap-mix-1\/\" \/>\n<meta property=\"og:locale\" content=\"en_US\" \/>\n<meta property=\"og:type\" content=\"article\" \/>\n<meta property=\"og:title\" content=\"Speedy NZY ExoSAP Mix  (MB47401) - Biosciences\" \/>\n<meta property=\"og:description\" content=\"Unit size: 50rxns Qu\u00e1 tr\u00ecnh l\u00e0m s\u1ea1ch b\u1eb1ng enzyme \u0111\u1ed1i v\u1edbi c\u00e1c s\u1ea3n ph\u1ea9m PCR n\u1ed5i b\u1eadt v\u00ec \u0111\u1ed9 ch\u00ednh x\u00e1c, t\u00ednh \u0111\u01a1n gi\u1ea3n, t\u1ed1c \u0111\u1ed9 v\u00e0 hi\u1ec7u qu\u1ea3 so v\u1edbi c\u00e1c ph\u01b0\u01a1ng ph\u00e1p thay th\u1ebf nh\u01b0 c\u1ed9t ly t\u00e2m ho\u1eb7c h\u1ea1t tinh ch\u1ebf axit nucleic. Speedy NZY ExoSAP Mix c\u00f3 s\u1ef1 k\u1ebft h\u1ee3p m\u1ea1nh [&hellip;]\" \/>\n<meta property=\"og:url\" content=\"https:\/\/biosciences.vn\/index.php\/product\/speedy-nzy-exosap-mix-1\/\" \/>\n<meta property=\"og:site_name\" content=\"Biosciences\" \/>\n<meta property=\"article:modified_time\" content=\"2025-08-28T07:55:09+00:00\" \/>\n<meta property=\"og:image\" content=\"https:\/\/biosciences.vn\/wp-content\/uploads\/2024\/10\/NZYtech-.jpg\" \/>\n\t<meta property=\"og:image:width\" content=\"700\" \/>\n\t<meta property=\"og:image:height\" content=\"700\" \/>\n\t<meta property=\"og:image:type\" content=\"image\/jpeg\" \/>\n<meta name=\"twitter:card\" content=\"summary_large_image\" \/>\n<meta name=\"twitter:label1\" content=\"Est. reading time\" \/>\n\t<meta name=\"twitter:data1\" content=\"2 minutes\" \/>\n<script type=\"application\/ld+json\" class=\"yoast-schema-graph\">{\"@context\":\"https:\/\/schema.org\",\"@graph\":[{\"@type\":\"WebPage\",\"@id\":\"https:\/\/biosciences.vn\/index.php\/product\/speedy-nzy-exosap-mix-1\/\",\"url\":\"https:\/\/biosciences.vn\/index.php\/product\/speedy-nzy-exosap-mix-1\/\",\"name\":\"Speedy NZY ExoSAP Mix (MB47401) - Biosciences\",\"isPartOf\":{\"@id\":\"https:\/\/biosciences.vn\/#website\"},\"primaryImageOfPage\":{\"@id\":\"https:\/\/biosciences.vn\/index.php\/product\/speedy-nzy-exosap-mix-1\/#primaryimage\"},\"image\":{\"@id\":\"https:\/\/biosciences.vn\/index.php\/product\/speedy-nzy-exosap-mix-1\/#primaryimage\"},\"thumbnailUrl\":\"https:\/\/biosciences.vn\/wp-content\/uploads\/2024\/10\/NZYtech-.jpg\",\"datePublished\":\"2024-10-31T06:54:22+00:00\",\"dateModified\":\"2025-08-28T07:55:09+00:00\",\"breadcrumb\":{\"@id\":\"https:\/\/biosciences.vn\/index.php\/product\/speedy-nzy-exosap-mix-1\/#breadcrumb\"},\"inLanguage\":\"en-US\",\"potentialAction\":[{\"@type\":\"ReadAction\",\"target\":[\"https:\/\/biosciences.vn\/index.php\/product\/speedy-nzy-exosap-mix-1\/\"]}]},{\"@type\":\"ImageObject\",\"inLanguage\":\"en-US\",\"@id\":\"https:\/\/biosciences.vn\/index.php\/product\/speedy-nzy-exosap-mix-1\/#primaryimage\",\"url\":\"https:\/\/biosciences.vn\/wp-content\/uploads\/2024\/10\/NZYtech-.jpg\",\"contentUrl\":\"https:\/\/biosciences.vn\/wp-content\/uploads\/2024\/10\/NZYtech-.jpg\",\"width\":700,\"height\":700},{\"@type\":\"BreadcrumbList\",\"@id\":\"https:\/\/biosciences.vn\/index.php\/product\/speedy-nzy-exosap-mix-1\/#breadcrumb\",\"itemListElement\":[{\"@type\":\"ListItem\",\"position\":1,\"name\":\"Trang ch\u1ee7\",\"item\":\"https:\/\/biosciences.vn\/index.php\/en\/home\/\"},{\"@type\":\"ListItem\",\"position\":2,\"name\":\"Shop\",\"item\":\"https:\/\/biosciences.vn\/index.php\/shop\/\"},{\"@type\":\"ListItem\",\"position\":3,\"name\":\"Speedy NZY ExoSAP Mix (MB47401)\"}]},{\"@type\":\"WebSite\",\"@id\":\"https:\/\/biosciences.vn\/#website\",\"url\":\"https:\/\/biosciences.vn\/\",\"name\":\"Biosciences\",\"description\":\"\",\"publisher\":{\"@id\":\"https:\/\/biosciences.vn\/#organization\"},\"potentialAction\":[{\"@type\":\"SearchAction\",\"target\":{\"@type\":\"EntryPoint\",\"urlTemplate\":\"https:\/\/biosciences.vn\/?s={search_term_string}\"},\"query-input\":{\"@type\":\"PropertyValueSpecification\",\"valueRequired\":true,\"valueName\":\"search_term_string\"}}],\"inLanguage\":\"en-US\"},{\"@type\":\"Organization\",\"@id\":\"https:\/\/biosciences.vn\/#organization\",\"name\":\"Biosciences\",\"url\":\"https:\/\/biosciences.vn\/\",\"logo\":{\"@type\":\"ImageObject\",\"inLanguage\":\"en-US\",\"@id\":\"https:\/\/biosciences.vn\/#\/schema\/logo\/image\/\",\"url\":\"https:\/\/biosciences.vn\/wp-content\/uploads\/2024\/04\/LOGO-BIOSCIENCES-PNG.png\",\"contentUrl\":\"https:\/\/biosciences.vn\/wp-content\/uploads\/2024\/04\/LOGO-BIOSCIENCES-PNG.png\",\"width\":2536,\"height\":638,\"caption\":\"Biosciences\"},\"image\":{\"@id\":\"https:\/\/biosciences.vn\/#\/schema\/logo\/image\/\"}}]}<\/script>\n<!-- \/ Yoast SEO plugin. -->","yoast_head_json":{"title":"Speedy NZY ExoSAP Mix  (MB47401) - Biosciences","robots":{"index":"index","follow":"follow","max-snippet":"max-snippet:-1","max-image-preview":"max-image-preview:large","max-video-preview":"max-video-preview:-1"},"canonical":"https:\/\/biosciences.vn\/index.php\/product\/speedy-nzy-exosap-mix-1\/","og_locale":"en_US","og_type":"article","og_title":"Speedy NZY ExoSAP Mix  (MB47401) - Biosciences","og_description":"Unit size: 50rxns Qu\u00e1 tr\u00ecnh l\u00e0m s\u1ea1ch b\u1eb1ng enzyme \u0111\u1ed1i v\u1edbi c\u00e1c s\u1ea3n ph\u1ea9m PCR n\u1ed5i b\u1eadt v\u00ec \u0111\u1ed9 ch\u00ednh x\u00e1c, t\u00ednh \u0111\u01a1n gi\u1ea3n, t\u1ed1c \u0111\u1ed9 v\u00e0 hi\u1ec7u qu\u1ea3 so v\u1edbi c\u00e1c ph\u01b0\u01a1ng ph\u00e1p thay th\u1ebf nh\u01b0 c\u1ed9t ly t\u00e2m ho\u1eb7c h\u1ea1t tinh ch\u1ebf axit nucleic. Speedy NZY ExoSAP Mix c\u00f3 s\u1ef1 k\u1ebft h\u1ee3p m\u1ea1nh [&hellip;]","og_url":"https:\/\/biosciences.vn\/index.php\/product\/speedy-nzy-exosap-mix-1\/","og_site_name":"Biosciences","article_modified_time":"2025-08-28T07:55:09+00:00","og_image":[{"width":700,"height":700,"url":"https:\/\/biosciences.vn\/wp-content\/uploads\/2024\/10\/NZYtech-.jpg","type":"image\/jpeg"}],"twitter_card":"summary_large_image","twitter_misc":{"Est. reading time":"2 minutes"},"schema":{"@context":"https:\/\/schema.org","@graph":[{"@type":"WebPage","@id":"https:\/\/biosciences.vn\/index.php\/product\/speedy-nzy-exosap-mix-1\/","url":"https:\/\/biosciences.vn\/index.php\/product\/speedy-nzy-exosap-mix-1\/","name":"Speedy NZY ExoSAP Mix (MB47401) - Biosciences","isPartOf":{"@id":"https:\/\/biosciences.vn\/#website"},"primaryImageOfPage":{"@id":"https:\/\/biosciences.vn\/index.php\/product\/speedy-nzy-exosap-mix-1\/#primaryimage"},"image":{"@id":"https:\/\/biosciences.vn\/index.php\/product\/speedy-nzy-exosap-mix-1\/#primaryimage"},"thumbnailUrl":"https:\/\/biosciences.vn\/wp-content\/uploads\/2024\/10\/NZYtech-.jpg","datePublished":"2024-10-31T06:54:22+00:00","dateModified":"2025-08-28T07:55:09+00:00","breadcrumb":{"@id":"https:\/\/biosciences.vn\/index.php\/product\/speedy-nzy-exosap-mix-1\/#breadcrumb"},"inLanguage":"en-US","potentialAction":[{"@type":"ReadAction","target":["https:\/\/biosciences.vn\/index.php\/product\/speedy-nzy-exosap-mix-1\/"]}]},{"@type":"ImageObject","inLanguage":"en-US","@id":"https:\/\/biosciences.vn\/index.php\/product\/speedy-nzy-exosap-mix-1\/#primaryimage","url":"https:\/\/biosciences.vn\/wp-content\/uploads\/2024\/10\/NZYtech-.jpg","contentUrl":"https:\/\/biosciences.vn\/wp-content\/uploads\/2024\/10\/NZYtech-.jpg","width":700,"height":700},{"@type":"BreadcrumbList","@id":"https:\/\/biosciences.vn\/index.php\/product\/speedy-nzy-exosap-mix-1\/#breadcrumb","itemListElement":[{"@type":"ListItem","position":1,"name":"Trang ch\u1ee7","item":"https:\/\/biosciences.vn\/index.php\/en\/home\/"},{"@type":"ListItem","position":2,"name":"Shop","item":"https:\/\/biosciences.vn\/index.php\/shop\/"},{"@type":"ListItem","position":3,"name":"Speedy NZY ExoSAP Mix (MB47401)"}]},{"@type":"WebSite","@id":"https:\/\/biosciences.vn\/#website","url":"https:\/\/biosciences.vn\/","name":"Biosciences","description":"","publisher":{"@id":"https:\/\/biosciences.vn\/#organization"},"potentialAction":[{"@type":"SearchAction","target":{"@type":"EntryPoint","urlTemplate":"https:\/\/biosciences.vn\/?s={search_term_string}"},"query-input":{"@type":"PropertyValueSpecification","valueRequired":true,"valueName":"search_term_string"}}],"inLanguage":"en-US"},{"@type":"Organization","@id":"https:\/\/biosciences.vn\/#organization","name":"Biosciences","url":"https:\/\/biosciences.vn\/","logo":{"@type":"ImageObject","inLanguage":"en-US","@id":"https:\/\/biosciences.vn\/#\/schema\/logo\/image\/","url":"https:\/\/biosciences.vn\/wp-content\/uploads\/2024\/04\/LOGO-BIOSCIENCES-PNG.png","contentUrl":"https:\/\/biosciences.vn\/wp-content\/uploads\/2024\/04\/LOGO-BIOSCIENCES-PNG.png","width":2536,"height":638,"caption":"Biosciences"},"image":{"@id":"https:\/\/biosciences.vn\/#\/schema\/logo\/image\/"}}]}},"brands":[{"id":933,"name":"NZYtech","slug":"nzytech"}],"_links":{"self":[{"href":"https:\/\/biosciences.vn\/index.php\/wp-json\/wp\/v2\/product\/6411"}],"collection":[{"href":"https:\/\/biosciences.vn\/index.php\/wp-json\/wp\/v2\/product"}],"about":[{"href":"https:\/\/biosciences.vn\/index.php\/wp-json\/wp\/v2\/types\/product"}],"replies":[{"embeddable":true,"href":"https:\/\/biosciences.vn\/index.php\/wp-json\/wp\/v2\/comments?post=6411"}],"wp:featuredmedia":[{"embeddable":true,"href":"https:\/\/biosciences.vn\/index.php\/wp-json\/wp\/v2\/media\/6394"}],"wp:attachment":[{"href":"https:\/\/biosciences.vn\/index.php\/wp-json\/wp\/v2\/media?parent=6411"}],"wp:term":[{"taxonomy":"pwb-brand","embeddable":true,"href":"https:\/\/biosciences.vn\/index.php\/wp-json\/wp\/v2\/pwb-brand?post=6411"},{"taxonomy":"product_cat","embeddable":true,"href":"https:\/\/biosciences.vn\/index.php\/wp-json\/wp\/v2\/product_cat?post=6411"},{"taxonomy":"product_tag","embeddable":true,"href":"https:\/\/biosciences.vn\/index.php\/wp-json\/wp\/v2\/product_tag?post=6411"}],"curies":[{"name":"wp","href":"https:\/\/api.w.org\/{rel}","templated":true}]}}