{"id":6417,"date":"2024-10-31T13:54:43","date_gmt":"2024-10-31T06:54:43","guid":{"rendered":"https:\/\/biosciences.vn\/?post_type=product&#038;p=6417"},"modified":"2025-08-28T14:55:09","modified_gmt":"2025-08-28T07:55:09","slug":"proteinase-k-2-2","status":"publish","type":"product","link":"https:\/\/biosciences.vn\/index.php\/product\/proteinase-k-2-2\/","title":{"rendered":"Proteinase K (MB01902)"},"content":{"rendered":"<p><strong>Unit size: <\/strong>500 mg<\/p>\n<p><span>Proteinase K t\u00e1i t\u1ed5 h\u1ee3p l\u00e0 m\u1ed9t lo\u1ea1i protease serine \u1ed5n \u0111\u1ecbnh v\u1edbi t\u00ednh \u0111\u1eb7c hi\u1ec7u c\u01a1 ch\u1ea5t r\u1ed9ng. N\u00f3 ph\u00e2n h\u1ee7y nhi\u1ec1u protein \u1edf tr\u1ea1ng th\u00e1i t\u1ef1 nhi\u00ean ngay c\u1ea3 khi c\u00f3 ch\u1ea5t t\u1ea9y r\u1eeda (1% Triton ho\u1eb7c 0,5% SDS). Proteinase K \u0111\u01b0\u1ee3c ph\u00e2n l\u1eadp t\u1eeb m\u1ed9t lo\u1ea1i n\u1ea5m (\u00a0<\/span><i><span>Engyodontium album<\/span><\/i><span>\u00a0, tr\u01b0\u1edbc \u0111\u00e2y l\u00e0\u00a0<\/span><i><span>Tritirachium album<\/span><\/i><span>\u00a0) v\u00e0 \u0111\u01b0\u1ee3c bi\u1ec3u hi\u1ec7n trong\u00a0<\/span><i><span>Pichia pastoris<\/span><\/i><span>\u00a0. C\u00f3 kh\u1ea3 n\u0103ng ph\u00e1t tri\u1ec3n tr\u00ean keratin v\u00e0 enzyme c\u00f3 th\u1ec3 ti\u00eau h\u00f3a keratin t\u1ef1 nhi\u00ean (t\u00f3c), do \u0111\u00f3, c\u00f3 t\u00ean l\u00e0 &#8220;Proteinase K&#8221;. Proteinase K c\u1ee7a NZYtech l\u00e0 m\u1ed9t lo\u1ea1i enzyme c\u00f3 \u0111\u1ed9 \u1ed5n \u0111\u1ecbnh cao v\u1edbi nhi\u1ec7t \u0111\u1ed9 t\u1ed1i \u01b0u l\u00e0 50-56 \u00b0C (ph\u1ea1m vi ho\u1ea1t \u0111\u1ed9ng 20-65 \u00b0C) v\u00e0 \u0111\u1ed9 pH t\u1ed1i \u01b0u l\u00e0 7,5-8,5 (ph\u1ea1m vi ho\u1ea1t \u0111\u1ed9ng 4,0-12,0). Proteinase K th\u01b0\u1eddng \u0111\u01b0\u1ee3c s\u1eed d\u1ee5ng trong c\u00e1c \u1ee9ng d\u1ee5ng sinh h\u1ecdc ph\u00e2n t\u1eed \u0111\u1ec3 ti\u00eau h\u00f3a c\u00e1c protein kh\u00f4ng mong mu\u1ed1n, ch\u1eb3ng h\u1ea1n nh\u01b0 nuclease t\u1eeb ch\u1ebf ph\u1ea9m DNA ho\u1eb7c RNA t\u1eeb vi sinh v\u1eadt, t\u1ebf b\u00e0o nu\u00f4i c\u1ea5y v\u00e0 th\u1ef1c v\u1eadt.<\/span><\/p>\n<p><span>S\u1ed1 CAS: 39450-01-6<\/span><\/p>\n<p><span>\u0110\u1ed9 tinh khi\u1ebft: Kh\u00f4ng ph\u00e1t hi\u1ec7n DNase v\u00e0 RNase<\/span><\/p>\n","protected":false},"excerpt":{"rendered":"<p>Unit size: 500 mg Proteinase K t\u00e1i t\u1ed5 h\u1ee3p l\u00e0 m\u1ed9t lo\u1ea1i protease serine \u1ed5n \u0111\u1ecbnh v\u1edbi t\u00ednh \u0111\u1eb7c hi\u1ec7u c\u01a1 ch\u1ea5t r\u1ed9ng. N\u00f3 ph\u00e2n h\u1ee7y nhi\u1ec1u protein \u1edf tr\u1ea1ng th\u00e1i t\u1ef1 nhi\u00ean ngay c\u1ea3 khi c\u00f3 ch\u1ea5t t\u1ea9y r\u1eeda (1% Triton ho\u1eb7c 0,5% SDS). Proteinase K \u0111\u01b0\u1ee3c ph\u00e2n l\u1eadp t\u1eeb m\u1ed9t lo\u1ea1i n\u1ea5m (\u00a0Engyodontium [&hellip;]<\/p>\n","protected":false},"featured_media":6421,"comment_status":"open","ping_status":"closed","template":"","meta":[],"pwb-brand":[933],"product_cat":[434,731,814],"product_tag":[],"class_list":{"0":"post-6417","1":"product","2":"type-product","3":"status-publish","4":"has-post-thumbnail","6":"pwb-brand-nzytech","7":"product_cat-khoa-hoc-su-song","8":"product_cat-sinh-hoc-phan-tu","9":"product_cat-dna-rna-purification","11":"first","12":"onbackorder","13":"shipping-taxable","14":"purchasable","15":"product-type-simple"},"yoast_head":"<!-- This site is optimized with the Yoast SEO plugin v23.6 - https:\/\/yoast.com\/wordpress\/plugins\/seo\/ -->\n<title>Proteinase K (MB01902) - Biosciences<\/title>\n<meta name=\"robots\" content=\"index, follow, max-snippet:-1, max-image-preview:large, max-video-preview:-1\" \/>\n<link rel=\"canonical\" href=\"https:\/\/biosciences.vn\/index.php\/product\/proteinase-k-2-2\/\" \/>\n<meta property=\"og:locale\" content=\"en_US\" \/>\n<meta property=\"og:type\" content=\"article\" \/>\n<meta property=\"og:title\" content=\"Proteinase K (MB01902) - Biosciences\" \/>\n<meta property=\"og:description\" content=\"Unit size: 500 mg Proteinase K t\u00e1i t\u1ed5 h\u1ee3p l\u00e0 m\u1ed9t lo\u1ea1i protease serine \u1ed5n \u0111\u1ecbnh v\u1edbi t\u00ednh \u0111\u1eb7c hi\u1ec7u c\u01a1 ch\u1ea5t r\u1ed9ng. N\u00f3 ph\u00e2n h\u1ee7y nhi\u1ec1u protein \u1edf tr\u1ea1ng th\u00e1i t\u1ef1 nhi\u00ean ngay c\u1ea3 khi c\u00f3 ch\u1ea5t t\u1ea9y r\u1eeda (1% Triton ho\u1eb7c 0,5% SDS). Proteinase K \u0111\u01b0\u1ee3c ph\u00e2n l\u1eadp t\u1eeb m\u1ed9t lo\u1ea1i n\u1ea5m (\u00a0Engyodontium [&hellip;]\" \/>\n<meta property=\"og:url\" content=\"https:\/\/biosciences.vn\/index.php\/product\/proteinase-k-2-2\/\" \/>\n<meta property=\"og:site_name\" content=\"Biosciences\" \/>\n<meta property=\"article:modified_time\" content=\"2025-08-28T07:55:09+00:00\" \/>\n<meta property=\"og:image\" content=\"https:\/\/biosciences.vn\/wp-content\/uploads\/2024\/10\/mb019_1_1.jpg\" \/>\n\t<meta property=\"og:image:width\" content=\"700\" \/>\n\t<meta property=\"og:image:height\" content=\"700\" \/>\n\t<meta property=\"og:image:type\" content=\"image\/jpeg\" \/>\n<meta name=\"twitter:card\" content=\"summary_large_image\" \/>\n<meta name=\"twitter:label1\" content=\"Est. reading time\" \/>\n\t<meta name=\"twitter:data1\" content=\"1 minute\" \/>\n<script type=\"application\/ld+json\" class=\"yoast-schema-graph\">{\"@context\":\"https:\/\/schema.org\",\"@graph\":[{\"@type\":\"WebPage\",\"@id\":\"https:\/\/biosciences.vn\/index.php\/product\/proteinase-k-2-2\/\",\"url\":\"https:\/\/biosciences.vn\/index.php\/product\/proteinase-k-2-2\/\",\"name\":\"Proteinase K (MB01902) - Biosciences\",\"isPartOf\":{\"@id\":\"https:\/\/biosciences.vn\/#website\"},\"primaryImageOfPage\":{\"@id\":\"https:\/\/biosciences.vn\/index.php\/product\/proteinase-k-2-2\/#primaryimage\"},\"image\":{\"@id\":\"https:\/\/biosciences.vn\/index.php\/product\/proteinase-k-2-2\/#primaryimage\"},\"thumbnailUrl\":\"https:\/\/biosciences.vn\/wp-content\/uploads\/2024\/10\/mb019_1_1.jpg\",\"datePublished\":\"2024-10-31T06:54:43+00:00\",\"dateModified\":\"2025-08-28T07:55:09+00:00\",\"breadcrumb\":{\"@id\":\"https:\/\/biosciences.vn\/index.php\/product\/proteinase-k-2-2\/#breadcrumb\"},\"inLanguage\":\"en-US\",\"potentialAction\":[{\"@type\":\"ReadAction\",\"target\":[\"https:\/\/biosciences.vn\/index.php\/product\/proteinase-k-2-2\/\"]}]},{\"@type\":\"ImageObject\",\"inLanguage\":\"en-US\",\"@id\":\"https:\/\/biosciences.vn\/index.php\/product\/proteinase-k-2-2\/#primaryimage\",\"url\":\"https:\/\/biosciences.vn\/wp-content\/uploads\/2024\/10\/mb019_1_1.jpg\",\"contentUrl\":\"https:\/\/biosciences.vn\/wp-content\/uploads\/2024\/10\/mb019_1_1.jpg\",\"width\":700,\"height\":700},{\"@type\":\"BreadcrumbList\",\"@id\":\"https:\/\/biosciences.vn\/index.php\/product\/proteinase-k-2-2\/#breadcrumb\",\"itemListElement\":[{\"@type\":\"ListItem\",\"position\":1,\"name\":\"Trang ch\u1ee7\",\"item\":\"https:\/\/biosciences.vn\/index.php\/en\/home\/\"},{\"@type\":\"ListItem\",\"position\":2,\"name\":\"Shop\",\"item\":\"https:\/\/biosciences.vn\/index.php\/shop\/\"},{\"@type\":\"ListItem\",\"position\":3,\"name\":\"Proteinase K (MB01902)\"}]},{\"@type\":\"WebSite\",\"@id\":\"https:\/\/biosciences.vn\/#website\",\"url\":\"https:\/\/biosciences.vn\/\",\"name\":\"Biosciences\",\"description\":\"\",\"publisher\":{\"@id\":\"https:\/\/biosciences.vn\/#organization\"},\"potentialAction\":[{\"@type\":\"SearchAction\",\"target\":{\"@type\":\"EntryPoint\",\"urlTemplate\":\"https:\/\/biosciences.vn\/?s={search_term_string}\"},\"query-input\":{\"@type\":\"PropertyValueSpecification\",\"valueRequired\":true,\"valueName\":\"search_term_string\"}}],\"inLanguage\":\"en-US\"},{\"@type\":\"Organization\",\"@id\":\"https:\/\/biosciences.vn\/#organization\",\"name\":\"Biosciences\",\"url\":\"https:\/\/biosciences.vn\/\",\"logo\":{\"@type\":\"ImageObject\",\"inLanguage\":\"en-US\",\"@id\":\"https:\/\/biosciences.vn\/#\/schema\/logo\/image\/\",\"url\":\"https:\/\/biosciences.vn\/wp-content\/uploads\/2024\/04\/LOGO-BIOSCIENCES-PNG.png\",\"contentUrl\":\"https:\/\/biosciences.vn\/wp-content\/uploads\/2024\/04\/LOGO-BIOSCIENCES-PNG.png\",\"width\":2536,\"height\":638,\"caption\":\"Biosciences\"},\"image\":{\"@id\":\"https:\/\/biosciences.vn\/#\/schema\/logo\/image\/\"}}]}<\/script>\n<!-- \/ Yoast SEO plugin. -->","yoast_head_json":{"title":"Proteinase K (MB01902) - Biosciences","robots":{"index":"index","follow":"follow","max-snippet":"max-snippet:-1","max-image-preview":"max-image-preview:large","max-video-preview":"max-video-preview:-1"},"canonical":"https:\/\/biosciences.vn\/index.php\/product\/proteinase-k-2-2\/","og_locale":"en_US","og_type":"article","og_title":"Proteinase K (MB01902) - Biosciences","og_description":"Unit size: 500 mg Proteinase K t\u00e1i t\u1ed5 h\u1ee3p l\u00e0 m\u1ed9t lo\u1ea1i protease serine \u1ed5n \u0111\u1ecbnh v\u1edbi t\u00ednh \u0111\u1eb7c hi\u1ec7u c\u01a1 ch\u1ea5t r\u1ed9ng. N\u00f3 ph\u00e2n h\u1ee7y nhi\u1ec1u protein \u1edf tr\u1ea1ng th\u00e1i t\u1ef1 nhi\u00ean ngay c\u1ea3 khi c\u00f3 ch\u1ea5t t\u1ea9y r\u1eeda (1% Triton ho\u1eb7c 0,5% SDS). Proteinase K \u0111\u01b0\u1ee3c ph\u00e2n l\u1eadp t\u1eeb m\u1ed9t lo\u1ea1i n\u1ea5m (\u00a0Engyodontium [&hellip;]","og_url":"https:\/\/biosciences.vn\/index.php\/product\/proteinase-k-2-2\/","og_site_name":"Biosciences","article_modified_time":"2025-08-28T07:55:09+00:00","og_image":[{"width":700,"height":700,"url":"https:\/\/biosciences.vn\/wp-content\/uploads\/2024\/10\/mb019_1_1.jpg","type":"image\/jpeg"}],"twitter_card":"summary_large_image","twitter_misc":{"Est. reading time":"1 minute"},"schema":{"@context":"https:\/\/schema.org","@graph":[{"@type":"WebPage","@id":"https:\/\/biosciences.vn\/index.php\/product\/proteinase-k-2-2\/","url":"https:\/\/biosciences.vn\/index.php\/product\/proteinase-k-2-2\/","name":"Proteinase K (MB01902) - Biosciences","isPartOf":{"@id":"https:\/\/biosciences.vn\/#website"},"primaryImageOfPage":{"@id":"https:\/\/biosciences.vn\/index.php\/product\/proteinase-k-2-2\/#primaryimage"},"image":{"@id":"https:\/\/biosciences.vn\/index.php\/product\/proteinase-k-2-2\/#primaryimage"},"thumbnailUrl":"https:\/\/biosciences.vn\/wp-content\/uploads\/2024\/10\/mb019_1_1.jpg","datePublished":"2024-10-31T06:54:43+00:00","dateModified":"2025-08-28T07:55:09+00:00","breadcrumb":{"@id":"https:\/\/biosciences.vn\/index.php\/product\/proteinase-k-2-2\/#breadcrumb"},"inLanguage":"en-US","potentialAction":[{"@type":"ReadAction","target":["https:\/\/biosciences.vn\/index.php\/product\/proteinase-k-2-2\/"]}]},{"@type":"ImageObject","inLanguage":"en-US","@id":"https:\/\/biosciences.vn\/index.php\/product\/proteinase-k-2-2\/#primaryimage","url":"https:\/\/biosciences.vn\/wp-content\/uploads\/2024\/10\/mb019_1_1.jpg","contentUrl":"https:\/\/biosciences.vn\/wp-content\/uploads\/2024\/10\/mb019_1_1.jpg","width":700,"height":700},{"@type":"BreadcrumbList","@id":"https:\/\/biosciences.vn\/index.php\/product\/proteinase-k-2-2\/#breadcrumb","itemListElement":[{"@type":"ListItem","position":1,"name":"Trang ch\u1ee7","item":"https:\/\/biosciences.vn\/index.php\/en\/home\/"},{"@type":"ListItem","position":2,"name":"Shop","item":"https:\/\/biosciences.vn\/index.php\/shop\/"},{"@type":"ListItem","position":3,"name":"Proteinase K (MB01902)"}]},{"@type":"WebSite","@id":"https:\/\/biosciences.vn\/#website","url":"https:\/\/biosciences.vn\/","name":"Biosciences","description":"","publisher":{"@id":"https:\/\/biosciences.vn\/#organization"},"potentialAction":[{"@type":"SearchAction","target":{"@type":"EntryPoint","urlTemplate":"https:\/\/biosciences.vn\/?s={search_term_string}"},"query-input":{"@type":"PropertyValueSpecification","valueRequired":true,"valueName":"search_term_string"}}],"inLanguage":"en-US"},{"@type":"Organization","@id":"https:\/\/biosciences.vn\/#organization","name":"Biosciences","url":"https:\/\/biosciences.vn\/","logo":{"@type":"ImageObject","inLanguage":"en-US","@id":"https:\/\/biosciences.vn\/#\/schema\/logo\/image\/","url":"https:\/\/biosciences.vn\/wp-content\/uploads\/2024\/04\/LOGO-BIOSCIENCES-PNG.png","contentUrl":"https:\/\/biosciences.vn\/wp-content\/uploads\/2024\/04\/LOGO-BIOSCIENCES-PNG.png","width":2536,"height":638,"caption":"Biosciences"},"image":{"@id":"https:\/\/biosciences.vn\/#\/schema\/logo\/image\/"}}]}},"brands":[{"id":933,"name":"NZYtech","slug":"nzytech"}],"_links":{"self":[{"href":"https:\/\/biosciences.vn\/index.php\/wp-json\/wp\/v2\/product\/6417"}],"collection":[{"href":"https:\/\/biosciences.vn\/index.php\/wp-json\/wp\/v2\/product"}],"about":[{"href":"https:\/\/biosciences.vn\/index.php\/wp-json\/wp\/v2\/types\/product"}],"replies":[{"embeddable":true,"href":"https:\/\/biosciences.vn\/index.php\/wp-json\/wp\/v2\/comments?post=6417"}],"wp:featuredmedia":[{"embeddable":true,"href":"https:\/\/biosciences.vn\/index.php\/wp-json\/wp\/v2\/media\/6421"}],"wp:attachment":[{"href":"https:\/\/biosciences.vn\/index.php\/wp-json\/wp\/v2\/media?parent=6417"}],"wp:term":[{"taxonomy":"pwb-brand","embeddable":true,"href":"https:\/\/biosciences.vn\/index.php\/wp-json\/wp\/v2\/pwb-brand?post=6417"},{"taxonomy":"product_cat","embeddable":true,"href":"https:\/\/biosciences.vn\/index.php\/wp-json\/wp\/v2\/product_cat?post=6417"},{"taxonomy":"product_tag","embeddable":true,"href":"https:\/\/biosciences.vn\/index.php\/wp-json\/wp\/v2\/product_tag?post=6417"}],"curies":[{"name":"wp","href":"https:\/\/api.w.org\/{rel}","templated":true}]}}