{"id":6424,"date":"2024-10-31T13:55:00","date_gmt":"2024-10-31T06:55:00","guid":{"rendered":"https:\/\/biosciences.vn\/?post_type=product&#038;p=6424"},"modified":"2025-08-28T14:55:09","modified_gmt":"2025-08-28T07:55:09","slug":"nzy-total-rna-isolation-kit-2-2","status":"publish","type":"product","link":"https:\/\/biosciences.vn\/index.php\/product\/nzy-total-rna-isolation-kit-2-2\/","title":{"rendered":"NZY Total RNA Isolation kit\n  (MB13402)"},"content":{"rendered":"<p><strong>Unit size: <\/strong>50 c\u1ed9t<\/p>\n<div class=\"description flex-attribute-left\">\n<div class=\"description flex-attribute-left\">\n<p>B\u1ed9 x\u00e9t nghi\u1ec7m NZY Total RNA Isolation \u0111\u01b0\u1ee3c thi\u1ebft k\u1ebf \u0111\u1ec3 d\u1ec5 d\u00e0ng tinh ch\u1ebf t\u1ed5ng RNA c\u00f3 \u0111\u1ed9 to\u00e0n v\u1eb9n cao nh\u1ea5t (d\u00e0i h\u01a1n 200 baz\u01a1) t\u1eeb nhi\u1ec1u ngu\u1ed3n kh\u00e1c nhau nh\u01b0 m\u00f4 \u0111\u1ed9ng v\u1eadt, t\u1ebf b\u00e0o vi khu\u1ea9n v\u00e0 nu\u00f4i c\u1ea5y t\u1ebf b\u00e0o. Ph\u01b0\u01a1ng ph\u00e1p n\u00e0y s\u1eed d\u1ee5ng \u0111\u1ec7m ly gi\u1ea3i bi\u1ebfn t\u00ednh c\u00f3 ch\u1ee9a guanidine thiocyanate, c\u00f3 t\u00e1c d\u1ee5ng b\u1ea5t ho\u1ea1t RNase t\u1ebf b\u00e0o, \u0111\u1ec3 \u0111\u1ea3m b\u1ea3o thu h\u1ed3i c\u00e1c ph\u00e2n t\u1eed RNA nguy\u00ean v\u1eb9n. Ethanol \u0111\u01b0\u1ee3c th\u00eam v\u00e0o \u0111\u1ec3 cung c\u1ea5p li\u00ean k\u1ebft ch\u1ecdn l\u1ecdc c\u1ee7a t\u1ed5ng RNA v\u00e0o c\u1ed9t m\u00e0ng silica v\u00e0 c\u00e1c t\u1ea1p ch\u1ea5t \u0111\u01b0\u1ee3c r\u1eeda s\u1ea1ch hi\u1ec7u qu\u1ea3. \u0110\u1ec3 ng\u0103n ng\u1eeba nhi\u1ec5m b\u1ea9n DNA, dung d\u1ecbch DNase I \u0111\u01b0\u1ee3c th\u00eam tr\u1ef1c ti\u1ebfp v\u00e0o m\u00e0ng silica c\u1ee7a c\u1ed9t li\u00ean k\u1ebft. Sau \u0111\u00f3, RNA ch\u1ea5t l\u01b0\u1ee3ng cao \u0111\u01b0\u1ee3c r\u1eeda tr\u00f4i trong n\u01b0\u1edbc kh\u00f4ng c\u00f3 RNase.<\/p>\n<\/div>\n<\/div>\n","protected":false},"excerpt":{"rendered":"<p>Unit size: 50 c\u1ed9t B\u1ed9 x\u00e9t nghi\u1ec7m NZY Total RNA Isolation \u0111\u01b0\u1ee3c thi\u1ebft k\u1ebf \u0111\u1ec3 d\u1ec5 d\u00e0ng tinh ch\u1ebf t\u1ed5ng RNA c\u00f3 \u0111\u1ed9 to\u00e0n v\u1eb9n cao nh\u1ea5t (d\u00e0i h\u01a1n 200 baz\u01a1) t\u1eeb nhi\u1ec1u ngu\u1ed3n kh\u00e1c nhau nh\u01b0 m\u00f4 \u0111\u1ed9ng v\u1eadt, t\u1ebf b\u00e0o vi khu\u1ea9n v\u00e0 nu\u00f4i c\u1ea5y t\u1ebf b\u00e0o. Ph\u01b0\u01a1ng ph\u00e1p n\u00e0y s\u1eed d\u1ee5ng \u0111\u1ec7m [&hellip;]<\/p>\n","protected":false},"featured_media":6394,"comment_status":"open","ping_status":"closed","template":"","meta":[],"pwb-brand":[933],"product_cat":[434,731,814],"product_tag":[],"class_list":{"0":"post-6424","1":"product","2":"type-product","3":"status-publish","4":"has-post-thumbnail","6":"pwb-brand-nzytech","7":"product_cat-khoa-hoc-su-song","8":"product_cat-sinh-hoc-phan-tu","9":"product_cat-dna-rna-purification","11":"first","12":"onbackorder","13":"shipping-taxable","14":"purchasable","15":"product-type-simple"},"yoast_head":"<!-- This site is optimized with the Yoast SEO plugin v23.6 - https:\/\/yoast.com\/wordpress\/plugins\/seo\/ -->\n<title>NZY Total RNA Isolation kit  (MB13402) - Biosciences<\/title>\n<meta name=\"robots\" content=\"index, follow, max-snippet:-1, max-image-preview:large, max-video-preview:-1\" \/>\n<link rel=\"canonical\" href=\"https:\/\/biosciences.vn\/index.php\/product\/nzy-total-rna-isolation-kit-2-2\/\" \/>\n<meta property=\"og:locale\" content=\"en_US\" \/>\n<meta property=\"og:type\" content=\"article\" \/>\n<meta property=\"og:title\" content=\"NZY Total RNA Isolation kit  (MB13402) - Biosciences\" \/>\n<meta property=\"og:description\" content=\"Unit size: 50 c\u1ed9t B\u1ed9 x\u00e9t nghi\u1ec7m NZY Total RNA Isolation \u0111\u01b0\u1ee3c thi\u1ebft k\u1ebf \u0111\u1ec3 d\u1ec5 d\u00e0ng tinh ch\u1ebf t\u1ed5ng RNA c\u00f3 \u0111\u1ed9 to\u00e0n v\u1eb9n cao nh\u1ea5t (d\u00e0i h\u01a1n 200 baz\u01a1) t\u1eeb nhi\u1ec1u ngu\u1ed3n kh\u00e1c nhau nh\u01b0 m\u00f4 \u0111\u1ed9ng v\u1eadt, t\u1ebf b\u00e0o vi khu\u1ea9n v\u00e0 nu\u00f4i c\u1ea5y t\u1ebf b\u00e0o. Ph\u01b0\u01a1ng ph\u00e1p n\u00e0y s\u1eed d\u1ee5ng \u0111\u1ec7m [&hellip;]\" \/>\n<meta property=\"og:url\" content=\"https:\/\/biosciences.vn\/index.php\/product\/nzy-total-rna-isolation-kit-2-2\/\" \/>\n<meta property=\"og:site_name\" content=\"Biosciences\" \/>\n<meta property=\"article:modified_time\" content=\"2025-08-28T07:55:09+00:00\" \/>\n<meta property=\"og:image\" content=\"https:\/\/biosciences.vn\/wp-content\/uploads\/2024\/10\/NZYtech-.jpg\" \/>\n\t<meta property=\"og:image:width\" content=\"700\" \/>\n\t<meta property=\"og:image:height\" content=\"700\" \/>\n\t<meta property=\"og:image:type\" content=\"image\/jpeg\" \/>\n<meta name=\"twitter:card\" content=\"summary_large_image\" \/>\n<meta name=\"twitter:label1\" content=\"Est. reading time\" \/>\n\t<meta name=\"twitter:data1\" content=\"1 minute\" \/>\n<script type=\"application\/ld+json\" class=\"yoast-schema-graph\">{\"@context\":\"https:\/\/schema.org\",\"@graph\":[{\"@type\":\"WebPage\",\"@id\":\"https:\/\/biosciences.vn\/index.php\/product\/nzy-total-rna-isolation-kit-2-2\/\",\"url\":\"https:\/\/biosciences.vn\/index.php\/product\/nzy-total-rna-isolation-kit-2-2\/\",\"name\":\"NZY Total RNA Isolation kit (MB13402) - Biosciences\",\"isPartOf\":{\"@id\":\"https:\/\/biosciences.vn\/#website\"},\"primaryImageOfPage\":{\"@id\":\"https:\/\/biosciences.vn\/index.php\/product\/nzy-total-rna-isolation-kit-2-2\/#primaryimage\"},\"image\":{\"@id\":\"https:\/\/biosciences.vn\/index.php\/product\/nzy-total-rna-isolation-kit-2-2\/#primaryimage\"},\"thumbnailUrl\":\"https:\/\/biosciences.vn\/wp-content\/uploads\/2024\/10\/NZYtech-.jpg\",\"datePublished\":\"2024-10-31T06:55:00+00:00\",\"dateModified\":\"2025-08-28T07:55:09+00:00\",\"breadcrumb\":{\"@id\":\"https:\/\/biosciences.vn\/index.php\/product\/nzy-total-rna-isolation-kit-2-2\/#breadcrumb\"},\"inLanguage\":\"en-US\",\"potentialAction\":[{\"@type\":\"ReadAction\",\"target\":[\"https:\/\/biosciences.vn\/index.php\/product\/nzy-total-rna-isolation-kit-2-2\/\"]}]},{\"@type\":\"ImageObject\",\"inLanguage\":\"en-US\",\"@id\":\"https:\/\/biosciences.vn\/index.php\/product\/nzy-total-rna-isolation-kit-2-2\/#primaryimage\",\"url\":\"https:\/\/biosciences.vn\/wp-content\/uploads\/2024\/10\/NZYtech-.jpg\",\"contentUrl\":\"https:\/\/biosciences.vn\/wp-content\/uploads\/2024\/10\/NZYtech-.jpg\",\"width\":700,\"height\":700},{\"@type\":\"BreadcrumbList\",\"@id\":\"https:\/\/biosciences.vn\/index.php\/product\/nzy-total-rna-isolation-kit-2-2\/#breadcrumb\",\"itemListElement\":[{\"@type\":\"ListItem\",\"position\":1,\"name\":\"Trang ch\u1ee7\",\"item\":\"https:\/\/biosciences.vn\/index.php\/en\/home\/\"},{\"@type\":\"ListItem\",\"position\":2,\"name\":\"Shop\",\"item\":\"https:\/\/biosciences.vn\/index.php\/shop\/\"},{\"@type\":\"ListItem\",\"position\":3,\"name\":\"NZY Total RNA Isolation kit (MB13402)\"}]},{\"@type\":\"WebSite\",\"@id\":\"https:\/\/biosciences.vn\/#website\",\"url\":\"https:\/\/biosciences.vn\/\",\"name\":\"Biosciences\",\"description\":\"\",\"publisher\":{\"@id\":\"https:\/\/biosciences.vn\/#organization\"},\"potentialAction\":[{\"@type\":\"SearchAction\",\"target\":{\"@type\":\"EntryPoint\",\"urlTemplate\":\"https:\/\/biosciences.vn\/?s={search_term_string}\"},\"query-input\":{\"@type\":\"PropertyValueSpecification\",\"valueRequired\":true,\"valueName\":\"search_term_string\"}}],\"inLanguage\":\"en-US\"},{\"@type\":\"Organization\",\"@id\":\"https:\/\/biosciences.vn\/#organization\",\"name\":\"Biosciences\",\"url\":\"https:\/\/biosciences.vn\/\",\"logo\":{\"@type\":\"ImageObject\",\"inLanguage\":\"en-US\",\"@id\":\"https:\/\/biosciences.vn\/#\/schema\/logo\/image\/\",\"url\":\"https:\/\/biosciences.vn\/wp-content\/uploads\/2024\/04\/LOGO-BIOSCIENCES-PNG.png\",\"contentUrl\":\"https:\/\/biosciences.vn\/wp-content\/uploads\/2024\/04\/LOGO-BIOSCIENCES-PNG.png\",\"width\":2536,\"height\":638,\"caption\":\"Biosciences\"},\"image\":{\"@id\":\"https:\/\/biosciences.vn\/#\/schema\/logo\/image\/\"}}]}<\/script>\n<!-- \/ Yoast SEO plugin. -->","yoast_head_json":{"title":"NZY Total RNA Isolation kit  (MB13402) - Biosciences","robots":{"index":"index","follow":"follow","max-snippet":"max-snippet:-1","max-image-preview":"max-image-preview:large","max-video-preview":"max-video-preview:-1"},"canonical":"https:\/\/biosciences.vn\/index.php\/product\/nzy-total-rna-isolation-kit-2-2\/","og_locale":"en_US","og_type":"article","og_title":"NZY Total RNA Isolation kit  (MB13402) - Biosciences","og_description":"Unit size: 50 c\u1ed9t B\u1ed9 x\u00e9t nghi\u1ec7m NZY Total RNA Isolation \u0111\u01b0\u1ee3c thi\u1ebft k\u1ebf \u0111\u1ec3 d\u1ec5 d\u00e0ng tinh ch\u1ebf t\u1ed5ng RNA c\u00f3 \u0111\u1ed9 to\u00e0n v\u1eb9n cao nh\u1ea5t (d\u00e0i h\u01a1n 200 baz\u01a1) t\u1eeb nhi\u1ec1u ngu\u1ed3n kh\u00e1c nhau nh\u01b0 m\u00f4 \u0111\u1ed9ng v\u1eadt, t\u1ebf b\u00e0o vi khu\u1ea9n v\u00e0 nu\u00f4i c\u1ea5y t\u1ebf b\u00e0o. Ph\u01b0\u01a1ng ph\u00e1p n\u00e0y s\u1eed d\u1ee5ng \u0111\u1ec7m [&hellip;]","og_url":"https:\/\/biosciences.vn\/index.php\/product\/nzy-total-rna-isolation-kit-2-2\/","og_site_name":"Biosciences","article_modified_time":"2025-08-28T07:55:09+00:00","og_image":[{"width":700,"height":700,"url":"https:\/\/biosciences.vn\/wp-content\/uploads\/2024\/10\/NZYtech-.jpg","type":"image\/jpeg"}],"twitter_card":"summary_large_image","twitter_misc":{"Est. reading time":"1 minute"},"schema":{"@context":"https:\/\/schema.org","@graph":[{"@type":"WebPage","@id":"https:\/\/biosciences.vn\/index.php\/product\/nzy-total-rna-isolation-kit-2-2\/","url":"https:\/\/biosciences.vn\/index.php\/product\/nzy-total-rna-isolation-kit-2-2\/","name":"NZY Total RNA Isolation kit (MB13402) - Biosciences","isPartOf":{"@id":"https:\/\/biosciences.vn\/#website"},"primaryImageOfPage":{"@id":"https:\/\/biosciences.vn\/index.php\/product\/nzy-total-rna-isolation-kit-2-2\/#primaryimage"},"image":{"@id":"https:\/\/biosciences.vn\/index.php\/product\/nzy-total-rna-isolation-kit-2-2\/#primaryimage"},"thumbnailUrl":"https:\/\/biosciences.vn\/wp-content\/uploads\/2024\/10\/NZYtech-.jpg","datePublished":"2024-10-31T06:55:00+00:00","dateModified":"2025-08-28T07:55:09+00:00","breadcrumb":{"@id":"https:\/\/biosciences.vn\/index.php\/product\/nzy-total-rna-isolation-kit-2-2\/#breadcrumb"},"inLanguage":"en-US","potentialAction":[{"@type":"ReadAction","target":["https:\/\/biosciences.vn\/index.php\/product\/nzy-total-rna-isolation-kit-2-2\/"]}]},{"@type":"ImageObject","inLanguage":"en-US","@id":"https:\/\/biosciences.vn\/index.php\/product\/nzy-total-rna-isolation-kit-2-2\/#primaryimage","url":"https:\/\/biosciences.vn\/wp-content\/uploads\/2024\/10\/NZYtech-.jpg","contentUrl":"https:\/\/biosciences.vn\/wp-content\/uploads\/2024\/10\/NZYtech-.jpg","width":700,"height":700},{"@type":"BreadcrumbList","@id":"https:\/\/biosciences.vn\/index.php\/product\/nzy-total-rna-isolation-kit-2-2\/#breadcrumb","itemListElement":[{"@type":"ListItem","position":1,"name":"Trang ch\u1ee7","item":"https:\/\/biosciences.vn\/index.php\/en\/home\/"},{"@type":"ListItem","position":2,"name":"Shop","item":"https:\/\/biosciences.vn\/index.php\/shop\/"},{"@type":"ListItem","position":3,"name":"NZY Total RNA Isolation kit (MB13402)"}]},{"@type":"WebSite","@id":"https:\/\/biosciences.vn\/#website","url":"https:\/\/biosciences.vn\/","name":"Biosciences","description":"","publisher":{"@id":"https:\/\/biosciences.vn\/#organization"},"potentialAction":[{"@type":"SearchAction","target":{"@type":"EntryPoint","urlTemplate":"https:\/\/biosciences.vn\/?s={search_term_string}"},"query-input":{"@type":"PropertyValueSpecification","valueRequired":true,"valueName":"search_term_string"}}],"inLanguage":"en-US"},{"@type":"Organization","@id":"https:\/\/biosciences.vn\/#organization","name":"Biosciences","url":"https:\/\/biosciences.vn\/","logo":{"@type":"ImageObject","inLanguage":"en-US","@id":"https:\/\/biosciences.vn\/#\/schema\/logo\/image\/","url":"https:\/\/biosciences.vn\/wp-content\/uploads\/2024\/04\/LOGO-BIOSCIENCES-PNG.png","contentUrl":"https:\/\/biosciences.vn\/wp-content\/uploads\/2024\/04\/LOGO-BIOSCIENCES-PNG.png","width":2536,"height":638,"caption":"Biosciences"},"image":{"@id":"https:\/\/biosciences.vn\/#\/schema\/logo\/image\/"}}]}},"brands":[{"id":933,"name":"NZYtech","slug":"nzytech"}],"_links":{"self":[{"href":"https:\/\/biosciences.vn\/index.php\/wp-json\/wp\/v2\/product\/6424"}],"collection":[{"href":"https:\/\/biosciences.vn\/index.php\/wp-json\/wp\/v2\/product"}],"about":[{"href":"https:\/\/biosciences.vn\/index.php\/wp-json\/wp\/v2\/types\/product"}],"replies":[{"embeddable":true,"href":"https:\/\/biosciences.vn\/index.php\/wp-json\/wp\/v2\/comments?post=6424"}],"wp:featuredmedia":[{"embeddable":true,"href":"https:\/\/biosciences.vn\/index.php\/wp-json\/wp\/v2\/media\/6394"}],"wp:attachment":[{"href":"https:\/\/biosciences.vn\/index.php\/wp-json\/wp\/v2\/media?parent=6424"}],"wp:term":[{"taxonomy":"pwb-brand","embeddable":true,"href":"https:\/\/biosciences.vn\/index.php\/wp-json\/wp\/v2\/pwb-brand?post=6424"},{"taxonomy":"product_cat","embeddable":true,"href":"https:\/\/biosciences.vn\/index.php\/wp-json\/wp\/v2\/product_cat?post=6424"},{"taxonomy":"product_tag","embeddable":true,"href":"https:\/\/biosciences.vn\/index.php\/wp-json\/wp\/v2\/product_tag?post=6424"}],"curies":[{"name":"wp","href":"https:\/\/api.w.org\/{rel}","templated":true}]}}