{"id":6429,"date":"2024-10-31T13:55:01","date_gmt":"2024-10-31T06:55:01","guid":{"rendered":"https:\/\/biosciences.vn\/?post_type=product&#038;p=6429"},"modified":"2025-08-28T14:55:09","modified_gmt":"2025-08-28T07:55:09","slug":"speedy-nzy-direct-genotyping-kit-2","status":"publish","type":"product","link":"https:\/\/biosciences.vn\/index.php\/product\/speedy-nzy-direct-genotyping-kit-2\/","title":{"rendered":"Speedy NZY Direct Genotyping\n  Kit (MB47502)"},"content":{"rendered":"<p><strong>Unit size: <\/strong>500rxns<\/p>\n<div class=\"description flex-attribute-left\">\n<div class=\"description flex-attribute-left\">\n<p><span>\u0110\u01b0\u1ee3c thi\u1ebft k\u1ebf \u0111\u1ec3 x\u1eed l\u00fd m\u1ed9t lo\u1ea1t c\u00e1c v\u1eadt li\u1ec7u m\u00f4, bao g\u1ed3m m\u00e1u v\u00e0 c\u00e1c m\u1eabu t\u00f3c kh\u00f4ng x\u00e2m l\u1ea5n, b\u1ed9 d\u1ee5ng c\u1ee5 n\u00e0y h\u1ee9a h\u1eb9n m\u1ed9t tr\u1ea3i nghi\u1ec7m ph\u00e2n t\u00edch ki\u1ec3u gen li\u1ec1n m\u1ea1ch, th\u00e2n thi\u1ec7n v\u1edbi \u0111\u1ed9ng v\u1eadt. B\u1ed9 d\u1ee5ng c\u1ee5 ph\u00e2n t\u00edch ki\u1ec3u gen Direct Speedy t\u00edch h\u1ee3p qu\u00e1 tr\u00ecnh chu\u1ea9n b\u1ecb m\u1eabu m\u1ed9t \u1ed1ng h\u1ee3p l\u00fd v\u1edbi quy tr\u00ecnh PCR nhanh ch\u00f3ng, cho ph\u00e9p ph\u00e2n h\u1ee7y nhanh c\u00e1c m\u1eabu sinh h\u1ecdc, bao g\u1ed3m c\u00e1c m\u1eabu m\u00f4 ph\u00e2n t\u00edch ki\u1ec3u gen chu\u1ed9t (c\u1eaft \u0111u\u00f4i v\u00e0 \u0111\u1ee5c l\u1ed7 tai), trong v\u00f2ng ch\u01b0a \u0111\u1ea7y 5 ph\u00fat.<\/span><\/p>\n<p><span>B\u1ed9 d\u1ee5ng c\u1ee5 n\u00e0y \u0111\u01b0\u1ee3c x\u00e1c nh\u1eadn \u0111\u1ec3 ph\u00e2n t\u00edch ki\u1ec3u gen m\u1eabu t\u00f3c, \u0111\u01b0\u1ee3c th\u1ef1c hi\u1ec7n v\u1edbi s\u1ef1 kh\u00f3 ch\u1ecbu t\u1ed1i thi\u1ec3u cho \u0111\u1ed9ng v\u1eadt v\u00e0 kh\u00f4ng c\u1ea7n g\u00e2y m\u00ea, k\u1ebft h\u1ee3p h\u00e0i h\u00f2a gi\u1eefa ph\u00e2n t\u00edch ki\u1ec3u gen \u0111\u1ea1o \u0111\u1ee9c v\u00e0 hi\u1ec7u qu\u1ea3. B\u1ed9 d\u1ee5ng c\u1ee5 ph\u00e2n t\u00edch ki\u1ec3u gen Direct Speedy bao g\u1ed3m m\u1ed9t h\u1ed7n h\u1ee3p enzyme ph\u00e2n t\u00edch t\u1ed1c \u0111\u1ed9 m\u1ea1nh, \u0111\u01b0\u1ee3c ph\u00e1t tri\u1ec3n t\u1ec9 m\u1ec9 \u0111\u1ec3 ph\u00e2n t\u00edch m\u1eabu nhanh \u1edf nhi\u1ec7t \u0111\u1ed9 ph\u00f2ng. Sau khi ph\u00e2n t\u00edch, m\u1ed9t qu\u00e1 tr\u00ecnh ly t\u00e2m ng\u1eafn s\u1ebd gi\u1eef ch\u1eb7t ph\u1ea7n d\u1ecbch n\u1ed5i ch\u1ee9a DNA.<\/span><\/p>\n<p><span>S\u1eed d\u1ee5ng m\u1ed9t ph\u1ea7n nh\u1ecf ch\u1ea5t ph\u00e2n t\u00edch n\u00e0y c\u00f9ng v\u1edbi Speedy Supreme NZYTaq 2x Green Master Mix \u0111\u1ea3m b\u1ea3o th\u1eddi gian ph\u00e2n t\u00edch v\u00e0 chu k\u1ef3 PCR d\u01b0\u1edbi m\u1ed9t gi\u1edd. Ngo\u00e0i ra, h\u1ed7n h\u1ee3p ch\u00ednh ch\u1ee9a thu\u1ed1c nhu\u1ed9m m\u00e0u xanh l\u00e1 c\u00e2y \u0111\u1ec3 t\u1ea3i tr\u1ef1c ti\u1ebfp l\u00ean gel agarose, lo\u1ea1i b\u1ecf nhu c\u1ea7u s\u1eed d\u1ee5ng thu\u1ed1c nhu\u1ed9m b\u1ed5 sung. B\u1ed9 d\u1ee5ng c\u1ee5 Direct Speedy Genotyping c\u0169ng cung c\u1ea5p m\u1ed9t giao th\u1ee9c PCR tr\u1ef1c ti\u1ebfp thay th\u1ebf, t\u1ea1o \u0111i\u1ec1u ki\u1ec7n cho PCR tr\u1ef1c ti\u1ebfp t\u1eeb c\u00e1c m\u1eabu kh\u00f4ng pha lo\u00e3ng, kh\u00f4ng tinh khi\u1ebft. Quy tr\u00ecnh n\u00e0y t\u1ea1o ra khu\u00f4n m\u1eabu d\u1ed3i d\u00e0o cho nhi\u1ec1u x\u00e9t nghi\u1ec7m, t\u01b0\u01a1ng th\u00edch v\u1edbi \u0111\u1ecbnh d\u1ea1ng 96 gi\u1ebfng v\u00e0 \u0111\u1ea3m b\u1ea3o khu\u00f4n m\u1eabu \u0111\u1ee7 cho t\u1ed1i thi\u1ec3u 20 ph\u1ea3n \u1ee9ng PCR ph\u00e2n t\u00edch ki\u1ec3u gen. Cu\u1ed1i c\u00f9ng, c\u00e1c \u0111o\u1ea1n DNA \u0111\u01b0\u1ee3c t\u1ea1o ra b\u1eb1ng b\u1ed9 d\u1ee5ng c\u1ee5 Direct Speedy Genotyping c\u00f3 \u0111u\u00f4i 3&#8242;-dA v\u00e0 c\u00f3 th\u1ec3 \u0111\u01b0\u1ee3c nh\u00e2n b\u1ea3n v\u00e0o c\u00e1c vect\u01a1 nh\u00e2n b\u1ea3n TA ho\u1eb7c \u0111\u01b0\u1ee3c s\u1eed d\u1ee5ng cho c\u00e1c \u1ee9ng d\u1ee5ng ho\u1eb7c ph\u00e2n t\u00edch h\u1ea1 l\u01b0u th\u00f4ng th\u01b0\u1eddng, bao g\u1ed3m ti\u00eau h\u00f3a b\u1eb1ng enzyme h\u1ea1n ch\u1ebf, nh\u00e2n b\u1ea3n DNA v\u00e0 gi\u1ea3i tr\u00ecnh t\u1ef1.<\/span><\/p>\n<\/div>\n<\/div>\n","protected":false},"excerpt":{"rendered":"<p>Unit size: 500rxns \u0110\u01b0\u1ee3c thi\u1ebft k\u1ebf \u0111\u1ec3 x\u1eed l\u00fd m\u1ed9t lo\u1ea1t c\u00e1c v\u1eadt li\u1ec7u m\u00f4, bao g\u1ed3m m\u00e1u v\u00e0 c\u00e1c m\u1eabu t\u00f3c kh\u00f4ng x\u00e2m l\u1ea5n, b\u1ed9 d\u1ee5ng c\u1ee5 n\u00e0y h\u1ee9a h\u1eb9n m\u1ed9t tr\u1ea3i nghi\u1ec7m ph\u00e2n t\u00edch ki\u1ec3u gen li\u1ec1n m\u1ea1ch, th\u00e2n thi\u1ec7n v\u1edbi \u0111\u1ed9ng v\u1eadt. B\u1ed9 d\u1ee5ng c\u1ee5 ph\u00e2n t\u00edch ki\u1ec3u gen Direct Speedy t\u00edch [&hellip;]<\/p>\n","protected":false},"featured_media":6394,"comment_status":"open","ping_status":"closed","template":"","meta":[],"pwb-brand":[933],"product_cat":[434,731,814],"product_tag":[],"class_list":{"0":"post-6429","1":"product","2":"type-product","3":"status-publish","4":"has-post-thumbnail","6":"pwb-brand-nzytech","7":"product_cat-khoa-hoc-su-song","8":"product_cat-sinh-hoc-phan-tu","9":"product_cat-dna-rna-purification","11":"first","12":"onbackorder","13":"shipping-taxable","14":"purchasable","15":"product-type-simple"},"yoast_head":"<!-- This site is optimized with the Yoast SEO plugin v23.6 - https:\/\/yoast.com\/wordpress\/plugins\/seo\/ -->\n<title>Speedy NZY Direct Genotyping  Kit (MB47502) - Biosciences<\/title>\n<meta name=\"robots\" content=\"index, follow, max-snippet:-1, max-image-preview:large, max-video-preview:-1\" \/>\n<link rel=\"canonical\" href=\"https:\/\/biosciences.vn\/index.php\/product\/speedy-nzy-direct-genotyping-kit-2\/\" \/>\n<meta property=\"og:locale\" content=\"en_US\" \/>\n<meta property=\"og:type\" content=\"article\" \/>\n<meta property=\"og:title\" content=\"Speedy NZY Direct Genotyping  Kit (MB47502) - Biosciences\" \/>\n<meta property=\"og:description\" content=\"Unit size: 500rxns \u0110\u01b0\u1ee3c thi\u1ebft k\u1ebf \u0111\u1ec3 x\u1eed l\u00fd m\u1ed9t lo\u1ea1t c\u00e1c v\u1eadt li\u1ec7u m\u00f4, bao g\u1ed3m m\u00e1u v\u00e0 c\u00e1c m\u1eabu t\u00f3c kh\u00f4ng x\u00e2m l\u1ea5n, b\u1ed9 d\u1ee5ng c\u1ee5 n\u00e0y h\u1ee9a h\u1eb9n m\u1ed9t tr\u1ea3i nghi\u1ec7m ph\u00e2n t\u00edch ki\u1ec3u gen li\u1ec1n m\u1ea1ch, th\u00e2n thi\u1ec7n v\u1edbi \u0111\u1ed9ng v\u1eadt. B\u1ed9 d\u1ee5ng c\u1ee5 ph\u00e2n t\u00edch ki\u1ec3u gen Direct Speedy t\u00edch [&hellip;]\" \/>\n<meta property=\"og:url\" content=\"https:\/\/biosciences.vn\/index.php\/product\/speedy-nzy-direct-genotyping-kit-2\/\" \/>\n<meta property=\"og:site_name\" content=\"Biosciences\" \/>\n<meta property=\"article:modified_time\" content=\"2025-08-28T07:55:09+00:00\" \/>\n<meta property=\"og:image\" content=\"https:\/\/biosciences.vn\/wp-content\/uploads\/2024\/10\/NZYtech-.jpg\" \/>\n\t<meta property=\"og:image:width\" content=\"700\" \/>\n\t<meta property=\"og:image:height\" content=\"700\" \/>\n\t<meta property=\"og:image:type\" content=\"image\/jpeg\" \/>\n<meta name=\"twitter:card\" content=\"summary_large_image\" \/>\n<meta name=\"twitter:label1\" content=\"Est. reading time\" \/>\n\t<meta name=\"twitter:data1\" content=\"3 minutes\" \/>\n<script type=\"application\/ld+json\" class=\"yoast-schema-graph\">{\"@context\":\"https:\/\/schema.org\",\"@graph\":[{\"@type\":\"WebPage\",\"@id\":\"https:\/\/biosciences.vn\/index.php\/product\/speedy-nzy-direct-genotyping-kit-2\/\",\"url\":\"https:\/\/biosciences.vn\/index.php\/product\/speedy-nzy-direct-genotyping-kit-2\/\",\"name\":\"Speedy NZY Direct Genotyping Kit (MB47502) - Biosciences\",\"isPartOf\":{\"@id\":\"https:\/\/biosciences.vn\/#website\"},\"primaryImageOfPage\":{\"@id\":\"https:\/\/biosciences.vn\/index.php\/product\/speedy-nzy-direct-genotyping-kit-2\/#primaryimage\"},\"image\":{\"@id\":\"https:\/\/biosciences.vn\/index.php\/product\/speedy-nzy-direct-genotyping-kit-2\/#primaryimage\"},\"thumbnailUrl\":\"https:\/\/biosciences.vn\/wp-content\/uploads\/2024\/10\/NZYtech-.jpg\",\"datePublished\":\"2024-10-31T06:55:01+00:00\",\"dateModified\":\"2025-08-28T07:55:09+00:00\",\"breadcrumb\":{\"@id\":\"https:\/\/biosciences.vn\/index.php\/product\/speedy-nzy-direct-genotyping-kit-2\/#breadcrumb\"},\"inLanguage\":\"en-US\",\"potentialAction\":[{\"@type\":\"ReadAction\",\"target\":[\"https:\/\/biosciences.vn\/index.php\/product\/speedy-nzy-direct-genotyping-kit-2\/\"]}]},{\"@type\":\"ImageObject\",\"inLanguage\":\"en-US\",\"@id\":\"https:\/\/biosciences.vn\/index.php\/product\/speedy-nzy-direct-genotyping-kit-2\/#primaryimage\",\"url\":\"https:\/\/biosciences.vn\/wp-content\/uploads\/2024\/10\/NZYtech-.jpg\",\"contentUrl\":\"https:\/\/biosciences.vn\/wp-content\/uploads\/2024\/10\/NZYtech-.jpg\",\"width\":700,\"height\":700},{\"@type\":\"BreadcrumbList\",\"@id\":\"https:\/\/biosciences.vn\/index.php\/product\/speedy-nzy-direct-genotyping-kit-2\/#breadcrumb\",\"itemListElement\":[{\"@type\":\"ListItem\",\"position\":1,\"name\":\"Trang ch\u1ee7\",\"item\":\"https:\/\/biosciences.vn\/index.php\/en\/home\/\"},{\"@type\":\"ListItem\",\"position\":2,\"name\":\"Shop\",\"item\":\"https:\/\/biosciences.vn\/index.php\/shop\/\"},{\"@type\":\"ListItem\",\"position\":3,\"name\":\"Speedy NZY Direct Genotyping Kit (MB47502)\"}]},{\"@type\":\"WebSite\",\"@id\":\"https:\/\/biosciences.vn\/#website\",\"url\":\"https:\/\/biosciences.vn\/\",\"name\":\"Biosciences\",\"description\":\"\",\"publisher\":{\"@id\":\"https:\/\/biosciences.vn\/#organization\"},\"potentialAction\":[{\"@type\":\"SearchAction\",\"target\":{\"@type\":\"EntryPoint\",\"urlTemplate\":\"https:\/\/biosciences.vn\/?s={search_term_string}\"},\"query-input\":{\"@type\":\"PropertyValueSpecification\",\"valueRequired\":true,\"valueName\":\"search_term_string\"}}],\"inLanguage\":\"en-US\"},{\"@type\":\"Organization\",\"@id\":\"https:\/\/biosciences.vn\/#organization\",\"name\":\"Biosciences\",\"url\":\"https:\/\/biosciences.vn\/\",\"logo\":{\"@type\":\"ImageObject\",\"inLanguage\":\"en-US\",\"@id\":\"https:\/\/biosciences.vn\/#\/schema\/logo\/image\/\",\"url\":\"https:\/\/biosciences.vn\/wp-content\/uploads\/2024\/04\/LOGO-BIOSCIENCES-PNG.png\",\"contentUrl\":\"https:\/\/biosciences.vn\/wp-content\/uploads\/2024\/04\/LOGO-BIOSCIENCES-PNG.png\",\"width\":2536,\"height\":638,\"caption\":\"Biosciences\"},\"image\":{\"@id\":\"https:\/\/biosciences.vn\/#\/schema\/logo\/image\/\"}}]}<\/script>\n<!-- \/ Yoast SEO plugin. -->","yoast_head_json":{"title":"Speedy NZY Direct Genotyping  Kit (MB47502) - Biosciences","robots":{"index":"index","follow":"follow","max-snippet":"max-snippet:-1","max-image-preview":"max-image-preview:large","max-video-preview":"max-video-preview:-1"},"canonical":"https:\/\/biosciences.vn\/index.php\/product\/speedy-nzy-direct-genotyping-kit-2\/","og_locale":"en_US","og_type":"article","og_title":"Speedy NZY Direct Genotyping  Kit (MB47502) - Biosciences","og_description":"Unit size: 500rxns \u0110\u01b0\u1ee3c thi\u1ebft k\u1ebf \u0111\u1ec3 x\u1eed l\u00fd m\u1ed9t lo\u1ea1t c\u00e1c v\u1eadt li\u1ec7u m\u00f4, bao g\u1ed3m m\u00e1u v\u00e0 c\u00e1c m\u1eabu t\u00f3c kh\u00f4ng x\u00e2m l\u1ea5n, b\u1ed9 d\u1ee5ng c\u1ee5 n\u00e0y h\u1ee9a h\u1eb9n m\u1ed9t tr\u1ea3i nghi\u1ec7m ph\u00e2n t\u00edch ki\u1ec3u gen li\u1ec1n m\u1ea1ch, th\u00e2n thi\u1ec7n v\u1edbi \u0111\u1ed9ng v\u1eadt. B\u1ed9 d\u1ee5ng c\u1ee5 ph\u00e2n t\u00edch ki\u1ec3u gen Direct Speedy t\u00edch [&hellip;]","og_url":"https:\/\/biosciences.vn\/index.php\/product\/speedy-nzy-direct-genotyping-kit-2\/","og_site_name":"Biosciences","article_modified_time":"2025-08-28T07:55:09+00:00","og_image":[{"width":700,"height":700,"url":"https:\/\/biosciences.vn\/wp-content\/uploads\/2024\/10\/NZYtech-.jpg","type":"image\/jpeg"}],"twitter_card":"summary_large_image","twitter_misc":{"Est. reading time":"3 minutes"},"schema":{"@context":"https:\/\/schema.org","@graph":[{"@type":"WebPage","@id":"https:\/\/biosciences.vn\/index.php\/product\/speedy-nzy-direct-genotyping-kit-2\/","url":"https:\/\/biosciences.vn\/index.php\/product\/speedy-nzy-direct-genotyping-kit-2\/","name":"Speedy NZY Direct Genotyping Kit (MB47502) - Biosciences","isPartOf":{"@id":"https:\/\/biosciences.vn\/#website"},"primaryImageOfPage":{"@id":"https:\/\/biosciences.vn\/index.php\/product\/speedy-nzy-direct-genotyping-kit-2\/#primaryimage"},"image":{"@id":"https:\/\/biosciences.vn\/index.php\/product\/speedy-nzy-direct-genotyping-kit-2\/#primaryimage"},"thumbnailUrl":"https:\/\/biosciences.vn\/wp-content\/uploads\/2024\/10\/NZYtech-.jpg","datePublished":"2024-10-31T06:55:01+00:00","dateModified":"2025-08-28T07:55:09+00:00","breadcrumb":{"@id":"https:\/\/biosciences.vn\/index.php\/product\/speedy-nzy-direct-genotyping-kit-2\/#breadcrumb"},"inLanguage":"en-US","potentialAction":[{"@type":"ReadAction","target":["https:\/\/biosciences.vn\/index.php\/product\/speedy-nzy-direct-genotyping-kit-2\/"]}]},{"@type":"ImageObject","inLanguage":"en-US","@id":"https:\/\/biosciences.vn\/index.php\/product\/speedy-nzy-direct-genotyping-kit-2\/#primaryimage","url":"https:\/\/biosciences.vn\/wp-content\/uploads\/2024\/10\/NZYtech-.jpg","contentUrl":"https:\/\/biosciences.vn\/wp-content\/uploads\/2024\/10\/NZYtech-.jpg","width":700,"height":700},{"@type":"BreadcrumbList","@id":"https:\/\/biosciences.vn\/index.php\/product\/speedy-nzy-direct-genotyping-kit-2\/#breadcrumb","itemListElement":[{"@type":"ListItem","position":1,"name":"Trang ch\u1ee7","item":"https:\/\/biosciences.vn\/index.php\/en\/home\/"},{"@type":"ListItem","position":2,"name":"Shop","item":"https:\/\/biosciences.vn\/index.php\/shop\/"},{"@type":"ListItem","position":3,"name":"Speedy NZY Direct Genotyping Kit (MB47502)"}]},{"@type":"WebSite","@id":"https:\/\/biosciences.vn\/#website","url":"https:\/\/biosciences.vn\/","name":"Biosciences","description":"","publisher":{"@id":"https:\/\/biosciences.vn\/#organization"},"potentialAction":[{"@type":"SearchAction","target":{"@type":"EntryPoint","urlTemplate":"https:\/\/biosciences.vn\/?s={search_term_string}"},"query-input":{"@type":"PropertyValueSpecification","valueRequired":true,"valueName":"search_term_string"}}],"inLanguage":"en-US"},{"@type":"Organization","@id":"https:\/\/biosciences.vn\/#organization","name":"Biosciences","url":"https:\/\/biosciences.vn\/","logo":{"@type":"ImageObject","inLanguage":"en-US","@id":"https:\/\/biosciences.vn\/#\/schema\/logo\/image\/","url":"https:\/\/biosciences.vn\/wp-content\/uploads\/2024\/04\/LOGO-BIOSCIENCES-PNG.png","contentUrl":"https:\/\/biosciences.vn\/wp-content\/uploads\/2024\/04\/LOGO-BIOSCIENCES-PNG.png","width":2536,"height":638,"caption":"Biosciences"},"image":{"@id":"https:\/\/biosciences.vn\/#\/schema\/logo\/image\/"}}]}},"brands":[{"id":933,"name":"NZYtech","slug":"nzytech"}],"_links":{"self":[{"href":"https:\/\/biosciences.vn\/index.php\/wp-json\/wp\/v2\/product\/6429"}],"collection":[{"href":"https:\/\/biosciences.vn\/index.php\/wp-json\/wp\/v2\/product"}],"about":[{"href":"https:\/\/biosciences.vn\/index.php\/wp-json\/wp\/v2\/types\/product"}],"replies":[{"embeddable":true,"href":"https:\/\/biosciences.vn\/index.php\/wp-json\/wp\/v2\/comments?post=6429"}],"wp:featuredmedia":[{"embeddable":true,"href":"https:\/\/biosciences.vn\/index.php\/wp-json\/wp\/v2\/media\/6394"}],"wp:attachment":[{"href":"https:\/\/biosciences.vn\/index.php\/wp-json\/wp\/v2\/media?parent=6429"}],"wp:term":[{"taxonomy":"pwb-brand","embeddable":true,"href":"https:\/\/biosciences.vn\/index.php\/wp-json\/wp\/v2\/pwb-brand?post=6429"},{"taxonomy":"product_cat","embeddable":true,"href":"https:\/\/biosciences.vn\/index.php\/wp-json\/wp\/v2\/product_cat?post=6429"},{"taxonomy":"product_tag","embeddable":true,"href":"https:\/\/biosciences.vn\/index.php\/wp-json\/wp\/v2\/product_tag?post=6429"}],"curies":[{"name":"wp","href":"https:\/\/api.w.org\/{rel}","templated":true}]}}