{"id":6457,"date":"2024-10-31T13:58:11","date_gmt":"2024-10-31T06:58:11","guid":{"rendered":"https:\/\/biosciences.vn\/?post_type=product&#038;p=6457"},"modified":"2025-08-28T14:55:09","modified_gmt":"2025-08-28T07:55:09","slug":"buffer-a3-is-part-of-the-nzyminiprep-kit-mb010-1","status":"publish","type":"product","link":"https:\/\/biosciences.vn\/index.php\/product\/buffer-a3-is-part-of-the-nzyminiprep-kit-mb010-1\/","title":{"rendered":"Buffer A3 is part of the\n  NZYMiniprep kit (MB010) (MB20501)"},"content":{"rendered":"<p><strong>Unit size:<\/strong> 80 mL<\/p>\n<div class=\"description flex-attribute-left\"><span>B\u1ed9 \u0111\u1ec7m A3 l\u00e0 m\u1ed9t trong nh\u1eefng th\u00e0nh ph\u1ea7n c\u1ee7a b\u1ed9 NZYMiniprep (MB010), \u0111\u01b0\u1ee3c b\u00e1n ri\u00eang \u0111\u1ec3 thu\u1eadn ti\u1ec7n cho b\u1ea1n.<\/span><\/div>\n<div class=\"additional-attributes-wrapper table-wrapper\"><\/div>\n","protected":false},"excerpt":{"rendered":"<p>Unit size: 80 mL B\u1ed9 \u0111\u1ec7m A3 l\u00e0 m\u1ed9t trong nh\u1eefng th\u00e0nh ph\u1ea7n c\u1ee7a b\u1ed9 NZYMiniprep (MB010), \u0111\u01b0\u1ee3c b\u00e1n ri\u00eang \u0111\u1ec3 thu\u1eadn ti\u1ec7n cho b\u1ea1n.<\/p>\n","protected":false},"featured_media":6394,"comment_status":"open","ping_status":"closed","template":"","meta":[],"pwb-brand":[933],"product_cat":[434,731,814],"product_tag":[],"class_list":{"0":"post-6457","1":"product","2":"type-product","3":"status-publish","4":"has-post-thumbnail","6":"pwb-brand-nzytech","7":"product_cat-khoa-hoc-su-song","8":"product_cat-sinh-hoc-phan-tu","9":"product_cat-dna-rna-purification","11":"first","12":"onbackorder","13":"shipping-taxable","14":"purchasable","15":"product-type-simple"},"yoast_head":"<!-- This site is optimized with the Yoast SEO plugin v23.6 - https:\/\/yoast.com\/wordpress\/plugins\/seo\/ -->\n<title>Buffer A3 is part of the  NZYMiniprep kit (MB010) (MB20501) - Biosciences<\/title>\n<meta name=\"robots\" content=\"index, follow, max-snippet:-1, max-image-preview:large, max-video-preview:-1\" \/>\n<link rel=\"canonical\" href=\"https:\/\/biosciences.vn\/index.php\/product\/buffer-a3-is-part-of-the-nzyminiprep-kit-mb010-1\/\" \/>\n<meta property=\"og:locale\" content=\"en_US\" \/>\n<meta property=\"og:type\" content=\"article\" \/>\n<meta property=\"og:title\" content=\"Buffer A3 is part of the  NZYMiniprep kit (MB010) (MB20501) - Biosciences\" \/>\n<meta property=\"og:description\" content=\"Unit size: 80 mL B\u1ed9 \u0111\u1ec7m A3 l\u00e0 m\u1ed9t trong nh\u1eefng th\u00e0nh ph\u1ea7n c\u1ee7a b\u1ed9 NZYMiniprep (MB010), \u0111\u01b0\u1ee3c b\u00e1n ri\u00eang \u0111\u1ec3 thu\u1eadn ti\u1ec7n cho b\u1ea1n.\" \/>\n<meta property=\"og:url\" content=\"https:\/\/biosciences.vn\/index.php\/product\/buffer-a3-is-part-of-the-nzyminiprep-kit-mb010-1\/\" \/>\n<meta property=\"og:site_name\" content=\"Biosciences\" \/>\n<meta property=\"article:modified_time\" content=\"2025-08-28T07:55:09+00:00\" \/>\n<meta property=\"og:image\" content=\"https:\/\/biosciences.vn\/wp-content\/uploads\/2024\/10\/NZYtech-.jpg\" \/>\n\t<meta property=\"og:image:width\" content=\"700\" \/>\n\t<meta property=\"og:image:height\" content=\"700\" \/>\n\t<meta property=\"og:image:type\" content=\"image\/jpeg\" \/>\n<meta name=\"twitter:card\" content=\"summary_large_image\" \/>\n<script type=\"application\/ld+json\" class=\"yoast-schema-graph\">{\"@context\":\"https:\/\/schema.org\",\"@graph\":[{\"@type\":\"WebPage\",\"@id\":\"https:\/\/biosciences.vn\/index.php\/product\/buffer-a3-is-part-of-the-nzyminiprep-kit-mb010-1\/\",\"url\":\"https:\/\/biosciences.vn\/index.php\/product\/buffer-a3-is-part-of-the-nzyminiprep-kit-mb010-1\/\",\"name\":\"Buffer A3 is part of the NZYMiniprep kit (MB010) (MB20501) - Biosciences\",\"isPartOf\":{\"@id\":\"https:\/\/biosciences.vn\/#website\"},\"primaryImageOfPage\":{\"@id\":\"https:\/\/biosciences.vn\/index.php\/product\/buffer-a3-is-part-of-the-nzyminiprep-kit-mb010-1\/#primaryimage\"},\"image\":{\"@id\":\"https:\/\/biosciences.vn\/index.php\/product\/buffer-a3-is-part-of-the-nzyminiprep-kit-mb010-1\/#primaryimage\"},\"thumbnailUrl\":\"https:\/\/biosciences.vn\/wp-content\/uploads\/2024\/10\/NZYtech-.jpg\",\"datePublished\":\"2024-10-31T06:58:11+00:00\",\"dateModified\":\"2025-08-28T07:55:09+00:00\",\"breadcrumb\":{\"@id\":\"https:\/\/biosciences.vn\/index.php\/product\/buffer-a3-is-part-of-the-nzyminiprep-kit-mb010-1\/#breadcrumb\"},\"inLanguage\":\"en-US\",\"potentialAction\":[{\"@type\":\"ReadAction\",\"target\":[\"https:\/\/biosciences.vn\/index.php\/product\/buffer-a3-is-part-of-the-nzyminiprep-kit-mb010-1\/\"]}]},{\"@type\":\"ImageObject\",\"inLanguage\":\"en-US\",\"@id\":\"https:\/\/biosciences.vn\/index.php\/product\/buffer-a3-is-part-of-the-nzyminiprep-kit-mb010-1\/#primaryimage\",\"url\":\"https:\/\/biosciences.vn\/wp-content\/uploads\/2024\/10\/NZYtech-.jpg\",\"contentUrl\":\"https:\/\/biosciences.vn\/wp-content\/uploads\/2024\/10\/NZYtech-.jpg\",\"width\":700,\"height\":700},{\"@type\":\"BreadcrumbList\",\"@id\":\"https:\/\/biosciences.vn\/index.php\/product\/buffer-a3-is-part-of-the-nzyminiprep-kit-mb010-1\/#breadcrumb\",\"itemListElement\":[{\"@type\":\"ListItem\",\"position\":1,\"name\":\"Trang ch\u1ee7\",\"item\":\"https:\/\/biosciences.vn\/index.php\/en\/home\/\"},{\"@type\":\"ListItem\",\"position\":2,\"name\":\"Shop\",\"item\":\"https:\/\/biosciences.vn\/index.php\/shop\/\"},{\"@type\":\"ListItem\",\"position\":3,\"name\":\"Buffer A3 is part of the NZYMiniprep kit (MB010) (MB20501)\"}]},{\"@type\":\"WebSite\",\"@id\":\"https:\/\/biosciences.vn\/#website\",\"url\":\"https:\/\/biosciences.vn\/\",\"name\":\"Biosciences\",\"description\":\"\",\"publisher\":{\"@id\":\"https:\/\/biosciences.vn\/#organization\"},\"potentialAction\":[{\"@type\":\"SearchAction\",\"target\":{\"@type\":\"EntryPoint\",\"urlTemplate\":\"https:\/\/biosciences.vn\/?s={search_term_string}\"},\"query-input\":{\"@type\":\"PropertyValueSpecification\",\"valueRequired\":true,\"valueName\":\"search_term_string\"}}],\"inLanguage\":\"en-US\"},{\"@type\":\"Organization\",\"@id\":\"https:\/\/biosciences.vn\/#organization\",\"name\":\"Biosciences\",\"url\":\"https:\/\/biosciences.vn\/\",\"logo\":{\"@type\":\"ImageObject\",\"inLanguage\":\"en-US\",\"@id\":\"https:\/\/biosciences.vn\/#\/schema\/logo\/image\/\",\"url\":\"https:\/\/biosciences.vn\/wp-content\/uploads\/2024\/04\/LOGO-BIOSCIENCES-PNG.png\",\"contentUrl\":\"https:\/\/biosciences.vn\/wp-content\/uploads\/2024\/04\/LOGO-BIOSCIENCES-PNG.png\",\"width\":2536,\"height\":638,\"caption\":\"Biosciences\"},\"image\":{\"@id\":\"https:\/\/biosciences.vn\/#\/schema\/logo\/image\/\"}}]}<\/script>\n<!-- \/ Yoast SEO plugin. -->","yoast_head_json":{"title":"Buffer A3 is part of the  NZYMiniprep kit (MB010) (MB20501) - Biosciences","robots":{"index":"index","follow":"follow","max-snippet":"max-snippet:-1","max-image-preview":"max-image-preview:large","max-video-preview":"max-video-preview:-1"},"canonical":"https:\/\/biosciences.vn\/index.php\/product\/buffer-a3-is-part-of-the-nzyminiprep-kit-mb010-1\/","og_locale":"en_US","og_type":"article","og_title":"Buffer A3 is part of the  NZYMiniprep kit (MB010) (MB20501) - Biosciences","og_description":"Unit size: 80 mL B\u1ed9 \u0111\u1ec7m A3 l\u00e0 m\u1ed9t trong nh\u1eefng th\u00e0nh ph\u1ea7n c\u1ee7a b\u1ed9 NZYMiniprep (MB010), \u0111\u01b0\u1ee3c b\u00e1n ri\u00eang \u0111\u1ec3 thu\u1eadn ti\u1ec7n cho b\u1ea1n.","og_url":"https:\/\/biosciences.vn\/index.php\/product\/buffer-a3-is-part-of-the-nzyminiprep-kit-mb010-1\/","og_site_name":"Biosciences","article_modified_time":"2025-08-28T07:55:09+00:00","og_image":[{"width":700,"height":700,"url":"https:\/\/biosciences.vn\/wp-content\/uploads\/2024\/10\/NZYtech-.jpg","type":"image\/jpeg"}],"twitter_card":"summary_large_image","schema":{"@context":"https:\/\/schema.org","@graph":[{"@type":"WebPage","@id":"https:\/\/biosciences.vn\/index.php\/product\/buffer-a3-is-part-of-the-nzyminiprep-kit-mb010-1\/","url":"https:\/\/biosciences.vn\/index.php\/product\/buffer-a3-is-part-of-the-nzyminiprep-kit-mb010-1\/","name":"Buffer A3 is part of the NZYMiniprep kit (MB010) (MB20501) - Biosciences","isPartOf":{"@id":"https:\/\/biosciences.vn\/#website"},"primaryImageOfPage":{"@id":"https:\/\/biosciences.vn\/index.php\/product\/buffer-a3-is-part-of-the-nzyminiprep-kit-mb010-1\/#primaryimage"},"image":{"@id":"https:\/\/biosciences.vn\/index.php\/product\/buffer-a3-is-part-of-the-nzyminiprep-kit-mb010-1\/#primaryimage"},"thumbnailUrl":"https:\/\/biosciences.vn\/wp-content\/uploads\/2024\/10\/NZYtech-.jpg","datePublished":"2024-10-31T06:58:11+00:00","dateModified":"2025-08-28T07:55:09+00:00","breadcrumb":{"@id":"https:\/\/biosciences.vn\/index.php\/product\/buffer-a3-is-part-of-the-nzyminiprep-kit-mb010-1\/#breadcrumb"},"inLanguage":"en-US","potentialAction":[{"@type":"ReadAction","target":["https:\/\/biosciences.vn\/index.php\/product\/buffer-a3-is-part-of-the-nzyminiprep-kit-mb010-1\/"]}]},{"@type":"ImageObject","inLanguage":"en-US","@id":"https:\/\/biosciences.vn\/index.php\/product\/buffer-a3-is-part-of-the-nzyminiprep-kit-mb010-1\/#primaryimage","url":"https:\/\/biosciences.vn\/wp-content\/uploads\/2024\/10\/NZYtech-.jpg","contentUrl":"https:\/\/biosciences.vn\/wp-content\/uploads\/2024\/10\/NZYtech-.jpg","width":700,"height":700},{"@type":"BreadcrumbList","@id":"https:\/\/biosciences.vn\/index.php\/product\/buffer-a3-is-part-of-the-nzyminiprep-kit-mb010-1\/#breadcrumb","itemListElement":[{"@type":"ListItem","position":1,"name":"Trang ch\u1ee7","item":"https:\/\/biosciences.vn\/index.php\/en\/home\/"},{"@type":"ListItem","position":2,"name":"Shop","item":"https:\/\/biosciences.vn\/index.php\/shop\/"},{"@type":"ListItem","position":3,"name":"Buffer A3 is part of the NZYMiniprep kit (MB010) (MB20501)"}]},{"@type":"WebSite","@id":"https:\/\/biosciences.vn\/#website","url":"https:\/\/biosciences.vn\/","name":"Biosciences","description":"","publisher":{"@id":"https:\/\/biosciences.vn\/#organization"},"potentialAction":[{"@type":"SearchAction","target":{"@type":"EntryPoint","urlTemplate":"https:\/\/biosciences.vn\/?s={search_term_string}"},"query-input":{"@type":"PropertyValueSpecification","valueRequired":true,"valueName":"search_term_string"}}],"inLanguage":"en-US"},{"@type":"Organization","@id":"https:\/\/biosciences.vn\/#organization","name":"Biosciences","url":"https:\/\/biosciences.vn\/","logo":{"@type":"ImageObject","inLanguage":"en-US","@id":"https:\/\/biosciences.vn\/#\/schema\/logo\/image\/","url":"https:\/\/biosciences.vn\/wp-content\/uploads\/2024\/04\/LOGO-BIOSCIENCES-PNG.png","contentUrl":"https:\/\/biosciences.vn\/wp-content\/uploads\/2024\/04\/LOGO-BIOSCIENCES-PNG.png","width":2536,"height":638,"caption":"Biosciences"},"image":{"@id":"https:\/\/biosciences.vn\/#\/schema\/logo\/image\/"}}]}},"brands":[{"id":933,"name":"NZYtech","slug":"nzytech"}],"_links":{"self":[{"href":"https:\/\/biosciences.vn\/index.php\/wp-json\/wp\/v2\/product\/6457"}],"collection":[{"href":"https:\/\/biosciences.vn\/index.php\/wp-json\/wp\/v2\/product"}],"about":[{"href":"https:\/\/biosciences.vn\/index.php\/wp-json\/wp\/v2\/types\/product"}],"replies":[{"embeddable":true,"href":"https:\/\/biosciences.vn\/index.php\/wp-json\/wp\/v2\/comments?post=6457"}],"wp:featuredmedia":[{"embeddable":true,"href":"https:\/\/biosciences.vn\/index.php\/wp-json\/wp\/v2\/media\/6394"}],"wp:attachment":[{"href":"https:\/\/biosciences.vn\/index.php\/wp-json\/wp\/v2\/media?parent=6457"}],"wp:term":[{"taxonomy":"pwb-brand","embeddable":true,"href":"https:\/\/biosciences.vn\/index.php\/wp-json\/wp\/v2\/pwb-brand?post=6457"},{"taxonomy":"product_cat","embeddable":true,"href":"https:\/\/biosciences.vn\/index.php\/wp-json\/wp\/v2\/product_cat?post=6457"},{"taxonomy":"product_tag","embeddable":true,"href":"https:\/\/biosciences.vn\/index.php\/wp-json\/wp\/v2\/product_tag?post=6457"}],"curies":[{"name":"wp","href":"https:\/\/api.w.org\/{rel}","templated":true}]}}